{"id":30327,"date":"2022-11-16T14:49:02","date_gmt":"2022-11-16T12:49:02","guid":{"rendered":"https:\/\/www.laomeister.com\/?post_type=product&#038;p=30327"},"modified":"2022-11-16T14:54:10","modified_gmt":"2022-11-16T12:54:10","slug":"elektriline-virnastaja-sies141-3300-3300-mm-1400kg","status":"publish","type":"product","link":"https:\/\/www.laomeister.com\/ru\/toode\/elektriline-virnastaja-sies141-3300-3300-mm-1400kg\/","title":{"rendered":"Elektriline virnastaja SIES141-3300, 3300 mm, 1400kg"},"content":{"rendered":"","protected":false},"excerpt":{"rendered":"<table>\n<tbody>\n<tr>\n<th>Load center<\/th>\n<td>600<\/td>\n<\/tr>\n<tr>\n<th>Ground clearance<\/th>\n<td>25<\/td>\n<\/tr>\n<tr>\n<th>Outer fork width<\/th>\n<td>750<\/td>\n<\/tr>\n<tr>\n<th>Weight (kg)<\/th>\n<td>770<\/td>\n<\/tr>\n<tr>\n<th>Wheel type<\/th>\n<td>PU\/PU<\/td>\n<\/tr>\n<tr>\n<th>Steering wheel<\/th>\n<td>\u00d8250&#215;102<\/td>\n<\/tr>\n<tr>\n<th>Fork wheel<\/th>\n<td>\u00d885&#215;95<\/td>\n<\/tr>\n<tr>\n<th>Balance wheel<\/th>\n<td>\u00d8130&#215;55<\/td>\n<\/tr>\n<tr>\n<th>Wheels (x=driving wheel)<\/th>\n<td>1x+1\/2<\/td>\n<\/tr>\n<tr>\n<th>Turning radius<\/th>\n<td>1788<\/td>\n<\/tr>\n<tr>\n<th>Travel speed, load\/no load<\/th>\n<td>5,0 &#8211; 5,5<\/td>\n<\/tr>\n<tr>\n<th>Lowering speed, load\/no load<\/th>\n<td>21 &#8211; 21<\/td>\n<\/tr>\n<tr>\n<th>Lift motor (kW)<\/th>\n<td>2,2<\/td>\n<\/tr>\n<tr>\n<th>Lifting height<\/th>\n<td>3300<\/td>\n<\/tr>\n<tr>\n<th>Steering system<\/th>\n<td>CURTIS<\/td>\n<\/tr>\n<tr>\n<th>Fork dimensions (LxWxH)<\/th>\n<td>1150x600x170<\/td>\n<\/tr>\n<tr>\n<th>Battery (V\/Ah)<\/th>\n<td>48\/65<\/td>\n<\/tr>\n<tr>\n<th>Battery type<\/th>\n<td>Maintenance free<\/td>\n<\/tr>\n<tr>\n<th>Brakes<\/th>\n<td>Electromagnetic<\/td>\n<\/tr>\n<tr>\n<th>Height with mast in highest position<\/th>\n<td>3725<\/td>\n<\/tr>\n<tr>\n<th>Lifting speed (cm\/s)<\/th>\n<td>10 &#8211; 18<\/td>\n<\/tr>\n<tr>\n<th>Aisle width with 800&#215;1200 pallet<\/th>\n<td>2103<\/td>\n<\/tr>\n<tr>\n<th>Capacity (kg)<\/th>\n<td>1400<\/td>\n<\/tr>\n<tr>\n<th>Dimensions (LxWxH)<\/th>\n<td>1724x800x2110<\/td>\n<\/tr>\n<\/tbody>\n<\/table>\n","protected":false},"featured_media":30331,"template":"","meta":[],"product_brand":[],"product_cat":[335,449],"product_tag":[],"class_list":{"0":"post-30327","1":"product","2":"type-product","3":"status-publish","4":"has-post-thumbnail","6":"product_cat-335","7":"product_cat-449","9":"first","10":"instock","11":"taxable","12":"shipping-taxable","13":"purchasable","14":"product-type-simple"},"yoast_head":"<!-- This site is optimized with the Yoast SEO plugin v27.3 - https:\/\/yoast.com\/product\/yoast-seo-wordpress\/ -->\n<title>Elektriline virnastaja SIES141-3300, 3300 mm, 1400kg - Balti Laomeister<\/title>\n<meta name=\"robots\" content=\"index, follow, max-snippet:-1, max-image-preview:large, max-video-preview:-1\" \/>\n<link rel=\"canonical\" href=\"https:\/\/www.laomeister.com\/ru\/toode\/elektriline-virnastaja-sies141-3300-3300-mm-1400kg\/\" \/>\n<meta property=\"og:locale\" content=\"ru_RU\" \/>\n<meta property=\"og:type\" content=\"article\" \/>\n<meta property=\"og:title\" content=\"Elektriline virnastaja SIES141-3300, 3300 mm, 1400kg - Balti Laomeister\" \/>\n<meta property=\"og:description\" content=\"Load center 600   Ground clearance 25   Outer fork width 750   Weight (kg) 770   Wheel type PU\/PU   Steering wheel \u00d8250x102   Fork wheel \u00d885x95   Balance wheel \u00d8130x55   Wheels (x=driving wheel) 1x+1\/2   Turning radius 1788   Travel speed, load\/no load 5,0 - 5,5   Lowering speed, load\/no load 21 - 21   Lift motor (kW) 2,2   Lifting height 3300   Steering system CURTIS   Fork dimensions (LxWxH) 1150x600x170   Battery (V\/Ah) 48\/65   Battery type Maintenance free   Brakes Electromagnetic   Height with mast in highest position 3725   Lifting speed (cm\/s) 10 - 18   Aisle width with 800x1200 pallet 2103   Capacity (kg) 1400   Dimensions (LxWxH) 1724x800x2110\" \/>\n<meta property=\"og:url\" content=\"https:\/\/www.laomeister.com\/ru\/toode\/elektriline-virnastaja-sies141-3300-3300-mm-1400kg\/\" \/>\n<meta property=\"og:site_name\" content=\"Balti Laomeister\" \/>\n<meta property=\"article:modified_time\" content=\"2022-11-16T12:54:10+00:00\" \/>\n<meta property=\"og:image\" content=\"https:\/\/www.laomeister.com\/wp-content\/uploads\/2022\/11\/rsb141-silverstone-1-med-logo.jpg\" \/>\n\t<meta property=\"og:image:width\" content=\"1000\" \/>\n\t<meta property=\"og:image:height\" content=\"1137\" \/>\n\t<meta property=\"og:image:type\" content=\"image\/jpeg\" \/>\n<meta name=\"twitter:card\" content=\"summary_large_image\" \/>\n<script type=\"application\/ld+json\" class=\"yoast-schema-graph\">{\"@context\":\"https:\\\/\\\/schema.org\",\"@graph\":[{\"@type\":\"WebPage\",\"@id\":\"https:\\\/\\\/www.laomeister.com\\\/ru\\\/toode\\\/elektriline-virnastaja-sies141-3300-3300-mm-1400kg\\\/\",\"url\":\"https:\\\/\\\/www.laomeister.com\\\/ru\\\/toode\\\/elektriline-virnastaja-sies141-3300-3300-mm-1400kg\\\/\",\"name\":\"Elektriline virnastaja SIES141-3300, 3300 mm, 1400kg - Balti Laomeister\",\"isPartOf\":{\"@id\":\"https:\\\/\\\/www.laomeister.com\\\/ru\\\/#website\"},\"primaryImageOfPage\":{\"@id\":\"https:\\\/\\\/www.laomeister.com\\\/ru\\\/toode\\\/elektriline-virnastaja-sies141-3300-3300-mm-1400kg\\\/#primaryimage\"},\"image\":{\"@id\":\"https:\\\/\\\/www.laomeister.com\\\/ru\\\/toode\\\/elektriline-virnastaja-sies141-3300-3300-mm-1400kg\\\/#primaryimage\"},\"thumbnailUrl\":\"https:\\\/\\\/www.laomeister.com\\\/wp-content\\\/uploads\\\/2022\\\/11\\\/rsb141-silverstone-1-med-logo.jpg\",\"datePublished\":\"2022-11-16T12:49:02+00:00\",\"dateModified\":\"2022-11-16T12:54:10+00:00\",\"breadcrumb\":{\"@id\":\"https:\\\/\\\/www.laomeister.com\\\/ru\\\/toode\\\/elektriline-virnastaja-sies141-3300-3300-mm-1400kg\\\/#breadcrumb\"},\"inLanguage\":\"ru-RU\",\"potentialAction\":[{\"@type\":\"ReadAction\",\"target\":[\"https:\\\/\\\/www.laomeister.com\\\/ru\\\/toode\\\/elektriline-virnastaja-sies141-3300-3300-mm-1400kg\\\/\"]}]},{\"@type\":\"ImageObject\",\"inLanguage\":\"ru-RU\",\"@id\":\"https:\\\/\\\/www.laomeister.com\\\/ru\\\/toode\\\/elektriline-virnastaja-sies141-3300-3300-mm-1400kg\\\/#primaryimage\",\"url\":\"https:\\\/\\\/www.laomeister.com\\\/wp-content\\\/uploads\\\/2022\\\/11\\\/rsb141-silverstone-1-med-logo.jpg\",\"contentUrl\":\"https:\\\/\\\/www.laomeister.com\\\/wp-content\\\/uploads\\\/2022\\\/11\\\/rsb141-silverstone-1-med-logo.jpg\",\"width\":1000,\"height\":1137},{\"@type\":\"BreadcrumbList\",\"@id\":\"https:\\\/\\\/www.laomeister.com\\\/ru\\\/toode\\\/elektriline-virnastaja-sies141-3300-3300-mm-1400kg\\\/#breadcrumb\",\"itemListElement\":[{\"@type\":\"ListItem\",\"position\":1,\"name\":\"Home\",\"item\":\"https:\\\/\\\/www.laomeister.com\\\/ru\\\/\"},{\"@type\":\"ListItem\",\"position\":2,\"name\":\"\u041f\u0440\u043e\u0434\u0443\u043a\u0442\u044b\",\"item\":\"https:\\\/\\\/www.laomeister.com\\\/ru\\\/%d0%bc%d0%b0%d0%b3%d0%b0%d0%b7%d0%b8%d0%bd\\\/\"},{\"@type\":\"ListItem\",\"position\":3,\"name\":\"Elektriline virnastaja SIES141-3300, 3300 mm, 1400kg\"}]},{\"@type\":\"WebSite\",\"@id\":\"https:\\\/\\\/www.laomeister.com\\\/ru\\\/#website\",\"url\":\"https:\\\/\\\/www.laomeister.com\\\/ru\\\/\",\"name\":\"Balti Laomeister\",\"description\":\"Laoriiulid - m&uuml;&uuml;k ja paigaldus\",\"potentialAction\":[{\"@type\":\"SearchAction\",\"target\":{\"@type\":\"EntryPoint\",\"urlTemplate\":\"https:\\\/\\\/www.laomeister.com\\\/ru\\\/?s={search_term_string}\"},\"query-input\":{\"@type\":\"PropertyValueSpecification\",\"valueRequired\":true,\"valueName\":\"search_term_string\"}}],\"inLanguage\":\"ru-RU\"}]}<\/script>\n<!-- \/ Yoast SEO plugin. -->","yoast_head_json":{"title":"Elektriline virnastaja SIES141-3300, 3300 mm, 1400kg - Balti Laomeister","robots":{"index":"index","follow":"follow","max-snippet":"max-snippet:-1","max-image-preview":"max-image-preview:large","max-video-preview":"max-video-preview:-1"},"canonical":"https:\/\/www.laomeister.com\/ru\/toode\/elektriline-virnastaja-sies141-3300-3300-mm-1400kg\/","og_locale":"ru_RU","og_type":"article","og_title":"Elektriline virnastaja SIES141-3300, 3300 mm, 1400kg - Balti Laomeister","og_description":"Load center 600   Ground clearance 25   Outer fork width 750   Weight (kg) 770   Wheel type PU\/PU   Steering wheel \u00d8250x102   Fork wheel \u00d885x95   Balance wheel \u00d8130x55   Wheels (x=driving wheel) 1x+1\/2   Turning radius 1788   Travel speed, load\/no load 5,0 - 5,5   Lowering speed, load\/no load 21 - 21   Lift motor (kW) 2,2   Lifting height 3300   Steering system CURTIS   Fork dimensions (LxWxH) 1150x600x170   Battery (V\/Ah) 48\/65   Battery type Maintenance free   Brakes Electromagnetic   Height with mast in highest position 3725   Lifting speed (cm\/s) 10 - 18   Aisle width with 800x1200 pallet 2103   Capacity (kg) 1400   Dimensions (LxWxH) 1724x800x2110","og_url":"https:\/\/www.laomeister.com\/ru\/toode\/elektriline-virnastaja-sies141-3300-3300-mm-1400kg\/","og_site_name":"Balti Laomeister","article_modified_time":"2022-11-16T12:54:10+00:00","og_image":[{"width":1000,"height":1137,"url":"https:\/\/www.laomeister.com\/wp-content\/uploads\/2022\/11\/rsb141-silverstone-1-med-logo.jpg","type":"image\/jpeg"}],"twitter_card":"summary_large_image","schema":{"@context":"https:\/\/schema.org","@graph":[{"@type":"WebPage","@id":"https:\/\/www.laomeister.com\/ru\/toode\/elektriline-virnastaja-sies141-3300-3300-mm-1400kg\/","url":"https:\/\/www.laomeister.com\/ru\/toode\/elektriline-virnastaja-sies141-3300-3300-mm-1400kg\/","name":"Elektriline virnastaja SIES141-3300, 3300 mm, 1400kg - Balti Laomeister","isPartOf":{"@id":"https:\/\/www.laomeister.com\/ru\/#website"},"primaryImageOfPage":{"@id":"https:\/\/www.laomeister.com\/ru\/toode\/elektriline-virnastaja-sies141-3300-3300-mm-1400kg\/#primaryimage"},"image":{"@id":"https:\/\/www.laomeister.com\/ru\/toode\/elektriline-virnastaja-sies141-3300-3300-mm-1400kg\/#primaryimage"},"thumbnailUrl":"https:\/\/www.laomeister.com\/wp-content\/uploads\/2022\/11\/rsb141-silverstone-1-med-logo.jpg","datePublished":"2022-11-16T12:49:02+00:00","dateModified":"2022-11-16T12:54:10+00:00","breadcrumb":{"@id":"https:\/\/www.laomeister.com\/ru\/toode\/elektriline-virnastaja-sies141-3300-3300-mm-1400kg\/#breadcrumb"},"inLanguage":"ru-RU","potentialAction":[{"@type":"ReadAction","target":["https:\/\/www.laomeister.com\/ru\/toode\/elektriline-virnastaja-sies141-3300-3300-mm-1400kg\/"]}]},{"@type":"ImageObject","inLanguage":"ru-RU","@id":"https:\/\/www.laomeister.com\/ru\/toode\/elektriline-virnastaja-sies141-3300-3300-mm-1400kg\/#primaryimage","url":"https:\/\/www.laomeister.com\/wp-content\/uploads\/2022\/11\/rsb141-silverstone-1-med-logo.jpg","contentUrl":"https:\/\/www.laomeister.com\/wp-content\/uploads\/2022\/11\/rsb141-silverstone-1-med-logo.jpg","width":1000,"height":1137},{"@type":"BreadcrumbList","@id":"https:\/\/www.laomeister.com\/ru\/toode\/elektriline-virnastaja-sies141-3300-3300-mm-1400kg\/#breadcrumb","itemListElement":[{"@type":"ListItem","position":1,"name":"Home","item":"https:\/\/www.laomeister.com\/ru\/"},{"@type":"ListItem","position":2,"name":"\u041f\u0440\u043e\u0434\u0443\u043a\u0442\u044b","item":"https:\/\/www.laomeister.com\/ru\/%d0%bc%d0%b0%d0%b3%d0%b0%d0%b7%d0%b8%d0%bd\/"},{"@type":"ListItem","position":3,"name":"Elektriline virnastaja SIES141-3300, 3300 mm, 1400kg"}]},{"@type":"WebSite","@id":"https:\/\/www.laomeister.com\/ru\/#website","url":"https:\/\/www.laomeister.com\/ru\/","name":"Balti Laomeister","description":"Laoriiulid - m&uuml;&uuml;k ja paigaldus","potentialAction":[{"@type":"SearchAction","target":{"@type":"EntryPoint","urlTemplate":"https:\/\/www.laomeister.com\/ru\/?s={search_term_string}"},"query-input":{"@type":"PropertyValueSpecification","valueRequired":true,"valueName":"search_term_string"}}],"inLanguage":"ru-RU"}]}},"_links":{"self":[{"href":"https:\/\/www.laomeister.com\/ru\/wp-json\/wp\/v2\/product\/30327","targetHints":{"allow":["GET"]}}],"collection":[{"href":"https:\/\/www.laomeister.com\/ru\/wp-json\/wp\/v2\/product"}],"about":[{"href":"https:\/\/www.laomeister.com\/ru\/wp-json\/wp\/v2\/types\/product"}],"wp:featuredmedia":[{"embeddable":true,"href":"https:\/\/www.laomeister.com\/ru\/wp-json\/wp\/v2\/media\/30331"}],"wp:attachment":[{"href":"https:\/\/www.laomeister.com\/ru\/wp-json\/wp\/v2\/media?parent=30327"}],"wp:term":[{"taxonomy":"product_brand","embeddable":true,"href":"https:\/\/www.laomeister.com\/ru\/wp-json\/wp\/v2\/product_brand?post=30327"},{"taxonomy":"product_cat","embeddable":true,"href":"https:\/\/www.laomeister.com\/ru\/wp-json\/wp\/v2\/product_cat?post=30327"},{"taxonomy":"product_tag","embeddable":true,"href":"https:\/\/www.laomeister.com\/ru\/wp-json\/wp\/v2\/product_tag?post=30327"}],"curies":[{"name":"wp","href":"https:\/\/api.w.org\/{rel}","templated":true}]}}