{"id":27355,"date":"2022-02-08T12:34:43","date_gmt":"2022-02-08T10:34:43","guid":{"rendered":"https:\/\/www.laomeister.com\/?post_type=product&#038;p=27355"},"modified":"2022-02-08T12:41:10","modified_gmt":"2022-02-08T10:41:10","slug":"platvormkaru-1200x700x1000mm-500kg-kokm731-5b-2","status":"publish","type":"product","link":"https:\/\/www.laomeister.com\/ru\/toode\/platvormkaru-1200x700x1000mm-500kg-kokm731-5b-2\/","title":{"rendered":"Platvormk\u00e4ru 1200x700x1000mm, 500kg, KOKM731-5B"},"content":{"rendered":"","protected":false},"excerpt":{"rendered":"<ul>\n<li>Lihtsasti man\u00f6\u00f6verdav punane platvormk\u00e4ru<\/li>\n<li>V\u00f5imalik lisadena juurde osta teine otsa ja nende vahele lisariiul. Saadaval erinevates m\u00f5\u00f5tudes nii piduritega kui ka ilma.<\/li>\n<li>pulberv\u00e4rvitud, laminaadist platvormiga<\/li>\n<li>platvormi k\u00f5rgus maast 260 mm.<\/li>\n<li>K\u00e4ru sobib kasutamiseks nii sise- kui v\u00e4listingimustes.<\/li>\n<li>K\u00e4rul on kaks fikseeritud ja kaks p\u00f6\u00f6rlevat t\u00f6iskummist piduritega ratast 200&#215;50 mm<\/li>\n<li>K\u00e4ru v\u00e4lism\u00f5\u00f5dud on H x L x P (mm) 1200x700x1000.<\/li>\n<li>Kandej\u00f5ud 500 kg.<\/li>\n<li>Kaal on 31 kg.<\/li>\n<\/ul>\n","protected":false},"featured_media":20817,"template":"","meta":[],"product_brand":[],"product_cat":[242,267,586],"product_tag":[],"class_list":{"0":"post-27355","1":"product","2":"type-product","3":"status-publish","4":"has-post-thumbnail","6":"product_cat-karud-ru","7":"product_cat-267","8":"product_cat-seeria-700-ru","10":"first","11":"instock","12":"taxable","13":"shipping-taxable","14":"purchasable","15":"product-type-simple"},"yoast_head":"<!-- This site is optimized with the Yoast SEO plugin v27.3 - https:\/\/yoast.com\/product\/yoast-seo-wordpress\/ -->\n<title>Platvormk\u00e4ru 1200x700x1000mm, 500kg, KOKM731-5B - Balti Laomeister<\/title>\n<meta name=\"description\" content=\"Professionaalne komplekteerimisk\u00e4ru noppimiseks 1300 x 625 x 1200mm\" \/>\n<meta name=\"robots\" content=\"index, follow, max-snippet:-1, max-image-preview:large, max-video-preview:-1\" \/>\n<link rel=\"canonical\" href=\"https:\/\/www.laomeister.com\/ru\/toode\/platvormkaru-1200x700x1000mm-500kg-kokm731-5b-2\/\" \/>\n<meta property=\"og:locale\" content=\"ru_RU\" \/>\n<meta property=\"og:type\" content=\"article\" \/>\n<meta property=\"og:title\" content=\"Platvormk\u00e4ru 1200x700x1000mm, 500kg, KOKM731-5B - Balti Laomeister\" \/>\n<meta property=\"og:description\" content=\"Professionaalne komplekteerimisk\u00e4ru noppimiseks 1300 x 625 x 1200mm\" \/>\n<meta property=\"og:url\" content=\"https:\/\/www.laomeister.com\/ru\/toode\/platvormkaru-1200x700x1000mm-500kg-kokm731-5b-2\/\" \/>\n<meta property=\"og:site_name\" content=\"Balti Laomeister\" \/>\n<meta property=\"article:modified_time\" content=\"2022-02-08T10:41:10+00:00\" \/>\n<meta property=\"og:image\" content=\"https:\/\/www.laomeister.com\/wp-content\/uploads\/2021\/06\/KM731-4_C_1024x768.png\" \/>\n\t<meta property=\"og:image:width\" content=\"783\" \/>\n\t<meta property=\"og:image:height\" content=\"768\" \/>\n\t<meta property=\"og:image:type\" content=\"image\/png\" \/>\n<meta name=\"twitter:card\" content=\"summary_large_image\" \/>\n<script type=\"application\/ld+json\" class=\"yoast-schema-graph\">{\"@context\":\"https:\\\/\\\/schema.org\",\"@graph\":[{\"@type\":\"WebPage\",\"@id\":\"https:\\\/\\\/www.laomeister.com\\\/ru\\\/toode\\\/platvormkaru-1200x700x1000mm-500kg-kokm731-5b-2\\\/\",\"url\":\"https:\\\/\\\/www.laomeister.com\\\/ru\\\/toode\\\/platvormkaru-1200x700x1000mm-500kg-kokm731-5b-2\\\/\",\"name\":\"Platvormk\u00e4ru 1200x700x1000mm, 500kg, KOKM731-5B - Balti Laomeister\",\"isPartOf\":{\"@id\":\"https:\\\/\\\/www.laomeister.com\\\/ru\\\/#website\"},\"primaryImageOfPage\":{\"@id\":\"https:\\\/\\\/www.laomeister.com\\\/ru\\\/toode\\\/platvormkaru-1200x700x1000mm-500kg-kokm731-5b-2\\\/#primaryimage\"},\"image\":{\"@id\":\"https:\\\/\\\/www.laomeister.com\\\/ru\\\/toode\\\/platvormkaru-1200x700x1000mm-500kg-kokm731-5b-2\\\/#primaryimage\"},\"thumbnailUrl\":\"https:\\\/\\\/www.laomeister.com\\\/wp-content\\\/uploads\\\/2021\\\/06\\\/KM731-4_C_1024x768.png\",\"datePublished\":\"2022-02-08T10:34:43+00:00\",\"dateModified\":\"2022-02-08T10:41:10+00:00\",\"description\":\"Professionaalne komplekteerimisk\u00e4ru noppimiseks 1300 x 625 x 1200mm\",\"breadcrumb\":{\"@id\":\"https:\\\/\\\/www.laomeister.com\\\/ru\\\/toode\\\/platvormkaru-1200x700x1000mm-500kg-kokm731-5b-2\\\/#breadcrumb\"},\"inLanguage\":\"ru-RU\",\"potentialAction\":[{\"@type\":\"ReadAction\",\"target\":[\"https:\\\/\\\/www.laomeister.com\\\/ru\\\/toode\\\/platvormkaru-1200x700x1000mm-500kg-kokm731-5b-2\\\/\"]}]},{\"@type\":\"ImageObject\",\"inLanguage\":\"ru-RU\",\"@id\":\"https:\\\/\\\/www.laomeister.com\\\/ru\\\/toode\\\/platvormkaru-1200x700x1000mm-500kg-kokm731-5b-2\\\/#primaryimage\",\"url\":\"https:\\\/\\\/www.laomeister.com\\\/wp-content\\\/uploads\\\/2021\\\/06\\\/KM731-4_C_1024x768.png\",\"contentUrl\":\"https:\\\/\\\/www.laomeister.com\\\/wp-content\\\/uploads\\\/2021\\\/06\\\/KM731-4_C_1024x768.png\",\"width\":783,\"height\":768},{\"@type\":\"BreadcrumbList\",\"@id\":\"https:\\\/\\\/www.laomeister.com\\\/ru\\\/toode\\\/platvormkaru-1200x700x1000mm-500kg-kokm731-5b-2\\\/#breadcrumb\",\"itemListElement\":[{\"@type\":\"ListItem\",\"position\":1,\"name\":\"Home\",\"item\":\"https:\\\/\\\/www.laomeister.com\\\/ru\\\/\"},{\"@type\":\"ListItem\",\"position\":2,\"name\":\"\u041f\u0440\u043e\u0434\u0443\u043a\u0442\u044b\",\"item\":\"https:\\\/\\\/www.laomeister.com\\\/ru\\\/%d0%bc%d0%b0%d0%b3%d0%b0%d0%b7%d0%b8%d0%bd\\\/\"},{\"@type\":\"ListItem\",\"position\":3,\"name\":\"Platvormk\u00e4ru 1200x700x1000mm, 500kg, KOKM731-5B\"}]},{\"@type\":\"WebSite\",\"@id\":\"https:\\\/\\\/www.laomeister.com\\\/ru\\\/#website\",\"url\":\"https:\\\/\\\/www.laomeister.com\\\/ru\\\/\",\"name\":\"Balti Laomeister\",\"description\":\"Laoriiulid - m&uuml;&uuml;k ja paigaldus\",\"potentialAction\":[{\"@type\":\"SearchAction\",\"target\":{\"@type\":\"EntryPoint\",\"urlTemplate\":\"https:\\\/\\\/www.laomeister.com\\\/ru\\\/?s={search_term_string}\"},\"query-input\":{\"@type\":\"PropertyValueSpecification\",\"valueRequired\":true,\"valueName\":\"search_term_string\"}}],\"inLanguage\":\"ru-RU\"}]}<\/script>\n<!-- \/ Yoast SEO plugin. -->","yoast_head_json":{"title":"Platvormk\u00e4ru 1200x700x1000mm, 500kg, KOKM731-5B - Balti Laomeister","description":"Professionaalne komplekteerimisk\u00e4ru noppimiseks 1300 x 625 x 1200mm","robots":{"index":"index","follow":"follow","max-snippet":"max-snippet:-1","max-image-preview":"max-image-preview:large","max-video-preview":"max-video-preview:-1"},"canonical":"https:\/\/www.laomeister.com\/ru\/toode\/platvormkaru-1200x700x1000mm-500kg-kokm731-5b-2\/","og_locale":"ru_RU","og_type":"article","og_title":"Platvormk\u00e4ru 1200x700x1000mm, 500kg, KOKM731-5B - Balti Laomeister","og_description":"Professionaalne komplekteerimisk\u00e4ru noppimiseks 1300 x 625 x 1200mm","og_url":"https:\/\/www.laomeister.com\/ru\/toode\/platvormkaru-1200x700x1000mm-500kg-kokm731-5b-2\/","og_site_name":"Balti Laomeister","article_modified_time":"2022-02-08T10:41:10+00:00","og_image":[{"width":783,"height":768,"url":"https:\/\/www.laomeister.com\/wp-content\/uploads\/2021\/06\/KM731-4_C_1024x768.png","type":"image\/png"}],"twitter_card":"summary_large_image","schema":{"@context":"https:\/\/schema.org","@graph":[{"@type":"WebPage","@id":"https:\/\/www.laomeister.com\/ru\/toode\/platvormkaru-1200x700x1000mm-500kg-kokm731-5b-2\/","url":"https:\/\/www.laomeister.com\/ru\/toode\/platvormkaru-1200x700x1000mm-500kg-kokm731-5b-2\/","name":"Platvormk\u00e4ru 1200x700x1000mm, 500kg, KOKM731-5B - Balti Laomeister","isPartOf":{"@id":"https:\/\/www.laomeister.com\/ru\/#website"},"primaryImageOfPage":{"@id":"https:\/\/www.laomeister.com\/ru\/toode\/platvormkaru-1200x700x1000mm-500kg-kokm731-5b-2\/#primaryimage"},"image":{"@id":"https:\/\/www.laomeister.com\/ru\/toode\/platvormkaru-1200x700x1000mm-500kg-kokm731-5b-2\/#primaryimage"},"thumbnailUrl":"https:\/\/www.laomeister.com\/wp-content\/uploads\/2021\/06\/KM731-4_C_1024x768.png","datePublished":"2022-02-08T10:34:43+00:00","dateModified":"2022-02-08T10:41:10+00:00","description":"Professionaalne komplekteerimisk\u00e4ru noppimiseks 1300 x 625 x 1200mm","breadcrumb":{"@id":"https:\/\/www.laomeister.com\/ru\/toode\/platvormkaru-1200x700x1000mm-500kg-kokm731-5b-2\/#breadcrumb"},"inLanguage":"ru-RU","potentialAction":[{"@type":"ReadAction","target":["https:\/\/www.laomeister.com\/ru\/toode\/platvormkaru-1200x700x1000mm-500kg-kokm731-5b-2\/"]}]},{"@type":"ImageObject","inLanguage":"ru-RU","@id":"https:\/\/www.laomeister.com\/ru\/toode\/platvormkaru-1200x700x1000mm-500kg-kokm731-5b-2\/#primaryimage","url":"https:\/\/www.laomeister.com\/wp-content\/uploads\/2021\/06\/KM731-4_C_1024x768.png","contentUrl":"https:\/\/www.laomeister.com\/wp-content\/uploads\/2021\/06\/KM731-4_C_1024x768.png","width":783,"height":768},{"@type":"BreadcrumbList","@id":"https:\/\/www.laomeister.com\/ru\/toode\/platvormkaru-1200x700x1000mm-500kg-kokm731-5b-2\/#breadcrumb","itemListElement":[{"@type":"ListItem","position":1,"name":"Home","item":"https:\/\/www.laomeister.com\/ru\/"},{"@type":"ListItem","position":2,"name":"\u041f\u0440\u043e\u0434\u0443\u043a\u0442\u044b","item":"https:\/\/www.laomeister.com\/ru\/%d0%bc%d0%b0%d0%b3%d0%b0%d0%b7%d0%b8%d0%bd\/"},{"@type":"ListItem","position":3,"name":"Platvormk\u00e4ru 1200x700x1000mm, 500kg, KOKM731-5B"}]},{"@type":"WebSite","@id":"https:\/\/www.laomeister.com\/ru\/#website","url":"https:\/\/www.laomeister.com\/ru\/","name":"Balti Laomeister","description":"Laoriiulid - m&uuml;&uuml;k ja paigaldus","potentialAction":[{"@type":"SearchAction","target":{"@type":"EntryPoint","urlTemplate":"https:\/\/www.laomeister.com\/ru\/?s={search_term_string}"},"query-input":{"@type":"PropertyValueSpecification","valueRequired":true,"valueName":"search_term_string"}}],"inLanguage":"ru-RU"}]}},"_links":{"self":[{"href":"https:\/\/www.laomeister.com\/ru\/wp-json\/wp\/v2\/product\/27355","targetHints":{"allow":["GET"]}}],"collection":[{"href":"https:\/\/www.laomeister.com\/ru\/wp-json\/wp\/v2\/product"}],"about":[{"href":"https:\/\/www.laomeister.com\/ru\/wp-json\/wp\/v2\/types\/product"}],"wp:featuredmedia":[{"embeddable":true,"href":"https:\/\/www.laomeister.com\/ru\/wp-json\/wp\/v2\/media\/20817"}],"wp:attachment":[{"href":"https:\/\/www.laomeister.com\/ru\/wp-json\/wp\/v2\/media?parent=27355"}],"wp:term":[{"taxonomy":"product_brand","embeddable":true,"href":"https:\/\/www.laomeister.com\/ru\/wp-json\/wp\/v2\/product_brand?post=27355"},{"taxonomy":"product_cat","embeddable":true,"href":"https:\/\/www.laomeister.com\/ru\/wp-json\/wp\/v2\/product_cat?post=27355"},{"taxonomy":"product_tag","embeddable":true,"href":"https:\/\/www.laomeister.com\/ru\/wp-json\/wp\/v2\/product_tag?post=27355"}],"curies":[{"name":"wp","href":"https:\/\/api.w.org\/{rel}","templated":true}]}}