{"id":25817,"date":"2022-01-04T10:30:17","date_gmt":"2022-01-04T08:30:17","guid":{"rendered":"https:\/\/www.laomeister.com\/?post_type=product&#038;p=25817"},"modified":"2022-01-04T10:56:43","modified_gmt":"2022-01-04T08:56:43","slug":"kaarkahveltostuk-1000-kg-1500-mm-kahesilindriline-i43000-kopeeri","status":"publish","type":"product","link":"https:\/\/www.laomeister.com\/ru\/toode\/kaarkahveltostuk-1000-kg-1500-mm-kahesilindriline-i43000-kopeeri\/","title":{"rendered":"K\u00e4\u00e4rkahvelt\u00f5stuk 1000 kg\/1500 mm kahesilindriline, I43000 (kopeeri)"},"content":{"rendered":"","protected":false},"excerpt":{"rendered":"<p>K\u00e4\u00e4rkahvelt\u00f5stuki t\u00f5stev\u00f5ime on 1000 kg.<\/p>\n<ul>\n<li style=\"list-style-type: none;\">\n<ul>\n<li>Minimaalne t\u00f5stek\u00f5rgus 85 mm.<\/li>\n<li>Maksimaalne t\u00f5stek\u00f5rgus 795 mm.<\/li>\n<li>Manuaalne kiirt\u00f5ste.<\/li>\n<li>Kahvli pikkus on 1150 mm ja laius 540 mm.<\/li>\n<li>K\u00e4\u00e4rkahvelt\u00f5stuki kogupikkus on 1540 mm.<\/li>\n<li>Juhtrattad m\u00f5\u00f5tudega 180 x 50 mm kummikattega, terasvelgedega.<\/li>\n<li>Kahvlirattad m\u00f5\u00f5tudega 80 x 50 mm pol\u00fcuretaanist.<\/li>\n<\/ul>\n<\/li>\n<\/ul>\n","protected":false},"featured_media":25768,"template":"","meta":[],"product_brand":[],"product_cat":[543,544,552,545,556,553,554,558,467],"product_tag":[546],"class_list":{"0":"post-25817","1":"product","2":"type-product","3":"status-publish","4":"has-post-thumbnail","6":"product_cat-apparatus-ru","7":"product_cat-elastic-rubber-ru","8":"product_cat-heat-reistsant-ru","9":"product_cat-inox-ru","10":"product_cat-pg-sg-ru","11":"product_cat-polyurethan-ru","12":"product_cat-polyurethan-heavy-duty-ru","13":"product_cat-propylen-polyamide-ru","14":"product_cat-467","15":"product_tag-elastic-rubber-ru","17":"first","18":"instock","19":"taxable","20":"shipping-taxable","21":"purchasable","22":"product-type-simple"},"yoast_head":"<!-- This site is optimized with the Yoast SEO plugin v27.3 - https:\/\/yoast.com\/product\/yoast-seo-wordpress\/ -->\n<title>K\u00e4\u00e4rkahvelt\u00f5stuk 1000 kg\/1500 mm kahesilindriline, I43000 (kopeeri) - Balti Laomeister<\/title>\n<meta name=\"description\" content=\"Kogumisvann on m\u00f5eldud erinevaid anumate ja kemikaalide hoiustamiseks.\" \/>\n<meta name=\"robots\" content=\"index, follow, max-snippet:-1, max-image-preview:large, max-video-preview:-1\" \/>\n<link rel=\"canonical\" href=\"https:\/\/www.laomeister.com\/ru\/toode\/kaarkahveltostuk-1000-kg-1500-mm-kahesilindriline-i43000-kopeeri\/\" \/>\n<meta property=\"og:locale\" content=\"ru_RU\" \/>\n<meta property=\"og:type\" content=\"article\" \/>\n<meta property=\"og:title\" content=\"K\u00e4\u00e4rkahvelt\u00f5stuk 1000 kg\/1500 mm kahesilindriline, I43000 (kopeeri) - Balti Laomeister\" \/>\n<meta property=\"og:description\" content=\"Kogumisvann on m\u00f5eldud erinevaid anumate ja kemikaalide hoiustamiseks.\" \/>\n<meta property=\"og:url\" content=\"https:\/\/www.laomeister.com\/ru\/toode\/kaarkahveltostuk-1000-kg-1500-mm-kahesilindriline-i43000-kopeeri\/\" \/>\n<meta property=\"og:site_name\" content=\"Balti Laomeister\" \/>\n<meta property=\"article:modified_time\" content=\"2022-01-04T08:56:43+00:00\" \/>\n<meta property=\"og:image\" content=\"https:\/\/www.laomeister.com\/wp-content\/uploads\/2021\/12\/1830043000-001_fullsize.jpg\" \/>\n\t<meta property=\"og:image:width\" content=\"1200\" \/>\n\t<meta property=\"og:image:height\" content=\"1002\" \/>\n\t<meta property=\"og:image:type\" content=\"image\/jpeg\" \/>\n<meta name=\"twitter:card\" content=\"summary_large_image\" \/>\n<script type=\"application\/ld+json\" class=\"yoast-schema-graph\">{\"@context\":\"https:\\\/\\\/schema.org\",\"@graph\":[{\"@type\":\"WebPage\",\"@id\":\"https:\\\/\\\/www.laomeister.com\\\/ru\\\/toode\\\/kaarkahveltostuk-1000-kg-1500-mm-kahesilindriline-i43000-kopeeri\\\/\",\"url\":\"https:\\\/\\\/www.laomeister.com\\\/ru\\\/toode\\\/kaarkahveltostuk-1000-kg-1500-mm-kahesilindriline-i43000-kopeeri\\\/\",\"name\":\"K\u00e4\u00e4rkahvelt\u00f5stuk 1000 kg\\\/1500 mm kahesilindriline, I43000 (kopeeri) - Balti Laomeister\",\"isPartOf\":{\"@id\":\"https:\\\/\\\/www.laomeister.com\\\/ru\\\/#website\"},\"primaryImageOfPage\":{\"@id\":\"https:\\\/\\\/www.laomeister.com\\\/ru\\\/toode\\\/kaarkahveltostuk-1000-kg-1500-mm-kahesilindriline-i43000-kopeeri\\\/#primaryimage\"},\"image\":{\"@id\":\"https:\\\/\\\/www.laomeister.com\\\/ru\\\/toode\\\/kaarkahveltostuk-1000-kg-1500-mm-kahesilindriline-i43000-kopeeri\\\/#primaryimage\"},\"thumbnailUrl\":\"https:\\\/\\\/www.laomeister.com\\\/wp-content\\\/uploads\\\/2021\\\/12\\\/1830043000-001_fullsize.jpg\",\"datePublished\":\"2022-01-04T08:30:17+00:00\",\"dateModified\":\"2022-01-04T08:56:43+00:00\",\"description\":\"Kogumisvann on m\u00f5eldud erinevaid anumate ja kemikaalide hoiustamiseks.\",\"breadcrumb\":{\"@id\":\"https:\\\/\\\/www.laomeister.com\\\/ru\\\/toode\\\/kaarkahveltostuk-1000-kg-1500-mm-kahesilindriline-i43000-kopeeri\\\/#breadcrumb\"},\"inLanguage\":\"ru-RU\",\"potentialAction\":[{\"@type\":\"ReadAction\",\"target\":[\"https:\\\/\\\/www.laomeister.com\\\/ru\\\/toode\\\/kaarkahveltostuk-1000-kg-1500-mm-kahesilindriline-i43000-kopeeri\\\/\"]}]},{\"@type\":\"ImageObject\",\"inLanguage\":\"ru-RU\",\"@id\":\"https:\\\/\\\/www.laomeister.com\\\/ru\\\/toode\\\/kaarkahveltostuk-1000-kg-1500-mm-kahesilindriline-i43000-kopeeri\\\/#primaryimage\",\"url\":\"https:\\\/\\\/www.laomeister.com\\\/wp-content\\\/uploads\\\/2021\\\/12\\\/1830043000-001_fullsize.jpg\",\"contentUrl\":\"https:\\\/\\\/www.laomeister.com\\\/wp-content\\\/uploads\\\/2021\\\/12\\\/1830043000-001_fullsize.jpg\",\"width\":1200,\"height\":1002},{\"@type\":\"BreadcrumbList\",\"@id\":\"https:\\\/\\\/www.laomeister.com\\\/ru\\\/toode\\\/kaarkahveltostuk-1000-kg-1500-mm-kahesilindriline-i43000-kopeeri\\\/#breadcrumb\",\"itemListElement\":[{\"@type\":\"ListItem\",\"position\":1,\"name\":\"Home\",\"item\":\"https:\\\/\\\/www.laomeister.com\\\/ru\\\/\"},{\"@type\":\"ListItem\",\"position\":2,\"name\":\"\u041f\u0440\u043e\u0434\u0443\u043a\u0442\u044b\",\"item\":\"https:\\\/\\\/www.laomeister.com\\\/ru\\\/%d0%bc%d0%b0%d0%b3%d0%b0%d0%b7%d0%b8%d0%bd\\\/\"},{\"@type\":\"ListItem\",\"position\":3,\"name\":\"K\u00e4\u00e4rkahvelt\u00f5stuk 1000 kg\\\/1500 mm kahesilindriline, I43000 (kopeeri)\"}]},{\"@type\":\"WebSite\",\"@id\":\"https:\\\/\\\/www.laomeister.com\\\/ru\\\/#website\",\"url\":\"https:\\\/\\\/www.laomeister.com\\\/ru\\\/\",\"name\":\"Balti Laomeister\",\"description\":\"Laoriiulid - m&uuml;&uuml;k ja paigaldus\",\"potentialAction\":[{\"@type\":\"SearchAction\",\"target\":{\"@type\":\"EntryPoint\",\"urlTemplate\":\"https:\\\/\\\/www.laomeister.com\\\/ru\\\/?s={search_term_string}\"},\"query-input\":{\"@type\":\"PropertyValueSpecification\",\"valueRequired\":true,\"valueName\":\"search_term_string\"}}],\"inLanguage\":\"ru-RU\"}]}<\/script>\n<!-- \/ Yoast SEO plugin. -->","yoast_head_json":{"title":"K\u00e4\u00e4rkahvelt\u00f5stuk 1000 kg\/1500 mm kahesilindriline, I43000 (kopeeri) - Balti Laomeister","description":"Kogumisvann on m\u00f5eldud erinevaid anumate ja kemikaalide hoiustamiseks.","robots":{"index":"index","follow":"follow","max-snippet":"max-snippet:-1","max-image-preview":"max-image-preview:large","max-video-preview":"max-video-preview:-1"},"canonical":"https:\/\/www.laomeister.com\/ru\/toode\/kaarkahveltostuk-1000-kg-1500-mm-kahesilindriline-i43000-kopeeri\/","og_locale":"ru_RU","og_type":"article","og_title":"K\u00e4\u00e4rkahvelt\u00f5stuk 1000 kg\/1500 mm kahesilindriline, I43000 (kopeeri) - Balti Laomeister","og_description":"Kogumisvann on m\u00f5eldud erinevaid anumate ja kemikaalide hoiustamiseks.","og_url":"https:\/\/www.laomeister.com\/ru\/toode\/kaarkahveltostuk-1000-kg-1500-mm-kahesilindriline-i43000-kopeeri\/","og_site_name":"Balti Laomeister","article_modified_time":"2022-01-04T08:56:43+00:00","og_image":[{"width":1200,"height":1002,"url":"https:\/\/www.laomeister.com\/wp-content\/uploads\/2021\/12\/1830043000-001_fullsize.jpg","type":"image\/jpeg"}],"twitter_card":"summary_large_image","schema":{"@context":"https:\/\/schema.org","@graph":[{"@type":"WebPage","@id":"https:\/\/www.laomeister.com\/ru\/toode\/kaarkahveltostuk-1000-kg-1500-mm-kahesilindriline-i43000-kopeeri\/","url":"https:\/\/www.laomeister.com\/ru\/toode\/kaarkahveltostuk-1000-kg-1500-mm-kahesilindriline-i43000-kopeeri\/","name":"K\u00e4\u00e4rkahvelt\u00f5stuk 1000 kg\/1500 mm kahesilindriline, I43000 (kopeeri) - Balti Laomeister","isPartOf":{"@id":"https:\/\/www.laomeister.com\/ru\/#website"},"primaryImageOfPage":{"@id":"https:\/\/www.laomeister.com\/ru\/toode\/kaarkahveltostuk-1000-kg-1500-mm-kahesilindriline-i43000-kopeeri\/#primaryimage"},"image":{"@id":"https:\/\/www.laomeister.com\/ru\/toode\/kaarkahveltostuk-1000-kg-1500-mm-kahesilindriline-i43000-kopeeri\/#primaryimage"},"thumbnailUrl":"https:\/\/www.laomeister.com\/wp-content\/uploads\/2021\/12\/1830043000-001_fullsize.jpg","datePublished":"2022-01-04T08:30:17+00:00","dateModified":"2022-01-04T08:56:43+00:00","description":"Kogumisvann on m\u00f5eldud erinevaid anumate ja kemikaalide hoiustamiseks.","breadcrumb":{"@id":"https:\/\/www.laomeister.com\/ru\/toode\/kaarkahveltostuk-1000-kg-1500-mm-kahesilindriline-i43000-kopeeri\/#breadcrumb"},"inLanguage":"ru-RU","potentialAction":[{"@type":"ReadAction","target":["https:\/\/www.laomeister.com\/ru\/toode\/kaarkahveltostuk-1000-kg-1500-mm-kahesilindriline-i43000-kopeeri\/"]}]},{"@type":"ImageObject","inLanguage":"ru-RU","@id":"https:\/\/www.laomeister.com\/ru\/toode\/kaarkahveltostuk-1000-kg-1500-mm-kahesilindriline-i43000-kopeeri\/#primaryimage","url":"https:\/\/www.laomeister.com\/wp-content\/uploads\/2021\/12\/1830043000-001_fullsize.jpg","contentUrl":"https:\/\/www.laomeister.com\/wp-content\/uploads\/2021\/12\/1830043000-001_fullsize.jpg","width":1200,"height":1002},{"@type":"BreadcrumbList","@id":"https:\/\/www.laomeister.com\/ru\/toode\/kaarkahveltostuk-1000-kg-1500-mm-kahesilindriline-i43000-kopeeri\/#breadcrumb","itemListElement":[{"@type":"ListItem","position":1,"name":"Home","item":"https:\/\/www.laomeister.com\/ru\/"},{"@type":"ListItem","position":2,"name":"\u041f\u0440\u043e\u0434\u0443\u043a\u0442\u044b","item":"https:\/\/www.laomeister.com\/ru\/%d0%bc%d0%b0%d0%b3%d0%b0%d0%b7%d0%b8%d0%bd\/"},{"@type":"ListItem","position":3,"name":"K\u00e4\u00e4rkahvelt\u00f5stuk 1000 kg\/1500 mm kahesilindriline, I43000 (kopeeri)"}]},{"@type":"WebSite","@id":"https:\/\/www.laomeister.com\/ru\/#website","url":"https:\/\/www.laomeister.com\/ru\/","name":"Balti Laomeister","description":"Laoriiulid - m&uuml;&uuml;k ja paigaldus","potentialAction":[{"@type":"SearchAction","target":{"@type":"EntryPoint","urlTemplate":"https:\/\/www.laomeister.com\/ru\/?s={search_term_string}"},"query-input":{"@type":"PropertyValueSpecification","valueRequired":true,"valueName":"search_term_string"}}],"inLanguage":"ru-RU"}]}},"_links":{"self":[{"href":"https:\/\/www.laomeister.com\/ru\/wp-json\/wp\/v2\/product\/25817","targetHints":{"allow":["GET"]}}],"collection":[{"href":"https:\/\/www.laomeister.com\/ru\/wp-json\/wp\/v2\/product"}],"about":[{"href":"https:\/\/www.laomeister.com\/ru\/wp-json\/wp\/v2\/types\/product"}],"wp:featuredmedia":[{"embeddable":true,"href":"https:\/\/www.laomeister.com\/ru\/wp-json\/wp\/v2\/media\/25768"}],"wp:attachment":[{"href":"https:\/\/www.laomeister.com\/ru\/wp-json\/wp\/v2\/media?parent=25817"}],"wp:term":[{"taxonomy":"product_brand","embeddable":true,"href":"https:\/\/www.laomeister.com\/ru\/wp-json\/wp\/v2\/product_brand?post=25817"},{"taxonomy":"product_cat","embeddable":true,"href":"https:\/\/www.laomeister.com\/ru\/wp-json\/wp\/v2\/product_cat?post=25817"},{"taxonomy":"product_tag","embeddable":true,"href":"https:\/\/www.laomeister.com\/ru\/wp-json\/wp\/v2\/product_tag?post=25817"}],"curies":[{"name":"wp","href":"https:\/\/api.w.org\/{rel}","templated":true}]}}