{"id":23538,"date":"2021-07-04T10:36:37","date_gmt":"2021-07-04T07:36:37","guid":{"rendered":"https:\/\/www.laomeister.com\/?post_type=product&#038;p=23538"},"modified":"2022-07-12T13:38:40","modified_gmt":"2022-07-12T10:38:40","slug":"riidekapp-practice-prls02","status":"publish","type":"product","link":"https:\/\/www.laomeister.com\/ru\/toode\/riidekapp-practice-prls02\/","title":{"rendered":"RIIDEKAPP PRACTICE, PRLS02"},"content":{"rendered":"","protected":false},"excerpt":{"rendered":"<p>Riidekapp Practice, 2-ukseline, lukustatav<\/p>\n<p>V\u00e4lism\u00f5\u00f5dud (k\u00f5rgus x laius x s\u00fcgavus): 1830x302x500<\/p>\n<p>Sisem\u00f5\u00f5dud (k\u00f5rgus x laius x s\u00fcgavus): 855\/855x300x468<\/p>\n<p>V\u00e4rv: korpus poolmatt RAL7038, uksi on v\u00f5imalik tellida erinevaid v\u00e4rve<\/p>\n<p>Kappe on v\u00f5imalik omavahel kokku liita<\/p>\n<p>Kaal 52,5 kg<\/p>\n<p>Tarnitakse osadena<\/p>\n<p>&nbsp;<\/p>\n<p>&nbsp;<\/p>\n","protected":false},"featured_media":23554,"template":"","meta":[],"product_brand":[],"product_cat":[279,621,423],"product_tag":[],"class_list":{"0":"post-23538","1":"product","2":"type-product","3":"status-publish","4":"has-post-thumbnail","6":"product_cat-metallkapid-ru","7":"product_cat-621","8":"product_cat-423","10":"first","11":"instock","12":"taxable","13":"shipping-taxable","14":"purchasable","15":"product-type-simple"},"yoast_head":"<!-- This site is optimized with the Yoast SEO plugin v27.3 - https:\/\/yoast.com\/product\/yoast-seo-wordpress\/ -->\n<title>RIIDEKAPP PRACTICE, PRLS02 - Balti Laomeister<\/title>\n<meta name=\"robots\" content=\"index, follow, max-snippet:-1, max-image-preview:large, max-video-preview:-1\" \/>\n<link rel=\"canonical\" href=\"https:\/\/www.laomeister.com\/ru\/toode\/riidekapp-practice-prls02\/\" \/>\n<meta property=\"og:locale\" content=\"ru_RU\" \/>\n<meta property=\"og:type\" content=\"article\" \/>\n<meta property=\"og:title\" content=\"RIIDEKAPP PRACTICE, PRLS02 - Balti Laomeister\" \/>\n<meta property=\"og:description\" content=\"Riidekapp Practice, 2-ukseline, lukustatav  V\u00e4lism\u00f5\u00f5dud (k\u00f5rgus x laius x s\u00fcgavus): 1830x302x500  Sisem\u00f5\u00f5dud (k\u00f5rgus x laius x s\u00fcgavus): 855\/855x300x468  V\u00e4rv: korpus poolmatt RAL7038, uksi on v\u00f5imalik tellida erinevaid v\u00e4rve  Kappe on v\u00f5imalik omavahel kokku liita  Kaal 52,5 kg  Tarnitakse osadena  &nbsp;  &nbsp;\" \/>\n<meta property=\"og:url\" content=\"https:\/\/www.laomeister.com\/ru\/toode\/riidekapp-practice-prls02\/\" \/>\n<meta property=\"og:site_name\" content=\"Balti Laomeister\" \/>\n<meta property=\"article:modified_time\" content=\"2022-07-12T10:38:40+00:00\" \/>\n<meta property=\"og:image\" content=\"https:\/\/www.laomeister.com\/wp-content\/uploads\/2021\/07\/ls_02_5.jpg\" \/>\n\t<meta property=\"og:image:width\" content=\"1024\" \/>\n\t<meta property=\"og:image:height\" content=\"768\" \/>\n\t<meta property=\"og:image:type\" content=\"image\/jpeg\" \/>\n<meta name=\"twitter:card\" content=\"summary_large_image\" \/>\n<script type=\"application\/ld+json\" class=\"yoast-schema-graph\">{\"@context\":\"https:\\\/\\\/schema.org\",\"@graph\":[{\"@type\":\"WebPage\",\"@id\":\"https:\\\/\\\/www.laomeister.com\\\/ru\\\/toode\\\/riidekapp-practice-prls02\\\/\",\"url\":\"https:\\\/\\\/www.laomeister.com\\\/ru\\\/toode\\\/riidekapp-practice-prls02\\\/\",\"name\":\"RIIDEKAPP PRACTICE, PRLS02 - Balti Laomeister\",\"isPartOf\":{\"@id\":\"https:\\\/\\\/www.laomeister.com\\\/ru\\\/#website\"},\"primaryImageOfPage\":{\"@id\":\"https:\\\/\\\/www.laomeister.com\\\/ru\\\/toode\\\/riidekapp-practice-prls02\\\/#primaryimage\"},\"image\":{\"@id\":\"https:\\\/\\\/www.laomeister.com\\\/ru\\\/toode\\\/riidekapp-practice-prls02\\\/#primaryimage\"},\"thumbnailUrl\":\"https:\\\/\\\/www.laomeister.com\\\/wp-content\\\/uploads\\\/2021\\\/07\\\/ls_02_5.jpg\",\"datePublished\":\"2021-07-04T07:36:37+00:00\",\"dateModified\":\"2022-07-12T10:38:40+00:00\",\"breadcrumb\":{\"@id\":\"https:\\\/\\\/www.laomeister.com\\\/ru\\\/toode\\\/riidekapp-practice-prls02\\\/#breadcrumb\"},\"inLanguage\":\"ru-RU\",\"potentialAction\":[{\"@type\":\"ReadAction\",\"target\":[\"https:\\\/\\\/www.laomeister.com\\\/ru\\\/toode\\\/riidekapp-practice-prls02\\\/\"]}]},{\"@type\":\"ImageObject\",\"inLanguage\":\"ru-RU\",\"@id\":\"https:\\\/\\\/www.laomeister.com\\\/ru\\\/toode\\\/riidekapp-practice-prls02\\\/#primaryimage\",\"url\":\"https:\\\/\\\/www.laomeister.com\\\/wp-content\\\/uploads\\\/2021\\\/07\\\/ls_02_5.jpg\",\"contentUrl\":\"https:\\\/\\\/www.laomeister.com\\\/wp-content\\\/uploads\\\/2021\\\/07\\\/ls_02_5.jpg\",\"width\":1024,\"height\":768},{\"@type\":\"BreadcrumbList\",\"@id\":\"https:\\\/\\\/www.laomeister.com\\\/ru\\\/toode\\\/riidekapp-practice-prls02\\\/#breadcrumb\",\"itemListElement\":[{\"@type\":\"ListItem\",\"position\":1,\"name\":\"Home\",\"item\":\"https:\\\/\\\/www.laomeister.com\\\/ru\\\/\"},{\"@type\":\"ListItem\",\"position\":2,\"name\":\"\u041f\u0440\u043e\u0434\u0443\u043a\u0442\u044b\",\"item\":\"https:\\\/\\\/www.laomeister.com\\\/ru\\\/%d0%bc%d0%b0%d0%b3%d0%b0%d0%b7%d0%b8%d0%bd\\\/\"},{\"@type\":\"ListItem\",\"position\":3,\"name\":\"RIIDEKAPP PRACTICE, PRLS02\"}]},{\"@type\":\"WebSite\",\"@id\":\"https:\\\/\\\/www.laomeister.com\\\/ru\\\/#website\",\"url\":\"https:\\\/\\\/www.laomeister.com\\\/ru\\\/\",\"name\":\"Balti Laomeister\",\"description\":\"Laoriiulid - m&uuml;&uuml;k ja paigaldus\",\"potentialAction\":[{\"@type\":\"SearchAction\",\"target\":{\"@type\":\"EntryPoint\",\"urlTemplate\":\"https:\\\/\\\/www.laomeister.com\\\/ru\\\/?s={search_term_string}\"},\"query-input\":{\"@type\":\"PropertyValueSpecification\",\"valueRequired\":true,\"valueName\":\"search_term_string\"}}],\"inLanguage\":\"ru-RU\"}]}<\/script>\n<!-- \/ Yoast SEO plugin. -->","yoast_head_json":{"title":"RIIDEKAPP PRACTICE, PRLS02 - Balti Laomeister","robots":{"index":"index","follow":"follow","max-snippet":"max-snippet:-1","max-image-preview":"max-image-preview:large","max-video-preview":"max-video-preview:-1"},"canonical":"https:\/\/www.laomeister.com\/ru\/toode\/riidekapp-practice-prls02\/","og_locale":"ru_RU","og_type":"article","og_title":"RIIDEKAPP PRACTICE, PRLS02 - Balti Laomeister","og_description":"Riidekapp Practice, 2-ukseline, lukustatav  V\u00e4lism\u00f5\u00f5dud (k\u00f5rgus x laius x s\u00fcgavus): 1830x302x500  Sisem\u00f5\u00f5dud (k\u00f5rgus x laius x s\u00fcgavus): 855\/855x300x468  V\u00e4rv: korpus poolmatt RAL7038, uksi on v\u00f5imalik tellida erinevaid v\u00e4rve  Kappe on v\u00f5imalik omavahel kokku liita  Kaal 52,5 kg  Tarnitakse osadena  &nbsp;  &nbsp;","og_url":"https:\/\/www.laomeister.com\/ru\/toode\/riidekapp-practice-prls02\/","og_site_name":"Balti Laomeister","article_modified_time":"2022-07-12T10:38:40+00:00","og_image":[{"width":1024,"height":768,"url":"https:\/\/www.laomeister.com\/wp-content\/uploads\/2021\/07\/ls_02_5.jpg","type":"image\/jpeg"}],"twitter_card":"summary_large_image","schema":{"@context":"https:\/\/schema.org","@graph":[{"@type":"WebPage","@id":"https:\/\/www.laomeister.com\/ru\/toode\/riidekapp-practice-prls02\/","url":"https:\/\/www.laomeister.com\/ru\/toode\/riidekapp-practice-prls02\/","name":"RIIDEKAPP PRACTICE, PRLS02 - Balti Laomeister","isPartOf":{"@id":"https:\/\/www.laomeister.com\/ru\/#website"},"primaryImageOfPage":{"@id":"https:\/\/www.laomeister.com\/ru\/toode\/riidekapp-practice-prls02\/#primaryimage"},"image":{"@id":"https:\/\/www.laomeister.com\/ru\/toode\/riidekapp-practice-prls02\/#primaryimage"},"thumbnailUrl":"https:\/\/www.laomeister.com\/wp-content\/uploads\/2021\/07\/ls_02_5.jpg","datePublished":"2021-07-04T07:36:37+00:00","dateModified":"2022-07-12T10:38:40+00:00","breadcrumb":{"@id":"https:\/\/www.laomeister.com\/ru\/toode\/riidekapp-practice-prls02\/#breadcrumb"},"inLanguage":"ru-RU","potentialAction":[{"@type":"ReadAction","target":["https:\/\/www.laomeister.com\/ru\/toode\/riidekapp-practice-prls02\/"]}]},{"@type":"ImageObject","inLanguage":"ru-RU","@id":"https:\/\/www.laomeister.com\/ru\/toode\/riidekapp-practice-prls02\/#primaryimage","url":"https:\/\/www.laomeister.com\/wp-content\/uploads\/2021\/07\/ls_02_5.jpg","contentUrl":"https:\/\/www.laomeister.com\/wp-content\/uploads\/2021\/07\/ls_02_5.jpg","width":1024,"height":768},{"@type":"BreadcrumbList","@id":"https:\/\/www.laomeister.com\/ru\/toode\/riidekapp-practice-prls02\/#breadcrumb","itemListElement":[{"@type":"ListItem","position":1,"name":"Home","item":"https:\/\/www.laomeister.com\/ru\/"},{"@type":"ListItem","position":2,"name":"\u041f\u0440\u043e\u0434\u0443\u043a\u0442\u044b","item":"https:\/\/www.laomeister.com\/ru\/%d0%bc%d0%b0%d0%b3%d0%b0%d0%b7%d0%b8%d0%bd\/"},{"@type":"ListItem","position":3,"name":"RIIDEKAPP PRACTICE, PRLS02"}]},{"@type":"WebSite","@id":"https:\/\/www.laomeister.com\/ru\/#website","url":"https:\/\/www.laomeister.com\/ru\/","name":"Balti Laomeister","description":"Laoriiulid - m&uuml;&uuml;k ja paigaldus","potentialAction":[{"@type":"SearchAction","target":{"@type":"EntryPoint","urlTemplate":"https:\/\/www.laomeister.com\/ru\/?s={search_term_string}"},"query-input":{"@type":"PropertyValueSpecification","valueRequired":true,"valueName":"search_term_string"}}],"inLanguage":"ru-RU"}]}},"_links":{"self":[{"href":"https:\/\/www.laomeister.com\/ru\/wp-json\/wp\/v2\/product\/23538","targetHints":{"allow":["GET"]}}],"collection":[{"href":"https:\/\/www.laomeister.com\/ru\/wp-json\/wp\/v2\/product"}],"about":[{"href":"https:\/\/www.laomeister.com\/ru\/wp-json\/wp\/v2\/types\/product"}],"wp:featuredmedia":[{"embeddable":true,"href":"https:\/\/www.laomeister.com\/ru\/wp-json\/wp\/v2\/media\/23554"}],"wp:attachment":[{"href":"https:\/\/www.laomeister.com\/ru\/wp-json\/wp\/v2\/media?parent=23538"}],"wp:term":[{"taxonomy":"product_brand","embeddable":true,"href":"https:\/\/www.laomeister.com\/ru\/wp-json\/wp\/v2\/product_brand?post=23538"},{"taxonomy":"product_cat","embeddable":true,"href":"https:\/\/www.laomeister.com\/ru\/wp-json\/wp\/v2\/product_cat?post=23538"},{"taxonomy":"product_tag","embeddable":true,"href":"https:\/\/www.laomeister.com\/ru\/wp-json\/wp\/v2\/product_tag?post=23538"}],"curies":[{"name":"wp","href":"https:\/\/api.w.org\/{rel}","templated":true}]}}