{"id":22408,"date":"2021-06-20T10:13:54","date_gmt":"2021-06-20T07:13:54","guid":{"rendered":"https:\/\/www.laomeister.com\/?post_type=product&#038;p=22408"},"modified":"2021-06-20T10:15:25","modified_gmt":"2021-06-20T07:15:25","slug":"taburet-inox-350-korgus-370-500-mm-gl801810","status":"publish","type":"product","link":"https:\/\/www.laomeister.com\/ru\/toode\/taburet-inox-350-korgus-370-500-mm-gl801810\/","title":{"rendered":"Taburet Inox 350, k\u00f5rgus 370-500 mm, GL801810"},"content":{"rendered":"","protected":false},"excerpt":{"rendered":"<ul>\n<li>Tooli k\u00f5ik metallist osad on valmistatud roostevabast terasest.<\/li>\n<li>Vastupidav ja kergelt puhastatav.<\/li>\n<li>Tooli k\u00f5rgus reguleeritav vahemikus 370 &#8211; 500 mm.<\/li>\n<li>Istme l\u00e4bim\u00f5\u00f5t on 350 mm.<\/li>\n<li>5 p\u00f6\u00f6rduvat ratast, millest 2 piduritega.<\/li>\n<\/ul>\n","protected":false},"featured_media":22412,"template":"","meta":[],"product_brand":[],"product_cat":[494,512],"product_tag":[],"class_list":{"0":"post-22408","1":"product","2":"type-product","3":"status-publish","4":"has-post-thumbnail","6":"product_cat-494","7":"product_cat-care-line-toolid-ru","9":"first","10":"instock","11":"taxable","12":"shipping-taxable","13":"purchasable","14":"product-type-simple"},"yoast_head":"<!-- This site is optimized with the Yoast SEO plugin v27.3 - https:\/\/yoast.com\/product\/yoast-seo-wordpress\/ -->\n<title>Taburet Inox 350, k\u00f5rgus 370-500 mm, GL801810 - Balti Laomeister<\/title>\n<meta name=\"description\" content=\"t\u00f6\u00f6tool\" \/>\n<meta name=\"robots\" content=\"index, follow, max-snippet:-1, max-image-preview:large, max-video-preview:-1\" \/>\n<link rel=\"canonical\" href=\"https:\/\/www.laomeister.com\/ru\/toode\/taburet-inox-350-korgus-370-500-mm-gl801810\/\" \/>\n<meta property=\"og:locale\" content=\"ru_RU\" \/>\n<meta property=\"og:type\" content=\"article\" \/>\n<meta property=\"og:title\" content=\"Taburet Inox 350, k\u00f5rgus 370-500 mm, GL801810 - Balti Laomeister\" \/>\n<meta property=\"og:description\" content=\"t\u00f6\u00f6tool\" \/>\n<meta property=\"og:url\" content=\"https:\/\/www.laomeister.com\/ru\/toode\/taburet-inox-350-korgus-370-500-mm-gl801810\/\" \/>\n<meta property=\"og:site_name\" content=\"Balti Laomeister\" \/>\n<meta property=\"article:modified_time\" content=\"2021-06-20T07:15:25+00:00\" \/>\n<meta property=\"og:image\" content=\"https:\/\/www.laomeister.com\/wp-content\/uploads\/2021\/06\/care-lane-cl-inox-350_bI6C6rLA.jpg\" \/>\n\t<meta property=\"og:image:width\" content=\"500\" \/>\n\t<meta property=\"og:image:height\" content=\"500\" \/>\n\t<meta property=\"og:image:type\" content=\"image\/jpeg\" \/>\n<meta name=\"twitter:card\" content=\"summary_large_image\" \/>\n<script type=\"application\/ld+json\" class=\"yoast-schema-graph\">{\"@context\":\"https:\\\/\\\/schema.org\",\"@graph\":[{\"@type\":\"WebPage\",\"@id\":\"https:\\\/\\\/www.laomeister.com\\\/ru\\\/toode\\\/taburet-inox-350-korgus-370-500-mm-gl801810\\\/\",\"url\":\"https:\\\/\\\/www.laomeister.com\\\/ru\\\/toode\\\/taburet-inox-350-korgus-370-500-mm-gl801810\\\/\",\"name\":\"Taburet Inox 350, k\u00f5rgus 370-500 mm, GL801810 - Balti Laomeister\",\"isPartOf\":{\"@id\":\"https:\\\/\\\/www.laomeister.com\\\/ru\\\/#website\"},\"primaryImageOfPage\":{\"@id\":\"https:\\\/\\\/www.laomeister.com\\\/ru\\\/toode\\\/taburet-inox-350-korgus-370-500-mm-gl801810\\\/#primaryimage\"},\"image\":{\"@id\":\"https:\\\/\\\/www.laomeister.com\\\/ru\\\/toode\\\/taburet-inox-350-korgus-370-500-mm-gl801810\\\/#primaryimage\"},\"thumbnailUrl\":\"https:\\\/\\\/www.laomeister.com\\\/wp-content\\\/uploads\\\/2021\\\/06\\\/care-lane-cl-inox-350_bI6C6rLA.jpg\",\"datePublished\":\"2021-06-20T07:13:54+00:00\",\"dateModified\":\"2021-06-20T07:15:25+00:00\",\"description\":\"t\u00f6\u00f6tool\",\"breadcrumb\":{\"@id\":\"https:\\\/\\\/www.laomeister.com\\\/ru\\\/toode\\\/taburet-inox-350-korgus-370-500-mm-gl801810\\\/#breadcrumb\"},\"inLanguage\":\"ru-RU\",\"potentialAction\":[{\"@type\":\"ReadAction\",\"target\":[\"https:\\\/\\\/www.laomeister.com\\\/ru\\\/toode\\\/taburet-inox-350-korgus-370-500-mm-gl801810\\\/\"]}]},{\"@type\":\"ImageObject\",\"inLanguage\":\"ru-RU\",\"@id\":\"https:\\\/\\\/www.laomeister.com\\\/ru\\\/toode\\\/taburet-inox-350-korgus-370-500-mm-gl801810\\\/#primaryimage\",\"url\":\"https:\\\/\\\/www.laomeister.com\\\/wp-content\\\/uploads\\\/2021\\\/06\\\/care-lane-cl-inox-350_bI6C6rLA.jpg\",\"contentUrl\":\"https:\\\/\\\/www.laomeister.com\\\/wp-content\\\/uploads\\\/2021\\\/06\\\/care-lane-cl-inox-350_bI6C6rLA.jpg\",\"width\":500,\"height\":500},{\"@type\":\"BreadcrumbList\",\"@id\":\"https:\\\/\\\/www.laomeister.com\\\/ru\\\/toode\\\/taburet-inox-350-korgus-370-500-mm-gl801810\\\/#breadcrumb\",\"itemListElement\":[{\"@type\":\"ListItem\",\"position\":1,\"name\":\"Home\",\"item\":\"https:\\\/\\\/www.laomeister.com\\\/ru\\\/\"},{\"@type\":\"ListItem\",\"position\":2,\"name\":\"\u041f\u0440\u043e\u0434\u0443\u043a\u0442\u044b\",\"item\":\"https:\\\/\\\/www.laomeister.com\\\/ru\\\/%d0%bc%d0%b0%d0%b3%d0%b0%d0%b7%d0%b8%d0%bd\\\/\"},{\"@type\":\"ListItem\",\"position\":3,\"name\":\"Taburet Inox 350, k\u00f5rgus 370-500 mm, GL801810\"}]},{\"@type\":\"WebSite\",\"@id\":\"https:\\\/\\\/www.laomeister.com\\\/ru\\\/#website\",\"url\":\"https:\\\/\\\/www.laomeister.com\\\/ru\\\/\",\"name\":\"Balti Laomeister\",\"description\":\"Laoriiulid - m&uuml;&uuml;k ja paigaldus\",\"potentialAction\":[{\"@type\":\"SearchAction\",\"target\":{\"@type\":\"EntryPoint\",\"urlTemplate\":\"https:\\\/\\\/www.laomeister.com\\\/ru\\\/?s={search_term_string}\"},\"query-input\":{\"@type\":\"PropertyValueSpecification\",\"valueRequired\":true,\"valueName\":\"search_term_string\"}}],\"inLanguage\":\"ru-RU\"}]}<\/script>\n<!-- \/ Yoast SEO plugin. -->","yoast_head_json":{"title":"Taburet Inox 350, k\u00f5rgus 370-500 mm, GL801810 - Balti Laomeister","description":"t\u00f6\u00f6tool","robots":{"index":"index","follow":"follow","max-snippet":"max-snippet:-1","max-image-preview":"max-image-preview:large","max-video-preview":"max-video-preview:-1"},"canonical":"https:\/\/www.laomeister.com\/ru\/toode\/taburet-inox-350-korgus-370-500-mm-gl801810\/","og_locale":"ru_RU","og_type":"article","og_title":"Taburet Inox 350, k\u00f5rgus 370-500 mm, GL801810 - Balti Laomeister","og_description":"t\u00f6\u00f6tool","og_url":"https:\/\/www.laomeister.com\/ru\/toode\/taburet-inox-350-korgus-370-500-mm-gl801810\/","og_site_name":"Balti Laomeister","article_modified_time":"2021-06-20T07:15:25+00:00","og_image":[{"width":500,"height":500,"url":"https:\/\/www.laomeister.com\/wp-content\/uploads\/2021\/06\/care-lane-cl-inox-350_bI6C6rLA.jpg","type":"image\/jpeg"}],"twitter_card":"summary_large_image","schema":{"@context":"https:\/\/schema.org","@graph":[{"@type":"WebPage","@id":"https:\/\/www.laomeister.com\/ru\/toode\/taburet-inox-350-korgus-370-500-mm-gl801810\/","url":"https:\/\/www.laomeister.com\/ru\/toode\/taburet-inox-350-korgus-370-500-mm-gl801810\/","name":"Taburet Inox 350, k\u00f5rgus 370-500 mm, GL801810 - Balti Laomeister","isPartOf":{"@id":"https:\/\/www.laomeister.com\/ru\/#website"},"primaryImageOfPage":{"@id":"https:\/\/www.laomeister.com\/ru\/toode\/taburet-inox-350-korgus-370-500-mm-gl801810\/#primaryimage"},"image":{"@id":"https:\/\/www.laomeister.com\/ru\/toode\/taburet-inox-350-korgus-370-500-mm-gl801810\/#primaryimage"},"thumbnailUrl":"https:\/\/www.laomeister.com\/wp-content\/uploads\/2021\/06\/care-lane-cl-inox-350_bI6C6rLA.jpg","datePublished":"2021-06-20T07:13:54+00:00","dateModified":"2021-06-20T07:15:25+00:00","description":"t\u00f6\u00f6tool","breadcrumb":{"@id":"https:\/\/www.laomeister.com\/ru\/toode\/taburet-inox-350-korgus-370-500-mm-gl801810\/#breadcrumb"},"inLanguage":"ru-RU","potentialAction":[{"@type":"ReadAction","target":["https:\/\/www.laomeister.com\/ru\/toode\/taburet-inox-350-korgus-370-500-mm-gl801810\/"]}]},{"@type":"ImageObject","inLanguage":"ru-RU","@id":"https:\/\/www.laomeister.com\/ru\/toode\/taburet-inox-350-korgus-370-500-mm-gl801810\/#primaryimage","url":"https:\/\/www.laomeister.com\/wp-content\/uploads\/2021\/06\/care-lane-cl-inox-350_bI6C6rLA.jpg","contentUrl":"https:\/\/www.laomeister.com\/wp-content\/uploads\/2021\/06\/care-lane-cl-inox-350_bI6C6rLA.jpg","width":500,"height":500},{"@type":"BreadcrumbList","@id":"https:\/\/www.laomeister.com\/ru\/toode\/taburet-inox-350-korgus-370-500-mm-gl801810\/#breadcrumb","itemListElement":[{"@type":"ListItem","position":1,"name":"Home","item":"https:\/\/www.laomeister.com\/ru\/"},{"@type":"ListItem","position":2,"name":"\u041f\u0440\u043e\u0434\u0443\u043a\u0442\u044b","item":"https:\/\/www.laomeister.com\/ru\/%d0%bc%d0%b0%d0%b3%d0%b0%d0%b7%d0%b8%d0%bd\/"},{"@type":"ListItem","position":3,"name":"Taburet Inox 350, k\u00f5rgus 370-500 mm, GL801810"}]},{"@type":"WebSite","@id":"https:\/\/www.laomeister.com\/ru\/#website","url":"https:\/\/www.laomeister.com\/ru\/","name":"Balti Laomeister","description":"Laoriiulid - m&uuml;&uuml;k ja paigaldus","potentialAction":[{"@type":"SearchAction","target":{"@type":"EntryPoint","urlTemplate":"https:\/\/www.laomeister.com\/ru\/?s={search_term_string}"},"query-input":{"@type":"PropertyValueSpecification","valueRequired":true,"valueName":"search_term_string"}}],"inLanguage":"ru-RU"}]}},"_links":{"self":[{"href":"https:\/\/www.laomeister.com\/ru\/wp-json\/wp\/v2\/product\/22408","targetHints":{"allow":["GET"]}}],"collection":[{"href":"https:\/\/www.laomeister.com\/ru\/wp-json\/wp\/v2\/product"}],"about":[{"href":"https:\/\/www.laomeister.com\/ru\/wp-json\/wp\/v2\/types\/product"}],"wp:featuredmedia":[{"embeddable":true,"href":"https:\/\/www.laomeister.com\/ru\/wp-json\/wp\/v2\/media\/22412"}],"wp:attachment":[{"href":"https:\/\/www.laomeister.com\/ru\/wp-json\/wp\/v2\/media?parent=22408"}],"wp:term":[{"taxonomy":"product_brand","embeddable":true,"href":"https:\/\/www.laomeister.com\/ru\/wp-json\/wp\/v2\/product_brand?post=22408"},{"taxonomy":"product_cat","embeddable":true,"href":"https:\/\/www.laomeister.com\/ru\/wp-json\/wp\/v2\/product_cat?post=22408"},{"taxonomy":"product_tag","embeddable":true,"href":"https:\/\/www.laomeister.com\/ru\/wp-json\/wp\/v2\/product_tag?post=22408"}],"curies":[{"name":"wp","href":"https:\/\/api.w.org\/{rel}","templated":true}]}}