{"id":17593,"date":"2021-02-25T00:44:30","date_gmt":"2021-02-24T22:44:30","guid":{"rendered":"https:\/\/www.laomeister.com\/?post_type=product&#038;p=17593"},"modified":"2021-02-25T00:52:53","modified_gmt":"2021-02-24T22:52:53","slug":"jagamiskomplekt-wds-715x650x375-mm-karule-kinnitamiseks","status":"publish","type":"product","link":"https:\/\/www.laomeister.com\/ru\/toode\/jagamiskomplekt-wds-715x650x375-mm-karule-kinnitamiseks\/","title":{"rendered":"Jagamiskomplekt WDS 71,5x650x375 mm, k\u00e4rule kinnitamiseks"},"content":{"rendered":"","protected":false},"excerpt":{"rendered":"<p>Jagamiskomplekti WDS saab paigaldada WDS-k\u00e4rude v\u00e4iksesse sahtlisse. Sobib komplekteerimisk\u00e4rudele WDS-5, WDS-6 ja WDS-7.<\/p>\n<p><strong>K\u00f5rgus<\/strong>\u2013 71,5 mm<br \/>\n<strong>Laius<\/strong> \u2013 650 mm<br \/>\n<strong>S\u00fcgavus<\/strong> \u2013375 mm<br \/>\n<strong>Materjal<\/strong> \u2013 k\u00f5rgtugev teras, 0,8 mm<br \/>\n<strong>Vaheseinad<\/strong> &#8211; paksus 1,2 mm, koos 4 piki- ja 4 p\u00f5ikivaheseinaga, paigaldusetapp ristisuunas 65 mm, pikisuunas 45 mm<br \/>\n<strong>V\u00e4rvus<\/strong> \u2013 pulberv\u00e4rvitud poolmatt korpus on hall ahhaat (RAL 7038)<br \/>\n<strong>Kaal<\/strong> \u2013 3,4 kg<\/p>\n<p>Toote v\u00e4rv v\u00f5ib erineda pildil n\u00e4idatust.<br \/>\nToode tarnitakse lahtiv\u00f5etult.<br \/>\nPildil n\u00e4haolevad \u00fclej\u00e4\u00e4nud tooted ei kuulu hinna sisse.<\/p>\n<p>&nbsp;<\/p>\n","protected":false},"featured_media":17597,"template":"","meta":[],"product_brand":[],"product_cat":[242,467],"product_tag":[],"class_list":{"0":"post-17593","1":"product","2":"type-product","3":"status-publish","4":"has-post-thumbnail","6":"product_cat-karud-ru","7":"product_cat-467","9":"first","10":"instock","11":"taxable","12":"shipping-taxable","13":"purchasable","14":"product-type-simple"},"yoast_head":"<!-- This site is optimized with the Yoast SEO plugin v27.3 - https:\/\/yoast.com\/product\/yoast-seo-wordpress\/ -->\n<title>Jagamiskomplekt WDS 71,5x650x375 mm, k\u00e4rule kinnitamiseks - Balti Laomeister<\/title>\n<meta name=\"robots\" content=\"index, follow, max-snippet:-1, max-image-preview:large, max-video-preview:-1\" \/>\n<link rel=\"canonical\" href=\"https:\/\/www.laomeister.com\/ru\/toode\/jagamiskomplekt-wds-715x650x375-mm-karule-kinnitamiseks\/\" \/>\n<meta property=\"og:locale\" content=\"ru_RU\" \/>\n<meta property=\"og:type\" content=\"article\" \/>\n<meta property=\"og:title\" content=\"Jagamiskomplekt WDS 71,5x650x375 mm, k\u00e4rule kinnitamiseks - Balti Laomeister\" \/>\n<meta property=\"og:description\" content=\"Jagamiskomplekti WDS saab paigaldada WDS-k\u00e4rude v\u00e4iksesse sahtlisse. Sobib komplekteerimisk\u00e4rudele WDS-5, WDS-6 ja WDS-7.  K\u00f5rgus\u2013 71,5 mm Laius \u2013 650 mm S\u00fcgavus \u2013375 mm Materjal \u2013 k\u00f5rgtugev teras, 0,8 mm Vaheseinad - paksus 1,2 mm, koos 4 piki- ja 4 p\u00f5ikivaheseinaga, paigaldusetapp ristisuunas 65 mm, pikisuunas 45 mm V\u00e4rvus \u2013 pulberv\u00e4rvitud poolmatt korpus on hall ahhaat (RAL 7038) Kaal \u2013 3,4 kg  Toote v\u00e4rv v\u00f5ib erineda pildil n\u00e4idatust. Toode tarnitakse lahtiv\u00f5etult. Pildil n\u00e4haolevad \u00fclej\u00e4\u00e4nud tooted ei kuulu hinna sisse.  &nbsp;\" \/>\n<meta property=\"og:url\" content=\"https:\/\/www.laomeister.com\/ru\/toode\/jagamiskomplekt-wds-715x650x375-mm-karule-kinnitamiseks\/\" \/>\n<meta property=\"og:site_name\" content=\"Balti Laomeister\" \/>\n<meta property=\"article:modified_time\" content=\"2021-02-24T22:52:53+00:00\" \/>\n<meta property=\"og:image\" content=\"https:\/\/www.laomeister.com\/wp-content\/uploads\/2021\/02\/PARTITION-SET-WDS.jpg\" \/>\n\t<meta property=\"og:image:width\" content=\"2278\" \/>\n\t<meta property=\"og:image:height\" content=\"2000\" \/>\n\t<meta property=\"og:image:type\" content=\"image\/jpeg\" \/>\n<meta name=\"twitter:card\" content=\"summary_large_image\" \/>\n<script type=\"application\/ld+json\" class=\"yoast-schema-graph\">{\"@context\":\"https:\\\/\\\/schema.org\",\"@graph\":[{\"@type\":\"WebPage\",\"@id\":\"https:\\\/\\\/www.laomeister.com\\\/ru\\\/toode\\\/jagamiskomplekt-wds-715x650x375-mm-karule-kinnitamiseks\\\/\",\"url\":\"https:\\\/\\\/www.laomeister.com\\\/ru\\\/toode\\\/jagamiskomplekt-wds-715x650x375-mm-karule-kinnitamiseks\\\/\",\"name\":\"Jagamiskomplekt WDS 71,5x650x375 mm, k\u00e4rule kinnitamiseks - Balti Laomeister\",\"isPartOf\":{\"@id\":\"https:\\\/\\\/www.laomeister.com\\\/ru\\\/#website\"},\"primaryImageOfPage\":{\"@id\":\"https:\\\/\\\/www.laomeister.com\\\/ru\\\/toode\\\/jagamiskomplekt-wds-715x650x375-mm-karule-kinnitamiseks\\\/#primaryimage\"},\"image\":{\"@id\":\"https:\\\/\\\/www.laomeister.com\\\/ru\\\/toode\\\/jagamiskomplekt-wds-715x650x375-mm-karule-kinnitamiseks\\\/#primaryimage\"},\"thumbnailUrl\":\"https:\\\/\\\/www.laomeister.com\\\/wp-content\\\/uploads\\\/2021\\\/02\\\/PARTITION-SET-WDS.jpg\",\"datePublished\":\"2021-02-24T22:44:30+00:00\",\"dateModified\":\"2021-02-24T22:52:53+00:00\",\"breadcrumb\":{\"@id\":\"https:\\\/\\\/www.laomeister.com\\\/ru\\\/toode\\\/jagamiskomplekt-wds-715x650x375-mm-karule-kinnitamiseks\\\/#breadcrumb\"},\"inLanguage\":\"ru-RU\",\"potentialAction\":[{\"@type\":\"ReadAction\",\"target\":[\"https:\\\/\\\/www.laomeister.com\\\/ru\\\/toode\\\/jagamiskomplekt-wds-715x650x375-mm-karule-kinnitamiseks\\\/\"]}]},{\"@type\":\"ImageObject\",\"inLanguage\":\"ru-RU\",\"@id\":\"https:\\\/\\\/www.laomeister.com\\\/ru\\\/toode\\\/jagamiskomplekt-wds-715x650x375-mm-karule-kinnitamiseks\\\/#primaryimage\",\"url\":\"https:\\\/\\\/www.laomeister.com\\\/wp-content\\\/uploads\\\/2021\\\/02\\\/PARTITION-SET-WDS.jpg\",\"contentUrl\":\"https:\\\/\\\/www.laomeister.com\\\/wp-content\\\/uploads\\\/2021\\\/02\\\/PARTITION-SET-WDS.jpg\",\"width\":2278,\"height\":2000},{\"@type\":\"BreadcrumbList\",\"@id\":\"https:\\\/\\\/www.laomeister.com\\\/ru\\\/toode\\\/jagamiskomplekt-wds-715x650x375-mm-karule-kinnitamiseks\\\/#breadcrumb\",\"itemListElement\":[{\"@type\":\"ListItem\",\"position\":1,\"name\":\"Home\",\"item\":\"https:\\\/\\\/www.laomeister.com\\\/ru\\\/\"},{\"@type\":\"ListItem\",\"position\":2,\"name\":\"\u041f\u0440\u043e\u0434\u0443\u043a\u0442\u044b\",\"item\":\"https:\\\/\\\/www.laomeister.com\\\/ru\\\/%d0%bc%d0%b0%d0%b3%d0%b0%d0%b7%d0%b8%d0%bd\\\/\"},{\"@type\":\"ListItem\",\"position\":3,\"name\":\"Jagamiskomplekt WDS 71,5x650x375 mm, k\u00e4rule kinnitamiseks\"}]},{\"@type\":\"WebSite\",\"@id\":\"https:\\\/\\\/www.laomeister.com\\\/ru\\\/#website\",\"url\":\"https:\\\/\\\/www.laomeister.com\\\/ru\\\/\",\"name\":\"Balti Laomeister\",\"description\":\"Laoriiulid - m&uuml;&uuml;k ja paigaldus\",\"potentialAction\":[{\"@type\":\"SearchAction\",\"target\":{\"@type\":\"EntryPoint\",\"urlTemplate\":\"https:\\\/\\\/www.laomeister.com\\\/ru\\\/?s={search_term_string}\"},\"query-input\":{\"@type\":\"PropertyValueSpecification\",\"valueRequired\":true,\"valueName\":\"search_term_string\"}}],\"inLanguage\":\"ru-RU\"}]}<\/script>\n<!-- \/ Yoast SEO plugin. -->","yoast_head_json":{"title":"Jagamiskomplekt WDS 71,5x650x375 mm, k\u00e4rule kinnitamiseks - Balti Laomeister","robots":{"index":"index","follow":"follow","max-snippet":"max-snippet:-1","max-image-preview":"max-image-preview:large","max-video-preview":"max-video-preview:-1"},"canonical":"https:\/\/www.laomeister.com\/ru\/toode\/jagamiskomplekt-wds-715x650x375-mm-karule-kinnitamiseks\/","og_locale":"ru_RU","og_type":"article","og_title":"Jagamiskomplekt WDS 71,5x650x375 mm, k\u00e4rule kinnitamiseks - Balti Laomeister","og_description":"Jagamiskomplekti WDS saab paigaldada WDS-k\u00e4rude v\u00e4iksesse sahtlisse. Sobib komplekteerimisk\u00e4rudele WDS-5, WDS-6 ja WDS-7.  K\u00f5rgus\u2013 71,5 mm Laius \u2013 650 mm S\u00fcgavus \u2013375 mm Materjal \u2013 k\u00f5rgtugev teras, 0,8 mm Vaheseinad - paksus 1,2 mm, koos 4 piki- ja 4 p\u00f5ikivaheseinaga, paigaldusetapp ristisuunas 65 mm, pikisuunas 45 mm V\u00e4rvus \u2013 pulberv\u00e4rvitud poolmatt korpus on hall ahhaat (RAL 7038) Kaal \u2013 3,4 kg  Toote v\u00e4rv v\u00f5ib erineda pildil n\u00e4idatust. Toode tarnitakse lahtiv\u00f5etult. Pildil n\u00e4haolevad \u00fclej\u00e4\u00e4nud tooted ei kuulu hinna sisse.  &nbsp;","og_url":"https:\/\/www.laomeister.com\/ru\/toode\/jagamiskomplekt-wds-715x650x375-mm-karule-kinnitamiseks\/","og_site_name":"Balti Laomeister","article_modified_time":"2021-02-24T22:52:53+00:00","og_image":[{"width":2278,"height":2000,"url":"https:\/\/www.laomeister.com\/wp-content\/uploads\/2021\/02\/PARTITION-SET-WDS.jpg","type":"image\/jpeg"}],"twitter_card":"summary_large_image","schema":{"@context":"https:\/\/schema.org","@graph":[{"@type":"WebPage","@id":"https:\/\/www.laomeister.com\/ru\/toode\/jagamiskomplekt-wds-715x650x375-mm-karule-kinnitamiseks\/","url":"https:\/\/www.laomeister.com\/ru\/toode\/jagamiskomplekt-wds-715x650x375-mm-karule-kinnitamiseks\/","name":"Jagamiskomplekt WDS 71,5x650x375 mm, k\u00e4rule kinnitamiseks - Balti Laomeister","isPartOf":{"@id":"https:\/\/www.laomeister.com\/ru\/#website"},"primaryImageOfPage":{"@id":"https:\/\/www.laomeister.com\/ru\/toode\/jagamiskomplekt-wds-715x650x375-mm-karule-kinnitamiseks\/#primaryimage"},"image":{"@id":"https:\/\/www.laomeister.com\/ru\/toode\/jagamiskomplekt-wds-715x650x375-mm-karule-kinnitamiseks\/#primaryimage"},"thumbnailUrl":"https:\/\/www.laomeister.com\/wp-content\/uploads\/2021\/02\/PARTITION-SET-WDS.jpg","datePublished":"2021-02-24T22:44:30+00:00","dateModified":"2021-02-24T22:52:53+00:00","breadcrumb":{"@id":"https:\/\/www.laomeister.com\/ru\/toode\/jagamiskomplekt-wds-715x650x375-mm-karule-kinnitamiseks\/#breadcrumb"},"inLanguage":"ru-RU","potentialAction":[{"@type":"ReadAction","target":["https:\/\/www.laomeister.com\/ru\/toode\/jagamiskomplekt-wds-715x650x375-mm-karule-kinnitamiseks\/"]}]},{"@type":"ImageObject","inLanguage":"ru-RU","@id":"https:\/\/www.laomeister.com\/ru\/toode\/jagamiskomplekt-wds-715x650x375-mm-karule-kinnitamiseks\/#primaryimage","url":"https:\/\/www.laomeister.com\/wp-content\/uploads\/2021\/02\/PARTITION-SET-WDS.jpg","contentUrl":"https:\/\/www.laomeister.com\/wp-content\/uploads\/2021\/02\/PARTITION-SET-WDS.jpg","width":2278,"height":2000},{"@type":"BreadcrumbList","@id":"https:\/\/www.laomeister.com\/ru\/toode\/jagamiskomplekt-wds-715x650x375-mm-karule-kinnitamiseks\/#breadcrumb","itemListElement":[{"@type":"ListItem","position":1,"name":"Home","item":"https:\/\/www.laomeister.com\/ru\/"},{"@type":"ListItem","position":2,"name":"\u041f\u0440\u043e\u0434\u0443\u043a\u0442\u044b","item":"https:\/\/www.laomeister.com\/ru\/%d0%bc%d0%b0%d0%b3%d0%b0%d0%b7%d0%b8%d0%bd\/"},{"@type":"ListItem","position":3,"name":"Jagamiskomplekt WDS 71,5x650x375 mm, k\u00e4rule kinnitamiseks"}]},{"@type":"WebSite","@id":"https:\/\/www.laomeister.com\/ru\/#website","url":"https:\/\/www.laomeister.com\/ru\/","name":"Balti Laomeister","description":"Laoriiulid - m&uuml;&uuml;k ja paigaldus","potentialAction":[{"@type":"SearchAction","target":{"@type":"EntryPoint","urlTemplate":"https:\/\/www.laomeister.com\/ru\/?s={search_term_string}"},"query-input":{"@type":"PropertyValueSpecification","valueRequired":true,"valueName":"search_term_string"}}],"inLanguage":"ru-RU"}]}},"_links":{"self":[{"href":"https:\/\/www.laomeister.com\/ru\/wp-json\/wp\/v2\/product\/17593","targetHints":{"allow":["GET"]}}],"collection":[{"href":"https:\/\/www.laomeister.com\/ru\/wp-json\/wp\/v2\/product"}],"about":[{"href":"https:\/\/www.laomeister.com\/ru\/wp-json\/wp\/v2\/types\/product"}],"wp:featuredmedia":[{"embeddable":true,"href":"https:\/\/www.laomeister.com\/ru\/wp-json\/wp\/v2\/media\/17597"}],"wp:attachment":[{"href":"https:\/\/www.laomeister.com\/ru\/wp-json\/wp\/v2\/media?parent=17593"}],"wp:term":[{"taxonomy":"product_brand","embeddable":true,"href":"https:\/\/www.laomeister.com\/ru\/wp-json\/wp\/v2\/product_brand?post=17593"},{"taxonomy":"product_cat","embeddable":true,"href":"https:\/\/www.laomeister.com\/ru\/wp-json\/wp\/v2\/product_cat?post=17593"},{"taxonomy":"product_tag","embeddable":true,"href":"https:\/\/www.laomeister.com\/ru\/wp-json\/wp\/v2\/product_tag?post=17593"}],"curies":[{"name":"wp","href":"https:\/\/api.w.org\/{rel}","templated":true}]}}