{"id":17585,"date":"2021-02-25T00:35:05","date_gmt":"2021-02-24T22:35:05","guid":{"rendered":"https:\/\/www.laomeister.com\/?post_type=product&#038;p=17585"},"modified":"2021-02-25T00:43:32","modified_gmt":"2021-02-24T22:43:32","slug":"karu-riiul-hard-karule-425x696x446-mm","status":"publish","type":"product","link":"https:\/\/www.laomeister.com\/ru\/toode\/karu-riiul-hard-karule-425x696x446-mm\/","title":{"rendered":"K\u00e4ru riiul HARD k\u00e4rule 42,5x696x446 mm"},"content":{"rendered":"","protected":false},"excerpt":{"rendered":"<p>K\u00e4ru riiul sobitub suurep\u00e4raselt HARD k\u00e4ruga. Komplektis on kaasas \u00f5likindel kummimatt.<\/p>\n<p><strong>K\u00f5rgus<\/strong>\u2013 42,5 mm<br \/>\n<strong>Laius<\/strong> \u2013 696 mm<br \/>\n<strong>S\u00fcgavus<\/strong> \u2013 446 mm<br \/>\n<strong>Materjal<\/strong> \u2013 k\u00f5rgtugev teras, 0,8 mm<br \/>\n<strong>V\u00e4rvus<\/strong> \u2013 pulberv\u00e4rvitud poolmatt korpus on hall ahhaat (RAL 7038)<br \/>\n<strong>Kaal<\/strong> \u2013 4,2 kg<br \/>\n<strong>Maksimaalne kandev\u00f5ime<\/strong> \u2013 100 kg<\/p>\n<p>Toote v\u00e4rv v\u00f5ib erineda pildil n\u00e4idatust.<br \/>\nToode tarnitakse lahtiv\u00f5etult.<br \/>\nPildil n\u00e4haolevad \u00fclej\u00e4\u00e4nud tooted ei kuulu hinna sisse.<\/p>\n","protected":false},"featured_media":17589,"template":"","meta":[],"product_brand":[],"product_cat":[242,467],"product_tag":[],"class_list":{"0":"post-17585","1":"product","2":"type-product","3":"status-publish","4":"has-post-thumbnail","6":"product_cat-karud-ru","7":"product_cat-467","9":"first","10":"instock","11":"taxable","12":"shipping-taxable","13":"purchasable","14":"product-type-simple"},"yoast_head":"<!-- This site is optimized with the Yoast SEO plugin v27.3 - https:\/\/yoast.com\/product\/yoast-seo-wordpress\/ -->\n<title>K\u00e4ru riiul HARD k\u00e4rule 42,5x696x446 mm - Balti Laomeister<\/title>\n<meta name=\"robots\" content=\"index, follow, max-snippet:-1, max-image-preview:large, max-video-preview:-1\" \/>\n<link rel=\"canonical\" href=\"https:\/\/www.laomeister.com\/ru\/toode\/karu-riiul-hard-karule-425x696x446-mm\/\" \/>\n<meta property=\"og:locale\" content=\"ru_RU\" \/>\n<meta property=\"og:type\" content=\"article\" \/>\n<meta property=\"og:title\" content=\"K\u00e4ru riiul HARD k\u00e4rule 42,5x696x446 mm - Balti Laomeister\" \/>\n<meta property=\"og:description\" content=\"K\u00e4ru riiul sobitub suurep\u00e4raselt HARD k\u00e4ruga. Komplektis on kaasas \u00f5likindel kummimatt.  K\u00f5rgus\u2013 42,5 mm Laius \u2013 696 mm S\u00fcgavus \u2013 446 mm Materjal \u2013 k\u00f5rgtugev teras, 0,8 mm V\u00e4rvus \u2013 pulberv\u00e4rvitud poolmatt korpus on hall ahhaat (RAL 7038) Kaal \u2013 4,2 kg Maksimaalne kandev\u00f5ime \u2013 100 kg  Toote v\u00e4rv v\u00f5ib erineda pildil n\u00e4idatust. Toode tarnitakse lahtiv\u00f5etult. Pildil n\u00e4haolevad \u00fclej\u00e4\u00e4nud tooted ei kuulu hinna sisse.\" \/>\n<meta property=\"og:url\" content=\"https:\/\/www.laomeister.com\/ru\/toode\/karu-riiul-hard-karule-425x696x446-mm\/\" \/>\n<meta property=\"og:site_name\" content=\"Balti Laomeister\" \/>\n<meta property=\"article:modified_time\" content=\"2021-02-24T22:43:32+00:00\" \/>\n<meta property=\"og:image\" content=\"https:\/\/www.laomeister.com\/wp-content\/uploads\/2021\/02\/TROLLEY-SHELF-HARD.jpg\" \/>\n\t<meta property=\"og:image:width\" content=\"2000\" \/>\n\t<meta property=\"og:image:height\" content=\"2000\" \/>\n\t<meta property=\"og:image:type\" content=\"image\/jpeg\" \/>\n<meta name=\"twitter:card\" content=\"summary_large_image\" \/>\n<script type=\"application\/ld+json\" class=\"yoast-schema-graph\">{\"@context\":\"https:\\\/\\\/schema.org\",\"@graph\":[{\"@type\":\"WebPage\",\"@id\":\"https:\\\/\\\/www.laomeister.com\\\/ru\\\/toode\\\/karu-riiul-hard-karule-425x696x446-mm\\\/\",\"url\":\"https:\\\/\\\/www.laomeister.com\\\/ru\\\/toode\\\/karu-riiul-hard-karule-425x696x446-mm\\\/\",\"name\":\"K\u00e4ru riiul HARD k\u00e4rule 42,5x696x446 mm - Balti Laomeister\",\"isPartOf\":{\"@id\":\"https:\\\/\\\/www.laomeister.com\\\/ru\\\/#website\"},\"primaryImageOfPage\":{\"@id\":\"https:\\\/\\\/www.laomeister.com\\\/ru\\\/toode\\\/karu-riiul-hard-karule-425x696x446-mm\\\/#primaryimage\"},\"image\":{\"@id\":\"https:\\\/\\\/www.laomeister.com\\\/ru\\\/toode\\\/karu-riiul-hard-karule-425x696x446-mm\\\/#primaryimage\"},\"thumbnailUrl\":\"https:\\\/\\\/www.laomeister.com\\\/wp-content\\\/uploads\\\/2021\\\/02\\\/TROLLEY-SHELF-HARD.jpg\",\"datePublished\":\"2021-02-24T22:35:05+00:00\",\"dateModified\":\"2021-02-24T22:43:32+00:00\",\"breadcrumb\":{\"@id\":\"https:\\\/\\\/www.laomeister.com\\\/ru\\\/toode\\\/karu-riiul-hard-karule-425x696x446-mm\\\/#breadcrumb\"},\"inLanguage\":\"ru-RU\",\"potentialAction\":[{\"@type\":\"ReadAction\",\"target\":[\"https:\\\/\\\/www.laomeister.com\\\/ru\\\/toode\\\/karu-riiul-hard-karule-425x696x446-mm\\\/\"]}]},{\"@type\":\"ImageObject\",\"inLanguage\":\"ru-RU\",\"@id\":\"https:\\\/\\\/www.laomeister.com\\\/ru\\\/toode\\\/karu-riiul-hard-karule-425x696x446-mm\\\/#primaryimage\",\"url\":\"https:\\\/\\\/www.laomeister.com\\\/wp-content\\\/uploads\\\/2021\\\/02\\\/TROLLEY-SHELF-HARD.jpg\",\"contentUrl\":\"https:\\\/\\\/www.laomeister.com\\\/wp-content\\\/uploads\\\/2021\\\/02\\\/TROLLEY-SHELF-HARD.jpg\",\"width\":2000,\"height\":2000},{\"@type\":\"BreadcrumbList\",\"@id\":\"https:\\\/\\\/www.laomeister.com\\\/ru\\\/toode\\\/karu-riiul-hard-karule-425x696x446-mm\\\/#breadcrumb\",\"itemListElement\":[{\"@type\":\"ListItem\",\"position\":1,\"name\":\"Home\",\"item\":\"https:\\\/\\\/www.laomeister.com\\\/ru\\\/\"},{\"@type\":\"ListItem\",\"position\":2,\"name\":\"\u041f\u0440\u043e\u0434\u0443\u043a\u0442\u044b\",\"item\":\"https:\\\/\\\/www.laomeister.com\\\/ru\\\/%d0%bc%d0%b0%d0%b3%d0%b0%d0%b7%d0%b8%d0%bd\\\/\"},{\"@type\":\"ListItem\",\"position\":3,\"name\":\"K\u00e4ru riiul HARD k\u00e4rule 42,5x696x446 mm\"}]},{\"@type\":\"WebSite\",\"@id\":\"https:\\\/\\\/www.laomeister.com\\\/ru\\\/#website\",\"url\":\"https:\\\/\\\/www.laomeister.com\\\/ru\\\/\",\"name\":\"Balti Laomeister\",\"description\":\"Laoriiulid - m&uuml;&uuml;k ja paigaldus\",\"potentialAction\":[{\"@type\":\"SearchAction\",\"target\":{\"@type\":\"EntryPoint\",\"urlTemplate\":\"https:\\\/\\\/www.laomeister.com\\\/ru\\\/?s={search_term_string}\"},\"query-input\":{\"@type\":\"PropertyValueSpecification\",\"valueRequired\":true,\"valueName\":\"search_term_string\"}}],\"inLanguage\":\"ru-RU\"}]}<\/script>\n<!-- \/ Yoast SEO plugin. -->","yoast_head_json":{"title":"K\u00e4ru riiul HARD k\u00e4rule 42,5x696x446 mm - Balti Laomeister","robots":{"index":"index","follow":"follow","max-snippet":"max-snippet:-1","max-image-preview":"max-image-preview:large","max-video-preview":"max-video-preview:-1"},"canonical":"https:\/\/www.laomeister.com\/ru\/toode\/karu-riiul-hard-karule-425x696x446-mm\/","og_locale":"ru_RU","og_type":"article","og_title":"K\u00e4ru riiul HARD k\u00e4rule 42,5x696x446 mm - Balti Laomeister","og_description":"K\u00e4ru riiul sobitub suurep\u00e4raselt HARD k\u00e4ruga. Komplektis on kaasas \u00f5likindel kummimatt.  K\u00f5rgus\u2013 42,5 mm Laius \u2013 696 mm S\u00fcgavus \u2013 446 mm Materjal \u2013 k\u00f5rgtugev teras, 0,8 mm V\u00e4rvus \u2013 pulberv\u00e4rvitud poolmatt korpus on hall ahhaat (RAL 7038) Kaal \u2013 4,2 kg Maksimaalne kandev\u00f5ime \u2013 100 kg  Toote v\u00e4rv v\u00f5ib erineda pildil n\u00e4idatust. Toode tarnitakse lahtiv\u00f5etult. Pildil n\u00e4haolevad \u00fclej\u00e4\u00e4nud tooted ei kuulu hinna sisse.","og_url":"https:\/\/www.laomeister.com\/ru\/toode\/karu-riiul-hard-karule-425x696x446-mm\/","og_site_name":"Balti Laomeister","article_modified_time":"2021-02-24T22:43:32+00:00","og_image":[{"width":2000,"height":2000,"url":"https:\/\/www.laomeister.com\/wp-content\/uploads\/2021\/02\/TROLLEY-SHELF-HARD.jpg","type":"image\/jpeg"}],"twitter_card":"summary_large_image","schema":{"@context":"https:\/\/schema.org","@graph":[{"@type":"WebPage","@id":"https:\/\/www.laomeister.com\/ru\/toode\/karu-riiul-hard-karule-425x696x446-mm\/","url":"https:\/\/www.laomeister.com\/ru\/toode\/karu-riiul-hard-karule-425x696x446-mm\/","name":"K\u00e4ru riiul HARD k\u00e4rule 42,5x696x446 mm - Balti Laomeister","isPartOf":{"@id":"https:\/\/www.laomeister.com\/ru\/#website"},"primaryImageOfPage":{"@id":"https:\/\/www.laomeister.com\/ru\/toode\/karu-riiul-hard-karule-425x696x446-mm\/#primaryimage"},"image":{"@id":"https:\/\/www.laomeister.com\/ru\/toode\/karu-riiul-hard-karule-425x696x446-mm\/#primaryimage"},"thumbnailUrl":"https:\/\/www.laomeister.com\/wp-content\/uploads\/2021\/02\/TROLLEY-SHELF-HARD.jpg","datePublished":"2021-02-24T22:35:05+00:00","dateModified":"2021-02-24T22:43:32+00:00","breadcrumb":{"@id":"https:\/\/www.laomeister.com\/ru\/toode\/karu-riiul-hard-karule-425x696x446-mm\/#breadcrumb"},"inLanguage":"ru-RU","potentialAction":[{"@type":"ReadAction","target":["https:\/\/www.laomeister.com\/ru\/toode\/karu-riiul-hard-karule-425x696x446-mm\/"]}]},{"@type":"ImageObject","inLanguage":"ru-RU","@id":"https:\/\/www.laomeister.com\/ru\/toode\/karu-riiul-hard-karule-425x696x446-mm\/#primaryimage","url":"https:\/\/www.laomeister.com\/wp-content\/uploads\/2021\/02\/TROLLEY-SHELF-HARD.jpg","contentUrl":"https:\/\/www.laomeister.com\/wp-content\/uploads\/2021\/02\/TROLLEY-SHELF-HARD.jpg","width":2000,"height":2000},{"@type":"BreadcrumbList","@id":"https:\/\/www.laomeister.com\/ru\/toode\/karu-riiul-hard-karule-425x696x446-mm\/#breadcrumb","itemListElement":[{"@type":"ListItem","position":1,"name":"Home","item":"https:\/\/www.laomeister.com\/ru\/"},{"@type":"ListItem","position":2,"name":"\u041f\u0440\u043e\u0434\u0443\u043a\u0442\u044b","item":"https:\/\/www.laomeister.com\/ru\/%d0%bc%d0%b0%d0%b3%d0%b0%d0%b7%d0%b8%d0%bd\/"},{"@type":"ListItem","position":3,"name":"K\u00e4ru riiul HARD k\u00e4rule 42,5x696x446 mm"}]},{"@type":"WebSite","@id":"https:\/\/www.laomeister.com\/ru\/#website","url":"https:\/\/www.laomeister.com\/ru\/","name":"Balti Laomeister","description":"Laoriiulid - m&uuml;&uuml;k ja paigaldus","potentialAction":[{"@type":"SearchAction","target":{"@type":"EntryPoint","urlTemplate":"https:\/\/www.laomeister.com\/ru\/?s={search_term_string}"},"query-input":{"@type":"PropertyValueSpecification","valueRequired":true,"valueName":"search_term_string"}}],"inLanguage":"ru-RU"}]}},"_links":{"self":[{"href":"https:\/\/www.laomeister.com\/ru\/wp-json\/wp\/v2\/product\/17585","targetHints":{"allow":["GET"]}}],"collection":[{"href":"https:\/\/www.laomeister.com\/ru\/wp-json\/wp\/v2\/product"}],"about":[{"href":"https:\/\/www.laomeister.com\/ru\/wp-json\/wp\/v2\/types\/product"}],"wp:featuredmedia":[{"embeddable":true,"href":"https:\/\/www.laomeister.com\/ru\/wp-json\/wp\/v2\/media\/17589"}],"wp:attachment":[{"href":"https:\/\/www.laomeister.com\/ru\/wp-json\/wp\/v2\/media?parent=17585"}],"wp:term":[{"taxonomy":"product_brand","embeddable":true,"href":"https:\/\/www.laomeister.com\/ru\/wp-json\/wp\/v2\/product_brand?post=17585"},{"taxonomy":"product_cat","embeddable":true,"href":"https:\/\/www.laomeister.com\/ru\/wp-json\/wp\/v2\/product_cat?post=17585"},{"taxonomy":"product_tag","embeddable":true,"href":"https:\/\/www.laomeister.com\/ru\/wp-json\/wp\/v2\/product_tag?post=17585"}],"curies":[{"name":"wp","href":"https:\/\/api.w.org\/{rel}","templated":true}]}}