{"id":14107,"date":"2018-08-17T09:44:59","date_gmt":"2018-08-17T06:44:59","guid":{"rendered":"https:\/\/www.laomeister.com\/product\/c-line-korviga-karu\/"},"modified":"2020-10-06T22:14:52","modified_gmt":"2020-10-06T19:14:52","slug":"c-line-korviga-karu","status":"publish","type":"product","link":"https:\/\/www.laomeister.com\/ru\/toode\/c-line-korviga-karu\/","title":{"rendered":"C-line korviga k\u00e4ru"},"content":{"rendered":"","protected":false},"excerpt":{"rendered":"<p>C-line seeria puhul on erilist r\u00f5hku p\u00f6\u00f6ratud just disainile ja mugavusele. K\u00e4ruga on t\u00e4nu keskele kinnitatud k\u00e4epidemele \u00e4\u00e4rmiselt kerge man\u00f6\u00f6verdada. K\u00e4epide on \u00fches t\u00fckis<\/p>\n","protected":false},"featured_media":5709,"template":"","meta":[],"product_brand":[],"product_cat":[242],"product_tag":[],"class_list":{"0":"post-14107","1":"product","2":"type-product","3":"status-publish","4":"has-post-thumbnail","6":"product_cat-karud-ru","8":"first","9":"instock","10":"taxable","11":"shipping-taxable","12":"purchasable","13":"product-type-simple"},"yoast_head":"<!-- This site is optimized with the Yoast SEO plugin v27.3 - https:\/\/yoast.com\/product\/yoast-seo-wordpress\/ -->\n<title>C-line korviga k\u00e4ru - Balti Laomeister<\/title>\n<meta name=\"robots\" content=\"index, follow, max-snippet:-1, max-image-preview:large, max-video-preview:-1\" \/>\n<link rel=\"canonical\" href=\"https:\/\/www.laomeister.com\/ru\/toode\/c-line-korviga-karu\/\" \/>\n<meta property=\"og:locale\" content=\"ru_RU\" \/>\n<meta property=\"og:type\" content=\"article\" \/>\n<meta property=\"og:title\" content=\"C-line korviga k\u00e4ru - Balti Laomeister\" \/>\n<meta property=\"og:description\" content=\"C-line seeria puhul on erilist r\u00f5hku p\u00f6\u00f6ratud just disainile ja mugavusele. K\u00e4ruga on t\u00e4nu keskele kinnitatud k\u00e4epidemele \u00e4\u00e4rmiselt kerge man\u00f6\u00f6verdada. K\u00e4epide on \u00fches t\u00fckis\" \/>\n<meta property=\"og:url\" content=\"https:\/\/www.laomeister.com\/ru\/toode\/c-line-korviga-karu\/\" \/>\n<meta property=\"og:site_name\" content=\"Balti Laomeister\" \/>\n<meta property=\"article:modified_time\" content=\"2020-10-06T19:14:52+00:00\" \/>\n<meta property=\"og:image\" content=\"https:\/\/www.laomeister.com\/wp-content\/uploads\/2018\/08\/C-line-korviga-ka\u0308ru.png\" \/>\n\t<meta property=\"og:image:width\" content=\"719\" \/>\n\t<meta property=\"og:image:height\" content=\"720\" \/>\n\t<meta property=\"og:image:type\" content=\"image\/png\" \/>\n<meta name=\"twitter:card\" content=\"summary_large_image\" \/>\n<script type=\"application\/ld+json\" class=\"yoast-schema-graph\">{\"@context\":\"https:\\\/\\\/schema.org\",\"@graph\":[{\"@type\":\"WebPage\",\"@id\":\"https:\\\/\\\/www.laomeister.com\\\/ru\\\/toode\\\/c-line-korviga-karu\\\/\",\"url\":\"https:\\\/\\\/www.laomeister.com\\\/ru\\\/toode\\\/c-line-korviga-karu\\\/\",\"name\":\"C-line korviga k\u00e4ru - Balti Laomeister\",\"isPartOf\":{\"@id\":\"https:\\\/\\\/www.laomeister.com\\\/ru\\\/#website\"},\"primaryImageOfPage\":{\"@id\":\"https:\\\/\\\/www.laomeister.com\\\/ru\\\/toode\\\/c-line-korviga-karu\\\/#primaryimage\"},\"image\":{\"@id\":\"https:\\\/\\\/www.laomeister.com\\\/ru\\\/toode\\\/c-line-korviga-karu\\\/#primaryimage\"},\"thumbnailUrl\":\"https:\\\/\\\/www.laomeister.com\\\/wp-content\\\/uploads\\\/2018\\\/08\\\/C-line-korviga-ka\u0308ru.png\",\"datePublished\":\"2018-08-17T06:44:59+00:00\",\"dateModified\":\"2020-10-06T19:14:52+00:00\",\"breadcrumb\":{\"@id\":\"https:\\\/\\\/www.laomeister.com\\\/ru\\\/toode\\\/c-line-korviga-karu\\\/#breadcrumb\"},\"inLanguage\":\"ru-RU\",\"potentialAction\":[{\"@type\":\"ReadAction\",\"target\":[\"https:\\\/\\\/www.laomeister.com\\\/ru\\\/toode\\\/c-line-korviga-karu\\\/\"]}]},{\"@type\":\"ImageObject\",\"inLanguage\":\"ru-RU\",\"@id\":\"https:\\\/\\\/www.laomeister.com\\\/ru\\\/toode\\\/c-line-korviga-karu\\\/#primaryimage\",\"url\":\"https:\\\/\\\/www.laomeister.com\\\/wp-content\\\/uploads\\\/2018\\\/08\\\/C-line-korviga-ka\u0308ru.png\",\"contentUrl\":\"https:\\\/\\\/www.laomeister.com\\\/wp-content\\\/uploads\\\/2018\\\/08\\\/C-line-korviga-ka\u0308ru.png\",\"width\":719,\"height\":720,\"caption\":\"C-line korviga ka\u0308ru\"},{\"@type\":\"BreadcrumbList\",\"@id\":\"https:\\\/\\\/www.laomeister.com\\\/ru\\\/toode\\\/c-line-korviga-karu\\\/#breadcrumb\",\"itemListElement\":[{\"@type\":\"ListItem\",\"position\":1,\"name\":\"Home\",\"item\":\"https:\\\/\\\/www.laomeister.com\\\/ru\\\/\"},{\"@type\":\"ListItem\",\"position\":2,\"name\":\"\u041f\u0440\u043e\u0434\u0443\u043a\u0442\u044b\",\"item\":\"https:\\\/\\\/www.laomeister.com\\\/ru\\\/%d0%bc%d0%b0%d0%b3%d0%b0%d0%b7%d0%b8%d0%bd\\\/\"},{\"@type\":\"ListItem\",\"position\":3,\"name\":\"C-line korviga k\u00e4ru\"}]},{\"@type\":\"WebSite\",\"@id\":\"https:\\\/\\\/www.laomeister.com\\\/ru\\\/#website\",\"url\":\"https:\\\/\\\/www.laomeister.com\\\/ru\\\/\",\"name\":\"Balti Laomeister\",\"description\":\"Laoriiulid - m&uuml;&uuml;k ja paigaldus\",\"potentialAction\":[{\"@type\":\"SearchAction\",\"target\":{\"@type\":\"EntryPoint\",\"urlTemplate\":\"https:\\\/\\\/www.laomeister.com\\\/ru\\\/?s={search_term_string}\"},\"query-input\":{\"@type\":\"PropertyValueSpecification\",\"valueRequired\":true,\"valueName\":\"search_term_string\"}}],\"inLanguage\":\"ru-RU\"}]}<\/script>\n<!-- \/ Yoast SEO plugin. -->","yoast_head_json":{"title":"C-line korviga k\u00e4ru - Balti Laomeister","robots":{"index":"index","follow":"follow","max-snippet":"max-snippet:-1","max-image-preview":"max-image-preview:large","max-video-preview":"max-video-preview:-1"},"canonical":"https:\/\/www.laomeister.com\/ru\/toode\/c-line-korviga-karu\/","og_locale":"ru_RU","og_type":"article","og_title":"C-line korviga k\u00e4ru - Balti Laomeister","og_description":"C-line seeria puhul on erilist r\u00f5hku p\u00f6\u00f6ratud just disainile ja mugavusele. K\u00e4ruga on t\u00e4nu keskele kinnitatud k\u00e4epidemele \u00e4\u00e4rmiselt kerge man\u00f6\u00f6verdada. K\u00e4epide on \u00fches t\u00fckis","og_url":"https:\/\/www.laomeister.com\/ru\/toode\/c-line-korviga-karu\/","og_site_name":"Balti Laomeister","article_modified_time":"2020-10-06T19:14:52+00:00","og_image":[{"width":719,"height":720,"url":"https:\/\/www.laomeister.com\/wp-content\/uploads\/2018\/08\/C-line-korviga-ka\u0308ru.png","type":"image\/png"}],"twitter_card":"summary_large_image","schema":{"@context":"https:\/\/schema.org","@graph":[{"@type":"WebPage","@id":"https:\/\/www.laomeister.com\/ru\/toode\/c-line-korviga-karu\/","url":"https:\/\/www.laomeister.com\/ru\/toode\/c-line-korviga-karu\/","name":"C-line korviga k\u00e4ru - Balti Laomeister","isPartOf":{"@id":"https:\/\/www.laomeister.com\/ru\/#website"},"primaryImageOfPage":{"@id":"https:\/\/www.laomeister.com\/ru\/toode\/c-line-korviga-karu\/#primaryimage"},"image":{"@id":"https:\/\/www.laomeister.com\/ru\/toode\/c-line-korviga-karu\/#primaryimage"},"thumbnailUrl":"https:\/\/www.laomeister.com\/wp-content\/uploads\/2018\/08\/C-line-korviga-ka\u0308ru.png","datePublished":"2018-08-17T06:44:59+00:00","dateModified":"2020-10-06T19:14:52+00:00","breadcrumb":{"@id":"https:\/\/www.laomeister.com\/ru\/toode\/c-line-korviga-karu\/#breadcrumb"},"inLanguage":"ru-RU","potentialAction":[{"@type":"ReadAction","target":["https:\/\/www.laomeister.com\/ru\/toode\/c-line-korviga-karu\/"]}]},{"@type":"ImageObject","inLanguage":"ru-RU","@id":"https:\/\/www.laomeister.com\/ru\/toode\/c-line-korviga-karu\/#primaryimage","url":"https:\/\/www.laomeister.com\/wp-content\/uploads\/2018\/08\/C-line-korviga-ka\u0308ru.png","contentUrl":"https:\/\/www.laomeister.com\/wp-content\/uploads\/2018\/08\/C-line-korviga-ka\u0308ru.png","width":719,"height":720,"caption":"C-line korviga ka\u0308ru"},{"@type":"BreadcrumbList","@id":"https:\/\/www.laomeister.com\/ru\/toode\/c-line-korviga-karu\/#breadcrumb","itemListElement":[{"@type":"ListItem","position":1,"name":"Home","item":"https:\/\/www.laomeister.com\/ru\/"},{"@type":"ListItem","position":2,"name":"\u041f\u0440\u043e\u0434\u0443\u043a\u0442\u044b","item":"https:\/\/www.laomeister.com\/ru\/%d0%bc%d0%b0%d0%b3%d0%b0%d0%b7%d0%b8%d0%bd\/"},{"@type":"ListItem","position":3,"name":"C-line korviga k\u00e4ru"}]},{"@type":"WebSite","@id":"https:\/\/www.laomeister.com\/ru\/#website","url":"https:\/\/www.laomeister.com\/ru\/","name":"Balti Laomeister","description":"Laoriiulid - m&uuml;&uuml;k ja paigaldus","potentialAction":[{"@type":"SearchAction","target":{"@type":"EntryPoint","urlTemplate":"https:\/\/www.laomeister.com\/ru\/?s={search_term_string}"},"query-input":{"@type":"PropertyValueSpecification","valueRequired":true,"valueName":"search_term_string"}}],"inLanguage":"ru-RU"}]}},"_links":{"self":[{"href":"https:\/\/www.laomeister.com\/ru\/wp-json\/wp\/v2\/product\/14107","targetHints":{"allow":["GET"]}}],"collection":[{"href":"https:\/\/www.laomeister.com\/ru\/wp-json\/wp\/v2\/product"}],"about":[{"href":"https:\/\/www.laomeister.com\/ru\/wp-json\/wp\/v2\/types\/product"}],"wp:featuredmedia":[{"embeddable":true,"href":"https:\/\/www.laomeister.com\/ru\/wp-json\/wp\/v2\/media\/5709"}],"wp:attachment":[{"href":"https:\/\/www.laomeister.com\/ru\/wp-json\/wp\/v2\/media?parent=14107"}],"wp:term":[{"taxonomy":"product_brand","embeddable":true,"href":"https:\/\/www.laomeister.com\/ru\/wp-json\/wp\/v2\/product_brand?post=14107"},{"taxonomy":"product_cat","embeddable":true,"href":"https:\/\/www.laomeister.com\/ru\/wp-json\/wp\/v2\/product_cat?post=14107"},{"taxonomy":"product_tag","embeddable":true,"href":"https:\/\/www.laomeister.com\/ru\/wp-json\/wp\/v2\/product_tag?post=14107"}],"curies":[{"name":"wp","href":"https:\/\/api.w.org\/{rel}","templated":true}]}}