{"id":13695,"date":"2018-12-07T12:34:41","date_gmt":"2018-12-07T09:34:41","guid":{"rendered":"https:\/\/www.laomeister.com\/product\/kahvelkaru-1150x520-mm-2500-kg\/"},"modified":"2018-12-07T12:34:41","modified_gmt":"2018-12-07T09:34:41","slug":"kahvelkaru-1150x520-mm-2500-kg","status":"publish","type":"product","link":"https:\/\/www.laomeister.com\/ru\/toode\/kahvelkaru-1150x520-mm-2500-kg\/","title":{"rendered":"Kahvelk\u00e4ru, 1150&#215;520 mm, 2500 kg"},"content":{"rendered":"","protected":false},"excerpt":{"rendered":"<p><strong>Lisainfo:<\/strong><br \/>\n&#8211; kandev\u00f5ime: 2500 kg;<br \/>\n&#8211; maksimaalne t\u00f5stmisk\u00f5rgus: 200 mm;<br \/>\n&#8211; minimaalne t\u00f5stmisk\u00f5rgus: 85 mm;<br \/>\n&#8211; kahvli m\u00f5\u00f5tmed: 1150&#215;540 mm;<br \/>\n&#8211; kaal: 72 kg;<br \/>\n&#8211; juhtrattad: 200&#215;50 mm, nailon;<br \/>\n&#8211; kahvlirattad: 80&#215;70 mm, nailon.<\/p>\n","protected":false},"featured_media":5086,"template":"","meta":[],"product_brand":[],"product_cat":[255],"product_tag":[],"class_list":{"0":"post-13695","1":"product","2":"type-product","3":"status-publish","4":"has-post-thumbnail","6":"product_cat-255","8":"first","9":"instock","10":"taxable","11":"shipping-taxable","12":"purchasable","13":"product-type-simple"},"yoast_head":"<!-- This site is optimized with the Yoast SEO plugin v27.3 - https:\/\/yoast.com\/product\/yoast-seo-wordpress\/ -->\n<title>Kahvelk\u00e4ru, 1150x520 mm, 2500 kg - Balti Laomeister<\/title>\n<meta name=\"description\" content=\"Kahvelk\u00e4ru on esimene abimees kaubaaluste liigutamisel. Kahvelk\u00e4ruga liigutad kaupa ja materjali kitsastes kohtades, l\u00fchikesi vahemaid.\" \/>\n<meta name=\"robots\" content=\"index, follow, max-snippet:-1, max-image-preview:large, max-video-preview:-1\" \/>\n<link rel=\"canonical\" href=\"https:\/\/www.laomeister.com\/ru\/toode\/kahvelkaru-1150x520-mm-2500-kg\/\" \/>\n<meta property=\"og:locale\" content=\"ru_RU\" \/>\n<meta property=\"og:type\" content=\"article\" \/>\n<meta property=\"og:title\" content=\"Kahvelk\u00e4ru, 1150x520 mm, 2500 kg - Balti Laomeister\" \/>\n<meta property=\"og:description\" content=\"Kahvelk\u00e4ru on esimene abimees kaubaaluste liigutamisel. Kahvelk\u00e4ruga liigutad kaupa ja materjali kitsastes kohtades, l\u00fchikesi vahemaid.\" \/>\n<meta property=\"og:url\" content=\"https:\/\/www.laomeister.com\/ru\/toode\/kahvelkaru-1150x520-mm-2500-kg\/\" \/>\n<meta property=\"og:site_name\" content=\"Balti Laomeister\" \/>\n<meta property=\"og:image\" content=\"https:\/\/www.laomeister.com\/wp-content\/uploads\/2018\/12\/Balti-Laomeister-OU\u0308-Kahvelka\u0308ru-1150x520-mm-2500-kg-.jpg\" \/>\n\t<meta property=\"og:image:width\" content=\"449\" \/>\n\t<meta property=\"og:image:height\" content=\"449\" \/>\n\t<meta property=\"og:image:type\" content=\"image\/jpeg\" \/>\n<meta name=\"twitter:card\" content=\"summary_large_image\" \/>\n<script type=\"application\/ld+json\" class=\"yoast-schema-graph\">{\"@context\":\"https:\\\/\\\/schema.org\",\"@graph\":[{\"@type\":\"WebPage\",\"@id\":\"https:\\\/\\\/www.laomeister.com\\\/ru\\\/toode\\\/kahvelkaru-1150x520-mm-2500-kg\\\/\",\"url\":\"https:\\\/\\\/www.laomeister.com\\\/ru\\\/toode\\\/kahvelkaru-1150x520-mm-2500-kg\\\/\",\"name\":\"Kahvelk\u00e4ru, 1150x520 mm, 2500 kg - Balti Laomeister\",\"isPartOf\":{\"@id\":\"https:\\\/\\\/www.laomeister.com\\\/ru\\\/#website\"},\"primaryImageOfPage\":{\"@id\":\"https:\\\/\\\/www.laomeister.com\\\/ru\\\/toode\\\/kahvelkaru-1150x520-mm-2500-kg\\\/#primaryimage\"},\"image\":{\"@id\":\"https:\\\/\\\/www.laomeister.com\\\/ru\\\/toode\\\/kahvelkaru-1150x520-mm-2500-kg\\\/#primaryimage\"},\"thumbnailUrl\":\"https:\\\/\\\/www.laomeister.com\\\/wp-content\\\/uploads\\\/2018\\\/12\\\/Balti-Laomeister-OU\u0308-Kahvelka\u0308ru-1150x520-mm-2500-kg-.jpg\",\"datePublished\":\"2018-12-07T09:34:41+00:00\",\"description\":\"Kahvelk\u00e4ru on esimene abimees kaubaaluste liigutamisel. Kahvelk\u00e4ruga liigutad kaupa ja materjali kitsastes kohtades, l\u00fchikesi vahemaid.\",\"breadcrumb\":{\"@id\":\"https:\\\/\\\/www.laomeister.com\\\/ru\\\/toode\\\/kahvelkaru-1150x520-mm-2500-kg\\\/#breadcrumb\"},\"inLanguage\":\"ru-RU\",\"potentialAction\":[{\"@type\":\"ReadAction\",\"target\":[\"https:\\\/\\\/www.laomeister.com\\\/ru\\\/toode\\\/kahvelkaru-1150x520-mm-2500-kg\\\/\"]}]},{\"@type\":\"ImageObject\",\"inLanguage\":\"ru-RU\",\"@id\":\"https:\\\/\\\/www.laomeister.com\\\/ru\\\/toode\\\/kahvelkaru-1150x520-mm-2500-kg\\\/#primaryimage\",\"url\":\"https:\\\/\\\/www.laomeister.com\\\/wp-content\\\/uploads\\\/2018\\\/12\\\/Balti-Laomeister-OU\u0308-Kahvelka\u0308ru-1150x520-mm-2500-kg-.jpg\",\"contentUrl\":\"https:\\\/\\\/www.laomeister.com\\\/wp-content\\\/uploads\\\/2018\\\/12\\\/Balti-Laomeister-OU\u0308-Kahvelka\u0308ru-1150x520-mm-2500-kg-.jpg\",\"width\":449,\"height\":449,\"caption\":\"Kahvelka\u0308ru\"},{\"@type\":\"BreadcrumbList\",\"@id\":\"https:\\\/\\\/www.laomeister.com\\\/ru\\\/toode\\\/kahvelkaru-1150x520-mm-2500-kg\\\/#breadcrumb\",\"itemListElement\":[{\"@type\":\"ListItem\",\"position\":1,\"name\":\"Home\",\"item\":\"https:\\\/\\\/www.laomeister.com\\\/ru\\\/\"},{\"@type\":\"ListItem\",\"position\":2,\"name\":\"\u041f\u0440\u043e\u0434\u0443\u043a\u0442\u044b\",\"item\":\"https:\\\/\\\/www.laomeister.com\\\/ru\\\/%d0%bc%d0%b0%d0%b3%d0%b0%d0%b7%d0%b8%d0%bd\\\/\"},{\"@type\":\"ListItem\",\"position\":3,\"name\":\"Kahvelk\u00e4ru, 1150&#215;520 mm, 2500 kg\"}]},{\"@type\":\"WebSite\",\"@id\":\"https:\\\/\\\/www.laomeister.com\\\/ru\\\/#website\",\"url\":\"https:\\\/\\\/www.laomeister.com\\\/ru\\\/\",\"name\":\"Balti Laomeister\",\"description\":\"Laoriiulid - m&uuml;&uuml;k ja paigaldus\",\"potentialAction\":[{\"@type\":\"SearchAction\",\"target\":{\"@type\":\"EntryPoint\",\"urlTemplate\":\"https:\\\/\\\/www.laomeister.com\\\/ru\\\/?s={search_term_string}\"},\"query-input\":{\"@type\":\"PropertyValueSpecification\",\"valueRequired\":true,\"valueName\":\"search_term_string\"}}],\"inLanguage\":\"ru-RU\"}]}<\/script>\n<!-- \/ Yoast SEO plugin. -->","yoast_head_json":{"title":"Kahvelk\u00e4ru, 1150x520 mm, 2500 kg - Balti Laomeister","description":"Kahvelk\u00e4ru on esimene abimees kaubaaluste liigutamisel. Kahvelk\u00e4ruga liigutad kaupa ja materjali kitsastes kohtades, l\u00fchikesi vahemaid.","robots":{"index":"index","follow":"follow","max-snippet":"max-snippet:-1","max-image-preview":"max-image-preview:large","max-video-preview":"max-video-preview:-1"},"canonical":"https:\/\/www.laomeister.com\/ru\/toode\/kahvelkaru-1150x520-mm-2500-kg\/","og_locale":"ru_RU","og_type":"article","og_title":"Kahvelk\u00e4ru, 1150x520 mm, 2500 kg - Balti Laomeister","og_description":"Kahvelk\u00e4ru on esimene abimees kaubaaluste liigutamisel. Kahvelk\u00e4ruga liigutad kaupa ja materjali kitsastes kohtades, l\u00fchikesi vahemaid.","og_url":"https:\/\/www.laomeister.com\/ru\/toode\/kahvelkaru-1150x520-mm-2500-kg\/","og_site_name":"Balti Laomeister","og_image":[{"width":449,"height":449,"url":"https:\/\/www.laomeister.com\/wp-content\/uploads\/2018\/12\/Balti-Laomeister-OU\u0308-Kahvelka\u0308ru-1150x520-mm-2500-kg-.jpg","type":"image\/jpeg"}],"twitter_card":"summary_large_image","schema":{"@context":"https:\/\/schema.org","@graph":[{"@type":"WebPage","@id":"https:\/\/www.laomeister.com\/ru\/toode\/kahvelkaru-1150x520-mm-2500-kg\/","url":"https:\/\/www.laomeister.com\/ru\/toode\/kahvelkaru-1150x520-mm-2500-kg\/","name":"Kahvelk\u00e4ru, 1150x520 mm, 2500 kg - Balti Laomeister","isPartOf":{"@id":"https:\/\/www.laomeister.com\/ru\/#website"},"primaryImageOfPage":{"@id":"https:\/\/www.laomeister.com\/ru\/toode\/kahvelkaru-1150x520-mm-2500-kg\/#primaryimage"},"image":{"@id":"https:\/\/www.laomeister.com\/ru\/toode\/kahvelkaru-1150x520-mm-2500-kg\/#primaryimage"},"thumbnailUrl":"https:\/\/www.laomeister.com\/wp-content\/uploads\/2018\/12\/Balti-Laomeister-OU\u0308-Kahvelka\u0308ru-1150x520-mm-2500-kg-.jpg","datePublished":"2018-12-07T09:34:41+00:00","description":"Kahvelk\u00e4ru on esimene abimees kaubaaluste liigutamisel. Kahvelk\u00e4ruga liigutad kaupa ja materjali kitsastes kohtades, l\u00fchikesi vahemaid.","breadcrumb":{"@id":"https:\/\/www.laomeister.com\/ru\/toode\/kahvelkaru-1150x520-mm-2500-kg\/#breadcrumb"},"inLanguage":"ru-RU","potentialAction":[{"@type":"ReadAction","target":["https:\/\/www.laomeister.com\/ru\/toode\/kahvelkaru-1150x520-mm-2500-kg\/"]}]},{"@type":"ImageObject","inLanguage":"ru-RU","@id":"https:\/\/www.laomeister.com\/ru\/toode\/kahvelkaru-1150x520-mm-2500-kg\/#primaryimage","url":"https:\/\/www.laomeister.com\/wp-content\/uploads\/2018\/12\/Balti-Laomeister-OU\u0308-Kahvelka\u0308ru-1150x520-mm-2500-kg-.jpg","contentUrl":"https:\/\/www.laomeister.com\/wp-content\/uploads\/2018\/12\/Balti-Laomeister-OU\u0308-Kahvelka\u0308ru-1150x520-mm-2500-kg-.jpg","width":449,"height":449,"caption":"Kahvelka\u0308ru"},{"@type":"BreadcrumbList","@id":"https:\/\/www.laomeister.com\/ru\/toode\/kahvelkaru-1150x520-mm-2500-kg\/#breadcrumb","itemListElement":[{"@type":"ListItem","position":1,"name":"Home","item":"https:\/\/www.laomeister.com\/ru\/"},{"@type":"ListItem","position":2,"name":"\u041f\u0440\u043e\u0434\u0443\u043a\u0442\u044b","item":"https:\/\/www.laomeister.com\/ru\/%d0%bc%d0%b0%d0%b3%d0%b0%d0%b7%d0%b8%d0%bd\/"},{"@type":"ListItem","position":3,"name":"Kahvelk\u00e4ru, 1150&#215;520 mm, 2500 kg"}]},{"@type":"WebSite","@id":"https:\/\/www.laomeister.com\/ru\/#website","url":"https:\/\/www.laomeister.com\/ru\/","name":"Balti Laomeister","description":"Laoriiulid - m&uuml;&uuml;k ja paigaldus","potentialAction":[{"@type":"SearchAction","target":{"@type":"EntryPoint","urlTemplate":"https:\/\/www.laomeister.com\/ru\/?s={search_term_string}"},"query-input":{"@type":"PropertyValueSpecification","valueRequired":true,"valueName":"search_term_string"}}],"inLanguage":"ru-RU"}]}},"_links":{"self":[{"href":"https:\/\/www.laomeister.com\/ru\/wp-json\/wp\/v2\/product\/13695","targetHints":{"allow":["GET"]}}],"collection":[{"href":"https:\/\/www.laomeister.com\/ru\/wp-json\/wp\/v2\/product"}],"about":[{"href":"https:\/\/www.laomeister.com\/ru\/wp-json\/wp\/v2\/types\/product"}],"wp:featuredmedia":[{"embeddable":true,"href":"https:\/\/www.laomeister.com\/ru\/wp-json\/wp\/v2\/media\/5086"}],"wp:attachment":[{"href":"https:\/\/www.laomeister.com\/ru\/wp-json\/wp\/v2\/media?parent=13695"}],"wp:term":[{"taxonomy":"product_brand","embeddable":true,"href":"https:\/\/www.laomeister.com\/ru\/wp-json\/wp\/v2\/product_brand?post=13695"},{"taxonomy":"product_cat","embeddable":true,"href":"https:\/\/www.laomeister.com\/ru\/wp-json\/wp\/v2\/product_cat?post=13695"},{"taxonomy":"product_tag","embeddable":true,"href":"https:\/\/www.laomeister.com\/ru\/wp-json\/wp\/v2\/product_tag?post=13695"}],"curies":[{"name":"wp","href":"https:\/\/api.w.org\/{rel}","templated":true}]}}