{"id":37052,"date":"2021-01-31T23:18:15","date_gmt":"2024-07-02T20:22:32","guid":{"rendered":"https:\/\/www.laomeister.com\/toode\/venttiilipeili-dancop-transpo-25-halkaisija-25-cm\/"},"modified":"2024-07-02T23:22:32","modified_gmt":"2024-07-02T20:22:32","slug":"venttiilipeili-dancop-transpo-25-halkaisija-25-cm","status":"publish","type":"product","link":"https:\/\/www.laomeister.com\/fi\/toode\/venttiilipeili-dancop-transpo-25-halkaisija-25-cm\/","title":{"rendered":"Venttiilipeili Dancop, TRANSPO 25, halkaisija 25 cm."},"content":{"rendered":"","protected":false},"excerpt":{"rendered":"<p>Transpo AC 25 -peili on ihanteellinen ratkaisu haarukkatrukkien ja muiden varastoajoneuvojen peiliksi. T\u00e4m\u00e4 mahdollistaa helpon n\u00e4kyvyyden taaksep\u00e4in ja auttaa lis\u00e4\u00e4m\u00e4\u00e4n teollisuuden kulkuv\u00e4ylien turvallisuutta.<\/p>\n<p>&nbsp;<\/p>\n<p><span class=\"JLqJ4b ChMk0b\" data-language-for-alternatives=\"et\" data-language-to-translate-into=\"en\" data-phrase-index=\"0\"><strong>Halkaisija <\/strong>&#8211; 25 cm<\/span><br \/>\n<span class=\"JLqJ4b ChMk0b\" data-language-for-alternatives=\"et\" data-language-to-translate-into=\"en\" data-phrase-index=\"2\"><strong><br \/>\nM<strong>ateriaali<\/strong> &#8211; akryyli<\/strong><span class=\"JLqJ4b ChMk0b\" data-language-for-alternatives=\"et\" data-language-to-translate-into=\"en\" data-phrase-index=\"2\"><strong>Kehyksen korkeus<\/strong> &#8211; 13 cm<\/span><\/span><br \/>\n<span class=\"JLqJ4b ChMk0b\" data-language-for-alternatives=\"et\" data-language-to-translate-into=\"en\" data-phrase-index=\"4\"><strong>Rungon<\/strong> <strong>leveys<\/strong> &#8211; 19<\/span><span class=\"JLqJ4b ChMk0b\" data-language-for-alternatives=\"et\" data-language-to-translate-into=\"en\" data-phrase-index=\"4\"> cm<\/span><br \/>\n<span class=\"JLqJ4b ChMk0b\" data-language-for-alternatives=\"et\" data-language-to-translate-into=\"en\" data-phrase-index=\"6\"><strong>Rungon pituus<\/strong> &#8211; 25 cm<\/span><span class=\"JLqJ4b ChMk0b\" data-language-for-alternatives=\"et\" data-language-to-translate-into=\"en\" data-phrase-index=\"8\"><strong><br \/>\nV\u00e4ri<\/strong> &#8211; musta runko<\/span><br \/>\n<span class=\"JLqJ4b ChMk0b\" data-language-for-alternatives=\"et\" data-language-to-translate-into=\"en\" data-phrase-index=\"12\"><strong>Paino<\/strong> &#8211;<\/span> 0,4<span class=\"JLqJ4b ChMk0b\" data-language-for-alternatives=\"et\" data-language-to-translate-into=\"en\" data-phrase-index=\"16\"> kg<\/span><br \/>\n<span class=\"JLqJ4b ChMk0b\" data-language-for-alternatives=\"et\" data-language-to-translate-into=\"en\" data-phrase-index=\"20\"><strong>Tarkkailuet\u00e4isyys<\/strong> &#8211; 1 &#8211; 2 m<\/span><br \/>\n<span class=\"JLqJ4b ChMk0b\" data-language-for-alternatives=\"et\" data-language-to-translate-into=\"en\" data-phrase-index=\"24\"><strong>Sis\u00e4inen k\u00e4ytt\u00f6<\/strong> &#8211; kyll\u00e4<\/span><br \/>\n<span class=\"JLqJ4b ChMk0b\" data-language-for-alternatives=\"et\" data-language-to-translate-into=\"en\" data-phrase-index=\"26\"><strong>Ulkok\u00e4ytt\u00f6\u00f6n<\/strong> &#8211; kyll\u00e4<\/span><br \/>\n<span class=\"JLqJ4b ChMk0b\" data-language-for-alternatives=\"et\" data-language-to-translate-into=\"en\" data-phrase-index=\"28\"><strong>Kiinnitys<\/strong> &#8211; ruuvikiinnityssarja<\/span><\/p>\n<p>&nbsp;<\/p>\n<p><strong>Materiaali per\u00e4isin<\/strong><br \/>\nPeili on valmistettu iskunkest\u00e4v\u00e4st\u00e4 akryylist\u00e4. Peililasia suojaa vakaa muovikotelo.<\/p>\n<p><strong>Korjaaminen<\/strong><br \/>\nPeili voidaan kiinnitt\u00e4\u00e4 trukkiin mukana toimitetulla kiinnikkeell\u00e4.<\/p>\n","protected":false},"featured_media":16644,"template":"","meta":[],"product_brand":[],"product_cat":[904,903],"product_tag":[],"class_list":{"0":"post-37052","1":"product","2":"type-product","3":"status-publish","4":"has-post-thumbnail","6":"product_cat-liikennepeilit","7":"product_cat-laopeeglid-fi","9":"first","10":"instock","11":"taxable","12":"shipping-taxable","13":"purchasable","14":"product-type-simple"},"yoast_head":"<!-- This site is optimized with the Yoast SEO plugin v27.5 - https:\/\/yoast.com\/product\/yoast-seo-wordpress\/ -->\n<title>Venttiilipeili Dancop, TRANSPO 25, halkaisija 25 cm. - Balti Laomeister<\/title>\n<meta name=\"robots\" content=\"index, follow, max-snippet:-1, max-image-preview:large, max-video-preview:-1\" \/>\n<link rel=\"canonical\" href=\"https:\/\/www.laomeister.com\/fi\/toode\/venttiilipeili-dancop-transpo-25-halkaisija-25-cm\/\" \/>\n<meta property=\"og:locale\" content=\"fi_FI\" \/>\n<meta property=\"og:type\" content=\"article\" \/>\n<meta property=\"og:title\" content=\"Venttiilipeili Dancop, TRANSPO 25, halkaisija 25 cm. - Balti Laomeister\" \/>\n<meta property=\"og:description\" content=\"Transpo AC 25 -peili on ihanteellinen ratkaisu haarukkatrukkien ja muiden varastoajoneuvojen peiliksi. T\u00e4m\u00e4 mahdollistaa helpon n\u00e4kyvyyden taaksep\u00e4in ja auttaa lis\u00e4\u00e4m\u00e4\u00e4n teollisuuden kulkuv\u00e4ylien turvallisuutta. &nbsp; Halkaisija - 25 cm Materiaali - akryyliKehyksen korkeus - 13 cm Rungon leveys - 19 cm Rungon pituus - 25 cm V\u00e4ri - musta runko Paino - 0,4 kg Tarkkailuet\u00e4isyys - 1 - 2 m Sis\u00e4inen k\u00e4ytt\u00f6 - kyll\u00e4 Ulkok\u00e4ytt\u00f6\u00f6n - kyll\u00e4 Kiinnitys - ruuvikiinnityssarja &nbsp; Materiaali per\u00e4isin Peili on valmistettu iskunkest\u00e4v\u00e4st\u00e4 akryylist\u00e4. Peililasia suojaa vakaa muovikotelo. Korjaaminen Peili voidaan kiinnitt\u00e4\u00e4 trukkiin mukana toimitetulla kiinnikkeell\u00e4.\" \/>\n<meta property=\"og:url\" content=\"https:\/\/www.laomeister.com\/fi\/toode\/venttiilipeili-dancop-transpo-25-halkaisija-25-cm\/\" \/>\n<meta property=\"og:site_name\" content=\"Balti Laomeister\" \/>\n<meta property=\"og:image\" content=\"https:\/\/www.laomeister.com\/wp-content\/uploads\/2021\/01\/TRANSPO-25.jpg\" \/>\n\t<meta property=\"og:image:width\" content=\"2000\" \/>\n\t<meta property=\"og:image:height\" content=\"2000\" \/>\n\t<meta property=\"og:image:type\" content=\"image\/jpeg\" \/>\n<meta name=\"twitter:card\" content=\"summary_large_image\" \/>\n<script type=\"application\/ld+json\" class=\"yoast-schema-graph\">{\"@context\":\"https:\\\/\\\/schema.org\",\"@graph\":[{\"@type\":\"WebPage\",\"@id\":\"https:\\\/\\\/www.laomeister.com\\\/fi\\\/toode\\\/venttiilipeili-dancop-transpo-25-halkaisija-25-cm\\\/\",\"url\":\"https:\\\/\\\/www.laomeister.com\\\/fi\\\/toode\\\/venttiilipeili-dancop-transpo-25-halkaisija-25-cm\\\/\",\"name\":\"Venttiilipeili Dancop, TRANSPO 25, halkaisija 25 cm. - Balti Laomeister\",\"isPartOf\":{\"@id\":\"https:\\\/\\\/www.laomeister.com\\\/fi\\\/#website\"},\"primaryImageOfPage\":{\"@id\":\"https:\\\/\\\/www.laomeister.com\\\/fi\\\/toode\\\/venttiilipeili-dancop-transpo-25-halkaisija-25-cm\\\/#primaryimage\"},\"image\":{\"@id\":\"https:\\\/\\\/www.laomeister.com\\\/fi\\\/toode\\\/venttiilipeili-dancop-transpo-25-halkaisija-25-cm\\\/#primaryimage\"},\"thumbnailUrl\":\"https:\\\/\\\/www.laomeister.com\\\/wp-content\\\/uploads\\\/2021\\\/01\\\/TRANSPO-25.jpg\",\"datePublished\":\"2024-07-02T20:22:32+00:00\",\"breadcrumb\":{\"@id\":\"https:\\\/\\\/www.laomeister.com\\\/fi\\\/toode\\\/venttiilipeili-dancop-transpo-25-halkaisija-25-cm\\\/#breadcrumb\"},\"inLanguage\":\"fi\",\"potentialAction\":[{\"@type\":\"ReadAction\",\"target\":[\"https:\\\/\\\/www.laomeister.com\\\/fi\\\/toode\\\/venttiilipeili-dancop-transpo-25-halkaisija-25-cm\\\/\"]}]},{\"@type\":\"ImageObject\",\"inLanguage\":\"fi\",\"@id\":\"https:\\\/\\\/www.laomeister.com\\\/fi\\\/toode\\\/venttiilipeili-dancop-transpo-25-halkaisija-25-cm\\\/#primaryimage\",\"url\":\"https:\\\/\\\/www.laomeister.com\\\/wp-content\\\/uploads\\\/2021\\\/01\\\/TRANSPO-25.jpg\",\"contentUrl\":\"https:\\\/\\\/www.laomeister.com\\\/wp-content\\\/uploads\\\/2021\\\/01\\\/TRANSPO-25.jpg\",\"width\":2000,\"height\":2000},{\"@type\":\"BreadcrumbList\",\"@id\":\"https:\\\/\\\/www.laomeister.com\\\/fi\\\/toode\\\/venttiilipeili-dancop-transpo-25-halkaisija-25-cm\\\/#breadcrumb\",\"itemListElement\":[{\"@type\":\"ListItem\",\"position\":1,\"name\":\"Home\",\"item\":\"https:\\\/\\\/www.laomeister.com\\\/fi\\\/\"},{\"@type\":\"ListItem\",\"position\":2,\"name\":\"Tuotteet\",\"item\":\"https:\\\/\\\/www.laomeister.com\\\/fi\\\/tuotteet\\\/\"},{\"@type\":\"ListItem\",\"position\":3,\"name\":\"Venttiilipeili Dancop, TRANSPO 25, halkaisija 25 cm.\"}]},{\"@type\":\"WebSite\",\"@id\":\"https:\\\/\\\/www.laomeister.com\\\/fi\\\/#website\",\"url\":\"https:\\\/\\\/www.laomeister.com\\\/fi\\\/\",\"name\":\"Balti Laomeister\",\"description\":\"Laoriiulid - m&uuml;&uuml;k ja paigaldus\",\"potentialAction\":[{\"@type\":\"SearchAction\",\"target\":{\"@type\":\"EntryPoint\",\"urlTemplate\":\"https:\\\/\\\/www.laomeister.com\\\/fi\\\/?s={search_term_string}\"},\"query-input\":{\"@type\":\"PropertyValueSpecification\",\"valueRequired\":true,\"valueName\":\"search_term_string\"}}],\"inLanguage\":\"fi\"}]}<\/script>\n<!-- \/ Yoast SEO plugin. -->","yoast_head_json":{"title":"Venttiilipeili Dancop, TRANSPO 25, halkaisija 25 cm. - Balti Laomeister","robots":{"index":"index","follow":"follow","max-snippet":"max-snippet:-1","max-image-preview":"max-image-preview:large","max-video-preview":"max-video-preview:-1"},"canonical":"https:\/\/www.laomeister.com\/fi\/toode\/venttiilipeili-dancop-transpo-25-halkaisija-25-cm\/","og_locale":"fi_FI","og_type":"article","og_title":"Venttiilipeili Dancop, TRANSPO 25, halkaisija 25 cm. - Balti Laomeister","og_description":"Transpo AC 25 -peili on ihanteellinen ratkaisu haarukkatrukkien ja muiden varastoajoneuvojen peiliksi. T\u00e4m\u00e4 mahdollistaa helpon n\u00e4kyvyyden taaksep\u00e4in ja auttaa lis\u00e4\u00e4m\u00e4\u00e4n teollisuuden kulkuv\u00e4ylien turvallisuutta. &nbsp; Halkaisija - 25 cm Materiaali - akryyliKehyksen korkeus - 13 cm Rungon leveys - 19 cm Rungon pituus - 25 cm V\u00e4ri - musta runko Paino - 0,4 kg Tarkkailuet\u00e4isyys - 1 - 2 m Sis\u00e4inen k\u00e4ytt\u00f6 - kyll\u00e4 Ulkok\u00e4ytt\u00f6\u00f6n - kyll\u00e4 Kiinnitys - ruuvikiinnityssarja &nbsp; Materiaali per\u00e4isin Peili on valmistettu iskunkest\u00e4v\u00e4st\u00e4 akryylist\u00e4. Peililasia suojaa vakaa muovikotelo. Korjaaminen Peili voidaan kiinnitt\u00e4\u00e4 trukkiin mukana toimitetulla kiinnikkeell\u00e4.","og_url":"https:\/\/www.laomeister.com\/fi\/toode\/venttiilipeili-dancop-transpo-25-halkaisija-25-cm\/","og_site_name":"Balti Laomeister","og_image":[{"width":2000,"height":2000,"url":"https:\/\/www.laomeister.com\/wp-content\/uploads\/2021\/01\/TRANSPO-25.jpg","type":"image\/jpeg"}],"twitter_card":"summary_large_image","schema":{"@context":"https:\/\/schema.org","@graph":[{"@type":"WebPage","@id":"https:\/\/www.laomeister.com\/fi\/toode\/venttiilipeili-dancop-transpo-25-halkaisija-25-cm\/","url":"https:\/\/www.laomeister.com\/fi\/toode\/venttiilipeili-dancop-transpo-25-halkaisija-25-cm\/","name":"Venttiilipeili Dancop, TRANSPO 25, halkaisija 25 cm. - Balti Laomeister","isPartOf":{"@id":"https:\/\/www.laomeister.com\/fi\/#website"},"primaryImageOfPage":{"@id":"https:\/\/www.laomeister.com\/fi\/toode\/venttiilipeili-dancop-transpo-25-halkaisija-25-cm\/#primaryimage"},"image":{"@id":"https:\/\/www.laomeister.com\/fi\/toode\/venttiilipeili-dancop-transpo-25-halkaisija-25-cm\/#primaryimage"},"thumbnailUrl":"https:\/\/www.laomeister.com\/wp-content\/uploads\/2021\/01\/TRANSPO-25.jpg","datePublished":"2024-07-02T20:22:32+00:00","breadcrumb":{"@id":"https:\/\/www.laomeister.com\/fi\/toode\/venttiilipeili-dancop-transpo-25-halkaisija-25-cm\/#breadcrumb"},"inLanguage":"fi","potentialAction":[{"@type":"ReadAction","target":["https:\/\/www.laomeister.com\/fi\/toode\/venttiilipeili-dancop-transpo-25-halkaisija-25-cm\/"]}]},{"@type":"ImageObject","inLanguage":"fi","@id":"https:\/\/www.laomeister.com\/fi\/toode\/venttiilipeili-dancop-transpo-25-halkaisija-25-cm\/#primaryimage","url":"https:\/\/www.laomeister.com\/wp-content\/uploads\/2021\/01\/TRANSPO-25.jpg","contentUrl":"https:\/\/www.laomeister.com\/wp-content\/uploads\/2021\/01\/TRANSPO-25.jpg","width":2000,"height":2000},{"@type":"BreadcrumbList","@id":"https:\/\/www.laomeister.com\/fi\/toode\/venttiilipeili-dancop-transpo-25-halkaisija-25-cm\/#breadcrumb","itemListElement":[{"@type":"ListItem","position":1,"name":"Home","item":"https:\/\/www.laomeister.com\/fi\/"},{"@type":"ListItem","position":2,"name":"Tuotteet","item":"https:\/\/www.laomeister.com\/fi\/tuotteet\/"},{"@type":"ListItem","position":3,"name":"Venttiilipeili Dancop, TRANSPO 25, halkaisija 25 cm."}]},{"@type":"WebSite","@id":"https:\/\/www.laomeister.com\/fi\/#website","url":"https:\/\/www.laomeister.com\/fi\/","name":"Balti Laomeister","description":"Laoriiulid - m&uuml;&uuml;k ja paigaldus","potentialAction":[{"@type":"SearchAction","target":{"@type":"EntryPoint","urlTemplate":"https:\/\/www.laomeister.com\/fi\/?s={search_term_string}"},"query-input":{"@type":"PropertyValueSpecification","valueRequired":true,"valueName":"search_term_string"}}],"inLanguage":"fi"}]}},"_links":{"self":[{"href":"https:\/\/www.laomeister.com\/fi\/wp-json\/wp\/v2\/product\/37052","targetHints":{"allow":["GET"]}}],"collection":[{"href":"https:\/\/www.laomeister.com\/fi\/wp-json\/wp\/v2\/product"}],"about":[{"href":"https:\/\/www.laomeister.com\/fi\/wp-json\/wp\/v2\/types\/product"}],"wp:featuredmedia":[{"embeddable":true,"href":"https:\/\/www.laomeister.com\/fi\/wp-json\/wp\/v2\/media\/16644"}],"wp:attachment":[{"href":"https:\/\/www.laomeister.com\/fi\/wp-json\/wp\/v2\/media?parent=37052"}],"wp:term":[{"taxonomy":"product_brand","embeddable":true,"href":"https:\/\/www.laomeister.com\/fi\/wp-json\/wp\/v2\/product_brand?post=37052"},{"taxonomy":"product_cat","embeddable":true,"href":"https:\/\/www.laomeister.com\/fi\/wp-json\/wp\/v2\/product_cat?post=37052"},{"taxonomy":"product_tag","embeddable":true,"href":"https:\/\/www.laomeister.com\/fi\/wp-json\/wp\/v2\/product_tag?post=37052"}],"curies":[{"name":"wp","href":"https:\/\/api.w.org\/{rel}","templated":true}]}}