{"id":37048,"date":"2021-01-31T23:06:48","date_gmt":"2024-07-02T20:22:16","guid":{"rendered":"https:\/\/www.laomeister.com\/toode\/venttiilipeili-dancop-sm-6080-mitat-60-x-80-cm\/"},"modified":"2024-07-02T23:22:16","modified_gmt":"2024-07-02T20:22:16","slug":"venttiilipeili-dancop-sm-6080-mitat-60-x-80-cm","status":"publish","type":"product","link":"https:\/\/www.laomeister.com\/fi\/toode\/venttiilipeili-dancop-sm-6080-mitat-60-x-80-cm\/","title":{"rendered":"Venttiilipeili Dancop, SM 6080, mitat 60 X 80 cm."},"content":{"rendered":"","protected":false},"excerpt":{"rendered":"<p>Duncopin valvontapeili SM (Surveillance Mirror SM) on hieman kupera ja tarjoaa erinomaisen n\u00e4kym\u00e4n laajoille alueille. Siksi se on erityisen hy\u00f6dyllinen v\u00e4hitt\u00e4ismyynti- ja myym\u00e4l\u00e4tilojen valvonnassa.<\/p>\n<p>&nbsp;<\/p>\n<p><span class=\"JLqJ4b ChMk0b\" data-language-for-alternatives=\"et\" data-language-to-translate-into=\"en\" data-phrase-index=\"0\"><strong>Mitat <\/strong>&#8211; 60 x 80 cm<\/span><br \/>\n<span class=\"JLqJ4b ChMk0b\" data-language-for-alternatives=\"et\" data-language-to-translate-into=\"en\" data-phrase-index=\"2\"><strong>Materiaali<\/strong> &#8211; akryyli<\/span><br \/>\n<span class=\"JLqJ4b ChMk0b\" data-language-for-alternatives=\"et\" data-language-to-translate-into=\"en\" data-phrase-index=\"4\"><strong>Kehyksen<\/strong> <strong>korkeus<\/strong> &#8211; 5 cm<\/span><br \/>\n<span class=\"JLqJ4b ChMk0b\" data-language-for-alternatives=\"et\" data-language-to-translate-into=\"en\" data-phrase-index=\"6\"><strong>Rungon leveys<\/strong> &#8211; 61,5 cm<br \/>\n<\/span><span class=\"JLqJ4b ChMk0b\" data-language-for-alternatives=\"et\" data-language-to-translate-into=\"en\" data-phrase-index=\"8\"><strong><br \/>\nR<\/strong><strong>ungon pituus<\/strong> &#8211; 81,5 cm<strong>V\u00e4ri<\/strong> &#8211; musta runko<\/span><br \/>\n<span class=\"JLqJ4b ChMk0b\" data-language-for-alternatives=\"et\" data-language-to-translate-into=\"en\" data-phrase-index=\"12\"><strong>Paino<\/strong> &#8211;<\/span> 4,4<span class=\"JLqJ4b ChMk0b\" data-language-for-alternatives=\"et\" data-language-to-translate-into=\"en\" data-phrase-index=\"16\"> kg<\/span><br \/>\n<span class=\"JLqJ4b ChMk0b\" data-language-for-alternatives=\"et\" data-language-to-translate-into=\"en\" data-phrase-index=\"20\"><strong>Tarkkailuet\u00e4isyys<\/strong> &#8211; 15 &#8211; 22 m<\/span><br \/>\n<span class=\"JLqJ4b ChMk0b\" data-language-for-alternatives=\"et\" data-language-to-translate-into=\"en\" data-phrase-index=\"24\"><strong>Sis\u00e4inen k\u00e4ytt\u00f6<\/strong> &#8211; kyll\u00e4<\/span><br \/>\n<span class=\"JLqJ4b ChMk0b\" data-language-for-alternatives=\"et\" data-language-to-translate-into=\"en\" data-phrase-index=\"26\"><strong>Ulkok\u00e4ytt\u00f6\u00f6n<\/strong> &#8211; kyll\u00e4<\/span><br \/>\n<span class=\"JLqJ4b ChMk0b\" data-language-for-alternatives=\"et\" data-language-to-translate-into=\"en\" data-phrase-index=\"28\"><strong>Asennus<\/strong> &#8211; teleskooppinen sein\u00e4kiinnike (varren pituus 30-50 cm).<\/span><\/p>\n<p>&nbsp;<\/p>\n<p><strong>Materiaali per\u00e4isin<\/strong><br \/>\nT\u00dcV-sertifioitu peili on valmistettu akryylist\u00e4 (70 % iskunkest\u00e4v\u00e4mpi kuin lasi). SM-peilin erityispiirre on sen muovitiivisteinen takaosa, joka suojaa peilin metalloitua pintaa. Peili on t\u00e4ysin suljettu muovisella lis\u00e4laipalla, joten sit\u00e4 voidaan k\u00e4ytt\u00e4\u00e4 my\u00f6s elintarviketeollisuudessa. Peili on eritt\u00e4in kest\u00e4v\u00e4 ja tarjoaa erinomaisen n\u00e4kym\u00e4n.<\/p>\n<p><strong>Korjaaminen<\/strong><br \/>\nPeili voidaan asentaa joko suoraan sein\u00e4\u00e4n tai kattoon (peilin reunassa on valmiiksi poratut rei\u00e4t).<\/p>\n<p>&nbsp;<\/p>\n","protected":false},"featured_media":16633,"template":"","meta":[],"product_brand":[],"product_cat":[912,903],"product_tag":[],"class_list":{"0":"post-37048","1":"product","2":"type-product","3":"status-publish","4":"has-post-thumbnail","6":"product_cat-turvapeglid-fi","7":"product_cat-laopeeglid-fi","9":"first","10":"instock","11":"taxable","12":"shipping-taxable","13":"purchasable","14":"product-type-simple"},"yoast_head":"<!-- This site is optimized with the Yoast SEO plugin v27.3 - https:\/\/yoast.com\/product\/yoast-seo-wordpress\/ -->\n<title>Venttiilipeili Dancop, SM 6080, mitat 60 X 80 cm. - Balti Laomeister<\/title>\n<meta name=\"robots\" content=\"index, follow, max-snippet:-1, max-image-preview:large, max-video-preview:-1\" \/>\n<link rel=\"canonical\" href=\"https:\/\/www.laomeister.com\/fi\/toode\/venttiilipeili-dancop-sm-6080-mitat-60-x-80-cm\/\" \/>\n<meta property=\"og:locale\" content=\"fi_FI\" \/>\n<meta property=\"og:type\" content=\"article\" \/>\n<meta property=\"og:title\" content=\"Venttiilipeili Dancop, SM 6080, mitat 60 X 80 cm. - Balti Laomeister\" \/>\n<meta property=\"og:description\" content=\"Duncopin valvontapeili SM (Surveillance Mirror SM) on hieman kupera ja tarjoaa erinomaisen n\u00e4kym\u00e4n laajoille alueille. Siksi se on erityisen hy\u00f6dyllinen v\u00e4hitt\u00e4ismyynti- ja myym\u00e4l\u00e4tilojen valvonnassa. &nbsp; Mitat - 60 x 80 cm Materiaali - akryyli Kehyksen korkeus - 5 cm Rungon leveys - 61,5 cm Rungon pituus - 81,5 cmV\u00e4ri - musta runko Paino - 4,4 kg Tarkkailuet\u00e4isyys - 15 - 22 m Sis\u00e4inen k\u00e4ytt\u00f6 - kyll\u00e4 Ulkok\u00e4ytt\u00f6\u00f6n - kyll\u00e4 Asennus - teleskooppinen sein\u00e4kiinnike (varren pituus 30-50 cm). &nbsp; Materiaali per\u00e4isin T\u00dcV-sertifioitu peili on valmistettu akryylist\u00e4 (70 % iskunkest\u00e4v\u00e4mpi kuin lasi). SM-peilin erityispiirre on sen muovitiivisteinen takaosa, joka suojaa peilin metalloitua pintaa. Peili on t\u00e4ysin suljettu muovisella lis\u00e4laipalla, joten sit\u00e4 voidaan k\u00e4ytt\u00e4\u00e4 my\u00f6s elintarviketeollisuudessa. Peili on eritt\u00e4in kest\u00e4v\u00e4 ja tarjoaa erinomaisen n\u00e4kym\u00e4n. Korjaaminen Peili voidaan asentaa joko suoraan sein\u00e4\u00e4n tai kattoon (peilin reunassa on valmiiksi poratut rei\u00e4t). &nbsp;\" \/>\n<meta property=\"og:url\" content=\"https:\/\/www.laomeister.com\/fi\/toode\/venttiilipeili-dancop-sm-6080-mitat-60-x-80-cm\/\" \/>\n<meta property=\"og:site_name\" content=\"Balti Laomeister\" \/>\n<meta property=\"og:image\" content=\"https:\/\/www.laomeister.com\/wp-content\/uploads\/2021\/01\/SM-40-X-60.jpg\" \/>\n\t<meta property=\"og:image:width\" content=\"2000\" \/>\n\t<meta property=\"og:image:height\" content=\"2000\" \/>\n\t<meta property=\"og:image:type\" content=\"image\/jpeg\" \/>\n<meta name=\"twitter:card\" content=\"summary_large_image\" \/>\n<script type=\"application\/ld+json\" class=\"yoast-schema-graph\">{\"@context\":\"https:\\\/\\\/schema.org\",\"@graph\":[{\"@type\":\"WebPage\",\"@id\":\"https:\\\/\\\/www.laomeister.com\\\/fi\\\/toode\\\/venttiilipeili-dancop-sm-6080-mitat-60-x-80-cm\\\/\",\"url\":\"https:\\\/\\\/www.laomeister.com\\\/fi\\\/toode\\\/venttiilipeili-dancop-sm-6080-mitat-60-x-80-cm\\\/\",\"name\":\"Venttiilipeili Dancop, SM 6080, mitat 60 X 80 cm. - Balti Laomeister\",\"isPartOf\":{\"@id\":\"https:\\\/\\\/www.laomeister.com\\\/fi\\\/#website\"},\"primaryImageOfPage\":{\"@id\":\"https:\\\/\\\/www.laomeister.com\\\/fi\\\/toode\\\/venttiilipeili-dancop-sm-6080-mitat-60-x-80-cm\\\/#primaryimage\"},\"image\":{\"@id\":\"https:\\\/\\\/www.laomeister.com\\\/fi\\\/toode\\\/venttiilipeili-dancop-sm-6080-mitat-60-x-80-cm\\\/#primaryimage\"},\"thumbnailUrl\":\"https:\\\/\\\/www.laomeister.com\\\/wp-content\\\/uploads\\\/2021\\\/01\\\/SM-40-X-60.jpg\",\"datePublished\":\"2024-07-02T20:22:16+00:00\",\"breadcrumb\":{\"@id\":\"https:\\\/\\\/www.laomeister.com\\\/fi\\\/toode\\\/venttiilipeili-dancop-sm-6080-mitat-60-x-80-cm\\\/#breadcrumb\"},\"inLanguage\":\"fi\",\"potentialAction\":[{\"@type\":\"ReadAction\",\"target\":[\"https:\\\/\\\/www.laomeister.com\\\/fi\\\/toode\\\/venttiilipeili-dancop-sm-6080-mitat-60-x-80-cm\\\/\"]}]},{\"@type\":\"ImageObject\",\"inLanguage\":\"fi\",\"@id\":\"https:\\\/\\\/www.laomeister.com\\\/fi\\\/toode\\\/venttiilipeili-dancop-sm-6080-mitat-60-x-80-cm\\\/#primaryimage\",\"url\":\"https:\\\/\\\/www.laomeister.com\\\/wp-content\\\/uploads\\\/2021\\\/01\\\/SM-40-X-60.jpg\",\"contentUrl\":\"https:\\\/\\\/www.laomeister.com\\\/wp-content\\\/uploads\\\/2021\\\/01\\\/SM-40-X-60.jpg\",\"width\":2000,\"height\":2000},{\"@type\":\"BreadcrumbList\",\"@id\":\"https:\\\/\\\/www.laomeister.com\\\/fi\\\/toode\\\/venttiilipeili-dancop-sm-6080-mitat-60-x-80-cm\\\/#breadcrumb\",\"itemListElement\":[{\"@type\":\"ListItem\",\"position\":1,\"name\":\"Home\",\"item\":\"https:\\\/\\\/www.laomeister.com\\\/fi\\\/\"},{\"@type\":\"ListItem\",\"position\":2,\"name\":\"Tuotteet\",\"item\":\"https:\\\/\\\/www.laomeister.com\\\/fi\\\/tuotteet\\\/\"},{\"@type\":\"ListItem\",\"position\":3,\"name\":\"Venttiilipeili Dancop, SM 6080, mitat 60 X 80 cm.\"}]},{\"@type\":\"WebSite\",\"@id\":\"https:\\\/\\\/www.laomeister.com\\\/fi\\\/#website\",\"url\":\"https:\\\/\\\/www.laomeister.com\\\/fi\\\/\",\"name\":\"Balti Laomeister\",\"description\":\"Laoriiulid - m&uuml;&uuml;k ja paigaldus\",\"potentialAction\":[{\"@type\":\"SearchAction\",\"target\":{\"@type\":\"EntryPoint\",\"urlTemplate\":\"https:\\\/\\\/www.laomeister.com\\\/fi\\\/?s={search_term_string}\"},\"query-input\":{\"@type\":\"PropertyValueSpecification\",\"valueRequired\":true,\"valueName\":\"search_term_string\"}}],\"inLanguage\":\"fi\"}]}<\/script>\n<!-- \/ Yoast SEO plugin. -->","yoast_head_json":{"title":"Venttiilipeili Dancop, SM 6080, mitat 60 X 80 cm. - Balti Laomeister","robots":{"index":"index","follow":"follow","max-snippet":"max-snippet:-1","max-image-preview":"max-image-preview:large","max-video-preview":"max-video-preview:-1"},"canonical":"https:\/\/www.laomeister.com\/fi\/toode\/venttiilipeili-dancop-sm-6080-mitat-60-x-80-cm\/","og_locale":"fi_FI","og_type":"article","og_title":"Venttiilipeili Dancop, SM 6080, mitat 60 X 80 cm. - Balti Laomeister","og_description":"Duncopin valvontapeili SM (Surveillance Mirror SM) on hieman kupera ja tarjoaa erinomaisen n\u00e4kym\u00e4n laajoille alueille. Siksi se on erityisen hy\u00f6dyllinen v\u00e4hitt\u00e4ismyynti- ja myym\u00e4l\u00e4tilojen valvonnassa. &nbsp; Mitat - 60 x 80 cm Materiaali - akryyli Kehyksen korkeus - 5 cm Rungon leveys - 61,5 cm Rungon pituus - 81,5 cmV\u00e4ri - musta runko Paino - 4,4 kg Tarkkailuet\u00e4isyys - 15 - 22 m Sis\u00e4inen k\u00e4ytt\u00f6 - kyll\u00e4 Ulkok\u00e4ytt\u00f6\u00f6n - kyll\u00e4 Asennus - teleskooppinen sein\u00e4kiinnike (varren pituus 30-50 cm). &nbsp; Materiaali per\u00e4isin T\u00dcV-sertifioitu peili on valmistettu akryylist\u00e4 (70 % iskunkest\u00e4v\u00e4mpi kuin lasi). SM-peilin erityispiirre on sen muovitiivisteinen takaosa, joka suojaa peilin metalloitua pintaa. Peili on t\u00e4ysin suljettu muovisella lis\u00e4laipalla, joten sit\u00e4 voidaan k\u00e4ytt\u00e4\u00e4 my\u00f6s elintarviketeollisuudessa. Peili on eritt\u00e4in kest\u00e4v\u00e4 ja tarjoaa erinomaisen n\u00e4kym\u00e4n. Korjaaminen Peili voidaan asentaa joko suoraan sein\u00e4\u00e4n tai kattoon (peilin reunassa on valmiiksi poratut rei\u00e4t). &nbsp;","og_url":"https:\/\/www.laomeister.com\/fi\/toode\/venttiilipeili-dancop-sm-6080-mitat-60-x-80-cm\/","og_site_name":"Balti Laomeister","og_image":[{"width":2000,"height":2000,"url":"https:\/\/www.laomeister.com\/wp-content\/uploads\/2021\/01\/SM-40-X-60.jpg","type":"image\/jpeg"}],"twitter_card":"summary_large_image","schema":{"@context":"https:\/\/schema.org","@graph":[{"@type":"WebPage","@id":"https:\/\/www.laomeister.com\/fi\/toode\/venttiilipeili-dancop-sm-6080-mitat-60-x-80-cm\/","url":"https:\/\/www.laomeister.com\/fi\/toode\/venttiilipeili-dancop-sm-6080-mitat-60-x-80-cm\/","name":"Venttiilipeili Dancop, SM 6080, mitat 60 X 80 cm. - Balti Laomeister","isPartOf":{"@id":"https:\/\/www.laomeister.com\/fi\/#website"},"primaryImageOfPage":{"@id":"https:\/\/www.laomeister.com\/fi\/toode\/venttiilipeili-dancop-sm-6080-mitat-60-x-80-cm\/#primaryimage"},"image":{"@id":"https:\/\/www.laomeister.com\/fi\/toode\/venttiilipeili-dancop-sm-6080-mitat-60-x-80-cm\/#primaryimage"},"thumbnailUrl":"https:\/\/www.laomeister.com\/wp-content\/uploads\/2021\/01\/SM-40-X-60.jpg","datePublished":"2024-07-02T20:22:16+00:00","breadcrumb":{"@id":"https:\/\/www.laomeister.com\/fi\/toode\/venttiilipeili-dancop-sm-6080-mitat-60-x-80-cm\/#breadcrumb"},"inLanguage":"fi","potentialAction":[{"@type":"ReadAction","target":["https:\/\/www.laomeister.com\/fi\/toode\/venttiilipeili-dancop-sm-6080-mitat-60-x-80-cm\/"]}]},{"@type":"ImageObject","inLanguage":"fi","@id":"https:\/\/www.laomeister.com\/fi\/toode\/venttiilipeili-dancop-sm-6080-mitat-60-x-80-cm\/#primaryimage","url":"https:\/\/www.laomeister.com\/wp-content\/uploads\/2021\/01\/SM-40-X-60.jpg","contentUrl":"https:\/\/www.laomeister.com\/wp-content\/uploads\/2021\/01\/SM-40-X-60.jpg","width":2000,"height":2000},{"@type":"BreadcrumbList","@id":"https:\/\/www.laomeister.com\/fi\/toode\/venttiilipeili-dancop-sm-6080-mitat-60-x-80-cm\/#breadcrumb","itemListElement":[{"@type":"ListItem","position":1,"name":"Home","item":"https:\/\/www.laomeister.com\/fi\/"},{"@type":"ListItem","position":2,"name":"Tuotteet","item":"https:\/\/www.laomeister.com\/fi\/tuotteet\/"},{"@type":"ListItem","position":3,"name":"Venttiilipeili Dancop, SM 6080, mitat 60 X 80 cm."}]},{"@type":"WebSite","@id":"https:\/\/www.laomeister.com\/fi\/#website","url":"https:\/\/www.laomeister.com\/fi\/","name":"Balti Laomeister","description":"Laoriiulid - m&uuml;&uuml;k ja paigaldus","potentialAction":[{"@type":"SearchAction","target":{"@type":"EntryPoint","urlTemplate":"https:\/\/www.laomeister.com\/fi\/?s={search_term_string}"},"query-input":{"@type":"PropertyValueSpecification","valueRequired":true,"valueName":"search_term_string"}}],"inLanguage":"fi"}]}},"_links":{"self":[{"href":"https:\/\/www.laomeister.com\/fi\/wp-json\/wp\/v2\/product\/37048","targetHints":{"allow":["GET"]}}],"collection":[{"href":"https:\/\/www.laomeister.com\/fi\/wp-json\/wp\/v2\/product"}],"about":[{"href":"https:\/\/www.laomeister.com\/fi\/wp-json\/wp\/v2\/types\/product"}],"wp:featuredmedia":[{"embeddable":true,"href":"https:\/\/www.laomeister.com\/fi\/wp-json\/wp\/v2\/media\/16633"}],"wp:attachment":[{"href":"https:\/\/www.laomeister.com\/fi\/wp-json\/wp\/v2\/media?parent=37048"}],"wp:term":[{"taxonomy":"product_brand","embeddable":true,"href":"https:\/\/www.laomeister.com\/fi\/wp-json\/wp\/v2\/product_brand?post=37048"},{"taxonomy":"product_cat","embeddable":true,"href":"https:\/\/www.laomeister.com\/fi\/wp-json\/wp\/v2\/product_cat?post=37048"},{"taxonomy":"product_tag","embeddable":true,"href":"https:\/\/www.laomeister.com\/fi\/wp-json\/wp\/v2\/product_tag?post=37048"}],"curies":[{"name":"wp","href":"https:\/\/api.w.org\/{rel}","templated":true}]}}