{"id":37032,"date":"2021-01-31T16:16:39","date_gmt":"2024-07-02T20:21:54","guid":{"rendered":"https:\/\/www.laomeister.com\/toode\/kasettipeili-dancop-t-5-38-x-34-x-34-cm\/"},"modified":"2024-07-02T23:21:54","modified_gmt":"2024-07-02T20:21:54","slug":"kasettipeili-dancop-t-5-38-x-34-x-34-cm","status":"publish","type":"product","link":"https:\/\/www.laomeister.com\/fi\/toode\/kasettipeili-dancop-t-5-38-x-34-x-34-cm\/","title":{"rendered":"Kasettipeili Dancop, T-5, 38 x 34 x 34 cm."},"content":{"rendered":"","protected":false},"excerpt":{"rendered":"<p>Duncop T-5 -kissapeilit sopivat erinomaisesti pieniin myym\u00e4l\u00f6iden kassoihin ja muihin pieniin tiloihin, jotka vaativat suurempaa turvallisuutta ja valvontaa. T-5 on huomaamaton mutta tehokas ty\u00f6kalu, joka antaa kassanhoitajille hyv\u00e4n yleiskuvan ostosk\u00e4rryjen sis\u00e4ll\u00f6st\u00e4.<\/p>\n<p>&nbsp;<\/p>\n<p><span class=\"JLqJ4b ChMk0b\" data-language-for-alternatives=\"et\" data-language-to-translate-into=\"en\" data-phrase-index=\"0\"><strong>Peililevyn mitat <\/strong>&#8211; 38 x 34 x 34 cm.<br \/>\n<\/span><span class=\"JLqJ4b ChMk0b\" data-language-for-alternatives=\"et\" data-language-to-translate-into=\"en\" data-phrase-index=\"2\"><strong>Materiaali<\/strong> &#8211; akryyli<\/span><br \/>\n<span class=\"JLqJ4b ChMk0b\" data-language-for-alternatives=\"et\" data-language-to-translate-into=\"en\" data-phrase-index=\"4\"><strong>Kehyksen<\/strong> <strong>korkeus<\/strong> &#8211; 0,5 cm<\/span><br \/>\n<span class=\"JLqJ4b ChMk0b\" data-language-for-alternatives=\"et\" data-language-to-translate-into=\"en\" data-phrase-index=\"6\"><strong><\/p>\n<p>K<strong>ehyksen pituus<\/strong> &#8211; 3 x 35 cm<strong>V\u00e4ri<\/strong> &#8211; musta reuna<\/strong><span class=\"JLqJ4b ChMk0b\" data-language-for-alternatives=\"et\" data-language-to-translate-into=\"en\" data-phrase-index=\"6\"><span class=\"JLqJ4b ChMk0b\" data-language-for-alternatives=\"et\" data-language-to-translate-into=\"en\" data-phrase-index=\"12\"><strong>Paino<\/strong> &#8211;<\/span> 0,6<span class=\"JLqJ4b ChMk0b\" data-language-for-alternatives=\"et\" data-language-to-translate-into=\"en\" data-phrase-index=\"16\"> kg<\/span><\/span><\/span><br \/>\n<span class=\"JLqJ4b ChMk0b\" data-language-for-alternatives=\"et\" data-language-to-translate-into=\"en\" data-phrase-index=\"20\"><strong>Tarkkailuet\u00e4isyys<\/strong> &#8211; 1 &#8211; 3 m<\/span><br \/>\n<span class=\"JLqJ4b ChMk0b\" data-language-for-alternatives=\"et\" data-language-to-translate-into=\"en\" data-phrase-index=\"24\"><strong>Sis\u00e4inen k\u00e4ytt\u00f6<\/strong> &#8211; kyll\u00e4<\/span><br \/>\n<span class=\"JLqJ4b ChMk0b\" data-language-for-alternatives=\"et\" data-language-to-translate-into=\"en\" data-phrase-index=\"26\"><strong>Ulkok\u00e4ytt\u00f6\u00f6n<\/strong> &#8211; ei<\/span><br \/>\n<span class=\"JLqJ4b ChMk0b\" data-language-for-alternatives=\"et\" data-language-to-translate-into=\"en\" data-phrase-index=\"28\"><strong>Kiinnitys<\/strong> &#8211; kiinnitys hyllyyn joustavalla kiinnikkeell\u00e4.<\/span><\/p>\n<p>&nbsp;<\/p>\n<p><strong><br \/>\nMateriaali<\/strong>T\u00dcV-sertifioitu peili on valmistettu iskunkest\u00e4v\u00e4st\u00e4 akryylist\u00e4 (70 % iskunkest\u00e4v\u00e4mpi kuin lasi).<strong><\/strong><\/p>\n<p><strong><br \/>\nKiinnitys<\/strong>T-3 on asennettu joustavaan varteen, jonka avulla peili voidaan asettaa haluttuun kulmaan.<strong><\/strong> T-3 on helppo asentaa mukana toimitettujen lis\u00e4varusteiden avulla.<\/p>\n","protected":false},"featured_media":16606,"template":"","meta":[],"product_brand":[],"product_cat":[912,903],"product_tag":[],"class_list":{"0":"post-37032","1":"product","2":"type-product","3":"status-publish","4":"has-post-thumbnail","6":"product_cat-turvapeglid-fi","7":"product_cat-laopeeglid-fi","9":"first","10":"instock","11":"taxable","12":"shipping-taxable","13":"purchasable","14":"product-type-simple"},"yoast_head":"<!-- This site is optimized with the Yoast SEO plugin v27.3 - https:\/\/yoast.com\/product\/yoast-seo-wordpress\/ -->\n<title>Kasettipeili Dancop, T-5, 38 x 34 x 34 cm. - Balti Laomeister<\/title>\n<meta name=\"robots\" content=\"index, follow, max-snippet:-1, max-image-preview:large, max-video-preview:-1\" \/>\n<link rel=\"canonical\" href=\"https:\/\/www.laomeister.com\/fi\/toode\/kasettipeili-dancop-t-5-38-x-34-x-34-cm\/\" \/>\n<meta property=\"og:locale\" content=\"fi_FI\" \/>\n<meta property=\"og:type\" content=\"article\" \/>\n<meta property=\"og:title\" content=\"Kasettipeili Dancop, T-5, 38 x 34 x 34 cm. - Balti Laomeister\" \/>\n<meta property=\"og:description\" content=\"Duncop T-5 -kissapeilit sopivat erinomaisesti pieniin myym\u00e4l\u00f6iden kassoihin ja muihin pieniin tiloihin, jotka vaativat suurempaa turvallisuutta ja valvontaa. T-5 on huomaamaton mutta tehokas ty\u00f6kalu, joka antaa kassanhoitajille hyv\u00e4n yleiskuvan ostosk\u00e4rryjen sis\u00e4ll\u00f6st\u00e4. &nbsp; Peililevyn mitat - 38 x 34 x 34 cm. Materiaali - akryyli Kehyksen korkeus - 0,5 cm  Kehyksen pituus - 3 x 35 cmV\u00e4ri - musta reunaPaino - 0,6 kg Tarkkailuet\u00e4isyys - 1 - 3 m Sis\u00e4inen k\u00e4ytt\u00f6 - kyll\u00e4 Ulkok\u00e4ytt\u00f6\u00f6n - ei Kiinnitys - kiinnitys hyllyyn joustavalla kiinnikkeell\u00e4. &nbsp;  MateriaaliT\u00dcV-sertifioitu peili on valmistettu iskunkest\u00e4v\u00e4st\u00e4 akryylist\u00e4 (70 % iskunkest\u00e4v\u00e4mpi kuin lasi).  KiinnitysT-3 on asennettu joustavaan varteen, jonka avulla peili voidaan asettaa haluttuun kulmaan. T-3 on helppo asentaa mukana toimitettujen lis\u00e4varusteiden avulla.\" \/>\n<meta property=\"og:url\" content=\"https:\/\/www.laomeister.com\/fi\/toode\/kasettipeili-dancop-t-5-38-x-34-x-34-cm\/\" \/>\n<meta property=\"og:site_name\" content=\"Balti Laomeister\" \/>\n<meta property=\"og:image\" content=\"https:\/\/www.laomeister.com\/wp-content\/uploads\/2021\/01\/T-5.jpg\" \/>\n\t<meta property=\"og:image:width\" content=\"2000\" \/>\n\t<meta property=\"og:image:height\" content=\"2000\" \/>\n\t<meta property=\"og:image:type\" content=\"image\/jpeg\" \/>\n<meta name=\"twitter:card\" content=\"summary_large_image\" \/>\n<script type=\"application\/ld+json\" class=\"yoast-schema-graph\">{\"@context\":\"https:\\\/\\\/schema.org\",\"@graph\":[{\"@type\":\"WebPage\",\"@id\":\"https:\\\/\\\/www.laomeister.com\\\/fi\\\/toode\\\/kasettipeili-dancop-t-5-38-x-34-x-34-cm\\\/\",\"url\":\"https:\\\/\\\/www.laomeister.com\\\/fi\\\/toode\\\/kasettipeili-dancop-t-5-38-x-34-x-34-cm\\\/\",\"name\":\"Kasettipeili Dancop, T-5, 38 x 34 x 34 cm. - Balti Laomeister\",\"isPartOf\":{\"@id\":\"https:\\\/\\\/www.laomeister.com\\\/fi\\\/#website\"},\"primaryImageOfPage\":{\"@id\":\"https:\\\/\\\/www.laomeister.com\\\/fi\\\/toode\\\/kasettipeili-dancop-t-5-38-x-34-x-34-cm\\\/#primaryimage\"},\"image\":{\"@id\":\"https:\\\/\\\/www.laomeister.com\\\/fi\\\/toode\\\/kasettipeili-dancop-t-5-38-x-34-x-34-cm\\\/#primaryimage\"},\"thumbnailUrl\":\"https:\\\/\\\/www.laomeister.com\\\/wp-content\\\/uploads\\\/2021\\\/01\\\/T-5.jpg\",\"datePublished\":\"2024-07-02T20:21:54+00:00\",\"breadcrumb\":{\"@id\":\"https:\\\/\\\/www.laomeister.com\\\/fi\\\/toode\\\/kasettipeili-dancop-t-5-38-x-34-x-34-cm\\\/#breadcrumb\"},\"inLanguage\":\"fi\",\"potentialAction\":[{\"@type\":\"ReadAction\",\"target\":[\"https:\\\/\\\/www.laomeister.com\\\/fi\\\/toode\\\/kasettipeili-dancop-t-5-38-x-34-x-34-cm\\\/\"]}]},{\"@type\":\"ImageObject\",\"inLanguage\":\"fi\",\"@id\":\"https:\\\/\\\/www.laomeister.com\\\/fi\\\/toode\\\/kasettipeili-dancop-t-5-38-x-34-x-34-cm\\\/#primaryimage\",\"url\":\"https:\\\/\\\/www.laomeister.com\\\/wp-content\\\/uploads\\\/2021\\\/01\\\/T-5.jpg\",\"contentUrl\":\"https:\\\/\\\/www.laomeister.com\\\/wp-content\\\/uploads\\\/2021\\\/01\\\/T-5.jpg\",\"width\":2000,\"height\":2000},{\"@type\":\"BreadcrumbList\",\"@id\":\"https:\\\/\\\/www.laomeister.com\\\/fi\\\/toode\\\/kasettipeili-dancop-t-5-38-x-34-x-34-cm\\\/#breadcrumb\",\"itemListElement\":[{\"@type\":\"ListItem\",\"position\":1,\"name\":\"Home\",\"item\":\"https:\\\/\\\/www.laomeister.com\\\/fi\\\/\"},{\"@type\":\"ListItem\",\"position\":2,\"name\":\"Tuotteet\",\"item\":\"https:\\\/\\\/www.laomeister.com\\\/fi\\\/tuotteet\\\/\"},{\"@type\":\"ListItem\",\"position\":3,\"name\":\"Kasettipeili Dancop, T-5, 38 x 34 x 34 cm.\"}]},{\"@type\":\"WebSite\",\"@id\":\"https:\\\/\\\/www.laomeister.com\\\/fi\\\/#website\",\"url\":\"https:\\\/\\\/www.laomeister.com\\\/fi\\\/\",\"name\":\"Balti Laomeister\",\"description\":\"Laoriiulid - m&uuml;&uuml;k ja paigaldus\",\"potentialAction\":[{\"@type\":\"SearchAction\",\"target\":{\"@type\":\"EntryPoint\",\"urlTemplate\":\"https:\\\/\\\/www.laomeister.com\\\/fi\\\/?s={search_term_string}\"},\"query-input\":{\"@type\":\"PropertyValueSpecification\",\"valueRequired\":true,\"valueName\":\"search_term_string\"}}],\"inLanguage\":\"fi\"}]}<\/script>\n<!-- \/ Yoast SEO plugin. -->","yoast_head_json":{"title":"Kasettipeili Dancop, T-5, 38 x 34 x 34 cm. - Balti Laomeister","robots":{"index":"index","follow":"follow","max-snippet":"max-snippet:-1","max-image-preview":"max-image-preview:large","max-video-preview":"max-video-preview:-1"},"canonical":"https:\/\/www.laomeister.com\/fi\/toode\/kasettipeili-dancop-t-5-38-x-34-x-34-cm\/","og_locale":"fi_FI","og_type":"article","og_title":"Kasettipeili Dancop, T-5, 38 x 34 x 34 cm. - Balti Laomeister","og_description":"Duncop T-5 -kissapeilit sopivat erinomaisesti pieniin myym\u00e4l\u00f6iden kassoihin ja muihin pieniin tiloihin, jotka vaativat suurempaa turvallisuutta ja valvontaa. T-5 on huomaamaton mutta tehokas ty\u00f6kalu, joka antaa kassanhoitajille hyv\u00e4n yleiskuvan ostosk\u00e4rryjen sis\u00e4ll\u00f6st\u00e4. &nbsp; Peililevyn mitat - 38 x 34 x 34 cm. Materiaali - akryyli Kehyksen korkeus - 0,5 cm  Kehyksen pituus - 3 x 35 cmV\u00e4ri - musta reunaPaino - 0,6 kg Tarkkailuet\u00e4isyys - 1 - 3 m Sis\u00e4inen k\u00e4ytt\u00f6 - kyll\u00e4 Ulkok\u00e4ytt\u00f6\u00f6n - ei Kiinnitys - kiinnitys hyllyyn joustavalla kiinnikkeell\u00e4. &nbsp;  MateriaaliT\u00dcV-sertifioitu peili on valmistettu iskunkest\u00e4v\u00e4st\u00e4 akryylist\u00e4 (70 % iskunkest\u00e4v\u00e4mpi kuin lasi).  KiinnitysT-3 on asennettu joustavaan varteen, jonka avulla peili voidaan asettaa haluttuun kulmaan. T-3 on helppo asentaa mukana toimitettujen lis\u00e4varusteiden avulla.","og_url":"https:\/\/www.laomeister.com\/fi\/toode\/kasettipeili-dancop-t-5-38-x-34-x-34-cm\/","og_site_name":"Balti Laomeister","og_image":[{"width":2000,"height":2000,"url":"https:\/\/www.laomeister.com\/wp-content\/uploads\/2021\/01\/T-5.jpg","type":"image\/jpeg"}],"twitter_card":"summary_large_image","schema":{"@context":"https:\/\/schema.org","@graph":[{"@type":"WebPage","@id":"https:\/\/www.laomeister.com\/fi\/toode\/kasettipeili-dancop-t-5-38-x-34-x-34-cm\/","url":"https:\/\/www.laomeister.com\/fi\/toode\/kasettipeili-dancop-t-5-38-x-34-x-34-cm\/","name":"Kasettipeili Dancop, T-5, 38 x 34 x 34 cm. - Balti Laomeister","isPartOf":{"@id":"https:\/\/www.laomeister.com\/fi\/#website"},"primaryImageOfPage":{"@id":"https:\/\/www.laomeister.com\/fi\/toode\/kasettipeili-dancop-t-5-38-x-34-x-34-cm\/#primaryimage"},"image":{"@id":"https:\/\/www.laomeister.com\/fi\/toode\/kasettipeili-dancop-t-5-38-x-34-x-34-cm\/#primaryimage"},"thumbnailUrl":"https:\/\/www.laomeister.com\/wp-content\/uploads\/2021\/01\/T-5.jpg","datePublished":"2024-07-02T20:21:54+00:00","breadcrumb":{"@id":"https:\/\/www.laomeister.com\/fi\/toode\/kasettipeili-dancop-t-5-38-x-34-x-34-cm\/#breadcrumb"},"inLanguage":"fi","potentialAction":[{"@type":"ReadAction","target":["https:\/\/www.laomeister.com\/fi\/toode\/kasettipeili-dancop-t-5-38-x-34-x-34-cm\/"]}]},{"@type":"ImageObject","inLanguage":"fi","@id":"https:\/\/www.laomeister.com\/fi\/toode\/kasettipeili-dancop-t-5-38-x-34-x-34-cm\/#primaryimage","url":"https:\/\/www.laomeister.com\/wp-content\/uploads\/2021\/01\/T-5.jpg","contentUrl":"https:\/\/www.laomeister.com\/wp-content\/uploads\/2021\/01\/T-5.jpg","width":2000,"height":2000},{"@type":"BreadcrumbList","@id":"https:\/\/www.laomeister.com\/fi\/toode\/kasettipeili-dancop-t-5-38-x-34-x-34-cm\/#breadcrumb","itemListElement":[{"@type":"ListItem","position":1,"name":"Home","item":"https:\/\/www.laomeister.com\/fi\/"},{"@type":"ListItem","position":2,"name":"Tuotteet","item":"https:\/\/www.laomeister.com\/fi\/tuotteet\/"},{"@type":"ListItem","position":3,"name":"Kasettipeili Dancop, T-5, 38 x 34 x 34 cm."}]},{"@type":"WebSite","@id":"https:\/\/www.laomeister.com\/fi\/#website","url":"https:\/\/www.laomeister.com\/fi\/","name":"Balti Laomeister","description":"Laoriiulid - m&uuml;&uuml;k ja paigaldus","potentialAction":[{"@type":"SearchAction","target":{"@type":"EntryPoint","urlTemplate":"https:\/\/www.laomeister.com\/fi\/?s={search_term_string}"},"query-input":{"@type":"PropertyValueSpecification","valueRequired":true,"valueName":"search_term_string"}}],"inLanguage":"fi"}]}},"_links":{"self":[{"href":"https:\/\/www.laomeister.com\/fi\/wp-json\/wp\/v2\/product\/37032","targetHints":{"allow":["GET"]}}],"collection":[{"href":"https:\/\/www.laomeister.com\/fi\/wp-json\/wp\/v2\/product"}],"about":[{"href":"https:\/\/www.laomeister.com\/fi\/wp-json\/wp\/v2\/types\/product"}],"wp:featuredmedia":[{"embeddable":true,"href":"https:\/\/www.laomeister.com\/fi\/wp-json\/wp\/v2\/media\/16606"}],"wp:attachment":[{"href":"https:\/\/www.laomeister.com\/fi\/wp-json\/wp\/v2\/media?parent=37032"}],"wp:term":[{"taxonomy":"product_brand","embeddable":true,"href":"https:\/\/www.laomeister.com\/fi\/wp-json\/wp\/v2\/product_brand?post=37032"},{"taxonomy":"product_cat","embeddable":true,"href":"https:\/\/www.laomeister.com\/fi\/wp-json\/wp\/v2\/product_cat?post=37032"},{"taxonomy":"product_tag","embeddable":true,"href":"https:\/\/www.laomeister.com\/fi\/wp-json\/wp\/v2\/product_tag?post=37032"}],"curies":[{"name":"wp","href":"https:\/\/api.w.org\/{rel}","templated":true}]}}