{"id":37010,"date":"2021-01-31T14:52:22","date_gmt":"2024-07-02T20:21:15","guid":{"rendered":"https:\/\/www.laomeister.com\/toode\/venttiilipeili-dancop-bm-80-3-360-nakyma-halkaisija-80-cm\/"},"modified":"2024-07-02T23:21:15","modified_gmt":"2024-07-02T20:21:15","slug":"venttiilipeili-dancop-bm-80-3-360-nakyma-halkaisija-80-cm","status":"publish","type":"product","link":"https:\/\/www.laomeister.com\/fi\/toode\/venttiilipeili-dancop-bm-80-3-360-nakyma-halkaisija-80-cm\/","title":{"rendered":"Venttiilipeili Dancop, BM 80-3, 360\u00b0 n\u00e4kym\u00e4, halkaisija 80 cm."},"content":{"rendered":"","protected":false},"excerpt":{"rendered":"<p>Duncop Dome Mirror BM 360\u00b0 -kupupeili tarjoaa erinomaisen 360\u00b0-n\u00e4kym\u00e4n, joten se on erityisen hy\u00f6dyllinen esimerkiksi myym\u00e4l\u00f6iden toiminnan valvonnassa. Peili on kustannustehokas ja tehokas tapa est\u00e4\u00e4 varkaudet.<\/p>\n<p>&nbsp;<\/p>\n<p><span class=\"JLqJ4b ChMk0b\" data-language-for-alternatives=\"et\" data-language-to-translate-into=\"en\" data-phrase-index=\"0\"><strong>Halkaisija <\/strong>&#8211; 80 cm<\/span><br \/>\n<span class=\"JLqJ4b ChMk0b\" data-language-for-alternatives=\"et\" data-language-to-translate-into=\"en\" data-phrase-index=\"2\"><strong>Materiaali<\/strong> &#8211; akryyli<\/span><br \/>\n<span class=\"JLqJ4b ChMk0b\" data-language-for-alternatives=\"et\" data-language-to-translate-into=\"en\" data-phrase-index=\"4\"><strong>Rungon<\/strong> <strong>korkeus<\/strong> &#8211; 34 cm<\/span><br \/>\n<span class=\"JLqJ4b ChMk0b\" data-language-for-alternatives=\"et\" data-language-to-translate-into=\"en\" data-phrase-index=\"6\"><strong><\/p>\n<p>R<strong>ungon halkaisija<\/strong> &#8211; 84,2 cm<strong>Halkaisija ilman runkoa<\/strong> &#8211; 80 cm Syvyys &#8211; 34 cm<\/strong><span class=\"JLqJ4b ChMk0b\" data-language-for-alternatives=\"et\" data-language-to-translate-into=\"en\" data-phrase-index=\"6\"><span class=\"JLqJ4b ChMk0b\" data-language-for-alternatives=\"et\" data-language-to-translate-into=\"en\" data-phrase-index=\"12\"><strong>Paino<\/strong> &#8211;<\/span> 1,5<span class=\"JLqJ4b ChMk0b\" data-language-for-alternatives=\"et\" data-language-to-translate-into=\"en\" data-phrase-index=\"16\"> kg<\/span><\/span><\/span><br \/>\n<span class=\"JLqJ4b ChMk0b\" data-language-for-alternatives=\"et\" data-language-to-translate-into=\"en\" data-phrase-index=\"20\"><strong>Tarkkailuet\u00e4isyys<\/strong> &#8211; 21 &#8211; 30 m<\/span><br \/>\n<span class=\"JLqJ4b ChMk0b\" data-language-for-alternatives=\"et\" data-language-to-translate-into=\"en\" data-phrase-index=\"24\"><strong>Sis\u00e4inen k\u00e4ytt\u00f6<\/strong> &#8211; kyll\u00e4<\/span><br \/>\n<span class=\"JLqJ4b ChMk0b\" data-language-for-alternatives=\"et\" data-language-to-translate-into=\"en\" data-phrase-index=\"26\"><strong>Ulkok\u00e4ytt\u00f6\u00f6n<\/strong> &#8211; ei<\/span><br \/>\n<span class=\"JLqJ4b ChMk0b\" data-language-for-alternatives=\"et\" data-language-to-translate-into=\"en\" data-phrase-index=\"28\"><strong>Kiinnitys<\/strong> &#8211; kiinnitys suoraan kattoon (peilin reunaan porattujen reikien avulla) tai ketjulla. Ketjut eiv\u00e4t sis\u00e4lly toimitukseen, ja ne voi ostaa erikseen.<\/span><\/p>\n<p>&nbsp;<\/p>\n<p><strong><br \/>\nMateriaali<\/strong>T\u00dcV-sertifioitu Dome BM 360\u00b0 -peili on valmistettu iskunkest\u00e4v\u00e4st\u00e4 akryylist\u00e4 (70 % iskunkest\u00e4v\u00e4mpi kuin lasi).<strong><\/strong> Se on kevyt ja pitk\u00e4ik\u00e4inen. Materiaalin ansiosta sit\u00e4 voidaan k\u00e4ytt\u00e4\u00e4 my\u00f6s elintarviketeollisuudessa.<\/p>\n<p><strong><br \/>\nKiinnitys<\/strong>Peili voidaan kiinnitt\u00e4\u00e4 joko suoraan sein\u00e4\u00e4n tai kattoon (peilin reunaan porattujen reikien avulla) tai ketjuilla.<strong><\/strong> Tarrasarjan voi ostaa erikseen.<\/p>\n","protected":false},"featured_media":16567,"template":"","meta":[],"product_brand":[],"product_cat":[912,903],"product_tag":[],"class_list":{"0":"post-37010","1":"product","2":"type-product","3":"status-publish","4":"has-post-thumbnail","6":"product_cat-turvapeglid-fi","7":"product_cat-laopeeglid-fi","9":"first","10":"instock","11":"taxable","12":"shipping-taxable","13":"purchasable","14":"product-type-simple"},"yoast_head":"<!-- This site is optimized with the Yoast SEO plugin v27.3 - https:\/\/yoast.com\/product\/yoast-seo-wordpress\/ -->\n<title>Venttiilipeili Dancop, BM 80-3, 360\u00b0 n\u00e4kym\u00e4, halkaisija 80 cm. - Balti Laomeister<\/title>\n<meta name=\"robots\" content=\"index, follow, max-snippet:-1, max-image-preview:large, max-video-preview:-1\" \/>\n<link rel=\"canonical\" href=\"https:\/\/www.laomeister.com\/fi\/toode\/venttiilipeili-dancop-bm-80-3-360-nakyma-halkaisija-80-cm\/\" \/>\n<meta property=\"og:locale\" content=\"fi_FI\" \/>\n<meta property=\"og:type\" content=\"article\" \/>\n<meta property=\"og:title\" content=\"Venttiilipeili Dancop, BM 80-3, 360\u00b0 n\u00e4kym\u00e4, halkaisija 80 cm. - Balti Laomeister\" \/>\n<meta property=\"og:description\" content=\"Duncop Dome Mirror BM 360\u00b0 -kupupeili tarjoaa erinomaisen 360\u00b0-n\u00e4kym\u00e4n, joten se on erityisen hy\u00f6dyllinen esimerkiksi myym\u00e4l\u00f6iden toiminnan valvonnassa. Peili on kustannustehokas ja tehokas tapa est\u00e4\u00e4 varkaudet. &nbsp; Halkaisija - 80 cm Materiaali - akryyli Rungon korkeus - 34 cm  Rungon halkaisija - 84,2 cmHalkaisija ilman runkoa - 80 cm Syvyys - 34 cmPaino - 1,5 kg Tarkkailuet\u00e4isyys - 21 - 30 m Sis\u00e4inen k\u00e4ytt\u00f6 - kyll\u00e4 Ulkok\u00e4ytt\u00f6\u00f6n - ei Kiinnitys - kiinnitys suoraan kattoon (peilin reunaan porattujen reikien avulla) tai ketjulla. Ketjut eiv\u00e4t sis\u00e4lly toimitukseen, ja ne voi ostaa erikseen. &nbsp;  MateriaaliT\u00dcV-sertifioitu Dome BM 360\u00b0 -peili on valmistettu iskunkest\u00e4v\u00e4st\u00e4 akryylist\u00e4 (70 % iskunkest\u00e4v\u00e4mpi kuin lasi). Se on kevyt ja pitk\u00e4ik\u00e4inen. Materiaalin ansiosta sit\u00e4 voidaan k\u00e4ytt\u00e4\u00e4 my\u00f6s elintarviketeollisuudessa.  KiinnitysPeili voidaan kiinnitt\u00e4\u00e4 joko suoraan sein\u00e4\u00e4n tai kattoon (peilin reunaan porattujen reikien avulla) tai ketjuilla. Tarrasarjan voi ostaa erikseen.\" \/>\n<meta property=\"og:url\" content=\"https:\/\/www.laomeister.com\/fi\/toode\/venttiilipeili-dancop-bm-80-3-360-nakyma-halkaisija-80-cm\/\" \/>\n<meta property=\"og:site_name\" content=\"Balti Laomeister\" \/>\n<meta property=\"og:image\" content=\"https:\/\/www.laomeister.com\/wp-content\/uploads\/2021\/01\/BM-60-3.jpg\" \/>\n\t<meta property=\"og:image:width\" content=\"2348\" \/>\n\t<meta property=\"og:image:height\" content=\"2000\" \/>\n\t<meta property=\"og:image:type\" content=\"image\/jpeg\" \/>\n<meta name=\"twitter:card\" content=\"summary_large_image\" \/>\n<script type=\"application\/ld+json\" class=\"yoast-schema-graph\">{\"@context\":\"https:\\\/\\\/schema.org\",\"@graph\":[{\"@type\":\"WebPage\",\"@id\":\"https:\\\/\\\/www.laomeister.com\\\/fi\\\/toode\\\/venttiilipeili-dancop-bm-80-3-360-nakyma-halkaisija-80-cm\\\/\",\"url\":\"https:\\\/\\\/www.laomeister.com\\\/fi\\\/toode\\\/venttiilipeili-dancop-bm-80-3-360-nakyma-halkaisija-80-cm\\\/\",\"name\":\"Venttiilipeili Dancop, BM 80-3, 360\u00b0 n\u00e4kym\u00e4, halkaisija 80 cm. - Balti Laomeister\",\"isPartOf\":{\"@id\":\"https:\\\/\\\/www.laomeister.com\\\/fi\\\/#website\"},\"primaryImageOfPage\":{\"@id\":\"https:\\\/\\\/www.laomeister.com\\\/fi\\\/toode\\\/venttiilipeili-dancop-bm-80-3-360-nakyma-halkaisija-80-cm\\\/#primaryimage\"},\"image\":{\"@id\":\"https:\\\/\\\/www.laomeister.com\\\/fi\\\/toode\\\/venttiilipeili-dancop-bm-80-3-360-nakyma-halkaisija-80-cm\\\/#primaryimage\"},\"thumbnailUrl\":\"https:\\\/\\\/www.laomeister.com\\\/wp-content\\\/uploads\\\/2021\\\/01\\\/BM-60-3.jpg\",\"datePublished\":\"2024-07-02T20:21:15+00:00\",\"breadcrumb\":{\"@id\":\"https:\\\/\\\/www.laomeister.com\\\/fi\\\/toode\\\/venttiilipeili-dancop-bm-80-3-360-nakyma-halkaisija-80-cm\\\/#breadcrumb\"},\"inLanguage\":\"fi\",\"potentialAction\":[{\"@type\":\"ReadAction\",\"target\":[\"https:\\\/\\\/www.laomeister.com\\\/fi\\\/toode\\\/venttiilipeili-dancop-bm-80-3-360-nakyma-halkaisija-80-cm\\\/\"]}]},{\"@type\":\"ImageObject\",\"inLanguage\":\"fi\",\"@id\":\"https:\\\/\\\/www.laomeister.com\\\/fi\\\/toode\\\/venttiilipeili-dancop-bm-80-3-360-nakyma-halkaisija-80-cm\\\/#primaryimage\",\"url\":\"https:\\\/\\\/www.laomeister.com\\\/wp-content\\\/uploads\\\/2021\\\/01\\\/BM-60-3.jpg\",\"contentUrl\":\"https:\\\/\\\/www.laomeister.com\\\/wp-content\\\/uploads\\\/2021\\\/01\\\/BM-60-3.jpg\",\"width\":2348,\"height\":2000},{\"@type\":\"BreadcrumbList\",\"@id\":\"https:\\\/\\\/www.laomeister.com\\\/fi\\\/toode\\\/venttiilipeili-dancop-bm-80-3-360-nakyma-halkaisija-80-cm\\\/#breadcrumb\",\"itemListElement\":[{\"@type\":\"ListItem\",\"position\":1,\"name\":\"Home\",\"item\":\"https:\\\/\\\/www.laomeister.com\\\/fi\\\/\"},{\"@type\":\"ListItem\",\"position\":2,\"name\":\"Tuotteet\",\"item\":\"https:\\\/\\\/www.laomeister.com\\\/fi\\\/tuotteet\\\/\"},{\"@type\":\"ListItem\",\"position\":3,\"name\":\"Venttiilipeili Dancop, BM 80-3, 360\u00b0 n\u00e4kym\u00e4, halkaisija 80 cm.\"}]},{\"@type\":\"WebSite\",\"@id\":\"https:\\\/\\\/www.laomeister.com\\\/fi\\\/#website\",\"url\":\"https:\\\/\\\/www.laomeister.com\\\/fi\\\/\",\"name\":\"Balti Laomeister\",\"description\":\"Laoriiulid - m&uuml;&uuml;k ja paigaldus\",\"potentialAction\":[{\"@type\":\"SearchAction\",\"target\":{\"@type\":\"EntryPoint\",\"urlTemplate\":\"https:\\\/\\\/www.laomeister.com\\\/fi\\\/?s={search_term_string}\"},\"query-input\":{\"@type\":\"PropertyValueSpecification\",\"valueRequired\":true,\"valueName\":\"search_term_string\"}}],\"inLanguage\":\"fi\"}]}<\/script>\n<!-- \/ Yoast SEO plugin. -->","yoast_head_json":{"title":"Venttiilipeili Dancop, BM 80-3, 360\u00b0 n\u00e4kym\u00e4, halkaisija 80 cm. - Balti Laomeister","robots":{"index":"index","follow":"follow","max-snippet":"max-snippet:-1","max-image-preview":"max-image-preview:large","max-video-preview":"max-video-preview:-1"},"canonical":"https:\/\/www.laomeister.com\/fi\/toode\/venttiilipeili-dancop-bm-80-3-360-nakyma-halkaisija-80-cm\/","og_locale":"fi_FI","og_type":"article","og_title":"Venttiilipeili Dancop, BM 80-3, 360\u00b0 n\u00e4kym\u00e4, halkaisija 80 cm. - Balti Laomeister","og_description":"Duncop Dome Mirror BM 360\u00b0 -kupupeili tarjoaa erinomaisen 360\u00b0-n\u00e4kym\u00e4n, joten se on erityisen hy\u00f6dyllinen esimerkiksi myym\u00e4l\u00f6iden toiminnan valvonnassa. Peili on kustannustehokas ja tehokas tapa est\u00e4\u00e4 varkaudet. &nbsp; Halkaisija - 80 cm Materiaali - akryyli Rungon korkeus - 34 cm  Rungon halkaisija - 84,2 cmHalkaisija ilman runkoa - 80 cm Syvyys - 34 cmPaino - 1,5 kg Tarkkailuet\u00e4isyys - 21 - 30 m Sis\u00e4inen k\u00e4ytt\u00f6 - kyll\u00e4 Ulkok\u00e4ytt\u00f6\u00f6n - ei Kiinnitys - kiinnitys suoraan kattoon (peilin reunaan porattujen reikien avulla) tai ketjulla. Ketjut eiv\u00e4t sis\u00e4lly toimitukseen, ja ne voi ostaa erikseen. &nbsp;  MateriaaliT\u00dcV-sertifioitu Dome BM 360\u00b0 -peili on valmistettu iskunkest\u00e4v\u00e4st\u00e4 akryylist\u00e4 (70 % iskunkest\u00e4v\u00e4mpi kuin lasi). Se on kevyt ja pitk\u00e4ik\u00e4inen. Materiaalin ansiosta sit\u00e4 voidaan k\u00e4ytt\u00e4\u00e4 my\u00f6s elintarviketeollisuudessa.  KiinnitysPeili voidaan kiinnitt\u00e4\u00e4 joko suoraan sein\u00e4\u00e4n tai kattoon (peilin reunaan porattujen reikien avulla) tai ketjuilla. Tarrasarjan voi ostaa erikseen.","og_url":"https:\/\/www.laomeister.com\/fi\/toode\/venttiilipeili-dancop-bm-80-3-360-nakyma-halkaisija-80-cm\/","og_site_name":"Balti Laomeister","og_image":[{"width":2348,"height":2000,"url":"https:\/\/www.laomeister.com\/wp-content\/uploads\/2021\/01\/BM-60-3.jpg","type":"image\/jpeg"}],"twitter_card":"summary_large_image","schema":{"@context":"https:\/\/schema.org","@graph":[{"@type":"WebPage","@id":"https:\/\/www.laomeister.com\/fi\/toode\/venttiilipeili-dancop-bm-80-3-360-nakyma-halkaisija-80-cm\/","url":"https:\/\/www.laomeister.com\/fi\/toode\/venttiilipeili-dancop-bm-80-3-360-nakyma-halkaisija-80-cm\/","name":"Venttiilipeili Dancop, BM 80-3, 360\u00b0 n\u00e4kym\u00e4, halkaisija 80 cm. - Balti Laomeister","isPartOf":{"@id":"https:\/\/www.laomeister.com\/fi\/#website"},"primaryImageOfPage":{"@id":"https:\/\/www.laomeister.com\/fi\/toode\/venttiilipeili-dancop-bm-80-3-360-nakyma-halkaisija-80-cm\/#primaryimage"},"image":{"@id":"https:\/\/www.laomeister.com\/fi\/toode\/venttiilipeili-dancop-bm-80-3-360-nakyma-halkaisija-80-cm\/#primaryimage"},"thumbnailUrl":"https:\/\/www.laomeister.com\/wp-content\/uploads\/2021\/01\/BM-60-3.jpg","datePublished":"2024-07-02T20:21:15+00:00","breadcrumb":{"@id":"https:\/\/www.laomeister.com\/fi\/toode\/venttiilipeili-dancop-bm-80-3-360-nakyma-halkaisija-80-cm\/#breadcrumb"},"inLanguage":"fi","potentialAction":[{"@type":"ReadAction","target":["https:\/\/www.laomeister.com\/fi\/toode\/venttiilipeili-dancop-bm-80-3-360-nakyma-halkaisija-80-cm\/"]}]},{"@type":"ImageObject","inLanguage":"fi","@id":"https:\/\/www.laomeister.com\/fi\/toode\/venttiilipeili-dancop-bm-80-3-360-nakyma-halkaisija-80-cm\/#primaryimage","url":"https:\/\/www.laomeister.com\/wp-content\/uploads\/2021\/01\/BM-60-3.jpg","contentUrl":"https:\/\/www.laomeister.com\/wp-content\/uploads\/2021\/01\/BM-60-3.jpg","width":2348,"height":2000},{"@type":"BreadcrumbList","@id":"https:\/\/www.laomeister.com\/fi\/toode\/venttiilipeili-dancop-bm-80-3-360-nakyma-halkaisija-80-cm\/#breadcrumb","itemListElement":[{"@type":"ListItem","position":1,"name":"Home","item":"https:\/\/www.laomeister.com\/fi\/"},{"@type":"ListItem","position":2,"name":"Tuotteet","item":"https:\/\/www.laomeister.com\/fi\/tuotteet\/"},{"@type":"ListItem","position":3,"name":"Venttiilipeili Dancop, BM 80-3, 360\u00b0 n\u00e4kym\u00e4, halkaisija 80 cm."}]},{"@type":"WebSite","@id":"https:\/\/www.laomeister.com\/fi\/#website","url":"https:\/\/www.laomeister.com\/fi\/","name":"Balti Laomeister","description":"Laoriiulid - m&uuml;&uuml;k ja paigaldus","potentialAction":[{"@type":"SearchAction","target":{"@type":"EntryPoint","urlTemplate":"https:\/\/www.laomeister.com\/fi\/?s={search_term_string}"},"query-input":{"@type":"PropertyValueSpecification","valueRequired":true,"valueName":"search_term_string"}}],"inLanguage":"fi"}]}},"_links":{"self":[{"href":"https:\/\/www.laomeister.com\/fi\/wp-json\/wp\/v2\/product\/37010","targetHints":{"allow":["GET"]}}],"collection":[{"href":"https:\/\/www.laomeister.com\/fi\/wp-json\/wp\/v2\/product"}],"about":[{"href":"https:\/\/www.laomeister.com\/fi\/wp-json\/wp\/v2\/types\/product"}],"wp:featuredmedia":[{"embeddable":true,"href":"https:\/\/www.laomeister.com\/fi\/wp-json\/wp\/v2\/media\/16567"}],"wp:attachment":[{"href":"https:\/\/www.laomeister.com\/fi\/wp-json\/wp\/v2\/media?parent=37010"}],"wp:term":[{"taxonomy":"product_brand","embeddable":true,"href":"https:\/\/www.laomeister.com\/fi\/wp-json\/wp\/v2\/product_brand?post=37010"},{"taxonomy":"product_cat","embeddable":true,"href":"https:\/\/www.laomeister.com\/fi\/wp-json\/wp\/v2\/product_cat?post=37010"},{"taxonomy":"product_tag","embeddable":true,"href":"https:\/\/www.laomeister.com\/fi\/wp-json\/wp\/v2\/product_tag?post=37010"}],"curies":[{"name":"wp","href":"https:\/\/api.w.org\/{rel}","templated":true}]}}