{"id":37002,"date":"2021-01-24T17:17:38","date_gmt":"2024-07-02T20:20:35","guid":{"rendered":"https:\/\/www.laomeister.com\/toode\/venttiilipeili-dancop-ed-60-halkaisija-60-cm\/"},"modified":"2024-07-02T23:20:35","modified_gmt":"2024-07-02T20:20:35","slug":"venttiilipeili-dancop-ed-60-halkaisija-60-cm","status":"publish","type":"product","link":"https:\/\/www.laomeister.com\/fi\/toode\/venttiilipeili-dancop-ed-60-halkaisija-60-cm\/","title":{"rendered":"Venttiilipeili Dancop, ED 60, halkaisija 60 cm."},"content":{"rendered":"","protected":false},"excerpt":{"rendered":"<p><span class=\"JLqJ4b ChMk0b\" data-language-for-alternatives=\"et\" data-language-to-translate-into=\"en\" data-phrase-index=\"38\">Laadukas akryylipeili sis\u00e4- ja ulkok\u00e4ytt\u00f6\u00f6n. Turvapeili lis\u00e4\u00e4 n\u00e4kyvyytt\u00e4 ja siten liikenneturvallisuutta ajettaessa sis\u00e4\u00e4n, ulos ja risteyksiin, joissa n\u00e4kyvyys on rajoitettu.<\/span><\/p>\n<p><span class=\"JLqJ4b ChMk0b\" data-language-for-alternatives=\"et\" data-language-to-translate-into=\"en\" data-phrase-index=\"0\"><strong>Halkaisija <\/strong>&#8211; 60 cm<\/span><br \/>\n<span class=\"JLqJ4b ChMk0b\" data-language-for-alternatives=\"et\" data-language-to-translate-into=\"en\" data-phrase-index=\"2\"><strong>Materiaali<\/strong> &#8211; p<\/span><span class=\"JLqJ4b ChMk0b\" data-language-for-alternatives=\"et\" data-language-to-translate-into=\"en\" data-phrase-index=\"2\">polymetyylimetyylimetakrylaatti (PMMA), akryylist\u00e4 valmistettu peililasi.<\/span><span class=\"JLqJ4b ChMk0b\" data-language-for-alternatives=\"et\" data-language-to-translate-into=\"en\" data-phrase-index=\"4\"><strong><br \/>\nKehyksen<\/strong> <strong>leveys<\/strong> &#8211; 5 cm<\/span><br \/>\n<span class=\"JLqJ4b ChMk0b\" data-language-for-alternatives=\"et\" data-language-to-translate-into=\"en\" data-phrase-index=\"6\"><strong>Rungon halkaisija<\/strong> &#8211; 64 cm<\/span><br \/>\n<span class=\"JLqJ4b ChMk0b\" data-language-for-alternatives=\"et\" data-language-to-translate-into=\"en\" data-phrase-index=\"8\"><strong>V\u00e4ri<\/strong> &#8211; valkoinen runko<\/span><br \/>\n<span class=\"JLqJ4b ChMk0b\" data-language-for-alternatives=\"et\" data-language-to-translate-into=\"en\" data-phrase-index=\"12\"><strong>Paino<\/strong> &#8211;<\/span> 4,6<span class=\"JLqJ4b ChMk0b\" data-language-for-alternatives=\"et\" data-language-to-translate-into=\"en\" data-phrase-index=\"16\"> kg<\/span><br \/>\n<span class=\"JLqJ4b ChMk0b\" data-language-for-alternatives=\"et\" data-language-to-translate-into=\"en\" data-phrase-index=\"20\"><strong>Tarkkailuet\u00e4isyys<\/strong> &#8211; 9 &#8211; 15 m<\/span><br \/>\n<span class=\"JLqJ4b ChMk0b\" data-language-for-alternatives=\"et\" data-language-to-translate-into=\"en\" data-phrase-index=\"24\"><strong>Sis\u00e4inen k\u00e4ytt\u00f6<\/strong> &#8211; kyll\u00e4<\/span><br \/>\n<span class=\"JLqJ4b ChMk0b\" data-language-for-alternatives=\"et\" data-language-to-translate-into=\"en\" data-phrase-index=\"26\"><strong>Ulkok\u00e4ytt\u00f6<\/strong> &#8211; kyll\u00e4, UV-kest\u00e4v\u00e4<\/span><br \/>\n<span class=\"JLqJ4b ChMk0b\" data-language-for-alternatives=\"et\" data-language-to-translate-into=\"en\" data-phrase-index=\"28\"><strong>Asennus<\/strong> &#8211; yleiskiinnitys pylv\u00e4\u00e4seen (halkaisija 50-85 mm).<\/span><\/p>\n<p>&nbsp;<\/p>\n<p><strong>Kuvaus<\/strong><br \/>\n<span class=\"JLqJ4b ChMk0b\" data-language-for-alternatives=\"et\" data-language-to-translate-into=\"en\" data-phrase-index=\"0\">EUvex-yleispeili on varustettu valkoisella kehyksell\u00e4, ja sit\u00e4 voidaan k\u00e4ytt\u00e4\u00e4 monissa paikoissa ja moniin tarkoituksiin.<\/span><\/p>\n<p><strong>Materiaali per\u00e4isin<\/strong><br \/>\n<span class=\"JLqJ4b ChMk0b\" data-language-for-alternatives=\"et\" data-language-to-translate-into=\"en\" data-phrase-index=\"4\">EUvex-yleispeilin pinta on valmistettu PMMA:sta ja se on.<\/span><span class=\"JLqJ4b ChMk0b\" data-language-for-alternatives=\"et\" data-language-to-translate-into=\"en\" data-phrase-index=\"5\"> UV- ja s\u00e4\u00e4nkest\u00e4v\u00e4.<\/span><\/p>\n<p>&nbsp;<\/p>\n<p>&nbsp;<\/p>\n","protected":false},"featured_media":16420,"template":"","meta":[],"product_brand":[],"product_cat":[904,903],"product_tag":[],"class_list":{"0":"post-37002","1":"product","2":"type-product","3":"status-publish","4":"has-post-thumbnail","6":"product_cat-liikennepeilit","7":"product_cat-laopeeglid-fi","9":"first","10":"instock","11":"taxable","12":"shipping-taxable","13":"purchasable","14":"product-type-simple"},"yoast_head":"<!-- This site is optimized with the Yoast SEO plugin v27.3 - https:\/\/yoast.com\/product\/yoast-seo-wordpress\/ -->\n<title>Venttiilipeili Dancop, ED 60, halkaisija 60 cm. - Balti Laomeister<\/title>\n<meta name=\"robots\" content=\"index, follow, max-snippet:-1, max-image-preview:large, max-video-preview:-1\" \/>\n<link rel=\"canonical\" href=\"https:\/\/www.laomeister.com\/fi\/toode\/venttiilipeili-dancop-ed-60-halkaisija-60-cm\/\" \/>\n<meta property=\"og:locale\" content=\"fi_FI\" \/>\n<meta property=\"og:type\" content=\"article\" \/>\n<meta property=\"og:title\" content=\"Venttiilipeili Dancop, ED 60, halkaisija 60 cm. - Balti Laomeister\" \/>\n<meta property=\"og:description\" content=\"Laadukas akryylipeili sis\u00e4- ja ulkok\u00e4ytt\u00f6\u00f6n. Turvapeili lis\u00e4\u00e4 n\u00e4kyvyytt\u00e4 ja siten liikenneturvallisuutta ajettaessa sis\u00e4\u00e4n, ulos ja risteyksiin, joissa n\u00e4kyvyys on rajoitettu. Halkaisija - 60 cm Materiaali - ppolymetyylimetyylimetakrylaatti (PMMA), akryylist\u00e4 valmistettu peililasi. Kehyksen leveys - 5 cm Rungon halkaisija - 64 cm V\u00e4ri - valkoinen runko Paino - 4,6 kg Tarkkailuet\u00e4isyys - 9 - 15 m Sis\u00e4inen k\u00e4ytt\u00f6 - kyll\u00e4 Ulkok\u00e4ytt\u00f6 - kyll\u00e4, UV-kest\u00e4v\u00e4 Asennus - yleiskiinnitys pylv\u00e4\u00e4seen (halkaisija 50-85 mm). &nbsp; Kuvaus EUvex-yleispeili on varustettu valkoisella kehyksell\u00e4, ja sit\u00e4 voidaan k\u00e4ytt\u00e4\u00e4 monissa paikoissa ja moniin tarkoituksiin. Materiaali per\u00e4isin EUvex-yleispeilin pinta on valmistettu PMMA:sta ja se on. UV- ja s\u00e4\u00e4nkest\u00e4v\u00e4. &nbsp; &nbsp;\" \/>\n<meta property=\"og:url\" content=\"https:\/\/www.laomeister.com\/fi\/toode\/venttiilipeili-dancop-ed-60-halkaisija-60-cm\/\" \/>\n<meta property=\"og:site_name\" content=\"Balti Laomeister\" \/>\n<meta property=\"og:image\" content=\"https:\/\/www.laomeister.com\/wp-content\/uploads\/2021\/01\/ED-60.jpg\" \/>\n\t<meta property=\"og:image:width\" content=\"2000\" \/>\n\t<meta property=\"og:image:height\" content=\"2000\" \/>\n\t<meta property=\"og:image:type\" content=\"image\/jpeg\" \/>\n<meta name=\"twitter:card\" content=\"summary_large_image\" \/>\n<script type=\"application\/ld+json\" class=\"yoast-schema-graph\">{\"@context\":\"https:\\\/\\\/schema.org\",\"@graph\":[{\"@type\":\"WebPage\",\"@id\":\"https:\\\/\\\/www.laomeister.com\\\/fi\\\/toode\\\/venttiilipeili-dancop-ed-60-halkaisija-60-cm\\\/\",\"url\":\"https:\\\/\\\/www.laomeister.com\\\/fi\\\/toode\\\/venttiilipeili-dancop-ed-60-halkaisija-60-cm\\\/\",\"name\":\"Venttiilipeili Dancop, ED 60, halkaisija 60 cm. - Balti Laomeister\",\"isPartOf\":{\"@id\":\"https:\\\/\\\/www.laomeister.com\\\/fi\\\/#website\"},\"primaryImageOfPage\":{\"@id\":\"https:\\\/\\\/www.laomeister.com\\\/fi\\\/toode\\\/venttiilipeili-dancop-ed-60-halkaisija-60-cm\\\/#primaryimage\"},\"image\":{\"@id\":\"https:\\\/\\\/www.laomeister.com\\\/fi\\\/toode\\\/venttiilipeili-dancop-ed-60-halkaisija-60-cm\\\/#primaryimage\"},\"thumbnailUrl\":\"https:\\\/\\\/www.laomeister.com\\\/wp-content\\\/uploads\\\/2021\\\/01\\\/ED-60.jpg\",\"datePublished\":\"2024-07-02T20:20:35+00:00\",\"breadcrumb\":{\"@id\":\"https:\\\/\\\/www.laomeister.com\\\/fi\\\/toode\\\/venttiilipeili-dancop-ed-60-halkaisija-60-cm\\\/#breadcrumb\"},\"inLanguage\":\"fi\",\"potentialAction\":[{\"@type\":\"ReadAction\",\"target\":[\"https:\\\/\\\/www.laomeister.com\\\/fi\\\/toode\\\/venttiilipeili-dancop-ed-60-halkaisija-60-cm\\\/\"]}]},{\"@type\":\"ImageObject\",\"inLanguage\":\"fi\",\"@id\":\"https:\\\/\\\/www.laomeister.com\\\/fi\\\/toode\\\/venttiilipeili-dancop-ed-60-halkaisija-60-cm\\\/#primaryimage\",\"url\":\"https:\\\/\\\/www.laomeister.com\\\/wp-content\\\/uploads\\\/2021\\\/01\\\/ED-60.jpg\",\"contentUrl\":\"https:\\\/\\\/www.laomeister.com\\\/wp-content\\\/uploads\\\/2021\\\/01\\\/ED-60.jpg\",\"width\":2000,\"height\":2000},{\"@type\":\"BreadcrumbList\",\"@id\":\"https:\\\/\\\/www.laomeister.com\\\/fi\\\/toode\\\/venttiilipeili-dancop-ed-60-halkaisija-60-cm\\\/#breadcrumb\",\"itemListElement\":[{\"@type\":\"ListItem\",\"position\":1,\"name\":\"Home\",\"item\":\"https:\\\/\\\/www.laomeister.com\\\/fi\\\/\"},{\"@type\":\"ListItem\",\"position\":2,\"name\":\"Tuotteet\",\"item\":\"https:\\\/\\\/www.laomeister.com\\\/fi\\\/tuotteet\\\/\"},{\"@type\":\"ListItem\",\"position\":3,\"name\":\"Venttiilipeili Dancop, ED 60, halkaisija 60 cm.\"}]},{\"@type\":\"WebSite\",\"@id\":\"https:\\\/\\\/www.laomeister.com\\\/fi\\\/#website\",\"url\":\"https:\\\/\\\/www.laomeister.com\\\/fi\\\/\",\"name\":\"Balti Laomeister\",\"description\":\"Laoriiulid - m&uuml;&uuml;k ja paigaldus\",\"potentialAction\":[{\"@type\":\"SearchAction\",\"target\":{\"@type\":\"EntryPoint\",\"urlTemplate\":\"https:\\\/\\\/www.laomeister.com\\\/fi\\\/?s={search_term_string}\"},\"query-input\":{\"@type\":\"PropertyValueSpecification\",\"valueRequired\":true,\"valueName\":\"search_term_string\"}}],\"inLanguage\":\"fi\"}]}<\/script>\n<!-- \/ Yoast SEO plugin. -->","yoast_head_json":{"title":"Venttiilipeili Dancop, ED 60, halkaisija 60 cm. - Balti Laomeister","robots":{"index":"index","follow":"follow","max-snippet":"max-snippet:-1","max-image-preview":"max-image-preview:large","max-video-preview":"max-video-preview:-1"},"canonical":"https:\/\/www.laomeister.com\/fi\/toode\/venttiilipeili-dancop-ed-60-halkaisija-60-cm\/","og_locale":"fi_FI","og_type":"article","og_title":"Venttiilipeili Dancop, ED 60, halkaisija 60 cm. - Balti Laomeister","og_description":"Laadukas akryylipeili sis\u00e4- ja ulkok\u00e4ytt\u00f6\u00f6n. Turvapeili lis\u00e4\u00e4 n\u00e4kyvyytt\u00e4 ja siten liikenneturvallisuutta ajettaessa sis\u00e4\u00e4n, ulos ja risteyksiin, joissa n\u00e4kyvyys on rajoitettu. Halkaisija - 60 cm Materiaali - ppolymetyylimetyylimetakrylaatti (PMMA), akryylist\u00e4 valmistettu peililasi. Kehyksen leveys - 5 cm Rungon halkaisija - 64 cm V\u00e4ri - valkoinen runko Paino - 4,6 kg Tarkkailuet\u00e4isyys - 9 - 15 m Sis\u00e4inen k\u00e4ytt\u00f6 - kyll\u00e4 Ulkok\u00e4ytt\u00f6 - kyll\u00e4, UV-kest\u00e4v\u00e4 Asennus - yleiskiinnitys pylv\u00e4\u00e4seen (halkaisija 50-85 mm). &nbsp; Kuvaus EUvex-yleispeili on varustettu valkoisella kehyksell\u00e4, ja sit\u00e4 voidaan k\u00e4ytt\u00e4\u00e4 monissa paikoissa ja moniin tarkoituksiin. Materiaali per\u00e4isin EUvex-yleispeilin pinta on valmistettu PMMA:sta ja se on. UV- ja s\u00e4\u00e4nkest\u00e4v\u00e4. &nbsp; &nbsp;","og_url":"https:\/\/www.laomeister.com\/fi\/toode\/venttiilipeili-dancop-ed-60-halkaisija-60-cm\/","og_site_name":"Balti Laomeister","og_image":[{"width":2000,"height":2000,"url":"https:\/\/www.laomeister.com\/wp-content\/uploads\/2021\/01\/ED-60.jpg","type":"image\/jpeg"}],"twitter_card":"summary_large_image","schema":{"@context":"https:\/\/schema.org","@graph":[{"@type":"WebPage","@id":"https:\/\/www.laomeister.com\/fi\/toode\/venttiilipeili-dancop-ed-60-halkaisija-60-cm\/","url":"https:\/\/www.laomeister.com\/fi\/toode\/venttiilipeili-dancop-ed-60-halkaisija-60-cm\/","name":"Venttiilipeili Dancop, ED 60, halkaisija 60 cm. - Balti Laomeister","isPartOf":{"@id":"https:\/\/www.laomeister.com\/fi\/#website"},"primaryImageOfPage":{"@id":"https:\/\/www.laomeister.com\/fi\/toode\/venttiilipeili-dancop-ed-60-halkaisija-60-cm\/#primaryimage"},"image":{"@id":"https:\/\/www.laomeister.com\/fi\/toode\/venttiilipeili-dancop-ed-60-halkaisija-60-cm\/#primaryimage"},"thumbnailUrl":"https:\/\/www.laomeister.com\/wp-content\/uploads\/2021\/01\/ED-60.jpg","datePublished":"2024-07-02T20:20:35+00:00","breadcrumb":{"@id":"https:\/\/www.laomeister.com\/fi\/toode\/venttiilipeili-dancop-ed-60-halkaisija-60-cm\/#breadcrumb"},"inLanguage":"fi","potentialAction":[{"@type":"ReadAction","target":["https:\/\/www.laomeister.com\/fi\/toode\/venttiilipeili-dancop-ed-60-halkaisija-60-cm\/"]}]},{"@type":"ImageObject","inLanguage":"fi","@id":"https:\/\/www.laomeister.com\/fi\/toode\/venttiilipeili-dancop-ed-60-halkaisija-60-cm\/#primaryimage","url":"https:\/\/www.laomeister.com\/wp-content\/uploads\/2021\/01\/ED-60.jpg","contentUrl":"https:\/\/www.laomeister.com\/wp-content\/uploads\/2021\/01\/ED-60.jpg","width":2000,"height":2000},{"@type":"BreadcrumbList","@id":"https:\/\/www.laomeister.com\/fi\/toode\/venttiilipeili-dancop-ed-60-halkaisija-60-cm\/#breadcrumb","itemListElement":[{"@type":"ListItem","position":1,"name":"Home","item":"https:\/\/www.laomeister.com\/fi\/"},{"@type":"ListItem","position":2,"name":"Tuotteet","item":"https:\/\/www.laomeister.com\/fi\/tuotteet\/"},{"@type":"ListItem","position":3,"name":"Venttiilipeili Dancop, ED 60, halkaisija 60 cm."}]},{"@type":"WebSite","@id":"https:\/\/www.laomeister.com\/fi\/#website","url":"https:\/\/www.laomeister.com\/fi\/","name":"Balti Laomeister","description":"Laoriiulid - m&uuml;&uuml;k ja paigaldus","potentialAction":[{"@type":"SearchAction","target":{"@type":"EntryPoint","urlTemplate":"https:\/\/www.laomeister.com\/fi\/?s={search_term_string}"},"query-input":{"@type":"PropertyValueSpecification","valueRequired":true,"valueName":"search_term_string"}}],"inLanguage":"fi"}]}},"_links":{"self":[{"href":"https:\/\/www.laomeister.com\/fi\/wp-json\/wp\/v2\/product\/37002","targetHints":{"allow":["GET"]}}],"collection":[{"href":"https:\/\/www.laomeister.com\/fi\/wp-json\/wp\/v2\/product"}],"about":[{"href":"https:\/\/www.laomeister.com\/fi\/wp-json\/wp\/v2\/types\/product"}],"wp:featuredmedia":[{"embeddable":true,"href":"https:\/\/www.laomeister.com\/fi\/wp-json\/wp\/v2\/media\/16420"}],"wp:attachment":[{"href":"https:\/\/www.laomeister.com\/fi\/wp-json\/wp\/v2\/media?parent=37002"}],"wp:term":[{"taxonomy":"product_brand","embeddable":true,"href":"https:\/\/www.laomeister.com\/fi\/wp-json\/wp\/v2\/product_brand?post=37002"},{"taxonomy":"product_cat","embeddable":true,"href":"https:\/\/www.laomeister.com\/fi\/wp-json\/wp\/v2\/product_cat?post=37002"},{"taxonomy":"product_tag","embeddable":true,"href":"https:\/\/www.laomeister.com\/fi\/wp-json\/wp\/v2\/product_tag?post=37002"}],"curies":[{"name":"wp","href":"https:\/\/api.w.org\/{rel}","templated":true}]}}