{"id":36997,"date":"2021-01-23T21:10:21","date_gmt":"2024-07-02T20:20:19","guid":{"rendered":"https:\/\/www.laomeister.com\/toode\/venttiilipeili-dancop-ed-80-x-100-mitat-80-x-100-cm\/"},"modified":"2024-07-02T23:20:19","modified_gmt":"2024-07-02T20:20:19","slug":"venttiilipeili-dancop-ed-80-x-100-mitat-80-x-100-cm","status":"publish","type":"product","link":"https:\/\/www.laomeister.com\/fi\/toode\/venttiilipeili-dancop-ed-80-x-100-mitat-80-x-100-cm\/","title":{"rendered":"Venttiilipeili Dancop, ED 80 X 100, mitat 80 X 100 cm"},"content":{"rendered":"","protected":false},"excerpt":{"rendered":"<p><span class=\"JLqJ4b ChMk0b\" data-language-for-alternatives=\"et\" data-language-to-translate-into=\"en\" data-phrase-index=\"38\">Laadukas akryylipeili sis\u00e4- ja ulkok\u00e4ytt\u00f6\u00f6n. Turvapeili lis\u00e4\u00e4 n\u00e4kyvyytt\u00e4 ja siten liikenneturvallisuutta ajettaessa sis\u00e4\u00e4n, ulos ja risteyksiin, joissa n\u00e4kyvyys on rajoitettu.<\/span><\/p>\n<p><span class=\"JLqJ4b ChMk0b\" data-language-for-alternatives=\"et\" data-language-to-translate-into=\"en\" data-phrase-index=\"0\"><strong>Mitat <\/strong>&#8211; 80 x 100 cm<\/span><br \/>\n<span class=\"JLqJ4b ChMk0b\" data-language-for-alternatives=\"et\" data-language-to-translate-into=\"en\" data-phrase-index=\"2\"><strong>Materiaali<\/strong> &#8211; akryyli<\/span><br \/>\n<span class=\"JLqJ4b ChMk0b\" data-language-for-alternatives=\"et\" data-language-to-translate-into=\"en\" data-phrase-index=\"4\"><strong>Kehyksen<\/strong> <strong>leveys<\/strong> &#8211; 1,7 cm<\/span><br \/>\n<span class=\"JLqJ4b ChMk0b\" data-language-for-alternatives=\"et\" data-language-to-translate-into=\"en\" data-phrase-index=\"6\"><strong>Rungon korkeus<\/strong> &#8211; 93 cm<br \/>\n<\/span><span class=\"JLqJ4b ChMk0b\" data-language-for-alternatives=\"et\" data-language-to-translate-into=\"en\" data-phrase-index=\"8\"><strong><br \/>\nR<\/strong><strong>ungon pituus <\/strong>&#8211; 114 cm<strong>V\u00e4ri<\/strong> &#8211; valkoinen runko p<\/span><span class=\"JLqJ4b ChMk0b\" data-language-for-alternatives=\"et\" data-language-to-translate-into=\"en\" data-phrase-index=\"10\">Unase heijastava RA2-folio<\/span><br \/>\n<span class=\"JLqJ4b ChMk0b\" data-language-for-alternatives=\"et\" data-language-to-translate-into=\"en\" data-phrase-index=\"12\"><strong>Paino<\/strong> &#8211;<\/span> 8,5<span class=\"JLqJ4b ChMk0b\" data-language-for-alternatives=\"et\" data-language-to-translate-into=\"en\" data-phrase-index=\"16\"> kg<\/span><br \/>\n<span class=\"JLqJ4b ChMk0b\" data-language-for-alternatives=\"et\" data-language-to-translate-into=\"en\" data-phrase-index=\"20\"><strong>Tarkkailuet\u00e4isyys<\/strong> &#8211; 22- 27 m<\/span><br \/>\n<span class=\"JLqJ4b ChMk0b\" data-language-for-alternatives=\"et\" data-language-to-translate-into=\"en\" data-phrase-index=\"22\">&gt; T<strong>uulikuormitus<\/strong> &#8211; sertifioitu jopa tuulen voimakkuuteen 12 paalia (hurrikaani 117 km\/h) asti.<\/span><br \/>\n<span class=\"JLqJ4b ChMk0b\" data-language-for-alternatives=\"et\" data-language-to-translate-into=\"en\" data-phrase-index=\"24\"><strong>Sis\u00e4inen k\u00e4ytt\u00f6<\/strong> &#8211; kyll\u00e4<\/span><br \/>\n<span class=\"JLqJ4b ChMk0b\" data-language-for-alternatives=\"et\" data-language-to-translate-into=\"en\" data-phrase-index=\"26\"><strong>Ulkok\u00e4ytt\u00f6<\/strong> &#8211; kyll\u00e4, UV-kest\u00e4v\u00e4<\/span><br \/>\n<span class=\"JLqJ4b ChMk0b\" data-language-for-alternatives=\"et\" data-language-to-translate-into=\"en\" data-phrase-index=\"28\"><strong>Kiinnitys<\/strong> &#8211; pylv\u00e4s- tai sein\u00e4kiinnitys<\/span> <span class=\"JLqJ4b ChMk0b\" data-language-for-alternatives=\"et\" data-language-to-translate-into=\"en\" data-phrase-index=\"30\">4-pistekiinnitteisell\u00e4 pallonivelell\u00e4<\/span><\/p>\n<p>&nbsp;<\/p>\n<p><strong>Kuvaus<\/strong><br \/>\nTM-liikennepeilej\u00e4 suositellaan liikenneturvallisuuden parantamiseksi kaduilla, pienill\u00e4 teill\u00e4 ja pienill\u00e4 poluilla, joilla on jyrkki\u00e4 mutkia ja joissa on kuolleiden kulmien riski. Peilej\u00e4 voidaan k\u00e4ytt\u00e4\u00e4 my\u00f6s teollisuusalueilla, joilla tienk\u00e4ytt\u00e4j\u00e4t ja jalankulkijat voivat joutua onnettomuusvaaraan. Kehyksen etuosassa oleva heijastava tarra auttaa minimoimaan onnettomuusriskin erityisesti huonolla s\u00e4\u00e4ll\u00e4 ja y\u00f6ll\u00e4.<\/p>\n<p><strong>Materiaali per\u00e4isin<\/strong><br \/>\nPeili on valmistettu akryylist\u00e4, joka on 70 % iskunkest\u00e4v\u00e4mpi kuin lasi. Peili on varustettu 3M-heijastinkalvolla, ja se on T\u00dcV-sertifioitu. S\u00e4\u00e4nkest\u00e4vien materiaalien ansiosta peili soveltuu erityisen hyvin pitk\u00e4aikaiseen ulkok\u00e4ytt\u00f6\u00f6n. Peili on asennettu UV-s\u00e4teily\u00e4 kest\u00e4v\u00e4\u00e4n silikonikehykseen, jossa on lis\u00e4vahvistus takana. Silikoni kest\u00e4\u00e4 vett\u00e4 ja suojaa siten peili\u00e4 pitk\u00e4\u00e4n.<\/p>\n<p><strong>Korjaaminen<\/strong><br \/>\nSarjaan kuuluu 4-pisteen pallonivelen kiinnike, jonka avulla peili voidaan sijoittaa eri kulmiin. &gt; Tukeva kiinnike kest\u00e4\u00e4 kovia tuulia (kiinnike on testattu jopa 12 solmun tai 117 kmh:n tuulennopeudella), ja se voidaan asentaa joko suoraan sein\u00e4\u00e4n tai pylv\u00e4skiinnikkeeseen (\u00d8 50-85 mm).<\/p>\n<p>&nbsp;<\/p>\n<p>&nbsp;<\/p>\n","protected":false},"featured_media":16409,"template":"","meta":[],"product_brand":[],"product_cat":[904,903],"product_tag":[],"class_list":{"0":"post-36997","1":"product","2":"type-product","3":"status-publish","4":"has-post-thumbnail","6":"product_cat-liikennepeilit","7":"product_cat-laopeeglid-fi","9":"first","10":"instock","11":"taxable","12":"shipping-taxable","13":"purchasable","14":"product-type-simple"},"yoast_head":"<!-- This site is optimized with the Yoast SEO plugin v27.3 - https:\/\/yoast.com\/product\/yoast-seo-wordpress\/ -->\n<title>Venttiilipeili Dancop, ED 80 X 100, mitat 80 X 100 cm - Balti Laomeister<\/title>\n<meta name=\"robots\" content=\"index, follow, max-snippet:-1, max-image-preview:large, max-video-preview:-1\" \/>\n<link rel=\"canonical\" href=\"https:\/\/www.laomeister.com\/fi\/toode\/venttiilipeili-dancop-ed-80-x-100-mitat-80-x-100-cm\/\" \/>\n<meta property=\"og:locale\" content=\"fi_FI\" \/>\n<meta property=\"og:type\" content=\"article\" \/>\n<meta property=\"og:title\" content=\"Venttiilipeili Dancop, ED 80 X 100, mitat 80 X 100 cm - Balti Laomeister\" \/>\n<meta property=\"og:description\" content=\"Laadukas akryylipeili sis\u00e4- ja ulkok\u00e4ytt\u00f6\u00f6n. Turvapeili lis\u00e4\u00e4 n\u00e4kyvyytt\u00e4 ja siten liikenneturvallisuutta ajettaessa sis\u00e4\u00e4n, ulos ja risteyksiin, joissa n\u00e4kyvyys on rajoitettu. Mitat - 80 x 100 cm Materiaali - akryyli Kehyksen leveys - 1,7 cm Rungon korkeus - 93 cm Rungon pituus - 114 cmV\u00e4ri - valkoinen runko pUnase heijastava RA2-folio Paino - 8,5 kg Tarkkailuet\u00e4isyys - 22- 27 m &gt; Tuulikuormitus - sertifioitu jopa tuulen voimakkuuteen 12 paalia (hurrikaani 117 km\/h) asti. Sis\u00e4inen k\u00e4ytt\u00f6 - kyll\u00e4 Ulkok\u00e4ytt\u00f6 - kyll\u00e4, UV-kest\u00e4v\u00e4 Kiinnitys - pylv\u00e4s- tai sein\u00e4kiinnitys 4-pistekiinnitteisell\u00e4 pallonivelell\u00e4 &nbsp; Kuvaus TM-liikennepeilej\u00e4 suositellaan liikenneturvallisuuden parantamiseksi kaduilla, pienill\u00e4 teill\u00e4 ja pienill\u00e4 poluilla, joilla on jyrkki\u00e4 mutkia ja joissa on kuolleiden kulmien riski. Peilej\u00e4 voidaan k\u00e4ytt\u00e4\u00e4 my\u00f6s teollisuusalueilla, joilla tienk\u00e4ytt\u00e4j\u00e4t ja jalankulkijat voivat joutua onnettomuusvaaraan. Kehyksen etuosassa oleva heijastava tarra auttaa minimoimaan onnettomuusriskin erityisesti huonolla s\u00e4\u00e4ll\u00e4 ja y\u00f6ll\u00e4. Materiaali per\u00e4isin Peili on valmistettu akryylist\u00e4, joka on 70 % iskunkest\u00e4v\u00e4mpi kuin lasi. Peili on varustettu 3M-heijastinkalvolla, ja se on T\u00dcV-sertifioitu. S\u00e4\u00e4nkest\u00e4vien materiaalien ansiosta peili soveltuu erityisen hyvin pitk\u00e4aikaiseen ulkok\u00e4ytt\u00f6\u00f6n. Peili on asennettu UV-s\u00e4teily\u00e4 kest\u00e4v\u00e4\u00e4n silikonikehykseen, jossa on lis\u00e4vahvistus takana. Silikoni kest\u00e4\u00e4 vett\u00e4 ja suojaa siten peili\u00e4 pitk\u00e4\u00e4n. Korjaaminen Sarjaan kuuluu 4-pisteen pallonivelen kiinnike, jonka avulla peili voidaan sijoittaa eri kulmiin. &gt; Tukeva kiinnike kest\u00e4\u00e4 kovia tuulia (kiinnike on testattu jopa 12 solmun tai 117 kmh:n tuulennopeudella), ja se voidaan asentaa joko suoraan sein\u00e4\u00e4n tai pylv\u00e4skiinnikkeeseen (\u00d8 50-85 mm). &nbsp; &nbsp;\" \/>\n<meta property=\"og:url\" content=\"https:\/\/www.laomeister.com\/fi\/toode\/venttiilipeili-dancop-ed-80-x-100-mitat-80-x-100-cm\/\" \/>\n<meta property=\"og:site_name\" content=\"Balti Laomeister\" \/>\n<meta property=\"og:image\" content=\"https:\/\/www.laomeister.com\/wp-content\/uploads\/2021\/01\/ED-40-X-60.jpg\" \/>\n\t<meta property=\"og:image:width\" content=\"2000\" \/>\n\t<meta property=\"og:image:height\" content=\"2000\" \/>\n\t<meta property=\"og:image:type\" content=\"image\/jpeg\" \/>\n<meta name=\"twitter:card\" content=\"summary_large_image\" \/>\n<script type=\"application\/ld+json\" class=\"yoast-schema-graph\">{\"@context\":\"https:\\\/\\\/schema.org\",\"@graph\":[{\"@type\":\"WebPage\",\"@id\":\"https:\\\/\\\/www.laomeister.com\\\/fi\\\/toode\\\/venttiilipeili-dancop-ed-80-x-100-mitat-80-x-100-cm\\\/\",\"url\":\"https:\\\/\\\/www.laomeister.com\\\/fi\\\/toode\\\/venttiilipeili-dancop-ed-80-x-100-mitat-80-x-100-cm\\\/\",\"name\":\"Venttiilipeili Dancop, ED 80 X 100, mitat 80 X 100 cm - Balti Laomeister\",\"isPartOf\":{\"@id\":\"https:\\\/\\\/www.laomeister.com\\\/fi\\\/#website\"},\"primaryImageOfPage\":{\"@id\":\"https:\\\/\\\/www.laomeister.com\\\/fi\\\/toode\\\/venttiilipeili-dancop-ed-80-x-100-mitat-80-x-100-cm\\\/#primaryimage\"},\"image\":{\"@id\":\"https:\\\/\\\/www.laomeister.com\\\/fi\\\/toode\\\/venttiilipeili-dancop-ed-80-x-100-mitat-80-x-100-cm\\\/#primaryimage\"},\"thumbnailUrl\":\"https:\\\/\\\/www.laomeister.com\\\/wp-content\\\/uploads\\\/2021\\\/01\\\/ED-40-X-60.jpg\",\"datePublished\":\"2024-07-02T20:20:19+00:00\",\"breadcrumb\":{\"@id\":\"https:\\\/\\\/www.laomeister.com\\\/fi\\\/toode\\\/venttiilipeili-dancop-ed-80-x-100-mitat-80-x-100-cm\\\/#breadcrumb\"},\"inLanguage\":\"fi\",\"potentialAction\":[{\"@type\":\"ReadAction\",\"target\":[\"https:\\\/\\\/www.laomeister.com\\\/fi\\\/toode\\\/venttiilipeili-dancop-ed-80-x-100-mitat-80-x-100-cm\\\/\"]}]},{\"@type\":\"ImageObject\",\"inLanguage\":\"fi\",\"@id\":\"https:\\\/\\\/www.laomeister.com\\\/fi\\\/toode\\\/venttiilipeili-dancop-ed-80-x-100-mitat-80-x-100-cm\\\/#primaryimage\",\"url\":\"https:\\\/\\\/www.laomeister.com\\\/wp-content\\\/uploads\\\/2021\\\/01\\\/ED-40-X-60.jpg\",\"contentUrl\":\"https:\\\/\\\/www.laomeister.com\\\/wp-content\\\/uploads\\\/2021\\\/01\\\/ED-40-X-60.jpg\",\"width\":2000,\"height\":2000},{\"@type\":\"BreadcrumbList\",\"@id\":\"https:\\\/\\\/www.laomeister.com\\\/fi\\\/toode\\\/venttiilipeili-dancop-ed-80-x-100-mitat-80-x-100-cm\\\/#breadcrumb\",\"itemListElement\":[{\"@type\":\"ListItem\",\"position\":1,\"name\":\"Home\",\"item\":\"https:\\\/\\\/www.laomeister.com\\\/fi\\\/\"},{\"@type\":\"ListItem\",\"position\":2,\"name\":\"Tuotteet\",\"item\":\"https:\\\/\\\/www.laomeister.com\\\/fi\\\/tuotteet\\\/\"},{\"@type\":\"ListItem\",\"position\":3,\"name\":\"Venttiilipeili Dancop, ED 80 X 100, mitat 80 X 100 cm\"}]},{\"@type\":\"WebSite\",\"@id\":\"https:\\\/\\\/www.laomeister.com\\\/fi\\\/#website\",\"url\":\"https:\\\/\\\/www.laomeister.com\\\/fi\\\/\",\"name\":\"Balti Laomeister\",\"description\":\"Laoriiulid - m&uuml;&uuml;k ja paigaldus\",\"potentialAction\":[{\"@type\":\"SearchAction\",\"target\":{\"@type\":\"EntryPoint\",\"urlTemplate\":\"https:\\\/\\\/www.laomeister.com\\\/fi\\\/?s={search_term_string}\"},\"query-input\":{\"@type\":\"PropertyValueSpecification\",\"valueRequired\":true,\"valueName\":\"search_term_string\"}}],\"inLanguage\":\"fi\"}]}<\/script>\n<!-- \/ Yoast SEO plugin. -->","yoast_head_json":{"title":"Venttiilipeili Dancop, ED 80 X 100, mitat 80 X 100 cm - Balti Laomeister","robots":{"index":"index","follow":"follow","max-snippet":"max-snippet:-1","max-image-preview":"max-image-preview:large","max-video-preview":"max-video-preview:-1"},"canonical":"https:\/\/www.laomeister.com\/fi\/toode\/venttiilipeili-dancop-ed-80-x-100-mitat-80-x-100-cm\/","og_locale":"fi_FI","og_type":"article","og_title":"Venttiilipeili Dancop, ED 80 X 100, mitat 80 X 100 cm - Balti Laomeister","og_description":"Laadukas akryylipeili sis\u00e4- ja ulkok\u00e4ytt\u00f6\u00f6n. Turvapeili lis\u00e4\u00e4 n\u00e4kyvyytt\u00e4 ja siten liikenneturvallisuutta ajettaessa sis\u00e4\u00e4n, ulos ja risteyksiin, joissa n\u00e4kyvyys on rajoitettu. Mitat - 80 x 100 cm Materiaali - akryyli Kehyksen leveys - 1,7 cm Rungon korkeus - 93 cm Rungon pituus - 114 cmV\u00e4ri - valkoinen runko pUnase heijastava RA2-folio Paino - 8,5 kg Tarkkailuet\u00e4isyys - 22- 27 m &gt; Tuulikuormitus - sertifioitu jopa tuulen voimakkuuteen 12 paalia (hurrikaani 117 km\/h) asti. Sis\u00e4inen k\u00e4ytt\u00f6 - kyll\u00e4 Ulkok\u00e4ytt\u00f6 - kyll\u00e4, UV-kest\u00e4v\u00e4 Kiinnitys - pylv\u00e4s- tai sein\u00e4kiinnitys 4-pistekiinnitteisell\u00e4 pallonivelell\u00e4 &nbsp; Kuvaus TM-liikennepeilej\u00e4 suositellaan liikenneturvallisuuden parantamiseksi kaduilla, pienill\u00e4 teill\u00e4 ja pienill\u00e4 poluilla, joilla on jyrkki\u00e4 mutkia ja joissa on kuolleiden kulmien riski. Peilej\u00e4 voidaan k\u00e4ytt\u00e4\u00e4 my\u00f6s teollisuusalueilla, joilla tienk\u00e4ytt\u00e4j\u00e4t ja jalankulkijat voivat joutua onnettomuusvaaraan. Kehyksen etuosassa oleva heijastava tarra auttaa minimoimaan onnettomuusriskin erityisesti huonolla s\u00e4\u00e4ll\u00e4 ja y\u00f6ll\u00e4. Materiaali per\u00e4isin Peili on valmistettu akryylist\u00e4, joka on 70 % iskunkest\u00e4v\u00e4mpi kuin lasi. Peili on varustettu 3M-heijastinkalvolla, ja se on T\u00dcV-sertifioitu. S\u00e4\u00e4nkest\u00e4vien materiaalien ansiosta peili soveltuu erityisen hyvin pitk\u00e4aikaiseen ulkok\u00e4ytt\u00f6\u00f6n. Peili on asennettu UV-s\u00e4teily\u00e4 kest\u00e4v\u00e4\u00e4n silikonikehykseen, jossa on lis\u00e4vahvistus takana. Silikoni kest\u00e4\u00e4 vett\u00e4 ja suojaa siten peili\u00e4 pitk\u00e4\u00e4n. Korjaaminen Sarjaan kuuluu 4-pisteen pallonivelen kiinnike, jonka avulla peili voidaan sijoittaa eri kulmiin. &gt; Tukeva kiinnike kest\u00e4\u00e4 kovia tuulia (kiinnike on testattu jopa 12 solmun tai 117 kmh:n tuulennopeudella), ja se voidaan asentaa joko suoraan sein\u00e4\u00e4n tai pylv\u00e4skiinnikkeeseen (\u00d8 50-85 mm). &nbsp; &nbsp;","og_url":"https:\/\/www.laomeister.com\/fi\/toode\/venttiilipeili-dancop-ed-80-x-100-mitat-80-x-100-cm\/","og_site_name":"Balti Laomeister","og_image":[{"width":2000,"height":2000,"url":"https:\/\/www.laomeister.com\/wp-content\/uploads\/2021\/01\/ED-40-X-60.jpg","type":"image\/jpeg"}],"twitter_card":"summary_large_image","schema":{"@context":"https:\/\/schema.org","@graph":[{"@type":"WebPage","@id":"https:\/\/www.laomeister.com\/fi\/toode\/venttiilipeili-dancop-ed-80-x-100-mitat-80-x-100-cm\/","url":"https:\/\/www.laomeister.com\/fi\/toode\/venttiilipeili-dancop-ed-80-x-100-mitat-80-x-100-cm\/","name":"Venttiilipeili Dancop, ED 80 X 100, mitat 80 X 100 cm - Balti Laomeister","isPartOf":{"@id":"https:\/\/www.laomeister.com\/fi\/#website"},"primaryImageOfPage":{"@id":"https:\/\/www.laomeister.com\/fi\/toode\/venttiilipeili-dancop-ed-80-x-100-mitat-80-x-100-cm\/#primaryimage"},"image":{"@id":"https:\/\/www.laomeister.com\/fi\/toode\/venttiilipeili-dancop-ed-80-x-100-mitat-80-x-100-cm\/#primaryimage"},"thumbnailUrl":"https:\/\/www.laomeister.com\/wp-content\/uploads\/2021\/01\/ED-40-X-60.jpg","datePublished":"2024-07-02T20:20:19+00:00","breadcrumb":{"@id":"https:\/\/www.laomeister.com\/fi\/toode\/venttiilipeili-dancop-ed-80-x-100-mitat-80-x-100-cm\/#breadcrumb"},"inLanguage":"fi","potentialAction":[{"@type":"ReadAction","target":["https:\/\/www.laomeister.com\/fi\/toode\/venttiilipeili-dancop-ed-80-x-100-mitat-80-x-100-cm\/"]}]},{"@type":"ImageObject","inLanguage":"fi","@id":"https:\/\/www.laomeister.com\/fi\/toode\/venttiilipeili-dancop-ed-80-x-100-mitat-80-x-100-cm\/#primaryimage","url":"https:\/\/www.laomeister.com\/wp-content\/uploads\/2021\/01\/ED-40-X-60.jpg","contentUrl":"https:\/\/www.laomeister.com\/wp-content\/uploads\/2021\/01\/ED-40-X-60.jpg","width":2000,"height":2000},{"@type":"BreadcrumbList","@id":"https:\/\/www.laomeister.com\/fi\/toode\/venttiilipeili-dancop-ed-80-x-100-mitat-80-x-100-cm\/#breadcrumb","itemListElement":[{"@type":"ListItem","position":1,"name":"Home","item":"https:\/\/www.laomeister.com\/fi\/"},{"@type":"ListItem","position":2,"name":"Tuotteet","item":"https:\/\/www.laomeister.com\/fi\/tuotteet\/"},{"@type":"ListItem","position":3,"name":"Venttiilipeili Dancop, ED 80 X 100, mitat 80 X 100 cm"}]},{"@type":"WebSite","@id":"https:\/\/www.laomeister.com\/fi\/#website","url":"https:\/\/www.laomeister.com\/fi\/","name":"Balti Laomeister","description":"Laoriiulid - m&uuml;&uuml;k ja paigaldus","potentialAction":[{"@type":"SearchAction","target":{"@type":"EntryPoint","urlTemplate":"https:\/\/www.laomeister.com\/fi\/?s={search_term_string}"},"query-input":{"@type":"PropertyValueSpecification","valueRequired":true,"valueName":"search_term_string"}}],"inLanguage":"fi"}]}},"_links":{"self":[{"href":"https:\/\/www.laomeister.com\/fi\/wp-json\/wp\/v2\/product\/36997","targetHints":{"allow":["GET"]}}],"collection":[{"href":"https:\/\/www.laomeister.com\/fi\/wp-json\/wp\/v2\/product"}],"about":[{"href":"https:\/\/www.laomeister.com\/fi\/wp-json\/wp\/v2\/types\/product"}],"wp:featuredmedia":[{"embeddable":true,"href":"https:\/\/www.laomeister.com\/fi\/wp-json\/wp\/v2\/media\/16409"}],"wp:attachment":[{"href":"https:\/\/www.laomeister.com\/fi\/wp-json\/wp\/v2\/media?parent=36997"}],"wp:term":[{"taxonomy":"product_brand","embeddable":true,"href":"https:\/\/www.laomeister.com\/fi\/wp-json\/wp\/v2\/product_brand?post=36997"},{"taxonomy":"product_cat","embeddable":true,"href":"https:\/\/www.laomeister.com\/fi\/wp-json\/wp\/v2\/product_cat?post=36997"},{"taxonomy":"product_tag","embeddable":true,"href":"https:\/\/www.laomeister.com\/fi\/wp-json\/wp\/v2\/product_tag?post=36997"}],"curies":[{"name":"wp","href":"https:\/\/api.w.org\/{rel}","templated":true}]}}