{"id":36652,"date":"2020-12-04T15:13:49","date_gmt":"2024-07-02T20:13:53","guid":{"rendered":"https:\/\/www.laomeister.com\/toode\/kuljetusrulla-6t-varren-kanssa-i57706\/"},"modified":"2024-07-02T23:13:53","modified_gmt":"2024-07-02T20:13:53","slug":"kuljetusrulla-6t-varren-kanssa-i57706","status":"publish","type":"product","link":"https:\/\/www.laomeister.com\/fi\/toode\/kuljetusrulla-6t-varren-kanssa-i57706\/","title":{"rendered":"Kuljetusrulla 6T varren kanssa, I57706"},"content":{"rendered":"","protected":false},"excerpt":{"rendered":"<ul>\n<li>Rullien kapasiteetti 6000 kg.<\/li>\n<li>Telan kokonaismitat ovat P x L x K (mm) 385 x 560 x 110.<\/li>\n<li>Jokaisessa rullassa on kahdeksan polyuretaanipy\u00f6r\u00e4\u00e4.<\/li>\n<li>Rullapy\u00f6r\u00e4n mitat: 82&#215;100 mm.<\/li>\n<li>Rullan tasainen pinta on varustettu kumipinnalla, joka suojaa kuljetettavia tavaroita naarmuilta.<\/li>\n<li>Tela on varustettu ohjausvivulla ja py\u00f6rivill\u00e4 ohjauspy\u00f6rill\u00e4, joiden avulla kuorman suuntaa voidaan muuttaa sujuvasti haluttuun suuntaan.<\/li>\n<li>Telan paino on 50 kg.<\/li>\n<\/ul>\n","protected":false},"featured_media":34153,"template":"","meta":[],"product_brand":[],"product_cat":[276,383],"product_tag":[],"class_list":{"0":"post-36652","1":"product","2":"type-product","3":"status-publish","4":"has-post-thumbnail","6":"product_cat-laomoobel-fi","7":"product_cat-siirdealused-rullikutel-fi","9":"first","10":"instock","11":"taxable","12":"shipping-taxable","13":"purchasable","14":"product-type-simple"},"yoast_head":"<!-- This site is optimized with the Yoast SEO plugin v27.5 - https:\/\/yoast.com\/product\/yoast-seo-wordpress\/ -->\n<title>Kuljetusrulla 6T varren kanssa, I57706 - Balti Laomeister<\/title>\n<meta name=\"robots\" content=\"index, follow, max-snippet:-1, max-image-preview:large, max-video-preview:-1\" \/>\n<link rel=\"canonical\" href=\"https:\/\/www.laomeister.com\/fi\/toode\/kuljetusrulla-6t-varren-kanssa-i57706\/\" \/>\n<meta property=\"og:locale\" content=\"fi_FI\" \/>\n<meta property=\"og:type\" content=\"article\" \/>\n<meta property=\"og:title\" content=\"Kuljetusrulla 6T varren kanssa, I57706 - Balti Laomeister\" \/>\n<meta property=\"og:description\" content=\"Rullien kapasiteetti 6000 kg.  Telan kokonaismitat ovat P x L x K (mm) 385 x 560 x 110.  Jokaisessa rullassa on kahdeksan polyuretaanipy\u00f6r\u00e4\u00e4.  Rullapy\u00f6r\u00e4n mitat: 82x100 mm.  Rullan tasainen pinta on varustettu kumipinnalla, joka suojaa kuljetettavia tavaroita naarmuilta.  Tela on varustettu ohjausvivulla ja py\u00f6rivill\u00e4 ohjauspy\u00f6rill\u00e4, joiden avulla kuorman suuntaa voidaan muuttaa sujuvasti haluttuun suuntaan.  Telan paino on 50 kg.\" \/>\n<meta property=\"og:url\" content=\"https:\/\/www.laomeister.com\/fi\/toode\/kuljetusrulla-6t-varren-kanssa-i57706\/\" \/>\n<meta property=\"og:site_name\" content=\"Balti Laomeister\" \/>\n<meta property=\"og:image\" content=\"https:\/\/www.laomeister.com\/wp-content\/uploads\/2020\/12\/Transpordirullik-6T-varrega-I57706.jpg\" \/>\n\t<meta property=\"og:image:width\" content=\"850\" \/>\n\t<meta property=\"og:image:height\" content=\"850\" \/>\n\t<meta property=\"og:image:type\" content=\"image\/jpeg\" \/>\n<meta name=\"twitter:card\" content=\"summary_large_image\" \/>\n<script type=\"application\/ld+json\" class=\"yoast-schema-graph\">{\"@context\":\"https:\\\/\\\/schema.org\",\"@graph\":[{\"@type\":\"WebPage\",\"@id\":\"https:\\\/\\\/www.laomeister.com\\\/fi\\\/toode\\\/kuljetusrulla-6t-varren-kanssa-i57706\\\/\",\"url\":\"https:\\\/\\\/www.laomeister.com\\\/fi\\\/toode\\\/kuljetusrulla-6t-varren-kanssa-i57706\\\/\",\"name\":\"Kuljetusrulla 6T varren kanssa, I57706 - Balti Laomeister\",\"isPartOf\":{\"@id\":\"https:\\\/\\\/www.laomeister.com\\\/fi\\\/#website\"},\"primaryImageOfPage\":{\"@id\":\"https:\\\/\\\/www.laomeister.com\\\/fi\\\/toode\\\/kuljetusrulla-6t-varren-kanssa-i57706\\\/#primaryimage\"},\"image\":{\"@id\":\"https:\\\/\\\/www.laomeister.com\\\/fi\\\/toode\\\/kuljetusrulla-6t-varren-kanssa-i57706\\\/#primaryimage\"},\"thumbnailUrl\":\"https:\\\/\\\/www.laomeister.com\\\/wp-content\\\/uploads\\\/2020\\\/12\\\/Transpordirullik-6T-varrega-I57706.jpg\",\"datePublished\":\"2024-07-02T20:13:53+00:00\",\"breadcrumb\":{\"@id\":\"https:\\\/\\\/www.laomeister.com\\\/fi\\\/toode\\\/kuljetusrulla-6t-varren-kanssa-i57706\\\/#breadcrumb\"},\"inLanguage\":\"fi\",\"potentialAction\":[{\"@type\":\"ReadAction\",\"target\":[\"https:\\\/\\\/www.laomeister.com\\\/fi\\\/toode\\\/kuljetusrulla-6t-varren-kanssa-i57706\\\/\"]}]},{\"@type\":\"ImageObject\",\"inLanguage\":\"fi\",\"@id\":\"https:\\\/\\\/www.laomeister.com\\\/fi\\\/toode\\\/kuljetusrulla-6t-varren-kanssa-i57706\\\/#primaryimage\",\"url\":\"https:\\\/\\\/www.laomeister.com\\\/wp-content\\\/uploads\\\/2020\\\/12\\\/Transpordirullik-6T-varrega-I57706.jpg\",\"contentUrl\":\"https:\\\/\\\/www.laomeister.com\\\/wp-content\\\/uploads\\\/2020\\\/12\\\/Transpordirullik-6T-varrega-I57706.jpg\",\"width\":850,\"height\":850},{\"@type\":\"BreadcrumbList\",\"@id\":\"https:\\\/\\\/www.laomeister.com\\\/fi\\\/toode\\\/kuljetusrulla-6t-varren-kanssa-i57706\\\/#breadcrumb\",\"itemListElement\":[{\"@type\":\"ListItem\",\"position\":1,\"name\":\"Home\",\"item\":\"https:\\\/\\\/www.laomeister.com\\\/fi\\\/\"},{\"@type\":\"ListItem\",\"position\":2,\"name\":\"Tuotteet\",\"item\":\"https:\\\/\\\/www.laomeister.com\\\/fi\\\/tuotteet\\\/\"},{\"@type\":\"ListItem\",\"position\":3,\"name\":\"Kuljetusrulla 6T varren kanssa, I57706\"}]},{\"@type\":\"WebSite\",\"@id\":\"https:\\\/\\\/www.laomeister.com\\\/fi\\\/#website\",\"url\":\"https:\\\/\\\/www.laomeister.com\\\/fi\\\/\",\"name\":\"Balti Laomeister\",\"description\":\"Laoriiulid - m&uuml;&uuml;k ja paigaldus\",\"potentialAction\":[{\"@type\":\"SearchAction\",\"target\":{\"@type\":\"EntryPoint\",\"urlTemplate\":\"https:\\\/\\\/www.laomeister.com\\\/fi\\\/?s={search_term_string}\"},\"query-input\":{\"@type\":\"PropertyValueSpecification\",\"valueRequired\":true,\"valueName\":\"search_term_string\"}}],\"inLanguage\":\"fi\"}]}<\/script>\n<!-- \/ Yoast SEO plugin. -->","yoast_head_json":{"title":"Kuljetusrulla 6T varren kanssa, I57706 - Balti Laomeister","robots":{"index":"index","follow":"follow","max-snippet":"max-snippet:-1","max-image-preview":"max-image-preview:large","max-video-preview":"max-video-preview:-1"},"canonical":"https:\/\/www.laomeister.com\/fi\/toode\/kuljetusrulla-6t-varren-kanssa-i57706\/","og_locale":"fi_FI","og_type":"article","og_title":"Kuljetusrulla 6T varren kanssa, I57706 - Balti Laomeister","og_description":"Rullien kapasiteetti 6000 kg.  Telan kokonaismitat ovat P x L x K (mm) 385 x 560 x 110.  Jokaisessa rullassa on kahdeksan polyuretaanipy\u00f6r\u00e4\u00e4.  Rullapy\u00f6r\u00e4n mitat: 82x100 mm.  Rullan tasainen pinta on varustettu kumipinnalla, joka suojaa kuljetettavia tavaroita naarmuilta.  Tela on varustettu ohjausvivulla ja py\u00f6rivill\u00e4 ohjauspy\u00f6rill\u00e4, joiden avulla kuorman suuntaa voidaan muuttaa sujuvasti haluttuun suuntaan.  Telan paino on 50 kg.","og_url":"https:\/\/www.laomeister.com\/fi\/toode\/kuljetusrulla-6t-varren-kanssa-i57706\/","og_site_name":"Balti Laomeister","og_image":[{"width":850,"height":850,"url":"https:\/\/www.laomeister.com\/wp-content\/uploads\/2020\/12\/Transpordirullik-6T-varrega-I57706.jpg","type":"image\/jpeg"}],"twitter_card":"summary_large_image","schema":{"@context":"https:\/\/schema.org","@graph":[{"@type":"WebPage","@id":"https:\/\/www.laomeister.com\/fi\/toode\/kuljetusrulla-6t-varren-kanssa-i57706\/","url":"https:\/\/www.laomeister.com\/fi\/toode\/kuljetusrulla-6t-varren-kanssa-i57706\/","name":"Kuljetusrulla 6T varren kanssa, I57706 - Balti Laomeister","isPartOf":{"@id":"https:\/\/www.laomeister.com\/fi\/#website"},"primaryImageOfPage":{"@id":"https:\/\/www.laomeister.com\/fi\/toode\/kuljetusrulla-6t-varren-kanssa-i57706\/#primaryimage"},"image":{"@id":"https:\/\/www.laomeister.com\/fi\/toode\/kuljetusrulla-6t-varren-kanssa-i57706\/#primaryimage"},"thumbnailUrl":"https:\/\/www.laomeister.com\/wp-content\/uploads\/2020\/12\/Transpordirullik-6T-varrega-I57706.jpg","datePublished":"2024-07-02T20:13:53+00:00","breadcrumb":{"@id":"https:\/\/www.laomeister.com\/fi\/toode\/kuljetusrulla-6t-varren-kanssa-i57706\/#breadcrumb"},"inLanguage":"fi","potentialAction":[{"@type":"ReadAction","target":["https:\/\/www.laomeister.com\/fi\/toode\/kuljetusrulla-6t-varren-kanssa-i57706\/"]}]},{"@type":"ImageObject","inLanguage":"fi","@id":"https:\/\/www.laomeister.com\/fi\/toode\/kuljetusrulla-6t-varren-kanssa-i57706\/#primaryimage","url":"https:\/\/www.laomeister.com\/wp-content\/uploads\/2020\/12\/Transpordirullik-6T-varrega-I57706.jpg","contentUrl":"https:\/\/www.laomeister.com\/wp-content\/uploads\/2020\/12\/Transpordirullik-6T-varrega-I57706.jpg","width":850,"height":850},{"@type":"BreadcrumbList","@id":"https:\/\/www.laomeister.com\/fi\/toode\/kuljetusrulla-6t-varren-kanssa-i57706\/#breadcrumb","itemListElement":[{"@type":"ListItem","position":1,"name":"Home","item":"https:\/\/www.laomeister.com\/fi\/"},{"@type":"ListItem","position":2,"name":"Tuotteet","item":"https:\/\/www.laomeister.com\/fi\/tuotteet\/"},{"@type":"ListItem","position":3,"name":"Kuljetusrulla 6T varren kanssa, I57706"}]},{"@type":"WebSite","@id":"https:\/\/www.laomeister.com\/fi\/#website","url":"https:\/\/www.laomeister.com\/fi\/","name":"Balti Laomeister","description":"Laoriiulid - m&uuml;&uuml;k ja paigaldus","potentialAction":[{"@type":"SearchAction","target":{"@type":"EntryPoint","urlTemplate":"https:\/\/www.laomeister.com\/fi\/?s={search_term_string}"},"query-input":{"@type":"PropertyValueSpecification","valueRequired":true,"valueName":"search_term_string"}}],"inLanguage":"fi"}]}},"_links":{"self":[{"href":"https:\/\/www.laomeister.com\/fi\/wp-json\/wp\/v2\/product\/36652","targetHints":{"allow":["GET"]}}],"collection":[{"href":"https:\/\/www.laomeister.com\/fi\/wp-json\/wp\/v2\/product"}],"about":[{"href":"https:\/\/www.laomeister.com\/fi\/wp-json\/wp\/v2\/types\/product"}],"wp:featuredmedia":[{"embeddable":true,"href":"https:\/\/www.laomeister.com\/fi\/wp-json\/wp\/v2\/media\/34153"}],"wp:attachment":[{"href":"https:\/\/www.laomeister.com\/fi\/wp-json\/wp\/v2\/media?parent=36652"}],"wp:term":[{"taxonomy":"product_brand","embeddable":true,"href":"https:\/\/www.laomeister.com\/fi\/wp-json\/wp\/v2\/product_brand?post=36652"},{"taxonomy":"product_cat","embeddable":true,"href":"https:\/\/www.laomeister.com\/fi\/wp-json\/wp\/v2\/product_cat?post=36652"},{"taxonomy":"product_tag","embeddable":true,"href":"https:\/\/www.laomeister.com\/fi\/wp-json\/wp\/v2\/product_tag?post=36652"}],"curies":[{"name":"wp","href":"https:\/\/api.w.org\/{rel}","templated":true}]}}