{"id":36642,"date":"2020-12-04T14:02:39","date_gmt":"2024-07-02T20:13:34","guid":{"rendered":"https:\/\/www.laomeister.com\/toode\/kauttakulkualus-24t-i57724\/"},"modified":"2024-07-02T23:13:34","modified_gmt":"2024-07-02T20:13:34","slug":"kauttakulkualus-24t-i57724","status":"publish","type":"product","link":"https:\/\/www.laomeister.com\/fi\/toode\/kauttakulkualus-24t-i57724\/","title":{"rendered":"Kauttakulkualus 24T, I57724"},"content":{"rendered":"","protected":false},"excerpt":{"rendered":"<ul>\n<li>Rullien kapasiteetti 24000 kg.<\/li>\n<li>Rullan kokonaismitat ovat P x L x K (mm) 415 x 1120 x 145.<\/li>\n<li>Jokaisessa rullassa on kuusitoista polyuretaanipy\u00f6r\u00e4\u00e4.<\/li>\n<li>Rullapy\u00f6r\u00e4n mitat: 115&#215;60 mm.<\/li>\n<li>Rullan tasainen pinta on varustettu kumipinnalla, joka suojaa kuljetettavia tavaroita naarmuilta.<\/li>\n<li>Tela on varustettu ohjausvivulla ja py\u00f6rivill\u00e4 ohjauspy\u00f6rill\u00e4, joiden avulla kuorman suuntaa voidaan muuttaa sujuvasti haluttuun suuntaan.<\/li>\n<li>Telan paino on 130 kg.<\/li>\n<\/ul>\n","protected":false},"featured_media":34077,"template":"","meta":[],"product_brand":[],"product_cat":[276,383],"product_tag":[],"class_list":{"0":"post-36642","1":"product","2":"type-product","3":"status-publish","4":"has-post-thumbnail","6":"product_cat-laomoobel-fi","7":"product_cat-siirdealused-rullikutel-fi","9":"first","10":"instock","11":"taxable","12":"shipping-taxable","13":"purchasable","14":"product-type-simple"},"yoast_head":"<!-- This site is optimized with the Yoast SEO plugin v27.3 - https:\/\/yoast.com\/product\/yoast-seo-wordpress\/ -->\n<title>Kauttakulkualus 24T, I57724 - Balti Laomeister<\/title>\n<meta name=\"robots\" content=\"index, follow, max-snippet:-1, max-image-preview:large, max-video-preview:-1\" \/>\n<link rel=\"canonical\" href=\"https:\/\/www.laomeister.com\/fi\/toode\/kauttakulkualus-24t-i57724\/\" \/>\n<meta property=\"og:locale\" content=\"fi_FI\" \/>\n<meta property=\"og:type\" content=\"article\" \/>\n<meta property=\"og:title\" content=\"Kauttakulkualus 24T, I57724 - Balti Laomeister\" \/>\n<meta property=\"og:description\" content=\"Rullien kapasiteetti 24000 kg.  Rullan kokonaismitat ovat P x L x K (mm) 415 x 1120 x 145.  Jokaisessa rullassa on kuusitoista polyuretaanipy\u00f6r\u00e4\u00e4.  Rullapy\u00f6r\u00e4n mitat: 115x60 mm.  Rullan tasainen pinta on varustettu kumipinnalla, joka suojaa kuljetettavia tavaroita naarmuilta.  Tela on varustettu ohjausvivulla ja py\u00f6rivill\u00e4 ohjauspy\u00f6rill\u00e4, joiden avulla kuorman suuntaa voidaan muuttaa sujuvasti haluttuun suuntaan.  Telan paino on 130 kg.\" \/>\n<meta property=\"og:url\" content=\"https:\/\/www.laomeister.com\/fi\/toode\/kauttakulkualus-24t-i57724\/\" \/>\n<meta property=\"og:site_name\" content=\"Balti Laomeister\" \/>\n<meta property=\"og:image\" content=\"https:\/\/www.laomeister.com\/wp-content\/uploads\/2020\/12\/Siirdealus-24T-I57724.jpg\" \/>\n\t<meta property=\"og:image:width\" content=\"850\" \/>\n\t<meta property=\"og:image:height\" content=\"850\" \/>\n\t<meta property=\"og:image:type\" content=\"image\/jpeg\" \/>\n<meta name=\"twitter:card\" content=\"summary_large_image\" \/>\n<script type=\"application\/ld+json\" class=\"yoast-schema-graph\">{\"@context\":\"https:\\\/\\\/schema.org\",\"@graph\":[{\"@type\":\"WebPage\",\"@id\":\"https:\\\/\\\/www.laomeister.com\\\/fi\\\/toode\\\/kauttakulkualus-24t-i57724\\\/\",\"url\":\"https:\\\/\\\/www.laomeister.com\\\/fi\\\/toode\\\/kauttakulkualus-24t-i57724\\\/\",\"name\":\"Kauttakulkualus 24T, I57724 - Balti Laomeister\",\"isPartOf\":{\"@id\":\"https:\\\/\\\/www.laomeister.com\\\/fi\\\/#website\"},\"primaryImageOfPage\":{\"@id\":\"https:\\\/\\\/www.laomeister.com\\\/fi\\\/toode\\\/kauttakulkualus-24t-i57724\\\/#primaryimage\"},\"image\":{\"@id\":\"https:\\\/\\\/www.laomeister.com\\\/fi\\\/toode\\\/kauttakulkualus-24t-i57724\\\/#primaryimage\"},\"thumbnailUrl\":\"https:\\\/\\\/www.laomeister.com\\\/wp-content\\\/uploads\\\/2020\\\/12\\\/Siirdealus-24T-I57724.jpg\",\"datePublished\":\"2024-07-02T20:13:34+00:00\",\"breadcrumb\":{\"@id\":\"https:\\\/\\\/www.laomeister.com\\\/fi\\\/toode\\\/kauttakulkualus-24t-i57724\\\/#breadcrumb\"},\"inLanguage\":\"fi\",\"potentialAction\":[{\"@type\":\"ReadAction\",\"target\":[\"https:\\\/\\\/www.laomeister.com\\\/fi\\\/toode\\\/kauttakulkualus-24t-i57724\\\/\"]}]},{\"@type\":\"ImageObject\",\"inLanguage\":\"fi\",\"@id\":\"https:\\\/\\\/www.laomeister.com\\\/fi\\\/toode\\\/kauttakulkualus-24t-i57724\\\/#primaryimage\",\"url\":\"https:\\\/\\\/www.laomeister.com\\\/wp-content\\\/uploads\\\/2020\\\/12\\\/Siirdealus-24T-I57724.jpg\",\"contentUrl\":\"https:\\\/\\\/www.laomeister.com\\\/wp-content\\\/uploads\\\/2020\\\/12\\\/Siirdealus-24T-I57724.jpg\",\"width\":850,\"height\":850},{\"@type\":\"BreadcrumbList\",\"@id\":\"https:\\\/\\\/www.laomeister.com\\\/fi\\\/toode\\\/kauttakulkualus-24t-i57724\\\/#breadcrumb\",\"itemListElement\":[{\"@type\":\"ListItem\",\"position\":1,\"name\":\"Home\",\"item\":\"https:\\\/\\\/www.laomeister.com\\\/fi\\\/\"},{\"@type\":\"ListItem\",\"position\":2,\"name\":\"Tuotteet\",\"item\":\"https:\\\/\\\/www.laomeister.com\\\/fi\\\/tuotteet\\\/\"},{\"@type\":\"ListItem\",\"position\":3,\"name\":\"Kauttakulkualus 24T, I57724\"}]},{\"@type\":\"WebSite\",\"@id\":\"https:\\\/\\\/www.laomeister.com\\\/fi\\\/#website\",\"url\":\"https:\\\/\\\/www.laomeister.com\\\/fi\\\/\",\"name\":\"Balti Laomeister\",\"description\":\"Laoriiulid - m&uuml;&uuml;k ja paigaldus\",\"potentialAction\":[{\"@type\":\"SearchAction\",\"target\":{\"@type\":\"EntryPoint\",\"urlTemplate\":\"https:\\\/\\\/www.laomeister.com\\\/fi\\\/?s={search_term_string}\"},\"query-input\":{\"@type\":\"PropertyValueSpecification\",\"valueRequired\":true,\"valueName\":\"search_term_string\"}}],\"inLanguage\":\"fi\"}]}<\/script>\n<!-- \/ Yoast SEO plugin. -->","yoast_head_json":{"title":"Kauttakulkualus 24T, I57724 - Balti Laomeister","robots":{"index":"index","follow":"follow","max-snippet":"max-snippet:-1","max-image-preview":"max-image-preview:large","max-video-preview":"max-video-preview:-1"},"canonical":"https:\/\/www.laomeister.com\/fi\/toode\/kauttakulkualus-24t-i57724\/","og_locale":"fi_FI","og_type":"article","og_title":"Kauttakulkualus 24T, I57724 - Balti Laomeister","og_description":"Rullien kapasiteetti 24000 kg.  Rullan kokonaismitat ovat P x L x K (mm) 415 x 1120 x 145.  Jokaisessa rullassa on kuusitoista polyuretaanipy\u00f6r\u00e4\u00e4.  Rullapy\u00f6r\u00e4n mitat: 115x60 mm.  Rullan tasainen pinta on varustettu kumipinnalla, joka suojaa kuljetettavia tavaroita naarmuilta.  Tela on varustettu ohjausvivulla ja py\u00f6rivill\u00e4 ohjauspy\u00f6rill\u00e4, joiden avulla kuorman suuntaa voidaan muuttaa sujuvasti haluttuun suuntaan.  Telan paino on 130 kg.","og_url":"https:\/\/www.laomeister.com\/fi\/toode\/kauttakulkualus-24t-i57724\/","og_site_name":"Balti Laomeister","og_image":[{"width":850,"height":850,"url":"https:\/\/www.laomeister.com\/wp-content\/uploads\/2020\/12\/Siirdealus-24T-I57724.jpg","type":"image\/jpeg"}],"twitter_card":"summary_large_image","schema":{"@context":"https:\/\/schema.org","@graph":[{"@type":"WebPage","@id":"https:\/\/www.laomeister.com\/fi\/toode\/kauttakulkualus-24t-i57724\/","url":"https:\/\/www.laomeister.com\/fi\/toode\/kauttakulkualus-24t-i57724\/","name":"Kauttakulkualus 24T, I57724 - Balti Laomeister","isPartOf":{"@id":"https:\/\/www.laomeister.com\/fi\/#website"},"primaryImageOfPage":{"@id":"https:\/\/www.laomeister.com\/fi\/toode\/kauttakulkualus-24t-i57724\/#primaryimage"},"image":{"@id":"https:\/\/www.laomeister.com\/fi\/toode\/kauttakulkualus-24t-i57724\/#primaryimage"},"thumbnailUrl":"https:\/\/www.laomeister.com\/wp-content\/uploads\/2020\/12\/Siirdealus-24T-I57724.jpg","datePublished":"2024-07-02T20:13:34+00:00","breadcrumb":{"@id":"https:\/\/www.laomeister.com\/fi\/toode\/kauttakulkualus-24t-i57724\/#breadcrumb"},"inLanguage":"fi","potentialAction":[{"@type":"ReadAction","target":["https:\/\/www.laomeister.com\/fi\/toode\/kauttakulkualus-24t-i57724\/"]}]},{"@type":"ImageObject","inLanguage":"fi","@id":"https:\/\/www.laomeister.com\/fi\/toode\/kauttakulkualus-24t-i57724\/#primaryimage","url":"https:\/\/www.laomeister.com\/wp-content\/uploads\/2020\/12\/Siirdealus-24T-I57724.jpg","contentUrl":"https:\/\/www.laomeister.com\/wp-content\/uploads\/2020\/12\/Siirdealus-24T-I57724.jpg","width":850,"height":850},{"@type":"BreadcrumbList","@id":"https:\/\/www.laomeister.com\/fi\/toode\/kauttakulkualus-24t-i57724\/#breadcrumb","itemListElement":[{"@type":"ListItem","position":1,"name":"Home","item":"https:\/\/www.laomeister.com\/fi\/"},{"@type":"ListItem","position":2,"name":"Tuotteet","item":"https:\/\/www.laomeister.com\/fi\/tuotteet\/"},{"@type":"ListItem","position":3,"name":"Kauttakulkualus 24T, I57724"}]},{"@type":"WebSite","@id":"https:\/\/www.laomeister.com\/fi\/#website","url":"https:\/\/www.laomeister.com\/fi\/","name":"Balti Laomeister","description":"Laoriiulid - m&uuml;&uuml;k ja paigaldus","potentialAction":[{"@type":"SearchAction","target":{"@type":"EntryPoint","urlTemplate":"https:\/\/www.laomeister.com\/fi\/?s={search_term_string}"},"query-input":{"@type":"PropertyValueSpecification","valueRequired":true,"valueName":"search_term_string"}}],"inLanguage":"fi"}]}},"_links":{"self":[{"href":"https:\/\/www.laomeister.com\/fi\/wp-json\/wp\/v2\/product\/36642","targetHints":{"allow":["GET"]}}],"collection":[{"href":"https:\/\/www.laomeister.com\/fi\/wp-json\/wp\/v2\/product"}],"about":[{"href":"https:\/\/www.laomeister.com\/fi\/wp-json\/wp\/v2\/types\/product"}],"wp:featuredmedia":[{"embeddable":true,"href":"https:\/\/www.laomeister.com\/fi\/wp-json\/wp\/v2\/media\/34077"}],"wp:attachment":[{"href":"https:\/\/www.laomeister.com\/fi\/wp-json\/wp\/v2\/media?parent=36642"}],"wp:term":[{"taxonomy":"product_brand","embeddable":true,"href":"https:\/\/www.laomeister.com\/fi\/wp-json\/wp\/v2\/product_brand?post=36642"},{"taxonomy":"product_cat","embeddable":true,"href":"https:\/\/www.laomeister.com\/fi\/wp-json\/wp\/v2\/product_cat?post=36642"},{"taxonomy":"product_tag","embeddable":true,"href":"https:\/\/www.laomeister.com\/fi\/wp-json\/wp\/v2\/product_tag?post=36642"}],"curies":[{"name":"wp","href":"https:\/\/api.w.org\/{rel}","templated":true}]}}