{"id":36628,"date":"2020-12-04T10:54:17","date_gmt":"2024-07-02T20:13:02","guid":{"rendered":"https:\/\/www.laomeister.com\/toode\/sailio-860x580x680-mm-kokm0550085\/"},"modified":"2024-07-02T23:13:02","modified_gmt":"2024-07-02T20:13:02","slug":"sailio-860x580x680-mm-kokm0550085","status":"publish","type":"product","link":"https:\/\/www.laomeister.com\/fi\/toode\/sailio-860x580x680-mm-kokm0550085\/","title":{"rendered":"S\u00e4ili\u00f6 860x580x680 mm, KOKM0550085"},"content":{"rendered":"","protected":false},"excerpt":{"rendered":"<div class=\"description\">\n<ul>\n<li>Sinkityst\u00e4 ter\u00e4sputkesta ja -verkosta valmistetussa s\u00e4ili\u00f6ss\u00e4 on taittuvat sivusein\u00e4t.<\/li>\n<li>S\u00e4ili\u00f6n ulkomitat ovat P x L x K (mm) 860x580x680.<\/li>\n<li>S\u00e4ili\u00f6n sis\u00e4mitat ovat P x L x K (mm) 790x520x510.<\/li>\n<li>Avattava luukku leve\u00e4ll\u00e4 puolella.<\/li>\n<li>Kantavuus on 300 kg<\/li>\n<li>Silm\u00e4koko 50 x 100 mm.<\/li>\n<li>Nopea ja helppo koota.<\/li>\n<li>Paino on 18 kg.<\/li>\n<\/ul>\n<p>&nbsp;<\/p>\n<\/div>\n","protected":false},"featured_media":33786,"template":"","meta":[],"product_brand":[],"product_cat":[276,392],"product_tag":[],"class_list":{"0":"post-36628","1":"product","2":"type-product","3":"status-publish","4":"has-post-thumbnail","6":"product_cat-laomoobel-fi","7":"product_cat-kaubaaluse-konteinerid-fi","9":"first","10":"instock","11":"taxable","12":"shipping-taxable","13":"purchasable","14":"product-type-simple"},"yoast_head":"<!-- This site is optimized with the Yoast SEO plugin v27.3 - https:\/\/yoast.com\/product\/yoast-seo-wordpress\/ -->\n<title>S\u00e4ili\u00f6 860x580x680 mm, KOKM0550085 - Balti Laomeister<\/title>\n<meta name=\"robots\" content=\"index, follow, max-snippet:-1, max-image-preview:large, max-video-preview:-1\" \/>\n<link rel=\"canonical\" href=\"https:\/\/www.laomeister.com\/fi\/toode\/sailio-860x580x680-mm-kokm0550085\/\" \/>\n<meta property=\"og:locale\" content=\"fi_FI\" \/>\n<meta property=\"og:type\" content=\"article\" \/>\n<meta property=\"og:title\" content=\"S\u00e4ili\u00f6 860x580x680 mm, KOKM0550085 - Balti Laomeister\" \/>\n<meta property=\"og:description\" content=\"Sinkityst\u00e4 ter\u00e4sputkesta ja -verkosta valmistetussa s\u00e4ili\u00f6ss\u00e4 on taittuvat sivusein\u00e4t.  S\u00e4ili\u00f6n ulkomitat ovat P x L x K (mm) 860x580x680.  S\u00e4ili\u00f6n sis\u00e4mitat ovat P x L x K (mm) 790x520x510.  Avattava luukku leve\u00e4ll\u00e4 puolella.  Kantavuus on 300 kg  Silm\u00e4koko 50 x 100 mm.  Nopea ja helppo koota.  Paino on 18 kg. &nbsp;\" \/>\n<meta property=\"og:url\" content=\"https:\/\/www.laomeister.com\/fi\/toode\/sailio-860x580x680-mm-kokm0550085\/\" \/>\n<meta property=\"og:site_name\" content=\"Balti Laomeister\" \/>\n<meta property=\"og:image\" content=\"https:\/\/www.laomeister.com\/wp-content\/uploads\/2020\/12\/Konteiner-860x580x680-mm-KOKM0550085.jpg\" \/>\n\t<meta property=\"og:image:width\" content=\"850\" \/>\n\t<meta property=\"og:image:height\" content=\"850\" \/>\n\t<meta property=\"og:image:type\" content=\"image\/jpeg\" \/>\n<meta name=\"twitter:card\" content=\"summary_large_image\" \/>\n<script type=\"application\/ld+json\" class=\"yoast-schema-graph\">{\"@context\":\"https:\\\/\\\/schema.org\",\"@graph\":[{\"@type\":\"WebPage\",\"@id\":\"https:\\\/\\\/www.laomeister.com\\\/fi\\\/toode\\\/sailio-860x580x680-mm-kokm0550085\\\/\",\"url\":\"https:\\\/\\\/www.laomeister.com\\\/fi\\\/toode\\\/sailio-860x580x680-mm-kokm0550085\\\/\",\"name\":\"S\u00e4ili\u00f6 860x580x680 mm, KOKM0550085 - Balti Laomeister\",\"isPartOf\":{\"@id\":\"https:\\\/\\\/www.laomeister.com\\\/fi\\\/#website\"},\"primaryImageOfPage\":{\"@id\":\"https:\\\/\\\/www.laomeister.com\\\/fi\\\/toode\\\/sailio-860x580x680-mm-kokm0550085\\\/#primaryimage\"},\"image\":{\"@id\":\"https:\\\/\\\/www.laomeister.com\\\/fi\\\/toode\\\/sailio-860x580x680-mm-kokm0550085\\\/#primaryimage\"},\"thumbnailUrl\":\"https:\\\/\\\/www.laomeister.com\\\/wp-content\\\/uploads\\\/2020\\\/12\\\/Konteiner-860x580x680-mm-KOKM0550085.jpg\",\"datePublished\":\"2024-07-02T20:13:02+00:00\",\"breadcrumb\":{\"@id\":\"https:\\\/\\\/www.laomeister.com\\\/fi\\\/toode\\\/sailio-860x580x680-mm-kokm0550085\\\/#breadcrumb\"},\"inLanguage\":\"fi\",\"potentialAction\":[{\"@type\":\"ReadAction\",\"target\":[\"https:\\\/\\\/www.laomeister.com\\\/fi\\\/toode\\\/sailio-860x580x680-mm-kokm0550085\\\/\"]}]},{\"@type\":\"ImageObject\",\"inLanguage\":\"fi\",\"@id\":\"https:\\\/\\\/www.laomeister.com\\\/fi\\\/toode\\\/sailio-860x580x680-mm-kokm0550085\\\/#primaryimage\",\"url\":\"https:\\\/\\\/www.laomeister.com\\\/wp-content\\\/uploads\\\/2020\\\/12\\\/Konteiner-860x580x680-mm-KOKM0550085.jpg\",\"contentUrl\":\"https:\\\/\\\/www.laomeister.com\\\/wp-content\\\/uploads\\\/2020\\\/12\\\/Konteiner-860x580x680-mm-KOKM0550085.jpg\",\"width\":850,\"height\":850},{\"@type\":\"BreadcrumbList\",\"@id\":\"https:\\\/\\\/www.laomeister.com\\\/fi\\\/toode\\\/sailio-860x580x680-mm-kokm0550085\\\/#breadcrumb\",\"itemListElement\":[{\"@type\":\"ListItem\",\"position\":1,\"name\":\"Home\",\"item\":\"https:\\\/\\\/www.laomeister.com\\\/fi\\\/\"},{\"@type\":\"ListItem\",\"position\":2,\"name\":\"Tuotteet\",\"item\":\"https:\\\/\\\/www.laomeister.com\\\/fi\\\/tuotteet\\\/\"},{\"@type\":\"ListItem\",\"position\":3,\"name\":\"S\u00e4ili\u00f6 860x580x680 mm, KOKM0550085\"}]},{\"@type\":\"WebSite\",\"@id\":\"https:\\\/\\\/www.laomeister.com\\\/fi\\\/#website\",\"url\":\"https:\\\/\\\/www.laomeister.com\\\/fi\\\/\",\"name\":\"Balti Laomeister\",\"description\":\"Laoriiulid - m&uuml;&uuml;k ja paigaldus\",\"potentialAction\":[{\"@type\":\"SearchAction\",\"target\":{\"@type\":\"EntryPoint\",\"urlTemplate\":\"https:\\\/\\\/www.laomeister.com\\\/fi\\\/?s={search_term_string}\"},\"query-input\":{\"@type\":\"PropertyValueSpecification\",\"valueRequired\":true,\"valueName\":\"search_term_string\"}}],\"inLanguage\":\"fi\"}]}<\/script>\n<!-- \/ Yoast SEO plugin. -->","yoast_head_json":{"title":"S\u00e4ili\u00f6 860x580x680 mm, KOKM0550085 - Balti Laomeister","robots":{"index":"index","follow":"follow","max-snippet":"max-snippet:-1","max-image-preview":"max-image-preview:large","max-video-preview":"max-video-preview:-1"},"canonical":"https:\/\/www.laomeister.com\/fi\/toode\/sailio-860x580x680-mm-kokm0550085\/","og_locale":"fi_FI","og_type":"article","og_title":"S\u00e4ili\u00f6 860x580x680 mm, KOKM0550085 - Balti Laomeister","og_description":"Sinkityst\u00e4 ter\u00e4sputkesta ja -verkosta valmistetussa s\u00e4ili\u00f6ss\u00e4 on taittuvat sivusein\u00e4t.  S\u00e4ili\u00f6n ulkomitat ovat P x L x K (mm) 860x580x680.  S\u00e4ili\u00f6n sis\u00e4mitat ovat P x L x K (mm) 790x520x510.  Avattava luukku leve\u00e4ll\u00e4 puolella.  Kantavuus on 300 kg  Silm\u00e4koko 50 x 100 mm.  Nopea ja helppo koota.  Paino on 18 kg. &nbsp;","og_url":"https:\/\/www.laomeister.com\/fi\/toode\/sailio-860x580x680-mm-kokm0550085\/","og_site_name":"Balti Laomeister","og_image":[{"width":850,"height":850,"url":"https:\/\/www.laomeister.com\/wp-content\/uploads\/2020\/12\/Konteiner-860x580x680-mm-KOKM0550085.jpg","type":"image\/jpeg"}],"twitter_card":"summary_large_image","schema":{"@context":"https:\/\/schema.org","@graph":[{"@type":"WebPage","@id":"https:\/\/www.laomeister.com\/fi\/toode\/sailio-860x580x680-mm-kokm0550085\/","url":"https:\/\/www.laomeister.com\/fi\/toode\/sailio-860x580x680-mm-kokm0550085\/","name":"S\u00e4ili\u00f6 860x580x680 mm, KOKM0550085 - Balti Laomeister","isPartOf":{"@id":"https:\/\/www.laomeister.com\/fi\/#website"},"primaryImageOfPage":{"@id":"https:\/\/www.laomeister.com\/fi\/toode\/sailio-860x580x680-mm-kokm0550085\/#primaryimage"},"image":{"@id":"https:\/\/www.laomeister.com\/fi\/toode\/sailio-860x580x680-mm-kokm0550085\/#primaryimage"},"thumbnailUrl":"https:\/\/www.laomeister.com\/wp-content\/uploads\/2020\/12\/Konteiner-860x580x680-mm-KOKM0550085.jpg","datePublished":"2024-07-02T20:13:02+00:00","breadcrumb":{"@id":"https:\/\/www.laomeister.com\/fi\/toode\/sailio-860x580x680-mm-kokm0550085\/#breadcrumb"},"inLanguage":"fi","potentialAction":[{"@type":"ReadAction","target":["https:\/\/www.laomeister.com\/fi\/toode\/sailio-860x580x680-mm-kokm0550085\/"]}]},{"@type":"ImageObject","inLanguage":"fi","@id":"https:\/\/www.laomeister.com\/fi\/toode\/sailio-860x580x680-mm-kokm0550085\/#primaryimage","url":"https:\/\/www.laomeister.com\/wp-content\/uploads\/2020\/12\/Konteiner-860x580x680-mm-KOKM0550085.jpg","contentUrl":"https:\/\/www.laomeister.com\/wp-content\/uploads\/2020\/12\/Konteiner-860x580x680-mm-KOKM0550085.jpg","width":850,"height":850},{"@type":"BreadcrumbList","@id":"https:\/\/www.laomeister.com\/fi\/toode\/sailio-860x580x680-mm-kokm0550085\/#breadcrumb","itemListElement":[{"@type":"ListItem","position":1,"name":"Home","item":"https:\/\/www.laomeister.com\/fi\/"},{"@type":"ListItem","position":2,"name":"Tuotteet","item":"https:\/\/www.laomeister.com\/fi\/tuotteet\/"},{"@type":"ListItem","position":3,"name":"S\u00e4ili\u00f6 860x580x680 mm, KOKM0550085"}]},{"@type":"WebSite","@id":"https:\/\/www.laomeister.com\/fi\/#website","url":"https:\/\/www.laomeister.com\/fi\/","name":"Balti Laomeister","description":"Laoriiulid - m&uuml;&uuml;k ja paigaldus","potentialAction":[{"@type":"SearchAction","target":{"@type":"EntryPoint","urlTemplate":"https:\/\/www.laomeister.com\/fi\/?s={search_term_string}"},"query-input":{"@type":"PropertyValueSpecification","valueRequired":true,"valueName":"search_term_string"}}],"inLanguage":"fi"}]}},"_links":{"self":[{"href":"https:\/\/www.laomeister.com\/fi\/wp-json\/wp\/v2\/product\/36628","targetHints":{"allow":["GET"]}}],"collection":[{"href":"https:\/\/www.laomeister.com\/fi\/wp-json\/wp\/v2\/product"}],"about":[{"href":"https:\/\/www.laomeister.com\/fi\/wp-json\/wp\/v2\/types\/product"}],"wp:featuredmedia":[{"embeddable":true,"href":"https:\/\/www.laomeister.com\/fi\/wp-json\/wp\/v2\/media\/33786"}],"wp:attachment":[{"href":"https:\/\/www.laomeister.com\/fi\/wp-json\/wp\/v2\/media?parent=36628"}],"wp:term":[{"taxonomy":"product_brand","embeddable":true,"href":"https:\/\/www.laomeister.com\/fi\/wp-json\/wp\/v2\/product_brand?post=36628"},{"taxonomy":"product_cat","embeddable":true,"href":"https:\/\/www.laomeister.com\/fi\/wp-json\/wp\/v2\/product_cat?post=36628"},{"taxonomy":"product_tag","embeddable":true,"href":"https:\/\/www.laomeister.com\/fi\/wp-json\/wp\/v2\/product_tag?post=36628"}],"curies":[{"name":"wp","href":"https:\/\/api.w.org\/{rel}","templated":true}]}}