{"id":36577,"date":"2021-01-28T12:06:06","date_gmt":"2024-07-02T20:11:25","guid":{"rendered":"https:\/\/www.laomeister.com\/toode\/venttiilipeili-dancop-explorer-60-halkaisija-60-cm\/"},"modified":"2024-07-02T23:11:25","modified_gmt":"2024-07-02T20:11:25","slug":"venttiilipeili-dancop-explorer-60-halkaisija-60-cm","status":"publish","type":"product","link":"https:\/\/www.laomeister.com\/fi\/toode\/venttiilipeili-dancop-explorer-60-halkaisija-60-cm\/","title":{"rendered":"Venttiilipeili Dancop, EXPLORER 60, halkaisija 60 cm."},"content":{"rendered":"","protected":false},"excerpt":{"rendered":"<p>Dancop Explorer -laajakulmapeili tarjoaa optimaalisen n\u00e4kyvyyden erinomaisen n\u00e4k\u00f6kent\u00e4n ja 180\u00b0 kaarevuuden ansiosta. Explorer sopii erinomaisesti yleiskuvan antamiseen tuotantoalueista tai tieliikenteest\u00e4.<\/p>\n<p>&nbsp;<\/p>\n<p><span class=\"JLqJ4b ChMk0b\" data-language-for-alternatives=\"et\" data-language-to-translate-into=\"en\" data-phrase-index=\"0\"><strong>Halkaisija <\/strong>&#8211; 60 cm<\/span><br \/>\n<span class=\"JLqJ4b ChMk0b\" data-language-for-alternatives=\"et\" data-language-to-translate-into=\"en\" data-phrase-index=\"2\"><strong>Materiaali<\/strong> &#8211; akryyli<\/span><br \/>\n<span class=\"JLqJ4b ChMk0b\" data-language-for-alternatives=\"et\" data-language-to-translate-into=\"en\" data-phrase-index=\"4\"><strong>Rungon<\/strong> <strong>korkeus<\/strong> &#8211; 29 cm<\/span><br \/>\n<span class=\"JLqJ4b ChMk0b\" data-language-for-alternatives=\"et\" data-language-to-translate-into=\"en\" data-phrase-index=\"6\"><strong>Rungon pituus<\/strong> &#8211; 61,5 cm<\/span><span class=\"JLqJ4b ChMk0b\" data-language-for-alternatives=\"et\" data-language-to-translate-into=\"en\" data-phrase-index=\"8\"><strong><br \/>\nV\u00e4ri<\/strong> &#8211; punainen reuna<\/span><br \/>\n<span class=\"JLqJ4b ChMk0b\" data-language-for-alternatives=\"et\" data-language-to-translate-into=\"en\" data-phrase-index=\"12\"><strong>Paino<\/strong> &#8211;<\/span> 4,2<span class=\"JLqJ4b ChMk0b\" data-language-for-alternatives=\"et\" data-language-to-translate-into=\"en\" data-phrase-index=\"16\"> kg<\/span><br \/>\n<span class=\"JLqJ4b ChMk0b\" data-language-for-alternatives=\"et\" data-language-to-translate-into=\"en\" data-phrase-index=\"20\"><strong>Tarkkailuet\u00e4isyys<\/strong> &#8211; 9 &#8211; 15 m<\/span><br \/>\n<span class=\"JLqJ4b ChMk0b\" data-language-for-alternatives=\"et\" data-language-to-translate-into=\"en\" data-phrase-index=\"22\">&gt; T<strong>uulikuormitus<\/strong> &#8211; sertifioitu jopa tuulen voimakkuuteen 12 paalia (hurrikaani 117 km\/h) asti.<\/span><br \/>\n<span class=\"JLqJ4b ChMk0b\" data-language-for-alternatives=\"et\" data-language-to-translate-into=\"en\" data-phrase-index=\"24\"><strong>Sis\u00e4inen k\u00e4ytt\u00f6<\/strong> &#8211; kyll\u00e4<\/span><br \/>\n<span class=\"JLqJ4b ChMk0b\" data-language-for-alternatives=\"et\" data-language-to-translate-into=\"en\" data-phrase-index=\"26\"><strong>Ulkok\u00e4ytt\u00f6<\/strong> &#8211; kyll\u00e4, UV-kest\u00e4v\u00e4<\/span><br \/>\n<span class=\"JLqJ4b ChMk0b\" data-language-for-alternatives=\"et\" data-language-to-translate-into=\"en\" data-phrase-index=\"28\"><strong>Asennus<\/strong> &#8211; yleiskiinnitys pylv\u00e4\u00e4seen tai sein\u00e4\u00e4n<\/span><\/p>\n<p>&nbsp;<\/p>\n<p><strong><br \/>\nMateriaali<\/strong>T\u00dcV-sertifioitu Explorer-peili on valmistettu akryylist\u00e4, joka on 70 % iskunkest\u00e4v\u00e4mpi kuin lasi.<strong><\/strong> Laadukas punainen runko takaa pitk\u00e4n kest\u00e4vyyden ulkok\u00e4yt\u00f6ss\u00e4 ja on my\u00f6s eritt\u00e4in huomiota her\u00e4tt\u00e4v\u00e4.<\/p>\n<p><strong><br \/>\nKiinnitys<\/strong>Pakkaukseen sis\u00e4ltyv\u00e4n vahvan ja kevyen yleiskiinnikkeen ansiosta Explorer voidaan kiinnitt\u00e4\u00e4 sein\u00e4\u00e4n tai pylv\u00e4\u00e4seen (\u00d850-85 mm) ja s\u00e4\u00e4t\u00e4\u00e4 helposti lukemattomia kertoja.<strong><\/strong> &gt; Peili on l\u00e4p\u00e4issyt tuulenpit\u00e4vyystestin, jossa tuulen nopeusasteikko on jopa 12 solmua eli hurrikaani 117 km\/h.<\/p>\n","protected":false},"featured_media":16541,"template":"","meta":[],"product_brand":[],"product_cat":[904,903],"product_tag":[],"class_list":{"0":"post-36577","1":"product","2":"type-product","3":"status-publish","4":"has-post-thumbnail","6":"product_cat-liikennepeilit","7":"product_cat-laopeeglid-fi","9":"first","10":"instock","11":"taxable","12":"shipping-taxable","13":"purchasable","14":"product-type-simple"},"yoast_head":"<!-- This site is optimized with the Yoast SEO plugin v27.3 - https:\/\/yoast.com\/product\/yoast-seo-wordpress\/ -->\n<title>Venttiilipeili Dancop, EXPLORER 60, halkaisija 60 cm. - Balti Laomeister<\/title>\n<meta name=\"robots\" content=\"index, follow, max-snippet:-1, max-image-preview:large, max-video-preview:-1\" \/>\n<link rel=\"canonical\" href=\"https:\/\/www.laomeister.com\/fi\/toode\/venttiilipeili-dancop-explorer-60-halkaisija-60-cm\/\" \/>\n<meta property=\"og:locale\" content=\"fi_FI\" \/>\n<meta property=\"og:type\" content=\"article\" \/>\n<meta property=\"og:title\" content=\"Venttiilipeili Dancop, EXPLORER 60, halkaisija 60 cm. - Balti Laomeister\" \/>\n<meta property=\"og:description\" content=\"Dancop Explorer -laajakulmapeili tarjoaa optimaalisen n\u00e4kyvyyden erinomaisen n\u00e4k\u00f6kent\u00e4n ja 180\u00b0 kaarevuuden ansiosta. Explorer sopii erinomaisesti yleiskuvan antamiseen tuotantoalueista tai tieliikenteest\u00e4. &nbsp; Halkaisija - 60 cm Materiaali - akryyli Rungon korkeus - 29 cm Rungon pituus - 61,5 cm V\u00e4ri - punainen reuna Paino - 4,2 kg Tarkkailuet\u00e4isyys - 9 - 15 m &gt; Tuulikuormitus - sertifioitu jopa tuulen voimakkuuteen 12 paalia (hurrikaani 117 km\/h) asti. Sis\u00e4inen k\u00e4ytt\u00f6 - kyll\u00e4 Ulkok\u00e4ytt\u00f6 - kyll\u00e4, UV-kest\u00e4v\u00e4 Asennus - yleiskiinnitys pylv\u00e4\u00e4seen tai sein\u00e4\u00e4n &nbsp;  MateriaaliT\u00dcV-sertifioitu Explorer-peili on valmistettu akryylist\u00e4, joka on 70 % iskunkest\u00e4v\u00e4mpi kuin lasi. Laadukas punainen runko takaa pitk\u00e4n kest\u00e4vyyden ulkok\u00e4yt\u00f6ss\u00e4 ja on my\u00f6s eritt\u00e4in huomiota her\u00e4tt\u00e4v\u00e4.  KiinnitysPakkaukseen sis\u00e4ltyv\u00e4n vahvan ja kevyen yleiskiinnikkeen ansiosta Explorer voidaan kiinnitt\u00e4\u00e4 sein\u00e4\u00e4n tai pylv\u00e4\u00e4seen (\u00d850-85 mm) ja s\u00e4\u00e4t\u00e4\u00e4 helposti lukemattomia kertoja. &gt; Peili on l\u00e4p\u00e4issyt tuulenpit\u00e4vyystestin, jossa tuulen nopeusasteikko on jopa 12 solmua eli hurrikaani 117 km\/h.\" \/>\n<meta property=\"og:url\" content=\"https:\/\/www.laomeister.com\/fi\/toode\/venttiilipeili-dancop-explorer-60-halkaisija-60-cm\/\" \/>\n<meta property=\"og:site_name\" content=\"Balti Laomeister\" \/>\n<meta property=\"og:image\" content=\"https:\/\/www.laomeister.com\/wp-content\/uploads\/2021\/01\/EXPLORER-60.jpg\" \/>\n\t<meta property=\"og:image:width\" content=\"2043\" \/>\n\t<meta property=\"og:image:height\" content=\"2000\" \/>\n\t<meta property=\"og:image:type\" content=\"image\/jpeg\" \/>\n<meta name=\"twitter:card\" content=\"summary_large_image\" \/>\n<script type=\"application\/ld+json\" class=\"yoast-schema-graph\">{\"@context\":\"https:\\\/\\\/schema.org\",\"@graph\":[{\"@type\":\"WebPage\",\"@id\":\"https:\\\/\\\/www.laomeister.com\\\/fi\\\/toode\\\/venttiilipeili-dancop-explorer-60-halkaisija-60-cm\\\/\",\"url\":\"https:\\\/\\\/www.laomeister.com\\\/fi\\\/toode\\\/venttiilipeili-dancop-explorer-60-halkaisija-60-cm\\\/\",\"name\":\"Venttiilipeili Dancop, EXPLORER 60, halkaisija 60 cm. - Balti Laomeister\",\"isPartOf\":{\"@id\":\"https:\\\/\\\/www.laomeister.com\\\/fi\\\/#website\"},\"primaryImageOfPage\":{\"@id\":\"https:\\\/\\\/www.laomeister.com\\\/fi\\\/toode\\\/venttiilipeili-dancop-explorer-60-halkaisija-60-cm\\\/#primaryimage\"},\"image\":{\"@id\":\"https:\\\/\\\/www.laomeister.com\\\/fi\\\/toode\\\/venttiilipeili-dancop-explorer-60-halkaisija-60-cm\\\/#primaryimage\"},\"thumbnailUrl\":\"https:\\\/\\\/www.laomeister.com\\\/wp-content\\\/uploads\\\/2021\\\/01\\\/EXPLORER-60.jpg\",\"datePublished\":\"2024-07-02T20:11:25+00:00\",\"breadcrumb\":{\"@id\":\"https:\\\/\\\/www.laomeister.com\\\/fi\\\/toode\\\/venttiilipeili-dancop-explorer-60-halkaisija-60-cm\\\/#breadcrumb\"},\"inLanguage\":\"fi\",\"potentialAction\":[{\"@type\":\"ReadAction\",\"target\":[\"https:\\\/\\\/www.laomeister.com\\\/fi\\\/toode\\\/venttiilipeili-dancop-explorer-60-halkaisija-60-cm\\\/\"]}]},{\"@type\":\"ImageObject\",\"inLanguage\":\"fi\",\"@id\":\"https:\\\/\\\/www.laomeister.com\\\/fi\\\/toode\\\/venttiilipeili-dancop-explorer-60-halkaisija-60-cm\\\/#primaryimage\",\"url\":\"https:\\\/\\\/www.laomeister.com\\\/wp-content\\\/uploads\\\/2021\\\/01\\\/EXPLORER-60.jpg\",\"contentUrl\":\"https:\\\/\\\/www.laomeister.com\\\/wp-content\\\/uploads\\\/2021\\\/01\\\/EXPLORER-60.jpg\",\"width\":2043,\"height\":2000},{\"@type\":\"BreadcrumbList\",\"@id\":\"https:\\\/\\\/www.laomeister.com\\\/fi\\\/toode\\\/venttiilipeili-dancop-explorer-60-halkaisija-60-cm\\\/#breadcrumb\",\"itemListElement\":[{\"@type\":\"ListItem\",\"position\":1,\"name\":\"Home\",\"item\":\"https:\\\/\\\/www.laomeister.com\\\/fi\\\/\"},{\"@type\":\"ListItem\",\"position\":2,\"name\":\"Tuotteet\",\"item\":\"https:\\\/\\\/www.laomeister.com\\\/fi\\\/tuotteet\\\/\"},{\"@type\":\"ListItem\",\"position\":3,\"name\":\"Venttiilipeili Dancop, EXPLORER 60, halkaisija 60 cm.\"}]},{\"@type\":\"WebSite\",\"@id\":\"https:\\\/\\\/www.laomeister.com\\\/fi\\\/#website\",\"url\":\"https:\\\/\\\/www.laomeister.com\\\/fi\\\/\",\"name\":\"Balti Laomeister\",\"description\":\"Laoriiulid - m&uuml;&uuml;k ja paigaldus\",\"potentialAction\":[{\"@type\":\"SearchAction\",\"target\":{\"@type\":\"EntryPoint\",\"urlTemplate\":\"https:\\\/\\\/www.laomeister.com\\\/fi\\\/?s={search_term_string}\"},\"query-input\":{\"@type\":\"PropertyValueSpecification\",\"valueRequired\":true,\"valueName\":\"search_term_string\"}}],\"inLanguage\":\"fi\"}]}<\/script>\n<!-- \/ Yoast SEO plugin. -->","yoast_head_json":{"title":"Venttiilipeili Dancop, EXPLORER 60, halkaisija 60 cm. - Balti Laomeister","robots":{"index":"index","follow":"follow","max-snippet":"max-snippet:-1","max-image-preview":"max-image-preview:large","max-video-preview":"max-video-preview:-1"},"canonical":"https:\/\/www.laomeister.com\/fi\/toode\/venttiilipeili-dancop-explorer-60-halkaisija-60-cm\/","og_locale":"fi_FI","og_type":"article","og_title":"Venttiilipeili Dancop, EXPLORER 60, halkaisija 60 cm. - Balti Laomeister","og_description":"Dancop Explorer -laajakulmapeili tarjoaa optimaalisen n\u00e4kyvyyden erinomaisen n\u00e4k\u00f6kent\u00e4n ja 180\u00b0 kaarevuuden ansiosta. Explorer sopii erinomaisesti yleiskuvan antamiseen tuotantoalueista tai tieliikenteest\u00e4. &nbsp; Halkaisija - 60 cm Materiaali - akryyli Rungon korkeus - 29 cm Rungon pituus - 61,5 cm V\u00e4ri - punainen reuna Paino - 4,2 kg Tarkkailuet\u00e4isyys - 9 - 15 m &gt; Tuulikuormitus - sertifioitu jopa tuulen voimakkuuteen 12 paalia (hurrikaani 117 km\/h) asti. Sis\u00e4inen k\u00e4ytt\u00f6 - kyll\u00e4 Ulkok\u00e4ytt\u00f6 - kyll\u00e4, UV-kest\u00e4v\u00e4 Asennus - yleiskiinnitys pylv\u00e4\u00e4seen tai sein\u00e4\u00e4n &nbsp;  MateriaaliT\u00dcV-sertifioitu Explorer-peili on valmistettu akryylist\u00e4, joka on 70 % iskunkest\u00e4v\u00e4mpi kuin lasi. Laadukas punainen runko takaa pitk\u00e4n kest\u00e4vyyden ulkok\u00e4yt\u00f6ss\u00e4 ja on my\u00f6s eritt\u00e4in huomiota her\u00e4tt\u00e4v\u00e4.  KiinnitysPakkaukseen sis\u00e4ltyv\u00e4n vahvan ja kevyen yleiskiinnikkeen ansiosta Explorer voidaan kiinnitt\u00e4\u00e4 sein\u00e4\u00e4n tai pylv\u00e4\u00e4seen (\u00d850-85 mm) ja s\u00e4\u00e4t\u00e4\u00e4 helposti lukemattomia kertoja. &gt; Peili on l\u00e4p\u00e4issyt tuulenpit\u00e4vyystestin, jossa tuulen nopeusasteikko on jopa 12 solmua eli hurrikaani 117 km\/h.","og_url":"https:\/\/www.laomeister.com\/fi\/toode\/venttiilipeili-dancop-explorer-60-halkaisija-60-cm\/","og_site_name":"Balti Laomeister","og_image":[{"width":2043,"height":2000,"url":"https:\/\/www.laomeister.com\/wp-content\/uploads\/2021\/01\/EXPLORER-60.jpg","type":"image\/jpeg"}],"twitter_card":"summary_large_image","schema":{"@context":"https:\/\/schema.org","@graph":[{"@type":"WebPage","@id":"https:\/\/www.laomeister.com\/fi\/toode\/venttiilipeili-dancop-explorer-60-halkaisija-60-cm\/","url":"https:\/\/www.laomeister.com\/fi\/toode\/venttiilipeili-dancop-explorer-60-halkaisija-60-cm\/","name":"Venttiilipeili Dancop, EXPLORER 60, halkaisija 60 cm. - Balti Laomeister","isPartOf":{"@id":"https:\/\/www.laomeister.com\/fi\/#website"},"primaryImageOfPage":{"@id":"https:\/\/www.laomeister.com\/fi\/toode\/venttiilipeili-dancop-explorer-60-halkaisija-60-cm\/#primaryimage"},"image":{"@id":"https:\/\/www.laomeister.com\/fi\/toode\/venttiilipeili-dancop-explorer-60-halkaisija-60-cm\/#primaryimage"},"thumbnailUrl":"https:\/\/www.laomeister.com\/wp-content\/uploads\/2021\/01\/EXPLORER-60.jpg","datePublished":"2024-07-02T20:11:25+00:00","breadcrumb":{"@id":"https:\/\/www.laomeister.com\/fi\/toode\/venttiilipeili-dancop-explorer-60-halkaisija-60-cm\/#breadcrumb"},"inLanguage":"fi","potentialAction":[{"@type":"ReadAction","target":["https:\/\/www.laomeister.com\/fi\/toode\/venttiilipeili-dancop-explorer-60-halkaisija-60-cm\/"]}]},{"@type":"ImageObject","inLanguage":"fi","@id":"https:\/\/www.laomeister.com\/fi\/toode\/venttiilipeili-dancop-explorer-60-halkaisija-60-cm\/#primaryimage","url":"https:\/\/www.laomeister.com\/wp-content\/uploads\/2021\/01\/EXPLORER-60.jpg","contentUrl":"https:\/\/www.laomeister.com\/wp-content\/uploads\/2021\/01\/EXPLORER-60.jpg","width":2043,"height":2000},{"@type":"BreadcrumbList","@id":"https:\/\/www.laomeister.com\/fi\/toode\/venttiilipeili-dancop-explorer-60-halkaisija-60-cm\/#breadcrumb","itemListElement":[{"@type":"ListItem","position":1,"name":"Home","item":"https:\/\/www.laomeister.com\/fi\/"},{"@type":"ListItem","position":2,"name":"Tuotteet","item":"https:\/\/www.laomeister.com\/fi\/tuotteet\/"},{"@type":"ListItem","position":3,"name":"Venttiilipeili Dancop, EXPLORER 60, halkaisija 60 cm."}]},{"@type":"WebSite","@id":"https:\/\/www.laomeister.com\/fi\/#website","url":"https:\/\/www.laomeister.com\/fi\/","name":"Balti Laomeister","description":"Laoriiulid - m&uuml;&uuml;k ja paigaldus","potentialAction":[{"@type":"SearchAction","target":{"@type":"EntryPoint","urlTemplate":"https:\/\/www.laomeister.com\/fi\/?s={search_term_string}"},"query-input":{"@type":"PropertyValueSpecification","valueRequired":true,"valueName":"search_term_string"}}],"inLanguage":"fi"}]}},"_links":{"self":[{"href":"https:\/\/www.laomeister.com\/fi\/wp-json\/wp\/v2\/product\/36577","targetHints":{"allow":["GET"]}}],"collection":[{"href":"https:\/\/www.laomeister.com\/fi\/wp-json\/wp\/v2\/product"}],"about":[{"href":"https:\/\/www.laomeister.com\/fi\/wp-json\/wp\/v2\/types\/product"}],"wp:featuredmedia":[{"embeddable":true,"href":"https:\/\/www.laomeister.com\/fi\/wp-json\/wp\/v2\/media\/16541"}],"wp:attachment":[{"href":"https:\/\/www.laomeister.com\/fi\/wp-json\/wp\/v2\/media?parent=36577"}],"wp:term":[{"taxonomy":"product_brand","embeddable":true,"href":"https:\/\/www.laomeister.com\/fi\/wp-json\/wp\/v2\/product_brand?post=36577"},{"taxonomy":"product_cat","embeddable":true,"href":"https:\/\/www.laomeister.com\/fi\/wp-json\/wp\/v2\/product_cat?post=36577"},{"taxonomy":"product_tag","embeddable":true,"href":"https:\/\/www.laomeister.com\/fi\/wp-json\/wp\/v2\/product_tag?post=36577"}],"curies":[{"name":"wp","href":"https:\/\/api.w.org\/{rel}","templated":true}]}}