{"id":36561,"date":"2021-01-25T22:55:38","date_gmt":"2024-07-02T20:11:04","guid":{"rendered":"https:\/\/www.laomeister.com\/toode\/venttiilipeili-dancop-us-tm-i-80100-mitat-80-x-100-cm\/"},"modified":"2024-07-02T23:11:04","modified_gmt":"2024-07-02T20:11:04","slug":"venttiilipeili-dancop-us-tm-i-80100-mitat-80-x-100-cm","status":"publish","type":"product","link":"https:\/\/www.laomeister.com\/fi\/toode\/venttiilipeili-dancop-us-tm-i-80100-mitat-80-x-100-cm\/","title":{"rendered":"Venttiilipeili Dancop, US TM-I 80100, mitat 80 X 100 cm."},"content":{"rendered":"","protected":false},"excerpt":{"rendered":"<p>Ymp\u00e4rist\u00f6yst\u00e4v\u00e4llinen UNI-SIG-peili auttaa lis\u00e4\u00e4m\u00e4\u00e4n turvallisuutta teill\u00e4, teollisuusalueilla, maanalaisissa pys\u00e4k\u00f6intihalleissa, kaupoissa ja yksityisteill\u00e4. Peililevyn heijastava kalvo tekee peilin n\u00e4kyv\u00e4ksi my\u00f6s huonoissa s\u00e4\u00e4olosuhteissa tai pime\u00e4ss\u00e4, mik\u00e4 auttaa minimoimaan onnettomuusriskin.<\/p>\n<p><span class=\"JLqJ4b ChMk0b\" data-language-for-alternatives=\"et\" data-language-to-translate-into=\"en\" data-phrase-index=\"0\"><strong>Mitat <\/strong>&#8211; 80 x 100 cm<\/span><br \/>\n<span class=\"JLqJ4b ChMk0b\" data-language-for-alternatives=\"et\" data-language-to-translate-into=\"en\" data-phrase-index=\"2\"><strong>Materiaali<\/strong> &#8211; akryyli<\/span><br \/>\n<span class=\"JLqJ4b ChMk0b\" data-language-for-alternatives=\"et\" data-language-to-translate-into=\"en\" data-phrase-index=\"4\"><strong>Rungon<\/strong> <strong>leveys<\/strong> &#8211; 5 cm<\/span><br \/>\n<span class=\"JLqJ4b ChMk0b\" data-language-for-alternatives=\"et\" data-language-to-translate-into=\"en\" data-phrase-index=\"6\"><strong>Rungon korkeus<\/strong> &#8211; 81,5 cm<br \/>\n<\/span><span class=\"JLqJ4b ChMk0b\" data-language-for-alternatives=\"et\" data-language-to-translate-into=\"en\" data-phrase-index=\"8\"><strong><br \/>\nR<\/strong><strong>ungon pituus<\/strong> &#8211; 102 cm<strong>V\u00e4ri<\/strong> &#8211; valkoinen takarunko<\/span><br \/>\n<span class=\"JLqJ4b ChMk0b\" data-language-for-alternatives=\"et\" data-language-to-translate-into=\"en\" data-phrase-index=\"12\"><strong>Paino<\/strong> &#8211;<\/span> 9,1<span class=\"JLqJ4b ChMk0b\" data-language-for-alternatives=\"et\" data-language-to-translate-into=\"en\" data-phrase-index=\"16\"> kg<\/span><br \/>\n<span class=\"JLqJ4b ChMk0b\" data-language-for-alternatives=\"et\" data-language-to-translate-into=\"en\" data-phrase-index=\"20\"><strong>Tarkkailuet\u00e4isyys<\/strong> &#8211; 15 &#8211; 22 m<\/span><br \/>\n<span class=\"JLqJ4b ChMk0b\" data-language-for-alternatives=\"et\" data-language-to-translate-into=\"en\" data-phrase-index=\"22\">&gt; T<strong>uulikuormitus<\/strong> &#8211; sertifioitu jopa tuulen voimakkuuteen 12 paalia (hurrikaani 117 km\/h) asti.<\/span><br \/>\n<span class=\"JLqJ4b ChMk0b\" data-language-for-alternatives=\"et\" data-language-to-translate-into=\"en\" data-phrase-index=\"24\"><strong>Sis\u00e4inen k\u00e4ytt\u00f6<\/strong> &#8211; kyll\u00e4<\/span><br \/>\n<span class=\"JLqJ4b ChMk0b\" data-language-for-alternatives=\"et\" data-language-to-translate-into=\"en\" data-phrase-index=\"26\"><strong>Ulkok\u00e4ytt\u00f6<\/strong> &#8211; kyll\u00e4, UV-kest\u00e4v\u00e4<\/span><br \/>\n<span class=\"JLqJ4b ChMk0b\" data-language-for-alternatives=\"et\" data-language-to-translate-into=\"en\" data-phrase-index=\"28\"><strong>Asennus<\/strong> &#8211; yleiskiinnitys pylv\u00e4\u00e4seen tai sein\u00e4\u00e4n<\/span><\/p>\n<p>&nbsp;<\/p>\n<p><strong>Materiaali per\u00e4isin<\/strong><br \/>\nUNI-SIG-peili on valmistettu akryylimateriaalista (70 % iskunkest\u00e4v\u00e4mpi kuin lasi) ja varustettu heijastavalla kalvolla. Tukevan materiaalin ansiosta peili soveltuu pitk\u00e4aikaiseen ulkok\u00e4ytt\u00f6\u00f6n.<\/p>\n<p><strong>Korjaaminen<\/strong><br \/>\nUNI-SIG-peili toimitetaan t\u00e4ydellisen\u00e4 sarjana, jossa on kiinnityskorvakkeet pylv\u00e4\u00e4seen (\u00d850-85 mm) tai sein\u00e4\u00e4n kiinnitt\u00e4mist\u00e4 varten. Varusteet on valmistettu vahvasta sinkityst\u00e4 sinkityst\u00e4 ter\u00e4ksest\u00e4, jota voidaan s\u00e4\u00e4t\u00e4\u00e4 kahteen suuntaan. &gt; Peili on l\u00e4p\u00e4issyt tuulenpit\u00e4vyystestin, jossa tuulen nopeusasteikko on jopa 12 solmua eli hurrikaani 117 km\/h.<\/p>\n<p>&nbsp;<\/p>\n<p>&nbsp;<\/p>\n","protected":false},"featured_media":16507,"template":"","meta":[],"product_brand":[],"product_cat":[904,903],"product_tag":[],"class_list":{"0":"post-36561","1":"product","2":"type-product","3":"status-publish","4":"has-post-thumbnail","6":"product_cat-liikennepeilit","7":"product_cat-laopeeglid-fi","9":"first","10":"instock","11":"taxable","12":"shipping-taxable","13":"purchasable","14":"product-type-simple"},"yoast_head":"<!-- This site is optimized with the Yoast SEO plugin v27.3 - https:\/\/yoast.com\/product\/yoast-seo-wordpress\/ -->\n<title>Venttiilipeili Dancop, US TM-I 80100, mitat 80 X 100 cm. - Balti Laomeister<\/title>\n<meta name=\"robots\" content=\"index, follow, max-snippet:-1, max-image-preview:large, max-video-preview:-1\" \/>\n<link rel=\"canonical\" href=\"https:\/\/www.laomeister.com\/fi\/toode\/venttiilipeili-dancop-us-tm-i-80100-mitat-80-x-100-cm\/\" \/>\n<meta property=\"og:locale\" content=\"fi_FI\" \/>\n<meta property=\"og:type\" content=\"article\" \/>\n<meta property=\"og:title\" content=\"Venttiilipeili Dancop, US TM-I 80100, mitat 80 X 100 cm. - Balti Laomeister\" \/>\n<meta property=\"og:description\" content=\"Ymp\u00e4rist\u00f6yst\u00e4v\u00e4llinen UNI-SIG-peili auttaa lis\u00e4\u00e4m\u00e4\u00e4n turvallisuutta teill\u00e4, teollisuusalueilla, maanalaisissa pys\u00e4k\u00f6intihalleissa, kaupoissa ja yksityisteill\u00e4. Peililevyn heijastava kalvo tekee peilin n\u00e4kyv\u00e4ksi my\u00f6s huonoissa s\u00e4\u00e4olosuhteissa tai pime\u00e4ss\u00e4, mik\u00e4 auttaa minimoimaan onnettomuusriskin. Mitat - 80 x 100 cm Materiaali - akryyli Rungon leveys - 5 cm Rungon korkeus - 81,5 cm Rungon pituus - 102 cmV\u00e4ri - valkoinen takarunko Paino - 9,1 kg Tarkkailuet\u00e4isyys - 15 - 22 m &gt; Tuulikuormitus - sertifioitu jopa tuulen voimakkuuteen 12 paalia (hurrikaani 117 km\/h) asti. Sis\u00e4inen k\u00e4ytt\u00f6 - kyll\u00e4 Ulkok\u00e4ytt\u00f6 - kyll\u00e4, UV-kest\u00e4v\u00e4 Asennus - yleiskiinnitys pylv\u00e4\u00e4seen tai sein\u00e4\u00e4n &nbsp; Materiaali per\u00e4isin UNI-SIG-peili on valmistettu akryylimateriaalista (70 % iskunkest\u00e4v\u00e4mpi kuin lasi) ja varustettu heijastavalla kalvolla. Tukevan materiaalin ansiosta peili soveltuu pitk\u00e4aikaiseen ulkok\u00e4ytt\u00f6\u00f6n. Korjaaminen UNI-SIG-peili toimitetaan t\u00e4ydellisen\u00e4 sarjana, jossa on kiinnityskorvakkeet pylv\u00e4\u00e4seen (\u00d850-85 mm) tai sein\u00e4\u00e4n kiinnitt\u00e4mist\u00e4 varten. Varusteet on valmistettu vahvasta sinkityst\u00e4 sinkityst\u00e4 ter\u00e4ksest\u00e4, jota voidaan s\u00e4\u00e4t\u00e4\u00e4 kahteen suuntaan. &gt; Peili on l\u00e4p\u00e4issyt tuulenpit\u00e4vyystestin, jossa tuulen nopeusasteikko on jopa 12 solmua eli hurrikaani 117 km\/h. &nbsp; &nbsp;\" \/>\n<meta property=\"og:url\" content=\"https:\/\/www.laomeister.com\/fi\/toode\/venttiilipeili-dancop-us-tm-i-80100-mitat-80-x-100-cm\/\" \/>\n<meta property=\"og:site_name\" content=\"Balti Laomeister\" \/>\n<meta property=\"og:image\" content=\"https:\/\/www.laomeister.com\/wp-content\/uploads\/2021\/01\/US-TM-I-4060.jpg\" \/>\n\t<meta property=\"og:image:width\" content=\"2039\" \/>\n\t<meta property=\"og:image:height\" content=\"2000\" \/>\n\t<meta property=\"og:image:type\" content=\"image\/jpeg\" \/>\n<meta name=\"twitter:card\" content=\"summary_large_image\" \/>\n<script type=\"application\/ld+json\" class=\"yoast-schema-graph\">{\"@context\":\"https:\\\/\\\/schema.org\",\"@graph\":[{\"@type\":\"WebPage\",\"@id\":\"https:\\\/\\\/www.laomeister.com\\\/fi\\\/toode\\\/venttiilipeili-dancop-us-tm-i-80100-mitat-80-x-100-cm\\\/\",\"url\":\"https:\\\/\\\/www.laomeister.com\\\/fi\\\/toode\\\/venttiilipeili-dancop-us-tm-i-80100-mitat-80-x-100-cm\\\/\",\"name\":\"Venttiilipeili Dancop, US TM-I 80100, mitat 80 X 100 cm. - Balti Laomeister\",\"isPartOf\":{\"@id\":\"https:\\\/\\\/www.laomeister.com\\\/fi\\\/#website\"},\"primaryImageOfPage\":{\"@id\":\"https:\\\/\\\/www.laomeister.com\\\/fi\\\/toode\\\/venttiilipeili-dancop-us-tm-i-80100-mitat-80-x-100-cm\\\/#primaryimage\"},\"image\":{\"@id\":\"https:\\\/\\\/www.laomeister.com\\\/fi\\\/toode\\\/venttiilipeili-dancop-us-tm-i-80100-mitat-80-x-100-cm\\\/#primaryimage\"},\"thumbnailUrl\":\"https:\\\/\\\/www.laomeister.com\\\/wp-content\\\/uploads\\\/2021\\\/01\\\/US-TM-I-4060.jpg\",\"datePublished\":\"2024-07-02T20:11:04+00:00\",\"breadcrumb\":{\"@id\":\"https:\\\/\\\/www.laomeister.com\\\/fi\\\/toode\\\/venttiilipeili-dancop-us-tm-i-80100-mitat-80-x-100-cm\\\/#breadcrumb\"},\"inLanguage\":\"fi\",\"potentialAction\":[{\"@type\":\"ReadAction\",\"target\":[\"https:\\\/\\\/www.laomeister.com\\\/fi\\\/toode\\\/venttiilipeili-dancop-us-tm-i-80100-mitat-80-x-100-cm\\\/\"]}]},{\"@type\":\"ImageObject\",\"inLanguage\":\"fi\",\"@id\":\"https:\\\/\\\/www.laomeister.com\\\/fi\\\/toode\\\/venttiilipeili-dancop-us-tm-i-80100-mitat-80-x-100-cm\\\/#primaryimage\",\"url\":\"https:\\\/\\\/www.laomeister.com\\\/wp-content\\\/uploads\\\/2021\\\/01\\\/US-TM-I-4060.jpg\",\"contentUrl\":\"https:\\\/\\\/www.laomeister.com\\\/wp-content\\\/uploads\\\/2021\\\/01\\\/US-TM-I-4060.jpg\",\"width\":2039,\"height\":2000},{\"@type\":\"BreadcrumbList\",\"@id\":\"https:\\\/\\\/www.laomeister.com\\\/fi\\\/toode\\\/venttiilipeili-dancop-us-tm-i-80100-mitat-80-x-100-cm\\\/#breadcrumb\",\"itemListElement\":[{\"@type\":\"ListItem\",\"position\":1,\"name\":\"Home\",\"item\":\"https:\\\/\\\/www.laomeister.com\\\/fi\\\/\"},{\"@type\":\"ListItem\",\"position\":2,\"name\":\"Tuotteet\",\"item\":\"https:\\\/\\\/www.laomeister.com\\\/fi\\\/tuotteet\\\/\"},{\"@type\":\"ListItem\",\"position\":3,\"name\":\"Venttiilipeili Dancop, US TM-I 80100, mitat 80 X 100 cm.\"}]},{\"@type\":\"WebSite\",\"@id\":\"https:\\\/\\\/www.laomeister.com\\\/fi\\\/#website\",\"url\":\"https:\\\/\\\/www.laomeister.com\\\/fi\\\/\",\"name\":\"Balti Laomeister\",\"description\":\"Laoriiulid - m&uuml;&uuml;k ja paigaldus\",\"potentialAction\":[{\"@type\":\"SearchAction\",\"target\":{\"@type\":\"EntryPoint\",\"urlTemplate\":\"https:\\\/\\\/www.laomeister.com\\\/fi\\\/?s={search_term_string}\"},\"query-input\":{\"@type\":\"PropertyValueSpecification\",\"valueRequired\":true,\"valueName\":\"search_term_string\"}}],\"inLanguage\":\"fi\"}]}<\/script>\n<!-- \/ Yoast SEO plugin. -->","yoast_head_json":{"title":"Venttiilipeili Dancop, US TM-I 80100, mitat 80 X 100 cm. - Balti Laomeister","robots":{"index":"index","follow":"follow","max-snippet":"max-snippet:-1","max-image-preview":"max-image-preview:large","max-video-preview":"max-video-preview:-1"},"canonical":"https:\/\/www.laomeister.com\/fi\/toode\/venttiilipeili-dancop-us-tm-i-80100-mitat-80-x-100-cm\/","og_locale":"fi_FI","og_type":"article","og_title":"Venttiilipeili Dancop, US TM-I 80100, mitat 80 X 100 cm. - Balti Laomeister","og_description":"Ymp\u00e4rist\u00f6yst\u00e4v\u00e4llinen UNI-SIG-peili auttaa lis\u00e4\u00e4m\u00e4\u00e4n turvallisuutta teill\u00e4, teollisuusalueilla, maanalaisissa pys\u00e4k\u00f6intihalleissa, kaupoissa ja yksityisteill\u00e4. Peililevyn heijastava kalvo tekee peilin n\u00e4kyv\u00e4ksi my\u00f6s huonoissa s\u00e4\u00e4olosuhteissa tai pime\u00e4ss\u00e4, mik\u00e4 auttaa minimoimaan onnettomuusriskin. Mitat - 80 x 100 cm Materiaali - akryyli Rungon leveys - 5 cm Rungon korkeus - 81,5 cm Rungon pituus - 102 cmV\u00e4ri - valkoinen takarunko Paino - 9,1 kg Tarkkailuet\u00e4isyys - 15 - 22 m &gt; Tuulikuormitus - sertifioitu jopa tuulen voimakkuuteen 12 paalia (hurrikaani 117 km\/h) asti. Sis\u00e4inen k\u00e4ytt\u00f6 - kyll\u00e4 Ulkok\u00e4ytt\u00f6 - kyll\u00e4, UV-kest\u00e4v\u00e4 Asennus - yleiskiinnitys pylv\u00e4\u00e4seen tai sein\u00e4\u00e4n &nbsp; Materiaali per\u00e4isin UNI-SIG-peili on valmistettu akryylimateriaalista (70 % iskunkest\u00e4v\u00e4mpi kuin lasi) ja varustettu heijastavalla kalvolla. Tukevan materiaalin ansiosta peili soveltuu pitk\u00e4aikaiseen ulkok\u00e4ytt\u00f6\u00f6n. Korjaaminen UNI-SIG-peili toimitetaan t\u00e4ydellisen\u00e4 sarjana, jossa on kiinnityskorvakkeet pylv\u00e4\u00e4seen (\u00d850-85 mm) tai sein\u00e4\u00e4n kiinnitt\u00e4mist\u00e4 varten. Varusteet on valmistettu vahvasta sinkityst\u00e4 sinkityst\u00e4 ter\u00e4ksest\u00e4, jota voidaan s\u00e4\u00e4t\u00e4\u00e4 kahteen suuntaan. &gt; Peili on l\u00e4p\u00e4issyt tuulenpit\u00e4vyystestin, jossa tuulen nopeusasteikko on jopa 12 solmua eli hurrikaani 117 km\/h. &nbsp; &nbsp;","og_url":"https:\/\/www.laomeister.com\/fi\/toode\/venttiilipeili-dancop-us-tm-i-80100-mitat-80-x-100-cm\/","og_site_name":"Balti Laomeister","og_image":[{"width":2039,"height":2000,"url":"https:\/\/www.laomeister.com\/wp-content\/uploads\/2021\/01\/US-TM-I-4060.jpg","type":"image\/jpeg"}],"twitter_card":"summary_large_image","schema":{"@context":"https:\/\/schema.org","@graph":[{"@type":"WebPage","@id":"https:\/\/www.laomeister.com\/fi\/toode\/venttiilipeili-dancop-us-tm-i-80100-mitat-80-x-100-cm\/","url":"https:\/\/www.laomeister.com\/fi\/toode\/venttiilipeili-dancop-us-tm-i-80100-mitat-80-x-100-cm\/","name":"Venttiilipeili Dancop, US TM-I 80100, mitat 80 X 100 cm. - Balti Laomeister","isPartOf":{"@id":"https:\/\/www.laomeister.com\/fi\/#website"},"primaryImageOfPage":{"@id":"https:\/\/www.laomeister.com\/fi\/toode\/venttiilipeili-dancop-us-tm-i-80100-mitat-80-x-100-cm\/#primaryimage"},"image":{"@id":"https:\/\/www.laomeister.com\/fi\/toode\/venttiilipeili-dancop-us-tm-i-80100-mitat-80-x-100-cm\/#primaryimage"},"thumbnailUrl":"https:\/\/www.laomeister.com\/wp-content\/uploads\/2021\/01\/US-TM-I-4060.jpg","datePublished":"2024-07-02T20:11:04+00:00","breadcrumb":{"@id":"https:\/\/www.laomeister.com\/fi\/toode\/venttiilipeili-dancop-us-tm-i-80100-mitat-80-x-100-cm\/#breadcrumb"},"inLanguage":"fi","potentialAction":[{"@type":"ReadAction","target":["https:\/\/www.laomeister.com\/fi\/toode\/venttiilipeili-dancop-us-tm-i-80100-mitat-80-x-100-cm\/"]}]},{"@type":"ImageObject","inLanguage":"fi","@id":"https:\/\/www.laomeister.com\/fi\/toode\/venttiilipeili-dancop-us-tm-i-80100-mitat-80-x-100-cm\/#primaryimage","url":"https:\/\/www.laomeister.com\/wp-content\/uploads\/2021\/01\/US-TM-I-4060.jpg","contentUrl":"https:\/\/www.laomeister.com\/wp-content\/uploads\/2021\/01\/US-TM-I-4060.jpg","width":2039,"height":2000},{"@type":"BreadcrumbList","@id":"https:\/\/www.laomeister.com\/fi\/toode\/venttiilipeili-dancop-us-tm-i-80100-mitat-80-x-100-cm\/#breadcrumb","itemListElement":[{"@type":"ListItem","position":1,"name":"Home","item":"https:\/\/www.laomeister.com\/fi\/"},{"@type":"ListItem","position":2,"name":"Tuotteet","item":"https:\/\/www.laomeister.com\/fi\/tuotteet\/"},{"@type":"ListItem","position":3,"name":"Venttiilipeili Dancop, US TM-I 80100, mitat 80 X 100 cm."}]},{"@type":"WebSite","@id":"https:\/\/www.laomeister.com\/fi\/#website","url":"https:\/\/www.laomeister.com\/fi\/","name":"Balti Laomeister","description":"Laoriiulid - m&uuml;&uuml;k ja paigaldus","potentialAction":[{"@type":"SearchAction","target":{"@type":"EntryPoint","urlTemplate":"https:\/\/www.laomeister.com\/fi\/?s={search_term_string}"},"query-input":{"@type":"PropertyValueSpecification","valueRequired":true,"valueName":"search_term_string"}}],"inLanguage":"fi"}]}},"_links":{"self":[{"href":"https:\/\/www.laomeister.com\/fi\/wp-json\/wp\/v2\/product\/36561","targetHints":{"allow":["GET"]}}],"collection":[{"href":"https:\/\/www.laomeister.com\/fi\/wp-json\/wp\/v2\/product"}],"about":[{"href":"https:\/\/www.laomeister.com\/fi\/wp-json\/wp\/v2\/types\/product"}],"wp:featuredmedia":[{"embeddable":true,"href":"https:\/\/www.laomeister.com\/fi\/wp-json\/wp\/v2\/media\/16507"}],"wp:attachment":[{"href":"https:\/\/www.laomeister.com\/fi\/wp-json\/wp\/v2\/media?parent=36561"}],"wp:term":[{"taxonomy":"product_brand","embeddable":true,"href":"https:\/\/www.laomeister.com\/fi\/wp-json\/wp\/v2\/product_brand?post=36561"},{"taxonomy":"product_cat","embeddable":true,"href":"https:\/\/www.laomeister.com\/fi\/wp-json\/wp\/v2\/product_cat?post=36561"},{"taxonomy":"product_tag","embeddable":true,"href":"https:\/\/www.laomeister.com\/fi\/wp-json\/wp\/v2\/product_tag?post=36561"}],"curies":[{"name":"wp","href":"https:\/\/api.w.org\/{rel}","templated":true}]}}