{"id":36536,"date":"2021-01-25T14:13:34","date_gmt":"2024-07-02T20:10:14","guid":{"rendered":"https:\/\/www.laomeister.com\/toode\/tyyppi-aa-1000-mm\/"},"modified":"2024-07-02T23:10:14","modified_gmt":"2024-07-02T20:10:14","slug":"tyyppi-aa-1000-mm","status":"publish","type":"product","link":"https:\/\/www.laomeister.com\/fi\/toode\/tyyppi-aa-1000-mm\/","title":{"rendered":"Tyyppi AA, 1000 mm"},"content":{"rendered":"","protected":false},"excerpt":{"rendered":"<p>Varoitus- ja suojaprofiilit on valmistettu polyuretaanivaahdosta.<\/p>\n<p>L\u00e4mp\u00f6tilan sietokyky -40C-+100C<\/p>\n<p>Soveltuu sek\u00e4 sis\u00e4- ett\u00e4 ulkok\u00e4ytt\u00f6\u00f6n<\/p>\n<p>Testattu paloturvallisuuden osalta DIN 4102 B2 -standardin mukaisesti.<\/p>\n<p>Eritt\u00e4in yksinkertainen ja helppo asentaa vahvan teipin ansiosta. Tarvittaessa profiili on mahdollista leikata haluamaasi kokoon.<\/p>\n<p>Asennusta varten irrota suojakalvo ja paina profiili puhdistettuun pintaan.<\/p>\n<table>\n<tbody>\n<tr>\n<td>10010<\/td>\n<td>1000 mm, kelta-musta<\/td>\n<td>Polyuretaani<\/td>\n<td class=\"text-center\">1 m<\/td>\n<td>0,60 kg<\/td>\n<\/tr>\n<\/tbody>\n<\/table>\n<p>&nbsp;<\/p>\n<p>Varoitus- ja turvakulmat vaimentavat iskuja ja viestiv\u00e4t uhista.<\/p>\n<p>Suojaa ihmisi\u00e4, koneita ja ty\u00f6kaluja.<\/p>\n<p>&nbsp;<\/p>\n<p>&nbsp;<\/p>\n<p>&nbsp;<\/p>\n","protected":false},"featured_media":16469,"template":"","meta":[],"product_brand":[],"product_cat":[905],"product_tag":[],"class_list":{"0":"post-36536","1":"product","2":"type-product","3":"status-publish","4":"has-post-thumbnail","6":"product_cat-kulmasuojaprofiilit","8":"first","9":"instock","10":"taxable","11":"shipping-taxable","12":"purchasable","13":"product-type-simple"},"yoast_head":"<!-- This site is optimized with the Yoast SEO plugin v27.3 - https:\/\/yoast.com\/product\/yoast-seo-wordpress\/ -->\n<title>Tyyppi AA, 1000 mm - Balti Laomeister<\/title>\n<meta name=\"robots\" content=\"index, follow, max-snippet:-1, max-image-preview:large, max-video-preview:-1\" \/>\n<link rel=\"canonical\" href=\"https:\/\/www.laomeister.com\/fi\/toode\/tyyppi-aa-1000-mm\/\" \/>\n<meta property=\"og:locale\" content=\"fi_FI\" \/>\n<meta property=\"og:type\" content=\"article\" \/>\n<meta property=\"og:title\" content=\"Tyyppi AA, 1000 mm - Balti Laomeister\" \/>\n<meta property=\"og:description\" content=\"Varoitus- ja suojaprofiilit on valmistettu polyuretaanivaahdosta. L\u00e4mp\u00f6tilan sietokyky -40C-+100C Soveltuu sek\u00e4 sis\u00e4- ett\u00e4 ulkok\u00e4ytt\u00f6\u00f6n Testattu paloturvallisuuden osalta DIN 4102 B2 -standardin mukaisesti. Eritt\u00e4in yksinkertainen ja helppo asentaa vahvan teipin ansiosta. Tarvittaessa profiili on mahdollista leikata haluamaasi kokoon. Asennusta varten irrota suojakalvo ja paina profiili puhdistettuun pintaan.  10010 1000 mm, kelta-musta Polyuretaani 1 m 0,60 kg  &nbsp; Varoitus- ja turvakulmat vaimentavat iskuja ja viestiv\u00e4t uhista. Suojaa ihmisi\u00e4, koneita ja ty\u00f6kaluja. &nbsp; &nbsp; &nbsp;\" \/>\n<meta property=\"og:url\" content=\"https:\/\/www.laomeister.com\/fi\/toode\/tyyppi-aa-1000-mm\/\" \/>\n<meta property=\"og:site_name\" content=\"Balti Laomeister\" \/>\n<meta property=\"og:image\" content=\"https:\/\/www.laomeister.com\/wp-content\/uploads\/2021\/01\/Warn-und-Schutzprofil-Typ-AA-Eckschutz-gelbschwarz_1WP1110111.jpg\" \/>\n\t<meta property=\"og:image:width\" content=\"1000\" \/>\n\t<meta property=\"og:image:height\" content=\"1000\" \/>\n\t<meta property=\"og:image:type\" content=\"image\/jpeg\" \/>\n<meta name=\"twitter:card\" content=\"summary_large_image\" \/>\n<script type=\"application\/ld+json\" class=\"yoast-schema-graph\">{\"@context\":\"https:\\\/\\\/schema.org\",\"@graph\":[{\"@type\":\"WebPage\",\"@id\":\"https:\\\/\\\/www.laomeister.com\\\/fi\\\/toode\\\/tyyppi-aa-1000-mm\\\/\",\"url\":\"https:\\\/\\\/www.laomeister.com\\\/fi\\\/toode\\\/tyyppi-aa-1000-mm\\\/\",\"name\":\"Tyyppi AA, 1000 mm - Balti Laomeister\",\"isPartOf\":{\"@id\":\"https:\\\/\\\/www.laomeister.com\\\/fi\\\/#website\"},\"primaryImageOfPage\":{\"@id\":\"https:\\\/\\\/www.laomeister.com\\\/fi\\\/toode\\\/tyyppi-aa-1000-mm\\\/#primaryimage\"},\"image\":{\"@id\":\"https:\\\/\\\/www.laomeister.com\\\/fi\\\/toode\\\/tyyppi-aa-1000-mm\\\/#primaryimage\"},\"thumbnailUrl\":\"https:\\\/\\\/www.laomeister.com\\\/wp-content\\\/uploads\\\/2021\\\/01\\\/Warn-und-Schutzprofil-Typ-AA-Eckschutz-gelbschwarz_1WP1110111.jpg\",\"datePublished\":\"2024-07-02T20:10:14+00:00\",\"breadcrumb\":{\"@id\":\"https:\\\/\\\/www.laomeister.com\\\/fi\\\/toode\\\/tyyppi-aa-1000-mm\\\/#breadcrumb\"},\"inLanguage\":\"fi\",\"potentialAction\":[{\"@type\":\"ReadAction\",\"target\":[\"https:\\\/\\\/www.laomeister.com\\\/fi\\\/toode\\\/tyyppi-aa-1000-mm\\\/\"]}]},{\"@type\":\"ImageObject\",\"inLanguage\":\"fi\",\"@id\":\"https:\\\/\\\/www.laomeister.com\\\/fi\\\/toode\\\/tyyppi-aa-1000-mm\\\/#primaryimage\",\"url\":\"https:\\\/\\\/www.laomeister.com\\\/wp-content\\\/uploads\\\/2021\\\/01\\\/Warn-und-Schutzprofil-Typ-AA-Eckschutz-gelbschwarz_1WP1110111.jpg\",\"contentUrl\":\"https:\\\/\\\/www.laomeister.com\\\/wp-content\\\/uploads\\\/2021\\\/01\\\/Warn-und-Schutzprofil-Typ-AA-Eckschutz-gelbschwarz_1WP1110111.jpg\",\"width\":1000,\"height\":1000},{\"@type\":\"BreadcrumbList\",\"@id\":\"https:\\\/\\\/www.laomeister.com\\\/fi\\\/toode\\\/tyyppi-aa-1000-mm\\\/#breadcrumb\",\"itemListElement\":[{\"@type\":\"ListItem\",\"position\":1,\"name\":\"Home\",\"item\":\"https:\\\/\\\/www.laomeister.com\\\/fi\\\/\"},{\"@type\":\"ListItem\",\"position\":2,\"name\":\"Tuotteet\",\"item\":\"https:\\\/\\\/www.laomeister.com\\\/fi\\\/tuotteet\\\/\"},{\"@type\":\"ListItem\",\"position\":3,\"name\":\"Tyyppi AA, 1000 mm\"}]},{\"@type\":\"WebSite\",\"@id\":\"https:\\\/\\\/www.laomeister.com\\\/fi\\\/#website\",\"url\":\"https:\\\/\\\/www.laomeister.com\\\/fi\\\/\",\"name\":\"Balti Laomeister\",\"description\":\"Laoriiulid - m&uuml;&uuml;k ja paigaldus\",\"potentialAction\":[{\"@type\":\"SearchAction\",\"target\":{\"@type\":\"EntryPoint\",\"urlTemplate\":\"https:\\\/\\\/www.laomeister.com\\\/fi\\\/?s={search_term_string}\"},\"query-input\":{\"@type\":\"PropertyValueSpecification\",\"valueRequired\":true,\"valueName\":\"search_term_string\"}}],\"inLanguage\":\"fi\"}]}<\/script>\n<!-- \/ Yoast SEO plugin. -->","yoast_head_json":{"title":"Tyyppi AA, 1000 mm - Balti Laomeister","robots":{"index":"index","follow":"follow","max-snippet":"max-snippet:-1","max-image-preview":"max-image-preview:large","max-video-preview":"max-video-preview:-1"},"canonical":"https:\/\/www.laomeister.com\/fi\/toode\/tyyppi-aa-1000-mm\/","og_locale":"fi_FI","og_type":"article","og_title":"Tyyppi AA, 1000 mm - Balti Laomeister","og_description":"Varoitus- ja suojaprofiilit on valmistettu polyuretaanivaahdosta. L\u00e4mp\u00f6tilan sietokyky -40C-+100C Soveltuu sek\u00e4 sis\u00e4- ett\u00e4 ulkok\u00e4ytt\u00f6\u00f6n Testattu paloturvallisuuden osalta DIN 4102 B2 -standardin mukaisesti. Eritt\u00e4in yksinkertainen ja helppo asentaa vahvan teipin ansiosta. Tarvittaessa profiili on mahdollista leikata haluamaasi kokoon. Asennusta varten irrota suojakalvo ja paina profiili puhdistettuun pintaan.  10010 1000 mm, kelta-musta Polyuretaani 1 m 0,60 kg  &nbsp; Varoitus- ja turvakulmat vaimentavat iskuja ja viestiv\u00e4t uhista. Suojaa ihmisi\u00e4, koneita ja ty\u00f6kaluja. &nbsp; &nbsp; &nbsp;","og_url":"https:\/\/www.laomeister.com\/fi\/toode\/tyyppi-aa-1000-mm\/","og_site_name":"Balti Laomeister","og_image":[{"width":1000,"height":1000,"url":"https:\/\/www.laomeister.com\/wp-content\/uploads\/2021\/01\/Warn-und-Schutzprofil-Typ-AA-Eckschutz-gelbschwarz_1WP1110111.jpg","type":"image\/jpeg"}],"twitter_card":"summary_large_image","schema":{"@context":"https:\/\/schema.org","@graph":[{"@type":"WebPage","@id":"https:\/\/www.laomeister.com\/fi\/toode\/tyyppi-aa-1000-mm\/","url":"https:\/\/www.laomeister.com\/fi\/toode\/tyyppi-aa-1000-mm\/","name":"Tyyppi AA, 1000 mm - Balti Laomeister","isPartOf":{"@id":"https:\/\/www.laomeister.com\/fi\/#website"},"primaryImageOfPage":{"@id":"https:\/\/www.laomeister.com\/fi\/toode\/tyyppi-aa-1000-mm\/#primaryimage"},"image":{"@id":"https:\/\/www.laomeister.com\/fi\/toode\/tyyppi-aa-1000-mm\/#primaryimage"},"thumbnailUrl":"https:\/\/www.laomeister.com\/wp-content\/uploads\/2021\/01\/Warn-und-Schutzprofil-Typ-AA-Eckschutz-gelbschwarz_1WP1110111.jpg","datePublished":"2024-07-02T20:10:14+00:00","breadcrumb":{"@id":"https:\/\/www.laomeister.com\/fi\/toode\/tyyppi-aa-1000-mm\/#breadcrumb"},"inLanguage":"fi","potentialAction":[{"@type":"ReadAction","target":["https:\/\/www.laomeister.com\/fi\/toode\/tyyppi-aa-1000-mm\/"]}]},{"@type":"ImageObject","inLanguage":"fi","@id":"https:\/\/www.laomeister.com\/fi\/toode\/tyyppi-aa-1000-mm\/#primaryimage","url":"https:\/\/www.laomeister.com\/wp-content\/uploads\/2021\/01\/Warn-und-Schutzprofil-Typ-AA-Eckschutz-gelbschwarz_1WP1110111.jpg","contentUrl":"https:\/\/www.laomeister.com\/wp-content\/uploads\/2021\/01\/Warn-und-Schutzprofil-Typ-AA-Eckschutz-gelbschwarz_1WP1110111.jpg","width":1000,"height":1000},{"@type":"BreadcrumbList","@id":"https:\/\/www.laomeister.com\/fi\/toode\/tyyppi-aa-1000-mm\/#breadcrumb","itemListElement":[{"@type":"ListItem","position":1,"name":"Home","item":"https:\/\/www.laomeister.com\/fi\/"},{"@type":"ListItem","position":2,"name":"Tuotteet","item":"https:\/\/www.laomeister.com\/fi\/tuotteet\/"},{"@type":"ListItem","position":3,"name":"Tyyppi AA, 1000 mm"}]},{"@type":"WebSite","@id":"https:\/\/www.laomeister.com\/fi\/#website","url":"https:\/\/www.laomeister.com\/fi\/","name":"Balti Laomeister","description":"Laoriiulid - m&uuml;&uuml;k ja paigaldus","potentialAction":[{"@type":"SearchAction","target":{"@type":"EntryPoint","urlTemplate":"https:\/\/www.laomeister.com\/fi\/?s={search_term_string}"},"query-input":{"@type":"PropertyValueSpecification","valueRequired":true,"valueName":"search_term_string"}}],"inLanguage":"fi"}]}},"_links":{"self":[{"href":"https:\/\/www.laomeister.com\/fi\/wp-json\/wp\/v2\/product\/36536","targetHints":{"allow":["GET"]}}],"collection":[{"href":"https:\/\/www.laomeister.com\/fi\/wp-json\/wp\/v2\/product"}],"about":[{"href":"https:\/\/www.laomeister.com\/fi\/wp-json\/wp\/v2\/types\/product"}],"wp:featuredmedia":[{"embeddable":true,"href":"https:\/\/www.laomeister.com\/fi\/wp-json\/wp\/v2\/media\/16469"}],"wp:attachment":[{"href":"https:\/\/www.laomeister.com\/fi\/wp-json\/wp\/v2\/media?parent=36536"}],"wp:term":[{"taxonomy":"product_brand","embeddable":true,"href":"https:\/\/www.laomeister.com\/fi\/wp-json\/wp\/v2\/product_brand?post=36536"},{"taxonomy":"product_cat","embeddable":true,"href":"https:\/\/www.laomeister.com\/fi\/wp-json\/wp\/v2\/product_cat?post=36536"},{"taxonomy":"product_tag","embeddable":true,"href":"https:\/\/www.laomeister.com\/fi\/wp-json\/wp\/v2\/product_tag?post=36536"}],"curies":[{"name":"wp","href":"https:\/\/api.w.org\/{rel}","templated":true}]}}