{"id":36422,"date":"2021-05-03T16:44:27","date_gmt":"2024-07-02T19:55:52","guid":{"rendered":"https:\/\/www.laomeister.com\/toode\/hyllynjakaja-hyllo-i76512\/"},"modified":"2024-07-02T22:55:52","modified_gmt":"2024-07-02T19:55:52","slug":"hyllynjakaja-hyllo-i76512","status":"publish","type":"product","link":"https:\/\/www.laomeister.com\/fi\/toode\/hyllynjakaja-hyllo-i76512\/","title":{"rendered":"Hyllynjakaja Hyllo, I76512"},"content":{"rendered":"","protected":false},"excerpt":{"rendered":"<p>HYLLO-hyllyj\u00e4rjestelm\u00e4 on ihanteellinen ty\u00f6paikan organisointiin.<\/p>\n<p>Hyllyv\u00e4lilevy, 5 kpl:n sarja.<\/p>\n<p>&nbsp;<\/p>\n<p>&nbsp;<\/p>\n","protected":false},"featured_media":34049,"template":"","meta":[],"product_brand":[],"product_cat":[896],"product_tag":[],"class_list":{"0":"post-36422","1":"product","2":"type-product","3":"status-publish","4":"has-post-thumbnail","6":"product_cat-modulaarinen-hyllyjarjestelma-hyllo","8":"first","9":"instock","10":"taxable","11":"shipping-taxable","12":"purchasable","13":"product-type-simple"},"yoast_head":"<!-- This site is optimized with the Yoast SEO plugin v27.3 - https:\/\/yoast.com\/product\/yoast-seo-wordpress\/ -->\n<title>Hyllynjakaja Hyllo, I76512 - Balti Laomeister<\/title>\n<meta name=\"robots\" content=\"index, follow, max-snippet:-1, max-image-preview:large, max-video-preview:-1\" \/>\n<link rel=\"canonical\" href=\"https:\/\/www.laomeister.com\/fi\/toode\/hyllynjakaja-hyllo-i76512\/\" \/>\n<meta property=\"og:locale\" content=\"fi_FI\" \/>\n<meta property=\"og:type\" content=\"article\" \/>\n<meta property=\"og:title\" content=\"Hyllynjakaja Hyllo, I76512 - Balti Laomeister\" \/>\n<meta property=\"og:description\" content=\"HYLLO-hyllyj\u00e4rjestelm\u00e4 on ihanteellinen ty\u00f6paikan organisointiin. Hyllyv\u00e4lilevy, 5 kpl:n sarja. &nbsp; &nbsp;\" \/>\n<meta property=\"og:url\" content=\"https:\/\/www.laomeister.com\/fi\/toode\/hyllynjakaja-hyllo-i76512\/\" \/>\n<meta property=\"og:site_name\" content=\"Balti Laomeister\" \/>\n<meta property=\"og:image\" content=\"https:\/\/www.laomeister.com\/wp-content\/uploads\/2021\/05\/Hyllo-riiuliplaadi-vahejagaja-I76512.jpg\" \/>\n\t<meta property=\"og:image:width\" content=\"850\" \/>\n\t<meta property=\"og:image:height\" content=\"850\" \/>\n\t<meta property=\"og:image:type\" content=\"image\/jpeg\" \/>\n<meta name=\"twitter:card\" content=\"summary_large_image\" \/>\n<script type=\"application\/ld+json\" class=\"yoast-schema-graph\">{\"@context\":\"https:\\\/\\\/schema.org\",\"@graph\":[{\"@type\":\"WebPage\",\"@id\":\"https:\\\/\\\/www.laomeister.com\\\/fi\\\/toode\\\/hyllynjakaja-hyllo-i76512\\\/\",\"url\":\"https:\\\/\\\/www.laomeister.com\\\/fi\\\/toode\\\/hyllynjakaja-hyllo-i76512\\\/\",\"name\":\"Hyllynjakaja Hyllo, I76512 - Balti Laomeister\",\"isPartOf\":{\"@id\":\"https:\\\/\\\/www.laomeister.com\\\/fi\\\/#website\"},\"primaryImageOfPage\":{\"@id\":\"https:\\\/\\\/www.laomeister.com\\\/fi\\\/toode\\\/hyllynjakaja-hyllo-i76512\\\/#primaryimage\"},\"image\":{\"@id\":\"https:\\\/\\\/www.laomeister.com\\\/fi\\\/toode\\\/hyllynjakaja-hyllo-i76512\\\/#primaryimage\"},\"thumbnailUrl\":\"https:\\\/\\\/www.laomeister.com\\\/wp-content\\\/uploads\\\/2021\\\/05\\\/Hyllo-riiuliplaadi-vahejagaja-I76512.jpg\",\"datePublished\":\"2024-07-02T19:55:52+00:00\",\"breadcrumb\":{\"@id\":\"https:\\\/\\\/www.laomeister.com\\\/fi\\\/toode\\\/hyllynjakaja-hyllo-i76512\\\/#breadcrumb\"},\"inLanguage\":\"fi\",\"potentialAction\":[{\"@type\":\"ReadAction\",\"target\":[\"https:\\\/\\\/www.laomeister.com\\\/fi\\\/toode\\\/hyllynjakaja-hyllo-i76512\\\/\"]}]},{\"@type\":\"ImageObject\",\"inLanguage\":\"fi\",\"@id\":\"https:\\\/\\\/www.laomeister.com\\\/fi\\\/toode\\\/hyllynjakaja-hyllo-i76512\\\/#primaryimage\",\"url\":\"https:\\\/\\\/www.laomeister.com\\\/wp-content\\\/uploads\\\/2021\\\/05\\\/Hyllo-riiuliplaadi-vahejagaja-I76512.jpg\",\"contentUrl\":\"https:\\\/\\\/www.laomeister.com\\\/wp-content\\\/uploads\\\/2021\\\/05\\\/Hyllo-riiuliplaadi-vahejagaja-I76512.jpg\",\"width\":850,\"height\":850},{\"@type\":\"BreadcrumbList\",\"@id\":\"https:\\\/\\\/www.laomeister.com\\\/fi\\\/toode\\\/hyllynjakaja-hyllo-i76512\\\/#breadcrumb\",\"itemListElement\":[{\"@type\":\"ListItem\",\"position\":1,\"name\":\"Home\",\"item\":\"https:\\\/\\\/www.laomeister.com\\\/fi\\\/\"},{\"@type\":\"ListItem\",\"position\":2,\"name\":\"Tuotteet\",\"item\":\"https:\\\/\\\/www.laomeister.com\\\/fi\\\/tuotteet\\\/\"},{\"@type\":\"ListItem\",\"position\":3,\"name\":\"Hyllynjakaja Hyllo, I76512\"}]},{\"@type\":\"WebSite\",\"@id\":\"https:\\\/\\\/www.laomeister.com\\\/fi\\\/#website\",\"url\":\"https:\\\/\\\/www.laomeister.com\\\/fi\\\/\",\"name\":\"Balti Laomeister\",\"description\":\"Laoriiulid - m&uuml;&uuml;k ja paigaldus\",\"potentialAction\":[{\"@type\":\"SearchAction\",\"target\":{\"@type\":\"EntryPoint\",\"urlTemplate\":\"https:\\\/\\\/www.laomeister.com\\\/fi\\\/?s={search_term_string}\"},\"query-input\":{\"@type\":\"PropertyValueSpecification\",\"valueRequired\":true,\"valueName\":\"search_term_string\"}}],\"inLanguage\":\"fi\"}]}<\/script>\n<!-- \/ Yoast SEO plugin. -->","yoast_head_json":{"title":"Hyllynjakaja Hyllo, I76512 - Balti Laomeister","robots":{"index":"index","follow":"follow","max-snippet":"max-snippet:-1","max-image-preview":"max-image-preview:large","max-video-preview":"max-video-preview:-1"},"canonical":"https:\/\/www.laomeister.com\/fi\/toode\/hyllynjakaja-hyllo-i76512\/","og_locale":"fi_FI","og_type":"article","og_title":"Hyllynjakaja Hyllo, I76512 - Balti Laomeister","og_description":"HYLLO-hyllyj\u00e4rjestelm\u00e4 on ihanteellinen ty\u00f6paikan organisointiin. Hyllyv\u00e4lilevy, 5 kpl:n sarja. &nbsp; &nbsp;","og_url":"https:\/\/www.laomeister.com\/fi\/toode\/hyllynjakaja-hyllo-i76512\/","og_site_name":"Balti Laomeister","og_image":[{"width":850,"height":850,"url":"https:\/\/www.laomeister.com\/wp-content\/uploads\/2021\/05\/Hyllo-riiuliplaadi-vahejagaja-I76512.jpg","type":"image\/jpeg"}],"twitter_card":"summary_large_image","schema":{"@context":"https:\/\/schema.org","@graph":[{"@type":"WebPage","@id":"https:\/\/www.laomeister.com\/fi\/toode\/hyllynjakaja-hyllo-i76512\/","url":"https:\/\/www.laomeister.com\/fi\/toode\/hyllynjakaja-hyllo-i76512\/","name":"Hyllynjakaja Hyllo, I76512 - Balti Laomeister","isPartOf":{"@id":"https:\/\/www.laomeister.com\/fi\/#website"},"primaryImageOfPage":{"@id":"https:\/\/www.laomeister.com\/fi\/toode\/hyllynjakaja-hyllo-i76512\/#primaryimage"},"image":{"@id":"https:\/\/www.laomeister.com\/fi\/toode\/hyllynjakaja-hyllo-i76512\/#primaryimage"},"thumbnailUrl":"https:\/\/www.laomeister.com\/wp-content\/uploads\/2021\/05\/Hyllo-riiuliplaadi-vahejagaja-I76512.jpg","datePublished":"2024-07-02T19:55:52+00:00","breadcrumb":{"@id":"https:\/\/www.laomeister.com\/fi\/toode\/hyllynjakaja-hyllo-i76512\/#breadcrumb"},"inLanguage":"fi","potentialAction":[{"@type":"ReadAction","target":["https:\/\/www.laomeister.com\/fi\/toode\/hyllynjakaja-hyllo-i76512\/"]}]},{"@type":"ImageObject","inLanguage":"fi","@id":"https:\/\/www.laomeister.com\/fi\/toode\/hyllynjakaja-hyllo-i76512\/#primaryimage","url":"https:\/\/www.laomeister.com\/wp-content\/uploads\/2021\/05\/Hyllo-riiuliplaadi-vahejagaja-I76512.jpg","contentUrl":"https:\/\/www.laomeister.com\/wp-content\/uploads\/2021\/05\/Hyllo-riiuliplaadi-vahejagaja-I76512.jpg","width":850,"height":850},{"@type":"BreadcrumbList","@id":"https:\/\/www.laomeister.com\/fi\/toode\/hyllynjakaja-hyllo-i76512\/#breadcrumb","itemListElement":[{"@type":"ListItem","position":1,"name":"Home","item":"https:\/\/www.laomeister.com\/fi\/"},{"@type":"ListItem","position":2,"name":"Tuotteet","item":"https:\/\/www.laomeister.com\/fi\/tuotteet\/"},{"@type":"ListItem","position":3,"name":"Hyllynjakaja Hyllo, I76512"}]},{"@type":"WebSite","@id":"https:\/\/www.laomeister.com\/fi\/#website","url":"https:\/\/www.laomeister.com\/fi\/","name":"Balti Laomeister","description":"Laoriiulid - m&uuml;&uuml;k ja paigaldus","potentialAction":[{"@type":"SearchAction","target":{"@type":"EntryPoint","urlTemplate":"https:\/\/www.laomeister.com\/fi\/?s={search_term_string}"},"query-input":{"@type":"PropertyValueSpecification","valueRequired":true,"valueName":"search_term_string"}}],"inLanguage":"fi"}]}},"_links":{"self":[{"href":"https:\/\/www.laomeister.com\/fi\/wp-json\/wp\/v2\/product\/36422","targetHints":{"allow":["GET"]}}],"collection":[{"href":"https:\/\/www.laomeister.com\/fi\/wp-json\/wp\/v2\/product"}],"about":[{"href":"https:\/\/www.laomeister.com\/fi\/wp-json\/wp\/v2\/types\/product"}],"wp:featuredmedia":[{"embeddable":true,"href":"https:\/\/www.laomeister.com\/fi\/wp-json\/wp\/v2\/media\/34049"}],"wp:attachment":[{"href":"https:\/\/www.laomeister.com\/fi\/wp-json\/wp\/v2\/media?parent=36422"}],"wp:term":[{"taxonomy":"product_brand","embeddable":true,"href":"https:\/\/www.laomeister.com\/fi\/wp-json\/wp\/v2\/product_brand?post=36422"},{"taxonomy":"product_cat","embeddable":true,"href":"https:\/\/www.laomeister.com\/fi\/wp-json\/wp\/v2\/product_cat?post=36422"},{"taxonomy":"product_tag","embeddable":true,"href":"https:\/\/www.laomeister.com\/fi\/wp-json\/wp\/v2\/product_tag?post=36422"}],"curies":[{"name":"wp","href":"https:\/\/api.w.org\/{rel}","templated":true}]}}