{"id":36376,"date":"2021-05-01T11:11:16","date_gmt":"2024-07-02T19:54:11","guid":{"rendered":"https:\/\/www.laomeister.com\/toode\/trukkivaaka-wagkpz-76-1\/"},"modified":"2024-07-02T22:54:11","modified_gmt":"2024-07-02T19:54:11","slug":"trukkivaaka-wagkpz-76-1","status":"publish","type":"product","link":"https:\/\/www.laomeister.com\/fi\/toode\/trukkivaaka-wagkpz-76-1\/","title":{"rendered":"Trukkivaaka WAGKPZ 76-1"},"content":{"rendered":"","protected":false},"excerpt":{"rendered":"<p>Edullisen mutta laadukkaan saksalaisen KPZ-yrityksen trukkipaino. Helppo asentaa. Sopii kaikkiin trukkeihin, joissa on DIN15173 FEM -haarukkakehikko.<\/p>\n<p><strong>Punnituskapasiteetti:<\/strong> 2500kg \/ 3000kg \/ 5000kg<br \/>\n<strong>Yksikk\u00f6kohtainen arvo:<\/strong> 2kg \/ 5kg<br \/>\n<strong>Toiminnot:<\/strong> nollaus, taaraustoiminto, brutto\/netto<br \/>\n<strong>Virta:<\/strong> Akkuk\u00e4ytt\u00f6inen (jopa 30 tuntia t\u00e4ysin ladatulla akulla).<br \/>\n<strong>S\u00e4\u00e4suojaus:<\/strong> IP65 \/ IP68<br \/>\n<strong>K\u00e4ytt\u00f6l\u00e4mp\u00f6tila:<\/strong> -10\u00b0C &#8211; +40\u00b0C<\/p>\n<p>Toimitusaika: 3-4 viikkoa<\/p>\n","protected":false},"featured_media":18965,"template":"","meta":[],"product_brand":[],"product_cat":[887,276],"product_tag":[],"class_list":{"0":"post-36376","1":"product","2":"type-product","3":"status-publish","4":"has-post-thumbnail","6":"product_cat-trukkien-painot","7":"product_cat-laomoobel-fi","9":"first","10":"instock","11":"taxable","12":"shipping-taxable","13":"purchasable","14":"product-type-simple"},"yoast_head":"<!-- This site is optimized with the Yoast SEO plugin v27.3 - https:\/\/yoast.com\/product\/yoast-seo-wordpress\/ -->\n<title>Trukkivaaka WAGKPZ 76-1 - Balti Laomeister<\/title>\n<meta name=\"robots\" content=\"index, follow, max-snippet:-1, max-image-preview:large, max-video-preview:-1\" \/>\n<link rel=\"canonical\" href=\"https:\/\/www.laomeister.com\/fi\/toode\/trukkivaaka-wagkpz-76-1\/\" \/>\n<meta property=\"og:locale\" content=\"fi_FI\" \/>\n<meta property=\"og:type\" content=\"article\" \/>\n<meta property=\"og:title\" content=\"Trukkivaaka WAGKPZ 76-1 - Balti Laomeister\" \/>\n<meta property=\"og:description\" content=\"Edullisen mutta laadukkaan saksalaisen KPZ-yrityksen trukkipaino. Helppo asentaa. Sopii kaikkiin trukkeihin, joissa on DIN15173 FEM -haarukkakehikko. Punnituskapasiteetti: 2500kg \/ 3000kg \/ 5000kg Yksikk\u00f6kohtainen arvo: 2kg \/ 5kg Toiminnot: nollaus, taaraustoiminto, brutto\/netto Virta: Akkuk\u00e4ytt\u00f6inen (jopa 30 tuntia t\u00e4ysin ladatulla akulla). S\u00e4\u00e4suojaus: IP65 \/ IP68 K\u00e4ytt\u00f6l\u00e4mp\u00f6tila: -10\u00b0C - +40\u00b0C Toimitusaika: 3-4 viikkoa\" \/>\n<meta property=\"og:url\" content=\"https:\/\/www.laomeister.com\/fi\/toode\/trukkivaaka-wagkpz-76-1\/\" \/>\n<meta property=\"og:site_name\" content=\"Balti Laomeister\" \/>\n<meta property=\"og:image\" content=\"https:\/\/www.laomeister.com\/wp-content\/uploads\/2021\/05\/KPZ-76F-161125-00.jpg\" \/>\n\t<meta property=\"og:image:width\" content=\"416\" \/>\n\t<meta property=\"og:image:height\" content=\"380\" \/>\n\t<meta property=\"og:image:type\" content=\"image\/jpeg\" \/>\n<meta name=\"twitter:card\" content=\"summary_large_image\" \/>\n<script type=\"application\/ld+json\" class=\"yoast-schema-graph\">{\"@context\":\"https:\\\/\\\/schema.org\",\"@graph\":[{\"@type\":\"WebPage\",\"@id\":\"https:\\\/\\\/www.laomeister.com\\\/fi\\\/toode\\\/trukkivaaka-wagkpz-76-1\\\/\",\"url\":\"https:\\\/\\\/www.laomeister.com\\\/fi\\\/toode\\\/trukkivaaka-wagkpz-76-1\\\/\",\"name\":\"Trukkivaaka WAGKPZ 76-1 - Balti Laomeister\",\"isPartOf\":{\"@id\":\"https:\\\/\\\/www.laomeister.com\\\/fi\\\/#website\"},\"primaryImageOfPage\":{\"@id\":\"https:\\\/\\\/www.laomeister.com\\\/fi\\\/toode\\\/trukkivaaka-wagkpz-76-1\\\/#primaryimage\"},\"image\":{\"@id\":\"https:\\\/\\\/www.laomeister.com\\\/fi\\\/toode\\\/trukkivaaka-wagkpz-76-1\\\/#primaryimage\"},\"thumbnailUrl\":\"https:\\\/\\\/www.laomeister.com\\\/wp-content\\\/uploads\\\/2021\\\/05\\\/KPZ-76F-161125-00.jpg\",\"datePublished\":\"2024-07-02T19:54:11+00:00\",\"breadcrumb\":{\"@id\":\"https:\\\/\\\/www.laomeister.com\\\/fi\\\/toode\\\/trukkivaaka-wagkpz-76-1\\\/#breadcrumb\"},\"inLanguage\":\"fi\",\"potentialAction\":[{\"@type\":\"ReadAction\",\"target\":[\"https:\\\/\\\/www.laomeister.com\\\/fi\\\/toode\\\/trukkivaaka-wagkpz-76-1\\\/\"]}]},{\"@type\":\"ImageObject\",\"inLanguage\":\"fi\",\"@id\":\"https:\\\/\\\/www.laomeister.com\\\/fi\\\/toode\\\/trukkivaaka-wagkpz-76-1\\\/#primaryimage\",\"url\":\"https:\\\/\\\/www.laomeister.com\\\/wp-content\\\/uploads\\\/2021\\\/05\\\/KPZ-76F-161125-00.jpg\",\"contentUrl\":\"https:\\\/\\\/www.laomeister.com\\\/wp-content\\\/uploads\\\/2021\\\/05\\\/KPZ-76F-161125-00.jpg\",\"width\":416,\"height\":380},{\"@type\":\"BreadcrumbList\",\"@id\":\"https:\\\/\\\/www.laomeister.com\\\/fi\\\/toode\\\/trukkivaaka-wagkpz-76-1\\\/#breadcrumb\",\"itemListElement\":[{\"@type\":\"ListItem\",\"position\":1,\"name\":\"Home\",\"item\":\"https:\\\/\\\/www.laomeister.com\\\/fi\\\/\"},{\"@type\":\"ListItem\",\"position\":2,\"name\":\"Tuotteet\",\"item\":\"https:\\\/\\\/www.laomeister.com\\\/fi\\\/tuotteet\\\/\"},{\"@type\":\"ListItem\",\"position\":3,\"name\":\"Trukkivaaka WAGKPZ 76-1\"}]},{\"@type\":\"WebSite\",\"@id\":\"https:\\\/\\\/www.laomeister.com\\\/fi\\\/#website\",\"url\":\"https:\\\/\\\/www.laomeister.com\\\/fi\\\/\",\"name\":\"Balti Laomeister\",\"description\":\"Laoriiulid - m&uuml;&uuml;k ja paigaldus\",\"potentialAction\":[{\"@type\":\"SearchAction\",\"target\":{\"@type\":\"EntryPoint\",\"urlTemplate\":\"https:\\\/\\\/www.laomeister.com\\\/fi\\\/?s={search_term_string}\"},\"query-input\":{\"@type\":\"PropertyValueSpecification\",\"valueRequired\":true,\"valueName\":\"search_term_string\"}}],\"inLanguage\":\"fi\"}]}<\/script>\n<!-- \/ Yoast SEO plugin. -->","yoast_head_json":{"title":"Trukkivaaka WAGKPZ 76-1 - Balti Laomeister","robots":{"index":"index","follow":"follow","max-snippet":"max-snippet:-1","max-image-preview":"max-image-preview:large","max-video-preview":"max-video-preview:-1"},"canonical":"https:\/\/www.laomeister.com\/fi\/toode\/trukkivaaka-wagkpz-76-1\/","og_locale":"fi_FI","og_type":"article","og_title":"Trukkivaaka WAGKPZ 76-1 - Balti Laomeister","og_description":"Edullisen mutta laadukkaan saksalaisen KPZ-yrityksen trukkipaino. Helppo asentaa. Sopii kaikkiin trukkeihin, joissa on DIN15173 FEM -haarukkakehikko. Punnituskapasiteetti: 2500kg \/ 3000kg \/ 5000kg Yksikk\u00f6kohtainen arvo: 2kg \/ 5kg Toiminnot: nollaus, taaraustoiminto, brutto\/netto Virta: Akkuk\u00e4ytt\u00f6inen (jopa 30 tuntia t\u00e4ysin ladatulla akulla). S\u00e4\u00e4suojaus: IP65 \/ IP68 K\u00e4ytt\u00f6l\u00e4mp\u00f6tila: -10\u00b0C - +40\u00b0C Toimitusaika: 3-4 viikkoa","og_url":"https:\/\/www.laomeister.com\/fi\/toode\/trukkivaaka-wagkpz-76-1\/","og_site_name":"Balti Laomeister","og_image":[{"width":416,"height":380,"url":"https:\/\/www.laomeister.com\/wp-content\/uploads\/2021\/05\/KPZ-76F-161125-00.jpg","type":"image\/jpeg"}],"twitter_card":"summary_large_image","schema":{"@context":"https:\/\/schema.org","@graph":[{"@type":"WebPage","@id":"https:\/\/www.laomeister.com\/fi\/toode\/trukkivaaka-wagkpz-76-1\/","url":"https:\/\/www.laomeister.com\/fi\/toode\/trukkivaaka-wagkpz-76-1\/","name":"Trukkivaaka WAGKPZ 76-1 - Balti Laomeister","isPartOf":{"@id":"https:\/\/www.laomeister.com\/fi\/#website"},"primaryImageOfPage":{"@id":"https:\/\/www.laomeister.com\/fi\/toode\/trukkivaaka-wagkpz-76-1\/#primaryimage"},"image":{"@id":"https:\/\/www.laomeister.com\/fi\/toode\/trukkivaaka-wagkpz-76-1\/#primaryimage"},"thumbnailUrl":"https:\/\/www.laomeister.com\/wp-content\/uploads\/2021\/05\/KPZ-76F-161125-00.jpg","datePublished":"2024-07-02T19:54:11+00:00","breadcrumb":{"@id":"https:\/\/www.laomeister.com\/fi\/toode\/trukkivaaka-wagkpz-76-1\/#breadcrumb"},"inLanguage":"fi","potentialAction":[{"@type":"ReadAction","target":["https:\/\/www.laomeister.com\/fi\/toode\/trukkivaaka-wagkpz-76-1\/"]}]},{"@type":"ImageObject","inLanguage":"fi","@id":"https:\/\/www.laomeister.com\/fi\/toode\/trukkivaaka-wagkpz-76-1\/#primaryimage","url":"https:\/\/www.laomeister.com\/wp-content\/uploads\/2021\/05\/KPZ-76F-161125-00.jpg","contentUrl":"https:\/\/www.laomeister.com\/wp-content\/uploads\/2021\/05\/KPZ-76F-161125-00.jpg","width":416,"height":380},{"@type":"BreadcrumbList","@id":"https:\/\/www.laomeister.com\/fi\/toode\/trukkivaaka-wagkpz-76-1\/#breadcrumb","itemListElement":[{"@type":"ListItem","position":1,"name":"Home","item":"https:\/\/www.laomeister.com\/fi\/"},{"@type":"ListItem","position":2,"name":"Tuotteet","item":"https:\/\/www.laomeister.com\/fi\/tuotteet\/"},{"@type":"ListItem","position":3,"name":"Trukkivaaka WAGKPZ 76-1"}]},{"@type":"WebSite","@id":"https:\/\/www.laomeister.com\/fi\/#website","url":"https:\/\/www.laomeister.com\/fi\/","name":"Balti Laomeister","description":"Laoriiulid - m&uuml;&uuml;k ja paigaldus","potentialAction":[{"@type":"SearchAction","target":{"@type":"EntryPoint","urlTemplate":"https:\/\/www.laomeister.com\/fi\/?s={search_term_string}"},"query-input":{"@type":"PropertyValueSpecification","valueRequired":true,"valueName":"search_term_string"}}],"inLanguage":"fi"}]}},"_links":{"self":[{"href":"https:\/\/www.laomeister.com\/fi\/wp-json\/wp\/v2\/product\/36376","targetHints":{"allow":["GET"]}}],"collection":[{"href":"https:\/\/www.laomeister.com\/fi\/wp-json\/wp\/v2\/product"}],"about":[{"href":"https:\/\/www.laomeister.com\/fi\/wp-json\/wp\/v2\/types\/product"}],"wp:featuredmedia":[{"embeddable":true,"href":"https:\/\/www.laomeister.com\/fi\/wp-json\/wp\/v2\/media\/18965"}],"wp:attachment":[{"href":"https:\/\/www.laomeister.com\/fi\/wp-json\/wp\/v2\/media?parent=36376"}],"wp:term":[{"taxonomy":"product_brand","embeddable":true,"href":"https:\/\/www.laomeister.com\/fi\/wp-json\/wp\/v2\/product_brand?post=36376"},{"taxonomy":"product_cat","embeddable":true,"href":"https:\/\/www.laomeister.com\/fi\/wp-json\/wp\/v2\/product_cat?post=36376"},{"taxonomy":"product_tag","embeddable":true,"href":"https:\/\/www.laomeister.com\/fi\/wp-json\/wp\/v2\/product_tag?post=36376"}],"curies":[{"name":"wp","href":"https:\/\/api.w.org\/{rel}","templated":true}]}}