{"id":36331,"date":"2021-07-18T11:34:47","date_gmt":"2024-07-02T19:00:32","guid":{"rendered":"https:\/\/www.laomeister.com\/toode\/eurojalustan-jalat-850x800-mm-i10850\/"},"modified":"2024-07-02T22:00:32","modified_gmt":"2024-07-02T19:00:32","slug":"eurojalustan-jalat-850x800-mm-i10850","status":"publish","type":"product","link":"https:\/\/www.laomeister.com\/fi\/toode\/eurojalustan-jalat-850x800-mm-i10850\/","title":{"rendered":"Eurojalustan jalat 850&#215;800 mm, I10850"},"content":{"rendered":"","protected":false},"excerpt":{"rendered":"<p>&nbsp;<\/p>\n<div class=\"description\">\n<ul>\n<li>Eurojalustat soveltuvat sis\u00e4- ja ulkok\u00e4ytt\u00f6\u00f6n.<\/li>\n<li>Eurojaloilla saat tukevan ty\u00f6p\u00f6yd\u00e4n 20 sekunnissa.<\/li>\n<li>Eurojalat ovat mitoiltaan K x L (mm) 850&#215;800.<\/li>\n<li>Voit ty\u00f6skennell\u00e4 p\u00f6yd\u00e4n \u00e4\u00e4ress\u00e4 istuen tai seisten.<\/li>\n<li>Helppo k\u00e4ytt\u00e4\u00e4, helppo k\u00e4ytt\u00e4\u00e4.<\/li>\n<li>Valmistettu sinkityst\u00e4 metalliputkesta \u00f832 mm, sein\u00e4m\u00e4n paksuus 2 mm.<\/li>\n<li>Kantavuus 500 kg.<\/li>\n<li>Lis\u00e4varusteena on saatavana my\u00f6s py\u00f6r\u00e4sarja, koodi I19075.<\/li>\n<\/ul>\n<p>&nbsp;<\/p>\n<\/div>\n","protected":false},"featured_media":24801,"template":"","meta":[],"product_brand":[],"product_cat":[837],"product_tag":[],"class_list":{"0":"post-36331","1":"product","2":"type-product","3":"status-publish","4":"has-post-thumbnail","6":"product_cat-eurohyllyjen-jalat-ja-pvc-kannet","8":"first","9":"instock","10":"taxable","11":"shipping-taxable","12":"purchasable","13":"product-type-simple"},"yoast_head":"<!-- This site is optimized with the Yoast SEO plugin v27.3 - https:\/\/yoast.com\/product\/yoast-seo-wordpress\/ -->\n<title>Eurojalustan jalat 850x800 mm, I10850 - Balti Laomeister<\/title>\n<meta name=\"robots\" content=\"index, follow, max-snippet:-1, max-image-preview:large, max-video-preview:-1\" \/>\n<link rel=\"canonical\" href=\"https:\/\/www.laomeister.com\/fi\/toode\/eurojalustan-jalat-850x800-mm-i10850\/\" \/>\n<meta property=\"og:locale\" content=\"fi_FI\" \/>\n<meta property=\"og:type\" content=\"article\" \/>\n<meta property=\"og:title\" content=\"Eurojalustan jalat 850x800 mm, I10850 - Balti Laomeister\" \/>\n<meta property=\"og:description\" content=\"&nbsp;   Eurojalustat soveltuvat sis\u00e4- ja ulkok\u00e4ytt\u00f6\u00f6n.  Eurojaloilla saat tukevan ty\u00f6p\u00f6yd\u00e4n 20 sekunnissa.  Eurojalat ovat mitoiltaan K x L (mm) 850x800.  Voit ty\u00f6skennell\u00e4 p\u00f6yd\u00e4n \u00e4\u00e4ress\u00e4 istuen tai seisten.  Helppo k\u00e4ytt\u00e4\u00e4, helppo k\u00e4ytt\u00e4\u00e4.  Valmistettu sinkityst\u00e4 metalliputkesta \u00f832 mm, sein\u00e4m\u00e4n paksuus 2 mm.  Kantavuus 500 kg.  Lis\u00e4varusteena on saatavana my\u00f6s py\u00f6r\u00e4sarja, koodi I19075. &nbsp;\" \/>\n<meta property=\"og:url\" content=\"https:\/\/www.laomeister.com\/fi\/toode\/eurojalustan-jalat-850x800-mm-i10850\/\" \/>\n<meta property=\"og:site_name\" content=\"Balti Laomeister\" \/>\n<meta property=\"og:image\" content=\"https:\/\/www.laomeister.com\/wp-content\/uploads\/2021\/07\/euroaluse-jalad-10580_cyMVMdnP.jpg\" \/>\n\t<meta property=\"og:image:width\" content=\"500\" \/>\n\t<meta property=\"og:image:height\" content=\"500\" \/>\n\t<meta property=\"og:image:type\" content=\"image\/jpeg\" \/>\n<meta name=\"twitter:card\" content=\"summary_large_image\" \/>\n<script type=\"application\/ld+json\" class=\"yoast-schema-graph\">{\"@context\":\"https:\\\/\\\/schema.org\",\"@graph\":[{\"@type\":\"WebPage\",\"@id\":\"https:\\\/\\\/www.laomeister.com\\\/fi\\\/toode\\\/eurojalustan-jalat-850x800-mm-i10850\\\/\",\"url\":\"https:\\\/\\\/www.laomeister.com\\\/fi\\\/toode\\\/eurojalustan-jalat-850x800-mm-i10850\\\/\",\"name\":\"Eurojalustan jalat 850x800 mm, I10850 - Balti Laomeister\",\"isPartOf\":{\"@id\":\"https:\\\/\\\/www.laomeister.com\\\/fi\\\/#website\"},\"primaryImageOfPage\":{\"@id\":\"https:\\\/\\\/www.laomeister.com\\\/fi\\\/toode\\\/eurojalustan-jalat-850x800-mm-i10850\\\/#primaryimage\"},\"image\":{\"@id\":\"https:\\\/\\\/www.laomeister.com\\\/fi\\\/toode\\\/eurojalustan-jalat-850x800-mm-i10850\\\/#primaryimage\"},\"thumbnailUrl\":\"https:\\\/\\\/www.laomeister.com\\\/wp-content\\\/uploads\\\/2021\\\/07\\\/euroaluse-jalad-10580_cyMVMdnP.jpg\",\"datePublished\":\"2024-07-02T19:00:32+00:00\",\"breadcrumb\":{\"@id\":\"https:\\\/\\\/www.laomeister.com\\\/fi\\\/toode\\\/eurojalustan-jalat-850x800-mm-i10850\\\/#breadcrumb\"},\"inLanguage\":\"fi\",\"potentialAction\":[{\"@type\":\"ReadAction\",\"target\":[\"https:\\\/\\\/www.laomeister.com\\\/fi\\\/toode\\\/eurojalustan-jalat-850x800-mm-i10850\\\/\"]}]},{\"@type\":\"ImageObject\",\"inLanguage\":\"fi\",\"@id\":\"https:\\\/\\\/www.laomeister.com\\\/fi\\\/toode\\\/eurojalustan-jalat-850x800-mm-i10850\\\/#primaryimage\",\"url\":\"https:\\\/\\\/www.laomeister.com\\\/wp-content\\\/uploads\\\/2021\\\/07\\\/euroaluse-jalad-10580_cyMVMdnP.jpg\",\"contentUrl\":\"https:\\\/\\\/www.laomeister.com\\\/wp-content\\\/uploads\\\/2021\\\/07\\\/euroaluse-jalad-10580_cyMVMdnP.jpg\",\"width\":500,\"height\":500},{\"@type\":\"BreadcrumbList\",\"@id\":\"https:\\\/\\\/www.laomeister.com\\\/fi\\\/toode\\\/eurojalustan-jalat-850x800-mm-i10850\\\/#breadcrumb\",\"itemListElement\":[{\"@type\":\"ListItem\",\"position\":1,\"name\":\"Home\",\"item\":\"https:\\\/\\\/www.laomeister.com\\\/fi\\\/\"},{\"@type\":\"ListItem\",\"position\":2,\"name\":\"Tuotteet\",\"item\":\"https:\\\/\\\/www.laomeister.com\\\/fi\\\/tuotteet\\\/\"},{\"@type\":\"ListItem\",\"position\":3,\"name\":\"Eurojalustan jalat 850&#215;800 mm, I10850\"}]},{\"@type\":\"WebSite\",\"@id\":\"https:\\\/\\\/www.laomeister.com\\\/fi\\\/#website\",\"url\":\"https:\\\/\\\/www.laomeister.com\\\/fi\\\/\",\"name\":\"Balti Laomeister\",\"description\":\"Laoriiulid - m&uuml;&uuml;k ja paigaldus\",\"potentialAction\":[{\"@type\":\"SearchAction\",\"target\":{\"@type\":\"EntryPoint\",\"urlTemplate\":\"https:\\\/\\\/www.laomeister.com\\\/fi\\\/?s={search_term_string}\"},\"query-input\":{\"@type\":\"PropertyValueSpecification\",\"valueRequired\":true,\"valueName\":\"search_term_string\"}}],\"inLanguage\":\"fi\"}]}<\/script>\n<!-- \/ Yoast SEO plugin. -->","yoast_head_json":{"title":"Eurojalustan jalat 850x800 mm, I10850 - Balti Laomeister","robots":{"index":"index","follow":"follow","max-snippet":"max-snippet:-1","max-image-preview":"max-image-preview:large","max-video-preview":"max-video-preview:-1"},"canonical":"https:\/\/www.laomeister.com\/fi\/toode\/eurojalustan-jalat-850x800-mm-i10850\/","og_locale":"fi_FI","og_type":"article","og_title":"Eurojalustan jalat 850x800 mm, I10850 - Balti Laomeister","og_description":"&nbsp;   Eurojalustat soveltuvat sis\u00e4- ja ulkok\u00e4ytt\u00f6\u00f6n.  Eurojaloilla saat tukevan ty\u00f6p\u00f6yd\u00e4n 20 sekunnissa.  Eurojalat ovat mitoiltaan K x L (mm) 850x800.  Voit ty\u00f6skennell\u00e4 p\u00f6yd\u00e4n \u00e4\u00e4ress\u00e4 istuen tai seisten.  Helppo k\u00e4ytt\u00e4\u00e4, helppo k\u00e4ytt\u00e4\u00e4.  Valmistettu sinkityst\u00e4 metalliputkesta \u00f832 mm, sein\u00e4m\u00e4n paksuus 2 mm.  Kantavuus 500 kg.  Lis\u00e4varusteena on saatavana my\u00f6s py\u00f6r\u00e4sarja, koodi I19075. &nbsp;","og_url":"https:\/\/www.laomeister.com\/fi\/toode\/eurojalustan-jalat-850x800-mm-i10850\/","og_site_name":"Balti Laomeister","og_image":[{"width":500,"height":500,"url":"https:\/\/www.laomeister.com\/wp-content\/uploads\/2021\/07\/euroaluse-jalad-10580_cyMVMdnP.jpg","type":"image\/jpeg"}],"twitter_card":"summary_large_image","schema":{"@context":"https:\/\/schema.org","@graph":[{"@type":"WebPage","@id":"https:\/\/www.laomeister.com\/fi\/toode\/eurojalustan-jalat-850x800-mm-i10850\/","url":"https:\/\/www.laomeister.com\/fi\/toode\/eurojalustan-jalat-850x800-mm-i10850\/","name":"Eurojalustan jalat 850x800 mm, I10850 - Balti Laomeister","isPartOf":{"@id":"https:\/\/www.laomeister.com\/fi\/#website"},"primaryImageOfPage":{"@id":"https:\/\/www.laomeister.com\/fi\/toode\/eurojalustan-jalat-850x800-mm-i10850\/#primaryimage"},"image":{"@id":"https:\/\/www.laomeister.com\/fi\/toode\/eurojalustan-jalat-850x800-mm-i10850\/#primaryimage"},"thumbnailUrl":"https:\/\/www.laomeister.com\/wp-content\/uploads\/2021\/07\/euroaluse-jalad-10580_cyMVMdnP.jpg","datePublished":"2024-07-02T19:00:32+00:00","breadcrumb":{"@id":"https:\/\/www.laomeister.com\/fi\/toode\/eurojalustan-jalat-850x800-mm-i10850\/#breadcrumb"},"inLanguage":"fi","potentialAction":[{"@type":"ReadAction","target":["https:\/\/www.laomeister.com\/fi\/toode\/eurojalustan-jalat-850x800-mm-i10850\/"]}]},{"@type":"ImageObject","inLanguage":"fi","@id":"https:\/\/www.laomeister.com\/fi\/toode\/eurojalustan-jalat-850x800-mm-i10850\/#primaryimage","url":"https:\/\/www.laomeister.com\/wp-content\/uploads\/2021\/07\/euroaluse-jalad-10580_cyMVMdnP.jpg","contentUrl":"https:\/\/www.laomeister.com\/wp-content\/uploads\/2021\/07\/euroaluse-jalad-10580_cyMVMdnP.jpg","width":500,"height":500},{"@type":"BreadcrumbList","@id":"https:\/\/www.laomeister.com\/fi\/toode\/eurojalustan-jalat-850x800-mm-i10850\/#breadcrumb","itemListElement":[{"@type":"ListItem","position":1,"name":"Home","item":"https:\/\/www.laomeister.com\/fi\/"},{"@type":"ListItem","position":2,"name":"Tuotteet","item":"https:\/\/www.laomeister.com\/fi\/tuotteet\/"},{"@type":"ListItem","position":3,"name":"Eurojalustan jalat 850&#215;800 mm, I10850"}]},{"@type":"WebSite","@id":"https:\/\/www.laomeister.com\/fi\/#website","url":"https:\/\/www.laomeister.com\/fi\/","name":"Balti Laomeister","description":"Laoriiulid - m&uuml;&uuml;k ja paigaldus","potentialAction":[{"@type":"SearchAction","target":{"@type":"EntryPoint","urlTemplate":"https:\/\/www.laomeister.com\/fi\/?s={search_term_string}"},"query-input":{"@type":"PropertyValueSpecification","valueRequired":true,"valueName":"search_term_string"}}],"inLanguage":"fi"}]}},"_links":{"self":[{"href":"https:\/\/www.laomeister.com\/fi\/wp-json\/wp\/v2\/product\/36331","targetHints":{"allow":["GET"]}}],"collection":[{"href":"https:\/\/www.laomeister.com\/fi\/wp-json\/wp\/v2\/product"}],"about":[{"href":"https:\/\/www.laomeister.com\/fi\/wp-json\/wp\/v2\/types\/product"}],"wp:featuredmedia":[{"embeddable":true,"href":"https:\/\/www.laomeister.com\/fi\/wp-json\/wp\/v2\/media\/24801"}],"wp:attachment":[{"href":"https:\/\/www.laomeister.com\/fi\/wp-json\/wp\/v2\/media?parent=36331"}],"wp:term":[{"taxonomy":"product_brand","embeddable":true,"href":"https:\/\/www.laomeister.com\/fi\/wp-json\/wp\/v2\/product_brand?post=36331"},{"taxonomy":"product_cat","embeddable":true,"href":"https:\/\/www.laomeister.com\/fi\/wp-json\/wp\/v2\/product_cat?post=36331"},{"taxonomy":"product_tag","embeddable":true,"href":"https:\/\/www.laomeister.com\/fi\/wp-json\/wp\/v2\/product_tag?post=36331"}],"curies":[{"name":"wp","href":"https:\/\/api.w.org\/{rel}","templated":true}]}}