{"id":36325,"date":"2021-07-18T11:29:35","date_gmt":"2024-07-02T19:00:28","guid":{"rendered":"https:\/\/www.laomeister.com\/toode\/swed-1400-rengasteline-ja-modulaarinen-teline-yhdessa-1-lokero-3-tasoa-i72181\/"},"modified":"2024-07-02T22:00:28","modified_gmt":"2024-07-02T19:00:28","slug":"swed-1400-rengasteline-ja-modulaarinen-teline-yhdessa-1-lokero-3-tasoa-i72181","status":"publish","type":"product","link":"https:\/\/www.laomeister.com\/fi\/toode\/swed-1400-rengasteline-ja-modulaarinen-teline-yhdessa-1-lokero-3-tasoa-i72181\/","title":{"rendered":"SWED 1400 rengasteline ja modulaarinen teline yhdess\u00e4, 1 lokero, 3 tasoa, I72181"},"content":{"rendered":"","protected":false},"excerpt":{"rendered":"<p>Korkeus 2400 m<\/p>\n<p>Syvyys 450 mm<\/p>\n<p>Leveys 1400 mm<\/p>\n<p>Vapaa tila tasojen v\u00e4lill\u00e4 1320 mm<\/p>\n<p>Kokonaiskantavuus 300 kg<\/p>\n<p>Hyllyn paino 27 kg<\/p>\n<p>V\u00e4ri: kulutuspinnat harmaa RAL7016, renkaiden helmat harmaa RAL7042.<\/p>\n<p>Erikseen saatavana hyllyt I72182 24+km kpl.<\/p>\n<p>toimitetaan osina<\/p>\n<p>&nbsp;<\/p>\n","protected":false},"featured_media":24787,"template":"","meta":[],"product_brand":[],"product_cat":[398],"product_tag":[],"class_list":{"0":"post-36325","1":"product","2":"type-product","3":"status-publish","4":"has-post-thumbnail","6":"product_cat-garaazhi-ja-panipaika-fi","8":"first","9":"instock","10":"taxable","11":"shipping-taxable","12":"purchasable","13":"product-type-simple"},"yoast_head":"<!-- This site is optimized with the Yoast SEO plugin v27.3 - https:\/\/yoast.com\/product\/yoast-seo-wordpress\/ -->\n<title>SWED 1400 rengasteline ja modulaarinen teline yhdess\u00e4, 1 lokero, 3 tasoa, I72181 - Balti Laomeister<\/title>\n<meta name=\"robots\" content=\"index, follow, max-snippet:-1, max-image-preview:large, max-video-preview:-1\" \/>\n<link rel=\"canonical\" href=\"https:\/\/www.laomeister.com\/fi\/toode\/swed-1400-rengasteline-ja-modulaarinen-teline-yhdessa-1-lokero-3-tasoa-i72181\/\" \/>\n<meta property=\"og:locale\" content=\"fi_FI\" \/>\n<meta property=\"og:type\" content=\"article\" \/>\n<meta property=\"og:title\" content=\"SWED 1400 rengasteline ja modulaarinen teline yhdess\u00e4, 1 lokero, 3 tasoa, I72181 - Balti Laomeister\" \/>\n<meta property=\"og:description\" content=\"Korkeus 2400 m Syvyys 450 mm Leveys 1400 mm Vapaa tila tasojen v\u00e4lill\u00e4 1320 mm Kokonaiskantavuus 300 kg Hyllyn paino 27 kg V\u00e4ri: kulutuspinnat harmaa RAL7016, renkaiden helmat harmaa RAL7042. Erikseen saatavana hyllyt I72182 24+km kpl. toimitetaan osina &nbsp;\" \/>\n<meta property=\"og:url\" content=\"https:\/\/www.laomeister.com\/fi\/toode\/swed-1400-rengasteline-ja-modulaarinen-teline-yhdessa-1-lokero-3-tasoa-i72181\/\" \/>\n<meta property=\"og:site_name\" content=\"Balti Laomeister\" \/>\n<meta property=\"og:image\" content=\"https:\/\/www.laomeister.com\/wp-content\/uploads\/2021\/07\/4050072183-001_fullsize-1.jpg\" \/>\n\t<meta property=\"og:image:width\" content=\"1200\" \/>\n\t<meta property=\"og:image:height\" content=\"1764\" \/>\n\t<meta property=\"og:image:type\" content=\"image\/jpeg\" \/>\n<meta name=\"twitter:card\" content=\"summary_large_image\" \/>\n<script type=\"application\/ld+json\" class=\"yoast-schema-graph\">{\"@context\":\"https:\\\/\\\/schema.org\",\"@graph\":[{\"@type\":\"WebPage\",\"@id\":\"https:\\\/\\\/www.laomeister.com\\\/fi\\\/toode\\\/swed-1400-rengasteline-ja-modulaarinen-teline-yhdessa-1-lokero-3-tasoa-i72181\\\/\",\"url\":\"https:\\\/\\\/www.laomeister.com\\\/fi\\\/toode\\\/swed-1400-rengasteline-ja-modulaarinen-teline-yhdessa-1-lokero-3-tasoa-i72181\\\/\",\"name\":\"SWED 1400 rengasteline ja modulaarinen teline yhdess\u00e4, 1 lokero, 3 tasoa, I72181 - Balti Laomeister\",\"isPartOf\":{\"@id\":\"https:\\\/\\\/www.laomeister.com\\\/fi\\\/#website\"},\"primaryImageOfPage\":{\"@id\":\"https:\\\/\\\/www.laomeister.com\\\/fi\\\/toode\\\/swed-1400-rengasteline-ja-modulaarinen-teline-yhdessa-1-lokero-3-tasoa-i72181\\\/#primaryimage\"},\"image\":{\"@id\":\"https:\\\/\\\/www.laomeister.com\\\/fi\\\/toode\\\/swed-1400-rengasteline-ja-modulaarinen-teline-yhdessa-1-lokero-3-tasoa-i72181\\\/#primaryimage\"},\"thumbnailUrl\":\"https:\\\/\\\/www.laomeister.com\\\/wp-content\\\/uploads\\\/2021\\\/07\\\/4050072183-001_fullsize-1.jpg\",\"datePublished\":\"2024-07-02T19:00:28+00:00\",\"breadcrumb\":{\"@id\":\"https:\\\/\\\/www.laomeister.com\\\/fi\\\/toode\\\/swed-1400-rengasteline-ja-modulaarinen-teline-yhdessa-1-lokero-3-tasoa-i72181\\\/#breadcrumb\"},\"inLanguage\":\"fi\",\"potentialAction\":[{\"@type\":\"ReadAction\",\"target\":[\"https:\\\/\\\/www.laomeister.com\\\/fi\\\/toode\\\/swed-1400-rengasteline-ja-modulaarinen-teline-yhdessa-1-lokero-3-tasoa-i72181\\\/\"]}]},{\"@type\":\"ImageObject\",\"inLanguage\":\"fi\",\"@id\":\"https:\\\/\\\/www.laomeister.com\\\/fi\\\/toode\\\/swed-1400-rengasteline-ja-modulaarinen-teline-yhdessa-1-lokero-3-tasoa-i72181\\\/#primaryimage\",\"url\":\"https:\\\/\\\/www.laomeister.com\\\/wp-content\\\/uploads\\\/2021\\\/07\\\/4050072183-001_fullsize-1.jpg\",\"contentUrl\":\"https:\\\/\\\/www.laomeister.com\\\/wp-content\\\/uploads\\\/2021\\\/07\\\/4050072183-001_fullsize-1.jpg\",\"width\":1200,\"height\":1764},{\"@type\":\"BreadcrumbList\",\"@id\":\"https:\\\/\\\/www.laomeister.com\\\/fi\\\/toode\\\/swed-1400-rengasteline-ja-modulaarinen-teline-yhdessa-1-lokero-3-tasoa-i72181\\\/#breadcrumb\",\"itemListElement\":[{\"@type\":\"ListItem\",\"position\":1,\"name\":\"Home\",\"item\":\"https:\\\/\\\/www.laomeister.com\\\/fi\\\/\"},{\"@type\":\"ListItem\",\"position\":2,\"name\":\"Tuotteet\",\"item\":\"https:\\\/\\\/www.laomeister.com\\\/fi\\\/tuotteet\\\/\"},{\"@type\":\"ListItem\",\"position\":3,\"name\":\"SWED 1400 rengasteline ja modulaarinen teline yhdess\u00e4, 1 lokero, 3 tasoa, I72181\"}]},{\"@type\":\"WebSite\",\"@id\":\"https:\\\/\\\/www.laomeister.com\\\/fi\\\/#website\",\"url\":\"https:\\\/\\\/www.laomeister.com\\\/fi\\\/\",\"name\":\"Balti Laomeister\",\"description\":\"Laoriiulid - m&uuml;&uuml;k ja paigaldus\",\"potentialAction\":[{\"@type\":\"SearchAction\",\"target\":{\"@type\":\"EntryPoint\",\"urlTemplate\":\"https:\\\/\\\/www.laomeister.com\\\/fi\\\/?s={search_term_string}\"},\"query-input\":{\"@type\":\"PropertyValueSpecification\",\"valueRequired\":true,\"valueName\":\"search_term_string\"}}],\"inLanguage\":\"fi\"}]}<\/script>\n<!-- \/ Yoast SEO plugin. -->","yoast_head_json":{"title":"SWED 1400 rengasteline ja modulaarinen teline yhdess\u00e4, 1 lokero, 3 tasoa, I72181 - Balti Laomeister","robots":{"index":"index","follow":"follow","max-snippet":"max-snippet:-1","max-image-preview":"max-image-preview:large","max-video-preview":"max-video-preview:-1"},"canonical":"https:\/\/www.laomeister.com\/fi\/toode\/swed-1400-rengasteline-ja-modulaarinen-teline-yhdessa-1-lokero-3-tasoa-i72181\/","og_locale":"fi_FI","og_type":"article","og_title":"SWED 1400 rengasteline ja modulaarinen teline yhdess\u00e4, 1 lokero, 3 tasoa, I72181 - Balti Laomeister","og_description":"Korkeus 2400 m Syvyys 450 mm Leveys 1400 mm Vapaa tila tasojen v\u00e4lill\u00e4 1320 mm Kokonaiskantavuus 300 kg Hyllyn paino 27 kg V\u00e4ri: kulutuspinnat harmaa RAL7016, renkaiden helmat harmaa RAL7042. Erikseen saatavana hyllyt I72182 24+km kpl. toimitetaan osina &nbsp;","og_url":"https:\/\/www.laomeister.com\/fi\/toode\/swed-1400-rengasteline-ja-modulaarinen-teline-yhdessa-1-lokero-3-tasoa-i72181\/","og_site_name":"Balti Laomeister","og_image":[{"width":1200,"height":1764,"url":"https:\/\/www.laomeister.com\/wp-content\/uploads\/2021\/07\/4050072183-001_fullsize-1.jpg","type":"image\/jpeg"}],"twitter_card":"summary_large_image","schema":{"@context":"https:\/\/schema.org","@graph":[{"@type":"WebPage","@id":"https:\/\/www.laomeister.com\/fi\/toode\/swed-1400-rengasteline-ja-modulaarinen-teline-yhdessa-1-lokero-3-tasoa-i72181\/","url":"https:\/\/www.laomeister.com\/fi\/toode\/swed-1400-rengasteline-ja-modulaarinen-teline-yhdessa-1-lokero-3-tasoa-i72181\/","name":"SWED 1400 rengasteline ja modulaarinen teline yhdess\u00e4, 1 lokero, 3 tasoa, I72181 - Balti Laomeister","isPartOf":{"@id":"https:\/\/www.laomeister.com\/fi\/#website"},"primaryImageOfPage":{"@id":"https:\/\/www.laomeister.com\/fi\/toode\/swed-1400-rengasteline-ja-modulaarinen-teline-yhdessa-1-lokero-3-tasoa-i72181\/#primaryimage"},"image":{"@id":"https:\/\/www.laomeister.com\/fi\/toode\/swed-1400-rengasteline-ja-modulaarinen-teline-yhdessa-1-lokero-3-tasoa-i72181\/#primaryimage"},"thumbnailUrl":"https:\/\/www.laomeister.com\/wp-content\/uploads\/2021\/07\/4050072183-001_fullsize-1.jpg","datePublished":"2024-07-02T19:00:28+00:00","breadcrumb":{"@id":"https:\/\/www.laomeister.com\/fi\/toode\/swed-1400-rengasteline-ja-modulaarinen-teline-yhdessa-1-lokero-3-tasoa-i72181\/#breadcrumb"},"inLanguage":"fi","potentialAction":[{"@type":"ReadAction","target":["https:\/\/www.laomeister.com\/fi\/toode\/swed-1400-rengasteline-ja-modulaarinen-teline-yhdessa-1-lokero-3-tasoa-i72181\/"]}]},{"@type":"ImageObject","inLanguage":"fi","@id":"https:\/\/www.laomeister.com\/fi\/toode\/swed-1400-rengasteline-ja-modulaarinen-teline-yhdessa-1-lokero-3-tasoa-i72181\/#primaryimage","url":"https:\/\/www.laomeister.com\/wp-content\/uploads\/2021\/07\/4050072183-001_fullsize-1.jpg","contentUrl":"https:\/\/www.laomeister.com\/wp-content\/uploads\/2021\/07\/4050072183-001_fullsize-1.jpg","width":1200,"height":1764},{"@type":"BreadcrumbList","@id":"https:\/\/www.laomeister.com\/fi\/toode\/swed-1400-rengasteline-ja-modulaarinen-teline-yhdessa-1-lokero-3-tasoa-i72181\/#breadcrumb","itemListElement":[{"@type":"ListItem","position":1,"name":"Home","item":"https:\/\/www.laomeister.com\/fi\/"},{"@type":"ListItem","position":2,"name":"Tuotteet","item":"https:\/\/www.laomeister.com\/fi\/tuotteet\/"},{"@type":"ListItem","position":3,"name":"SWED 1400 rengasteline ja modulaarinen teline yhdess\u00e4, 1 lokero, 3 tasoa, I72181"}]},{"@type":"WebSite","@id":"https:\/\/www.laomeister.com\/fi\/#website","url":"https:\/\/www.laomeister.com\/fi\/","name":"Balti Laomeister","description":"Laoriiulid - m&uuml;&uuml;k ja paigaldus","potentialAction":[{"@type":"SearchAction","target":{"@type":"EntryPoint","urlTemplate":"https:\/\/www.laomeister.com\/fi\/?s={search_term_string}"},"query-input":{"@type":"PropertyValueSpecification","valueRequired":true,"valueName":"search_term_string"}}],"inLanguage":"fi"}]}},"_links":{"self":[{"href":"https:\/\/www.laomeister.com\/fi\/wp-json\/wp\/v2\/product\/36325","targetHints":{"allow":["GET"]}}],"collection":[{"href":"https:\/\/www.laomeister.com\/fi\/wp-json\/wp\/v2\/product"}],"about":[{"href":"https:\/\/www.laomeister.com\/fi\/wp-json\/wp\/v2\/types\/product"}],"wp:featuredmedia":[{"embeddable":true,"href":"https:\/\/www.laomeister.com\/fi\/wp-json\/wp\/v2\/media\/24787"}],"wp:attachment":[{"href":"https:\/\/www.laomeister.com\/fi\/wp-json\/wp\/v2\/media?parent=36325"}],"wp:term":[{"taxonomy":"product_brand","embeddable":true,"href":"https:\/\/www.laomeister.com\/fi\/wp-json\/wp\/v2\/product_brand?post=36325"},{"taxonomy":"product_cat","embeddable":true,"href":"https:\/\/www.laomeister.com\/fi\/wp-json\/wp\/v2\/product_cat?post=36325"},{"taxonomy":"product_tag","embeddable":true,"href":"https:\/\/www.laomeister.com\/fi\/wp-json\/wp\/v2\/product_tag?post=36325"}],"curies":[{"name":"wp","href":"https:\/\/api.w.org\/{rel}","templated":true}]}}