{"id":35996,"date":"2023-08-29T15:06:55","date_gmt":"2024-07-02T17:24:57","guid":{"rendered":"https:\/\/www.laomeister.com\/toode\/toimistotyopoyta-prmto-1200x700mm-pahkinapuu-tumma-tummanharmaa\/"},"modified":"2024-07-02T20:24:57","modified_gmt":"2024-07-02T17:24:57","slug":"toimistotyopoyta-prmto-1200x700mm-pahkinapuu-tumma-tummanharmaa","status":"publish","type":"product","link":"https:\/\/www.laomeister.com\/fi\/toode\/toimistotyopoyta-prmto-1200x700mm-pahkinapuu-tumma-tummanharmaa\/","title":{"rendered":"Toimistoty\u00f6p\u00f6yt\u00e4 PRMTO 1200x700mm, p\u00e4hkin\u00e4puu tumma\/tummanharmaa"},"content":{"rendered":"","protected":false},"excerpt":{"rendered":"<ul class=\"s5 s6 ma c9 ca cb cc s7 mv\">\n<li class=\"mv bu c mt\"><span class=\"hd w\">Leveys: <\/span><span class=\"\">1200 mm<\/span><\/li>\n<li class=\"mv bu c mt\"><span class=\"hd w\">Syvyys: 70<\/span><span class=\"\">0 mm<\/span><\/li>\n<li>Korkeus<span class=\"hd w\">: 750 mm<\/span><\/li>\n<li><span class=\"hd w\">P\u00f6yt\u00e4levyn paksuus: <\/span><span class=\"\">22 mm<\/span><\/li>\n<li class=\"mv bu c mt\"><span class=\"hd w\">P\u00f6yd\u00e4n pinta: <\/span><span class=\"\">Vasen\/Parem<\/span><\/li>\n<li class=\"mv bu c mt\"><span class=\"hd w\">Kehys: <\/span><span class=\"\">metalli, jauhemaalattu<\/span><\/li>\n<li class=\"mv bu c mt\"><span class=\"hd w\">P\u00f6yt\u00e4levyn v\u00e4ri: Tumma p\u00e4hkin\u00e4puu<\/span><\/li>\n<li class=\"mv bu c mt\"><span class=\"hd w\">P\u00f6yt\u00e4levyn materiaali: <\/span><span class=\"\">Laminaatti<\/span><\/li>\n<li class=\"mv bu c mt\"><span class=\"hd w\">Rungon v\u00e4ri: <\/span><span class=\"\">V\u00e4ri: Tummanharmaa <\/span> <\/li>\n<li class=\"mv bu c mt\"><span class=\"hd w\">Rungon v\u00e4rikoodi: <\/span><span class=\"\">RAL 7016<\/span><\/li>\n<li class=\"mv bu c mt\"><span class=\"hd w\">Kantavuus: <\/span><span class=\"\">100 kg<\/span><\/li>\n<li class=\"mv bu c mt\"><span class=\"hd w\">Paino: 30<\/span><span class=\"\"> kg<\/span><\/li>\n<li class=\"mv bu c mt\"><span class=\"hd w\">Kokoaminen: <\/span><span class=\"\">Toimitetaan yksityiskohtaisesti<\/span><\/li>\n<\/ul>\n","protected":false},"featured_media":32201,"template":"","meta":[],"product_brand":[],"product_cat":[972],"product_tag":[],"class_list":{"0":"post-35996","1":"product","2":"type-product","3":"status-publish","4":"has-post-thumbnail","6":"product_cat-l-ja-t-riiul","8":"first","9":"instock","10":"taxable","11":"shipping-taxable","12":"purchasable","13":"product-type-simple"},"yoast_head":"<!-- This site is optimized with the Yoast SEO plugin v27.3 - https:\/\/yoast.com\/product\/yoast-seo-wordpress\/ -->\n<title>Toimistoty\u00f6p\u00f6yt\u00e4 PRMTO 1200x700mm, p\u00e4hkin\u00e4puu tumma\/tummanharmaa - Balti Laomeister<\/title>\n<meta name=\"robots\" content=\"index, follow, max-snippet:-1, max-image-preview:large, max-video-preview:-1\" \/>\n<link rel=\"canonical\" href=\"https:\/\/www.laomeister.com\/fi\/toode\/toimistotyopoyta-prmto-1200x700mm-pahkinapuu-tumma-tummanharmaa\/\" \/>\n<meta property=\"og:locale\" content=\"fi_FI\" \/>\n<meta property=\"og:type\" content=\"article\" \/>\n<meta property=\"og:title\" content=\"Toimistoty\u00f6p\u00f6yt\u00e4 PRMTO 1200x700mm, p\u00e4hkin\u00e4puu tumma\/tummanharmaa - Balti Laomeister\" \/>\n<meta property=\"og:description\" content=\"Leveys: 1200 mm  Syvyys: 700 mm  Korkeus: 750 mm  P\u00f6yt\u00e4levyn paksuus: 22 mm  P\u00f6yd\u00e4n pinta: Vasen\/Parem  Kehys: metalli, jauhemaalattu  P\u00f6yt\u00e4levyn v\u00e4ri: Tumma p\u00e4hkin\u00e4puu  P\u00f6yt\u00e4levyn materiaali: Laminaatti  Rungon v\u00e4ri: V\u00e4ri: Tummanharmaa   Rungon v\u00e4rikoodi: RAL 7016  Kantavuus: 100 kg  Paino: 30 kg  Kokoaminen: Toimitetaan yksityiskohtaisesti\" \/>\n<meta property=\"og:url\" content=\"https:\/\/www.laomeister.com\/fi\/toode\/toimistotyopoyta-prmto-1200x700mm-pahkinapuu-tumma-tummanharmaa\/\" \/>\n<meta property=\"og:site_name\" content=\"Balti Laomeister\" \/>\n<meta property=\"og:image\" content=\"https:\/\/www.laomeister.com\/wp-content\/uploads\/2023\/08\/3.jpeg\" \/>\n\t<meta property=\"og:image:width\" content=\"1024\" \/>\n\t<meta property=\"og:image:height\" content=\"768\" \/>\n\t<meta property=\"og:image:type\" content=\"image\/jpeg\" \/>\n<meta name=\"twitter:card\" content=\"summary_large_image\" \/>\n<script type=\"application\/ld+json\" class=\"yoast-schema-graph\">{\"@context\":\"https:\\\/\\\/schema.org\",\"@graph\":[{\"@type\":\"WebPage\",\"@id\":\"https:\\\/\\\/www.laomeister.com\\\/fi\\\/toode\\\/toimistotyopoyta-prmto-1200x700mm-pahkinapuu-tumma-tummanharmaa\\\/\",\"url\":\"https:\\\/\\\/www.laomeister.com\\\/fi\\\/toode\\\/toimistotyopoyta-prmto-1200x700mm-pahkinapuu-tumma-tummanharmaa\\\/\",\"name\":\"Toimistoty\u00f6p\u00f6yt\u00e4 PRMTO 1200x700mm, p\u00e4hkin\u00e4puu tumma\\\/tummanharmaa - Balti Laomeister\",\"isPartOf\":{\"@id\":\"https:\\\/\\\/www.laomeister.com\\\/fi\\\/#website\"},\"primaryImageOfPage\":{\"@id\":\"https:\\\/\\\/www.laomeister.com\\\/fi\\\/toode\\\/toimistotyopoyta-prmto-1200x700mm-pahkinapuu-tumma-tummanharmaa\\\/#primaryimage\"},\"image\":{\"@id\":\"https:\\\/\\\/www.laomeister.com\\\/fi\\\/toode\\\/toimistotyopoyta-prmto-1200x700mm-pahkinapuu-tumma-tummanharmaa\\\/#primaryimage\"},\"thumbnailUrl\":\"https:\\\/\\\/www.laomeister.com\\\/wp-content\\\/uploads\\\/2023\\\/08\\\/3.jpeg\",\"datePublished\":\"2024-07-02T17:24:57+00:00\",\"breadcrumb\":{\"@id\":\"https:\\\/\\\/www.laomeister.com\\\/fi\\\/toode\\\/toimistotyopoyta-prmto-1200x700mm-pahkinapuu-tumma-tummanharmaa\\\/#breadcrumb\"},\"inLanguage\":\"fi\",\"potentialAction\":[{\"@type\":\"ReadAction\",\"target\":[\"https:\\\/\\\/www.laomeister.com\\\/fi\\\/toode\\\/toimistotyopoyta-prmto-1200x700mm-pahkinapuu-tumma-tummanharmaa\\\/\"]}]},{\"@type\":\"ImageObject\",\"inLanguage\":\"fi\",\"@id\":\"https:\\\/\\\/www.laomeister.com\\\/fi\\\/toode\\\/toimistotyopoyta-prmto-1200x700mm-pahkinapuu-tumma-tummanharmaa\\\/#primaryimage\",\"url\":\"https:\\\/\\\/www.laomeister.com\\\/wp-content\\\/uploads\\\/2023\\\/08\\\/3.jpeg\",\"contentUrl\":\"https:\\\/\\\/www.laomeister.com\\\/wp-content\\\/uploads\\\/2023\\\/08\\\/3.jpeg\",\"width\":1024,\"height\":768},{\"@type\":\"BreadcrumbList\",\"@id\":\"https:\\\/\\\/www.laomeister.com\\\/fi\\\/toode\\\/toimistotyopoyta-prmto-1200x700mm-pahkinapuu-tumma-tummanharmaa\\\/#breadcrumb\",\"itemListElement\":[{\"@type\":\"ListItem\",\"position\":1,\"name\":\"Home\",\"item\":\"https:\\\/\\\/www.laomeister.com\\\/fi\\\/\"},{\"@type\":\"ListItem\",\"position\":2,\"name\":\"Tuotteet\",\"item\":\"https:\\\/\\\/www.laomeister.com\\\/fi\\\/tuotteet\\\/\"},{\"@type\":\"ListItem\",\"position\":3,\"name\":\"Toimistoty\u00f6p\u00f6yt\u00e4 PRMTO 1200x700mm, p\u00e4hkin\u00e4puu tumma\\\/tummanharmaa\"}]},{\"@type\":\"WebSite\",\"@id\":\"https:\\\/\\\/www.laomeister.com\\\/fi\\\/#website\",\"url\":\"https:\\\/\\\/www.laomeister.com\\\/fi\\\/\",\"name\":\"Balti Laomeister\",\"description\":\"Laoriiulid - m&uuml;&uuml;k ja paigaldus\",\"potentialAction\":[{\"@type\":\"SearchAction\",\"target\":{\"@type\":\"EntryPoint\",\"urlTemplate\":\"https:\\\/\\\/www.laomeister.com\\\/fi\\\/?s={search_term_string}\"},\"query-input\":{\"@type\":\"PropertyValueSpecification\",\"valueRequired\":true,\"valueName\":\"search_term_string\"}}],\"inLanguage\":\"fi\"}]}<\/script>\n<!-- \/ Yoast SEO plugin. -->","yoast_head_json":{"title":"Toimistoty\u00f6p\u00f6yt\u00e4 PRMTO 1200x700mm, p\u00e4hkin\u00e4puu tumma\/tummanharmaa - Balti Laomeister","robots":{"index":"index","follow":"follow","max-snippet":"max-snippet:-1","max-image-preview":"max-image-preview:large","max-video-preview":"max-video-preview:-1"},"canonical":"https:\/\/www.laomeister.com\/fi\/toode\/toimistotyopoyta-prmto-1200x700mm-pahkinapuu-tumma-tummanharmaa\/","og_locale":"fi_FI","og_type":"article","og_title":"Toimistoty\u00f6p\u00f6yt\u00e4 PRMTO 1200x700mm, p\u00e4hkin\u00e4puu tumma\/tummanharmaa - Balti Laomeister","og_description":"Leveys: 1200 mm  Syvyys: 700 mm  Korkeus: 750 mm  P\u00f6yt\u00e4levyn paksuus: 22 mm  P\u00f6yd\u00e4n pinta: Vasen\/Parem  Kehys: metalli, jauhemaalattu  P\u00f6yt\u00e4levyn v\u00e4ri: Tumma p\u00e4hkin\u00e4puu  P\u00f6yt\u00e4levyn materiaali: Laminaatti  Rungon v\u00e4ri: V\u00e4ri: Tummanharmaa   Rungon v\u00e4rikoodi: RAL 7016  Kantavuus: 100 kg  Paino: 30 kg  Kokoaminen: Toimitetaan yksityiskohtaisesti","og_url":"https:\/\/www.laomeister.com\/fi\/toode\/toimistotyopoyta-prmto-1200x700mm-pahkinapuu-tumma-tummanharmaa\/","og_site_name":"Balti Laomeister","og_image":[{"width":1024,"height":768,"url":"https:\/\/www.laomeister.com\/wp-content\/uploads\/2023\/08\/3.jpeg","type":"image\/jpeg"}],"twitter_card":"summary_large_image","schema":{"@context":"https:\/\/schema.org","@graph":[{"@type":"WebPage","@id":"https:\/\/www.laomeister.com\/fi\/toode\/toimistotyopoyta-prmto-1200x700mm-pahkinapuu-tumma-tummanharmaa\/","url":"https:\/\/www.laomeister.com\/fi\/toode\/toimistotyopoyta-prmto-1200x700mm-pahkinapuu-tumma-tummanharmaa\/","name":"Toimistoty\u00f6p\u00f6yt\u00e4 PRMTO 1200x700mm, p\u00e4hkin\u00e4puu tumma\/tummanharmaa - Balti Laomeister","isPartOf":{"@id":"https:\/\/www.laomeister.com\/fi\/#website"},"primaryImageOfPage":{"@id":"https:\/\/www.laomeister.com\/fi\/toode\/toimistotyopoyta-prmto-1200x700mm-pahkinapuu-tumma-tummanharmaa\/#primaryimage"},"image":{"@id":"https:\/\/www.laomeister.com\/fi\/toode\/toimistotyopoyta-prmto-1200x700mm-pahkinapuu-tumma-tummanharmaa\/#primaryimage"},"thumbnailUrl":"https:\/\/www.laomeister.com\/wp-content\/uploads\/2023\/08\/3.jpeg","datePublished":"2024-07-02T17:24:57+00:00","breadcrumb":{"@id":"https:\/\/www.laomeister.com\/fi\/toode\/toimistotyopoyta-prmto-1200x700mm-pahkinapuu-tumma-tummanharmaa\/#breadcrumb"},"inLanguage":"fi","potentialAction":[{"@type":"ReadAction","target":["https:\/\/www.laomeister.com\/fi\/toode\/toimistotyopoyta-prmto-1200x700mm-pahkinapuu-tumma-tummanharmaa\/"]}]},{"@type":"ImageObject","inLanguage":"fi","@id":"https:\/\/www.laomeister.com\/fi\/toode\/toimistotyopoyta-prmto-1200x700mm-pahkinapuu-tumma-tummanharmaa\/#primaryimage","url":"https:\/\/www.laomeister.com\/wp-content\/uploads\/2023\/08\/3.jpeg","contentUrl":"https:\/\/www.laomeister.com\/wp-content\/uploads\/2023\/08\/3.jpeg","width":1024,"height":768},{"@type":"BreadcrumbList","@id":"https:\/\/www.laomeister.com\/fi\/toode\/toimistotyopoyta-prmto-1200x700mm-pahkinapuu-tumma-tummanharmaa\/#breadcrumb","itemListElement":[{"@type":"ListItem","position":1,"name":"Home","item":"https:\/\/www.laomeister.com\/fi\/"},{"@type":"ListItem","position":2,"name":"Tuotteet","item":"https:\/\/www.laomeister.com\/fi\/tuotteet\/"},{"@type":"ListItem","position":3,"name":"Toimistoty\u00f6p\u00f6yt\u00e4 PRMTO 1200x700mm, p\u00e4hkin\u00e4puu tumma\/tummanharmaa"}]},{"@type":"WebSite","@id":"https:\/\/www.laomeister.com\/fi\/#website","url":"https:\/\/www.laomeister.com\/fi\/","name":"Balti Laomeister","description":"Laoriiulid - m&uuml;&uuml;k ja paigaldus","potentialAction":[{"@type":"SearchAction","target":{"@type":"EntryPoint","urlTemplate":"https:\/\/www.laomeister.com\/fi\/?s={search_term_string}"},"query-input":{"@type":"PropertyValueSpecification","valueRequired":true,"valueName":"search_term_string"}}],"inLanguage":"fi"}]}},"_links":{"self":[{"href":"https:\/\/www.laomeister.com\/fi\/wp-json\/wp\/v2\/product\/35996","targetHints":{"allow":["GET"]}}],"collection":[{"href":"https:\/\/www.laomeister.com\/fi\/wp-json\/wp\/v2\/product"}],"about":[{"href":"https:\/\/www.laomeister.com\/fi\/wp-json\/wp\/v2\/types\/product"}],"wp:featuredmedia":[{"embeddable":true,"href":"https:\/\/www.laomeister.com\/fi\/wp-json\/wp\/v2\/media\/32201"}],"wp:attachment":[{"href":"https:\/\/www.laomeister.com\/fi\/wp-json\/wp\/v2\/media?parent=35996"}],"wp:term":[{"taxonomy":"product_brand","embeddable":true,"href":"https:\/\/www.laomeister.com\/fi\/wp-json\/wp\/v2\/product_brand?post=35996"},{"taxonomy":"product_cat","embeddable":true,"href":"https:\/\/www.laomeister.com\/fi\/wp-json\/wp\/v2\/product_cat?post=35996"},{"taxonomy":"product_tag","embeddable":true,"href":"https:\/\/www.laomeister.com\/fi\/wp-json\/wp\/v2\/product_tag?post=35996"}],"curies":[{"name":"wp","href":"https:\/\/api.w.org\/{rel}","templated":true}]}}