{"id":35675,"date":"2023-08-30T10:34:42","date_gmt":"2024-07-02T17:16:52","guid":{"rendered":"https:\/\/www.laomeister.com\/toode\/toimistokaappi-prmv-2080-2k-2030x800x420-mm-tumma-pahkinapuu-himmea-lasi\/"},"modified":"2024-07-02T20:16:52","modified_gmt":"2024-07-02T17:16:52","slug":"toimistokaappi-prmv-2080-2k-2030x800x420-mm-tumma-pahkinapuu-himmea-lasi","status":"publish","type":"product","link":"https:\/\/www.laomeister.com\/fi\/toode\/toimistokaappi-prmv-2080-2k-2030x800x420-mm-tumma-pahkinapuu-himmea-lasi\/","title":{"rendered":"Toimistokaappi PRMV 2080\/2K, 2030x800x420 mm, tumma p\u00e4hkin\u00e4puu, himme\u00e4 lasi"},"content":{"rendered":"","protected":false},"excerpt":{"rendered":"<ul class=\"rt ru ix c9 ca cb cc rv j1\">\n<li class=\"j1 bu c iy\"><span class=\"hd w\">Korkeus: <\/span><span class=\"\">2030 mm<\/span><\/li>\n<li class=\"j1 bu c iy\"><span class=\"hd w\">Leveys: 8<\/span><span class=\"\">00 mm<\/span><\/li>\n<li class=\"j1 bu c iy\">Syvyys: syvyys: 420 mm<\/li>\n<li class=\"j1 bu c iy\"><span class=\"hd w\">Oven v\u00e4ri: Tumma p\u00e4hkin\u00e4puu<\/span><\/li>\n<li class=\"j1 bu c iy\"><span class=\"hd w\">Rungon v\u00e4ri: Tummanharmaa<\/span><\/li>\n<li class=\"j1 bu c iy\"><span class=\"hd w\">Materiaali: <\/span><span class=\"\">ABS 2 mm<\/span><\/li>\n<li class=\"j1 bu c iy\"><span class=\"hd w\">Ovien m\u00e4\u00e4r\u00e4: 4 kpl, 2 kpl himme\u00e4 lasi<\/span><\/li>\n<li class=\"j1 bu c iy\"><span class=\"hd w\">Hyllylevyn kantavuus: 30<\/span><span class=\"\"> kg<\/span><\/li>\n<li class=\"j1 bu c iy\"><span class=\"hd w\">Paino: 85<\/span><span class=\"\"> kg<\/span><\/li>\n<li class=\"j1 bu c iy\"><span class=\"hd w\">Kokoaminen:<\/span><span class=\"\">Toimitetaan yksityiskohtaisesti<\/span><\/li>\n<\/ul>\n<p>Sopii toimistoihin, arkistoihin ja varastoihin.<\/p>\n","protected":false},"featured_media":32248,"template":"","meta":[],"product_brand":[],"product_cat":[972],"product_tag":[],"class_list":{"0":"post-35675","1":"product","2":"type-product","3":"status-publish","4":"has-post-thumbnail","6":"product_cat-l-ja-t-riiul","8":"first","9":"instock","10":"taxable","11":"shipping-taxable","12":"purchasable","13":"product-type-simple"},"yoast_head":"<!-- This site is optimized with the Yoast SEO plugin v27.3 - https:\/\/yoast.com\/product\/yoast-seo-wordpress\/ -->\n<title>Toimistokaappi PRMV 2080\/2K, 2030x800x420 mm, tumma p\u00e4hkin\u00e4puu, himme\u00e4 lasi - Balti Laomeister<\/title>\n<meta name=\"robots\" content=\"index, follow, max-snippet:-1, max-image-preview:large, max-video-preview:-1\" \/>\n<link rel=\"canonical\" href=\"https:\/\/www.laomeister.com\/fi\/toode\/toimistokaappi-prmv-2080-2k-2030x800x420-mm-tumma-pahkinapuu-himmea-lasi\/\" \/>\n<meta property=\"og:locale\" content=\"fi_FI\" \/>\n<meta property=\"og:type\" content=\"article\" \/>\n<meta property=\"og:title\" content=\"Toimistokaappi PRMV 2080\/2K, 2030x800x420 mm, tumma p\u00e4hkin\u00e4puu, himme\u00e4 lasi - Balti Laomeister\" \/>\n<meta property=\"og:description\" content=\"Korkeus: 2030 mm  Leveys: 800 mm  Syvyys: syvyys: 420 mm  Oven v\u00e4ri: Tumma p\u00e4hkin\u00e4puu  Rungon v\u00e4ri: Tummanharmaa  Materiaali: ABS 2 mm  Ovien m\u00e4\u00e4r\u00e4: 4 kpl, 2 kpl himme\u00e4 lasi  Hyllylevyn kantavuus: 30 kg  Paino: 85 kg  Kokoaminen:Toimitetaan yksityiskohtaisesti Sopii toimistoihin, arkistoihin ja varastoihin.\" \/>\n<meta property=\"og:url\" content=\"https:\/\/www.laomeister.com\/fi\/toode\/toimistokaappi-prmv-2080-2k-2030x800x420-mm-tumma-pahkinapuu-himmea-lasi\/\" \/>\n<meta property=\"og:site_name\" content=\"Balti Laomeister\" \/>\n<meta property=\"og:image\" content=\"https:\/\/www.laomeister.com\/wp-content\/uploads\/2023\/08\/12.jpeg\" \/>\n\t<meta property=\"og:image:width\" content=\"1024\" \/>\n\t<meta property=\"og:image:height\" content=\"768\" \/>\n\t<meta property=\"og:image:type\" content=\"image\/jpeg\" \/>\n<meta name=\"twitter:card\" content=\"summary_large_image\" \/>\n<script type=\"application\/ld+json\" class=\"yoast-schema-graph\">{\"@context\":\"https:\\\/\\\/schema.org\",\"@graph\":[{\"@type\":\"WebPage\",\"@id\":\"https:\\\/\\\/www.laomeister.com\\\/fi\\\/toode\\\/toimistokaappi-prmv-2080-2k-2030x800x420-mm-tumma-pahkinapuu-himmea-lasi\\\/\",\"url\":\"https:\\\/\\\/www.laomeister.com\\\/fi\\\/toode\\\/toimistokaappi-prmv-2080-2k-2030x800x420-mm-tumma-pahkinapuu-himmea-lasi\\\/\",\"name\":\"Toimistokaappi PRMV 2080\\\/2K, 2030x800x420 mm, tumma p\u00e4hkin\u00e4puu, himme\u00e4 lasi - Balti Laomeister\",\"isPartOf\":{\"@id\":\"https:\\\/\\\/www.laomeister.com\\\/fi\\\/#website\"},\"primaryImageOfPage\":{\"@id\":\"https:\\\/\\\/www.laomeister.com\\\/fi\\\/toode\\\/toimistokaappi-prmv-2080-2k-2030x800x420-mm-tumma-pahkinapuu-himmea-lasi\\\/#primaryimage\"},\"image\":{\"@id\":\"https:\\\/\\\/www.laomeister.com\\\/fi\\\/toode\\\/toimistokaappi-prmv-2080-2k-2030x800x420-mm-tumma-pahkinapuu-himmea-lasi\\\/#primaryimage\"},\"thumbnailUrl\":\"https:\\\/\\\/www.laomeister.com\\\/wp-content\\\/uploads\\\/2023\\\/08\\\/12.jpeg\",\"datePublished\":\"2024-07-02T17:16:52+00:00\",\"breadcrumb\":{\"@id\":\"https:\\\/\\\/www.laomeister.com\\\/fi\\\/toode\\\/toimistokaappi-prmv-2080-2k-2030x800x420-mm-tumma-pahkinapuu-himmea-lasi\\\/#breadcrumb\"},\"inLanguage\":\"fi\",\"potentialAction\":[{\"@type\":\"ReadAction\",\"target\":[\"https:\\\/\\\/www.laomeister.com\\\/fi\\\/toode\\\/toimistokaappi-prmv-2080-2k-2030x800x420-mm-tumma-pahkinapuu-himmea-lasi\\\/\"]}]},{\"@type\":\"ImageObject\",\"inLanguage\":\"fi\",\"@id\":\"https:\\\/\\\/www.laomeister.com\\\/fi\\\/toode\\\/toimistokaappi-prmv-2080-2k-2030x800x420-mm-tumma-pahkinapuu-himmea-lasi\\\/#primaryimage\",\"url\":\"https:\\\/\\\/www.laomeister.com\\\/wp-content\\\/uploads\\\/2023\\\/08\\\/12.jpeg\",\"contentUrl\":\"https:\\\/\\\/www.laomeister.com\\\/wp-content\\\/uploads\\\/2023\\\/08\\\/12.jpeg\",\"width\":1024,\"height\":768},{\"@type\":\"BreadcrumbList\",\"@id\":\"https:\\\/\\\/www.laomeister.com\\\/fi\\\/toode\\\/toimistokaappi-prmv-2080-2k-2030x800x420-mm-tumma-pahkinapuu-himmea-lasi\\\/#breadcrumb\",\"itemListElement\":[{\"@type\":\"ListItem\",\"position\":1,\"name\":\"Home\",\"item\":\"https:\\\/\\\/www.laomeister.com\\\/fi\\\/\"},{\"@type\":\"ListItem\",\"position\":2,\"name\":\"Tuotteet\",\"item\":\"https:\\\/\\\/www.laomeister.com\\\/fi\\\/tuotteet\\\/\"},{\"@type\":\"ListItem\",\"position\":3,\"name\":\"Toimistokaappi PRMV 2080\\\/2K, 2030x800x420 mm, tumma p\u00e4hkin\u00e4puu, himme\u00e4 lasi\"}]},{\"@type\":\"WebSite\",\"@id\":\"https:\\\/\\\/www.laomeister.com\\\/fi\\\/#website\",\"url\":\"https:\\\/\\\/www.laomeister.com\\\/fi\\\/\",\"name\":\"Balti Laomeister\",\"description\":\"Laoriiulid - m&uuml;&uuml;k ja paigaldus\",\"potentialAction\":[{\"@type\":\"SearchAction\",\"target\":{\"@type\":\"EntryPoint\",\"urlTemplate\":\"https:\\\/\\\/www.laomeister.com\\\/fi\\\/?s={search_term_string}\"},\"query-input\":{\"@type\":\"PropertyValueSpecification\",\"valueRequired\":true,\"valueName\":\"search_term_string\"}}],\"inLanguage\":\"fi\"}]}<\/script>\n<!-- \/ Yoast SEO plugin. -->","yoast_head_json":{"title":"Toimistokaappi PRMV 2080\/2K, 2030x800x420 mm, tumma p\u00e4hkin\u00e4puu, himme\u00e4 lasi - Balti Laomeister","robots":{"index":"index","follow":"follow","max-snippet":"max-snippet:-1","max-image-preview":"max-image-preview:large","max-video-preview":"max-video-preview:-1"},"canonical":"https:\/\/www.laomeister.com\/fi\/toode\/toimistokaappi-prmv-2080-2k-2030x800x420-mm-tumma-pahkinapuu-himmea-lasi\/","og_locale":"fi_FI","og_type":"article","og_title":"Toimistokaappi PRMV 2080\/2K, 2030x800x420 mm, tumma p\u00e4hkin\u00e4puu, himme\u00e4 lasi - Balti Laomeister","og_description":"Korkeus: 2030 mm  Leveys: 800 mm  Syvyys: syvyys: 420 mm  Oven v\u00e4ri: Tumma p\u00e4hkin\u00e4puu  Rungon v\u00e4ri: Tummanharmaa  Materiaali: ABS 2 mm  Ovien m\u00e4\u00e4r\u00e4: 4 kpl, 2 kpl himme\u00e4 lasi  Hyllylevyn kantavuus: 30 kg  Paino: 85 kg  Kokoaminen:Toimitetaan yksityiskohtaisesti Sopii toimistoihin, arkistoihin ja varastoihin.","og_url":"https:\/\/www.laomeister.com\/fi\/toode\/toimistokaappi-prmv-2080-2k-2030x800x420-mm-tumma-pahkinapuu-himmea-lasi\/","og_site_name":"Balti Laomeister","og_image":[{"width":1024,"height":768,"url":"https:\/\/www.laomeister.com\/wp-content\/uploads\/2023\/08\/12.jpeg","type":"image\/jpeg"}],"twitter_card":"summary_large_image","schema":{"@context":"https:\/\/schema.org","@graph":[{"@type":"WebPage","@id":"https:\/\/www.laomeister.com\/fi\/toode\/toimistokaappi-prmv-2080-2k-2030x800x420-mm-tumma-pahkinapuu-himmea-lasi\/","url":"https:\/\/www.laomeister.com\/fi\/toode\/toimistokaappi-prmv-2080-2k-2030x800x420-mm-tumma-pahkinapuu-himmea-lasi\/","name":"Toimistokaappi PRMV 2080\/2K, 2030x800x420 mm, tumma p\u00e4hkin\u00e4puu, himme\u00e4 lasi - Balti Laomeister","isPartOf":{"@id":"https:\/\/www.laomeister.com\/fi\/#website"},"primaryImageOfPage":{"@id":"https:\/\/www.laomeister.com\/fi\/toode\/toimistokaappi-prmv-2080-2k-2030x800x420-mm-tumma-pahkinapuu-himmea-lasi\/#primaryimage"},"image":{"@id":"https:\/\/www.laomeister.com\/fi\/toode\/toimistokaappi-prmv-2080-2k-2030x800x420-mm-tumma-pahkinapuu-himmea-lasi\/#primaryimage"},"thumbnailUrl":"https:\/\/www.laomeister.com\/wp-content\/uploads\/2023\/08\/12.jpeg","datePublished":"2024-07-02T17:16:52+00:00","breadcrumb":{"@id":"https:\/\/www.laomeister.com\/fi\/toode\/toimistokaappi-prmv-2080-2k-2030x800x420-mm-tumma-pahkinapuu-himmea-lasi\/#breadcrumb"},"inLanguage":"fi","potentialAction":[{"@type":"ReadAction","target":["https:\/\/www.laomeister.com\/fi\/toode\/toimistokaappi-prmv-2080-2k-2030x800x420-mm-tumma-pahkinapuu-himmea-lasi\/"]}]},{"@type":"ImageObject","inLanguage":"fi","@id":"https:\/\/www.laomeister.com\/fi\/toode\/toimistokaappi-prmv-2080-2k-2030x800x420-mm-tumma-pahkinapuu-himmea-lasi\/#primaryimage","url":"https:\/\/www.laomeister.com\/wp-content\/uploads\/2023\/08\/12.jpeg","contentUrl":"https:\/\/www.laomeister.com\/wp-content\/uploads\/2023\/08\/12.jpeg","width":1024,"height":768},{"@type":"BreadcrumbList","@id":"https:\/\/www.laomeister.com\/fi\/toode\/toimistokaappi-prmv-2080-2k-2030x800x420-mm-tumma-pahkinapuu-himmea-lasi\/#breadcrumb","itemListElement":[{"@type":"ListItem","position":1,"name":"Home","item":"https:\/\/www.laomeister.com\/fi\/"},{"@type":"ListItem","position":2,"name":"Tuotteet","item":"https:\/\/www.laomeister.com\/fi\/tuotteet\/"},{"@type":"ListItem","position":3,"name":"Toimistokaappi PRMV 2080\/2K, 2030x800x420 mm, tumma p\u00e4hkin\u00e4puu, himme\u00e4 lasi"}]},{"@type":"WebSite","@id":"https:\/\/www.laomeister.com\/fi\/#website","url":"https:\/\/www.laomeister.com\/fi\/","name":"Balti Laomeister","description":"Laoriiulid - m&uuml;&uuml;k ja paigaldus","potentialAction":[{"@type":"SearchAction","target":{"@type":"EntryPoint","urlTemplate":"https:\/\/www.laomeister.com\/fi\/?s={search_term_string}"},"query-input":{"@type":"PropertyValueSpecification","valueRequired":true,"valueName":"search_term_string"}}],"inLanguage":"fi"}]}},"_links":{"self":[{"href":"https:\/\/www.laomeister.com\/fi\/wp-json\/wp\/v2\/product\/35675","targetHints":{"allow":["GET"]}}],"collection":[{"href":"https:\/\/www.laomeister.com\/fi\/wp-json\/wp\/v2\/product"}],"about":[{"href":"https:\/\/www.laomeister.com\/fi\/wp-json\/wp\/v2\/types\/product"}],"wp:featuredmedia":[{"embeddable":true,"href":"https:\/\/www.laomeister.com\/fi\/wp-json\/wp\/v2\/media\/32248"}],"wp:attachment":[{"href":"https:\/\/www.laomeister.com\/fi\/wp-json\/wp\/v2\/media?parent=35675"}],"wp:term":[{"taxonomy":"product_brand","embeddable":true,"href":"https:\/\/www.laomeister.com\/fi\/wp-json\/wp\/v2\/product_brand?post=35675"},{"taxonomy":"product_cat","embeddable":true,"href":"https:\/\/www.laomeister.com\/fi\/wp-json\/wp\/v2\/product_cat?post=35675"},{"taxonomy":"product_tag","embeddable":true,"href":"https:\/\/www.laomeister.com\/fi\/wp-json\/wp\/v2\/product_tag?post=35675"}],"curies":[{"name":"wp","href":"https:\/\/api.w.org\/{rel}","templated":true}]}}