{"id":35671,"date":"2023-08-30T10:07:31","date_gmt":"2024-07-02T17:16:49","guid":{"rendered":"https:\/\/www.laomeister.com\/toode\/laatikkokaappi-pyorilla-3-laatikkoa-lukittava-poydalle-prmto-pahkinapuu-tumma-viimeistely\/"},"modified":"2024-07-02T20:16:49","modified_gmt":"2024-07-02T17:16:49","slug":"laatikkokaappi-pyorilla-3-laatikkoa-lukittava-poydalle-prmto-pahkinapuu-tumma-viimeistely","status":"publish","type":"product","link":"https:\/\/www.laomeister.com\/fi\/toode\/laatikkokaappi-pyorilla-3-laatikkoa-lukittava-poydalle-prmto-pahkinapuu-tumma-viimeistely\/","title":{"rendered":"Laatikkokaappi py\u00f6rill\u00e4 3 laatikkoa, lukittava, p\u00f6yd\u00e4lle PRMTO, p\u00e4hkin\u00e4puu, tumma viimeistely"},"content":{"rendered":"","protected":false},"excerpt":{"rendered":"<ul class=\"rt ru ix c9 ca cb cc rv j1\">\n<li class=\"j1 bu c iy\"><span class=\"hd w\">Korkeus: 580<\/span><span class=\"\"> mm<\/span><\/li>\n<li class=\"j1 bu c iy\"><span class=\"hd w\">Leveys: <\/span><span class=\"\">429 mm<\/span><\/li>\n<li class=\"j1 bu c iy\"><span class=\"hd w\">Syvyys: <\/span><span class=\"\">505 mm<\/span><\/li>\n<li class=\"j1 bu c iy\"><span class=\"hd w\">V\u00e4ri: <\/span><span class=\"\">Tumma p\u00e4hkin\u00e4puu<\/span><\/li>\n<li><span class=\"hd w\">Hinnat: <\/span><span class=\"\">Jarrulla, 2 kpl<\/span><\/li>\n<li class=\"j1 bu c iy\"><span class=\"hd w\">Materiaali: <\/span><span class=\"\">ABS 2 mm<\/span><\/li>\n<li class=\"j1 bu c iy\"><span class=\"hd w\">Laatikoiden m\u00e4\u00e4r\u00e4: 3<\/span><\/li>\n<li class=\"j1 bu c iy\"><span class=\"hd w\">Paino: 25<\/span><span class=\"\"> kg<\/span><\/li>\n<li class=\"j1 bu c iy\"><span class=\"hd w\">Kokoaminen: Monteeritud<\/span><\/li>\n<\/ul>\n<p>Kompakti s\u00e4ilytyskaappi, jossa on kolme syv\u00e4\u00e4 laatikkoa. Laatikot ovat 75-prosenttisesti ulosvedett\u00e4vi\u00e4. Laatikossa on py\u00f6r\u00e4t ja keskuslukko, jossa on kaksi avainta.<\/p>\n","protected":false},"featured_media":32234,"template":"","meta":[],"product_brand":[],"product_cat":[972],"product_tag":[],"class_list":{"0":"post-35671","1":"product","2":"type-product","3":"status-publish","4":"has-post-thumbnail","6":"product_cat-l-ja-t-riiul","8":"first","9":"instock","10":"taxable","11":"shipping-taxable","12":"purchasable","13":"product-type-simple"},"yoast_head":"<!-- This site is optimized with the Yoast SEO plugin v27.3 - https:\/\/yoast.com\/product\/yoast-seo-wordpress\/ -->\n<title>Laatikkokaappi py\u00f6rill\u00e4 3 laatikkoa, lukittava, p\u00f6yd\u00e4lle PRMTO, p\u00e4hkin\u00e4puu, tumma viimeistely - Balti Laomeister<\/title>\n<meta name=\"robots\" content=\"index, follow, max-snippet:-1, max-image-preview:large, max-video-preview:-1\" \/>\n<link rel=\"canonical\" href=\"https:\/\/www.laomeister.com\/fi\/toode\/laatikkokaappi-pyorilla-3-laatikkoa-lukittava-poydalle-prmto-pahkinapuu-tumma-viimeistely\/\" \/>\n<meta property=\"og:locale\" content=\"fi_FI\" \/>\n<meta property=\"og:type\" content=\"article\" \/>\n<meta property=\"og:title\" content=\"Laatikkokaappi py\u00f6rill\u00e4 3 laatikkoa, lukittava, p\u00f6yd\u00e4lle PRMTO, p\u00e4hkin\u00e4puu, tumma viimeistely - Balti Laomeister\" \/>\n<meta property=\"og:description\" content=\"Korkeus: 580 mm  Leveys: 429 mm  Syvyys: 505 mm  V\u00e4ri: Tumma p\u00e4hkin\u00e4puu  Hinnat: Jarrulla, 2 kpl  Materiaali: ABS 2 mm  Laatikoiden m\u00e4\u00e4r\u00e4: 3  Paino: 25 kg  Kokoaminen: Monteeritud Kompakti s\u00e4ilytyskaappi, jossa on kolme syv\u00e4\u00e4 laatikkoa. Laatikot ovat 75-prosenttisesti ulosvedett\u00e4vi\u00e4. Laatikossa on py\u00f6r\u00e4t ja keskuslukko, jossa on kaksi avainta.\" \/>\n<meta property=\"og:url\" content=\"https:\/\/www.laomeister.com\/fi\/toode\/laatikkokaappi-pyorilla-3-laatikkoa-lukittava-poydalle-prmto-pahkinapuu-tumma-viimeistely\/\" \/>\n<meta property=\"og:site_name\" content=\"Balti Laomeister\" \/>\n<meta property=\"og:image\" content=\"https:\/\/www.laomeister.com\/wp-content\/uploads\/2023\/08\/9.jpeg\" \/>\n\t<meta property=\"og:image:width\" content=\"1024\" \/>\n\t<meta property=\"og:image:height\" content=\"768\" \/>\n\t<meta property=\"og:image:type\" content=\"image\/jpeg\" \/>\n<meta name=\"twitter:card\" content=\"summary_large_image\" \/>\n<script type=\"application\/ld+json\" class=\"yoast-schema-graph\">{\"@context\":\"https:\\\/\\\/schema.org\",\"@graph\":[{\"@type\":\"WebPage\",\"@id\":\"https:\\\/\\\/www.laomeister.com\\\/fi\\\/toode\\\/laatikkokaappi-pyorilla-3-laatikkoa-lukittava-poydalle-prmto-pahkinapuu-tumma-viimeistely\\\/\",\"url\":\"https:\\\/\\\/www.laomeister.com\\\/fi\\\/toode\\\/laatikkokaappi-pyorilla-3-laatikkoa-lukittava-poydalle-prmto-pahkinapuu-tumma-viimeistely\\\/\",\"name\":\"Laatikkokaappi py\u00f6rill\u00e4 3 laatikkoa, lukittava, p\u00f6yd\u00e4lle PRMTO, p\u00e4hkin\u00e4puu, tumma viimeistely - Balti Laomeister\",\"isPartOf\":{\"@id\":\"https:\\\/\\\/www.laomeister.com\\\/fi\\\/#website\"},\"primaryImageOfPage\":{\"@id\":\"https:\\\/\\\/www.laomeister.com\\\/fi\\\/toode\\\/laatikkokaappi-pyorilla-3-laatikkoa-lukittava-poydalle-prmto-pahkinapuu-tumma-viimeistely\\\/#primaryimage\"},\"image\":{\"@id\":\"https:\\\/\\\/www.laomeister.com\\\/fi\\\/toode\\\/laatikkokaappi-pyorilla-3-laatikkoa-lukittava-poydalle-prmto-pahkinapuu-tumma-viimeistely\\\/#primaryimage\"},\"thumbnailUrl\":\"https:\\\/\\\/www.laomeister.com\\\/wp-content\\\/uploads\\\/2023\\\/08\\\/9.jpeg\",\"datePublished\":\"2024-07-02T17:16:49+00:00\",\"breadcrumb\":{\"@id\":\"https:\\\/\\\/www.laomeister.com\\\/fi\\\/toode\\\/laatikkokaappi-pyorilla-3-laatikkoa-lukittava-poydalle-prmto-pahkinapuu-tumma-viimeistely\\\/#breadcrumb\"},\"inLanguage\":\"fi\",\"potentialAction\":[{\"@type\":\"ReadAction\",\"target\":[\"https:\\\/\\\/www.laomeister.com\\\/fi\\\/toode\\\/laatikkokaappi-pyorilla-3-laatikkoa-lukittava-poydalle-prmto-pahkinapuu-tumma-viimeistely\\\/\"]}]},{\"@type\":\"ImageObject\",\"inLanguage\":\"fi\",\"@id\":\"https:\\\/\\\/www.laomeister.com\\\/fi\\\/toode\\\/laatikkokaappi-pyorilla-3-laatikkoa-lukittava-poydalle-prmto-pahkinapuu-tumma-viimeistely\\\/#primaryimage\",\"url\":\"https:\\\/\\\/www.laomeister.com\\\/wp-content\\\/uploads\\\/2023\\\/08\\\/9.jpeg\",\"contentUrl\":\"https:\\\/\\\/www.laomeister.com\\\/wp-content\\\/uploads\\\/2023\\\/08\\\/9.jpeg\",\"width\":1024,\"height\":768},{\"@type\":\"BreadcrumbList\",\"@id\":\"https:\\\/\\\/www.laomeister.com\\\/fi\\\/toode\\\/laatikkokaappi-pyorilla-3-laatikkoa-lukittava-poydalle-prmto-pahkinapuu-tumma-viimeistely\\\/#breadcrumb\",\"itemListElement\":[{\"@type\":\"ListItem\",\"position\":1,\"name\":\"Home\",\"item\":\"https:\\\/\\\/www.laomeister.com\\\/fi\\\/\"},{\"@type\":\"ListItem\",\"position\":2,\"name\":\"Tuotteet\",\"item\":\"https:\\\/\\\/www.laomeister.com\\\/fi\\\/tuotteet\\\/\"},{\"@type\":\"ListItem\",\"position\":3,\"name\":\"Laatikkokaappi py\u00f6rill\u00e4 3 laatikkoa, lukittava, p\u00f6yd\u00e4lle PRMTO, p\u00e4hkin\u00e4puu, tumma viimeistely\"}]},{\"@type\":\"WebSite\",\"@id\":\"https:\\\/\\\/www.laomeister.com\\\/fi\\\/#website\",\"url\":\"https:\\\/\\\/www.laomeister.com\\\/fi\\\/\",\"name\":\"Balti Laomeister\",\"description\":\"Laoriiulid - m&uuml;&uuml;k ja paigaldus\",\"potentialAction\":[{\"@type\":\"SearchAction\",\"target\":{\"@type\":\"EntryPoint\",\"urlTemplate\":\"https:\\\/\\\/www.laomeister.com\\\/fi\\\/?s={search_term_string}\"},\"query-input\":{\"@type\":\"PropertyValueSpecification\",\"valueRequired\":true,\"valueName\":\"search_term_string\"}}],\"inLanguage\":\"fi\"}]}<\/script>\n<!-- \/ Yoast SEO plugin. -->","yoast_head_json":{"title":"Laatikkokaappi py\u00f6rill\u00e4 3 laatikkoa, lukittava, p\u00f6yd\u00e4lle PRMTO, p\u00e4hkin\u00e4puu, tumma viimeistely - Balti Laomeister","robots":{"index":"index","follow":"follow","max-snippet":"max-snippet:-1","max-image-preview":"max-image-preview:large","max-video-preview":"max-video-preview:-1"},"canonical":"https:\/\/www.laomeister.com\/fi\/toode\/laatikkokaappi-pyorilla-3-laatikkoa-lukittava-poydalle-prmto-pahkinapuu-tumma-viimeistely\/","og_locale":"fi_FI","og_type":"article","og_title":"Laatikkokaappi py\u00f6rill\u00e4 3 laatikkoa, lukittava, p\u00f6yd\u00e4lle PRMTO, p\u00e4hkin\u00e4puu, tumma viimeistely - Balti Laomeister","og_description":"Korkeus: 580 mm  Leveys: 429 mm  Syvyys: 505 mm  V\u00e4ri: Tumma p\u00e4hkin\u00e4puu  Hinnat: Jarrulla, 2 kpl  Materiaali: ABS 2 mm  Laatikoiden m\u00e4\u00e4r\u00e4: 3  Paino: 25 kg  Kokoaminen: Monteeritud Kompakti s\u00e4ilytyskaappi, jossa on kolme syv\u00e4\u00e4 laatikkoa. Laatikot ovat 75-prosenttisesti ulosvedett\u00e4vi\u00e4. Laatikossa on py\u00f6r\u00e4t ja keskuslukko, jossa on kaksi avainta.","og_url":"https:\/\/www.laomeister.com\/fi\/toode\/laatikkokaappi-pyorilla-3-laatikkoa-lukittava-poydalle-prmto-pahkinapuu-tumma-viimeistely\/","og_site_name":"Balti Laomeister","og_image":[{"width":1024,"height":768,"url":"https:\/\/www.laomeister.com\/wp-content\/uploads\/2023\/08\/9.jpeg","type":"image\/jpeg"}],"twitter_card":"summary_large_image","schema":{"@context":"https:\/\/schema.org","@graph":[{"@type":"WebPage","@id":"https:\/\/www.laomeister.com\/fi\/toode\/laatikkokaappi-pyorilla-3-laatikkoa-lukittava-poydalle-prmto-pahkinapuu-tumma-viimeistely\/","url":"https:\/\/www.laomeister.com\/fi\/toode\/laatikkokaappi-pyorilla-3-laatikkoa-lukittava-poydalle-prmto-pahkinapuu-tumma-viimeistely\/","name":"Laatikkokaappi py\u00f6rill\u00e4 3 laatikkoa, lukittava, p\u00f6yd\u00e4lle PRMTO, p\u00e4hkin\u00e4puu, tumma viimeistely - Balti Laomeister","isPartOf":{"@id":"https:\/\/www.laomeister.com\/fi\/#website"},"primaryImageOfPage":{"@id":"https:\/\/www.laomeister.com\/fi\/toode\/laatikkokaappi-pyorilla-3-laatikkoa-lukittava-poydalle-prmto-pahkinapuu-tumma-viimeistely\/#primaryimage"},"image":{"@id":"https:\/\/www.laomeister.com\/fi\/toode\/laatikkokaappi-pyorilla-3-laatikkoa-lukittava-poydalle-prmto-pahkinapuu-tumma-viimeistely\/#primaryimage"},"thumbnailUrl":"https:\/\/www.laomeister.com\/wp-content\/uploads\/2023\/08\/9.jpeg","datePublished":"2024-07-02T17:16:49+00:00","breadcrumb":{"@id":"https:\/\/www.laomeister.com\/fi\/toode\/laatikkokaappi-pyorilla-3-laatikkoa-lukittava-poydalle-prmto-pahkinapuu-tumma-viimeistely\/#breadcrumb"},"inLanguage":"fi","potentialAction":[{"@type":"ReadAction","target":["https:\/\/www.laomeister.com\/fi\/toode\/laatikkokaappi-pyorilla-3-laatikkoa-lukittava-poydalle-prmto-pahkinapuu-tumma-viimeistely\/"]}]},{"@type":"ImageObject","inLanguage":"fi","@id":"https:\/\/www.laomeister.com\/fi\/toode\/laatikkokaappi-pyorilla-3-laatikkoa-lukittava-poydalle-prmto-pahkinapuu-tumma-viimeistely\/#primaryimage","url":"https:\/\/www.laomeister.com\/wp-content\/uploads\/2023\/08\/9.jpeg","contentUrl":"https:\/\/www.laomeister.com\/wp-content\/uploads\/2023\/08\/9.jpeg","width":1024,"height":768},{"@type":"BreadcrumbList","@id":"https:\/\/www.laomeister.com\/fi\/toode\/laatikkokaappi-pyorilla-3-laatikkoa-lukittava-poydalle-prmto-pahkinapuu-tumma-viimeistely\/#breadcrumb","itemListElement":[{"@type":"ListItem","position":1,"name":"Home","item":"https:\/\/www.laomeister.com\/fi\/"},{"@type":"ListItem","position":2,"name":"Tuotteet","item":"https:\/\/www.laomeister.com\/fi\/tuotteet\/"},{"@type":"ListItem","position":3,"name":"Laatikkokaappi py\u00f6rill\u00e4 3 laatikkoa, lukittava, p\u00f6yd\u00e4lle PRMTO, p\u00e4hkin\u00e4puu, tumma viimeistely"}]},{"@type":"WebSite","@id":"https:\/\/www.laomeister.com\/fi\/#website","url":"https:\/\/www.laomeister.com\/fi\/","name":"Balti Laomeister","description":"Laoriiulid - m&uuml;&uuml;k ja paigaldus","potentialAction":[{"@type":"SearchAction","target":{"@type":"EntryPoint","urlTemplate":"https:\/\/www.laomeister.com\/fi\/?s={search_term_string}"},"query-input":{"@type":"PropertyValueSpecification","valueRequired":true,"valueName":"search_term_string"}}],"inLanguage":"fi"}]}},"_links":{"self":[{"href":"https:\/\/www.laomeister.com\/fi\/wp-json\/wp\/v2\/product\/35671","targetHints":{"allow":["GET"]}}],"collection":[{"href":"https:\/\/www.laomeister.com\/fi\/wp-json\/wp\/v2\/product"}],"about":[{"href":"https:\/\/www.laomeister.com\/fi\/wp-json\/wp\/v2\/types\/product"}],"wp:featuredmedia":[{"embeddable":true,"href":"https:\/\/www.laomeister.com\/fi\/wp-json\/wp\/v2\/media\/32234"}],"wp:attachment":[{"href":"https:\/\/www.laomeister.com\/fi\/wp-json\/wp\/v2\/media?parent=35671"}],"wp:term":[{"taxonomy":"product_brand","embeddable":true,"href":"https:\/\/www.laomeister.com\/fi\/wp-json\/wp\/v2\/product_brand?post=35671"},{"taxonomy":"product_cat","embeddable":true,"href":"https:\/\/www.laomeister.com\/fi\/wp-json\/wp\/v2\/product_cat?post=35671"},{"taxonomy":"product_tag","embeddable":true,"href":"https:\/\/www.laomeister.com\/fi\/wp-json\/wp\/v2\/product_tag?post=35671"}],"curies":[{"name":"wp","href":"https:\/\/api.w.org\/{rel}","templated":true}]}}