{"id":35631,"date":"2024-04-23T11:03:22","date_gmt":"2024-07-02T17:11:57","guid":{"rendered":"https:\/\/www.laomeister.com\/toode\/hyllytolppa-2000-mm-standard-ral7038-vaaleanharmaa\/"},"modified":"2024-07-02T20:11:57","modified_gmt":"2024-07-02T17:11:57","slug":"hyllytolppa-2000-mm-standard-ral7038-vaaleanharmaa","status":"publish","type":"product","link":"https:\/\/www.laomeister.com\/fi\/toode\/hyllytolppa-2000-mm-standard-ral7038-vaaleanharmaa\/","title":{"rendered":"Hyllytolppa 2000 mm STANDARD, RAL7038, vaaleanharmaa"},"content":{"rendered":"","protected":false},"excerpt":{"rendered":"<ul>\n<li>Hyllyt on valmistettu pulverimaalatuista metallilevyist\u00e4.<\/li>\n<li>Mitat &#8211; 2000 mm, 30&#215;30 mm<\/li>\n<li>RAL 7838, vaaleanharmaa<\/li>\n<li>Samm 25 mm<\/li>\n<li>Postilaatikon p\u00e4\u00e4osaan mahtuu 4 kappaletta postia.<\/li>\n<li>Pesula-lis\u00e4osa vaatii 2 kappaletta postia.<\/li>\n<\/ul>\n<p>&nbsp;<\/p>\n","protected":false},"featured_media":34418,"template":"","meta":[],"product_brand":[],"product_cat":[712,398],"product_tag":[],"class_list":{"0":"post-35631","1":"product","2":"type-product","3":"status-publish","4":"has-post-thumbnail","6":"product_cat-vakiomuotoiset-modulaariset-hyllyt-100kg-levyalue","7":"product_cat-garaazhi-ja-panipaika-fi","9":"first","10":"instock","11":"taxable","12":"shipping-taxable","13":"purchasable","14":"product-type-simple"},"yoast_head":"<!-- This site is optimized with the Yoast SEO plugin v27.3 - https:\/\/yoast.com\/product\/yoast-seo-wordpress\/ -->\n<title>Hyllytolppa 2000 mm STANDARD, RAL7038, vaaleanharmaa - Balti Laomeister<\/title>\n<meta name=\"robots\" content=\"index, follow, max-snippet:-1, max-image-preview:large, max-video-preview:-1\" \/>\n<link rel=\"canonical\" href=\"https:\/\/www.laomeister.com\/fi\/toode\/hyllytolppa-2000-mm-standard-ral7038-vaaleanharmaa\/\" \/>\n<meta property=\"og:locale\" content=\"fi_FI\" \/>\n<meta property=\"og:type\" content=\"article\" \/>\n<meta property=\"og:title\" content=\"Hyllytolppa 2000 mm STANDARD, RAL7038, vaaleanharmaa - Balti Laomeister\" \/>\n<meta property=\"og:description\" content=\"Hyllyt on valmistettu pulverimaalatuista metallilevyist\u00e4.  Mitat - 2000 mm, 30x30 mm  RAL 7838, vaaleanharmaa  Samm 25 mm  Postilaatikon p\u00e4\u00e4osaan mahtuu 4 kappaletta postia.  Pesula-lis\u00e4osa vaatii 2 kappaletta postia. &nbsp;\" \/>\n<meta property=\"og:url\" content=\"https:\/\/www.laomeister.com\/fi\/toode\/hyllytolppa-2000-mm-standard-ral7038-vaaleanharmaa\/\" \/>\n<meta property=\"og:site_name\" content=\"Balti Laomeister\" \/>\n<meta property=\"og:image\" content=\"https:\/\/www.laomeister.com\/wp-content\/uploads\/2024\/04\/image-3.webp\" \/>\n\t<meta property=\"og:image:width\" content=\"800\" \/>\n\t<meta property=\"og:image:height\" content=\"800\" \/>\n\t<meta property=\"og:image:type\" content=\"image\/webp\" \/>\n<meta name=\"twitter:card\" content=\"summary_large_image\" \/>\n<script type=\"application\/ld+json\" class=\"yoast-schema-graph\">{\"@context\":\"https:\\\/\\\/schema.org\",\"@graph\":[{\"@type\":\"WebPage\",\"@id\":\"https:\\\/\\\/www.laomeister.com\\\/fi\\\/toode\\\/hyllytolppa-2000-mm-standard-ral7038-vaaleanharmaa\\\/\",\"url\":\"https:\\\/\\\/www.laomeister.com\\\/fi\\\/toode\\\/hyllytolppa-2000-mm-standard-ral7038-vaaleanharmaa\\\/\",\"name\":\"Hyllytolppa 2000 mm STANDARD, RAL7038, vaaleanharmaa - Balti Laomeister\",\"isPartOf\":{\"@id\":\"https:\\\/\\\/www.laomeister.com\\\/fi\\\/#website\"},\"primaryImageOfPage\":{\"@id\":\"https:\\\/\\\/www.laomeister.com\\\/fi\\\/toode\\\/hyllytolppa-2000-mm-standard-ral7038-vaaleanharmaa\\\/#primaryimage\"},\"image\":{\"@id\":\"https:\\\/\\\/www.laomeister.com\\\/fi\\\/toode\\\/hyllytolppa-2000-mm-standard-ral7038-vaaleanharmaa\\\/#primaryimage\"},\"thumbnailUrl\":\"https:\\\/\\\/www.laomeister.com\\\/wp-content\\\/uploads\\\/2024\\\/04\\\/image-3.webp\",\"datePublished\":\"2024-07-02T17:11:57+00:00\",\"breadcrumb\":{\"@id\":\"https:\\\/\\\/www.laomeister.com\\\/fi\\\/toode\\\/hyllytolppa-2000-mm-standard-ral7038-vaaleanharmaa\\\/#breadcrumb\"},\"inLanguage\":\"fi\",\"potentialAction\":[{\"@type\":\"ReadAction\",\"target\":[\"https:\\\/\\\/www.laomeister.com\\\/fi\\\/toode\\\/hyllytolppa-2000-mm-standard-ral7038-vaaleanharmaa\\\/\"]}]},{\"@type\":\"ImageObject\",\"inLanguage\":\"fi\",\"@id\":\"https:\\\/\\\/www.laomeister.com\\\/fi\\\/toode\\\/hyllytolppa-2000-mm-standard-ral7038-vaaleanharmaa\\\/#primaryimage\",\"url\":\"https:\\\/\\\/www.laomeister.com\\\/wp-content\\\/uploads\\\/2024\\\/04\\\/image-3.webp\",\"contentUrl\":\"https:\\\/\\\/www.laomeister.com\\\/wp-content\\\/uploads\\\/2024\\\/04\\\/image-3.webp\",\"width\":800,\"height\":800},{\"@type\":\"BreadcrumbList\",\"@id\":\"https:\\\/\\\/www.laomeister.com\\\/fi\\\/toode\\\/hyllytolppa-2000-mm-standard-ral7038-vaaleanharmaa\\\/#breadcrumb\",\"itemListElement\":[{\"@type\":\"ListItem\",\"position\":1,\"name\":\"Home\",\"item\":\"https:\\\/\\\/www.laomeister.com\\\/fi\\\/\"},{\"@type\":\"ListItem\",\"position\":2,\"name\":\"Tuotteet\",\"item\":\"https:\\\/\\\/www.laomeister.com\\\/fi\\\/tuotteet\\\/\"},{\"@type\":\"ListItem\",\"position\":3,\"name\":\"Hyllytolppa 2000 mm STANDARD, RAL7038, vaaleanharmaa\"}]},{\"@type\":\"WebSite\",\"@id\":\"https:\\\/\\\/www.laomeister.com\\\/fi\\\/#website\",\"url\":\"https:\\\/\\\/www.laomeister.com\\\/fi\\\/\",\"name\":\"Balti Laomeister\",\"description\":\"Laoriiulid - m&uuml;&uuml;k ja paigaldus\",\"potentialAction\":[{\"@type\":\"SearchAction\",\"target\":{\"@type\":\"EntryPoint\",\"urlTemplate\":\"https:\\\/\\\/www.laomeister.com\\\/fi\\\/?s={search_term_string}\"},\"query-input\":{\"@type\":\"PropertyValueSpecification\",\"valueRequired\":true,\"valueName\":\"search_term_string\"}}],\"inLanguage\":\"fi\"}]}<\/script>\n<!-- \/ Yoast SEO plugin. -->","yoast_head_json":{"title":"Hyllytolppa 2000 mm STANDARD, RAL7038, vaaleanharmaa - Balti Laomeister","robots":{"index":"index","follow":"follow","max-snippet":"max-snippet:-1","max-image-preview":"max-image-preview:large","max-video-preview":"max-video-preview:-1"},"canonical":"https:\/\/www.laomeister.com\/fi\/toode\/hyllytolppa-2000-mm-standard-ral7038-vaaleanharmaa\/","og_locale":"fi_FI","og_type":"article","og_title":"Hyllytolppa 2000 mm STANDARD, RAL7038, vaaleanharmaa - Balti Laomeister","og_description":"Hyllyt on valmistettu pulverimaalatuista metallilevyist\u00e4.  Mitat - 2000 mm, 30x30 mm  RAL 7838, vaaleanharmaa  Samm 25 mm  Postilaatikon p\u00e4\u00e4osaan mahtuu 4 kappaletta postia.  Pesula-lis\u00e4osa vaatii 2 kappaletta postia. &nbsp;","og_url":"https:\/\/www.laomeister.com\/fi\/toode\/hyllytolppa-2000-mm-standard-ral7038-vaaleanharmaa\/","og_site_name":"Balti Laomeister","og_image":[{"width":800,"height":800,"url":"https:\/\/www.laomeister.com\/wp-content\/uploads\/2024\/04\/image-3.webp","type":"image\/webp"}],"twitter_card":"summary_large_image","schema":{"@context":"https:\/\/schema.org","@graph":[{"@type":"WebPage","@id":"https:\/\/www.laomeister.com\/fi\/toode\/hyllytolppa-2000-mm-standard-ral7038-vaaleanharmaa\/","url":"https:\/\/www.laomeister.com\/fi\/toode\/hyllytolppa-2000-mm-standard-ral7038-vaaleanharmaa\/","name":"Hyllytolppa 2000 mm STANDARD, RAL7038, vaaleanharmaa - Balti Laomeister","isPartOf":{"@id":"https:\/\/www.laomeister.com\/fi\/#website"},"primaryImageOfPage":{"@id":"https:\/\/www.laomeister.com\/fi\/toode\/hyllytolppa-2000-mm-standard-ral7038-vaaleanharmaa\/#primaryimage"},"image":{"@id":"https:\/\/www.laomeister.com\/fi\/toode\/hyllytolppa-2000-mm-standard-ral7038-vaaleanharmaa\/#primaryimage"},"thumbnailUrl":"https:\/\/www.laomeister.com\/wp-content\/uploads\/2024\/04\/image-3.webp","datePublished":"2024-07-02T17:11:57+00:00","breadcrumb":{"@id":"https:\/\/www.laomeister.com\/fi\/toode\/hyllytolppa-2000-mm-standard-ral7038-vaaleanharmaa\/#breadcrumb"},"inLanguage":"fi","potentialAction":[{"@type":"ReadAction","target":["https:\/\/www.laomeister.com\/fi\/toode\/hyllytolppa-2000-mm-standard-ral7038-vaaleanharmaa\/"]}]},{"@type":"ImageObject","inLanguage":"fi","@id":"https:\/\/www.laomeister.com\/fi\/toode\/hyllytolppa-2000-mm-standard-ral7038-vaaleanharmaa\/#primaryimage","url":"https:\/\/www.laomeister.com\/wp-content\/uploads\/2024\/04\/image-3.webp","contentUrl":"https:\/\/www.laomeister.com\/wp-content\/uploads\/2024\/04\/image-3.webp","width":800,"height":800},{"@type":"BreadcrumbList","@id":"https:\/\/www.laomeister.com\/fi\/toode\/hyllytolppa-2000-mm-standard-ral7038-vaaleanharmaa\/#breadcrumb","itemListElement":[{"@type":"ListItem","position":1,"name":"Home","item":"https:\/\/www.laomeister.com\/fi\/"},{"@type":"ListItem","position":2,"name":"Tuotteet","item":"https:\/\/www.laomeister.com\/fi\/tuotteet\/"},{"@type":"ListItem","position":3,"name":"Hyllytolppa 2000 mm STANDARD, RAL7038, vaaleanharmaa"}]},{"@type":"WebSite","@id":"https:\/\/www.laomeister.com\/fi\/#website","url":"https:\/\/www.laomeister.com\/fi\/","name":"Balti Laomeister","description":"Laoriiulid - m&uuml;&uuml;k ja paigaldus","potentialAction":[{"@type":"SearchAction","target":{"@type":"EntryPoint","urlTemplate":"https:\/\/www.laomeister.com\/fi\/?s={search_term_string}"},"query-input":{"@type":"PropertyValueSpecification","valueRequired":true,"valueName":"search_term_string"}}],"inLanguage":"fi"}]}},"_links":{"self":[{"href":"https:\/\/www.laomeister.com\/fi\/wp-json\/wp\/v2\/product\/35631","targetHints":{"allow":["GET"]}}],"collection":[{"href":"https:\/\/www.laomeister.com\/fi\/wp-json\/wp\/v2\/product"}],"about":[{"href":"https:\/\/www.laomeister.com\/fi\/wp-json\/wp\/v2\/types\/product"}],"wp:featuredmedia":[{"embeddable":true,"href":"https:\/\/www.laomeister.com\/fi\/wp-json\/wp\/v2\/media\/34418"}],"wp:attachment":[{"href":"https:\/\/www.laomeister.com\/fi\/wp-json\/wp\/v2\/media?parent=35631"}],"wp:term":[{"taxonomy":"product_brand","embeddable":true,"href":"https:\/\/www.laomeister.com\/fi\/wp-json\/wp\/v2\/product_brand?post=35631"},{"taxonomy":"product_cat","embeddable":true,"href":"https:\/\/www.laomeister.com\/fi\/wp-json\/wp\/v2\/product_cat?post=35631"},{"taxonomy":"product_tag","embeddable":true,"href":"https:\/\/www.laomeister.com\/fi\/wp-json\/wp\/v2\/product_tag?post=35631"}],"curies":[{"name":"wp","href":"https:\/\/api.w.org\/{rel}","templated":true}]}}