{"id":35623,"date":"2024-04-23T10:57:54","date_gmt":"2024-07-02T17:11:50","guid":{"rendered":"https:\/\/www.laomeister.com\/toode\/hyllylevy-1500x400-standard-150-kg-ral7038-vaaleanharmaa\/"},"modified":"2024-07-02T20:11:50","modified_gmt":"2024-07-02T17:11:50","slug":"hyllylevy-1500x400-standard-150-kg-ral7038-vaaleanharmaa","status":"publish","type":"product","link":"https:\/\/www.laomeister.com\/fi\/toode\/hyllylevy-1500x400-standard-150-kg-ral7038-vaaleanharmaa\/","title":{"rendered":"Hyllylevy 1500&#215;400 STANDARD, 150 kg, RAL7038, vaaleanharmaa."},"content":{"rendered":"","protected":false},"excerpt":{"rendered":"<ul>\n<li>Hyllyt jauhemaalattua metallilevy\u00e4<\/li>\n<li>Mitat &#8211; 1500&#215;400 mm<\/li>\n<li>RAL 7838, vaaleanharmaa<\/li>\n<li>Hyllyn kantavuus tasaisesti jakautuneelle kuormalle 150 kg<\/li>\n<li>V\u00e4himm\u00e4isostom\u00e4\u00e4r\u00e4 6 kpl, pakkaus<\/li>\n<\/ul>\n<p>&nbsp;<\/p>\n","protected":false},"featured_media":34407,"template":"","meta":[],"product_brand":[],"product_cat":[712,398],"product_tag":[],"class_list":{"0":"post-35623","1":"product","2":"type-product","3":"status-publish","4":"has-post-thumbnail","6":"product_cat-vakiomuotoiset-modulaariset-hyllyt-100kg-levyalue","7":"product_cat-garaazhi-ja-panipaika-fi","9":"first","10":"instock","11":"taxable","12":"shipping-taxable","13":"purchasable","14":"product-type-simple"},"yoast_head":"<!-- This site is optimized with the Yoast SEO plugin v27.5 - https:\/\/yoast.com\/product\/yoast-seo-wordpress\/ -->\n<title>Hyllylevy 1500x400 STANDARD, 150 kg, RAL7038, vaaleanharmaa. - Balti Laomeister<\/title>\n<meta name=\"robots\" content=\"index, follow, max-snippet:-1, max-image-preview:large, max-video-preview:-1\" \/>\n<link rel=\"canonical\" href=\"https:\/\/www.laomeister.com\/fi\/toode\/hyllylevy-1500x400-standard-150-kg-ral7038-vaaleanharmaa\/\" \/>\n<meta property=\"og:locale\" content=\"fi_FI\" \/>\n<meta property=\"og:type\" content=\"article\" \/>\n<meta property=\"og:title\" content=\"Hyllylevy 1500x400 STANDARD, 150 kg, RAL7038, vaaleanharmaa. - Balti Laomeister\" \/>\n<meta property=\"og:description\" content=\"Hyllyt jauhemaalattua metallilevy\u00e4  Mitat - 1500x400 mm  RAL 7838, vaaleanharmaa  Hyllyn kantavuus tasaisesti jakautuneelle kuormalle 150 kg  V\u00e4himm\u00e4isostom\u00e4\u00e4r\u00e4 6 kpl, pakkaus &nbsp;\" \/>\n<meta property=\"og:url\" content=\"https:\/\/www.laomeister.com\/fi\/toode\/hyllylevy-1500x400-standard-150-kg-ral7038-vaaleanharmaa\/\" \/>\n<meta property=\"og:site_name\" content=\"Balti Laomeister\" \/>\n<meta property=\"og:image\" content=\"https:\/\/www.laomeister.com\/wp-content\/uploads\/2024\/04\/image-4.jpeg\" \/>\n\t<meta property=\"og:image:width\" content=\"1000\" \/>\n\t<meta property=\"og:image:height\" content=\"750\" \/>\n\t<meta property=\"og:image:type\" content=\"image\/jpeg\" \/>\n<meta name=\"twitter:card\" content=\"summary_large_image\" \/>\n<script type=\"application\/ld+json\" class=\"yoast-schema-graph\">{\"@context\":\"https:\\\/\\\/schema.org\",\"@graph\":[{\"@type\":\"WebPage\",\"@id\":\"https:\\\/\\\/www.laomeister.com\\\/fi\\\/toode\\\/hyllylevy-1500x400-standard-150-kg-ral7038-vaaleanharmaa\\\/\",\"url\":\"https:\\\/\\\/www.laomeister.com\\\/fi\\\/toode\\\/hyllylevy-1500x400-standard-150-kg-ral7038-vaaleanharmaa\\\/\",\"name\":\"Hyllylevy 1500x400 STANDARD, 150 kg, RAL7038, vaaleanharmaa. - Balti Laomeister\",\"isPartOf\":{\"@id\":\"https:\\\/\\\/www.laomeister.com\\\/fi\\\/#website\"},\"primaryImageOfPage\":{\"@id\":\"https:\\\/\\\/www.laomeister.com\\\/fi\\\/toode\\\/hyllylevy-1500x400-standard-150-kg-ral7038-vaaleanharmaa\\\/#primaryimage\"},\"image\":{\"@id\":\"https:\\\/\\\/www.laomeister.com\\\/fi\\\/toode\\\/hyllylevy-1500x400-standard-150-kg-ral7038-vaaleanharmaa\\\/#primaryimage\"},\"thumbnailUrl\":\"https:\\\/\\\/www.laomeister.com\\\/wp-content\\\/uploads\\\/2024\\\/04\\\/image-4.jpeg\",\"datePublished\":\"2024-07-02T17:11:50+00:00\",\"breadcrumb\":{\"@id\":\"https:\\\/\\\/www.laomeister.com\\\/fi\\\/toode\\\/hyllylevy-1500x400-standard-150-kg-ral7038-vaaleanharmaa\\\/#breadcrumb\"},\"inLanguage\":\"fi\",\"potentialAction\":[{\"@type\":\"ReadAction\",\"target\":[\"https:\\\/\\\/www.laomeister.com\\\/fi\\\/toode\\\/hyllylevy-1500x400-standard-150-kg-ral7038-vaaleanharmaa\\\/\"]}]},{\"@type\":\"ImageObject\",\"inLanguage\":\"fi\",\"@id\":\"https:\\\/\\\/www.laomeister.com\\\/fi\\\/toode\\\/hyllylevy-1500x400-standard-150-kg-ral7038-vaaleanharmaa\\\/#primaryimage\",\"url\":\"https:\\\/\\\/www.laomeister.com\\\/wp-content\\\/uploads\\\/2024\\\/04\\\/image-4.jpeg\",\"contentUrl\":\"https:\\\/\\\/www.laomeister.com\\\/wp-content\\\/uploads\\\/2024\\\/04\\\/image-4.jpeg\",\"width\":1000,\"height\":750},{\"@type\":\"BreadcrumbList\",\"@id\":\"https:\\\/\\\/www.laomeister.com\\\/fi\\\/toode\\\/hyllylevy-1500x400-standard-150-kg-ral7038-vaaleanharmaa\\\/#breadcrumb\",\"itemListElement\":[{\"@type\":\"ListItem\",\"position\":1,\"name\":\"Home\",\"item\":\"https:\\\/\\\/www.laomeister.com\\\/fi\\\/\"},{\"@type\":\"ListItem\",\"position\":2,\"name\":\"Tuotteet\",\"item\":\"https:\\\/\\\/www.laomeister.com\\\/fi\\\/tuotteet\\\/\"},{\"@type\":\"ListItem\",\"position\":3,\"name\":\"Hyllylevy 1500&#215;400 STANDARD, 150 kg, RAL7038, vaaleanharmaa.\"}]},{\"@type\":\"WebSite\",\"@id\":\"https:\\\/\\\/www.laomeister.com\\\/fi\\\/#website\",\"url\":\"https:\\\/\\\/www.laomeister.com\\\/fi\\\/\",\"name\":\"Balti Laomeister\",\"description\":\"Laoriiulid - m&uuml;&uuml;k ja paigaldus\",\"potentialAction\":[{\"@type\":\"SearchAction\",\"target\":{\"@type\":\"EntryPoint\",\"urlTemplate\":\"https:\\\/\\\/www.laomeister.com\\\/fi\\\/?s={search_term_string}\"},\"query-input\":{\"@type\":\"PropertyValueSpecification\",\"valueRequired\":true,\"valueName\":\"search_term_string\"}}],\"inLanguage\":\"fi\"}]}<\/script>\n<!-- \/ Yoast SEO plugin. -->","yoast_head_json":{"title":"Hyllylevy 1500x400 STANDARD, 150 kg, RAL7038, vaaleanharmaa. - Balti Laomeister","robots":{"index":"index","follow":"follow","max-snippet":"max-snippet:-1","max-image-preview":"max-image-preview:large","max-video-preview":"max-video-preview:-1"},"canonical":"https:\/\/www.laomeister.com\/fi\/toode\/hyllylevy-1500x400-standard-150-kg-ral7038-vaaleanharmaa\/","og_locale":"fi_FI","og_type":"article","og_title":"Hyllylevy 1500x400 STANDARD, 150 kg, RAL7038, vaaleanharmaa. - Balti Laomeister","og_description":"Hyllyt jauhemaalattua metallilevy\u00e4  Mitat - 1500x400 mm  RAL 7838, vaaleanharmaa  Hyllyn kantavuus tasaisesti jakautuneelle kuormalle 150 kg  V\u00e4himm\u00e4isostom\u00e4\u00e4r\u00e4 6 kpl, pakkaus &nbsp;","og_url":"https:\/\/www.laomeister.com\/fi\/toode\/hyllylevy-1500x400-standard-150-kg-ral7038-vaaleanharmaa\/","og_site_name":"Balti Laomeister","og_image":[{"width":1000,"height":750,"url":"https:\/\/www.laomeister.com\/wp-content\/uploads\/2024\/04\/image-4.jpeg","type":"image\/jpeg"}],"twitter_card":"summary_large_image","schema":{"@context":"https:\/\/schema.org","@graph":[{"@type":"WebPage","@id":"https:\/\/www.laomeister.com\/fi\/toode\/hyllylevy-1500x400-standard-150-kg-ral7038-vaaleanharmaa\/","url":"https:\/\/www.laomeister.com\/fi\/toode\/hyllylevy-1500x400-standard-150-kg-ral7038-vaaleanharmaa\/","name":"Hyllylevy 1500x400 STANDARD, 150 kg, RAL7038, vaaleanharmaa. - Balti Laomeister","isPartOf":{"@id":"https:\/\/www.laomeister.com\/fi\/#website"},"primaryImageOfPage":{"@id":"https:\/\/www.laomeister.com\/fi\/toode\/hyllylevy-1500x400-standard-150-kg-ral7038-vaaleanharmaa\/#primaryimage"},"image":{"@id":"https:\/\/www.laomeister.com\/fi\/toode\/hyllylevy-1500x400-standard-150-kg-ral7038-vaaleanharmaa\/#primaryimage"},"thumbnailUrl":"https:\/\/www.laomeister.com\/wp-content\/uploads\/2024\/04\/image-4.jpeg","datePublished":"2024-07-02T17:11:50+00:00","breadcrumb":{"@id":"https:\/\/www.laomeister.com\/fi\/toode\/hyllylevy-1500x400-standard-150-kg-ral7038-vaaleanharmaa\/#breadcrumb"},"inLanguage":"fi","potentialAction":[{"@type":"ReadAction","target":["https:\/\/www.laomeister.com\/fi\/toode\/hyllylevy-1500x400-standard-150-kg-ral7038-vaaleanharmaa\/"]}]},{"@type":"ImageObject","inLanguage":"fi","@id":"https:\/\/www.laomeister.com\/fi\/toode\/hyllylevy-1500x400-standard-150-kg-ral7038-vaaleanharmaa\/#primaryimage","url":"https:\/\/www.laomeister.com\/wp-content\/uploads\/2024\/04\/image-4.jpeg","contentUrl":"https:\/\/www.laomeister.com\/wp-content\/uploads\/2024\/04\/image-4.jpeg","width":1000,"height":750},{"@type":"BreadcrumbList","@id":"https:\/\/www.laomeister.com\/fi\/toode\/hyllylevy-1500x400-standard-150-kg-ral7038-vaaleanharmaa\/#breadcrumb","itemListElement":[{"@type":"ListItem","position":1,"name":"Home","item":"https:\/\/www.laomeister.com\/fi\/"},{"@type":"ListItem","position":2,"name":"Tuotteet","item":"https:\/\/www.laomeister.com\/fi\/tuotteet\/"},{"@type":"ListItem","position":3,"name":"Hyllylevy 1500&#215;400 STANDARD, 150 kg, RAL7038, vaaleanharmaa."}]},{"@type":"WebSite","@id":"https:\/\/www.laomeister.com\/fi\/#website","url":"https:\/\/www.laomeister.com\/fi\/","name":"Balti Laomeister","description":"Laoriiulid - m&uuml;&uuml;k ja paigaldus","potentialAction":[{"@type":"SearchAction","target":{"@type":"EntryPoint","urlTemplate":"https:\/\/www.laomeister.com\/fi\/?s={search_term_string}"},"query-input":{"@type":"PropertyValueSpecification","valueRequired":true,"valueName":"search_term_string"}}],"inLanguage":"fi"}]}},"_links":{"self":[{"href":"https:\/\/www.laomeister.com\/fi\/wp-json\/wp\/v2\/product\/35623","targetHints":{"allow":["GET"]}}],"collection":[{"href":"https:\/\/www.laomeister.com\/fi\/wp-json\/wp\/v2\/product"}],"about":[{"href":"https:\/\/www.laomeister.com\/fi\/wp-json\/wp\/v2\/types\/product"}],"wp:featuredmedia":[{"embeddable":true,"href":"https:\/\/www.laomeister.com\/fi\/wp-json\/wp\/v2\/media\/34407"}],"wp:attachment":[{"href":"https:\/\/www.laomeister.com\/fi\/wp-json\/wp\/v2\/media?parent=35623"}],"wp:term":[{"taxonomy":"product_brand","embeddable":true,"href":"https:\/\/www.laomeister.com\/fi\/wp-json\/wp\/v2\/product_brand?post=35623"},{"taxonomy":"product_cat","embeddable":true,"href":"https:\/\/www.laomeister.com\/fi\/wp-json\/wp\/v2\/product_cat?post=35623"},{"taxonomy":"product_tag","embeddable":true,"href":"https:\/\/www.laomeister.com\/fi\/wp-json\/wp\/v2\/product_tag?post=35623"}],"curies":[{"name":"wp","href":"https:\/\/api.w.org\/{rel}","templated":true}]}}