{"id":35603,"date":"2024-02-19T11:34:38","date_gmt":"2024-07-02T17:10:59","guid":{"rendered":"https:\/\/www.laomeister.com\/toode\/u-paino-850x100x1200-mm-3000-kg-ssnd3000\/"},"modified":"2024-07-02T20:10:59","modified_gmt":"2024-07-02T17:10:59","slug":"u-paino-850x100x1200-mm-3000-kg-ssnd3000","status":"publish","type":"product","link":"https:\/\/www.laomeister.com\/fi\/toode\/u-paino-850x100x1200-mm-3000-kg-ssnd3000\/","title":{"rendered":"U-paino 850x100x1200 mm, 3000 kg, SSND3000"},"content":{"rendered":"","protected":false},"excerpt":{"rendered":"<p>Suunniteltu erityisesti trukkien ja alustojen kanssa k\u00e4ytett\u00e4v\u00e4ksi, hyv\u00e4laatuista ter\u00e4st\u00e4, musta pulverimaalaus.<\/p>\n<p><strong>Punnituskapasiteetti:<\/strong> 300kg &#8211; 3000kg<br \/>\n<strong>Yksikk\u00f6arvo:<\/strong> 100g &#8211; 2kg<br \/>\n<strong>Mitat:<\/strong> 1260mm x 840mm<br \/>\n<strong>K\u00e4ytt\u00f6l\u00e4mp\u00f6tila:<\/strong> -10\u00b0C &#8211; +40\u00b0C<br \/>\n<strong>Toiminnot:<\/strong> nollaus, 100 %:n taara, brutto-\/nettopainotus.<br \/>\n<strong>Ilmaisin:<\/strong> suuri taustavalaistu LCD-n\u00e4ytt\u00f6 (25 mm korkeat numerot)<br \/>\n<strong>S\u00e4\u00e4suojaus:<\/strong> IP67<\/p>\n","protected":false},"featured_media":33330,"template":"","meta":[],"product_brand":[],"product_cat":[724,276],"product_tag":[],"class_list":{"0":"post-35603","1":"product","2":"type-product","3":"status-publish","4":"has-post-thumbnail","6":"product_cat-basics-fi","7":"product_cat-laomoobel-fi","9":"first","10":"instock","11":"sale","12":"taxable","13":"shipping-taxable","14":"purchasable","15":"product-type-simple"},"yoast_head":"<!-- This site is optimized with the Yoast SEO plugin v27.3 - https:\/\/yoast.com\/product\/yoast-seo-wordpress\/ -->\n<title>U-paino 850x100x1200 mm, 3000 kg, SSND3000 - Balti Laomeister<\/title>\n<meta name=\"robots\" content=\"index, follow, max-snippet:-1, max-image-preview:large, max-video-preview:-1\" \/>\n<link rel=\"canonical\" href=\"https:\/\/www.laomeister.com\/fi\/toode\/u-paino-850x100x1200-mm-3000-kg-ssnd3000\/\" \/>\n<meta property=\"og:locale\" content=\"fi_FI\" \/>\n<meta property=\"og:type\" content=\"article\" \/>\n<meta property=\"og:title\" content=\"U-paino 850x100x1200 mm, 3000 kg, SSND3000 - Balti Laomeister\" \/>\n<meta property=\"og:description\" content=\"Suunniteltu erityisesti trukkien ja alustojen kanssa k\u00e4ytett\u00e4v\u00e4ksi, hyv\u00e4laatuista ter\u00e4st\u00e4, musta pulverimaalaus. Punnituskapasiteetti: 300kg - 3000kg Yksikk\u00f6arvo: 100g - 2kg Mitat: 1260mm x 840mm K\u00e4ytt\u00f6l\u00e4mp\u00f6tila: -10\u00b0C - +40\u00b0C Toiminnot: nollaus, 100 %:n taara, brutto-\/nettopainotus. Ilmaisin: suuri taustavalaistu LCD-n\u00e4ytt\u00f6 (25 mm korkeat numerot) S\u00e4\u00e4suojaus: IP67\" \/>\n<meta property=\"og:url\" content=\"https:\/\/www.laomeister.com\/fi\/toode\/u-paino-850x100x1200-mm-3000-kg-ssnd3000\/\" \/>\n<meta property=\"og:site_name\" content=\"Balti Laomeister\" \/>\n<meta property=\"og:image\" content=\"https:\/\/www.laomeister.com\/wp-content\/uploads\/2024\/02\/ND3000-1.jpg\" \/>\n\t<meta property=\"og:image:width\" content=\"1900\" \/>\n\t<meta property=\"og:image:height\" content=\"1920\" \/>\n\t<meta property=\"og:image:type\" content=\"image\/jpeg\" \/>\n<meta name=\"twitter:card\" content=\"summary_large_image\" \/>\n<script type=\"application\/ld+json\" class=\"yoast-schema-graph\">{\"@context\":\"https:\\\/\\\/schema.org\",\"@graph\":[{\"@type\":\"WebPage\",\"@id\":\"https:\\\/\\\/www.laomeister.com\\\/fi\\\/toode\\\/u-paino-850x100x1200-mm-3000-kg-ssnd3000\\\/\",\"url\":\"https:\\\/\\\/www.laomeister.com\\\/fi\\\/toode\\\/u-paino-850x100x1200-mm-3000-kg-ssnd3000\\\/\",\"name\":\"U-paino 850x100x1200 mm, 3000 kg, SSND3000 - Balti Laomeister\",\"isPartOf\":{\"@id\":\"https:\\\/\\\/www.laomeister.com\\\/fi\\\/#website\"},\"primaryImageOfPage\":{\"@id\":\"https:\\\/\\\/www.laomeister.com\\\/fi\\\/toode\\\/u-paino-850x100x1200-mm-3000-kg-ssnd3000\\\/#primaryimage\"},\"image\":{\"@id\":\"https:\\\/\\\/www.laomeister.com\\\/fi\\\/toode\\\/u-paino-850x100x1200-mm-3000-kg-ssnd3000\\\/#primaryimage\"},\"thumbnailUrl\":\"https:\\\/\\\/www.laomeister.com\\\/wp-content\\\/uploads\\\/2024\\\/02\\\/ND3000-1.jpg\",\"datePublished\":\"2024-07-02T17:10:59+00:00\",\"breadcrumb\":{\"@id\":\"https:\\\/\\\/www.laomeister.com\\\/fi\\\/toode\\\/u-paino-850x100x1200-mm-3000-kg-ssnd3000\\\/#breadcrumb\"},\"inLanguage\":\"fi\",\"potentialAction\":[{\"@type\":\"ReadAction\",\"target\":[\"https:\\\/\\\/www.laomeister.com\\\/fi\\\/toode\\\/u-paino-850x100x1200-mm-3000-kg-ssnd3000\\\/\"]}]},{\"@type\":\"ImageObject\",\"inLanguage\":\"fi\",\"@id\":\"https:\\\/\\\/www.laomeister.com\\\/fi\\\/toode\\\/u-paino-850x100x1200-mm-3000-kg-ssnd3000\\\/#primaryimage\",\"url\":\"https:\\\/\\\/www.laomeister.com\\\/wp-content\\\/uploads\\\/2024\\\/02\\\/ND3000-1.jpg\",\"contentUrl\":\"https:\\\/\\\/www.laomeister.com\\\/wp-content\\\/uploads\\\/2024\\\/02\\\/ND3000-1.jpg\",\"width\":1900,\"height\":1920},{\"@type\":\"BreadcrumbList\",\"@id\":\"https:\\\/\\\/www.laomeister.com\\\/fi\\\/toode\\\/u-paino-850x100x1200-mm-3000-kg-ssnd3000\\\/#breadcrumb\",\"itemListElement\":[{\"@type\":\"ListItem\",\"position\":1,\"name\":\"Home\",\"item\":\"https:\\\/\\\/www.laomeister.com\\\/fi\\\/\"},{\"@type\":\"ListItem\",\"position\":2,\"name\":\"Tuotteet\",\"item\":\"https:\\\/\\\/www.laomeister.com\\\/fi\\\/tuotteet\\\/\"},{\"@type\":\"ListItem\",\"position\":3,\"name\":\"U-paino 850x100x1200 mm, 3000 kg, SSND3000\"}]},{\"@type\":\"WebSite\",\"@id\":\"https:\\\/\\\/www.laomeister.com\\\/fi\\\/#website\",\"url\":\"https:\\\/\\\/www.laomeister.com\\\/fi\\\/\",\"name\":\"Balti Laomeister\",\"description\":\"Laoriiulid - m&uuml;&uuml;k ja paigaldus\",\"potentialAction\":[{\"@type\":\"SearchAction\",\"target\":{\"@type\":\"EntryPoint\",\"urlTemplate\":\"https:\\\/\\\/www.laomeister.com\\\/fi\\\/?s={search_term_string}\"},\"query-input\":{\"@type\":\"PropertyValueSpecification\",\"valueRequired\":true,\"valueName\":\"search_term_string\"}}],\"inLanguage\":\"fi\"}]}<\/script>\n<!-- \/ Yoast SEO plugin. -->","yoast_head_json":{"title":"U-paino 850x100x1200 mm, 3000 kg, SSND3000 - Balti Laomeister","robots":{"index":"index","follow":"follow","max-snippet":"max-snippet:-1","max-image-preview":"max-image-preview:large","max-video-preview":"max-video-preview:-1"},"canonical":"https:\/\/www.laomeister.com\/fi\/toode\/u-paino-850x100x1200-mm-3000-kg-ssnd3000\/","og_locale":"fi_FI","og_type":"article","og_title":"U-paino 850x100x1200 mm, 3000 kg, SSND3000 - Balti Laomeister","og_description":"Suunniteltu erityisesti trukkien ja alustojen kanssa k\u00e4ytett\u00e4v\u00e4ksi, hyv\u00e4laatuista ter\u00e4st\u00e4, musta pulverimaalaus. Punnituskapasiteetti: 300kg - 3000kg Yksikk\u00f6arvo: 100g - 2kg Mitat: 1260mm x 840mm K\u00e4ytt\u00f6l\u00e4mp\u00f6tila: -10\u00b0C - +40\u00b0C Toiminnot: nollaus, 100 %:n taara, brutto-\/nettopainotus. Ilmaisin: suuri taustavalaistu LCD-n\u00e4ytt\u00f6 (25 mm korkeat numerot) S\u00e4\u00e4suojaus: IP67","og_url":"https:\/\/www.laomeister.com\/fi\/toode\/u-paino-850x100x1200-mm-3000-kg-ssnd3000\/","og_site_name":"Balti Laomeister","og_image":[{"width":1900,"height":1920,"url":"https:\/\/www.laomeister.com\/wp-content\/uploads\/2024\/02\/ND3000-1.jpg","type":"image\/jpeg"}],"twitter_card":"summary_large_image","schema":{"@context":"https:\/\/schema.org","@graph":[{"@type":"WebPage","@id":"https:\/\/www.laomeister.com\/fi\/toode\/u-paino-850x100x1200-mm-3000-kg-ssnd3000\/","url":"https:\/\/www.laomeister.com\/fi\/toode\/u-paino-850x100x1200-mm-3000-kg-ssnd3000\/","name":"U-paino 850x100x1200 mm, 3000 kg, SSND3000 - Balti Laomeister","isPartOf":{"@id":"https:\/\/www.laomeister.com\/fi\/#website"},"primaryImageOfPage":{"@id":"https:\/\/www.laomeister.com\/fi\/toode\/u-paino-850x100x1200-mm-3000-kg-ssnd3000\/#primaryimage"},"image":{"@id":"https:\/\/www.laomeister.com\/fi\/toode\/u-paino-850x100x1200-mm-3000-kg-ssnd3000\/#primaryimage"},"thumbnailUrl":"https:\/\/www.laomeister.com\/wp-content\/uploads\/2024\/02\/ND3000-1.jpg","datePublished":"2024-07-02T17:10:59+00:00","breadcrumb":{"@id":"https:\/\/www.laomeister.com\/fi\/toode\/u-paino-850x100x1200-mm-3000-kg-ssnd3000\/#breadcrumb"},"inLanguage":"fi","potentialAction":[{"@type":"ReadAction","target":["https:\/\/www.laomeister.com\/fi\/toode\/u-paino-850x100x1200-mm-3000-kg-ssnd3000\/"]}]},{"@type":"ImageObject","inLanguage":"fi","@id":"https:\/\/www.laomeister.com\/fi\/toode\/u-paino-850x100x1200-mm-3000-kg-ssnd3000\/#primaryimage","url":"https:\/\/www.laomeister.com\/wp-content\/uploads\/2024\/02\/ND3000-1.jpg","contentUrl":"https:\/\/www.laomeister.com\/wp-content\/uploads\/2024\/02\/ND3000-1.jpg","width":1900,"height":1920},{"@type":"BreadcrumbList","@id":"https:\/\/www.laomeister.com\/fi\/toode\/u-paino-850x100x1200-mm-3000-kg-ssnd3000\/#breadcrumb","itemListElement":[{"@type":"ListItem","position":1,"name":"Home","item":"https:\/\/www.laomeister.com\/fi\/"},{"@type":"ListItem","position":2,"name":"Tuotteet","item":"https:\/\/www.laomeister.com\/fi\/tuotteet\/"},{"@type":"ListItem","position":3,"name":"U-paino 850x100x1200 mm, 3000 kg, SSND3000"}]},{"@type":"WebSite","@id":"https:\/\/www.laomeister.com\/fi\/#website","url":"https:\/\/www.laomeister.com\/fi\/","name":"Balti Laomeister","description":"Laoriiulid - m&uuml;&uuml;k ja paigaldus","potentialAction":[{"@type":"SearchAction","target":{"@type":"EntryPoint","urlTemplate":"https:\/\/www.laomeister.com\/fi\/?s={search_term_string}"},"query-input":{"@type":"PropertyValueSpecification","valueRequired":true,"valueName":"search_term_string"}}],"inLanguage":"fi"}]}},"_links":{"self":[{"href":"https:\/\/www.laomeister.com\/fi\/wp-json\/wp\/v2\/product\/35603","targetHints":{"allow":["GET"]}}],"collection":[{"href":"https:\/\/www.laomeister.com\/fi\/wp-json\/wp\/v2\/product"}],"about":[{"href":"https:\/\/www.laomeister.com\/fi\/wp-json\/wp\/v2\/types\/product"}],"wp:featuredmedia":[{"embeddable":true,"href":"https:\/\/www.laomeister.com\/fi\/wp-json\/wp\/v2\/media\/33330"}],"wp:attachment":[{"href":"https:\/\/www.laomeister.com\/fi\/wp-json\/wp\/v2\/media?parent=35603"}],"wp:term":[{"taxonomy":"product_brand","embeddable":true,"href":"https:\/\/www.laomeister.com\/fi\/wp-json\/wp\/v2\/product_brand?post=35603"},{"taxonomy":"product_cat","embeddable":true,"href":"https:\/\/www.laomeister.com\/fi\/wp-json\/wp\/v2\/product_cat?post=35603"},{"taxonomy":"product_tag","embeddable":true,"href":"https:\/\/www.laomeister.com\/fi\/wp-json\/wp\/v2\/product_tag?post=35603"}],"curies":[{"name":"wp","href":"https:\/\/api.w.org\/{rel}","templated":true}]}}