{"id":25066,"date":"2021-07-30T13:04:17","date_gmt":"2021-07-30T10:04:17","guid":{"rendered":"https:\/\/www.laomeister.com\/?post_type=product&#038;p=25066"},"modified":"2025-01-23T09:28:05","modified_gmt":"2025-01-23T07:28:05","slug":"tookojakapp-swed-3-2000x1000x500-mm-kopeeri-kopeeri-kopeeri-kopeeri-kopeeri-kopeeri-kopeeri-kopeeri-kopeeri-kopeeri-kopeeri-kopeeri-kopeeri-kopeeri-kopeeri-kopeeri-kop-2","status":"publish","type":"product","link":"https:\/\/www.laomeister.com\/fi\/toode\/tookojakapp-swed-3-2000x1000x500-mm-kopeeri-kopeeri-kopeeri-kopeeri-kopeeri-kopeeri-kopeeri-kopeeri-kopeeri-kopeeri-kopeeri-kopeeri-kopeeri-kopeeri-kopeeri-kopeeri-kop-2\/","title":{"rendered":"Kuivauskaappi, kuivausrumpu 5"},"content":{"rendered":"","protected":false},"excerpt":{"rendered":"<ul>\n<li>Kuivauskaappi<\/li>\n<li>Ulkomitat (korkeus x pituus x leveys): 2025x1500x600 mm.<\/li>\n<li>&lt; Melutaso: 45dB(A)<\/li>\n<li>Energiankulutus: 2,68 kWh<\/li>\n<li>S\u00e4hk\u00f6: 220V, 10A, 2260W teho l\u00e4mmitin<\/li>\n<li>Kuivausj\u00e4rjestelm\u00e4: Ilmanpoisto, varustettu ilmanvaihtoliit\u00e4nn\u00f6ill\u00e4.<\/li>\n<li>Lukitustyyppi: lukittava kahva, avainlukko<\/li>\n<li>Puhaltimen kapasiteetti: 720m\u00b3\/t<\/li>\n<li>Suojausluokka: IP24<\/li>\n<li>Hyllyn j\u00e4ljell\u00e4 oleva kuormituskapasiteetti: 10 kg.<\/li>\n<li><span class=\"jz w\">Ripustusputken kantavuus: 50 kg.<\/span><\/li>\n<li>Varusteet: kumimatot<\/li>\n<li>V\u00e4ri: runko puolimatta RAL 7024\/7038<\/li>\n<li>Paino: 190 kg<\/li>\n<li>Kokoaminen: Monteeritud<\/li>\n<\/ul>\n<p>&nbsp;<\/p>\n<p>&nbsp;<\/p>\n","protected":false},"featured_media":25070,"template":"","meta":[],"product_brand":[],"product_cat":[278,737],"product_tag":[],"class_list":{"0":"post-25066","1":"product","2":"type-product","3":"status-publish","4":"has-post-thumbnail","6":"product_cat-metallkapid-fi","7":"product_cat-kuivauskappaleet","9":"first","10":"instock","11":"sale","12":"taxable","13":"shipping-taxable","14":"purchasable","15":"product-type-simple"},"yoast_head":"<!-- This site is optimized with the Yoast SEO plugin v27.3 - https:\/\/yoast.com\/product\/yoast-seo-wordpress\/ -->\n<title>Kuivauskaappi, kuivausrumpu 5 - Balti Laomeister<\/title>\n<meta name=\"robots\" content=\"index, follow, max-snippet:-1, max-image-preview:large, max-video-preview:-1\" \/>\n<link rel=\"canonical\" href=\"https:\/\/www.laomeister.com\/fi\/toode\/tookojakapp-swed-3-2000x1000x500-mm-kopeeri-kopeeri-kopeeri-kopeeri-kopeeri-kopeeri-kopeeri-kopeeri-kopeeri-kopeeri-kopeeri-kopeeri-kopeeri-kopeeri-kopeeri-kopeeri-kop-2\/\" \/>\n<meta property=\"og:locale\" content=\"fi_FI\" \/>\n<meta property=\"og:type\" content=\"article\" \/>\n<meta property=\"og:title\" content=\"Kuivauskaappi, kuivausrumpu 5 - Balti Laomeister\" \/>\n<meta property=\"og:description\" content=\"Kuivauskaappi  Ulkomitat (korkeus x pituus x leveys): 2025x1500x600 mm.  &lt; Melutaso: 45dB(A)  Energiankulutus: 2,68 kWh  S\u00e4hk\u00f6: 220V, 10A, 2260W teho l\u00e4mmitin  Kuivausj\u00e4rjestelm\u00e4: Ilmanpoisto, varustettu ilmanvaihtoliit\u00e4nn\u00f6ill\u00e4.  Lukitustyyppi: lukittava kahva, avainlukko  Puhaltimen kapasiteetti: 720m\u00b3\/t  Suojausluokka: IP24  Hyllyn j\u00e4ljell\u00e4 oleva kuormituskapasiteetti: 10 kg.  Ripustusputken kantavuus: 50 kg.  Varusteet: kumimatot  V\u00e4ri: runko puolimatta RAL 7024\/7038  Paino: 190 kg  Kokoaminen: Monteeritud  &nbsp;  &nbsp;\" \/>\n<meta property=\"og:url\" content=\"https:\/\/www.laomeister.com\/fi\/toode\/tookojakapp-swed-3-2000x1000x500-mm-kopeeri-kopeeri-kopeeri-kopeeri-kopeeri-kopeeri-kopeeri-kopeeri-kopeeri-kopeeri-kopeeri-kopeeri-kopeeri-kopeeri-kopeeri-kopeeri-kop-2\/\" \/>\n<meta property=\"og:site_name\" content=\"Balti Laomeister\" \/>\n<meta property=\"article:modified_time\" content=\"2025-01-23T07:28:05+00:00\" \/>\n<meta property=\"og:image\" content=\"https:\/\/www.laomeister.com\/wp-content\/uploads\/2021\/07\/sahara_5_big.jpg\" \/>\n\t<meta property=\"og:image:width\" content=\"1024\" \/>\n\t<meta property=\"og:image:height\" content=\"768\" \/>\n\t<meta property=\"og:image:type\" content=\"image\/jpeg\" \/>\n<meta name=\"twitter:card\" content=\"summary_large_image\" \/>\n<meta name=\"twitter:label1\" content=\"Arvioitu lukuaika\" \/>\n\t<meta name=\"twitter:data1\" content=\"1 minuutti\" \/>\n<script type=\"application\/ld+json\" class=\"yoast-schema-graph\">{\"@context\":\"https:\\\/\\\/schema.org\",\"@graph\":[{\"@type\":\"WebPage\",\"@id\":\"https:\\\/\\\/www.laomeister.com\\\/fi\\\/toode\\\/tookojakapp-swed-3-2000x1000x500-mm-kopeeri-kopeeri-kopeeri-kopeeri-kopeeri-kopeeri-kopeeri-kopeeri-kopeeri-kopeeri-kopeeri-kopeeri-kopeeri-kopeeri-kopeeri-kopeeri-kop-2\\\/\",\"url\":\"https:\\\/\\\/www.laomeister.com\\\/fi\\\/toode\\\/tookojakapp-swed-3-2000x1000x500-mm-kopeeri-kopeeri-kopeeri-kopeeri-kopeeri-kopeeri-kopeeri-kopeeri-kopeeri-kopeeri-kopeeri-kopeeri-kopeeri-kopeeri-kopeeri-kopeeri-kop-2\\\/\",\"name\":\"Kuivauskaappi, kuivausrumpu 5 - Balti Laomeister\",\"isPartOf\":{\"@id\":\"https:\\\/\\\/www.laomeister.com\\\/fi\\\/#website\"},\"primaryImageOfPage\":{\"@id\":\"https:\\\/\\\/www.laomeister.com\\\/fi\\\/toode\\\/tookojakapp-swed-3-2000x1000x500-mm-kopeeri-kopeeri-kopeeri-kopeeri-kopeeri-kopeeri-kopeeri-kopeeri-kopeeri-kopeeri-kopeeri-kopeeri-kopeeri-kopeeri-kopeeri-kopeeri-kop-2\\\/#primaryimage\"},\"image\":{\"@id\":\"https:\\\/\\\/www.laomeister.com\\\/fi\\\/toode\\\/tookojakapp-swed-3-2000x1000x500-mm-kopeeri-kopeeri-kopeeri-kopeeri-kopeeri-kopeeri-kopeeri-kopeeri-kopeeri-kopeeri-kopeeri-kopeeri-kopeeri-kopeeri-kopeeri-kopeeri-kop-2\\\/#primaryimage\"},\"thumbnailUrl\":\"https:\\\/\\\/www.laomeister.com\\\/wp-content\\\/uploads\\\/2021\\\/07\\\/sahara_5_big.jpg\",\"datePublished\":\"2021-07-30T10:04:17+00:00\",\"dateModified\":\"2025-01-23T07:28:05+00:00\",\"breadcrumb\":{\"@id\":\"https:\\\/\\\/www.laomeister.com\\\/fi\\\/toode\\\/tookojakapp-swed-3-2000x1000x500-mm-kopeeri-kopeeri-kopeeri-kopeeri-kopeeri-kopeeri-kopeeri-kopeeri-kopeeri-kopeeri-kopeeri-kopeeri-kopeeri-kopeeri-kopeeri-kopeeri-kop-2\\\/#breadcrumb\"},\"inLanguage\":\"fi\",\"potentialAction\":[{\"@type\":\"ReadAction\",\"target\":[\"https:\\\/\\\/www.laomeister.com\\\/fi\\\/toode\\\/tookojakapp-swed-3-2000x1000x500-mm-kopeeri-kopeeri-kopeeri-kopeeri-kopeeri-kopeeri-kopeeri-kopeeri-kopeeri-kopeeri-kopeeri-kopeeri-kopeeri-kopeeri-kopeeri-kopeeri-kop-2\\\/\"]}]},{\"@type\":\"ImageObject\",\"inLanguage\":\"fi\",\"@id\":\"https:\\\/\\\/www.laomeister.com\\\/fi\\\/toode\\\/tookojakapp-swed-3-2000x1000x500-mm-kopeeri-kopeeri-kopeeri-kopeeri-kopeeri-kopeeri-kopeeri-kopeeri-kopeeri-kopeeri-kopeeri-kopeeri-kopeeri-kopeeri-kopeeri-kopeeri-kop-2\\\/#primaryimage\",\"url\":\"https:\\\/\\\/www.laomeister.com\\\/wp-content\\\/uploads\\\/2021\\\/07\\\/sahara_5_big.jpg\",\"contentUrl\":\"https:\\\/\\\/www.laomeister.com\\\/wp-content\\\/uploads\\\/2021\\\/07\\\/sahara_5_big.jpg\",\"width\":1024,\"height\":768},{\"@type\":\"BreadcrumbList\",\"@id\":\"https:\\\/\\\/www.laomeister.com\\\/fi\\\/toode\\\/tookojakapp-swed-3-2000x1000x500-mm-kopeeri-kopeeri-kopeeri-kopeeri-kopeeri-kopeeri-kopeeri-kopeeri-kopeeri-kopeeri-kopeeri-kopeeri-kopeeri-kopeeri-kopeeri-kopeeri-kop-2\\\/#breadcrumb\",\"itemListElement\":[{\"@type\":\"ListItem\",\"position\":1,\"name\":\"Home\",\"item\":\"https:\\\/\\\/www.laomeister.com\\\/fi\\\/\"},{\"@type\":\"ListItem\",\"position\":2,\"name\":\"Tuotteet\",\"item\":\"https:\\\/\\\/www.laomeister.com\\\/fi\\\/tuotteet\\\/\"},{\"@type\":\"ListItem\",\"position\":3,\"name\":\"Kuivauskaappi, kuivausrumpu 5\"}]},{\"@type\":\"WebSite\",\"@id\":\"https:\\\/\\\/www.laomeister.com\\\/fi\\\/#website\",\"url\":\"https:\\\/\\\/www.laomeister.com\\\/fi\\\/\",\"name\":\"Balti Laomeister\",\"description\":\"Laoriiulid - m&uuml;&uuml;k ja paigaldus\",\"potentialAction\":[{\"@type\":\"SearchAction\",\"target\":{\"@type\":\"EntryPoint\",\"urlTemplate\":\"https:\\\/\\\/www.laomeister.com\\\/fi\\\/?s={search_term_string}\"},\"query-input\":{\"@type\":\"PropertyValueSpecification\",\"valueRequired\":true,\"valueName\":\"search_term_string\"}}],\"inLanguage\":\"fi\"}]}<\/script>\n<!-- \/ Yoast SEO plugin. -->","yoast_head_json":{"title":"Kuivauskaappi, kuivausrumpu 5 - Balti Laomeister","robots":{"index":"index","follow":"follow","max-snippet":"max-snippet:-1","max-image-preview":"max-image-preview:large","max-video-preview":"max-video-preview:-1"},"canonical":"https:\/\/www.laomeister.com\/fi\/toode\/tookojakapp-swed-3-2000x1000x500-mm-kopeeri-kopeeri-kopeeri-kopeeri-kopeeri-kopeeri-kopeeri-kopeeri-kopeeri-kopeeri-kopeeri-kopeeri-kopeeri-kopeeri-kopeeri-kopeeri-kop-2\/","og_locale":"fi_FI","og_type":"article","og_title":"Kuivauskaappi, kuivausrumpu 5 - Balti Laomeister","og_description":"Kuivauskaappi  Ulkomitat (korkeus x pituus x leveys): 2025x1500x600 mm.  &lt; Melutaso: 45dB(A)  Energiankulutus: 2,68 kWh  S\u00e4hk\u00f6: 220V, 10A, 2260W teho l\u00e4mmitin  Kuivausj\u00e4rjestelm\u00e4: Ilmanpoisto, varustettu ilmanvaihtoliit\u00e4nn\u00f6ill\u00e4.  Lukitustyyppi: lukittava kahva, avainlukko  Puhaltimen kapasiteetti: 720m\u00b3\/t  Suojausluokka: IP24  Hyllyn j\u00e4ljell\u00e4 oleva kuormituskapasiteetti: 10 kg.  Ripustusputken kantavuus: 50 kg.  Varusteet: kumimatot  V\u00e4ri: runko puolimatta RAL 7024\/7038  Paino: 190 kg  Kokoaminen: Monteeritud  &nbsp;  &nbsp;","og_url":"https:\/\/www.laomeister.com\/fi\/toode\/tookojakapp-swed-3-2000x1000x500-mm-kopeeri-kopeeri-kopeeri-kopeeri-kopeeri-kopeeri-kopeeri-kopeeri-kopeeri-kopeeri-kopeeri-kopeeri-kopeeri-kopeeri-kopeeri-kopeeri-kop-2\/","og_site_name":"Balti Laomeister","article_modified_time":"2025-01-23T07:28:05+00:00","og_image":[{"width":1024,"height":768,"url":"https:\/\/www.laomeister.com\/wp-content\/uploads\/2021\/07\/sahara_5_big.jpg","type":"image\/jpeg"}],"twitter_card":"summary_large_image","twitter_misc":{"Arvioitu lukuaika":"1 minuutti"},"schema":{"@context":"https:\/\/schema.org","@graph":[{"@type":"WebPage","@id":"https:\/\/www.laomeister.com\/fi\/toode\/tookojakapp-swed-3-2000x1000x500-mm-kopeeri-kopeeri-kopeeri-kopeeri-kopeeri-kopeeri-kopeeri-kopeeri-kopeeri-kopeeri-kopeeri-kopeeri-kopeeri-kopeeri-kopeeri-kopeeri-kop-2\/","url":"https:\/\/www.laomeister.com\/fi\/toode\/tookojakapp-swed-3-2000x1000x500-mm-kopeeri-kopeeri-kopeeri-kopeeri-kopeeri-kopeeri-kopeeri-kopeeri-kopeeri-kopeeri-kopeeri-kopeeri-kopeeri-kopeeri-kopeeri-kopeeri-kop-2\/","name":"Kuivauskaappi, kuivausrumpu 5 - Balti Laomeister","isPartOf":{"@id":"https:\/\/www.laomeister.com\/fi\/#website"},"primaryImageOfPage":{"@id":"https:\/\/www.laomeister.com\/fi\/toode\/tookojakapp-swed-3-2000x1000x500-mm-kopeeri-kopeeri-kopeeri-kopeeri-kopeeri-kopeeri-kopeeri-kopeeri-kopeeri-kopeeri-kopeeri-kopeeri-kopeeri-kopeeri-kopeeri-kopeeri-kop-2\/#primaryimage"},"image":{"@id":"https:\/\/www.laomeister.com\/fi\/toode\/tookojakapp-swed-3-2000x1000x500-mm-kopeeri-kopeeri-kopeeri-kopeeri-kopeeri-kopeeri-kopeeri-kopeeri-kopeeri-kopeeri-kopeeri-kopeeri-kopeeri-kopeeri-kopeeri-kopeeri-kop-2\/#primaryimage"},"thumbnailUrl":"https:\/\/www.laomeister.com\/wp-content\/uploads\/2021\/07\/sahara_5_big.jpg","datePublished":"2021-07-30T10:04:17+00:00","dateModified":"2025-01-23T07:28:05+00:00","breadcrumb":{"@id":"https:\/\/www.laomeister.com\/fi\/toode\/tookojakapp-swed-3-2000x1000x500-mm-kopeeri-kopeeri-kopeeri-kopeeri-kopeeri-kopeeri-kopeeri-kopeeri-kopeeri-kopeeri-kopeeri-kopeeri-kopeeri-kopeeri-kopeeri-kopeeri-kop-2\/#breadcrumb"},"inLanguage":"fi","potentialAction":[{"@type":"ReadAction","target":["https:\/\/www.laomeister.com\/fi\/toode\/tookojakapp-swed-3-2000x1000x500-mm-kopeeri-kopeeri-kopeeri-kopeeri-kopeeri-kopeeri-kopeeri-kopeeri-kopeeri-kopeeri-kopeeri-kopeeri-kopeeri-kopeeri-kopeeri-kopeeri-kop-2\/"]}]},{"@type":"ImageObject","inLanguage":"fi","@id":"https:\/\/www.laomeister.com\/fi\/toode\/tookojakapp-swed-3-2000x1000x500-mm-kopeeri-kopeeri-kopeeri-kopeeri-kopeeri-kopeeri-kopeeri-kopeeri-kopeeri-kopeeri-kopeeri-kopeeri-kopeeri-kopeeri-kopeeri-kopeeri-kop-2\/#primaryimage","url":"https:\/\/www.laomeister.com\/wp-content\/uploads\/2021\/07\/sahara_5_big.jpg","contentUrl":"https:\/\/www.laomeister.com\/wp-content\/uploads\/2021\/07\/sahara_5_big.jpg","width":1024,"height":768},{"@type":"BreadcrumbList","@id":"https:\/\/www.laomeister.com\/fi\/toode\/tookojakapp-swed-3-2000x1000x500-mm-kopeeri-kopeeri-kopeeri-kopeeri-kopeeri-kopeeri-kopeeri-kopeeri-kopeeri-kopeeri-kopeeri-kopeeri-kopeeri-kopeeri-kopeeri-kopeeri-kop-2\/#breadcrumb","itemListElement":[{"@type":"ListItem","position":1,"name":"Home","item":"https:\/\/www.laomeister.com\/fi\/"},{"@type":"ListItem","position":2,"name":"Tuotteet","item":"https:\/\/www.laomeister.com\/fi\/tuotteet\/"},{"@type":"ListItem","position":3,"name":"Kuivauskaappi, kuivausrumpu 5"}]},{"@type":"WebSite","@id":"https:\/\/www.laomeister.com\/fi\/#website","url":"https:\/\/www.laomeister.com\/fi\/","name":"Balti Laomeister","description":"Laoriiulid - m&uuml;&uuml;k ja paigaldus","potentialAction":[{"@type":"SearchAction","target":{"@type":"EntryPoint","urlTemplate":"https:\/\/www.laomeister.com\/fi\/?s={search_term_string}"},"query-input":{"@type":"PropertyValueSpecification","valueRequired":true,"valueName":"search_term_string"}}],"inLanguage":"fi"}]}},"_links":{"self":[{"href":"https:\/\/www.laomeister.com\/fi\/wp-json\/wp\/v2\/product\/25066","targetHints":{"allow":["GET"]}}],"collection":[{"href":"https:\/\/www.laomeister.com\/fi\/wp-json\/wp\/v2\/product"}],"about":[{"href":"https:\/\/www.laomeister.com\/fi\/wp-json\/wp\/v2\/types\/product"}],"wp:featuredmedia":[{"embeddable":true,"href":"https:\/\/www.laomeister.com\/fi\/wp-json\/wp\/v2\/media\/25070"}],"wp:attachment":[{"href":"https:\/\/www.laomeister.com\/fi\/wp-json\/wp\/v2\/media?parent=25066"}],"wp:term":[{"taxonomy":"product_brand","embeddable":true,"href":"https:\/\/www.laomeister.com\/fi\/wp-json\/wp\/v2\/product_brand?post=25066"},{"taxonomy":"product_cat","embeddable":true,"href":"https:\/\/www.laomeister.com\/fi\/wp-json\/wp\/v2\/product_cat?post=25066"},{"taxonomy":"product_tag","embeddable":true,"href":"https:\/\/www.laomeister.com\/fi\/wp-json\/wp\/v2\/product_tag?post=25066"}],"curies":[{"name":"wp","href":"https:\/\/api.w.org\/{rel}","templated":true}]}}