{"id":23368,"date":"2021-07-02T18:26:06","date_gmt":"2021-07-02T15:26:06","guid":{"rendered":"https:\/\/www.laomeister.com\/?post_type=product&#038;p=23368"},"modified":"2025-12-11T09:28:19","modified_gmt":"2025-12-11T07:28:19","slug":"tookojakapp-swed-3-2000x1000x500-mm-kopeeri-kopeeri-kopeeri-2","status":"publish","type":"product","link":"https:\/\/www.laomeister.com\/fi\/toode\/tookojakapp-swed-3-2000x1000x500-mm-kopeeri-kopeeri-kopeeri-2\/","title":{"rendered":"RIDGE CAP PRACTICE ML 3&#215;400 RAL 7038"},"content":{"rendered":"","protected":false},"excerpt":{"rendered":"<ul>\n<li>Kaapin mitat jalkojen kanssa K x L x S (mm) 2000 x 1200 x 500 mm.<\/li>\n<li>Kaapin mitat K x L x S (mm) 1830 x 1200 x 500 mm.<\/li>\n<li>Kaapin rungon v\u00e4ri on RAL 7038 (vaaleanharmaa).<\/li>\n<li>Ovien v\u00e4ri on RAL 7038 (vaaleanharmaa).<\/li>\n<li>Kaapin runko on kokoontaitettava, vahvikkeet on pistehitsattu ja pulverimaalattu.<\/li>\n<li>Ilmanvaihtoaukot ovien alaosassa sek\u00e4 yl\u00e4- ja alaosassa.<\/li>\n<li>Kaapin ovet varustettu vahvistuslistoilla ja nimikilven pidikkeill\u00e4.<\/li>\n<li>Jokaisessa vaatekaapissa on hattuhylly ja kahdella koukulla varustettu takkiteline.<\/li>\n<li>EURO LOCKS (Saksa) sylinterilukot ovat vakiovaruste, kaksi avainta per lukko.<\/li>\n<li>Kaapin runko ja ovet voivat olla tilauksesta erikoisv\u00e4risi\u00e4.<\/li>\n<\/ul>\n<p>Toimitetaan osina<\/p>\n<p>&nbsp;<\/p>\n<p>&nbsp;<\/p>\n","protected":false},"featured_media":28463,"template":"","meta":[],"product_brand":[],"product_cat":[278,701,422],"product_tag":[],"class_list":{"0":"post-23368","1":"product","2":"type-product","3":"status-publish","4":"has-post-thumbnail","6":"product_cat-metallkapid-fi","7":"product_cat-metalliset-kaapit-joissa-on-jalat","8":"product_cat-metallist-riidekapid-fi","10":"first","11":"instock","12":"sale","13":"taxable","14":"shipping-taxable","15":"purchasable","16":"product-type-simple"},"yoast_head":"<!-- This site is optimized with the Yoast SEO plugin v27.3 - https:\/\/yoast.com\/product\/yoast-seo-wordpress\/ -->\n<title>RIDGE CAP PRACTICE ML 3x400 RAL 7038 - Balti Laomeister<\/title>\n<meta name=\"robots\" content=\"index, follow, max-snippet:-1, max-image-preview:large, max-video-preview:-1\" \/>\n<link rel=\"canonical\" href=\"https:\/\/www.laomeister.com\/fi\/toode\/tookojakapp-swed-3-2000x1000x500-mm-kopeeri-kopeeri-kopeeri-2\/\" \/>\n<meta property=\"og:locale\" content=\"fi_FI\" \/>\n<meta property=\"og:type\" content=\"article\" \/>\n<meta property=\"og:title\" content=\"RIDGE CAP PRACTICE ML 3x400 RAL 7038 - Balti Laomeister\" \/>\n<meta property=\"og:description\" content=\"Kaapin mitat jalkojen kanssa K x L x S (mm) 2000 x 1200 x 500 mm.  Kaapin mitat K x L x S (mm) 1830 x 1200 x 500 mm.  Kaapin rungon v\u00e4ri on RAL 7038 (vaaleanharmaa).  Ovien v\u00e4ri on RAL 7038 (vaaleanharmaa).  Kaapin runko on kokoontaitettava, vahvikkeet on pistehitsattu ja pulverimaalattu.  Ilmanvaihtoaukot ovien alaosassa sek\u00e4 yl\u00e4- ja alaosassa.  Kaapin ovet varustettu vahvistuslistoilla ja nimikilven pidikkeill\u00e4.  Jokaisessa vaatekaapissa on hattuhylly ja kahdella koukulla varustettu takkiteline.  EURO LOCKS (Saksa) sylinterilukot ovat vakiovaruste, kaksi avainta per lukko.  Kaapin runko ja ovet voivat olla tilauksesta erikoisv\u00e4risi\u00e4.  Toimitetaan osina  &nbsp;  &nbsp;\" \/>\n<meta property=\"og:url\" content=\"https:\/\/www.laomeister.com\/fi\/toode\/tookojakapp-swed-3-2000x1000x500-mm-kopeeri-kopeeri-kopeeri-2\/\" \/>\n<meta property=\"og:site_name\" content=\"Balti Laomeister\" \/>\n<meta property=\"article:modified_time\" content=\"2025-12-11T07:28:19+00:00\" \/>\n<meta property=\"og:image\" content=\"https:\/\/www.laomeister.com\/wp-content\/uploads\/2021\/07\/15.jpg\" \/>\n\t<meta property=\"og:image:width\" content=\"1000\" \/>\n\t<meta property=\"og:image:height\" content=\"1000\" \/>\n\t<meta property=\"og:image:type\" content=\"image\/jpeg\" \/>\n<meta name=\"twitter:card\" content=\"summary_large_image\" \/>\n<meta name=\"twitter:label1\" content=\"Arvioitu lukuaika\" \/>\n\t<meta name=\"twitter:data1\" content=\"1 minuutti\" \/>\n<script type=\"application\/ld+json\" class=\"yoast-schema-graph\">{\"@context\":\"https:\\\/\\\/schema.org\",\"@graph\":[{\"@type\":\"WebPage\",\"@id\":\"https:\\\/\\\/www.laomeister.com\\\/fi\\\/toode\\\/tookojakapp-swed-3-2000x1000x500-mm-kopeeri-kopeeri-kopeeri-2\\\/\",\"url\":\"https:\\\/\\\/www.laomeister.com\\\/fi\\\/toode\\\/tookojakapp-swed-3-2000x1000x500-mm-kopeeri-kopeeri-kopeeri-2\\\/\",\"name\":\"RIDGE CAP PRACTICE ML 3x400 RAL 7038 - Balti Laomeister\",\"isPartOf\":{\"@id\":\"https:\\\/\\\/www.laomeister.com\\\/fi\\\/#website\"},\"primaryImageOfPage\":{\"@id\":\"https:\\\/\\\/www.laomeister.com\\\/fi\\\/toode\\\/tookojakapp-swed-3-2000x1000x500-mm-kopeeri-kopeeri-kopeeri-2\\\/#primaryimage\"},\"image\":{\"@id\":\"https:\\\/\\\/www.laomeister.com\\\/fi\\\/toode\\\/tookojakapp-swed-3-2000x1000x500-mm-kopeeri-kopeeri-kopeeri-2\\\/#primaryimage\"},\"thumbnailUrl\":\"https:\\\/\\\/www.laomeister.com\\\/wp-content\\\/uploads\\\/2021\\\/07\\\/15.jpg\",\"datePublished\":\"2021-07-02T15:26:06+00:00\",\"dateModified\":\"2025-12-11T07:28:19+00:00\",\"breadcrumb\":{\"@id\":\"https:\\\/\\\/www.laomeister.com\\\/fi\\\/toode\\\/tookojakapp-swed-3-2000x1000x500-mm-kopeeri-kopeeri-kopeeri-2\\\/#breadcrumb\"},\"inLanguage\":\"fi\",\"potentialAction\":[{\"@type\":\"ReadAction\",\"target\":[\"https:\\\/\\\/www.laomeister.com\\\/fi\\\/toode\\\/tookojakapp-swed-3-2000x1000x500-mm-kopeeri-kopeeri-kopeeri-2\\\/\"]}]},{\"@type\":\"ImageObject\",\"inLanguage\":\"fi\",\"@id\":\"https:\\\/\\\/www.laomeister.com\\\/fi\\\/toode\\\/tookojakapp-swed-3-2000x1000x500-mm-kopeeri-kopeeri-kopeeri-2\\\/#primaryimage\",\"url\":\"https:\\\/\\\/www.laomeister.com\\\/wp-content\\\/uploads\\\/2021\\\/07\\\/15.jpg\",\"contentUrl\":\"https:\\\/\\\/www.laomeister.com\\\/wp-content\\\/uploads\\\/2021\\\/07\\\/15.jpg\",\"width\":1000,\"height\":1000},{\"@type\":\"BreadcrumbList\",\"@id\":\"https:\\\/\\\/www.laomeister.com\\\/fi\\\/toode\\\/tookojakapp-swed-3-2000x1000x500-mm-kopeeri-kopeeri-kopeeri-2\\\/#breadcrumb\",\"itemListElement\":[{\"@type\":\"ListItem\",\"position\":1,\"name\":\"Home\",\"item\":\"https:\\\/\\\/www.laomeister.com\\\/fi\\\/\"},{\"@type\":\"ListItem\",\"position\":2,\"name\":\"Tuotteet\",\"item\":\"https:\\\/\\\/www.laomeister.com\\\/fi\\\/tuotteet\\\/\"},{\"@type\":\"ListItem\",\"position\":3,\"name\":\"RIDGE CAP PRACTICE ML 3&#215;400 RAL 7038\"}]},{\"@type\":\"WebSite\",\"@id\":\"https:\\\/\\\/www.laomeister.com\\\/fi\\\/#website\",\"url\":\"https:\\\/\\\/www.laomeister.com\\\/fi\\\/\",\"name\":\"Balti Laomeister\",\"description\":\"Laoriiulid - m&uuml;&uuml;k ja paigaldus\",\"potentialAction\":[{\"@type\":\"SearchAction\",\"target\":{\"@type\":\"EntryPoint\",\"urlTemplate\":\"https:\\\/\\\/www.laomeister.com\\\/fi\\\/?s={search_term_string}\"},\"query-input\":{\"@type\":\"PropertyValueSpecification\",\"valueRequired\":true,\"valueName\":\"search_term_string\"}}],\"inLanguage\":\"fi\"}]}<\/script>\n<!-- \/ Yoast SEO plugin. -->","yoast_head_json":{"title":"RIDGE CAP PRACTICE ML 3x400 RAL 7038 - Balti Laomeister","robots":{"index":"index","follow":"follow","max-snippet":"max-snippet:-1","max-image-preview":"max-image-preview:large","max-video-preview":"max-video-preview:-1"},"canonical":"https:\/\/www.laomeister.com\/fi\/toode\/tookojakapp-swed-3-2000x1000x500-mm-kopeeri-kopeeri-kopeeri-2\/","og_locale":"fi_FI","og_type":"article","og_title":"RIDGE CAP PRACTICE ML 3x400 RAL 7038 - Balti Laomeister","og_description":"Kaapin mitat jalkojen kanssa K x L x S (mm) 2000 x 1200 x 500 mm.  Kaapin mitat K x L x S (mm) 1830 x 1200 x 500 mm.  Kaapin rungon v\u00e4ri on RAL 7038 (vaaleanharmaa).  Ovien v\u00e4ri on RAL 7038 (vaaleanharmaa).  Kaapin runko on kokoontaitettava, vahvikkeet on pistehitsattu ja pulverimaalattu.  Ilmanvaihtoaukot ovien alaosassa sek\u00e4 yl\u00e4- ja alaosassa.  Kaapin ovet varustettu vahvistuslistoilla ja nimikilven pidikkeill\u00e4.  Jokaisessa vaatekaapissa on hattuhylly ja kahdella koukulla varustettu takkiteline.  EURO LOCKS (Saksa) sylinterilukot ovat vakiovaruste, kaksi avainta per lukko.  Kaapin runko ja ovet voivat olla tilauksesta erikoisv\u00e4risi\u00e4.  Toimitetaan osina  &nbsp;  &nbsp;","og_url":"https:\/\/www.laomeister.com\/fi\/toode\/tookojakapp-swed-3-2000x1000x500-mm-kopeeri-kopeeri-kopeeri-2\/","og_site_name":"Balti Laomeister","article_modified_time":"2025-12-11T07:28:19+00:00","og_image":[{"width":1000,"height":1000,"url":"https:\/\/www.laomeister.com\/wp-content\/uploads\/2021\/07\/15.jpg","type":"image\/jpeg"}],"twitter_card":"summary_large_image","twitter_misc":{"Arvioitu lukuaika":"1 minuutti"},"schema":{"@context":"https:\/\/schema.org","@graph":[{"@type":"WebPage","@id":"https:\/\/www.laomeister.com\/fi\/toode\/tookojakapp-swed-3-2000x1000x500-mm-kopeeri-kopeeri-kopeeri-2\/","url":"https:\/\/www.laomeister.com\/fi\/toode\/tookojakapp-swed-3-2000x1000x500-mm-kopeeri-kopeeri-kopeeri-2\/","name":"RIDGE CAP PRACTICE ML 3x400 RAL 7038 - Balti Laomeister","isPartOf":{"@id":"https:\/\/www.laomeister.com\/fi\/#website"},"primaryImageOfPage":{"@id":"https:\/\/www.laomeister.com\/fi\/toode\/tookojakapp-swed-3-2000x1000x500-mm-kopeeri-kopeeri-kopeeri-2\/#primaryimage"},"image":{"@id":"https:\/\/www.laomeister.com\/fi\/toode\/tookojakapp-swed-3-2000x1000x500-mm-kopeeri-kopeeri-kopeeri-2\/#primaryimage"},"thumbnailUrl":"https:\/\/www.laomeister.com\/wp-content\/uploads\/2021\/07\/15.jpg","datePublished":"2021-07-02T15:26:06+00:00","dateModified":"2025-12-11T07:28:19+00:00","breadcrumb":{"@id":"https:\/\/www.laomeister.com\/fi\/toode\/tookojakapp-swed-3-2000x1000x500-mm-kopeeri-kopeeri-kopeeri-2\/#breadcrumb"},"inLanguage":"fi","potentialAction":[{"@type":"ReadAction","target":["https:\/\/www.laomeister.com\/fi\/toode\/tookojakapp-swed-3-2000x1000x500-mm-kopeeri-kopeeri-kopeeri-2\/"]}]},{"@type":"ImageObject","inLanguage":"fi","@id":"https:\/\/www.laomeister.com\/fi\/toode\/tookojakapp-swed-3-2000x1000x500-mm-kopeeri-kopeeri-kopeeri-2\/#primaryimage","url":"https:\/\/www.laomeister.com\/wp-content\/uploads\/2021\/07\/15.jpg","contentUrl":"https:\/\/www.laomeister.com\/wp-content\/uploads\/2021\/07\/15.jpg","width":1000,"height":1000},{"@type":"BreadcrumbList","@id":"https:\/\/www.laomeister.com\/fi\/toode\/tookojakapp-swed-3-2000x1000x500-mm-kopeeri-kopeeri-kopeeri-2\/#breadcrumb","itemListElement":[{"@type":"ListItem","position":1,"name":"Home","item":"https:\/\/www.laomeister.com\/fi\/"},{"@type":"ListItem","position":2,"name":"Tuotteet","item":"https:\/\/www.laomeister.com\/fi\/tuotteet\/"},{"@type":"ListItem","position":3,"name":"RIDGE CAP PRACTICE ML 3&#215;400 RAL 7038"}]},{"@type":"WebSite","@id":"https:\/\/www.laomeister.com\/fi\/#website","url":"https:\/\/www.laomeister.com\/fi\/","name":"Balti Laomeister","description":"Laoriiulid - m&uuml;&uuml;k ja paigaldus","potentialAction":[{"@type":"SearchAction","target":{"@type":"EntryPoint","urlTemplate":"https:\/\/www.laomeister.com\/fi\/?s={search_term_string}"},"query-input":{"@type":"PropertyValueSpecification","valueRequired":true,"valueName":"search_term_string"}}],"inLanguage":"fi"}]}},"_links":{"self":[{"href":"https:\/\/www.laomeister.com\/fi\/wp-json\/wp\/v2\/product\/23368","targetHints":{"allow":["GET"]}}],"collection":[{"href":"https:\/\/www.laomeister.com\/fi\/wp-json\/wp\/v2\/product"}],"about":[{"href":"https:\/\/www.laomeister.com\/fi\/wp-json\/wp\/v2\/types\/product"}],"wp:featuredmedia":[{"embeddable":true,"href":"https:\/\/www.laomeister.com\/fi\/wp-json\/wp\/v2\/media\/28463"}],"wp:attachment":[{"href":"https:\/\/www.laomeister.com\/fi\/wp-json\/wp\/v2\/media?parent=23368"}],"wp:term":[{"taxonomy":"product_brand","embeddable":true,"href":"https:\/\/www.laomeister.com\/fi\/wp-json\/wp\/v2\/product_brand?post=23368"},{"taxonomy":"product_cat","embeddable":true,"href":"https:\/\/www.laomeister.com\/fi\/wp-json\/wp\/v2\/product_cat?post=23368"},{"taxonomy":"product_tag","embeddable":true,"href":"https:\/\/www.laomeister.com\/fi\/wp-json\/wp\/v2\/product_tag?post=23368"}],"curies":[{"name":"wp","href":"https:\/\/api.w.org\/{rel}","templated":true}]}}