{"id":16665,"date":"2021-02-02T22:08:56","date_gmt":"2021-02-02T20:08:56","guid":{"rendered":"https:\/\/www.laomeister.com\/?post_type=product&#038;p=16665"},"modified":"2025-11-27T16:13:24","modified_gmt":"2025-11-27T14:13:24","slug":"toolaud-1600x700-mm-2-sahtliboksiga-kopeeri","status":"publish","type":"product","link":"https:\/\/www.laomeister.com\/fi\/toode\/toolaud-1600x700-mm-2-sahtliboksiga-kopeeri\/","title":{"rendered":"P\u00f6yt\u00e4 1000&#215;700 mm metallipinnoitteella, PRPRO108"},"content":{"rendered":"","protected":false},"excerpt":{"rendered":"<p>W-sarjan metalliset lukkosep\u00e4n (puusep\u00e4n) ty\u00f6p\u00f6yd\u00e4t on suunniteltu helpottamaan ty\u00f6pisteiden j\u00e4rjest\u00e4mist\u00e4 teollisuudessa, oppilaitoksissa, ty\u00f6pajoissa ja autotalleissa. Ty\u00f6tason yl\u00e4pinta on valmistettu 24 mm paksusta MDF-levyst\u00e4<em>(keskitihe\u00e4 kuitulevy <\/em>), joka on p\u00e4\u00e4llystetty 1,2 mm:n galvanoidulla metallilevyll\u00e4.<\/p>\n<p><strong>Pituus<\/strong> &#8211; 1000 mm<br \/>\n<strong>Leveys<\/strong> &#8211; 700 mm<br \/>\n<strong>Korkeus<\/strong> &#8211; 880 mm<br \/>\n<strong>Materiaali<\/strong> &#8211; MDF-levy (24 mm) ja sinkitty metallilevy (1,2 mm).<br \/>\n<strong>V\u00e4ri<\/strong> &#8211; harmaa apina (RAL 7038), jauhemaalattu.<br \/>\n<strong>Paino<\/strong> &#8211; 37,5 kg<br \/>\n<strong>Suurin kantavuus<\/strong> &#8211; 350 kg<\/p>\n<p><strong>Setti sis\u00e4lt\u00e4\u00e4:<\/strong><br \/>\nTy\u00f6p\u00f6yt\u00e4 WT-100 &#8211; 1 kpl<br \/>\nTuki PROFI WF-1 &#8211; 2 kpl<br \/>\nHylly ja sein\u00e4 WSh-160\/2 &#8211; 1 kpl.<\/p>\n<p>Tuotteen v\u00e4ri voi poiketa kuvasta.<br \/>\nTuote toimitetaan pakkaamattomana.<\/p>\n","protected":false},"featured_media":16669,"template":"","meta":[],"product_brand":[],"product_cat":[276,282,687],"product_tag":[],"class_list":{"0":"post-16665","1":"product","2":"type-product","3":"status-publish","4":"has-post-thumbnail","6":"product_cat-laomoobel-fi","7":"product_cat-toolauad-fi","8":"product_cat-likksepa-poydat","10":"first","11":"instock","12":"taxable","13":"shipping-taxable","14":"purchasable","15":"product-type-simple"},"yoast_head":"<!-- This site is optimized with the Yoast SEO plugin v27.3 - https:\/\/yoast.com\/product\/yoast-seo-wordpress\/ -->\n<title>P\u00f6yt\u00e4 1000x700 mm metallipinnoitteella, PRPRO108 - Balti Laomeister<\/title>\n<meta name=\"description\" content=\"Ty\u00f6p\u00f6yt\u00e4 2000x800mm, jossa on laatikot, metallikansi ja s\u00e4\u00e4dett\u00e4v\u00e4 korkeus.\" \/>\n<meta name=\"robots\" content=\"index, follow, max-snippet:-1, max-image-preview:large, max-video-preview:-1\" \/>\n<link rel=\"canonical\" href=\"https:\/\/www.laomeister.com\/fi\/toode\/toolaud-1600x700-mm-2-sahtliboksiga-kopeeri\/\" \/>\n<meta property=\"og:locale\" content=\"fi_FI\" \/>\n<meta property=\"og:type\" content=\"article\" \/>\n<meta property=\"og:title\" content=\"P\u00f6yt\u00e4 1000x700 mm metallipinnoitteella, PRPRO108 - Balti Laomeister\" \/>\n<meta property=\"og:description\" content=\"Ty\u00f6p\u00f6yt\u00e4 2000x800mm, jossa on laatikot, metallikansi ja s\u00e4\u00e4dett\u00e4v\u00e4 korkeus.\" \/>\n<meta property=\"og:url\" content=\"https:\/\/www.laomeister.com\/fi\/toode\/toolaud-1600x700-mm-2-sahtliboksiga-kopeeri\/\" \/>\n<meta property=\"og:site_name\" content=\"Balti Laomeister\" \/>\n<meta property=\"article:modified_time\" content=\"2025-11-27T14:13:24+00:00\" \/>\n<meta property=\"og:image\" content=\"https:\/\/www.laomeister.com\/wp-content\/uploads\/2021\/02\/F1.000.jpg\" \/>\n\t<meta property=\"og:image:width\" content=\"2290\" \/>\n\t<meta property=\"og:image:height\" content=\"2000\" \/>\n\t<meta property=\"og:image:type\" content=\"image\/jpeg\" \/>\n<meta name=\"twitter:card\" content=\"summary_large_image\" \/>\n<meta name=\"twitter:label1\" content=\"Arvioitu lukuaika\" \/>\n\t<meta name=\"twitter:data1\" content=\"1 minuutti\" \/>\n<script type=\"application\/ld+json\" class=\"yoast-schema-graph\">{\"@context\":\"https:\\\/\\\/schema.org\",\"@graph\":[{\"@type\":\"WebPage\",\"@id\":\"https:\\\/\\\/www.laomeister.com\\\/fi\\\/toode\\\/toolaud-1600x700-mm-2-sahtliboksiga-kopeeri\\\/\",\"url\":\"https:\\\/\\\/www.laomeister.com\\\/fi\\\/toode\\\/toolaud-1600x700-mm-2-sahtliboksiga-kopeeri\\\/\",\"name\":\"P\u00f6yt\u00e4 1000x700 mm metallipinnoitteella, PRPRO108 - Balti Laomeister\",\"isPartOf\":{\"@id\":\"https:\\\/\\\/www.laomeister.com\\\/fi\\\/#website\"},\"primaryImageOfPage\":{\"@id\":\"https:\\\/\\\/www.laomeister.com\\\/fi\\\/toode\\\/toolaud-1600x700-mm-2-sahtliboksiga-kopeeri\\\/#primaryimage\"},\"image\":{\"@id\":\"https:\\\/\\\/www.laomeister.com\\\/fi\\\/toode\\\/toolaud-1600x700-mm-2-sahtliboksiga-kopeeri\\\/#primaryimage\"},\"thumbnailUrl\":\"https:\\\/\\\/www.laomeister.com\\\/wp-content\\\/uploads\\\/2021\\\/02\\\/F1.000.jpg\",\"datePublished\":\"2021-02-02T20:08:56+00:00\",\"dateModified\":\"2025-11-27T14:13:24+00:00\",\"description\":\"Ty\u00f6p\u00f6yt\u00e4 2000x800mm, jossa on laatikot, metallikansi ja s\u00e4\u00e4dett\u00e4v\u00e4 korkeus.\",\"breadcrumb\":{\"@id\":\"https:\\\/\\\/www.laomeister.com\\\/fi\\\/toode\\\/toolaud-1600x700-mm-2-sahtliboksiga-kopeeri\\\/#breadcrumb\"},\"inLanguage\":\"fi\",\"potentialAction\":[{\"@type\":\"ReadAction\",\"target\":[\"https:\\\/\\\/www.laomeister.com\\\/fi\\\/toode\\\/toolaud-1600x700-mm-2-sahtliboksiga-kopeeri\\\/\"]}]},{\"@type\":\"ImageObject\",\"inLanguage\":\"fi\",\"@id\":\"https:\\\/\\\/www.laomeister.com\\\/fi\\\/toode\\\/toolaud-1600x700-mm-2-sahtliboksiga-kopeeri\\\/#primaryimage\",\"url\":\"https:\\\/\\\/www.laomeister.com\\\/wp-content\\\/uploads\\\/2021\\\/02\\\/F1.000.jpg\",\"contentUrl\":\"https:\\\/\\\/www.laomeister.com\\\/wp-content\\\/uploads\\\/2021\\\/02\\\/F1.000.jpg\",\"width\":2290,\"height\":2000},{\"@type\":\"BreadcrumbList\",\"@id\":\"https:\\\/\\\/www.laomeister.com\\\/fi\\\/toode\\\/toolaud-1600x700-mm-2-sahtliboksiga-kopeeri\\\/#breadcrumb\",\"itemListElement\":[{\"@type\":\"ListItem\",\"position\":1,\"name\":\"Home\",\"item\":\"https:\\\/\\\/www.laomeister.com\\\/fi\\\/\"},{\"@type\":\"ListItem\",\"position\":2,\"name\":\"Tuotteet\",\"item\":\"https:\\\/\\\/www.laomeister.com\\\/fi\\\/tuotteet\\\/\"},{\"@type\":\"ListItem\",\"position\":3,\"name\":\"P\u00f6yt\u00e4 1000&#215;700 mm metallipinnoitteella, PRPRO108\"}]},{\"@type\":\"WebSite\",\"@id\":\"https:\\\/\\\/www.laomeister.com\\\/fi\\\/#website\",\"url\":\"https:\\\/\\\/www.laomeister.com\\\/fi\\\/\",\"name\":\"Balti Laomeister\",\"description\":\"Laoriiulid - m&uuml;&uuml;k ja paigaldus\",\"potentialAction\":[{\"@type\":\"SearchAction\",\"target\":{\"@type\":\"EntryPoint\",\"urlTemplate\":\"https:\\\/\\\/www.laomeister.com\\\/fi\\\/?s={search_term_string}\"},\"query-input\":{\"@type\":\"PropertyValueSpecification\",\"valueRequired\":true,\"valueName\":\"search_term_string\"}}],\"inLanguage\":\"fi\"}]}<\/script>\n<!-- \/ Yoast SEO plugin. -->","yoast_head_json":{"title":"P\u00f6yt\u00e4 1000x700 mm metallipinnoitteella, PRPRO108 - Balti Laomeister","description":"Ty\u00f6p\u00f6yt\u00e4 2000x800mm, jossa on laatikot, metallikansi ja s\u00e4\u00e4dett\u00e4v\u00e4 korkeus.","robots":{"index":"index","follow":"follow","max-snippet":"max-snippet:-1","max-image-preview":"max-image-preview:large","max-video-preview":"max-video-preview:-1"},"canonical":"https:\/\/www.laomeister.com\/fi\/toode\/toolaud-1600x700-mm-2-sahtliboksiga-kopeeri\/","og_locale":"fi_FI","og_type":"article","og_title":"P\u00f6yt\u00e4 1000x700 mm metallipinnoitteella, PRPRO108 - Balti Laomeister","og_description":"Ty\u00f6p\u00f6yt\u00e4 2000x800mm, jossa on laatikot, metallikansi ja s\u00e4\u00e4dett\u00e4v\u00e4 korkeus.","og_url":"https:\/\/www.laomeister.com\/fi\/toode\/toolaud-1600x700-mm-2-sahtliboksiga-kopeeri\/","og_site_name":"Balti Laomeister","article_modified_time":"2025-11-27T14:13:24+00:00","og_image":[{"width":2290,"height":2000,"url":"https:\/\/www.laomeister.com\/wp-content\/uploads\/2021\/02\/F1.000.jpg","type":"image\/jpeg"}],"twitter_card":"summary_large_image","twitter_misc":{"Arvioitu lukuaika":"1 minuutti"},"schema":{"@context":"https:\/\/schema.org","@graph":[{"@type":"WebPage","@id":"https:\/\/www.laomeister.com\/fi\/toode\/toolaud-1600x700-mm-2-sahtliboksiga-kopeeri\/","url":"https:\/\/www.laomeister.com\/fi\/toode\/toolaud-1600x700-mm-2-sahtliboksiga-kopeeri\/","name":"P\u00f6yt\u00e4 1000x700 mm metallipinnoitteella, PRPRO108 - Balti Laomeister","isPartOf":{"@id":"https:\/\/www.laomeister.com\/fi\/#website"},"primaryImageOfPage":{"@id":"https:\/\/www.laomeister.com\/fi\/toode\/toolaud-1600x700-mm-2-sahtliboksiga-kopeeri\/#primaryimage"},"image":{"@id":"https:\/\/www.laomeister.com\/fi\/toode\/toolaud-1600x700-mm-2-sahtliboksiga-kopeeri\/#primaryimage"},"thumbnailUrl":"https:\/\/www.laomeister.com\/wp-content\/uploads\/2021\/02\/F1.000.jpg","datePublished":"2021-02-02T20:08:56+00:00","dateModified":"2025-11-27T14:13:24+00:00","description":"Ty\u00f6p\u00f6yt\u00e4 2000x800mm, jossa on laatikot, metallikansi ja s\u00e4\u00e4dett\u00e4v\u00e4 korkeus.","breadcrumb":{"@id":"https:\/\/www.laomeister.com\/fi\/toode\/toolaud-1600x700-mm-2-sahtliboksiga-kopeeri\/#breadcrumb"},"inLanguage":"fi","potentialAction":[{"@type":"ReadAction","target":["https:\/\/www.laomeister.com\/fi\/toode\/toolaud-1600x700-mm-2-sahtliboksiga-kopeeri\/"]}]},{"@type":"ImageObject","inLanguage":"fi","@id":"https:\/\/www.laomeister.com\/fi\/toode\/toolaud-1600x700-mm-2-sahtliboksiga-kopeeri\/#primaryimage","url":"https:\/\/www.laomeister.com\/wp-content\/uploads\/2021\/02\/F1.000.jpg","contentUrl":"https:\/\/www.laomeister.com\/wp-content\/uploads\/2021\/02\/F1.000.jpg","width":2290,"height":2000},{"@type":"BreadcrumbList","@id":"https:\/\/www.laomeister.com\/fi\/toode\/toolaud-1600x700-mm-2-sahtliboksiga-kopeeri\/#breadcrumb","itemListElement":[{"@type":"ListItem","position":1,"name":"Home","item":"https:\/\/www.laomeister.com\/fi\/"},{"@type":"ListItem","position":2,"name":"Tuotteet","item":"https:\/\/www.laomeister.com\/fi\/tuotteet\/"},{"@type":"ListItem","position":3,"name":"P\u00f6yt\u00e4 1000&#215;700 mm metallipinnoitteella, PRPRO108"}]},{"@type":"WebSite","@id":"https:\/\/www.laomeister.com\/fi\/#website","url":"https:\/\/www.laomeister.com\/fi\/","name":"Balti Laomeister","description":"Laoriiulid - m&uuml;&uuml;k ja paigaldus","potentialAction":[{"@type":"SearchAction","target":{"@type":"EntryPoint","urlTemplate":"https:\/\/www.laomeister.com\/fi\/?s={search_term_string}"},"query-input":{"@type":"PropertyValueSpecification","valueRequired":true,"valueName":"search_term_string"}}],"inLanguage":"fi"}]}},"_links":{"self":[{"href":"https:\/\/www.laomeister.com\/fi\/wp-json\/wp\/v2\/product\/16665","targetHints":{"allow":["GET"]}}],"collection":[{"href":"https:\/\/www.laomeister.com\/fi\/wp-json\/wp\/v2\/product"}],"about":[{"href":"https:\/\/www.laomeister.com\/fi\/wp-json\/wp\/v2\/types\/product"}],"wp:featuredmedia":[{"embeddable":true,"href":"https:\/\/www.laomeister.com\/fi\/wp-json\/wp\/v2\/media\/16669"}],"wp:attachment":[{"href":"https:\/\/www.laomeister.com\/fi\/wp-json\/wp\/v2\/media?parent=16665"}],"wp:term":[{"taxonomy":"product_brand","embeddable":true,"href":"https:\/\/www.laomeister.com\/fi\/wp-json\/wp\/v2\/product_brand?post=16665"},{"taxonomy":"product_cat","embeddable":true,"href":"https:\/\/www.laomeister.com\/fi\/wp-json\/wp\/v2\/product_cat?post=16665"},{"taxonomy":"product_tag","embeddable":true,"href":"https:\/\/www.laomeister.com\/fi\/wp-json\/wp\/v2\/product_tag?post=16665"}],"curies":[{"name":"wp","href":"https:\/\/api.w.org\/{rel}","templated":true}]}}