{"id":16306,"date":"2020-11-03T12:41:24","date_gmt":"2021-01-13T20:31:05","guid":{"rendered":"https:\/\/www.laomeister.com\/product\/pyorallinen-reiitetty-tyokalukaappi-490-x-445-x-1080-mm\/"},"modified":"2024-07-02T23:09:12","modified_gmt":"2024-07-02T20:09:12","slug":"pyorallinen-reiitetty-tyokalukaappi-490x445x1080-mm","status":"publish","type":"product","link":"https:\/\/www.laomeister.com\/fi\/toode\/pyorallinen-reiitetty-tyokalukaappi-490x445x1080-mm\/","title":{"rendered":"Ty\u00f6kalukaappi rei&#8217;itetyill\u00e4 py\u00f6rill\u00e4 490x445x1080 mm, I74010"},"content":{"rendered":"","protected":false},"excerpt":{"rendered":"<p>Valmistettu vahvasta ter\u00e4sprofiilista.<br \/>\nTy\u00f6tason sivut on valmistettu rei&#8217;itetyst\u00e4 muovista (ty\u00f6kalujen kiinnitt\u00e4mist\u00e4 varten).<br \/>\nTy\u00f6p\u00f6yt\u00e4sarja sis\u00e4lt\u00e4\u00e4 2 hylly\u00e4 ja ty\u00f6tason.<br \/>\nTy\u00f6p\u00f6yd\u00e4ss\u00e4 on nelj\u00e4 py\u00f6r\u00e4\u00e4, joista kahdessa on jarrut, py\u00f6r\u00e4t ovat kooltaan 75&#215;20 mm.<br \/>\nP\u00f6yd\u00e4n ulkomitat ovat L x S x K (mm) 490x445x etupuoli 108, takapuoli 108.<br \/>\nPaino on 40 kg.<br \/>\nLis\u00e4ksi voidaan tilata kirjoitusp\u00f6yt\u00e4.<\/p>\n","protected":false},"featured_media":34197,"template":"","meta":[],"product_brand":[],"product_cat":[398],"product_tag":[],"class_list":{"0":"post-16306","1":"product","2":"type-product","3":"status-publish","4":"has-post-thumbnail","6":"product_cat-garaazhi-ja-panipaika-fi","8":"first","9":"instock","10":"taxable","11":"shipping-taxable","12":"purchasable","13":"product-type-simple"},"yoast_head":"<!-- This site is optimized with the Yoast SEO plugin v27.5 - https:\/\/yoast.com\/product\/yoast-seo-wordpress\/ -->\n<title>Ty\u00f6kalukaappi rei&#039;itetyill\u00e4 py\u00f6rill\u00e4 490x445x1080 mm, I74010 - Balti Laomeister<\/title>\n<meta name=\"robots\" content=\"index, follow, max-snippet:-1, max-image-preview:large, max-video-preview:-1\" \/>\n<link rel=\"canonical\" href=\"https:\/\/www.laomeister.com\/fi\/toode\/pyorallinen-reiitetty-tyokalukaappi-490x445x1080-mm\/\" \/>\n<meta property=\"og:locale\" content=\"fi_FI\" \/>\n<meta property=\"og:type\" content=\"article\" \/>\n<meta property=\"og:title\" content=\"Ty\u00f6kalukaappi rei&#039;itetyill\u00e4 py\u00f6rill\u00e4 490x445x1080 mm, I74010 - Balti Laomeister\" \/>\n<meta property=\"og:description\" content=\"Valmistettu vahvasta ter\u00e4sprofiilista. Ty\u00f6tason sivut on valmistettu rei&#039;itetyst\u00e4 muovista (ty\u00f6kalujen kiinnitt\u00e4mist\u00e4 varten). Ty\u00f6p\u00f6yt\u00e4sarja sis\u00e4lt\u00e4\u00e4 2 hylly\u00e4 ja ty\u00f6tason. Ty\u00f6p\u00f6yd\u00e4ss\u00e4 on nelj\u00e4 py\u00f6r\u00e4\u00e4, joista kahdessa on jarrut, py\u00f6r\u00e4t ovat kooltaan 75x20 mm. P\u00f6yd\u00e4n ulkomitat ovat L x S x K (mm) 490x445x etupuoli 108, takapuoli 108. Paino on 40 kg. Lis\u00e4ksi voidaan tilata kirjoitusp\u00f6yt\u00e4.\" \/>\n<meta property=\"og:url\" content=\"https:\/\/www.laomeister.com\/fi\/toode\/pyorallinen-reiitetty-tyokalukaappi-490x445x1080-mm\/\" \/>\n<meta property=\"og:site_name\" content=\"Balti Laomeister\" \/>\n<meta property=\"article:modified_time\" content=\"2024-07-02T20:09:12+00:00\" \/>\n<meta property=\"og:image\" content=\"https:\/\/www.laomeister.com\/wp-content\/uploads\/2020\/11\/Tooriistakapp-perforeeritud-ratastel-490x445x1080-mm-I74010.jpg\" \/>\n\t<meta property=\"og:image:width\" content=\"850\" \/>\n\t<meta property=\"og:image:height\" content=\"850\" \/>\n\t<meta property=\"og:image:type\" content=\"image\/jpeg\" \/>\n<meta name=\"twitter:card\" content=\"summary_large_image\" \/>\n<script type=\"application\/ld+json\" class=\"yoast-schema-graph\">{\"@context\":\"https:\\\/\\\/schema.org\",\"@graph\":[{\"@type\":\"WebPage\",\"@id\":\"https:\\\/\\\/www.laomeister.com\\\/fi\\\/toode\\\/pyorallinen-reiitetty-tyokalukaappi-490x445x1080-mm\\\/\",\"url\":\"https:\\\/\\\/www.laomeister.com\\\/fi\\\/toode\\\/pyorallinen-reiitetty-tyokalukaappi-490x445x1080-mm\\\/\",\"name\":\"Ty\u00f6kalukaappi rei'itetyill\u00e4 py\u00f6rill\u00e4 490x445x1080 mm, I74010 - Balti Laomeister\",\"isPartOf\":{\"@id\":\"https:\\\/\\\/www.laomeister.com\\\/fi\\\/#website\"},\"primaryImageOfPage\":{\"@id\":\"https:\\\/\\\/www.laomeister.com\\\/fi\\\/toode\\\/pyorallinen-reiitetty-tyokalukaappi-490x445x1080-mm\\\/#primaryimage\"},\"image\":{\"@id\":\"https:\\\/\\\/www.laomeister.com\\\/fi\\\/toode\\\/pyorallinen-reiitetty-tyokalukaappi-490x445x1080-mm\\\/#primaryimage\"},\"thumbnailUrl\":\"https:\\\/\\\/www.laomeister.com\\\/wp-content\\\/uploads\\\/2020\\\/11\\\/Tooriistakapp-perforeeritud-ratastel-490x445x1080-mm-I74010.jpg\",\"datePublished\":\"2021-01-13T20:31:05+00:00\",\"dateModified\":\"2024-07-02T20:09:12+00:00\",\"breadcrumb\":{\"@id\":\"https:\\\/\\\/www.laomeister.com\\\/fi\\\/toode\\\/pyorallinen-reiitetty-tyokalukaappi-490x445x1080-mm\\\/#breadcrumb\"},\"inLanguage\":\"fi\",\"potentialAction\":[{\"@type\":\"ReadAction\",\"target\":[\"https:\\\/\\\/www.laomeister.com\\\/fi\\\/toode\\\/pyorallinen-reiitetty-tyokalukaappi-490x445x1080-mm\\\/\"]}]},{\"@type\":\"ImageObject\",\"inLanguage\":\"fi\",\"@id\":\"https:\\\/\\\/www.laomeister.com\\\/fi\\\/toode\\\/pyorallinen-reiitetty-tyokalukaappi-490x445x1080-mm\\\/#primaryimage\",\"url\":\"https:\\\/\\\/www.laomeister.com\\\/wp-content\\\/uploads\\\/2020\\\/11\\\/Tooriistakapp-perforeeritud-ratastel-490x445x1080-mm-I74010.jpg\",\"contentUrl\":\"https:\\\/\\\/www.laomeister.com\\\/wp-content\\\/uploads\\\/2020\\\/11\\\/Tooriistakapp-perforeeritud-ratastel-490x445x1080-mm-I74010.jpg\",\"width\":850,\"height\":850},{\"@type\":\"BreadcrumbList\",\"@id\":\"https:\\\/\\\/www.laomeister.com\\\/fi\\\/toode\\\/pyorallinen-reiitetty-tyokalukaappi-490x445x1080-mm\\\/#breadcrumb\",\"itemListElement\":[{\"@type\":\"ListItem\",\"position\":1,\"name\":\"Home\",\"item\":\"https:\\\/\\\/www.laomeister.com\\\/fi\\\/\"},{\"@type\":\"ListItem\",\"position\":2,\"name\":\"Tuotteet\",\"item\":\"https:\\\/\\\/www.laomeister.com\\\/fi\\\/tuotteet\\\/\"},{\"@type\":\"ListItem\",\"position\":3,\"name\":\"Ty\u00f6kalukaappi rei&#8217;itetyill\u00e4 py\u00f6rill\u00e4 490x445x1080 mm, I74010\"}]},{\"@type\":\"WebSite\",\"@id\":\"https:\\\/\\\/www.laomeister.com\\\/fi\\\/#website\",\"url\":\"https:\\\/\\\/www.laomeister.com\\\/fi\\\/\",\"name\":\"Balti Laomeister\",\"description\":\"Laoriiulid - m&uuml;&uuml;k ja paigaldus\",\"potentialAction\":[{\"@type\":\"SearchAction\",\"target\":{\"@type\":\"EntryPoint\",\"urlTemplate\":\"https:\\\/\\\/www.laomeister.com\\\/fi\\\/?s={search_term_string}\"},\"query-input\":{\"@type\":\"PropertyValueSpecification\",\"valueRequired\":true,\"valueName\":\"search_term_string\"}}],\"inLanguage\":\"fi\"}]}<\/script>\n<!-- \/ Yoast SEO plugin. -->","yoast_head_json":{"title":"Ty\u00f6kalukaappi rei'itetyill\u00e4 py\u00f6rill\u00e4 490x445x1080 mm, I74010 - Balti Laomeister","robots":{"index":"index","follow":"follow","max-snippet":"max-snippet:-1","max-image-preview":"max-image-preview:large","max-video-preview":"max-video-preview:-1"},"canonical":"https:\/\/www.laomeister.com\/fi\/toode\/pyorallinen-reiitetty-tyokalukaappi-490x445x1080-mm\/","og_locale":"fi_FI","og_type":"article","og_title":"Ty\u00f6kalukaappi rei'itetyill\u00e4 py\u00f6rill\u00e4 490x445x1080 mm, I74010 - Balti Laomeister","og_description":"Valmistettu vahvasta ter\u00e4sprofiilista. Ty\u00f6tason sivut on valmistettu rei'itetyst\u00e4 muovista (ty\u00f6kalujen kiinnitt\u00e4mist\u00e4 varten). Ty\u00f6p\u00f6yt\u00e4sarja sis\u00e4lt\u00e4\u00e4 2 hylly\u00e4 ja ty\u00f6tason. Ty\u00f6p\u00f6yd\u00e4ss\u00e4 on nelj\u00e4 py\u00f6r\u00e4\u00e4, joista kahdessa on jarrut, py\u00f6r\u00e4t ovat kooltaan 75x20 mm. P\u00f6yd\u00e4n ulkomitat ovat L x S x K (mm) 490x445x etupuoli 108, takapuoli 108. Paino on 40 kg. Lis\u00e4ksi voidaan tilata kirjoitusp\u00f6yt\u00e4.","og_url":"https:\/\/www.laomeister.com\/fi\/toode\/pyorallinen-reiitetty-tyokalukaappi-490x445x1080-mm\/","og_site_name":"Balti Laomeister","article_modified_time":"2024-07-02T20:09:12+00:00","og_image":[{"width":850,"height":850,"url":"https:\/\/www.laomeister.com\/wp-content\/uploads\/2020\/11\/Tooriistakapp-perforeeritud-ratastel-490x445x1080-mm-I74010.jpg","type":"image\/jpeg"}],"twitter_card":"summary_large_image","schema":{"@context":"https:\/\/schema.org","@graph":[{"@type":"WebPage","@id":"https:\/\/www.laomeister.com\/fi\/toode\/pyorallinen-reiitetty-tyokalukaappi-490x445x1080-mm\/","url":"https:\/\/www.laomeister.com\/fi\/toode\/pyorallinen-reiitetty-tyokalukaappi-490x445x1080-mm\/","name":"Ty\u00f6kalukaappi rei'itetyill\u00e4 py\u00f6rill\u00e4 490x445x1080 mm, I74010 - Balti Laomeister","isPartOf":{"@id":"https:\/\/www.laomeister.com\/fi\/#website"},"primaryImageOfPage":{"@id":"https:\/\/www.laomeister.com\/fi\/toode\/pyorallinen-reiitetty-tyokalukaappi-490x445x1080-mm\/#primaryimage"},"image":{"@id":"https:\/\/www.laomeister.com\/fi\/toode\/pyorallinen-reiitetty-tyokalukaappi-490x445x1080-mm\/#primaryimage"},"thumbnailUrl":"https:\/\/www.laomeister.com\/wp-content\/uploads\/2020\/11\/Tooriistakapp-perforeeritud-ratastel-490x445x1080-mm-I74010.jpg","datePublished":"2021-01-13T20:31:05+00:00","dateModified":"2024-07-02T20:09:12+00:00","breadcrumb":{"@id":"https:\/\/www.laomeister.com\/fi\/toode\/pyorallinen-reiitetty-tyokalukaappi-490x445x1080-mm\/#breadcrumb"},"inLanguage":"fi","potentialAction":[{"@type":"ReadAction","target":["https:\/\/www.laomeister.com\/fi\/toode\/pyorallinen-reiitetty-tyokalukaappi-490x445x1080-mm\/"]}]},{"@type":"ImageObject","inLanguage":"fi","@id":"https:\/\/www.laomeister.com\/fi\/toode\/pyorallinen-reiitetty-tyokalukaappi-490x445x1080-mm\/#primaryimage","url":"https:\/\/www.laomeister.com\/wp-content\/uploads\/2020\/11\/Tooriistakapp-perforeeritud-ratastel-490x445x1080-mm-I74010.jpg","contentUrl":"https:\/\/www.laomeister.com\/wp-content\/uploads\/2020\/11\/Tooriistakapp-perforeeritud-ratastel-490x445x1080-mm-I74010.jpg","width":850,"height":850},{"@type":"BreadcrumbList","@id":"https:\/\/www.laomeister.com\/fi\/toode\/pyorallinen-reiitetty-tyokalukaappi-490x445x1080-mm\/#breadcrumb","itemListElement":[{"@type":"ListItem","position":1,"name":"Home","item":"https:\/\/www.laomeister.com\/fi\/"},{"@type":"ListItem","position":2,"name":"Tuotteet","item":"https:\/\/www.laomeister.com\/fi\/tuotteet\/"},{"@type":"ListItem","position":3,"name":"Ty\u00f6kalukaappi rei&#8217;itetyill\u00e4 py\u00f6rill\u00e4 490x445x1080 mm, I74010"}]},{"@type":"WebSite","@id":"https:\/\/www.laomeister.com\/fi\/#website","url":"https:\/\/www.laomeister.com\/fi\/","name":"Balti Laomeister","description":"Laoriiulid - m&uuml;&uuml;k ja paigaldus","potentialAction":[{"@type":"SearchAction","target":{"@type":"EntryPoint","urlTemplate":"https:\/\/www.laomeister.com\/fi\/?s={search_term_string}"},"query-input":{"@type":"PropertyValueSpecification","valueRequired":true,"valueName":"search_term_string"}}],"inLanguage":"fi"}]}},"_links":{"self":[{"href":"https:\/\/www.laomeister.com\/fi\/wp-json\/wp\/v2\/product\/16306","targetHints":{"allow":["GET"]}}],"collection":[{"href":"https:\/\/www.laomeister.com\/fi\/wp-json\/wp\/v2\/product"}],"about":[{"href":"https:\/\/www.laomeister.com\/fi\/wp-json\/wp\/v2\/types\/product"}],"wp:featuredmedia":[{"embeddable":true,"href":"https:\/\/www.laomeister.com\/fi\/wp-json\/wp\/v2\/media\/34197"}],"wp:attachment":[{"href":"https:\/\/www.laomeister.com\/fi\/wp-json\/wp\/v2\/media?parent=16306"}],"wp:term":[{"taxonomy":"product_brand","embeddable":true,"href":"https:\/\/www.laomeister.com\/fi\/wp-json\/wp\/v2\/product_brand?post=16306"},{"taxonomy":"product_cat","embeddable":true,"href":"https:\/\/www.laomeister.com\/fi\/wp-json\/wp\/v2\/product_cat?post=16306"},{"taxonomy":"product_tag","embeddable":true,"href":"https:\/\/www.laomeister.com\/fi\/wp-json\/wp\/v2\/product_tag?post=16306"}],"curies":[{"name":"wp","href":"https:\/\/api.w.org\/{rel}","templated":true}]}}