{"id":16305,"date":"2020-11-03T12:35:16","date_gmt":"2021-01-13T20:29:22","guid":{"rendered":"https:\/\/www.laomeister.com\/product\/metallikaappi-tyokaluille-2000x1020x540-mm-ral-7035-5010\/"},"modified":"2024-07-02T23:09:14","modified_gmt":"2024-07-02T20:09:14","slug":"metallikaappi-tyokaluille-2000x1020x540-ral-7035-5010","status":"publish","type":"product","link":"https:\/\/www.laomeister.com\/fi\/toode\/metallikaappi-tyokaluille-2000x1020x540-ral-7035-5010\/","title":{"rendered":"Metallikaappi ty\u00f6kaluille 2000x1020x540 mm RAL 7035\/5010, I74000"},"content":{"rendered":"","protected":false},"excerpt":{"rendered":"<p>Kaapin ulkomitat ovat K x L x S (mm) 2000x1020x540 mm.<br \/>\nTer\u00e4ksinen ty\u00f6kalukaappi, jossa on tukeva hitsattu rakenne.<br \/>\nKaapin rungon v\u00e4ri on RAL 7035 (vaaleanharmaa).<br \/>\nOvien v\u00e4ri on RAL 5010 (sininen).<br \/>\nOvet 3-pistelukitusj\u00e4rjestelm\u00e4ll\u00e4 (kaksi avainta mukana).<br \/>\nRei&#8217;itetyt laatat takasein\u00e4ss\u00e4, sivuilla ja ovessa.<br \/>\nKaapissa on kaksi kiinte\u00e4\u00e4 hylly\u00e4.<br \/>\nYksi ulosvedett\u00e4v\u00e4 hylly.<br \/>\nYksi ulosvedett\u00e4v\u00e4 laatikko.<br \/>\nYksi laatikosto &#8211; kuusi laatikkoa.<br \/>\nLaatikkoripustusnauha, jossa on seitsem\u00e4n muovilaatikkoa.<br \/>\nS\u00e4\u00e4dett\u00e4v\u00e4t jalat.<br \/>\nPaino on 150 kg.<br \/>\nMuut ty\u00f6kalukaapin tuotteet eiv\u00e4t sis\u00e4lly hintaan.<\/p>\n","protected":false},"featured_media":15039,"template":"","meta":[],"product_brand":[],"product_cat":[398],"product_tag":[],"class_list":{"0":"post-16305","1":"product","2":"type-product","3":"status-publish","4":"has-post-thumbnail","6":"product_cat-garaazhi-ja-panipaika-fi","8":"first","9":"instock","10":"taxable","11":"shipping-taxable","12":"purchasable","13":"product-type-simple"},"yoast_head":"<!-- This site is optimized with the Yoast SEO plugin v27.5 - https:\/\/yoast.com\/product\/yoast-seo-wordpress\/ -->\n<title>Metallikaappi ty\u00f6kaluille 2000x1020x540 mm RAL 7035\/5010, I74000 - Balti Laomeister<\/title>\n<meta name=\"robots\" content=\"index, follow, max-snippet:-1, max-image-preview:large, max-video-preview:-1\" \/>\n<link rel=\"canonical\" href=\"https:\/\/www.laomeister.com\/fi\/toode\/metallikaappi-tyokaluille-2000x1020x540-ral-7035-5010\/\" \/>\n<meta property=\"og:locale\" content=\"fi_FI\" \/>\n<meta property=\"og:type\" content=\"article\" \/>\n<meta property=\"og:title\" content=\"Metallikaappi ty\u00f6kaluille 2000x1020x540 mm RAL 7035\/5010, I74000 - Balti Laomeister\" \/>\n<meta property=\"og:description\" content=\"Kaapin ulkomitat ovat K x L x S (mm) 2000x1020x540 mm. Ter\u00e4ksinen ty\u00f6kalukaappi, jossa on tukeva hitsattu rakenne. Kaapin rungon v\u00e4ri on RAL 7035 (vaaleanharmaa). Ovien v\u00e4ri on RAL 5010 (sininen). Ovet 3-pistelukitusj\u00e4rjestelm\u00e4ll\u00e4 (kaksi avainta mukana). Rei&#039;itetyt laatat takasein\u00e4ss\u00e4, sivuilla ja ovessa. Kaapissa on kaksi kiinte\u00e4\u00e4 hylly\u00e4. Yksi ulosvedett\u00e4v\u00e4 hylly. Yksi ulosvedett\u00e4v\u00e4 laatikko. Yksi laatikosto - kuusi laatikkoa. Laatikkoripustusnauha, jossa on seitsem\u00e4n muovilaatikkoa. S\u00e4\u00e4dett\u00e4v\u00e4t jalat. Paino on 150 kg. Muut ty\u00f6kalukaapin tuotteet eiv\u00e4t sis\u00e4lly hintaan.\" \/>\n<meta property=\"og:url\" content=\"https:\/\/www.laomeister.com\/fi\/toode\/metallikaappi-tyokaluille-2000x1020x540-ral-7035-5010\/\" \/>\n<meta property=\"og:site_name\" content=\"Balti Laomeister\" \/>\n<meta property=\"article:modified_time\" content=\"2024-07-02T20:09:14+00:00\" \/>\n<meta property=\"og:image\" content=\"https:\/\/www.laomeister.com\/wp-content\/uploads\/2020\/11\/Tooriistakapp.jpg\" \/>\n\t<meta property=\"og:image:width\" content=\"800\" \/>\n\t<meta property=\"og:image:height\" content=\"533\" \/>\n\t<meta property=\"og:image:type\" content=\"image\/jpeg\" \/>\n<meta name=\"twitter:card\" content=\"summary_large_image\" \/>\n<script type=\"application\/ld+json\" class=\"yoast-schema-graph\">{\"@context\":\"https:\\\/\\\/schema.org\",\"@graph\":[{\"@type\":\"WebPage\",\"@id\":\"https:\\\/\\\/www.laomeister.com\\\/fi\\\/toode\\\/metallikaappi-tyokaluille-2000x1020x540-ral-7035-5010\\\/\",\"url\":\"https:\\\/\\\/www.laomeister.com\\\/fi\\\/toode\\\/metallikaappi-tyokaluille-2000x1020x540-ral-7035-5010\\\/\",\"name\":\"Metallikaappi ty\u00f6kaluille 2000x1020x540 mm RAL 7035\\\/5010, I74000 - Balti Laomeister\",\"isPartOf\":{\"@id\":\"https:\\\/\\\/www.laomeister.com\\\/fi\\\/#website\"},\"primaryImageOfPage\":{\"@id\":\"https:\\\/\\\/www.laomeister.com\\\/fi\\\/toode\\\/metallikaappi-tyokaluille-2000x1020x540-ral-7035-5010\\\/#primaryimage\"},\"image\":{\"@id\":\"https:\\\/\\\/www.laomeister.com\\\/fi\\\/toode\\\/metallikaappi-tyokaluille-2000x1020x540-ral-7035-5010\\\/#primaryimage\"},\"thumbnailUrl\":\"https:\\\/\\\/www.laomeister.com\\\/wp-content\\\/uploads\\\/2020\\\/11\\\/Tooriistakapp.jpg\",\"datePublished\":\"2021-01-13T20:29:22+00:00\",\"dateModified\":\"2024-07-02T20:09:14+00:00\",\"breadcrumb\":{\"@id\":\"https:\\\/\\\/www.laomeister.com\\\/fi\\\/toode\\\/metallikaappi-tyokaluille-2000x1020x540-ral-7035-5010\\\/#breadcrumb\"},\"inLanguage\":\"fi\",\"potentialAction\":[{\"@type\":\"ReadAction\",\"target\":[\"https:\\\/\\\/www.laomeister.com\\\/fi\\\/toode\\\/metallikaappi-tyokaluille-2000x1020x540-ral-7035-5010\\\/\"]}]},{\"@type\":\"ImageObject\",\"inLanguage\":\"fi\",\"@id\":\"https:\\\/\\\/www.laomeister.com\\\/fi\\\/toode\\\/metallikaappi-tyokaluille-2000x1020x540-ral-7035-5010\\\/#primaryimage\",\"url\":\"https:\\\/\\\/www.laomeister.com\\\/wp-content\\\/uploads\\\/2020\\\/11\\\/Tooriistakapp.jpg\",\"contentUrl\":\"https:\\\/\\\/www.laomeister.com\\\/wp-content\\\/uploads\\\/2020\\\/11\\\/Tooriistakapp.jpg\",\"width\":800,\"height\":533},{\"@type\":\"BreadcrumbList\",\"@id\":\"https:\\\/\\\/www.laomeister.com\\\/fi\\\/toode\\\/metallikaappi-tyokaluille-2000x1020x540-ral-7035-5010\\\/#breadcrumb\",\"itemListElement\":[{\"@type\":\"ListItem\",\"position\":1,\"name\":\"Home\",\"item\":\"https:\\\/\\\/www.laomeister.com\\\/fi\\\/\"},{\"@type\":\"ListItem\",\"position\":2,\"name\":\"Tuotteet\",\"item\":\"https:\\\/\\\/www.laomeister.com\\\/fi\\\/tuotteet\\\/\"},{\"@type\":\"ListItem\",\"position\":3,\"name\":\"Metallikaappi ty\u00f6kaluille 2000x1020x540 mm RAL 7035\\\/5010, I74000\"}]},{\"@type\":\"WebSite\",\"@id\":\"https:\\\/\\\/www.laomeister.com\\\/fi\\\/#website\",\"url\":\"https:\\\/\\\/www.laomeister.com\\\/fi\\\/\",\"name\":\"Balti Laomeister\",\"description\":\"Laoriiulid - m&uuml;&uuml;k ja paigaldus\",\"potentialAction\":[{\"@type\":\"SearchAction\",\"target\":{\"@type\":\"EntryPoint\",\"urlTemplate\":\"https:\\\/\\\/www.laomeister.com\\\/fi\\\/?s={search_term_string}\"},\"query-input\":{\"@type\":\"PropertyValueSpecification\",\"valueRequired\":true,\"valueName\":\"search_term_string\"}}],\"inLanguage\":\"fi\"}]}<\/script>\n<!-- \/ Yoast SEO plugin. -->","yoast_head_json":{"title":"Metallikaappi ty\u00f6kaluille 2000x1020x540 mm RAL 7035\/5010, I74000 - Balti Laomeister","robots":{"index":"index","follow":"follow","max-snippet":"max-snippet:-1","max-image-preview":"max-image-preview:large","max-video-preview":"max-video-preview:-1"},"canonical":"https:\/\/www.laomeister.com\/fi\/toode\/metallikaappi-tyokaluille-2000x1020x540-ral-7035-5010\/","og_locale":"fi_FI","og_type":"article","og_title":"Metallikaappi ty\u00f6kaluille 2000x1020x540 mm RAL 7035\/5010, I74000 - Balti Laomeister","og_description":"Kaapin ulkomitat ovat K x L x S (mm) 2000x1020x540 mm. Ter\u00e4ksinen ty\u00f6kalukaappi, jossa on tukeva hitsattu rakenne. Kaapin rungon v\u00e4ri on RAL 7035 (vaaleanharmaa). Ovien v\u00e4ri on RAL 5010 (sininen). Ovet 3-pistelukitusj\u00e4rjestelm\u00e4ll\u00e4 (kaksi avainta mukana). Rei'itetyt laatat takasein\u00e4ss\u00e4, sivuilla ja ovessa. Kaapissa on kaksi kiinte\u00e4\u00e4 hylly\u00e4. Yksi ulosvedett\u00e4v\u00e4 hylly. Yksi ulosvedett\u00e4v\u00e4 laatikko. Yksi laatikosto - kuusi laatikkoa. Laatikkoripustusnauha, jossa on seitsem\u00e4n muovilaatikkoa. S\u00e4\u00e4dett\u00e4v\u00e4t jalat. Paino on 150 kg. Muut ty\u00f6kalukaapin tuotteet eiv\u00e4t sis\u00e4lly hintaan.","og_url":"https:\/\/www.laomeister.com\/fi\/toode\/metallikaappi-tyokaluille-2000x1020x540-ral-7035-5010\/","og_site_name":"Balti Laomeister","article_modified_time":"2024-07-02T20:09:14+00:00","og_image":[{"width":800,"height":533,"url":"https:\/\/www.laomeister.com\/wp-content\/uploads\/2020\/11\/Tooriistakapp.jpg","type":"image\/jpeg"}],"twitter_card":"summary_large_image","schema":{"@context":"https:\/\/schema.org","@graph":[{"@type":"WebPage","@id":"https:\/\/www.laomeister.com\/fi\/toode\/metallikaappi-tyokaluille-2000x1020x540-ral-7035-5010\/","url":"https:\/\/www.laomeister.com\/fi\/toode\/metallikaappi-tyokaluille-2000x1020x540-ral-7035-5010\/","name":"Metallikaappi ty\u00f6kaluille 2000x1020x540 mm RAL 7035\/5010, I74000 - Balti Laomeister","isPartOf":{"@id":"https:\/\/www.laomeister.com\/fi\/#website"},"primaryImageOfPage":{"@id":"https:\/\/www.laomeister.com\/fi\/toode\/metallikaappi-tyokaluille-2000x1020x540-ral-7035-5010\/#primaryimage"},"image":{"@id":"https:\/\/www.laomeister.com\/fi\/toode\/metallikaappi-tyokaluille-2000x1020x540-ral-7035-5010\/#primaryimage"},"thumbnailUrl":"https:\/\/www.laomeister.com\/wp-content\/uploads\/2020\/11\/Tooriistakapp.jpg","datePublished":"2021-01-13T20:29:22+00:00","dateModified":"2024-07-02T20:09:14+00:00","breadcrumb":{"@id":"https:\/\/www.laomeister.com\/fi\/toode\/metallikaappi-tyokaluille-2000x1020x540-ral-7035-5010\/#breadcrumb"},"inLanguage":"fi","potentialAction":[{"@type":"ReadAction","target":["https:\/\/www.laomeister.com\/fi\/toode\/metallikaappi-tyokaluille-2000x1020x540-ral-7035-5010\/"]}]},{"@type":"ImageObject","inLanguage":"fi","@id":"https:\/\/www.laomeister.com\/fi\/toode\/metallikaappi-tyokaluille-2000x1020x540-ral-7035-5010\/#primaryimage","url":"https:\/\/www.laomeister.com\/wp-content\/uploads\/2020\/11\/Tooriistakapp.jpg","contentUrl":"https:\/\/www.laomeister.com\/wp-content\/uploads\/2020\/11\/Tooriistakapp.jpg","width":800,"height":533},{"@type":"BreadcrumbList","@id":"https:\/\/www.laomeister.com\/fi\/toode\/metallikaappi-tyokaluille-2000x1020x540-ral-7035-5010\/#breadcrumb","itemListElement":[{"@type":"ListItem","position":1,"name":"Home","item":"https:\/\/www.laomeister.com\/fi\/"},{"@type":"ListItem","position":2,"name":"Tuotteet","item":"https:\/\/www.laomeister.com\/fi\/tuotteet\/"},{"@type":"ListItem","position":3,"name":"Metallikaappi ty\u00f6kaluille 2000x1020x540 mm RAL 7035\/5010, I74000"}]},{"@type":"WebSite","@id":"https:\/\/www.laomeister.com\/fi\/#website","url":"https:\/\/www.laomeister.com\/fi\/","name":"Balti Laomeister","description":"Laoriiulid - m&uuml;&uuml;k ja paigaldus","potentialAction":[{"@type":"SearchAction","target":{"@type":"EntryPoint","urlTemplate":"https:\/\/www.laomeister.com\/fi\/?s={search_term_string}"},"query-input":{"@type":"PropertyValueSpecification","valueRequired":true,"valueName":"search_term_string"}}],"inLanguage":"fi"}]}},"_links":{"self":[{"href":"https:\/\/www.laomeister.com\/fi\/wp-json\/wp\/v2\/product\/16305","targetHints":{"allow":["GET"]}}],"collection":[{"href":"https:\/\/www.laomeister.com\/fi\/wp-json\/wp\/v2\/product"}],"about":[{"href":"https:\/\/www.laomeister.com\/fi\/wp-json\/wp\/v2\/types\/product"}],"wp:featuredmedia":[{"embeddable":true,"href":"https:\/\/www.laomeister.com\/fi\/wp-json\/wp\/v2\/media\/15039"}],"wp:attachment":[{"href":"https:\/\/www.laomeister.com\/fi\/wp-json\/wp\/v2\/media?parent=16305"}],"wp:term":[{"taxonomy":"product_brand","embeddable":true,"href":"https:\/\/www.laomeister.com\/fi\/wp-json\/wp\/v2\/product_brand?post=16305"},{"taxonomy":"product_cat","embeddable":true,"href":"https:\/\/www.laomeister.com\/fi\/wp-json\/wp\/v2\/product_cat?post=16305"},{"taxonomy":"product_tag","embeddable":true,"href":"https:\/\/www.laomeister.com\/fi\/wp-json\/wp\/v2\/product_tag?post=16305"}],"curies":[{"name":"wp","href":"https:\/\/api.w.org\/{rel}","templated":true}]}}