{"id":16304,"date":"2020-11-03T12:29:01","date_gmt":"2021-01-13T20:26:10","guid":{"rendered":"https:\/\/www.laomeister.com\/product\/pyorallinen-reiitetty-tyokalukaappi-600-x-400-x-1800-mm\/"},"modified":"2024-07-02T23:09:11","modified_gmt":"2024-07-02T20:09:11","slug":"pyorallinen-reiitetty-tyokalukaappi-600x400x1800-mm","status":"publish","type":"product","link":"https:\/\/www.laomeister.com\/fi\/toode\/pyorallinen-reiitetty-tyokalukaappi-600x400x1800-mm\/","title":{"rendered":"Ty\u00f6kalukaappi rei&#8217;itetyill\u00e4 py\u00f6rill\u00e4 600x400x1800 mm, I74060"},"content":{"rendered":"","protected":false},"excerpt":{"rendered":"<p>Tukeva ty\u00f6kaluvaunu, jonka yl\u00e4osassa on ty\u00f6kalukaappi, jossa on perfosein\u00e4t.<br \/>\nSarja sis\u00e4lt\u00e4\u00e4 20 erilaista ripustuskoukkua.<br \/>\nKaappi on lukittava, 2 avainta mukana.<br \/>\nVaunussa on nelj\u00e4 harmaata kumipy\u00f6r\u00e4\u00e4, joiden halkaisija on 125 mm.<br \/>\nVaunun kokonaismitat ovat L x S x K (mm) 600x400x1800.<br \/>\nKaapin mitat L x S x K (mm) 600x400x885.<br \/>\nPaino 32 kg.<br \/>\nTy\u00f6kaluvaunun voi ostaa erikseen tai sarjana koodilla 05-74060+05-74070.<br \/>\nKuvassa olevat ty\u00f6kalut eiv\u00e4t sis\u00e4lly.<\/p>\n","protected":false},"featured_media":34201,"template":"","meta":[],"product_brand":[],"product_cat":[398,708],"product_tag":[],"class_list":{"0":"post-16304","1":"product","2":"type-product","3":"status-publish","4":"has-post-thumbnail","6":"product_cat-garaazhi-ja-panipaika-fi","7":"product_cat-perfos-seinat-ja-huiput","9":"first","10":"instock","11":"taxable","12":"shipping-taxable","13":"purchasable","14":"product-type-simple"},"yoast_head":"<!-- This site is optimized with the Yoast SEO plugin v27.5 - https:\/\/yoast.com\/product\/yoast-seo-wordpress\/ -->\n<title>Ty\u00f6kalukaappi rei&#039;itetyill\u00e4 py\u00f6rill\u00e4 600x400x1800 mm, I74060 - Balti Laomeister<\/title>\n<meta name=\"robots\" content=\"index, follow, max-snippet:-1, max-image-preview:large, max-video-preview:-1\" \/>\n<link rel=\"canonical\" href=\"https:\/\/www.laomeister.com\/fi\/toode\/pyorallinen-reiitetty-tyokalukaappi-600x400x1800-mm\/\" \/>\n<meta property=\"og:locale\" content=\"fi_FI\" \/>\n<meta property=\"og:type\" content=\"article\" \/>\n<meta property=\"og:title\" content=\"Ty\u00f6kalukaappi rei&#039;itetyill\u00e4 py\u00f6rill\u00e4 600x400x1800 mm, I74060 - Balti Laomeister\" \/>\n<meta property=\"og:description\" content=\"Tukeva ty\u00f6kaluvaunu, jonka yl\u00e4osassa on ty\u00f6kalukaappi, jossa on perfosein\u00e4t. Sarja sis\u00e4lt\u00e4\u00e4 20 erilaista ripustuskoukkua. Kaappi on lukittava, 2 avainta mukana. Vaunussa on nelj\u00e4 harmaata kumipy\u00f6r\u00e4\u00e4, joiden halkaisija on 125 mm. Vaunun kokonaismitat ovat L x S x K (mm) 600x400x1800. Kaapin mitat L x S x K (mm) 600x400x885. Paino 32 kg. Ty\u00f6kaluvaunun voi ostaa erikseen tai sarjana koodilla 05-74060+05-74070. Kuvassa olevat ty\u00f6kalut eiv\u00e4t sis\u00e4lly.\" \/>\n<meta property=\"og:url\" content=\"https:\/\/www.laomeister.com\/fi\/toode\/pyorallinen-reiitetty-tyokalukaappi-600x400x1800-mm\/\" \/>\n<meta property=\"og:site_name\" content=\"Balti Laomeister\" \/>\n<meta property=\"article:modified_time\" content=\"2024-07-02T20:09:11+00:00\" \/>\n<meta property=\"og:image\" content=\"https:\/\/www.laomeister.com\/wp-content\/uploads\/2020\/11\/Tooriistakapp-perforeeritud-ratastel-600x400x1800-mm-I74060.jpg\" \/>\n\t<meta property=\"og:image:width\" content=\"850\" \/>\n\t<meta property=\"og:image:height\" content=\"850\" \/>\n\t<meta property=\"og:image:type\" content=\"image\/jpeg\" \/>\n<meta name=\"twitter:card\" content=\"summary_large_image\" \/>\n<script type=\"application\/ld+json\" class=\"yoast-schema-graph\">{\"@context\":\"https:\\\/\\\/schema.org\",\"@graph\":[{\"@type\":\"WebPage\",\"@id\":\"https:\\\/\\\/www.laomeister.com\\\/fi\\\/toode\\\/pyorallinen-reiitetty-tyokalukaappi-600x400x1800-mm\\\/\",\"url\":\"https:\\\/\\\/www.laomeister.com\\\/fi\\\/toode\\\/pyorallinen-reiitetty-tyokalukaappi-600x400x1800-mm\\\/\",\"name\":\"Ty\u00f6kalukaappi rei'itetyill\u00e4 py\u00f6rill\u00e4 600x400x1800 mm, I74060 - Balti Laomeister\",\"isPartOf\":{\"@id\":\"https:\\\/\\\/www.laomeister.com\\\/fi\\\/#website\"},\"primaryImageOfPage\":{\"@id\":\"https:\\\/\\\/www.laomeister.com\\\/fi\\\/toode\\\/pyorallinen-reiitetty-tyokalukaappi-600x400x1800-mm\\\/#primaryimage\"},\"image\":{\"@id\":\"https:\\\/\\\/www.laomeister.com\\\/fi\\\/toode\\\/pyorallinen-reiitetty-tyokalukaappi-600x400x1800-mm\\\/#primaryimage\"},\"thumbnailUrl\":\"https:\\\/\\\/www.laomeister.com\\\/wp-content\\\/uploads\\\/2020\\\/11\\\/Tooriistakapp-perforeeritud-ratastel-600x400x1800-mm-I74060.jpg\",\"datePublished\":\"2021-01-13T20:26:10+00:00\",\"dateModified\":\"2024-07-02T20:09:11+00:00\",\"breadcrumb\":{\"@id\":\"https:\\\/\\\/www.laomeister.com\\\/fi\\\/toode\\\/pyorallinen-reiitetty-tyokalukaappi-600x400x1800-mm\\\/#breadcrumb\"},\"inLanguage\":\"fi\",\"potentialAction\":[{\"@type\":\"ReadAction\",\"target\":[\"https:\\\/\\\/www.laomeister.com\\\/fi\\\/toode\\\/pyorallinen-reiitetty-tyokalukaappi-600x400x1800-mm\\\/\"]}]},{\"@type\":\"ImageObject\",\"inLanguage\":\"fi\",\"@id\":\"https:\\\/\\\/www.laomeister.com\\\/fi\\\/toode\\\/pyorallinen-reiitetty-tyokalukaappi-600x400x1800-mm\\\/#primaryimage\",\"url\":\"https:\\\/\\\/www.laomeister.com\\\/wp-content\\\/uploads\\\/2020\\\/11\\\/Tooriistakapp-perforeeritud-ratastel-600x400x1800-mm-I74060.jpg\",\"contentUrl\":\"https:\\\/\\\/www.laomeister.com\\\/wp-content\\\/uploads\\\/2020\\\/11\\\/Tooriistakapp-perforeeritud-ratastel-600x400x1800-mm-I74060.jpg\",\"width\":850,\"height\":850},{\"@type\":\"BreadcrumbList\",\"@id\":\"https:\\\/\\\/www.laomeister.com\\\/fi\\\/toode\\\/pyorallinen-reiitetty-tyokalukaappi-600x400x1800-mm\\\/#breadcrumb\",\"itemListElement\":[{\"@type\":\"ListItem\",\"position\":1,\"name\":\"Home\",\"item\":\"https:\\\/\\\/www.laomeister.com\\\/fi\\\/\"},{\"@type\":\"ListItem\",\"position\":2,\"name\":\"Tuotteet\",\"item\":\"https:\\\/\\\/www.laomeister.com\\\/fi\\\/tuotteet\\\/\"},{\"@type\":\"ListItem\",\"position\":3,\"name\":\"Ty\u00f6kalukaappi rei&#8217;itetyill\u00e4 py\u00f6rill\u00e4 600x400x1800 mm, I74060\"}]},{\"@type\":\"WebSite\",\"@id\":\"https:\\\/\\\/www.laomeister.com\\\/fi\\\/#website\",\"url\":\"https:\\\/\\\/www.laomeister.com\\\/fi\\\/\",\"name\":\"Balti Laomeister\",\"description\":\"Laoriiulid - m&uuml;&uuml;k ja paigaldus\",\"potentialAction\":[{\"@type\":\"SearchAction\",\"target\":{\"@type\":\"EntryPoint\",\"urlTemplate\":\"https:\\\/\\\/www.laomeister.com\\\/fi\\\/?s={search_term_string}\"},\"query-input\":{\"@type\":\"PropertyValueSpecification\",\"valueRequired\":true,\"valueName\":\"search_term_string\"}}],\"inLanguage\":\"fi\"}]}<\/script>\n<!-- \/ Yoast SEO plugin. -->","yoast_head_json":{"title":"Ty\u00f6kalukaappi rei'itetyill\u00e4 py\u00f6rill\u00e4 600x400x1800 mm, I74060 - Balti Laomeister","robots":{"index":"index","follow":"follow","max-snippet":"max-snippet:-1","max-image-preview":"max-image-preview:large","max-video-preview":"max-video-preview:-1"},"canonical":"https:\/\/www.laomeister.com\/fi\/toode\/pyorallinen-reiitetty-tyokalukaappi-600x400x1800-mm\/","og_locale":"fi_FI","og_type":"article","og_title":"Ty\u00f6kalukaappi rei'itetyill\u00e4 py\u00f6rill\u00e4 600x400x1800 mm, I74060 - Balti Laomeister","og_description":"Tukeva ty\u00f6kaluvaunu, jonka yl\u00e4osassa on ty\u00f6kalukaappi, jossa on perfosein\u00e4t. Sarja sis\u00e4lt\u00e4\u00e4 20 erilaista ripustuskoukkua. Kaappi on lukittava, 2 avainta mukana. Vaunussa on nelj\u00e4 harmaata kumipy\u00f6r\u00e4\u00e4, joiden halkaisija on 125 mm. Vaunun kokonaismitat ovat L x S x K (mm) 600x400x1800. Kaapin mitat L x S x K (mm) 600x400x885. Paino 32 kg. Ty\u00f6kaluvaunun voi ostaa erikseen tai sarjana koodilla 05-74060+05-74070. Kuvassa olevat ty\u00f6kalut eiv\u00e4t sis\u00e4lly.","og_url":"https:\/\/www.laomeister.com\/fi\/toode\/pyorallinen-reiitetty-tyokalukaappi-600x400x1800-mm\/","og_site_name":"Balti Laomeister","article_modified_time":"2024-07-02T20:09:11+00:00","og_image":[{"width":850,"height":850,"url":"https:\/\/www.laomeister.com\/wp-content\/uploads\/2020\/11\/Tooriistakapp-perforeeritud-ratastel-600x400x1800-mm-I74060.jpg","type":"image\/jpeg"}],"twitter_card":"summary_large_image","schema":{"@context":"https:\/\/schema.org","@graph":[{"@type":"WebPage","@id":"https:\/\/www.laomeister.com\/fi\/toode\/pyorallinen-reiitetty-tyokalukaappi-600x400x1800-mm\/","url":"https:\/\/www.laomeister.com\/fi\/toode\/pyorallinen-reiitetty-tyokalukaappi-600x400x1800-mm\/","name":"Ty\u00f6kalukaappi rei'itetyill\u00e4 py\u00f6rill\u00e4 600x400x1800 mm, I74060 - Balti Laomeister","isPartOf":{"@id":"https:\/\/www.laomeister.com\/fi\/#website"},"primaryImageOfPage":{"@id":"https:\/\/www.laomeister.com\/fi\/toode\/pyorallinen-reiitetty-tyokalukaappi-600x400x1800-mm\/#primaryimage"},"image":{"@id":"https:\/\/www.laomeister.com\/fi\/toode\/pyorallinen-reiitetty-tyokalukaappi-600x400x1800-mm\/#primaryimage"},"thumbnailUrl":"https:\/\/www.laomeister.com\/wp-content\/uploads\/2020\/11\/Tooriistakapp-perforeeritud-ratastel-600x400x1800-mm-I74060.jpg","datePublished":"2021-01-13T20:26:10+00:00","dateModified":"2024-07-02T20:09:11+00:00","breadcrumb":{"@id":"https:\/\/www.laomeister.com\/fi\/toode\/pyorallinen-reiitetty-tyokalukaappi-600x400x1800-mm\/#breadcrumb"},"inLanguage":"fi","potentialAction":[{"@type":"ReadAction","target":["https:\/\/www.laomeister.com\/fi\/toode\/pyorallinen-reiitetty-tyokalukaappi-600x400x1800-mm\/"]}]},{"@type":"ImageObject","inLanguage":"fi","@id":"https:\/\/www.laomeister.com\/fi\/toode\/pyorallinen-reiitetty-tyokalukaappi-600x400x1800-mm\/#primaryimage","url":"https:\/\/www.laomeister.com\/wp-content\/uploads\/2020\/11\/Tooriistakapp-perforeeritud-ratastel-600x400x1800-mm-I74060.jpg","contentUrl":"https:\/\/www.laomeister.com\/wp-content\/uploads\/2020\/11\/Tooriistakapp-perforeeritud-ratastel-600x400x1800-mm-I74060.jpg","width":850,"height":850},{"@type":"BreadcrumbList","@id":"https:\/\/www.laomeister.com\/fi\/toode\/pyorallinen-reiitetty-tyokalukaappi-600x400x1800-mm\/#breadcrumb","itemListElement":[{"@type":"ListItem","position":1,"name":"Home","item":"https:\/\/www.laomeister.com\/fi\/"},{"@type":"ListItem","position":2,"name":"Tuotteet","item":"https:\/\/www.laomeister.com\/fi\/tuotteet\/"},{"@type":"ListItem","position":3,"name":"Ty\u00f6kalukaappi rei&#8217;itetyill\u00e4 py\u00f6rill\u00e4 600x400x1800 mm, I74060"}]},{"@type":"WebSite","@id":"https:\/\/www.laomeister.com\/fi\/#website","url":"https:\/\/www.laomeister.com\/fi\/","name":"Balti Laomeister","description":"Laoriiulid - m&uuml;&uuml;k ja paigaldus","potentialAction":[{"@type":"SearchAction","target":{"@type":"EntryPoint","urlTemplate":"https:\/\/www.laomeister.com\/fi\/?s={search_term_string}"},"query-input":{"@type":"PropertyValueSpecification","valueRequired":true,"valueName":"search_term_string"}}],"inLanguage":"fi"}]}},"_links":{"self":[{"href":"https:\/\/www.laomeister.com\/fi\/wp-json\/wp\/v2\/product\/16304","targetHints":{"allow":["GET"]}}],"collection":[{"href":"https:\/\/www.laomeister.com\/fi\/wp-json\/wp\/v2\/product"}],"about":[{"href":"https:\/\/www.laomeister.com\/fi\/wp-json\/wp\/v2\/types\/product"}],"wp:featuredmedia":[{"embeddable":true,"href":"https:\/\/www.laomeister.com\/fi\/wp-json\/wp\/v2\/media\/34201"}],"wp:attachment":[{"href":"https:\/\/www.laomeister.com\/fi\/wp-json\/wp\/v2\/media?parent=16304"}],"wp:term":[{"taxonomy":"product_brand","embeddable":true,"href":"https:\/\/www.laomeister.com\/fi\/wp-json\/wp\/v2\/product_brand?post=16304"},{"taxonomy":"product_cat","embeddable":true,"href":"https:\/\/www.laomeister.com\/fi\/wp-json\/wp\/v2\/product_cat?post=16304"},{"taxonomy":"product_tag","embeddable":true,"href":"https:\/\/www.laomeister.com\/fi\/wp-json\/wp\/v2\/product_tag?post=16304"}],"curies":[{"name":"wp","href":"https:\/\/api.w.org\/{rel}","templated":true}]}}