{"id":16213,"date":"2021-01-08T14:23:51","date_gmt":"2021-01-08T12:23:51","guid":{"rendered":"https:\/\/www.laomeister.com\/?post_type=product&#038;p=16213"},"modified":"2024-07-02T23:17:00","modified_gmt":"2024-07-02T20:17:00","slug":"konteiner-1800l-avaneva-pohjaga","status":"publish","type":"product","link":"https:\/\/www.laomeister.com\/fi\/toode\/konteiner-1800l-avaneva-pohjaga\/","title":{"rendered":"S\u00e4ili\u00f6 1800L avattavalla pohjalla, I18180"},"content":{"rendered":"","protected":false},"excerpt":{"rendered":"<ul>\n<li>S\u00e4ili\u00f6, jonka pohja avautuu automaattisesti.<\/li>\n<li>S\u00e4ili\u00f6n ulkomitat ovat P x L x K (mm) 1600x1000x1300.<\/li>\n<li>Yl\u00e4osassa olevat aukot haarukkatrukin haarukkavarret.<\/li>\n<li>S\u00e4ili\u00f6t voidaan pinota p\u00e4\u00e4llekk\u00e4in.<\/li>\n<li>Valmistettu vahvasta 3 mm:n ter\u00e4slevyst\u00e4, jauhemaalattu.<\/li>\n<li>Tilavuus 1800 litraa.<\/li>\n<li>Kantavuus 800 kg.<\/li>\n<li>Paino 224 kg.<\/li>\n<li>Kontin kuljettamiseen voidaan k\u00e4ytt\u00e4\u00e4 pinoaajaa tai haarukkatrukkia.<\/li>\n<li>\n<\/li>\n<\/ul>\n","protected":false},"featured_media":16205,"template":"","meta":[],"product_brand":[],"product_cat":[276,454],"product_tag":[],"class_list":{"0":"post-16213","1":"product","2":"type-product","3":"status-publish","4":"has-post-thumbnail","6":"product_cat-laomoobel-fi","7":"product_cat-kallurkonteinerid-fi","9":"first","10":"instock","11":"taxable","12":"shipping-taxable","13":"purchasable","14":"product-type-simple"},"yoast_head":"<!-- This site is optimized with the Yoast SEO plugin v27.3 - https:\/\/yoast.com\/product\/yoast-seo-wordpress\/ -->\n<title>S\u00e4ili\u00f6 1800L avattavalla pohjalla, I18180 - Balti Laomeister<\/title>\n<meta name=\"description\" content=\"kallurkonteiner\" \/>\n<meta name=\"robots\" content=\"index, follow, max-snippet:-1, max-image-preview:large, max-video-preview:-1\" \/>\n<link rel=\"canonical\" href=\"https:\/\/www.laomeister.com\/fi\/toode\/konteiner-1800l-avaneva-pohjaga\/\" \/>\n<meta property=\"og:locale\" content=\"fi_FI\" \/>\n<meta property=\"og:type\" content=\"article\" \/>\n<meta property=\"og:title\" content=\"S\u00e4ili\u00f6 1800L avattavalla pohjalla, I18180 - Balti Laomeister\" \/>\n<meta property=\"og:description\" content=\"kallurkonteiner\" \/>\n<meta property=\"og:url\" content=\"https:\/\/www.laomeister.com\/fi\/toode\/konteiner-1800l-avaneva-pohjaga\/\" \/>\n<meta property=\"og:site_name\" content=\"Balti Laomeister\" \/>\n<meta property=\"article:modified_time\" content=\"2024-07-02T20:17:00+00:00\" \/>\n<meta property=\"og:image\" content=\"https:\/\/www.laomeister.com\/wp-content\/uploads\/2021\/01\/extrabilder7839_large.jpg\" \/>\n\t<meta property=\"og:image:width\" content=\"800\" \/>\n\t<meta property=\"og:image:height\" content=\"533\" \/>\n\t<meta property=\"og:image:type\" content=\"image\/jpeg\" \/>\n<meta name=\"twitter:card\" content=\"summary_large_image\" \/>\n<script type=\"application\/ld+json\" class=\"yoast-schema-graph\">{\"@context\":\"https:\\\/\\\/schema.org\",\"@graph\":[{\"@type\":\"WebPage\",\"@id\":\"https:\\\/\\\/www.laomeister.com\\\/fi\\\/toode\\\/konteiner-1800l-avaneva-pohjaga\\\/\",\"url\":\"https:\\\/\\\/www.laomeister.com\\\/fi\\\/toode\\\/konteiner-1800l-avaneva-pohjaga\\\/\",\"name\":\"S\u00e4ili\u00f6 1800L avattavalla pohjalla, I18180 - Balti Laomeister\",\"isPartOf\":{\"@id\":\"https:\\\/\\\/www.laomeister.com\\\/fi\\\/#website\"},\"primaryImageOfPage\":{\"@id\":\"https:\\\/\\\/www.laomeister.com\\\/fi\\\/toode\\\/konteiner-1800l-avaneva-pohjaga\\\/#primaryimage\"},\"image\":{\"@id\":\"https:\\\/\\\/www.laomeister.com\\\/fi\\\/toode\\\/konteiner-1800l-avaneva-pohjaga\\\/#primaryimage\"},\"thumbnailUrl\":\"https:\\\/\\\/www.laomeister.com\\\/wp-content\\\/uploads\\\/2021\\\/01\\\/extrabilder7839_large.jpg\",\"datePublished\":\"2021-01-08T12:23:51+00:00\",\"dateModified\":\"2024-07-02T20:17:00+00:00\",\"description\":\"kallurkonteiner\",\"breadcrumb\":{\"@id\":\"https:\\\/\\\/www.laomeister.com\\\/fi\\\/toode\\\/konteiner-1800l-avaneva-pohjaga\\\/#breadcrumb\"},\"inLanguage\":\"fi\",\"potentialAction\":[{\"@type\":\"ReadAction\",\"target\":[\"https:\\\/\\\/www.laomeister.com\\\/fi\\\/toode\\\/konteiner-1800l-avaneva-pohjaga\\\/\"]}]},{\"@type\":\"ImageObject\",\"inLanguage\":\"fi\",\"@id\":\"https:\\\/\\\/www.laomeister.com\\\/fi\\\/toode\\\/konteiner-1800l-avaneva-pohjaga\\\/#primaryimage\",\"url\":\"https:\\\/\\\/www.laomeister.com\\\/wp-content\\\/uploads\\\/2021\\\/01\\\/extrabilder7839_large.jpg\",\"contentUrl\":\"https:\\\/\\\/www.laomeister.com\\\/wp-content\\\/uploads\\\/2021\\\/01\\\/extrabilder7839_large.jpg\",\"width\":800,\"height\":533},{\"@type\":\"BreadcrumbList\",\"@id\":\"https:\\\/\\\/www.laomeister.com\\\/fi\\\/toode\\\/konteiner-1800l-avaneva-pohjaga\\\/#breadcrumb\",\"itemListElement\":[{\"@type\":\"ListItem\",\"position\":1,\"name\":\"Home\",\"item\":\"https:\\\/\\\/www.laomeister.com\\\/fi\\\/\"},{\"@type\":\"ListItem\",\"position\":2,\"name\":\"Tuotteet\",\"item\":\"https:\\\/\\\/www.laomeister.com\\\/fi\\\/tuotteet\\\/\"},{\"@type\":\"ListItem\",\"position\":3,\"name\":\"S\u00e4ili\u00f6 1800L avattavalla pohjalla, I18180\"}]},{\"@type\":\"WebSite\",\"@id\":\"https:\\\/\\\/www.laomeister.com\\\/fi\\\/#website\",\"url\":\"https:\\\/\\\/www.laomeister.com\\\/fi\\\/\",\"name\":\"Balti Laomeister\",\"description\":\"Laoriiulid - m&uuml;&uuml;k ja paigaldus\",\"potentialAction\":[{\"@type\":\"SearchAction\",\"target\":{\"@type\":\"EntryPoint\",\"urlTemplate\":\"https:\\\/\\\/www.laomeister.com\\\/fi\\\/?s={search_term_string}\"},\"query-input\":{\"@type\":\"PropertyValueSpecification\",\"valueRequired\":true,\"valueName\":\"search_term_string\"}}],\"inLanguage\":\"fi\"}]}<\/script>\n<!-- \/ Yoast SEO plugin. -->","yoast_head_json":{"title":"S\u00e4ili\u00f6 1800L avattavalla pohjalla, I18180 - Balti Laomeister","description":"kallurkonteiner","robots":{"index":"index","follow":"follow","max-snippet":"max-snippet:-1","max-image-preview":"max-image-preview:large","max-video-preview":"max-video-preview:-1"},"canonical":"https:\/\/www.laomeister.com\/fi\/toode\/konteiner-1800l-avaneva-pohjaga\/","og_locale":"fi_FI","og_type":"article","og_title":"S\u00e4ili\u00f6 1800L avattavalla pohjalla, I18180 - Balti Laomeister","og_description":"kallurkonteiner","og_url":"https:\/\/www.laomeister.com\/fi\/toode\/konteiner-1800l-avaneva-pohjaga\/","og_site_name":"Balti Laomeister","article_modified_time":"2024-07-02T20:17:00+00:00","og_image":[{"width":800,"height":533,"url":"https:\/\/www.laomeister.com\/wp-content\/uploads\/2021\/01\/extrabilder7839_large.jpg","type":"image\/jpeg"}],"twitter_card":"summary_large_image","schema":{"@context":"https:\/\/schema.org","@graph":[{"@type":"WebPage","@id":"https:\/\/www.laomeister.com\/fi\/toode\/konteiner-1800l-avaneva-pohjaga\/","url":"https:\/\/www.laomeister.com\/fi\/toode\/konteiner-1800l-avaneva-pohjaga\/","name":"S\u00e4ili\u00f6 1800L avattavalla pohjalla, I18180 - Balti Laomeister","isPartOf":{"@id":"https:\/\/www.laomeister.com\/fi\/#website"},"primaryImageOfPage":{"@id":"https:\/\/www.laomeister.com\/fi\/toode\/konteiner-1800l-avaneva-pohjaga\/#primaryimage"},"image":{"@id":"https:\/\/www.laomeister.com\/fi\/toode\/konteiner-1800l-avaneva-pohjaga\/#primaryimage"},"thumbnailUrl":"https:\/\/www.laomeister.com\/wp-content\/uploads\/2021\/01\/extrabilder7839_large.jpg","datePublished":"2021-01-08T12:23:51+00:00","dateModified":"2024-07-02T20:17:00+00:00","description":"kallurkonteiner","breadcrumb":{"@id":"https:\/\/www.laomeister.com\/fi\/toode\/konteiner-1800l-avaneva-pohjaga\/#breadcrumb"},"inLanguage":"fi","potentialAction":[{"@type":"ReadAction","target":["https:\/\/www.laomeister.com\/fi\/toode\/konteiner-1800l-avaneva-pohjaga\/"]}]},{"@type":"ImageObject","inLanguage":"fi","@id":"https:\/\/www.laomeister.com\/fi\/toode\/konteiner-1800l-avaneva-pohjaga\/#primaryimage","url":"https:\/\/www.laomeister.com\/wp-content\/uploads\/2021\/01\/extrabilder7839_large.jpg","contentUrl":"https:\/\/www.laomeister.com\/wp-content\/uploads\/2021\/01\/extrabilder7839_large.jpg","width":800,"height":533},{"@type":"BreadcrumbList","@id":"https:\/\/www.laomeister.com\/fi\/toode\/konteiner-1800l-avaneva-pohjaga\/#breadcrumb","itemListElement":[{"@type":"ListItem","position":1,"name":"Home","item":"https:\/\/www.laomeister.com\/fi\/"},{"@type":"ListItem","position":2,"name":"Tuotteet","item":"https:\/\/www.laomeister.com\/fi\/tuotteet\/"},{"@type":"ListItem","position":3,"name":"S\u00e4ili\u00f6 1800L avattavalla pohjalla, I18180"}]},{"@type":"WebSite","@id":"https:\/\/www.laomeister.com\/fi\/#website","url":"https:\/\/www.laomeister.com\/fi\/","name":"Balti Laomeister","description":"Laoriiulid - m&uuml;&uuml;k ja paigaldus","potentialAction":[{"@type":"SearchAction","target":{"@type":"EntryPoint","urlTemplate":"https:\/\/www.laomeister.com\/fi\/?s={search_term_string}"},"query-input":{"@type":"PropertyValueSpecification","valueRequired":true,"valueName":"search_term_string"}}],"inLanguage":"fi"}]}},"_links":{"self":[{"href":"https:\/\/www.laomeister.com\/fi\/wp-json\/wp\/v2\/product\/16213","targetHints":{"allow":["GET"]}}],"collection":[{"href":"https:\/\/www.laomeister.com\/fi\/wp-json\/wp\/v2\/product"}],"about":[{"href":"https:\/\/www.laomeister.com\/fi\/wp-json\/wp\/v2\/types\/product"}],"wp:featuredmedia":[{"embeddable":true,"href":"https:\/\/www.laomeister.com\/fi\/wp-json\/wp\/v2\/media\/16205"}],"wp:attachment":[{"href":"https:\/\/www.laomeister.com\/fi\/wp-json\/wp\/v2\/media?parent=16213"}],"wp:term":[{"taxonomy":"product_brand","embeddable":true,"href":"https:\/\/www.laomeister.com\/fi\/wp-json\/wp\/v2\/product_brand?post=16213"},{"taxonomy":"product_cat","embeddable":true,"href":"https:\/\/www.laomeister.com\/fi\/wp-json\/wp\/v2\/product_cat?post=16213"},{"taxonomy":"product_tag","embeddable":true,"href":"https:\/\/www.laomeister.com\/fi\/wp-json\/wp\/v2\/product_tag?post=16213"}],"curies":[{"name":"wp","href":"https:\/\/api.w.org\/{rel}","templated":true}]}}