{"id":16173,"date":"2021-01-08T14:09:31","date_gmt":"2021-01-08T12:09:31","guid":{"rendered":"https:\/\/www.laomeister.com\/?post_type=product&#038;p=16173"},"modified":"2024-07-02T23:16:56","modified_gmt":"2024-07-02T20:16:56","slug":"kallurkonteiner-2500-l","status":"publish","type":"product","link":"https:\/\/www.laomeister.com\/fi\/toode\/kallurkonteiner-2500-l\/","title":{"rendered":"Callur-s\u00e4ili\u00f6 2500L, I10250"},"content":{"rendered":"","protected":false},"excerpt":{"rendered":"<ul>\n<li>Kaatopaikkas\u00e4ili\u00f6 on varustettu automaattisella ja manuaalisella tyhjennysj\u00e4rjestelm\u00e4ll\u00e4.<\/li>\n<li>S\u00e4ili\u00f6 tyhjenee automaattisesti, kun s\u00e4ili\u00f6n etuosassa oleva liipaisin osuu s\u00e4ili\u00f6n reunaan.<\/li>\n<li>Tyhj\u00e4 s\u00e4ili\u00f6 laskeutuu takaisin alkuasentoon ja lukittuu.<\/li>\n<li>Lava- tai k\u00e4sik\u00e4ytt\u00f6inen kuormatrukki soveltuu kippis\u00e4ili\u00f6n kuljettamiseen.<\/li>\n<li>Kippikontin ulkomitat ovat P x L x K (mm) 2073x1566x1248.<\/li>\n<li>Tilavuus 2050 litraa (2,5 m\u00b3).<\/li>\n<li>Paino 288 kg.<\/li>\n<li>Kantavuus 2000 kg.<\/li>\n<li>S\u00e4ili\u00f6n kansi ja py\u00f6r\u00e4sarja voidaan tilata lis\u00e4varusteena.<\/li>\n<li>Erikoistilauksesta on mahdollista tilata s\u00e4ili\u00f6 eri v\u00e4reiss\u00e4.<\/li>\n<\/ul>\n","protected":false},"featured_media":16148,"template":"","meta":[],"product_brand":[],"product_cat":[276,454],"product_tag":[],"class_list":{"0":"post-16173","1":"product","2":"type-product","3":"status-publish","4":"has-post-thumbnail","6":"product_cat-laomoobel-fi","7":"product_cat-kallurkonteinerid-fi","9":"first","10":"instock","11":"taxable","12":"shipping-taxable","13":"purchasable","14":"product-type-simple"},"yoast_head":"<!-- This site is optimized with the Yoast SEO plugin v27.3 - https:\/\/yoast.com\/product\/yoast-seo-wordpress\/ -->\n<title>Callur-s\u00e4ili\u00f6 2500L, I10250 - Balti Laomeister<\/title>\n<meta name=\"description\" content=\"kallurkonteiner\" \/>\n<meta name=\"robots\" content=\"index, follow, max-snippet:-1, max-image-preview:large, max-video-preview:-1\" \/>\n<link rel=\"canonical\" href=\"https:\/\/www.laomeister.com\/fi\/toode\/kallurkonteiner-2500-l\/\" \/>\n<meta property=\"og:locale\" content=\"fi_FI\" \/>\n<meta property=\"og:type\" content=\"article\" \/>\n<meta property=\"og:title\" content=\"Callur-s\u00e4ili\u00f6 2500L, I10250 - Balti Laomeister\" \/>\n<meta property=\"og:description\" content=\"kallurkonteiner\" \/>\n<meta property=\"og:url\" content=\"https:\/\/www.laomeister.com\/fi\/toode\/kallurkonteiner-2500-l\/\" \/>\n<meta property=\"og:site_name\" content=\"Balti Laomeister\" \/>\n<meta property=\"article:modified_time\" content=\"2024-07-02T20:16:56+00:00\" \/>\n<meta property=\"og:image\" content=\"https:\/\/www.laomeister.com\/wp-content\/uploads\/2021\/01\/extrabilder2785_large-1.jpg\" \/>\n\t<meta property=\"og:image:width\" content=\"763\" \/>\n\t<meta property=\"og:image:height\" content=\"600\" \/>\n\t<meta property=\"og:image:type\" content=\"image\/jpeg\" \/>\n<meta name=\"twitter:card\" content=\"summary_large_image\" \/>\n<script type=\"application\/ld+json\" class=\"yoast-schema-graph\">{\"@context\":\"https:\\\/\\\/schema.org\",\"@graph\":[{\"@type\":\"WebPage\",\"@id\":\"https:\\\/\\\/www.laomeister.com\\\/fi\\\/toode\\\/kallurkonteiner-2500-l\\\/\",\"url\":\"https:\\\/\\\/www.laomeister.com\\\/fi\\\/toode\\\/kallurkonteiner-2500-l\\\/\",\"name\":\"Callur-s\u00e4ili\u00f6 2500L, I10250 - Balti Laomeister\",\"isPartOf\":{\"@id\":\"https:\\\/\\\/www.laomeister.com\\\/fi\\\/#website\"},\"primaryImageOfPage\":{\"@id\":\"https:\\\/\\\/www.laomeister.com\\\/fi\\\/toode\\\/kallurkonteiner-2500-l\\\/#primaryimage\"},\"image\":{\"@id\":\"https:\\\/\\\/www.laomeister.com\\\/fi\\\/toode\\\/kallurkonteiner-2500-l\\\/#primaryimage\"},\"thumbnailUrl\":\"https:\\\/\\\/www.laomeister.com\\\/wp-content\\\/uploads\\\/2021\\\/01\\\/extrabilder2785_large-1.jpg\",\"datePublished\":\"2021-01-08T12:09:31+00:00\",\"dateModified\":\"2024-07-02T20:16:56+00:00\",\"description\":\"kallurkonteiner\",\"breadcrumb\":{\"@id\":\"https:\\\/\\\/www.laomeister.com\\\/fi\\\/toode\\\/kallurkonteiner-2500-l\\\/#breadcrumb\"},\"inLanguage\":\"fi\",\"potentialAction\":[{\"@type\":\"ReadAction\",\"target\":[\"https:\\\/\\\/www.laomeister.com\\\/fi\\\/toode\\\/kallurkonteiner-2500-l\\\/\"]}]},{\"@type\":\"ImageObject\",\"inLanguage\":\"fi\",\"@id\":\"https:\\\/\\\/www.laomeister.com\\\/fi\\\/toode\\\/kallurkonteiner-2500-l\\\/#primaryimage\",\"url\":\"https:\\\/\\\/www.laomeister.com\\\/wp-content\\\/uploads\\\/2021\\\/01\\\/extrabilder2785_large-1.jpg\",\"contentUrl\":\"https:\\\/\\\/www.laomeister.com\\\/wp-content\\\/uploads\\\/2021\\\/01\\\/extrabilder2785_large-1.jpg\",\"width\":763,\"height\":600},{\"@type\":\"BreadcrumbList\",\"@id\":\"https:\\\/\\\/www.laomeister.com\\\/fi\\\/toode\\\/kallurkonteiner-2500-l\\\/#breadcrumb\",\"itemListElement\":[{\"@type\":\"ListItem\",\"position\":1,\"name\":\"Home\",\"item\":\"https:\\\/\\\/www.laomeister.com\\\/fi\\\/\"},{\"@type\":\"ListItem\",\"position\":2,\"name\":\"Tuotteet\",\"item\":\"https:\\\/\\\/www.laomeister.com\\\/fi\\\/tuotteet\\\/\"},{\"@type\":\"ListItem\",\"position\":3,\"name\":\"Callur-s\u00e4ili\u00f6 2500L, I10250\"}]},{\"@type\":\"WebSite\",\"@id\":\"https:\\\/\\\/www.laomeister.com\\\/fi\\\/#website\",\"url\":\"https:\\\/\\\/www.laomeister.com\\\/fi\\\/\",\"name\":\"Balti Laomeister\",\"description\":\"Laoriiulid - m&uuml;&uuml;k ja paigaldus\",\"potentialAction\":[{\"@type\":\"SearchAction\",\"target\":{\"@type\":\"EntryPoint\",\"urlTemplate\":\"https:\\\/\\\/www.laomeister.com\\\/fi\\\/?s={search_term_string}\"},\"query-input\":{\"@type\":\"PropertyValueSpecification\",\"valueRequired\":true,\"valueName\":\"search_term_string\"}}],\"inLanguage\":\"fi\"}]}<\/script>\n<!-- \/ Yoast SEO plugin. -->","yoast_head_json":{"title":"Callur-s\u00e4ili\u00f6 2500L, I10250 - Balti Laomeister","description":"kallurkonteiner","robots":{"index":"index","follow":"follow","max-snippet":"max-snippet:-1","max-image-preview":"max-image-preview:large","max-video-preview":"max-video-preview:-1"},"canonical":"https:\/\/www.laomeister.com\/fi\/toode\/kallurkonteiner-2500-l\/","og_locale":"fi_FI","og_type":"article","og_title":"Callur-s\u00e4ili\u00f6 2500L, I10250 - Balti Laomeister","og_description":"kallurkonteiner","og_url":"https:\/\/www.laomeister.com\/fi\/toode\/kallurkonteiner-2500-l\/","og_site_name":"Balti Laomeister","article_modified_time":"2024-07-02T20:16:56+00:00","og_image":[{"width":763,"height":600,"url":"https:\/\/www.laomeister.com\/wp-content\/uploads\/2021\/01\/extrabilder2785_large-1.jpg","type":"image\/jpeg"}],"twitter_card":"summary_large_image","schema":{"@context":"https:\/\/schema.org","@graph":[{"@type":"WebPage","@id":"https:\/\/www.laomeister.com\/fi\/toode\/kallurkonteiner-2500-l\/","url":"https:\/\/www.laomeister.com\/fi\/toode\/kallurkonteiner-2500-l\/","name":"Callur-s\u00e4ili\u00f6 2500L, I10250 - Balti Laomeister","isPartOf":{"@id":"https:\/\/www.laomeister.com\/fi\/#website"},"primaryImageOfPage":{"@id":"https:\/\/www.laomeister.com\/fi\/toode\/kallurkonteiner-2500-l\/#primaryimage"},"image":{"@id":"https:\/\/www.laomeister.com\/fi\/toode\/kallurkonteiner-2500-l\/#primaryimage"},"thumbnailUrl":"https:\/\/www.laomeister.com\/wp-content\/uploads\/2021\/01\/extrabilder2785_large-1.jpg","datePublished":"2021-01-08T12:09:31+00:00","dateModified":"2024-07-02T20:16:56+00:00","description":"kallurkonteiner","breadcrumb":{"@id":"https:\/\/www.laomeister.com\/fi\/toode\/kallurkonteiner-2500-l\/#breadcrumb"},"inLanguage":"fi","potentialAction":[{"@type":"ReadAction","target":["https:\/\/www.laomeister.com\/fi\/toode\/kallurkonteiner-2500-l\/"]}]},{"@type":"ImageObject","inLanguage":"fi","@id":"https:\/\/www.laomeister.com\/fi\/toode\/kallurkonteiner-2500-l\/#primaryimage","url":"https:\/\/www.laomeister.com\/wp-content\/uploads\/2021\/01\/extrabilder2785_large-1.jpg","contentUrl":"https:\/\/www.laomeister.com\/wp-content\/uploads\/2021\/01\/extrabilder2785_large-1.jpg","width":763,"height":600},{"@type":"BreadcrumbList","@id":"https:\/\/www.laomeister.com\/fi\/toode\/kallurkonteiner-2500-l\/#breadcrumb","itemListElement":[{"@type":"ListItem","position":1,"name":"Home","item":"https:\/\/www.laomeister.com\/fi\/"},{"@type":"ListItem","position":2,"name":"Tuotteet","item":"https:\/\/www.laomeister.com\/fi\/tuotteet\/"},{"@type":"ListItem","position":3,"name":"Callur-s\u00e4ili\u00f6 2500L, I10250"}]},{"@type":"WebSite","@id":"https:\/\/www.laomeister.com\/fi\/#website","url":"https:\/\/www.laomeister.com\/fi\/","name":"Balti Laomeister","description":"Laoriiulid - m&uuml;&uuml;k ja paigaldus","potentialAction":[{"@type":"SearchAction","target":{"@type":"EntryPoint","urlTemplate":"https:\/\/www.laomeister.com\/fi\/?s={search_term_string}"},"query-input":{"@type":"PropertyValueSpecification","valueRequired":true,"valueName":"search_term_string"}}],"inLanguage":"fi"}]}},"_links":{"self":[{"href":"https:\/\/www.laomeister.com\/fi\/wp-json\/wp\/v2\/product\/16173","targetHints":{"allow":["GET"]}}],"collection":[{"href":"https:\/\/www.laomeister.com\/fi\/wp-json\/wp\/v2\/product"}],"about":[{"href":"https:\/\/www.laomeister.com\/fi\/wp-json\/wp\/v2\/types\/product"}],"wp:featuredmedia":[{"embeddable":true,"href":"https:\/\/www.laomeister.com\/fi\/wp-json\/wp\/v2\/media\/16148"}],"wp:attachment":[{"href":"https:\/\/www.laomeister.com\/fi\/wp-json\/wp\/v2\/media?parent=16173"}],"wp:term":[{"taxonomy":"product_brand","embeddable":true,"href":"https:\/\/www.laomeister.com\/fi\/wp-json\/wp\/v2\/product_brand?post=16173"},{"taxonomy":"product_cat","embeddable":true,"href":"https:\/\/www.laomeister.com\/fi\/wp-json\/wp\/v2\/product_cat?post=16173"},{"taxonomy":"product_tag","embeddable":true,"href":"https:\/\/www.laomeister.com\/fi\/wp-json\/wp\/v2\/product_tag?post=16173"}],"curies":[{"name":"wp","href":"https:\/\/api.w.org\/{rel}","templated":true}]}}