{"id":16001,"date":"2021-01-07T15:09:29","date_gmt":"2021-01-07T13:09:29","guid":{"rendered":"https:\/\/www.laomeister.com\/?post_type=product&#038;p=16001"},"modified":"2021-01-07T15:16:07","modified_gmt":"2021-01-07T13:16:07","slug":"kallurkonteiner-2500l","status":"publish","type":"product","link":"https:\/\/www.laomeister.com\/fi\/toode\/kallurkonteiner-2500l\/","title":{"rendered":"Kallurkonteiner 2500L"},"content":{"rendered":"","protected":false},"excerpt":{"rendered":"<div class=\"description\">\n<ul>\n<li>Kallurkonteiner on varustatud automaatse ja manuaalse t\u00fchjendamise s\u00fcsteemiga.<\/li>\n<li>Konteiner t\u00fchjeneb automaatselt, kui selle esiservas olev p\u00e4\u00e4stik p\u00f5rkub vastu pr\u00fcgimahuti serva.<\/li>\n<li>T\u00fchi konteiner langeb tagasi algasendisse ja lukustub.<\/li>\n<li>Kallurkonteineri transportimiseks sobib laot\u00f5stuk v\u00f5i k\u00e4sikahvelt\u00f5stuk.<\/li>\n<li>Kallurkonteineri v\u00e4lism\u00f5\u00f5dud on P x L x H (mm) 2073x1566x1248.<\/li>\n<li>Maht 2050 liitrit (2,5 m\u00b3).<\/li>\n<li>Kaal 288 kg.<\/li>\n<li>Kandej\u00f5ud 2000 kg.<\/li>\n<li>Lisavarustusena saab tellida konteineri kaane ja rattakomplekti.<\/li>\n<li>Eritellimusel v\u00f5imalik tellida erinevat v\u00e4rvi konteinerit.<\/li>\n<\/ul>\n<\/div>\n","protected":false},"featured_media":16005,"template":"","meta":[],"product_brand":[],"product_cat":[276,454,389],"product_tag":[],"class_list":{"0":"post-16001","1":"product","2":"type-product","3":"status-publish","4":"has-post-thumbnail","6":"product_cat-laomoobel-fi","7":"product_cat-kallurkonteinerid-fi","8":"product_cat-vaatide-kasitlemine-fi","10":"first","11":"instock","12":"taxable","13":"shipping-taxable","14":"purchasable","15":"product-type-simple"},"yoast_head":"<!-- This site is optimized with the Yoast SEO plugin v27.3 - https:\/\/yoast.com\/product\/yoast-seo-wordpress\/ -->\n<title>Kallurkonteiner 2500L - Balti Laomeister<\/title>\n<meta name=\"description\" content=\"Ohtlike ainete s\u00e4ilitamiseks m\u00f5eldud kapp koos vaadialusega.\" \/>\n<meta name=\"robots\" content=\"index, follow, max-snippet:-1, max-image-preview:large, max-video-preview:-1\" \/>\n<link rel=\"canonical\" href=\"https:\/\/www.laomeister.com\/fi\/toode\/kallurkonteiner-2500l\/\" \/>\n<meta property=\"og:locale\" content=\"fi_FI\" \/>\n<meta property=\"og:type\" content=\"article\" \/>\n<meta property=\"og:title\" content=\"Kallurkonteiner 2500L - Balti Laomeister\" \/>\n<meta property=\"og:description\" content=\"Ohtlike ainete s\u00e4ilitamiseks m\u00f5eldud kapp koos vaadialusega.\" \/>\n<meta property=\"og:url\" content=\"https:\/\/www.laomeister.com\/fi\/toode\/kallurkonteiner-2500l\/\" \/>\n<meta property=\"og:site_name\" content=\"Balti Laomeister\" \/>\n<meta property=\"article:modified_time\" content=\"2021-01-07T13:16:07+00:00\" \/>\n<meta property=\"og:image\" content=\"https:\/\/www.laomeister.com\/wp-content\/uploads\/2021\/01\/extrabilder3289_large.jpg\" \/>\n\t<meta property=\"og:image:width\" content=\"800\" \/>\n\t<meta property=\"og:image:height\" content=\"449\" \/>\n\t<meta property=\"og:image:type\" content=\"image\/jpeg\" \/>\n<meta name=\"twitter:card\" content=\"summary_large_image\" \/>\n<script type=\"application\/ld+json\" class=\"yoast-schema-graph\">{\"@context\":\"https:\\\/\\\/schema.org\",\"@graph\":[{\"@type\":\"WebPage\",\"@id\":\"https:\\\/\\\/www.laomeister.com\\\/fi\\\/toode\\\/kallurkonteiner-2500l\\\/\",\"url\":\"https:\\\/\\\/www.laomeister.com\\\/fi\\\/toode\\\/kallurkonteiner-2500l\\\/\",\"name\":\"Kallurkonteiner 2500L - Balti Laomeister\",\"isPartOf\":{\"@id\":\"https:\\\/\\\/www.laomeister.com\\\/fi\\\/#website\"},\"primaryImageOfPage\":{\"@id\":\"https:\\\/\\\/www.laomeister.com\\\/fi\\\/toode\\\/kallurkonteiner-2500l\\\/#primaryimage\"},\"image\":{\"@id\":\"https:\\\/\\\/www.laomeister.com\\\/fi\\\/toode\\\/kallurkonteiner-2500l\\\/#primaryimage\"},\"thumbnailUrl\":\"https:\\\/\\\/www.laomeister.com\\\/wp-content\\\/uploads\\\/2021\\\/01\\\/extrabilder3289_large.jpg\",\"datePublished\":\"2021-01-07T13:09:29+00:00\",\"dateModified\":\"2021-01-07T13:16:07+00:00\",\"description\":\"Ohtlike ainete s\u00e4ilitamiseks m\u00f5eldud kapp koos vaadialusega.\",\"breadcrumb\":{\"@id\":\"https:\\\/\\\/www.laomeister.com\\\/fi\\\/toode\\\/kallurkonteiner-2500l\\\/#breadcrumb\"},\"inLanguage\":\"fi\",\"potentialAction\":[{\"@type\":\"ReadAction\",\"target\":[\"https:\\\/\\\/www.laomeister.com\\\/fi\\\/toode\\\/kallurkonteiner-2500l\\\/\"]}]},{\"@type\":\"ImageObject\",\"inLanguage\":\"fi\",\"@id\":\"https:\\\/\\\/www.laomeister.com\\\/fi\\\/toode\\\/kallurkonteiner-2500l\\\/#primaryimage\",\"url\":\"https:\\\/\\\/www.laomeister.com\\\/wp-content\\\/uploads\\\/2021\\\/01\\\/extrabilder3289_large.jpg\",\"contentUrl\":\"https:\\\/\\\/www.laomeister.com\\\/wp-content\\\/uploads\\\/2021\\\/01\\\/extrabilder3289_large.jpg\",\"width\":800,\"height\":449},{\"@type\":\"BreadcrumbList\",\"@id\":\"https:\\\/\\\/www.laomeister.com\\\/fi\\\/toode\\\/kallurkonteiner-2500l\\\/#breadcrumb\",\"itemListElement\":[{\"@type\":\"ListItem\",\"position\":1,\"name\":\"Home\",\"item\":\"https:\\\/\\\/www.laomeister.com\\\/fi\\\/\"},{\"@type\":\"ListItem\",\"position\":2,\"name\":\"Tuotteet\",\"item\":\"https:\\\/\\\/www.laomeister.com\\\/fi\\\/tuotteet\\\/\"},{\"@type\":\"ListItem\",\"position\":3,\"name\":\"Kallurkonteiner 2500L\"}]},{\"@type\":\"WebSite\",\"@id\":\"https:\\\/\\\/www.laomeister.com\\\/fi\\\/#website\",\"url\":\"https:\\\/\\\/www.laomeister.com\\\/fi\\\/\",\"name\":\"Balti Laomeister\",\"description\":\"Laoriiulid - m&uuml;&uuml;k ja paigaldus\",\"potentialAction\":[{\"@type\":\"SearchAction\",\"target\":{\"@type\":\"EntryPoint\",\"urlTemplate\":\"https:\\\/\\\/www.laomeister.com\\\/fi\\\/?s={search_term_string}\"},\"query-input\":{\"@type\":\"PropertyValueSpecification\",\"valueRequired\":true,\"valueName\":\"search_term_string\"}}],\"inLanguage\":\"fi\"}]}<\/script>\n<!-- \/ Yoast SEO plugin. -->","yoast_head_json":{"title":"Kallurkonteiner 2500L - Balti Laomeister","description":"Ohtlike ainete s\u00e4ilitamiseks m\u00f5eldud kapp koos vaadialusega.","robots":{"index":"index","follow":"follow","max-snippet":"max-snippet:-1","max-image-preview":"max-image-preview:large","max-video-preview":"max-video-preview:-1"},"canonical":"https:\/\/www.laomeister.com\/fi\/toode\/kallurkonteiner-2500l\/","og_locale":"fi_FI","og_type":"article","og_title":"Kallurkonteiner 2500L - Balti Laomeister","og_description":"Ohtlike ainete s\u00e4ilitamiseks m\u00f5eldud kapp koos vaadialusega.","og_url":"https:\/\/www.laomeister.com\/fi\/toode\/kallurkonteiner-2500l\/","og_site_name":"Balti Laomeister","article_modified_time":"2021-01-07T13:16:07+00:00","og_image":[{"width":800,"height":449,"url":"https:\/\/www.laomeister.com\/wp-content\/uploads\/2021\/01\/extrabilder3289_large.jpg","type":"image\/jpeg"}],"twitter_card":"summary_large_image","schema":{"@context":"https:\/\/schema.org","@graph":[{"@type":"WebPage","@id":"https:\/\/www.laomeister.com\/fi\/toode\/kallurkonteiner-2500l\/","url":"https:\/\/www.laomeister.com\/fi\/toode\/kallurkonteiner-2500l\/","name":"Kallurkonteiner 2500L - Balti Laomeister","isPartOf":{"@id":"https:\/\/www.laomeister.com\/fi\/#website"},"primaryImageOfPage":{"@id":"https:\/\/www.laomeister.com\/fi\/toode\/kallurkonteiner-2500l\/#primaryimage"},"image":{"@id":"https:\/\/www.laomeister.com\/fi\/toode\/kallurkonteiner-2500l\/#primaryimage"},"thumbnailUrl":"https:\/\/www.laomeister.com\/wp-content\/uploads\/2021\/01\/extrabilder3289_large.jpg","datePublished":"2021-01-07T13:09:29+00:00","dateModified":"2021-01-07T13:16:07+00:00","description":"Ohtlike ainete s\u00e4ilitamiseks m\u00f5eldud kapp koos vaadialusega.","breadcrumb":{"@id":"https:\/\/www.laomeister.com\/fi\/toode\/kallurkonteiner-2500l\/#breadcrumb"},"inLanguage":"fi","potentialAction":[{"@type":"ReadAction","target":["https:\/\/www.laomeister.com\/fi\/toode\/kallurkonteiner-2500l\/"]}]},{"@type":"ImageObject","inLanguage":"fi","@id":"https:\/\/www.laomeister.com\/fi\/toode\/kallurkonteiner-2500l\/#primaryimage","url":"https:\/\/www.laomeister.com\/wp-content\/uploads\/2021\/01\/extrabilder3289_large.jpg","contentUrl":"https:\/\/www.laomeister.com\/wp-content\/uploads\/2021\/01\/extrabilder3289_large.jpg","width":800,"height":449},{"@type":"BreadcrumbList","@id":"https:\/\/www.laomeister.com\/fi\/toode\/kallurkonteiner-2500l\/#breadcrumb","itemListElement":[{"@type":"ListItem","position":1,"name":"Home","item":"https:\/\/www.laomeister.com\/fi\/"},{"@type":"ListItem","position":2,"name":"Tuotteet","item":"https:\/\/www.laomeister.com\/fi\/tuotteet\/"},{"@type":"ListItem","position":3,"name":"Kallurkonteiner 2500L"}]},{"@type":"WebSite","@id":"https:\/\/www.laomeister.com\/fi\/#website","url":"https:\/\/www.laomeister.com\/fi\/","name":"Balti Laomeister","description":"Laoriiulid - m&uuml;&uuml;k ja paigaldus","potentialAction":[{"@type":"SearchAction","target":{"@type":"EntryPoint","urlTemplate":"https:\/\/www.laomeister.com\/fi\/?s={search_term_string}"},"query-input":{"@type":"PropertyValueSpecification","valueRequired":true,"valueName":"search_term_string"}}],"inLanguage":"fi"}]}},"_links":{"self":[{"href":"https:\/\/www.laomeister.com\/fi\/wp-json\/wp\/v2\/product\/16001","targetHints":{"allow":["GET"]}}],"collection":[{"href":"https:\/\/www.laomeister.com\/fi\/wp-json\/wp\/v2\/product"}],"about":[{"href":"https:\/\/www.laomeister.com\/fi\/wp-json\/wp\/v2\/types\/product"}],"wp:featuredmedia":[{"embeddable":true,"href":"https:\/\/www.laomeister.com\/fi\/wp-json\/wp\/v2\/media\/16005"}],"wp:attachment":[{"href":"https:\/\/www.laomeister.com\/fi\/wp-json\/wp\/v2\/media?parent=16001"}],"wp:term":[{"taxonomy":"product_brand","embeddable":true,"href":"https:\/\/www.laomeister.com\/fi\/wp-json\/wp\/v2\/product_brand?post=16001"},{"taxonomy":"product_cat","embeddable":true,"href":"https:\/\/www.laomeister.com\/fi\/wp-json\/wp\/v2\/product_cat?post=16001"},{"taxonomy":"product_tag","embeddable":true,"href":"https:\/\/www.laomeister.com\/fi\/wp-json\/wp\/v2\/product_tag?post=16001"}],"curies":[{"name":"wp","href":"https:\/\/api.w.org\/{rel}","templated":true}]}}