{"id":15805,"date":"2020-12-28T12:18:27","date_gmt":"2020-12-28T10:18:27","guid":{"rendered":"https:\/\/www.laomeister.com\/?post_type=product&#038;p=15805"},"modified":"2024-07-02T23:16:06","modified_gmt":"2024-07-02T20:16:06","slug":"turvaaste-hall","status":"publish","type":"product","link":"https:\/\/www.laomeister.com\/fi\/toode\/turvaaste-hall\/","title":{"rendered":"Turvavaste, harmaa, I34300"},"content":{"rendered":"","protected":false},"excerpt":{"rendered":"<div class=\"description\">\n<div class=\"description\">\n<div class=\"description\">\n<ul>\n<li>Korkealaatuinen tuote<\/li>\n<li>2-vaiheinen<\/li>\n<li>Askelmat ovat tukevat ja turvalliset: yl\u00e4- ja ala-askelmissa on kuvioitu kumimatto. Turvah\u00e4kin alareuna on kumivuorattu, jotta se ei p\u00e4\u00e4se siirtym\u00e4\u00e4n pois paikaltaan.<\/li>\n<li>Korkeus 410 mm<\/li>\n<li>Halkaisija: yl\u00e4osa 289 mm, alaosa 433 mm.<\/li>\n<li>Kolme py\u00f6r\u00e4\u00e4, joissa on helposti py\u00f6riv\u00e4 jousitus: lukittuvat tukevasti, kun astut askeleelle.<\/li>\n<li>Liikkuu vaivattomasti matolla.<\/li>\n<li>V\u00e4ri: harmaa (RAL 7035)<\/li>\n<li>Maksimikuorma 150 kg.<\/li>\n<li>Paino 5 kg<\/li>\n<li>Eri v\u00e4rej\u00e4: musta, sininen, harmaa, punainen.<\/li>\n<\/ul>\n<\/div>\n<p>&nbsp;<\/p>\n<\/div>\n<\/div>\n","protected":false},"featured_media":33901,"template":"","meta":[],"product_brand":[],"product_cat":[276,839],"product_tag":[],"class_list":{"0":"post-15805","1":"product","2":"type-product","3":"status-publish","4":"has-post-thumbnail","6":"product_cat-laomoobel-fi","7":"product_cat-arvopaperit","9":"first","10":"instock","11":"sale","12":"taxable","13":"shipping-taxable","14":"purchasable","15":"product-type-simple"},"yoast_head":"<!-- This site is optimized with the Yoast SEO plugin v27.3 - https:\/\/yoast.com\/product\/yoast-seo-wordpress\/ -->\n<title>Turvavaste, harmaa, I34300 - Balti Laomeister<\/title>\n<meta name=\"description\" content=\"turvallisuustaso\" \/>\n<meta name=\"robots\" content=\"index, follow, max-snippet:-1, max-image-preview:large, max-video-preview:-1\" \/>\n<link rel=\"canonical\" href=\"https:\/\/www.laomeister.com\/fi\/toode\/turvaaste-hall\/\" \/>\n<meta property=\"og:locale\" content=\"fi_FI\" \/>\n<meta property=\"og:type\" content=\"article\" \/>\n<meta property=\"og:title\" content=\"Turvavaste, harmaa, I34300 - Balti Laomeister\" \/>\n<meta property=\"og:description\" content=\"turvallisuustaso\" \/>\n<meta property=\"og:url\" content=\"https:\/\/www.laomeister.com\/fi\/toode\/turvaaste-hall\/\" \/>\n<meta property=\"og:site_name\" content=\"Balti Laomeister\" \/>\n<meta property=\"article:modified_time\" content=\"2024-07-02T20:16:06+00:00\" \/>\n<meta property=\"og:image\" content=\"https:\/\/www.laomeister.com\/wp-content\/uploads\/2021\/07\/Turvaaste-hall-I34200.jpg\" \/>\n\t<meta property=\"og:image:width\" content=\"850\" \/>\n\t<meta property=\"og:image:height\" content=\"850\" \/>\n\t<meta property=\"og:image:type\" content=\"image\/jpeg\" \/>\n<meta name=\"twitter:card\" content=\"summary_large_image\" \/>\n<script type=\"application\/ld+json\" class=\"yoast-schema-graph\">{\"@context\":\"https:\\\/\\\/schema.org\",\"@graph\":[{\"@type\":\"WebPage\",\"@id\":\"https:\\\/\\\/www.laomeister.com\\\/fi\\\/toode\\\/turvaaste-hall\\\/\",\"url\":\"https:\\\/\\\/www.laomeister.com\\\/fi\\\/toode\\\/turvaaste-hall\\\/\",\"name\":\"Turvavaste, harmaa, I34300 - Balti Laomeister\",\"isPartOf\":{\"@id\":\"https:\\\/\\\/www.laomeister.com\\\/fi\\\/#website\"},\"primaryImageOfPage\":{\"@id\":\"https:\\\/\\\/www.laomeister.com\\\/fi\\\/toode\\\/turvaaste-hall\\\/#primaryimage\"},\"image\":{\"@id\":\"https:\\\/\\\/www.laomeister.com\\\/fi\\\/toode\\\/turvaaste-hall\\\/#primaryimage\"},\"thumbnailUrl\":\"https:\\\/\\\/www.laomeister.com\\\/wp-content\\\/uploads\\\/2021\\\/07\\\/Turvaaste-hall-I34200.jpg\",\"datePublished\":\"2020-12-28T10:18:27+00:00\",\"dateModified\":\"2024-07-02T20:16:06+00:00\",\"description\":\"turvallisuustaso\",\"breadcrumb\":{\"@id\":\"https:\\\/\\\/www.laomeister.com\\\/fi\\\/toode\\\/turvaaste-hall\\\/#breadcrumb\"},\"inLanguage\":\"fi\",\"potentialAction\":[{\"@type\":\"ReadAction\",\"target\":[\"https:\\\/\\\/www.laomeister.com\\\/fi\\\/toode\\\/turvaaste-hall\\\/\"]}]},{\"@type\":\"ImageObject\",\"inLanguage\":\"fi\",\"@id\":\"https:\\\/\\\/www.laomeister.com\\\/fi\\\/toode\\\/turvaaste-hall\\\/#primaryimage\",\"url\":\"https:\\\/\\\/www.laomeister.com\\\/wp-content\\\/uploads\\\/2021\\\/07\\\/Turvaaste-hall-I34200.jpg\",\"contentUrl\":\"https:\\\/\\\/www.laomeister.com\\\/wp-content\\\/uploads\\\/2021\\\/07\\\/Turvaaste-hall-I34200.jpg\",\"width\":850,\"height\":850},{\"@type\":\"BreadcrumbList\",\"@id\":\"https:\\\/\\\/www.laomeister.com\\\/fi\\\/toode\\\/turvaaste-hall\\\/#breadcrumb\",\"itemListElement\":[{\"@type\":\"ListItem\",\"position\":1,\"name\":\"Home\",\"item\":\"https:\\\/\\\/www.laomeister.com\\\/fi\\\/\"},{\"@type\":\"ListItem\",\"position\":2,\"name\":\"Tuotteet\",\"item\":\"https:\\\/\\\/www.laomeister.com\\\/fi\\\/tuotteet\\\/\"},{\"@type\":\"ListItem\",\"position\":3,\"name\":\"Turvavaste, harmaa, I34300\"}]},{\"@type\":\"WebSite\",\"@id\":\"https:\\\/\\\/www.laomeister.com\\\/fi\\\/#website\",\"url\":\"https:\\\/\\\/www.laomeister.com\\\/fi\\\/\",\"name\":\"Balti Laomeister\",\"description\":\"Laoriiulid - m&uuml;&uuml;k ja paigaldus\",\"potentialAction\":[{\"@type\":\"SearchAction\",\"target\":{\"@type\":\"EntryPoint\",\"urlTemplate\":\"https:\\\/\\\/www.laomeister.com\\\/fi\\\/?s={search_term_string}\"},\"query-input\":{\"@type\":\"PropertyValueSpecification\",\"valueRequired\":true,\"valueName\":\"search_term_string\"}}],\"inLanguage\":\"fi\"}]}<\/script>\n<!-- \/ Yoast SEO plugin. -->","yoast_head_json":{"title":"Turvavaste, harmaa, I34300 - Balti Laomeister","description":"turvallisuustaso","robots":{"index":"index","follow":"follow","max-snippet":"max-snippet:-1","max-image-preview":"max-image-preview:large","max-video-preview":"max-video-preview:-1"},"canonical":"https:\/\/www.laomeister.com\/fi\/toode\/turvaaste-hall\/","og_locale":"fi_FI","og_type":"article","og_title":"Turvavaste, harmaa, I34300 - Balti Laomeister","og_description":"turvallisuustaso","og_url":"https:\/\/www.laomeister.com\/fi\/toode\/turvaaste-hall\/","og_site_name":"Balti Laomeister","article_modified_time":"2024-07-02T20:16:06+00:00","og_image":[{"width":850,"height":850,"url":"https:\/\/www.laomeister.com\/wp-content\/uploads\/2021\/07\/Turvaaste-hall-I34200.jpg","type":"image\/jpeg"}],"twitter_card":"summary_large_image","schema":{"@context":"https:\/\/schema.org","@graph":[{"@type":"WebPage","@id":"https:\/\/www.laomeister.com\/fi\/toode\/turvaaste-hall\/","url":"https:\/\/www.laomeister.com\/fi\/toode\/turvaaste-hall\/","name":"Turvavaste, harmaa, I34300 - Balti Laomeister","isPartOf":{"@id":"https:\/\/www.laomeister.com\/fi\/#website"},"primaryImageOfPage":{"@id":"https:\/\/www.laomeister.com\/fi\/toode\/turvaaste-hall\/#primaryimage"},"image":{"@id":"https:\/\/www.laomeister.com\/fi\/toode\/turvaaste-hall\/#primaryimage"},"thumbnailUrl":"https:\/\/www.laomeister.com\/wp-content\/uploads\/2021\/07\/Turvaaste-hall-I34200.jpg","datePublished":"2020-12-28T10:18:27+00:00","dateModified":"2024-07-02T20:16:06+00:00","description":"turvallisuustaso","breadcrumb":{"@id":"https:\/\/www.laomeister.com\/fi\/toode\/turvaaste-hall\/#breadcrumb"},"inLanguage":"fi","potentialAction":[{"@type":"ReadAction","target":["https:\/\/www.laomeister.com\/fi\/toode\/turvaaste-hall\/"]}]},{"@type":"ImageObject","inLanguage":"fi","@id":"https:\/\/www.laomeister.com\/fi\/toode\/turvaaste-hall\/#primaryimage","url":"https:\/\/www.laomeister.com\/wp-content\/uploads\/2021\/07\/Turvaaste-hall-I34200.jpg","contentUrl":"https:\/\/www.laomeister.com\/wp-content\/uploads\/2021\/07\/Turvaaste-hall-I34200.jpg","width":850,"height":850},{"@type":"BreadcrumbList","@id":"https:\/\/www.laomeister.com\/fi\/toode\/turvaaste-hall\/#breadcrumb","itemListElement":[{"@type":"ListItem","position":1,"name":"Home","item":"https:\/\/www.laomeister.com\/fi\/"},{"@type":"ListItem","position":2,"name":"Tuotteet","item":"https:\/\/www.laomeister.com\/fi\/tuotteet\/"},{"@type":"ListItem","position":3,"name":"Turvavaste, harmaa, I34300"}]},{"@type":"WebSite","@id":"https:\/\/www.laomeister.com\/fi\/#website","url":"https:\/\/www.laomeister.com\/fi\/","name":"Balti Laomeister","description":"Laoriiulid - m&uuml;&uuml;k ja paigaldus","potentialAction":[{"@type":"SearchAction","target":{"@type":"EntryPoint","urlTemplate":"https:\/\/www.laomeister.com\/fi\/?s={search_term_string}"},"query-input":{"@type":"PropertyValueSpecification","valueRequired":true,"valueName":"search_term_string"}}],"inLanguage":"fi"}]}},"_links":{"self":[{"href":"https:\/\/www.laomeister.com\/fi\/wp-json\/wp\/v2\/product\/15805","targetHints":{"allow":["GET"]}}],"collection":[{"href":"https:\/\/www.laomeister.com\/fi\/wp-json\/wp\/v2\/product"}],"about":[{"href":"https:\/\/www.laomeister.com\/fi\/wp-json\/wp\/v2\/types\/product"}],"wp:featuredmedia":[{"embeddable":true,"href":"https:\/\/www.laomeister.com\/fi\/wp-json\/wp\/v2\/media\/33901"}],"wp:attachment":[{"href":"https:\/\/www.laomeister.com\/fi\/wp-json\/wp\/v2\/media?parent=15805"}],"wp:term":[{"taxonomy":"product_brand","embeddable":true,"href":"https:\/\/www.laomeister.com\/fi\/wp-json\/wp\/v2\/product_brand?post=15805"},{"taxonomy":"product_cat","embeddable":true,"href":"https:\/\/www.laomeister.com\/fi\/wp-json\/wp\/v2\/product_cat?post=15805"},{"taxonomy":"product_tag","embeddable":true,"href":"https:\/\/www.laomeister.com\/fi\/wp-json\/wp\/v2\/product_tag?post=15805"}],"curies":[{"name":"wp","href":"https:\/\/api.w.org\/{rel}","templated":true}]}}