{"id":15773,"date":"2020-12-28T12:01:19","date_gmt":"2020-12-28T10:01:19","guid":{"rendered":"https:\/\/www.laomeister.com\/?post_type=product&#038;p=15773"},"modified":"2024-07-02T23:15:48","modified_gmt":"2024-07-02T20:15:48","slug":"vaadi-tostuk-kallutusmehhanismiga-pl1400-1070x2020x1240","status":"publish","type":"product","link":"https:\/\/www.laomeister.com\/fi\/toode\/vaadi-tostuk-kallutusmehhanismiga-pl1400-1070x2020x1240\/","title":{"rendered":"Tarkkailuhissi kallistusmekanismilla PL1400 1070x2020x1240 mm, I54140"},"content":{"rendered":"","protected":false},"excerpt":{"rendered":"<div class=\"description\">\n<div class=\"description\">\n<div class=\"description\">\n<ul>\n<li>Soveltuu 200 litran tynnyrien nostamiseen, kuljettamiseen ja kallistamiseen.<\/li>\n<li>Jalkapumppu tehokkaampaa nostoa varten, kallistus vivun avulla.<\/li>\n<li>Nostokapasiteetti 350 kg.<\/li>\n<li>Nostokorkeus 1400 mm.<\/li>\n<li>Kantavuus 350 kg.<\/li>\n<li>Tukijalkojen v\u00e4li 870 mm.<\/li>\n<li>Nylonohjauspy\u00f6r\u00e4t halkaisijaltaan 180 mm, nailonpy\u00f6r\u00e4t halkaisijaltaan 74&#215;70 mm haarukassa.<\/li>\n<li>Paino on 155 kg.<\/li>\n<\/ul>\n<p>&nbsp;<\/p>\n<\/div>\n<p>&nbsp;<\/p>\n<\/div>\n<p>&nbsp;<\/p>\n<\/div>\n","protected":false},"featured_media":15777,"template":"","meta":[],"product_brand":[],"product_cat":[389],"product_tag":[],"class_list":{"0":"post-15773","1":"product","2":"type-product","3":"status-publish","4":"has-post-thumbnail","6":"product_cat-vaatide-kasitlemine-fi","8":"first","9":"instock","10":"taxable","11":"shipping-taxable","12":"purchasable","13":"product-type-simple"},"yoast_head":"<!-- This site is optimized with the Yoast SEO plugin v27.3 - https:\/\/yoast.com\/product\/yoast-seo-wordpress\/ -->\n<title>Tarkkailuhissi kallistusmekanismilla PL1400 1070x2020x1240 mm, I54140 - Balti Laomeister<\/title>\n<meta name=\"description\" content=\"Soveltuu 200 litran tynnyrien nostamiseen, kuljettamiseen ja kallistamiseen.\" \/>\n<meta name=\"robots\" content=\"index, follow, max-snippet:-1, max-image-preview:large, max-video-preview:-1\" \/>\n<link rel=\"canonical\" href=\"https:\/\/www.laomeister.com\/fi\/toode\/vaadi-tostuk-kallutusmehhanismiga-pl1400-1070x2020x1240\/\" \/>\n<meta property=\"og:locale\" content=\"fi_FI\" \/>\n<meta property=\"og:type\" content=\"article\" \/>\n<meta property=\"og:title\" content=\"Tarkkailuhissi kallistusmekanismilla PL1400 1070x2020x1240 mm, I54140 - Balti Laomeister\" \/>\n<meta property=\"og:description\" content=\"Soveltuu 200 litran tynnyrien nostamiseen, kuljettamiseen ja kallistamiseen.\" \/>\n<meta property=\"og:url\" content=\"https:\/\/www.laomeister.com\/fi\/toode\/vaadi-tostuk-kallutusmehhanismiga-pl1400-1070x2020x1240\/\" \/>\n<meta property=\"og:site_name\" content=\"Balti Laomeister\" \/>\n<meta property=\"article:modified_time\" content=\"2024-07-02T20:15:48+00:00\" \/>\n<meta property=\"og:image\" content=\"https:\/\/www.laomeister.com\/wp-content\/uploads\/2020\/12\/extrabilder2594_large.jpg\" \/>\n\t<meta property=\"og:image:width\" content=\"556\" \/>\n\t<meta property=\"og:image:height\" content=\"600\" \/>\n\t<meta property=\"og:image:type\" content=\"image\/jpeg\" \/>\n<meta name=\"twitter:card\" content=\"summary_large_image\" \/>\n<script type=\"application\/ld+json\" class=\"yoast-schema-graph\">{\"@context\":\"https:\\\/\\\/schema.org\",\"@graph\":[{\"@type\":\"WebPage\",\"@id\":\"https:\\\/\\\/www.laomeister.com\\\/fi\\\/toode\\\/vaadi-tostuk-kallutusmehhanismiga-pl1400-1070x2020x1240\\\/\",\"url\":\"https:\\\/\\\/www.laomeister.com\\\/fi\\\/toode\\\/vaadi-tostuk-kallutusmehhanismiga-pl1400-1070x2020x1240\\\/\",\"name\":\"Tarkkailuhissi kallistusmekanismilla PL1400 1070x2020x1240 mm, I54140 - Balti Laomeister\",\"isPartOf\":{\"@id\":\"https:\\\/\\\/www.laomeister.com\\\/fi\\\/#website\"},\"primaryImageOfPage\":{\"@id\":\"https:\\\/\\\/www.laomeister.com\\\/fi\\\/toode\\\/vaadi-tostuk-kallutusmehhanismiga-pl1400-1070x2020x1240\\\/#primaryimage\"},\"image\":{\"@id\":\"https:\\\/\\\/www.laomeister.com\\\/fi\\\/toode\\\/vaadi-tostuk-kallutusmehhanismiga-pl1400-1070x2020x1240\\\/#primaryimage\"},\"thumbnailUrl\":\"https:\\\/\\\/www.laomeister.com\\\/wp-content\\\/uploads\\\/2020\\\/12\\\/extrabilder2594_large.jpg\",\"datePublished\":\"2020-12-28T10:01:19+00:00\",\"dateModified\":\"2024-07-02T20:15:48+00:00\",\"description\":\"Soveltuu 200 litran tynnyrien nostamiseen, kuljettamiseen ja kallistamiseen.\",\"breadcrumb\":{\"@id\":\"https:\\\/\\\/www.laomeister.com\\\/fi\\\/toode\\\/vaadi-tostuk-kallutusmehhanismiga-pl1400-1070x2020x1240\\\/#breadcrumb\"},\"inLanguage\":\"fi\",\"potentialAction\":[{\"@type\":\"ReadAction\",\"target\":[\"https:\\\/\\\/www.laomeister.com\\\/fi\\\/toode\\\/vaadi-tostuk-kallutusmehhanismiga-pl1400-1070x2020x1240\\\/\"]}]},{\"@type\":\"ImageObject\",\"inLanguage\":\"fi\",\"@id\":\"https:\\\/\\\/www.laomeister.com\\\/fi\\\/toode\\\/vaadi-tostuk-kallutusmehhanismiga-pl1400-1070x2020x1240\\\/#primaryimage\",\"url\":\"https:\\\/\\\/www.laomeister.com\\\/wp-content\\\/uploads\\\/2020\\\/12\\\/extrabilder2594_large.jpg\",\"contentUrl\":\"https:\\\/\\\/www.laomeister.com\\\/wp-content\\\/uploads\\\/2020\\\/12\\\/extrabilder2594_large.jpg\",\"width\":556,\"height\":600},{\"@type\":\"BreadcrumbList\",\"@id\":\"https:\\\/\\\/www.laomeister.com\\\/fi\\\/toode\\\/vaadi-tostuk-kallutusmehhanismiga-pl1400-1070x2020x1240\\\/#breadcrumb\",\"itemListElement\":[{\"@type\":\"ListItem\",\"position\":1,\"name\":\"Home\",\"item\":\"https:\\\/\\\/www.laomeister.com\\\/fi\\\/\"},{\"@type\":\"ListItem\",\"position\":2,\"name\":\"Tuotteet\",\"item\":\"https:\\\/\\\/www.laomeister.com\\\/fi\\\/tuotteet\\\/\"},{\"@type\":\"ListItem\",\"position\":3,\"name\":\"Tarkkailuhissi kallistusmekanismilla PL1400 1070x2020x1240 mm, I54140\"}]},{\"@type\":\"WebSite\",\"@id\":\"https:\\\/\\\/www.laomeister.com\\\/fi\\\/#website\",\"url\":\"https:\\\/\\\/www.laomeister.com\\\/fi\\\/\",\"name\":\"Balti Laomeister\",\"description\":\"Laoriiulid - m&uuml;&uuml;k ja paigaldus\",\"potentialAction\":[{\"@type\":\"SearchAction\",\"target\":{\"@type\":\"EntryPoint\",\"urlTemplate\":\"https:\\\/\\\/www.laomeister.com\\\/fi\\\/?s={search_term_string}\"},\"query-input\":{\"@type\":\"PropertyValueSpecification\",\"valueRequired\":true,\"valueName\":\"search_term_string\"}}],\"inLanguage\":\"fi\"}]}<\/script>\n<!-- \/ Yoast SEO plugin. -->","yoast_head_json":{"title":"Tarkkailuhissi kallistusmekanismilla PL1400 1070x2020x1240 mm, I54140 - Balti Laomeister","description":"Soveltuu 200 litran tynnyrien nostamiseen, kuljettamiseen ja kallistamiseen.","robots":{"index":"index","follow":"follow","max-snippet":"max-snippet:-1","max-image-preview":"max-image-preview:large","max-video-preview":"max-video-preview:-1"},"canonical":"https:\/\/www.laomeister.com\/fi\/toode\/vaadi-tostuk-kallutusmehhanismiga-pl1400-1070x2020x1240\/","og_locale":"fi_FI","og_type":"article","og_title":"Tarkkailuhissi kallistusmekanismilla PL1400 1070x2020x1240 mm, I54140 - Balti Laomeister","og_description":"Soveltuu 200 litran tynnyrien nostamiseen, kuljettamiseen ja kallistamiseen.","og_url":"https:\/\/www.laomeister.com\/fi\/toode\/vaadi-tostuk-kallutusmehhanismiga-pl1400-1070x2020x1240\/","og_site_name":"Balti Laomeister","article_modified_time":"2024-07-02T20:15:48+00:00","og_image":[{"width":556,"height":600,"url":"https:\/\/www.laomeister.com\/wp-content\/uploads\/2020\/12\/extrabilder2594_large.jpg","type":"image\/jpeg"}],"twitter_card":"summary_large_image","schema":{"@context":"https:\/\/schema.org","@graph":[{"@type":"WebPage","@id":"https:\/\/www.laomeister.com\/fi\/toode\/vaadi-tostuk-kallutusmehhanismiga-pl1400-1070x2020x1240\/","url":"https:\/\/www.laomeister.com\/fi\/toode\/vaadi-tostuk-kallutusmehhanismiga-pl1400-1070x2020x1240\/","name":"Tarkkailuhissi kallistusmekanismilla PL1400 1070x2020x1240 mm, I54140 - Balti Laomeister","isPartOf":{"@id":"https:\/\/www.laomeister.com\/fi\/#website"},"primaryImageOfPage":{"@id":"https:\/\/www.laomeister.com\/fi\/toode\/vaadi-tostuk-kallutusmehhanismiga-pl1400-1070x2020x1240\/#primaryimage"},"image":{"@id":"https:\/\/www.laomeister.com\/fi\/toode\/vaadi-tostuk-kallutusmehhanismiga-pl1400-1070x2020x1240\/#primaryimage"},"thumbnailUrl":"https:\/\/www.laomeister.com\/wp-content\/uploads\/2020\/12\/extrabilder2594_large.jpg","datePublished":"2020-12-28T10:01:19+00:00","dateModified":"2024-07-02T20:15:48+00:00","description":"Soveltuu 200 litran tynnyrien nostamiseen, kuljettamiseen ja kallistamiseen.","breadcrumb":{"@id":"https:\/\/www.laomeister.com\/fi\/toode\/vaadi-tostuk-kallutusmehhanismiga-pl1400-1070x2020x1240\/#breadcrumb"},"inLanguage":"fi","potentialAction":[{"@type":"ReadAction","target":["https:\/\/www.laomeister.com\/fi\/toode\/vaadi-tostuk-kallutusmehhanismiga-pl1400-1070x2020x1240\/"]}]},{"@type":"ImageObject","inLanguage":"fi","@id":"https:\/\/www.laomeister.com\/fi\/toode\/vaadi-tostuk-kallutusmehhanismiga-pl1400-1070x2020x1240\/#primaryimage","url":"https:\/\/www.laomeister.com\/wp-content\/uploads\/2020\/12\/extrabilder2594_large.jpg","contentUrl":"https:\/\/www.laomeister.com\/wp-content\/uploads\/2020\/12\/extrabilder2594_large.jpg","width":556,"height":600},{"@type":"BreadcrumbList","@id":"https:\/\/www.laomeister.com\/fi\/toode\/vaadi-tostuk-kallutusmehhanismiga-pl1400-1070x2020x1240\/#breadcrumb","itemListElement":[{"@type":"ListItem","position":1,"name":"Home","item":"https:\/\/www.laomeister.com\/fi\/"},{"@type":"ListItem","position":2,"name":"Tuotteet","item":"https:\/\/www.laomeister.com\/fi\/tuotteet\/"},{"@type":"ListItem","position":3,"name":"Tarkkailuhissi kallistusmekanismilla PL1400 1070x2020x1240 mm, I54140"}]},{"@type":"WebSite","@id":"https:\/\/www.laomeister.com\/fi\/#website","url":"https:\/\/www.laomeister.com\/fi\/","name":"Balti Laomeister","description":"Laoriiulid - m&uuml;&uuml;k ja paigaldus","potentialAction":[{"@type":"SearchAction","target":{"@type":"EntryPoint","urlTemplate":"https:\/\/www.laomeister.com\/fi\/?s={search_term_string}"},"query-input":{"@type":"PropertyValueSpecification","valueRequired":true,"valueName":"search_term_string"}}],"inLanguage":"fi"}]}},"_links":{"self":[{"href":"https:\/\/www.laomeister.com\/fi\/wp-json\/wp\/v2\/product\/15773","targetHints":{"allow":["GET"]}}],"collection":[{"href":"https:\/\/www.laomeister.com\/fi\/wp-json\/wp\/v2\/product"}],"about":[{"href":"https:\/\/www.laomeister.com\/fi\/wp-json\/wp\/v2\/types\/product"}],"wp:featuredmedia":[{"embeddable":true,"href":"https:\/\/www.laomeister.com\/fi\/wp-json\/wp\/v2\/media\/15777"}],"wp:attachment":[{"href":"https:\/\/www.laomeister.com\/fi\/wp-json\/wp\/v2\/media?parent=15773"}],"wp:term":[{"taxonomy":"product_brand","embeddable":true,"href":"https:\/\/www.laomeister.com\/fi\/wp-json\/wp\/v2\/product_brand?post=15773"},{"taxonomy":"product_cat","embeddable":true,"href":"https:\/\/www.laomeister.com\/fi\/wp-json\/wp\/v2\/product_cat?post=15773"},{"taxonomy":"product_tag","embeddable":true,"href":"https:\/\/www.laomeister.com\/fi\/wp-json\/wp\/v2\/product_tag?post=15773"}],"curies":[{"name":"wp","href":"https:\/\/api.w.org\/{rel}","templated":true}]}}