{"id":15749,"date":"2020-12-28T11:54:19","date_gmt":"2020-12-28T09:54:19","guid":{"rendered":"https:\/\/www.laomeister.com\/?post_type=product&#038;p=15749"},"modified":"2024-07-02T23:15:45","modified_gmt":"2024-07-02T20:15:45","slug":"sailituskapp-neljale-seisvale-vaadile-1250x1280x1330","status":"publish","type":"product","link":"https:\/\/www.laomeister.com\/fi\/toode\/sailituskapp-neljale-seisvale-vaadile-1250x1280x1330\/","title":{"rendered":"S\u00e4ilytyskaappi nelj\u00e4lle seisovalle tynnyrille 1250x1280x1330, I20043"},"content":{"rendered":"","protected":false},"excerpt":{"rendered":"<div class=\"description\">\n<div class=\"description\">\n<ul>\n<li>Kaappi vaarallisten aineiden s\u00e4ilytykseen tynnyrill\u00e4.<\/li>\n<li>Alustaa voidaan siirt\u00e4\u00e4 haarukkatrukilla tai kuormatrukilla.<\/li>\n<li>S\u00e4ilytystilan tilavuus 380 l.<\/li>\n<li>S\u00e4ilytyskaapin mitat ovat P x L x K (mm) 1250x1250x1350.<\/li>\n<li>Pohjassa on nelj\u00e4 paalua.<\/li>\n<\/ul>\n<p>&nbsp;<\/p>\n<\/div>\n<p>&nbsp;<\/p>\n<\/div>\n","protected":false},"featured_media":15761,"template":"","meta":[],"product_brand":[],"product_cat":[389],"product_tag":[],"class_list":{"0":"post-15749","1":"product","2":"type-product","3":"status-publish","4":"has-post-thumbnail","6":"product_cat-vaatide-kasitlemine-fi","8":"first","9":"instock","10":"taxable","11":"shipping-taxable","12":"purchasable","13":"product-type-simple"},"yoast_head":"<!-- This site is optimized with the Yoast SEO plugin v27.3 - https:\/\/yoast.com\/product\/yoast-seo-wordpress\/ -->\n<title>S\u00e4ilytyskaappi nelj\u00e4lle seisovalle tynnyrille 1250x1280x1330, I20043 - Balti Laomeister<\/title>\n<meta name=\"description\" content=\"Kaappi vaarallisten aineiden s\u00e4ilytykseen tynnyrill\u00e4.\" \/>\n<meta name=\"robots\" content=\"index, follow, max-snippet:-1, max-image-preview:large, max-video-preview:-1\" \/>\n<link rel=\"canonical\" href=\"https:\/\/www.laomeister.com\/fi\/toode\/sailituskapp-neljale-seisvale-vaadile-1250x1280x1330\/\" \/>\n<meta property=\"og:locale\" content=\"fi_FI\" \/>\n<meta property=\"og:type\" content=\"article\" \/>\n<meta property=\"og:title\" content=\"S\u00e4ilytyskaappi nelj\u00e4lle seisovalle tynnyrille 1250x1280x1330, I20043 - Balti Laomeister\" \/>\n<meta property=\"og:description\" content=\"Kaappi vaarallisten aineiden s\u00e4ilytykseen tynnyrill\u00e4.\" \/>\n<meta property=\"og:url\" content=\"https:\/\/www.laomeister.com\/fi\/toode\/sailituskapp-neljale-seisvale-vaadile-1250x1280x1330\/\" \/>\n<meta property=\"og:site_name\" content=\"Balti Laomeister\" \/>\n<meta property=\"article:modified_time\" content=\"2024-07-02T20:15:45+00:00\" \/>\n<meta property=\"og:image\" content=\"https:\/\/www.laomeister.com\/wp-content\/uploads\/2020\/12\/extrabilder7718_large.jpg\" \/>\n\t<meta property=\"og:image:width\" content=\"800\" \/>\n\t<meta property=\"og:image:height\" content=\"533\" \/>\n\t<meta property=\"og:image:type\" content=\"image\/jpeg\" \/>\n<meta name=\"twitter:card\" content=\"summary_large_image\" \/>\n<script type=\"application\/ld+json\" class=\"yoast-schema-graph\">{\"@context\":\"https:\\\/\\\/schema.org\",\"@graph\":[{\"@type\":\"WebPage\",\"@id\":\"https:\\\/\\\/www.laomeister.com\\\/fi\\\/toode\\\/sailituskapp-neljale-seisvale-vaadile-1250x1280x1330\\\/\",\"url\":\"https:\\\/\\\/www.laomeister.com\\\/fi\\\/toode\\\/sailituskapp-neljale-seisvale-vaadile-1250x1280x1330\\\/\",\"name\":\"S\u00e4ilytyskaappi nelj\u00e4lle seisovalle tynnyrille 1250x1280x1330, I20043 - Balti Laomeister\",\"isPartOf\":{\"@id\":\"https:\\\/\\\/www.laomeister.com\\\/fi\\\/#website\"},\"primaryImageOfPage\":{\"@id\":\"https:\\\/\\\/www.laomeister.com\\\/fi\\\/toode\\\/sailituskapp-neljale-seisvale-vaadile-1250x1280x1330\\\/#primaryimage\"},\"image\":{\"@id\":\"https:\\\/\\\/www.laomeister.com\\\/fi\\\/toode\\\/sailituskapp-neljale-seisvale-vaadile-1250x1280x1330\\\/#primaryimage\"},\"thumbnailUrl\":\"https:\\\/\\\/www.laomeister.com\\\/wp-content\\\/uploads\\\/2020\\\/12\\\/extrabilder7718_large.jpg\",\"datePublished\":\"2020-12-28T09:54:19+00:00\",\"dateModified\":\"2024-07-02T20:15:45+00:00\",\"description\":\"Kaappi vaarallisten aineiden s\u00e4ilytykseen tynnyrill\u00e4.\",\"breadcrumb\":{\"@id\":\"https:\\\/\\\/www.laomeister.com\\\/fi\\\/toode\\\/sailituskapp-neljale-seisvale-vaadile-1250x1280x1330\\\/#breadcrumb\"},\"inLanguage\":\"fi\",\"potentialAction\":[{\"@type\":\"ReadAction\",\"target\":[\"https:\\\/\\\/www.laomeister.com\\\/fi\\\/toode\\\/sailituskapp-neljale-seisvale-vaadile-1250x1280x1330\\\/\"]}]},{\"@type\":\"ImageObject\",\"inLanguage\":\"fi\",\"@id\":\"https:\\\/\\\/www.laomeister.com\\\/fi\\\/toode\\\/sailituskapp-neljale-seisvale-vaadile-1250x1280x1330\\\/#primaryimage\",\"url\":\"https:\\\/\\\/www.laomeister.com\\\/wp-content\\\/uploads\\\/2020\\\/12\\\/extrabilder7718_large.jpg\",\"contentUrl\":\"https:\\\/\\\/www.laomeister.com\\\/wp-content\\\/uploads\\\/2020\\\/12\\\/extrabilder7718_large.jpg\",\"width\":800,\"height\":533},{\"@type\":\"BreadcrumbList\",\"@id\":\"https:\\\/\\\/www.laomeister.com\\\/fi\\\/toode\\\/sailituskapp-neljale-seisvale-vaadile-1250x1280x1330\\\/#breadcrumb\",\"itemListElement\":[{\"@type\":\"ListItem\",\"position\":1,\"name\":\"Home\",\"item\":\"https:\\\/\\\/www.laomeister.com\\\/fi\\\/\"},{\"@type\":\"ListItem\",\"position\":2,\"name\":\"Tuotteet\",\"item\":\"https:\\\/\\\/www.laomeister.com\\\/fi\\\/tuotteet\\\/\"},{\"@type\":\"ListItem\",\"position\":3,\"name\":\"S\u00e4ilytyskaappi nelj\u00e4lle seisovalle tynnyrille 1250x1280x1330, I20043\"}]},{\"@type\":\"WebSite\",\"@id\":\"https:\\\/\\\/www.laomeister.com\\\/fi\\\/#website\",\"url\":\"https:\\\/\\\/www.laomeister.com\\\/fi\\\/\",\"name\":\"Balti Laomeister\",\"description\":\"Laoriiulid - m&uuml;&uuml;k ja paigaldus\",\"potentialAction\":[{\"@type\":\"SearchAction\",\"target\":{\"@type\":\"EntryPoint\",\"urlTemplate\":\"https:\\\/\\\/www.laomeister.com\\\/fi\\\/?s={search_term_string}\"},\"query-input\":{\"@type\":\"PropertyValueSpecification\",\"valueRequired\":true,\"valueName\":\"search_term_string\"}}],\"inLanguage\":\"fi\"}]}<\/script>\n<!-- \/ Yoast SEO plugin. -->","yoast_head_json":{"title":"S\u00e4ilytyskaappi nelj\u00e4lle seisovalle tynnyrille 1250x1280x1330, I20043 - Balti Laomeister","description":"Kaappi vaarallisten aineiden s\u00e4ilytykseen tynnyrill\u00e4.","robots":{"index":"index","follow":"follow","max-snippet":"max-snippet:-1","max-image-preview":"max-image-preview:large","max-video-preview":"max-video-preview:-1"},"canonical":"https:\/\/www.laomeister.com\/fi\/toode\/sailituskapp-neljale-seisvale-vaadile-1250x1280x1330\/","og_locale":"fi_FI","og_type":"article","og_title":"S\u00e4ilytyskaappi nelj\u00e4lle seisovalle tynnyrille 1250x1280x1330, I20043 - Balti Laomeister","og_description":"Kaappi vaarallisten aineiden s\u00e4ilytykseen tynnyrill\u00e4.","og_url":"https:\/\/www.laomeister.com\/fi\/toode\/sailituskapp-neljale-seisvale-vaadile-1250x1280x1330\/","og_site_name":"Balti Laomeister","article_modified_time":"2024-07-02T20:15:45+00:00","og_image":[{"width":800,"height":533,"url":"https:\/\/www.laomeister.com\/wp-content\/uploads\/2020\/12\/extrabilder7718_large.jpg","type":"image\/jpeg"}],"twitter_card":"summary_large_image","schema":{"@context":"https:\/\/schema.org","@graph":[{"@type":"WebPage","@id":"https:\/\/www.laomeister.com\/fi\/toode\/sailituskapp-neljale-seisvale-vaadile-1250x1280x1330\/","url":"https:\/\/www.laomeister.com\/fi\/toode\/sailituskapp-neljale-seisvale-vaadile-1250x1280x1330\/","name":"S\u00e4ilytyskaappi nelj\u00e4lle seisovalle tynnyrille 1250x1280x1330, I20043 - Balti Laomeister","isPartOf":{"@id":"https:\/\/www.laomeister.com\/fi\/#website"},"primaryImageOfPage":{"@id":"https:\/\/www.laomeister.com\/fi\/toode\/sailituskapp-neljale-seisvale-vaadile-1250x1280x1330\/#primaryimage"},"image":{"@id":"https:\/\/www.laomeister.com\/fi\/toode\/sailituskapp-neljale-seisvale-vaadile-1250x1280x1330\/#primaryimage"},"thumbnailUrl":"https:\/\/www.laomeister.com\/wp-content\/uploads\/2020\/12\/extrabilder7718_large.jpg","datePublished":"2020-12-28T09:54:19+00:00","dateModified":"2024-07-02T20:15:45+00:00","description":"Kaappi vaarallisten aineiden s\u00e4ilytykseen tynnyrill\u00e4.","breadcrumb":{"@id":"https:\/\/www.laomeister.com\/fi\/toode\/sailituskapp-neljale-seisvale-vaadile-1250x1280x1330\/#breadcrumb"},"inLanguage":"fi","potentialAction":[{"@type":"ReadAction","target":["https:\/\/www.laomeister.com\/fi\/toode\/sailituskapp-neljale-seisvale-vaadile-1250x1280x1330\/"]}]},{"@type":"ImageObject","inLanguage":"fi","@id":"https:\/\/www.laomeister.com\/fi\/toode\/sailituskapp-neljale-seisvale-vaadile-1250x1280x1330\/#primaryimage","url":"https:\/\/www.laomeister.com\/wp-content\/uploads\/2020\/12\/extrabilder7718_large.jpg","contentUrl":"https:\/\/www.laomeister.com\/wp-content\/uploads\/2020\/12\/extrabilder7718_large.jpg","width":800,"height":533},{"@type":"BreadcrumbList","@id":"https:\/\/www.laomeister.com\/fi\/toode\/sailituskapp-neljale-seisvale-vaadile-1250x1280x1330\/#breadcrumb","itemListElement":[{"@type":"ListItem","position":1,"name":"Home","item":"https:\/\/www.laomeister.com\/fi\/"},{"@type":"ListItem","position":2,"name":"Tuotteet","item":"https:\/\/www.laomeister.com\/fi\/tuotteet\/"},{"@type":"ListItem","position":3,"name":"S\u00e4ilytyskaappi nelj\u00e4lle seisovalle tynnyrille 1250x1280x1330, I20043"}]},{"@type":"WebSite","@id":"https:\/\/www.laomeister.com\/fi\/#website","url":"https:\/\/www.laomeister.com\/fi\/","name":"Balti Laomeister","description":"Laoriiulid - m&uuml;&uuml;k ja paigaldus","potentialAction":[{"@type":"SearchAction","target":{"@type":"EntryPoint","urlTemplate":"https:\/\/www.laomeister.com\/fi\/?s={search_term_string}"},"query-input":{"@type":"PropertyValueSpecification","valueRequired":true,"valueName":"search_term_string"}}],"inLanguage":"fi"}]}},"_links":{"self":[{"href":"https:\/\/www.laomeister.com\/fi\/wp-json\/wp\/v2\/product\/15749","targetHints":{"allow":["GET"]}}],"collection":[{"href":"https:\/\/www.laomeister.com\/fi\/wp-json\/wp\/v2\/product"}],"about":[{"href":"https:\/\/www.laomeister.com\/fi\/wp-json\/wp\/v2\/types\/product"}],"wp:featuredmedia":[{"embeddable":true,"href":"https:\/\/www.laomeister.com\/fi\/wp-json\/wp\/v2\/media\/15761"}],"wp:attachment":[{"href":"https:\/\/www.laomeister.com\/fi\/wp-json\/wp\/v2\/media?parent=15749"}],"wp:term":[{"taxonomy":"product_brand","embeddable":true,"href":"https:\/\/www.laomeister.com\/fi\/wp-json\/wp\/v2\/product_brand?post=15749"},{"taxonomy":"product_cat","embeddable":true,"href":"https:\/\/www.laomeister.com\/fi\/wp-json\/wp\/v2\/product_cat?post=15749"},{"taxonomy":"product_tag","embeddable":true,"href":"https:\/\/www.laomeister.com\/fi\/wp-json\/wp\/v2\/product_tag?post=15749"}],"curies":[{"name":"wp","href":"https:\/\/api.w.org\/{rel}","templated":true}]}}