{"id":15633,"date":"2020-12-28T10:55:11","date_gmt":"2020-12-28T08:55:11","guid":{"rendered":"https:\/\/www.laomeister.com\/?post_type=product&#038;p=15633"},"modified":"2024-07-02T23:14:47","modified_gmt":"2024-07-02T20:14:47","slug":"vaadialus-1310x1310x750","status":"publish","type":"product","link":"https:\/\/www.laomeister.com\/fi\/toode\/vaadialus-1310x1310x750\/","title":{"rendered":"Hylly 1310x1310x750 mm, I21101"},"content":{"rendered":"","protected":false},"excerpt":{"rendered":"<ul>\n<li>Ymp\u00e4rist\u00f6yst\u00e4v\u00e4lliseen vaarallisten kemikaalien k\u00e4sittelyyn muovivahoissa (\u00f6ljy, polttoaine), vankka ter\u00e4srakenne.<\/li>\n<li>Soveltuu tavanomaisten 1000 litran IBC-s\u00e4ili\u00f6iden varastointiin.<\/li>\n<li>Ulkomitat P x L x K (mm) 1310 x1310 x750.<\/li>\n<li>Tilavuus 1100 l.<\/li>\n<li>Paino 110 kg.<\/li>\n<\/ul>\n","protected":false},"featured_media":15637,"template":"","meta":[],"product_brand":[],"product_cat":[389],"product_tag":[],"class_list":{"0":"post-15633","1":"product","2":"type-product","3":"status-publish","4":"has-post-thumbnail","6":"product_cat-vaatide-kasitlemine-fi","8":"first","9":"instock","10":"taxable","11":"shipping-taxable","12":"purchasable","13":"product-type-simple"},"yoast_head":"<!-- This site is optimized with the Yoast SEO plugin v27.3 - https:\/\/yoast.com\/product\/yoast-seo-wordpress\/ -->\n<title>Hylly 1310x1310x750 mm, I21101 - Balti Laomeister<\/title>\n<meta name=\"description\" content=\"Ymp\u00e4rist\u00f6yst\u00e4v\u00e4lliseen vaarallisten kemikaalien k\u00e4sittelyyn muovivahoissa (\u00f6ljy, polttoaine), vankka ter\u00e4srakenne.\" \/>\n<meta name=\"robots\" content=\"index, follow, max-snippet:-1, max-image-preview:large, max-video-preview:-1\" \/>\n<link rel=\"canonical\" href=\"https:\/\/www.laomeister.com\/fi\/toode\/vaadialus-1310x1310x750\/\" \/>\n<meta property=\"og:locale\" content=\"fi_FI\" \/>\n<meta property=\"og:type\" content=\"article\" \/>\n<meta property=\"og:title\" content=\"Hylly 1310x1310x750 mm, I21101 - Balti Laomeister\" \/>\n<meta property=\"og:description\" content=\"Ymp\u00e4rist\u00f6yst\u00e4v\u00e4lliseen vaarallisten kemikaalien k\u00e4sittelyyn muovivahoissa (\u00f6ljy, polttoaine), vankka ter\u00e4srakenne.\" \/>\n<meta property=\"og:url\" content=\"https:\/\/www.laomeister.com\/fi\/toode\/vaadialus-1310x1310x750\/\" \/>\n<meta property=\"og:site_name\" content=\"Balti Laomeister\" \/>\n<meta property=\"article:modified_time\" content=\"2024-07-02T20:14:47+00:00\" \/>\n<meta property=\"og:image\" content=\"https:\/\/www.laomeister.com\/wp-content\/uploads\/2020\/12\/extrabilder1971_large.jpg\" \/>\n\t<meta property=\"og:image:width\" content=\"598\" \/>\n\t<meta property=\"og:image:height\" content=\"600\" \/>\n\t<meta property=\"og:image:type\" content=\"image\/jpeg\" \/>\n<meta name=\"twitter:card\" content=\"summary_large_image\" \/>\n<script type=\"application\/ld+json\" class=\"yoast-schema-graph\">{\"@context\":\"https:\\\/\\\/schema.org\",\"@graph\":[{\"@type\":\"WebPage\",\"@id\":\"https:\\\/\\\/www.laomeister.com\\\/fi\\\/toode\\\/vaadialus-1310x1310x750\\\/\",\"url\":\"https:\\\/\\\/www.laomeister.com\\\/fi\\\/toode\\\/vaadialus-1310x1310x750\\\/\",\"name\":\"Hylly 1310x1310x750 mm, I21101 - Balti Laomeister\",\"isPartOf\":{\"@id\":\"https:\\\/\\\/www.laomeister.com\\\/fi\\\/#website\"},\"primaryImageOfPage\":{\"@id\":\"https:\\\/\\\/www.laomeister.com\\\/fi\\\/toode\\\/vaadialus-1310x1310x750\\\/#primaryimage\"},\"image\":{\"@id\":\"https:\\\/\\\/www.laomeister.com\\\/fi\\\/toode\\\/vaadialus-1310x1310x750\\\/#primaryimage\"},\"thumbnailUrl\":\"https:\\\/\\\/www.laomeister.com\\\/wp-content\\\/uploads\\\/2020\\\/12\\\/extrabilder1971_large.jpg\",\"datePublished\":\"2020-12-28T08:55:11+00:00\",\"dateModified\":\"2024-07-02T20:14:47+00:00\",\"description\":\"Ymp\u00e4rist\u00f6yst\u00e4v\u00e4lliseen vaarallisten kemikaalien k\u00e4sittelyyn muovivahoissa (\u00f6ljy, polttoaine), vankka ter\u00e4srakenne.\",\"breadcrumb\":{\"@id\":\"https:\\\/\\\/www.laomeister.com\\\/fi\\\/toode\\\/vaadialus-1310x1310x750\\\/#breadcrumb\"},\"inLanguage\":\"fi\",\"potentialAction\":[{\"@type\":\"ReadAction\",\"target\":[\"https:\\\/\\\/www.laomeister.com\\\/fi\\\/toode\\\/vaadialus-1310x1310x750\\\/\"]}]},{\"@type\":\"ImageObject\",\"inLanguage\":\"fi\",\"@id\":\"https:\\\/\\\/www.laomeister.com\\\/fi\\\/toode\\\/vaadialus-1310x1310x750\\\/#primaryimage\",\"url\":\"https:\\\/\\\/www.laomeister.com\\\/wp-content\\\/uploads\\\/2020\\\/12\\\/extrabilder1971_large.jpg\",\"contentUrl\":\"https:\\\/\\\/www.laomeister.com\\\/wp-content\\\/uploads\\\/2020\\\/12\\\/extrabilder1971_large.jpg\",\"width\":598,\"height\":600},{\"@type\":\"BreadcrumbList\",\"@id\":\"https:\\\/\\\/www.laomeister.com\\\/fi\\\/toode\\\/vaadialus-1310x1310x750\\\/#breadcrumb\",\"itemListElement\":[{\"@type\":\"ListItem\",\"position\":1,\"name\":\"Home\",\"item\":\"https:\\\/\\\/www.laomeister.com\\\/fi\\\/\"},{\"@type\":\"ListItem\",\"position\":2,\"name\":\"Tuotteet\",\"item\":\"https:\\\/\\\/www.laomeister.com\\\/fi\\\/tuotteet\\\/\"},{\"@type\":\"ListItem\",\"position\":3,\"name\":\"Hylly 1310x1310x750 mm, I21101\"}]},{\"@type\":\"WebSite\",\"@id\":\"https:\\\/\\\/www.laomeister.com\\\/fi\\\/#website\",\"url\":\"https:\\\/\\\/www.laomeister.com\\\/fi\\\/\",\"name\":\"Balti Laomeister\",\"description\":\"Laoriiulid - m&uuml;&uuml;k ja paigaldus\",\"potentialAction\":[{\"@type\":\"SearchAction\",\"target\":{\"@type\":\"EntryPoint\",\"urlTemplate\":\"https:\\\/\\\/www.laomeister.com\\\/fi\\\/?s={search_term_string}\"},\"query-input\":{\"@type\":\"PropertyValueSpecification\",\"valueRequired\":true,\"valueName\":\"search_term_string\"}}],\"inLanguage\":\"fi\"}]}<\/script>\n<!-- \/ Yoast SEO plugin. -->","yoast_head_json":{"title":"Hylly 1310x1310x750 mm, I21101 - Balti Laomeister","description":"Ymp\u00e4rist\u00f6yst\u00e4v\u00e4lliseen vaarallisten kemikaalien k\u00e4sittelyyn muovivahoissa (\u00f6ljy, polttoaine), vankka ter\u00e4srakenne.","robots":{"index":"index","follow":"follow","max-snippet":"max-snippet:-1","max-image-preview":"max-image-preview:large","max-video-preview":"max-video-preview:-1"},"canonical":"https:\/\/www.laomeister.com\/fi\/toode\/vaadialus-1310x1310x750\/","og_locale":"fi_FI","og_type":"article","og_title":"Hylly 1310x1310x750 mm, I21101 - Balti Laomeister","og_description":"Ymp\u00e4rist\u00f6yst\u00e4v\u00e4lliseen vaarallisten kemikaalien k\u00e4sittelyyn muovivahoissa (\u00f6ljy, polttoaine), vankka ter\u00e4srakenne.","og_url":"https:\/\/www.laomeister.com\/fi\/toode\/vaadialus-1310x1310x750\/","og_site_name":"Balti Laomeister","article_modified_time":"2024-07-02T20:14:47+00:00","og_image":[{"width":598,"height":600,"url":"https:\/\/www.laomeister.com\/wp-content\/uploads\/2020\/12\/extrabilder1971_large.jpg","type":"image\/jpeg"}],"twitter_card":"summary_large_image","schema":{"@context":"https:\/\/schema.org","@graph":[{"@type":"WebPage","@id":"https:\/\/www.laomeister.com\/fi\/toode\/vaadialus-1310x1310x750\/","url":"https:\/\/www.laomeister.com\/fi\/toode\/vaadialus-1310x1310x750\/","name":"Hylly 1310x1310x750 mm, I21101 - Balti Laomeister","isPartOf":{"@id":"https:\/\/www.laomeister.com\/fi\/#website"},"primaryImageOfPage":{"@id":"https:\/\/www.laomeister.com\/fi\/toode\/vaadialus-1310x1310x750\/#primaryimage"},"image":{"@id":"https:\/\/www.laomeister.com\/fi\/toode\/vaadialus-1310x1310x750\/#primaryimage"},"thumbnailUrl":"https:\/\/www.laomeister.com\/wp-content\/uploads\/2020\/12\/extrabilder1971_large.jpg","datePublished":"2020-12-28T08:55:11+00:00","dateModified":"2024-07-02T20:14:47+00:00","description":"Ymp\u00e4rist\u00f6yst\u00e4v\u00e4lliseen vaarallisten kemikaalien k\u00e4sittelyyn muovivahoissa (\u00f6ljy, polttoaine), vankka ter\u00e4srakenne.","breadcrumb":{"@id":"https:\/\/www.laomeister.com\/fi\/toode\/vaadialus-1310x1310x750\/#breadcrumb"},"inLanguage":"fi","potentialAction":[{"@type":"ReadAction","target":["https:\/\/www.laomeister.com\/fi\/toode\/vaadialus-1310x1310x750\/"]}]},{"@type":"ImageObject","inLanguage":"fi","@id":"https:\/\/www.laomeister.com\/fi\/toode\/vaadialus-1310x1310x750\/#primaryimage","url":"https:\/\/www.laomeister.com\/wp-content\/uploads\/2020\/12\/extrabilder1971_large.jpg","contentUrl":"https:\/\/www.laomeister.com\/wp-content\/uploads\/2020\/12\/extrabilder1971_large.jpg","width":598,"height":600},{"@type":"BreadcrumbList","@id":"https:\/\/www.laomeister.com\/fi\/toode\/vaadialus-1310x1310x750\/#breadcrumb","itemListElement":[{"@type":"ListItem","position":1,"name":"Home","item":"https:\/\/www.laomeister.com\/fi\/"},{"@type":"ListItem","position":2,"name":"Tuotteet","item":"https:\/\/www.laomeister.com\/fi\/tuotteet\/"},{"@type":"ListItem","position":3,"name":"Hylly 1310x1310x750 mm, I21101"}]},{"@type":"WebSite","@id":"https:\/\/www.laomeister.com\/fi\/#website","url":"https:\/\/www.laomeister.com\/fi\/","name":"Balti Laomeister","description":"Laoriiulid - m&uuml;&uuml;k ja paigaldus","potentialAction":[{"@type":"SearchAction","target":{"@type":"EntryPoint","urlTemplate":"https:\/\/www.laomeister.com\/fi\/?s={search_term_string}"},"query-input":{"@type":"PropertyValueSpecification","valueRequired":true,"valueName":"search_term_string"}}],"inLanguage":"fi"}]}},"_links":{"self":[{"href":"https:\/\/www.laomeister.com\/fi\/wp-json\/wp\/v2\/product\/15633","targetHints":{"allow":["GET"]}}],"collection":[{"href":"https:\/\/www.laomeister.com\/fi\/wp-json\/wp\/v2\/product"}],"about":[{"href":"https:\/\/www.laomeister.com\/fi\/wp-json\/wp\/v2\/types\/product"}],"wp:featuredmedia":[{"embeddable":true,"href":"https:\/\/www.laomeister.com\/fi\/wp-json\/wp\/v2\/media\/15637"}],"wp:attachment":[{"href":"https:\/\/www.laomeister.com\/fi\/wp-json\/wp\/v2\/media?parent=15633"}],"wp:term":[{"taxonomy":"product_brand","embeddable":true,"href":"https:\/\/www.laomeister.com\/fi\/wp-json\/wp\/v2\/product_brand?post=15633"},{"taxonomy":"product_cat","embeddable":true,"href":"https:\/\/www.laomeister.com\/fi\/wp-json\/wp\/v2\/product_cat?post=15633"},{"taxonomy":"product_tag","embeddable":true,"href":"https:\/\/www.laomeister.com\/fi\/wp-json\/wp\/v2\/product_tag?post=15633"}],"curies":[{"name":"wp","href":"https:\/\/api.w.org\/{rel}","templated":true}]}}