{"id":15613,"date":"2020-12-28T10:51:25","date_gmt":"2020-12-28T08:51:25","guid":{"rendered":"https:\/\/www.laomeister.com\/?post_type=product&#038;p=15613"},"modified":"2024-07-02T23:14:33","modified_gmt":"2024-07-02T20:14:33","slug":"kogumisvann-1250x810x415-400-l","status":"publish","type":"product","link":"https:\/\/www.laomeister.com\/fi\/toode\/kogumisvann-1250x810x415-400-l\/","title":{"rendered":"Ker\u00e4ysastia 1250x810x415 400 L, I21240"},"content":{"rendered":"","protected":false},"excerpt":{"rendered":"<div class=\"description\">\n<ul>\n<li>Ker\u00e4ysastia on suunniteltu erilaisten s\u00e4ili\u00f6iden ja kemikaalien varastointiin.<\/li>\n<li>Teline soveltuu my\u00f6s esimerkiksi autokorjaamoihin metallivaraosien s\u00e4ilytykseen erilaisten koneiden huollon tai korjauksen aikana.<\/li>\n<li>Malliston kylpyamme on suunniteltu k\u00e4ytett\u00e4v\u00e4ksi EUR-jalustojen kanssa.<\/li>\n<li>Valmistettu ter\u00e4ksest\u00e4 ja pulverimaalattu siniseksi.<\/li>\n<li>Ker\u00e4yss\u00e4ili\u00f6n tilavuus on 400 l.<\/li>\n<li>Ker\u00e4ysalustan mitat ovat P x L x K (mm) 1250x810x415.<\/li>\n<li>Paino 38 kg.<\/li>\n<\/ul>\n<\/div>\n","protected":false},"featured_media":15621,"template":"","meta":[],"product_brand":[],"product_cat":[389],"product_tag":[],"class_list":{"0":"post-15613","1":"product","2":"type-product","3":"status-publish","4":"has-post-thumbnail","6":"product_cat-vaatide-kasitlemine-fi","8":"first","9":"instock","10":"taxable","11":"shipping-taxable","12":"purchasable","13":"product-type-simple"},"yoast_head":"<!-- This site is optimized with the Yoast SEO plugin v27.3 - https:\/\/yoast.com\/product\/yoast-seo-wordpress\/ -->\n<title>Ker\u00e4ysastia 1250x810x415 400 L, I21240 - Balti Laomeister<\/title>\n<meta name=\"description\" content=\"Ker\u00e4ysastia on suunniteltu erilaisten s\u00e4ili\u00f6iden ja kemikaalien varastointiin.\" \/>\n<meta name=\"robots\" content=\"index, follow, max-snippet:-1, max-image-preview:large, max-video-preview:-1\" \/>\n<link rel=\"canonical\" href=\"https:\/\/www.laomeister.com\/fi\/toode\/kogumisvann-1250x810x415-400-l\/\" \/>\n<meta property=\"og:locale\" content=\"fi_FI\" \/>\n<meta property=\"og:type\" content=\"article\" \/>\n<meta property=\"og:title\" content=\"Ker\u00e4ysastia 1250x810x415 400 L, I21240 - Balti Laomeister\" \/>\n<meta property=\"og:description\" content=\"Ker\u00e4ysastia on suunniteltu erilaisten s\u00e4ili\u00f6iden ja kemikaalien varastointiin.\" \/>\n<meta property=\"og:url\" content=\"https:\/\/www.laomeister.com\/fi\/toode\/kogumisvann-1250x810x415-400-l\/\" \/>\n<meta property=\"og:site_name\" content=\"Balti Laomeister\" \/>\n<meta property=\"article:modified_time\" content=\"2024-07-02T20:14:33+00:00\" \/>\n<meta property=\"og:image\" content=\"https:\/\/www.laomeister.com\/wp-content\/uploads\/2020\/12\/extrabilder1981_large.jpg\" \/>\n\t<meta property=\"og:image:width\" content=\"800\" \/>\n\t<meta property=\"og:image:height\" content=\"449\" \/>\n\t<meta property=\"og:image:type\" content=\"image\/jpeg\" \/>\n<meta name=\"twitter:card\" content=\"summary_large_image\" \/>\n<script type=\"application\/ld+json\" class=\"yoast-schema-graph\">{\"@context\":\"https:\\\/\\\/schema.org\",\"@graph\":[{\"@type\":\"WebPage\",\"@id\":\"https:\\\/\\\/www.laomeister.com\\\/fi\\\/toode\\\/kogumisvann-1250x810x415-400-l\\\/\",\"url\":\"https:\\\/\\\/www.laomeister.com\\\/fi\\\/toode\\\/kogumisvann-1250x810x415-400-l\\\/\",\"name\":\"Ker\u00e4ysastia 1250x810x415 400 L, I21240 - Balti Laomeister\",\"isPartOf\":{\"@id\":\"https:\\\/\\\/www.laomeister.com\\\/fi\\\/#website\"},\"primaryImageOfPage\":{\"@id\":\"https:\\\/\\\/www.laomeister.com\\\/fi\\\/toode\\\/kogumisvann-1250x810x415-400-l\\\/#primaryimage\"},\"image\":{\"@id\":\"https:\\\/\\\/www.laomeister.com\\\/fi\\\/toode\\\/kogumisvann-1250x810x415-400-l\\\/#primaryimage\"},\"thumbnailUrl\":\"https:\\\/\\\/www.laomeister.com\\\/wp-content\\\/uploads\\\/2020\\\/12\\\/extrabilder1981_large.jpg\",\"datePublished\":\"2020-12-28T08:51:25+00:00\",\"dateModified\":\"2024-07-02T20:14:33+00:00\",\"description\":\"Ker\u00e4ysastia on suunniteltu erilaisten s\u00e4ili\u00f6iden ja kemikaalien varastointiin.\",\"breadcrumb\":{\"@id\":\"https:\\\/\\\/www.laomeister.com\\\/fi\\\/toode\\\/kogumisvann-1250x810x415-400-l\\\/#breadcrumb\"},\"inLanguage\":\"fi\",\"potentialAction\":[{\"@type\":\"ReadAction\",\"target\":[\"https:\\\/\\\/www.laomeister.com\\\/fi\\\/toode\\\/kogumisvann-1250x810x415-400-l\\\/\"]}]},{\"@type\":\"ImageObject\",\"inLanguage\":\"fi\",\"@id\":\"https:\\\/\\\/www.laomeister.com\\\/fi\\\/toode\\\/kogumisvann-1250x810x415-400-l\\\/#primaryimage\",\"url\":\"https:\\\/\\\/www.laomeister.com\\\/wp-content\\\/uploads\\\/2020\\\/12\\\/extrabilder1981_large.jpg\",\"contentUrl\":\"https:\\\/\\\/www.laomeister.com\\\/wp-content\\\/uploads\\\/2020\\\/12\\\/extrabilder1981_large.jpg\",\"width\":800,\"height\":449},{\"@type\":\"BreadcrumbList\",\"@id\":\"https:\\\/\\\/www.laomeister.com\\\/fi\\\/toode\\\/kogumisvann-1250x810x415-400-l\\\/#breadcrumb\",\"itemListElement\":[{\"@type\":\"ListItem\",\"position\":1,\"name\":\"Home\",\"item\":\"https:\\\/\\\/www.laomeister.com\\\/fi\\\/\"},{\"@type\":\"ListItem\",\"position\":2,\"name\":\"Tuotteet\",\"item\":\"https:\\\/\\\/www.laomeister.com\\\/fi\\\/tuotteet\\\/\"},{\"@type\":\"ListItem\",\"position\":3,\"name\":\"Ker\u00e4ysastia 1250x810x415 400 L, I21240\"}]},{\"@type\":\"WebSite\",\"@id\":\"https:\\\/\\\/www.laomeister.com\\\/fi\\\/#website\",\"url\":\"https:\\\/\\\/www.laomeister.com\\\/fi\\\/\",\"name\":\"Balti Laomeister\",\"description\":\"Laoriiulid - m&uuml;&uuml;k ja paigaldus\",\"potentialAction\":[{\"@type\":\"SearchAction\",\"target\":{\"@type\":\"EntryPoint\",\"urlTemplate\":\"https:\\\/\\\/www.laomeister.com\\\/fi\\\/?s={search_term_string}\"},\"query-input\":{\"@type\":\"PropertyValueSpecification\",\"valueRequired\":true,\"valueName\":\"search_term_string\"}}],\"inLanguage\":\"fi\"}]}<\/script>\n<!-- \/ Yoast SEO plugin. -->","yoast_head_json":{"title":"Ker\u00e4ysastia 1250x810x415 400 L, I21240 - Balti Laomeister","description":"Ker\u00e4ysastia on suunniteltu erilaisten s\u00e4ili\u00f6iden ja kemikaalien varastointiin.","robots":{"index":"index","follow":"follow","max-snippet":"max-snippet:-1","max-image-preview":"max-image-preview:large","max-video-preview":"max-video-preview:-1"},"canonical":"https:\/\/www.laomeister.com\/fi\/toode\/kogumisvann-1250x810x415-400-l\/","og_locale":"fi_FI","og_type":"article","og_title":"Ker\u00e4ysastia 1250x810x415 400 L, I21240 - Balti Laomeister","og_description":"Ker\u00e4ysastia on suunniteltu erilaisten s\u00e4ili\u00f6iden ja kemikaalien varastointiin.","og_url":"https:\/\/www.laomeister.com\/fi\/toode\/kogumisvann-1250x810x415-400-l\/","og_site_name":"Balti Laomeister","article_modified_time":"2024-07-02T20:14:33+00:00","og_image":[{"width":800,"height":449,"url":"https:\/\/www.laomeister.com\/wp-content\/uploads\/2020\/12\/extrabilder1981_large.jpg","type":"image\/jpeg"}],"twitter_card":"summary_large_image","schema":{"@context":"https:\/\/schema.org","@graph":[{"@type":"WebPage","@id":"https:\/\/www.laomeister.com\/fi\/toode\/kogumisvann-1250x810x415-400-l\/","url":"https:\/\/www.laomeister.com\/fi\/toode\/kogumisvann-1250x810x415-400-l\/","name":"Ker\u00e4ysastia 1250x810x415 400 L, I21240 - Balti Laomeister","isPartOf":{"@id":"https:\/\/www.laomeister.com\/fi\/#website"},"primaryImageOfPage":{"@id":"https:\/\/www.laomeister.com\/fi\/toode\/kogumisvann-1250x810x415-400-l\/#primaryimage"},"image":{"@id":"https:\/\/www.laomeister.com\/fi\/toode\/kogumisvann-1250x810x415-400-l\/#primaryimage"},"thumbnailUrl":"https:\/\/www.laomeister.com\/wp-content\/uploads\/2020\/12\/extrabilder1981_large.jpg","datePublished":"2020-12-28T08:51:25+00:00","dateModified":"2024-07-02T20:14:33+00:00","description":"Ker\u00e4ysastia on suunniteltu erilaisten s\u00e4ili\u00f6iden ja kemikaalien varastointiin.","breadcrumb":{"@id":"https:\/\/www.laomeister.com\/fi\/toode\/kogumisvann-1250x810x415-400-l\/#breadcrumb"},"inLanguage":"fi","potentialAction":[{"@type":"ReadAction","target":["https:\/\/www.laomeister.com\/fi\/toode\/kogumisvann-1250x810x415-400-l\/"]}]},{"@type":"ImageObject","inLanguage":"fi","@id":"https:\/\/www.laomeister.com\/fi\/toode\/kogumisvann-1250x810x415-400-l\/#primaryimage","url":"https:\/\/www.laomeister.com\/wp-content\/uploads\/2020\/12\/extrabilder1981_large.jpg","contentUrl":"https:\/\/www.laomeister.com\/wp-content\/uploads\/2020\/12\/extrabilder1981_large.jpg","width":800,"height":449},{"@type":"BreadcrumbList","@id":"https:\/\/www.laomeister.com\/fi\/toode\/kogumisvann-1250x810x415-400-l\/#breadcrumb","itemListElement":[{"@type":"ListItem","position":1,"name":"Home","item":"https:\/\/www.laomeister.com\/fi\/"},{"@type":"ListItem","position":2,"name":"Tuotteet","item":"https:\/\/www.laomeister.com\/fi\/tuotteet\/"},{"@type":"ListItem","position":3,"name":"Ker\u00e4ysastia 1250x810x415 400 L, I21240"}]},{"@type":"WebSite","@id":"https:\/\/www.laomeister.com\/fi\/#website","url":"https:\/\/www.laomeister.com\/fi\/","name":"Balti Laomeister","description":"Laoriiulid - m&uuml;&uuml;k ja paigaldus","potentialAction":[{"@type":"SearchAction","target":{"@type":"EntryPoint","urlTemplate":"https:\/\/www.laomeister.com\/fi\/?s={search_term_string}"},"query-input":{"@type":"PropertyValueSpecification","valueRequired":true,"valueName":"search_term_string"}}],"inLanguage":"fi"}]}},"_links":{"self":[{"href":"https:\/\/www.laomeister.com\/fi\/wp-json\/wp\/v2\/product\/15613","targetHints":{"allow":["GET"]}}],"collection":[{"href":"https:\/\/www.laomeister.com\/fi\/wp-json\/wp\/v2\/product"}],"about":[{"href":"https:\/\/www.laomeister.com\/fi\/wp-json\/wp\/v2\/types\/product"}],"wp:featuredmedia":[{"embeddable":true,"href":"https:\/\/www.laomeister.com\/fi\/wp-json\/wp\/v2\/media\/15621"}],"wp:attachment":[{"href":"https:\/\/www.laomeister.com\/fi\/wp-json\/wp\/v2\/media?parent=15613"}],"wp:term":[{"taxonomy":"product_brand","embeddable":true,"href":"https:\/\/www.laomeister.com\/fi\/wp-json\/wp\/v2\/product_brand?post=15613"},{"taxonomy":"product_cat","embeddable":true,"href":"https:\/\/www.laomeister.com\/fi\/wp-json\/wp\/v2\/product_cat?post=15613"},{"taxonomy":"product_tag","embeddable":true,"href":"https:\/\/www.laomeister.com\/fi\/wp-json\/wp\/v2\/product_tag?post=15613"}],"curies":[{"name":"wp","href":"https:\/\/api.w.org\/{rel}","templated":true}]}}