{"id":15589,"date":"2020-12-28T10:38:36","date_gmt":"2020-12-28T08:38:36","guid":{"rendered":"https:\/\/www.laomeister.com\/?post_type=product&#038;p=15589"},"modified":"2024-07-02T23:14:32","modified_gmt":"2024-07-02T20:14:32","slug":"kogumisvann-on-moeldud-erinevaid-anumate-ja-kemikaalide-hoiustamiseks","status":"publish","type":"product","link":"https:\/\/www.laomeister.com\/fi\/toode\/kogumisvann-on-moeldud-erinevaid-anumate-ja-kemikaalide-hoiustamiseks\/","title":{"rendered":"Kokoelma-allas 350x800x1250 260 L, I21110"},"content":{"rendered":"","protected":false},"excerpt":{"rendered":"<div class=\"description\">\n<ul>\n<li>Ker\u00e4ysastia on suunniteltu erilaisten s\u00e4ili\u00f6iden ja kemikaalien varastointiin.<\/li>\n<li>Valmistettu ter\u00e4ksest\u00e4 ja pulverimaalattu siniseksi.<\/li>\n<li>Varustettu jaloilla.<\/li>\n<li>Alustaa voidaan siirt\u00e4\u00e4 trukilla, pinoamistrukilla tai haarukkatrukilla.<\/li>\n<li>Ker\u00e4yss\u00e4ili\u00f6n tilavuus on 260 l.<\/li>\n<li>Ker\u00e4ysalustan mitat ovat P x L x K (mm) 1250x800x350.<\/li>\n<li>Paino 40 kg.<\/li>\n<\/ul>\n<p>&nbsp;<\/p>\n<p>&nbsp;<\/p>\n<\/div>\n","protected":false},"featured_media":15597,"template":"","meta":[],"product_brand":[],"product_cat":[389],"product_tag":[],"class_list":{"0":"post-15589","1":"product","2":"type-product","3":"status-publish","4":"has-post-thumbnail","6":"product_cat-vaatide-kasitlemine-fi","8":"first","9":"instock","10":"taxable","11":"shipping-taxable","12":"purchasable","13":"product-type-simple"},"yoast_head":"<!-- This site is optimized with the Yoast SEO plugin v27.3 - https:\/\/yoast.com\/product\/yoast-seo-wordpress\/ -->\n<title>Kokoelma-allas 350x800x1250 260 L, I21110 - Balti Laomeister<\/title>\n<meta name=\"description\" content=\"Ker\u00e4ysastia on suunniteltu erilaisten s\u00e4ili\u00f6iden ja kemikaalien varastointiin.\" \/>\n<meta name=\"robots\" content=\"index, follow, max-snippet:-1, max-image-preview:large, max-video-preview:-1\" \/>\n<link rel=\"canonical\" href=\"https:\/\/www.laomeister.com\/fi\/toode\/kogumisvann-on-moeldud-erinevaid-anumate-ja-kemikaalide-hoiustamiseks\/\" \/>\n<meta property=\"og:locale\" content=\"fi_FI\" \/>\n<meta property=\"og:type\" content=\"article\" \/>\n<meta property=\"og:title\" content=\"Kokoelma-allas 350x800x1250 260 L, I21110 - Balti Laomeister\" \/>\n<meta property=\"og:description\" content=\"Ker\u00e4ysastia on suunniteltu erilaisten s\u00e4ili\u00f6iden ja kemikaalien varastointiin.\" \/>\n<meta property=\"og:url\" content=\"https:\/\/www.laomeister.com\/fi\/toode\/kogumisvann-on-moeldud-erinevaid-anumate-ja-kemikaalide-hoiustamiseks\/\" \/>\n<meta property=\"og:site_name\" content=\"Balti Laomeister\" \/>\n<meta property=\"article:modified_time\" content=\"2024-07-02T20:14:32+00:00\" \/>\n<meta property=\"og:image\" content=\"https:\/\/www.laomeister.com\/wp-content\/uploads\/2020\/12\/extrabilder2653_large.jpg\" \/>\n\t<meta property=\"og:image:width\" content=\"800\" \/>\n\t<meta property=\"og:image:height\" content=\"533\" \/>\n\t<meta property=\"og:image:type\" content=\"image\/jpeg\" \/>\n<meta name=\"twitter:card\" content=\"summary_large_image\" \/>\n<script type=\"application\/ld+json\" class=\"yoast-schema-graph\">{\"@context\":\"https:\\\/\\\/schema.org\",\"@graph\":[{\"@type\":\"WebPage\",\"@id\":\"https:\\\/\\\/www.laomeister.com\\\/fi\\\/toode\\\/kogumisvann-on-moeldud-erinevaid-anumate-ja-kemikaalide-hoiustamiseks\\\/\",\"url\":\"https:\\\/\\\/www.laomeister.com\\\/fi\\\/toode\\\/kogumisvann-on-moeldud-erinevaid-anumate-ja-kemikaalide-hoiustamiseks\\\/\",\"name\":\"Kokoelma-allas 350x800x1250 260 L, I21110 - Balti Laomeister\",\"isPartOf\":{\"@id\":\"https:\\\/\\\/www.laomeister.com\\\/fi\\\/#website\"},\"primaryImageOfPage\":{\"@id\":\"https:\\\/\\\/www.laomeister.com\\\/fi\\\/toode\\\/kogumisvann-on-moeldud-erinevaid-anumate-ja-kemikaalide-hoiustamiseks\\\/#primaryimage\"},\"image\":{\"@id\":\"https:\\\/\\\/www.laomeister.com\\\/fi\\\/toode\\\/kogumisvann-on-moeldud-erinevaid-anumate-ja-kemikaalide-hoiustamiseks\\\/#primaryimage\"},\"thumbnailUrl\":\"https:\\\/\\\/www.laomeister.com\\\/wp-content\\\/uploads\\\/2020\\\/12\\\/extrabilder2653_large.jpg\",\"datePublished\":\"2020-12-28T08:38:36+00:00\",\"dateModified\":\"2024-07-02T20:14:32+00:00\",\"description\":\"Ker\u00e4ysastia on suunniteltu erilaisten s\u00e4ili\u00f6iden ja kemikaalien varastointiin.\",\"breadcrumb\":{\"@id\":\"https:\\\/\\\/www.laomeister.com\\\/fi\\\/toode\\\/kogumisvann-on-moeldud-erinevaid-anumate-ja-kemikaalide-hoiustamiseks\\\/#breadcrumb\"},\"inLanguage\":\"fi\",\"potentialAction\":[{\"@type\":\"ReadAction\",\"target\":[\"https:\\\/\\\/www.laomeister.com\\\/fi\\\/toode\\\/kogumisvann-on-moeldud-erinevaid-anumate-ja-kemikaalide-hoiustamiseks\\\/\"]}]},{\"@type\":\"ImageObject\",\"inLanguage\":\"fi\",\"@id\":\"https:\\\/\\\/www.laomeister.com\\\/fi\\\/toode\\\/kogumisvann-on-moeldud-erinevaid-anumate-ja-kemikaalide-hoiustamiseks\\\/#primaryimage\",\"url\":\"https:\\\/\\\/www.laomeister.com\\\/wp-content\\\/uploads\\\/2020\\\/12\\\/extrabilder2653_large.jpg\",\"contentUrl\":\"https:\\\/\\\/www.laomeister.com\\\/wp-content\\\/uploads\\\/2020\\\/12\\\/extrabilder2653_large.jpg\",\"width\":800,\"height\":533},{\"@type\":\"BreadcrumbList\",\"@id\":\"https:\\\/\\\/www.laomeister.com\\\/fi\\\/toode\\\/kogumisvann-on-moeldud-erinevaid-anumate-ja-kemikaalide-hoiustamiseks\\\/#breadcrumb\",\"itemListElement\":[{\"@type\":\"ListItem\",\"position\":1,\"name\":\"Home\",\"item\":\"https:\\\/\\\/www.laomeister.com\\\/fi\\\/\"},{\"@type\":\"ListItem\",\"position\":2,\"name\":\"Tuotteet\",\"item\":\"https:\\\/\\\/www.laomeister.com\\\/fi\\\/tuotteet\\\/\"},{\"@type\":\"ListItem\",\"position\":3,\"name\":\"Kokoelma-allas 350x800x1250 260 L, I21110\"}]},{\"@type\":\"WebSite\",\"@id\":\"https:\\\/\\\/www.laomeister.com\\\/fi\\\/#website\",\"url\":\"https:\\\/\\\/www.laomeister.com\\\/fi\\\/\",\"name\":\"Balti Laomeister\",\"description\":\"Laoriiulid - m&uuml;&uuml;k ja paigaldus\",\"potentialAction\":[{\"@type\":\"SearchAction\",\"target\":{\"@type\":\"EntryPoint\",\"urlTemplate\":\"https:\\\/\\\/www.laomeister.com\\\/fi\\\/?s={search_term_string}\"},\"query-input\":{\"@type\":\"PropertyValueSpecification\",\"valueRequired\":true,\"valueName\":\"search_term_string\"}}],\"inLanguage\":\"fi\"}]}<\/script>\n<!-- \/ Yoast SEO plugin. -->","yoast_head_json":{"title":"Kokoelma-allas 350x800x1250 260 L, I21110 - Balti Laomeister","description":"Ker\u00e4ysastia on suunniteltu erilaisten s\u00e4ili\u00f6iden ja kemikaalien varastointiin.","robots":{"index":"index","follow":"follow","max-snippet":"max-snippet:-1","max-image-preview":"max-image-preview:large","max-video-preview":"max-video-preview:-1"},"canonical":"https:\/\/www.laomeister.com\/fi\/toode\/kogumisvann-on-moeldud-erinevaid-anumate-ja-kemikaalide-hoiustamiseks\/","og_locale":"fi_FI","og_type":"article","og_title":"Kokoelma-allas 350x800x1250 260 L, I21110 - Balti Laomeister","og_description":"Ker\u00e4ysastia on suunniteltu erilaisten s\u00e4ili\u00f6iden ja kemikaalien varastointiin.","og_url":"https:\/\/www.laomeister.com\/fi\/toode\/kogumisvann-on-moeldud-erinevaid-anumate-ja-kemikaalide-hoiustamiseks\/","og_site_name":"Balti Laomeister","article_modified_time":"2024-07-02T20:14:32+00:00","og_image":[{"width":800,"height":533,"url":"https:\/\/www.laomeister.com\/wp-content\/uploads\/2020\/12\/extrabilder2653_large.jpg","type":"image\/jpeg"}],"twitter_card":"summary_large_image","schema":{"@context":"https:\/\/schema.org","@graph":[{"@type":"WebPage","@id":"https:\/\/www.laomeister.com\/fi\/toode\/kogumisvann-on-moeldud-erinevaid-anumate-ja-kemikaalide-hoiustamiseks\/","url":"https:\/\/www.laomeister.com\/fi\/toode\/kogumisvann-on-moeldud-erinevaid-anumate-ja-kemikaalide-hoiustamiseks\/","name":"Kokoelma-allas 350x800x1250 260 L, I21110 - Balti Laomeister","isPartOf":{"@id":"https:\/\/www.laomeister.com\/fi\/#website"},"primaryImageOfPage":{"@id":"https:\/\/www.laomeister.com\/fi\/toode\/kogumisvann-on-moeldud-erinevaid-anumate-ja-kemikaalide-hoiustamiseks\/#primaryimage"},"image":{"@id":"https:\/\/www.laomeister.com\/fi\/toode\/kogumisvann-on-moeldud-erinevaid-anumate-ja-kemikaalide-hoiustamiseks\/#primaryimage"},"thumbnailUrl":"https:\/\/www.laomeister.com\/wp-content\/uploads\/2020\/12\/extrabilder2653_large.jpg","datePublished":"2020-12-28T08:38:36+00:00","dateModified":"2024-07-02T20:14:32+00:00","description":"Ker\u00e4ysastia on suunniteltu erilaisten s\u00e4ili\u00f6iden ja kemikaalien varastointiin.","breadcrumb":{"@id":"https:\/\/www.laomeister.com\/fi\/toode\/kogumisvann-on-moeldud-erinevaid-anumate-ja-kemikaalide-hoiustamiseks\/#breadcrumb"},"inLanguage":"fi","potentialAction":[{"@type":"ReadAction","target":["https:\/\/www.laomeister.com\/fi\/toode\/kogumisvann-on-moeldud-erinevaid-anumate-ja-kemikaalide-hoiustamiseks\/"]}]},{"@type":"ImageObject","inLanguage":"fi","@id":"https:\/\/www.laomeister.com\/fi\/toode\/kogumisvann-on-moeldud-erinevaid-anumate-ja-kemikaalide-hoiustamiseks\/#primaryimage","url":"https:\/\/www.laomeister.com\/wp-content\/uploads\/2020\/12\/extrabilder2653_large.jpg","contentUrl":"https:\/\/www.laomeister.com\/wp-content\/uploads\/2020\/12\/extrabilder2653_large.jpg","width":800,"height":533},{"@type":"BreadcrumbList","@id":"https:\/\/www.laomeister.com\/fi\/toode\/kogumisvann-on-moeldud-erinevaid-anumate-ja-kemikaalide-hoiustamiseks\/#breadcrumb","itemListElement":[{"@type":"ListItem","position":1,"name":"Home","item":"https:\/\/www.laomeister.com\/fi\/"},{"@type":"ListItem","position":2,"name":"Tuotteet","item":"https:\/\/www.laomeister.com\/fi\/tuotteet\/"},{"@type":"ListItem","position":3,"name":"Kokoelma-allas 350x800x1250 260 L, I21110"}]},{"@type":"WebSite","@id":"https:\/\/www.laomeister.com\/fi\/#website","url":"https:\/\/www.laomeister.com\/fi\/","name":"Balti Laomeister","description":"Laoriiulid - m&uuml;&uuml;k ja paigaldus","potentialAction":[{"@type":"SearchAction","target":{"@type":"EntryPoint","urlTemplate":"https:\/\/www.laomeister.com\/fi\/?s={search_term_string}"},"query-input":{"@type":"PropertyValueSpecification","valueRequired":true,"valueName":"search_term_string"}}],"inLanguage":"fi"}]}},"_links":{"self":[{"href":"https:\/\/www.laomeister.com\/fi\/wp-json\/wp\/v2\/product\/15589","targetHints":{"allow":["GET"]}}],"collection":[{"href":"https:\/\/www.laomeister.com\/fi\/wp-json\/wp\/v2\/product"}],"about":[{"href":"https:\/\/www.laomeister.com\/fi\/wp-json\/wp\/v2\/types\/product"}],"wp:featuredmedia":[{"embeddable":true,"href":"https:\/\/www.laomeister.com\/fi\/wp-json\/wp\/v2\/media\/15597"}],"wp:attachment":[{"href":"https:\/\/www.laomeister.com\/fi\/wp-json\/wp\/v2\/media?parent=15589"}],"wp:term":[{"taxonomy":"product_brand","embeddable":true,"href":"https:\/\/www.laomeister.com\/fi\/wp-json\/wp\/v2\/product_brand?post=15589"},{"taxonomy":"product_cat","embeddable":true,"href":"https:\/\/www.laomeister.com\/fi\/wp-json\/wp\/v2\/product_cat?post=15589"},{"taxonomy":"product_tag","embeddable":true,"href":"https:\/\/www.laomeister.com\/fi\/wp-json\/wp\/v2\/product_tag?post=15589"}],"curies":[{"name":"wp","href":"https:\/\/api.w.org\/{rel}","templated":true}]}}