{"id":15529,"date":"2020-12-18T11:55:32","date_gmt":"2020-12-18T09:55:32","guid":{"rendered":"https:\/\/www.laomeister.com\/?post_type=product&#038;p=15529"},"modified":"2024-07-03T09:27:21","modified_gmt":"2024-07-03T06:27:21","slug":"kasikahveltostuk-2500-kg-kahvlid-650-mm","status":"publish","type":"product","link":"https:\/\/www.laomeister.com\/fi\/toode\/kasikahveltostuk-2500-kg-kahvlid-650-mm\/","title":{"rendered":"K\u00e4sik\u00e4ytt\u00f6inen haarukkatrukki 2500 kg, haarukat 650 mm, I41632"},"content":{"rendered":"","protected":false},"excerpt":{"rendered":"<ul>\n<li>Vankka lyhyt haarukkatrukki, haarukoiden halkaisija 650 mm<\/li>\n<li>Pumpun nostokyky on 2500 kg<\/li>\n<li>Pienin nostokorkeus on 80 mm.<\/li>\n<li>Suurin nostokorkeus on 200 mm<\/li>\n<li>Haarukka on 650 mm pitk\u00e4 ja 540 mm leve\u00e4.<\/li>\n<li>Yhden haarukkavarren leveys on 160 mm ja paksuus 50 mm.<\/li>\n<li>Paino on 55 kg.<\/li>\n<\/ul>\n","protected":false},"featured_media":15545,"template":"","meta":[],"product_brand":[],"product_cat":[254],"product_tag":[],"class_list":{"0":"post-15529","1":"product","2":"type-product","3":"status-publish","4":"has-post-thumbnail","6":"product_cat-kahvelkarud-fi","8":"first","9":"instock","10":"taxable","11":"shipping-taxable","12":"purchasable","13":"product-type-simple"},"yoast_head":"<!-- This site is optimized with the Yoast SEO plugin v27.3 - https:\/\/yoast.com\/product\/yoast-seo-wordpress\/ -->\n<title>K\u00e4sik\u00e4ytt\u00f6inen haarukkatrukki 2500 kg, haarukat 650 mm, I41632 - Balti Laomeister<\/title>\n<meta name=\"description\" content=\"Trukki on ensimm\u00e4inen apuv\u00e4line kuormalavojen siirt\u00e4miseen. Trukilla siirr\u00e4t tavaroita ja materiaaleja ahtaissa tiloissa ja lyhyill\u00e4 matkoilla.\" \/>\n<meta name=\"robots\" content=\"index, follow, max-snippet:-1, max-image-preview:large, max-video-preview:-1\" \/>\n<link rel=\"canonical\" href=\"https:\/\/www.laomeister.com\/fi\/toode\/kasikahveltostuk-2500-kg-kahvlid-650-mm\/\" \/>\n<meta property=\"og:locale\" content=\"fi_FI\" \/>\n<meta property=\"og:type\" content=\"article\" \/>\n<meta property=\"og:title\" content=\"K\u00e4sik\u00e4ytt\u00f6inen haarukkatrukki 2500 kg, haarukat 650 mm, I41632 - Balti Laomeister\" \/>\n<meta property=\"og:description\" content=\"Trukki on ensimm\u00e4inen apuv\u00e4line kuormalavojen siirt\u00e4miseen. Trukilla siirr\u00e4t tavaroita ja materiaaleja ahtaissa tiloissa ja lyhyill\u00e4 matkoilla.\" \/>\n<meta property=\"og:url\" content=\"https:\/\/www.laomeister.com\/fi\/toode\/kasikahveltostuk-2500-kg-kahvlid-650-mm\/\" \/>\n<meta property=\"og:site_name\" content=\"Balti Laomeister\" \/>\n<meta property=\"article:modified_time\" content=\"2024-07-03T06:27:21+00:00\" \/>\n<meta property=\"og:image\" content=\"https:\/\/www.laomeister.com\/wp-content\/uploads\/2020\/12\/extrabilder6853_large.jpg\" \/>\n\t<meta property=\"og:image:width\" content=\"800\" \/>\n\t<meta property=\"og:image:height\" content=\"533\" \/>\n\t<meta property=\"og:image:type\" content=\"image\/jpeg\" \/>\n<meta name=\"twitter:card\" content=\"summary_large_image\" \/>\n<script type=\"application\/ld+json\" class=\"yoast-schema-graph\">{\"@context\":\"https:\\\/\\\/schema.org\",\"@graph\":[{\"@type\":\"WebPage\",\"@id\":\"https:\\\/\\\/www.laomeister.com\\\/fi\\\/toode\\\/kasikahveltostuk-2500-kg-kahvlid-650-mm\\\/\",\"url\":\"https:\\\/\\\/www.laomeister.com\\\/fi\\\/toode\\\/kasikahveltostuk-2500-kg-kahvlid-650-mm\\\/\",\"name\":\"K\u00e4sik\u00e4ytt\u00f6inen haarukkatrukki 2500 kg, haarukat 650 mm, I41632 - Balti Laomeister\",\"isPartOf\":{\"@id\":\"https:\\\/\\\/www.laomeister.com\\\/fi\\\/#website\"},\"primaryImageOfPage\":{\"@id\":\"https:\\\/\\\/www.laomeister.com\\\/fi\\\/toode\\\/kasikahveltostuk-2500-kg-kahvlid-650-mm\\\/#primaryimage\"},\"image\":{\"@id\":\"https:\\\/\\\/www.laomeister.com\\\/fi\\\/toode\\\/kasikahveltostuk-2500-kg-kahvlid-650-mm\\\/#primaryimage\"},\"thumbnailUrl\":\"https:\\\/\\\/www.laomeister.com\\\/wp-content\\\/uploads\\\/2020\\\/12\\\/extrabilder6853_large.jpg\",\"datePublished\":\"2020-12-18T09:55:32+00:00\",\"dateModified\":\"2024-07-03T06:27:21+00:00\",\"description\":\"Trukki on ensimm\u00e4inen apuv\u00e4line kuormalavojen siirt\u00e4miseen. Trukilla siirr\u00e4t tavaroita ja materiaaleja ahtaissa tiloissa ja lyhyill\u00e4 matkoilla.\",\"breadcrumb\":{\"@id\":\"https:\\\/\\\/www.laomeister.com\\\/fi\\\/toode\\\/kasikahveltostuk-2500-kg-kahvlid-650-mm\\\/#breadcrumb\"},\"inLanguage\":\"fi\",\"potentialAction\":[{\"@type\":\"ReadAction\",\"target\":[\"https:\\\/\\\/www.laomeister.com\\\/fi\\\/toode\\\/kasikahveltostuk-2500-kg-kahvlid-650-mm\\\/\"]}]},{\"@type\":\"ImageObject\",\"inLanguage\":\"fi\",\"@id\":\"https:\\\/\\\/www.laomeister.com\\\/fi\\\/toode\\\/kasikahveltostuk-2500-kg-kahvlid-650-mm\\\/#primaryimage\",\"url\":\"https:\\\/\\\/www.laomeister.com\\\/wp-content\\\/uploads\\\/2020\\\/12\\\/extrabilder6853_large.jpg\",\"contentUrl\":\"https:\\\/\\\/www.laomeister.com\\\/wp-content\\\/uploads\\\/2020\\\/12\\\/extrabilder6853_large.jpg\",\"width\":800,\"height\":533},{\"@type\":\"BreadcrumbList\",\"@id\":\"https:\\\/\\\/www.laomeister.com\\\/fi\\\/toode\\\/kasikahveltostuk-2500-kg-kahvlid-650-mm\\\/#breadcrumb\",\"itemListElement\":[{\"@type\":\"ListItem\",\"position\":1,\"name\":\"Home\",\"item\":\"https:\\\/\\\/www.laomeister.com\\\/fi\\\/\"},{\"@type\":\"ListItem\",\"position\":2,\"name\":\"Tuotteet\",\"item\":\"https:\\\/\\\/www.laomeister.com\\\/fi\\\/tuotteet\\\/\"},{\"@type\":\"ListItem\",\"position\":3,\"name\":\"K\u00e4sik\u00e4ytt\u00f6inen haarukkatrukki 2500 kg, haarukat 650 mm, I41632\"}]},{\"@type\":\"WebSite\",\"@id\":\"https:\\\/\\\/www.laomeister.com\\\/fi\\\/#website\",\"url\":\"https:\\\/\\\/www.laomeister.com\\\/fi\\\/\",\"name\":\"Balti Laomeister\",\"description\":\"Laoriiulid - m&uuml;&uuml;k ja paigaldus\",\"potentialAction\":[{\"@type\":\"SearchAction\",\"target\":{\"@type\":\"EntryPoint\",\"urlTemplate\":\"https:\\\/\\\/www.laomeister.com\\\/fi\\\/?s={search_term_string}\"},\"query-input\":{\"@type\":\"PropertyValueSpecification\",\"valueRequired\":true,\"valueName\":\"search_term_string\"}}],\"inLanguage\":\"fi\"}]}<\/script>\n<!-- \/ Yoast SEO plugin. -->","yoast_head_json":{"title":"K\u00e4sik\u00e4ytt\u00f6inen haarukkatrukki 2500 kg, haarukat 650 mm, I41632 - Balti Laomeister","description":"Trukki on ensimm\u00e4inen apuv\u00e4line kuormalavojen siirt\u00e4miseen. Trukilla siirr\u00e4t tavaroita ja materiaaleja ahtaissa tiloissa ja lyhyill\u00e4 matkoilla.","robots":{"index":"index","follow":"follow","max-snippet":"max-snippet:-1","max-image-preview":"max-image-preview:large","max-video-preview":"max-video-preview:-1"},"canonical":"https:\/\/www.laomeister.com\/fi\/toode\/kasikahveltostuk-2500-kg-kahvlid-650-mm\/","og_locale":"fi_FI","og_type":"article","og_title":"K\u00e4sik\u00e4ytt\u00f6inen haarukkatrukki 2500 kg, haarukat 650 mm, I41632 - Balti Laomeister","og_description":"Trukki on ensimm\u00e4inen apuv\u00e4line kuormalavojen siirt\u00e4miseen. Trukilla siirr\u00e4t tavaroita ja materiaaleja ahtaissa tiloissa ja lyhyill\u00e4 matkoilla.","og_url":"https:\/\/www.laomeister.com\/fi\/toode\/kasikahveltostuk-2500-kg-kahvlid-650-mm\/","og_site_name":"Balti Laomeister","article_modified_time":"2024-07-03T06:27:21+00:00","og_image":[{"width":800,"height":533,"url":"https:\/\/www.laomeister.com\/wp-content\/uploads\/2020\/12\/extrabilder6853_large.jpg","type":"image\/jpeg"}],"twitter_card":"summary_large_image","schema":{"@context":"https:\/\/schema.org","@graph":[{"@type":"WebPage","@id":"https:\/\/www.laomeister.com\/fi\/toode\/kasikahveltostuk-2500-kg-kahvlid-650-mm\/","url":"https:\/\/www.laomeister.com\/fi\/toode\/kasikahveltostuk-2500-kg-kahvlid-650-mm\/","name":"K\u00e4sik\u00e4ytt\u00f6inen haarukkatrukki 2500 kg, haarukat 650 mm, I41632 - Balti Laomeister","isPartOf":{"@id":"https:\/\/www.laomeister.com\/fi\/#website"},"primaryImageOfPage":{"@id":"https:\/\/www.laomeister.com\/fi\/toode\/kasikahveltostuk-2500-kg-kahvlid-650-mm\/#primaryimage"},"image":{"@id":"https:\/\/www.laomeister.com\/fi\/toode\/kasikahveltostuk-2500-kg-kahvlid-650-mm\/#primaryimage"},"thumbnailUrl":"https:\/\/www.laomeister.com\/wp-content\/uploads\/2020\/12\/extrabilder6853_large.jpg","datePublished":"2020-12-18T09:55:32+00:00","dateModified":"2024-07-03T06:27:21+00:00","description":"Trukki on ensimm\u00e4inen apuv\u00e4line kuormalavojen siirt\u00e4miseen. Trukilla siirr\u00e4t tavaroita ja materiaaleja ahtaissa tiloissa ja lyhyill\u00e4 matkoilla.","breadcrumb":{"@id":"https:\/\/www.laomeister.com\/fi\/toode\/kasikahveltostuk-2500-kg-kahvlid-650-mm\/#breadcrumb"},"inLanguage":"fi","potentialAction":[{"@type":"ReadAction","target":["https:\/\/www.laomeister.com\/fi\/toode\/kasikahveltostuk-2500-kg-kahvlid-650-mm\/"]}]},{"@type":"ImageObject","inLanguage":"fi","@id":"https:\/\/www.laomeister.com\/fi\/toode\/kasikahveltostuk-2500-kg-kahvlid-650-mm\/#primaryimage","url":"https:\/\/www.laomeister.com\/wp-content\/uploads\/2020\/12\/extrabilder6853_large.jpg","contentUrl":"https:\/\/www.laomeister.com\/wp-content\/uploads\/2020\/12\/extrabilder6853_large.jpg","width":800,"height":533},{"@type":"BreadcrumbList","@id":"https:\/\/www.laomeister.com\/fi\/toode\/kasikahveltostuk-2500-kg-kahvlid-650-mm\/#breadcrumb","itemListElement":[{"@type":"ListItem","position":1,"name":"Home","item":"https:\/\/www.laomeister.com\/fi\/"},{"@type":"ListItem","position":2,"name":"Tuotteet","item":"https:\/\/www.laomeister.com\/fi\/tuotteet\/"},{"@type":"ListItem","position":3,"name":"K\u00e4sik\u00e4ytt\u00f6inen haarukkatrukki 2500 kg, haarukat 650 mm, I41632"}]},{"@type":"WebSite","@id":"https:\/\/www.laomeister.com\/fi\/#website","url":"https:\/\/www.laomeister.com\/fi\/","name":"Balti Laomeister","description":"Laoriiulid - m&uuml;&uuml;k ja paigaldus","potentialAction":[{"@type":"SearchAction","target":{"@type":"EntryPoint","urlTemplate":"https:\/\/www.laomeister.com\/fi\/?s={search_term_string}"},"query-input":{"@type":"PropertyValueSpecification","valueRequired":true,"valueName":"search_term_string"}}],"inLanguage":"fi"}]}},"_links":{"self":[{"href":"https:\/\/www.laomeister.com\/fi\/wp-json\/wp\/v2\/product\/15529","targetHints":{"allow":["GET"]}}],"collection":[{"href":"https:\/\/www.laomeister.com\/fi\/wp-json\/wp\/v2\/product"}],"about":[{"href":"https:\/\/www.laomeister.com\/fi\/wp-json\/wp\/v2\/types\/product"}],"wp:featuredmedia":[{"embeddable":true,"href":"https:\/\/www.laomeister.com\/fi\/wp-json\/wp\/v2\/media\/15545"}],"wp:attachment":[{"href":"https:\/\/www.laomeister.com\/fi\/wp-json\/wp\/v2\/media?parent=15529"}],"wp:term":[{"taxonomy":"product_brand","embeddable":true,"href":"https:\/\/www.laomeister.com\/fi\/wp-json\/wp\/v2\/product_brand?post=15529"},{"taxonomy":"product_cat","embeddable":true,"href":"https:\/\/www.laomeister.com\/fi\/wp-json\/wp\/v2\/product_cat?post=15529"},{"taxonomy":"product_tag","embeddable":true,"href":"https:\/\/www.laomeister.com\/fi\/wp-json\/wp\/v2\/product_tag?post=15529"}],"curies":[{"name":"wp","href":"https:\/\/api.w.org\/{rel}","templated":true}]}}