{"id":15473,"date":"2020-12-18T11:27:45","date_gmt":"2020-12-18T09:27:45","guid":{"rendered":"https:\/\/www.laomeister.com\/?post_type=product&#038;p=15473"},"modified":"2024-07-03T09:26:55","modified_gmt":"2024-07-03T06:26:55","slug":"pumptostuk-kaaluga-pl-2000-pu-rattad","status":"publish","type":"product","link":"https:\/\/www.laomeister.com\/fi\/toode\/pumptostuk-kaaluga-pl-2000-pu-rattad\/","title":{"rendered":"Pumppuk\u00e4rry, jossa paino PL 2000 PU-py\u00f6r\u00e4t, I42001"},"content":{"rendered":"","protected":false},"excerpt":{"rendered":"<div class=\"description\">\n<ul>\n<li>K\u00e4ytt\u00e4j\u00e4yst\u00e4v\u00e4llinen ja luotettava painotettu pumppunostin.<\/li>\n<li>Soveltuu my\u00f6s tavallisten pakkausten punnitsemiseen.<\/li>\n<li>Haarukoissa on 4 anturia punnitusta varten.<\/li>\n<li>Nelj\u00e4 anturia takaavat aina tulosten tarkkuuden m\u00e4\u00e4ritellyn toleranssin sis\u00e4ll\u00e4.<\/li>\n<li>On tietenkin suositeltavaa valita punnitusta varten mahdollisimman tasainen pinta.<\/li>\n<li>Monipuolinen valikoima vaa&#8217;an toimintoja, nollaus, taaralaskenta, ennalta m\u00e4\u00e4ritetty taara.K\u00e4ytt\u00f6l\u00e4mp\u00f6tila: -10&#8230;40 \u00b0C.<\/li>\n<li>Pumpun nostokyky on 2000 kg.<\/li>\n<li>Pienin nostokorkeus on 88 mm.<\/li>\n<li>Suurin nostokorkeus on 200 mm.<\/li>\n<li>Haarukan pituus on 1150 mm ja leveys 568 mm.<\/li>\n<li>Yhden haarukkavarren leveys 160 mm.<\/li>\n<li>Haarukkavarren kokonaisleveys on 568 mm.<\/li>\n<li>Kumiset ohjauspy\u00f6r\u00e4t ovat kooltaan 180&#215;50 mm.<\/li>\n<li>Haarukkapy\u00f6r\u00e4t tandem-polyuretaani, mitat 74&#215;70 mm.<\/li>\n<li>Haarukoiden p\u00e4\u00e4ss\u00e4 olevat rullat ovat kaksoispy\u00f6r\u00e4isi\u00e4, mik\u00e4 helpottaa liikkumista kuoppaisilla lattioilla tai kynnyksill\u00e4.<\/li>\n<li>Polyuretaanipy\u00f6r\u00e4t rullaavat hiljaa ja ovat eritt\u00e4in kulutusta kest\u00e4vi\u00e4.<\/li>\n<li>Tarkkuus +\/- 1 kg.<\/li>\n<li>Vaaka toimii 2 x AA-paristolla, jotka sis\u00e4ltyv\u00e4t toimitukseen.<\/li>\n<li>Paino on 85 kg.<\/li>\n<\/ul>\n<p>&nbsp;<\/p>\n<\/div>\n","protected":false},"featured_media":15497,"template":"","meta":[],"product_brand":[],"product_cat":[739,254],"product_tag":[],"class_list":{"0":"post-15473","1":"product","2":"type-product","3":"status-publish","4":"has-post-thumbnail","6":"product_cat-trukkien-punnitseminen","7":"product_cat-kahvelkarud-fi","9":"first","10":"instock","11":"taxable","12":"shipping-taxable","13":"purchasable","14":"product-type-simple"},"yoast_head":"<!-- This site is optimized with the Yoast SEO plugin v27.3 - https:\/\/yoast.com\/product\/yoast-seo-wordpress\/ -->\n<title>Pumppuk\u00e4rry, jossa paino PL 2000 PU-py\u00f6r\u00e4t, I42001 - Balti Laomeister<\/title>\n<meta name=\"description\" content=\"Trukki on ensimm\u00e4inen apuv\u00e4line kuormalavojen siirt\u00e4miseen. Trukilla siirr\u00e4t tavaroita ja materiaaleja ahtaissa tiloissa ja lyhyill\u00e4 matkoilla.\" \/>\n<meta name=\"robots\" content=\"index, follow, max-snippet:-1, max-image-preview:large, max-video-preview:-1\" \/>\n<link rel=\"canonical\" href=\"https:\/\/www.laomeister.com\/fi\/toode\/pumptostuk-kaaluga-pl-2000-pu-rattad\/\" \/>\n<meta property=\"og:locale\" content=\"fi_FI\" \/>\n<meta property=\"og:type\" content=\"article\" \/>\n<meta property=\"og:title\" content=\"Pumppuk\u00e4rry, jossa paino PL 2000 PU-py\u00f6r\u00e4t, I42001 - Balti Laomeister\" \/>\n<meta property=\"og:description\" content=\"Trukki on ensimm\u00e4inen apuv\u00e4line kuormalavojen siirt\u00e4miseen. Trukilla siirr\u00e4t tavaroita ja materiaaleja ahtaissa tiloissa ja lyhyill\u00e4 matkoilla.\" \/>\n<meta property=\"og:url\" content=\"https:\/\/www.laomeister.com\/fi\/toode\/pumptostuk-kaaluga-pl-2000-pu-rattad\/\" \/>\n<meta property=\"og:site_name\" content=\"Balti Laomeister\" \/>\n<meta property=\"article:modified_time\" content=\"2024-07-03T06:26:55+00:00\" \/>\n<meta property=\"og:image\" content=\"https:\/\/www.laomeister.com\/wp-content\/uploads\/2020\/12\/extrabilder6252_large-1.jpg\" \/>\n\t<meta property=\"og:image:width\" content=\"800\" \/>\n\t<meta property=\"og:image:height\" content=\"449\" \/>\n\t<meta property=\"og:image:type\" content=\"image\/jpeg\" \/>\n<meta name=\"twitter:card\" content=\"summary_large_image\" \/>\n<script type=\"application\/ld+json\" class=\"yoast-schema-graph\">{\"@context\":\"https:\\\/\\\/schema.org\",\"@graph\":[{\"@type\":\"WebPage\",\"@id\":\"https:\\\/\\\/www.laomeister.com\\\/fi\\\/toode\\\/pumptostuk-kaaluga-pl-2000-pu-rattad\\\/\",\"url\":\"https:\\\/\\\/www.laomeister.com\\\/fi\\\/toode\\\/pumptostuk-kaaluga-pl-2000-pu-rattad\\\/\",\"name\":\"Pumppuk\u00e4rry, jossa paino PL 2000 PU-py\u00f6r\u00e4t, I42001 - Balti Laomeister\",\"isPartOf\":{\"@id\":\"https:\\\/\\\/www.laomeister.com\\\/fi\\\/#website\"},\"primaryImageOfPage\":{\"@id\":\"https:\\\/\\\/www.laomeister.com\\\/fi\\\/toode\\\/pumptostuk-kaaluga-pl-2000-pu-rattad\\\/#primaryimage\"},\"image\":{\"@id\":\"https:\\\/\\\/www.laomeister.com\\\/fi\\\/toode\\\/pumptostuk-kaaluga-pl-2000-pu-rattad\\\/#primaryimage\"},\"thumbnailUrl\":\"https:\\\/\\\/www.laomeister.com\\\/wp-content\\\/uploads\\\/2020\\\/12\\\/extrabilder6252_large-1.jpg\",\"datePublished\":\"2020-12-18T09:27:45+00:00\",\"dateModified\":\"2024-07-03T06:26:55+00:00\",\"description\":\"Trukki on ensimm\u00e4inen apuv\u00e4line kuormalavojen siirt\u00e4miseen. Trukilla siirr\u00e4t tavaroita ja materiaaleja ahtaissa tiloissa ja lyhyill\u00e4 matkoilla.\",\"breadcrumb\":{\"@id\":\"https:\\\/\\\/www.laomeister.com\\\/fi\\\/toode\\\/pumptostuk-kaaluga-pl-2000-pu-rattad\\\/#breadcrumb\"},\"inLanguage\":\"fi\",\"potentialAction\":[{\"@type\":\"ReadAction\",\"target\":[\"https:\\\/\\\/www.laomeister.com\\\/fi\\\/toode\\\/pumptostuk-kaaluga-pl-2000-pu-rattad\\\/\"]}]},{\"@type\":\"ImageObject\",\"inLanguage\":\"fi\",\"@id\":\"https:\\\/\\\/www.laomeister.com\\\/fi\\\/toode\\\/pumptostuk-kaaluga-pl-2000-pu-rattad\\\/#primaryimage\",\"url\":\"https:\\\/\\\/www.laomeister.com\\\/wp-content\\\/uploads\\\/2020\\\/12\\\/extrabilder6252_large-1.jpg\",\"contentUrl\":\"https:\\\/\\\/www.laomeister.com\\\/wp-content\\\/uploads\\\/2020\\\/12\\\/extrabilder6252_large-1.jpg\",\"width\":800,\"height\":449},{\"@type\":\"BreadcrumbList\",\"@id\":\"https:\\\/\\\/www.laomeister.com\\\/fi\\\/toode\\\/pumptostuk-kaaluga-pl-2000-pu-rattad\\\/#breadcrumb\",\"itemListElement\":[{\"@type\":\"ListItem\",\"position\":1,\"name\":\"Home\",\"item\":\"https:\\\/\\\/www.laomeister.com\\\/fi\\\/\"},{\"@type\":\"ListItem\",\"position\":2,\"name\":\"Tuotteet\",\"item\":\"https:\\\/\\\/www.laomeister.com\\\/fi\\\/tuotteet\\\/\"},{\"@type\":\"ListItem\",\"position\":3,\"name\":\"Pumppuk\u00e4rry, jossa paino PL 2000 PU-py\u00f6r\u00e4t, I42001\"}]},{\"@type\":\"WebSite\",\"@id\":\"https:\\\/\\\/www.laomeister.com\\\/fi\\\/#website\",\"url\":\"https:\\\/\\\/www.laomeister.com\\\/fi\\\/\",\"name\":\"Balti Laomeister\",\"description\":\"Laoriiulid - m&uuml;&uuml;k ja paigaldus\",\"potentialAction\":[{\"@type\":\"SearchAction\",\"target\":{\"@type\":\"EntryPoint\",\"urlTemplate\":\"https:\\\/\\\/www.laomeister.com\\\/fi\\\/?s={search_term_string}\"},\"query-input\":{\"@type\":\"PropertyValueSpecification\",\"valueRequired\":true,\"valueName\":\"search_term_string\"}}],\"inLanguage\":\"fi\"}]}<\/script>\n<!-- \/ Yoast SEO plugin. -->","yoast_head_json":{"title":"Pumppuk\u00e4rry, jossa paino PL 2000 PU-py\u00f6r\u00e4t, I42001 - Balti Laomeister","description":"Trukki on ensimm\u00e4inen apuv\u00e4line kuormalavojen siirt\u00e4miseen. Trukilla siirr\u00e4t tavaroita ja materiaaleja ahtaissa tiloissa ja lyhyill\u00e4 matkoilla.","robots":{"index":"index","follow":"follow","max-snippet":"max-snippet:-1","max-image-preview":"max-image-preview:large","max-video-preview":"max-video-preview:-1"},"canonical":"https:\/\/www.laomeister.com\/fi\/toode\/pumptostuk-kaaluga-pl-2000-pu-rattad\/","og_locale":"fi_FI","og_type":"article","og_title":"Pumppuk\u00e4rry, jossa paino PL 2000 PU-py\u00f6r\u00e4t, I42001 - Balti Laomeister","og_description":"Trukki on ensimm\u00e4inen apuv\u00e4line kuormalavojen siirt\u00e4miseen. Trukilla siirr\u00e4t tavaroita ja materiaaleja ahtaissa tiloissa ja lyhyill\u00e4 matkoilla.","og_url":"https:\/\/www.laomeister.com\/fi\/toode\/pumptostuk-kaaluga-pl-2000-pu-rattad\/","og_site_name":"Balti Laomeister","article_modified_time":"2024-07-03T06:26:55+00:00","og_image":[{"width":800,"height":449,"url":"https:\/\/www.laomeister.com\/wp-content\/uploads\/2020\/12\/extrabilder6252_large-1.jpg","type":"image\/jpeg"}],"twitter_card":"summary_large_image","schema":{"@context":"https:\/\/schema.org","@graph":[{"@type":"WebPage","@id":"https:\/\/www.laomeister.com\/fi\/toode\/pumptostuk-kaaluga-pl-2000-pu-rattad\/","url":"https:\/\/www.laomeister.com\/fi\/toode\/pumptostuk-kaaluga-pl-2000-pu-rattad\/","name":"Pumppuk\u00e4rry, jossa paino PL 2000 PU-py\u00f6r\u00e4t, I42001 - Balti Laomeister","isPartOf":{"@id":"https:\/\/www.laomeister.com\/fi\/#website"},"primaryImageOfPage":{"@id":"https:\/\/www.laomeister.com\/fi\/toode\/pumptostuk-kaaluga-pl-2000-pu-rattad\/#primaryimage"},"image":{"@id":"https:\/\/www.laomeister.com\/fi\/toode\/pumptostuk-kaaluga-pl-2000-pu-rattad\/#primaryimage"},"thumbnailUrl":"https:\/\/www.laomeister.com\/wp-content\/uploads\/2020\/12\/extrabilder6252_large-1.jpg","datePublished":"2020-12-18T09:27:45+00:00","dateModified":"2024-07-03T06:26:55+00:00","description":"Trukki on ensimm\u00e4inen apuv\u00e4line kuormalavojen siirt\u00e4miseen. Trukilla siirr\u00e4t tavaroita ja materiaaleja ahtaissa tiloissa ja lyhyill\u00e4 matkoilla.","breadcrumb":{"@id":"https:\/\/www.laomeister.com\/fi\/toode\/pumptostuk-kaaluga-pl-2000-pu-rattad\/#breadcrumb"},"inLanguage":"fi","potentialAction":[{"@type":"ReadAction","target":["https:\/\/www.laomeister.com\/fi\/toode\/pumptostuk-kaaluga-pl-2000-pu-rattad\/"]}]},{"@type":"ImageObject","inLanguage":"fi","@id":"https:\/\/www.laomeister.com\/fi\/toode\/pumptostuk-kaaluga-pl-2000-pu-rattad\/#primaryimage","url":"https:\/\/www.laomeister.com\/wp-content\/uploads\/2020\/12\/extrabilder6252_large-1.jpg","contentUrl":"https:\/\/www.laomeister.com\/wp-content\/uploads\/2020\/12\/extrabilder6252_large-1.jpg","width":800,"height":449},{"@type":"BreadcrumbList","@id":"https:\/\/www.laomeister.com\/fi\/toode\/pumptostuk-kaaluga-pl-2000-pu-rattad\/#breadcrumb","itemListElement":[{"@type":"ListItem","position":1,"name":"Home","item":"https:\/\/www.laomeister.com\/fi\/"},{"@type":"ListItem","position":2,"name":"Tuotteet","item":"https:\/\/www.laomeister.com\/fi\/tuotteet\/"},{"@type":"ListItem","position":3,"name":"Pumppuk\u00e4rry, jossa paino PL 2000 PU-py\u00f6r\u00e4t, I42001"}]},{"@type":"WebSite","@id":"https:\/\/www.laomeister.com\/fi\/#website","url":"https:\/\/www.laomeister.com\/fi\/","name":"Balti Laomeister","description":"Laoriiulid - m&uuml;&uuml;k ja paigaldus","potentialAction":[{"@type":"SearchAction","target":{"@type":"EntryPoint","urlTemplate":"https:\/\/www.laomeister.com\/fi\/?s={search_term_string}"},"query-input":{"@type":"PropertyValueSpecification","valueRequired":true,"valueName":"search_term_string"}}],"inLanguage":"fi"}]}},"_links":{"self":[{"href":"https:\/\/www.laomeister.com\/fi\/wp-json\/wp\/v2\/product\/15473","targetHints":{"allow":["GET"]}}],"collection":[{"href":"https:\/\/www.laomeister.com\/fi\/wp-json\/wp\/v2\/product"}],"about":[{"href":"https:\/\/www.laomeister.com\/fi\/wp-json\/wp\/v2\/types\/product"}],"wp:featuredmedia":[{"embeddable":true,"href":"https:\/\/www.laomeister.com\/fi\/wp-json\/wp\/v2\/media\/15497"}],"wp:attachment":[{"href":"https:\/\/www.laomeister.com\/fi\/wp-json\/wp\/v2\/media?parent=15473"}],"wp:term":[{"taxonomy":"product_brand","embeddable":true,"href":"https:\/\/www.laomeister.com\/fi\/wp-json\/wp\/v2\/product_brand?post=15473"},{"taxonomy":"product_cat","embeddable":true,"href":"https:\/\/www.laomeister.com\/fi\/wp-json\/wp\/v2\/product_cat?post=15473"},{"taxonomy":"product_tag","embeddable":true,"href":"https:\/\/www.laomeister.com\/fi\/wp-json\/wp\/v2\/product_tag?post=15473"}],"curies":[{"name":"wp","href":"https:\/\/api.w.org\/{rel}","templated":true}]}}