{"id":14943,"date":"2020-10-19T17:43:37","date_gmt":"2020-10-19T14:43:37","guid":{"rendered":"https:\/\/www.laomeister.com\/?post_type=product&#038;p=14943"},"modified":"2024-07-03T09:26:52","modified_gmt":"2024-07-03T06:26:52","slug":"rengashyllyn-perusosa-3000-x-2300-x-400-mm","status":"publish","type":"product","link":"https:\/\/www.laomeister.com\/fi\/toode\/rengashyllyn-perusosa-3000-x-2300-x-400-mm\/","title":{"rendered":"Rengastelineen pohja, 3000 x 2300 x 400mm."},"content":{"rendered":"","protected":false},"excerpt":{"rendered":"<p><strong>Korkeus: 3000 <\/strong>mm <strong>Leveys: 2300<\/strong> mm <strong>Syvyys: 400<\/strong> mm<\/p>\n<p><strong>Rengastelineen p\u00e4\u00e4osassa on:<\/strong><\/p>\n<p><strong>Ulkokehys: <\/strong> 3000 x 400 mm &#8211; 2 kpl;<br \/>\n<strong>Tukipalkki:<\/strong> 2300 mm 8 kpl ( 4 tasoa )<\/p>\n<p>&nbsp;<\/p>\n<p>Saatavana korkeus 2000, 2500, 3000, 4500 ja 6000 mm, ja jos sit\u00e4 k\u00e4ytet\u00e4\u00e4n rengastelineen\u00e4, sen vakiosyvyys on 400 tai 500 mm, mutta jos sit\u00e4 k\u00e4ytet\u00e4\u00e4n ruhotelineen\u00e4, sen syvyys voi olla my\u00f6s 600, 800 tai jopa 1200 mm. Talven pituudet ovat 1500, 1850, 2300 ja 2750 mm. Jos olet kiinnostunut, kysy lis\u00e4tietoja!<\/p>\n<p>&nbsp;<\/p>\n","protected":false},"featured_media":15156,"template":"","meta":[],"product_brand":[],"product_cat":[284,407],"product_tag":[],"class_list":{"0":"post-14943","1":"product","2":"type-product","3":"status-publish","4":"has-post-thumbnail","6":"product_cat-laoriiulid-fi","7":"product_cat-rehviriiulid-fi","9":"first","10":"instock","11":"taxable","12":"shipping-taxable","13":"purchasable","14":"product-type-simple"},"yoast_head":"<!-- This site is optimized with the Yoast SEO plugin v27.3 - https:\/\/yoast.com\/product\/yoast-seo-wordpress\/ -->\n<title>Rengastelineen pohja, 3000 x 2300 x 400mm. - Balti Laomeister<\/title>\n<meta name=\"description\" content=\"Kiistatta luokkansa paras Lao. Kunnollista saksalaista laatua. SSI SCH\u00c4FER on yksi maailman johtavista varastolaitteiden ja automaation toimittajista.\" \/>\n<meta name=\"robots\" content=\"index, follow, max-snippet:-1, max-image-preview:large, max-video-preview:-1\" \/>\n<link rel=\"canonical\" href=\"https:\/\/www.laomeister.com\/fi\/toode\/rengashyllyn-perusosa-3000-x-2300-x-400-mm\/\" \/>\n<meta property=\"og:locale\" content=\"fi_FI\" \/>\n<meta property=\"og:type\" content=\"article\" \/>\n<meta property=\"og:title\" content=\"Rengastelineen pohja, 3000 x 2300 x 400mm. - Balti Laomeister\" \/>\n<meta property=\"og:description\" content=\"Kiistatta luokkansa paras Lao. Kunnollista saksalaista laatua. SSI SCH\u00c4FER on yksi maailman johtavista varastolaitteiden ja automaation toimittajista.\" \/>\n<meta property=\"og:url\" content=\"https:\/\/www.laomeister.com\/fi\/toode\/rengashyllyn-perusosa-3000-x-2300-x-400-mm\/\" \/>\n<meta property=\"og:site_name\" content=\"Balti Laomeister\" \/>\n<meta property=\"article:modified_time\" content=\"2024-07-03T06:26:52+00:00\" \/>\n<meta property=\"og:image\" content=\"https:\/\/www.laomeister.com\/wp-content\/uploads\/2020\/10\/87A8842.jpg\" \/>\n\t<meta property=\"og:image:width\" content=\"683\" \/>\n\t<meta property=\"og:image:height\" content=\"1024\" \/>\n\t<meta property=\"og:image:type\" content=\"image\/jpeg\" \/>\n<meta name=\"twitter:card\" content=\"summary_large_image\" \/>\n<script type=\"application\/ld+json\" class=\"yoast-schema-graph\">{\"@context\":\"https:\\\/\\\/schema.org\",\"@graph\":[{\"@type\":\"WebPage\",\"@id\":\"https:\\\/\\\/www.laomeister.com\\\/fi\\\/toode\\\/rengashyllyn-perusosa-3000-x-2300-x-400-mm\\\/\",\"url\":\"https:\\\/\\\/www.laomeister.com\\\/fi\\\/toode\\\/rengashyllyn-perusosa-3000-x-2300-x-400-mm\\\/\",\"name\":\"Rengastelineen pohja, 3000 x 2300 x 400mm. - Balti Laomeister\",\"isPartOf\":{\"@id\":\"https:\\\/\\\/www.laomeister.com\\\/fi\\\/#website\"},\"primaryImageOfPage\":{\"@id\":\"https:\\\/\\\/www.laomeister.com\\\/fi\\\/toode\\\/rengashyllyn-perusosa-3000-x-2300-x-400-mm\\\/#primaryimage\"},\"image\":{\"@id\":\"https:\\\/\\\/www.laomeister.com\\\/fi\\\/toode\\\/rengashyllyn-perusosa-3000-x-2300-x-400-mm\\\/#primaryimage\"},\"thumbnailUrl\":\"https:\\\/\\\/www.laomeister.com\\\/wp-content\\\/uploads\\\/2020\\\/10\\\/87A8842.jpg\",\"datePublished\":\"2020-10-19T14:43:37+00:00\",\"dateModified\":\"2024-07-03T06:26:52+00:00\",\"description\":\"Kiistatta luokkansa paras Lao. Kunnollista saksalaista laatua. SSI SCH\u00c4FER on yksi maailman johtavista varastolaitteiden ja automaation toimittajista.\",\"breadcrumb\":{\"@id\":\"https:\\\/\\\/www.laomeister.com\\\/fi\\\/toode\\\/rengashyllyn-perusosa-3000-x-2300-x-400-mm\\\/#breadcrumb\"},\"inLanguage\":\"fi\",\"potentialAction\":[{\"@type\":\"ReadAction\",\"target\":[\"https:\\\/\\\/www.laomeister.com\\\/fi\\\/toode\\\/rengashyllyn-perusosa-3000-x-2300-x-400-mm\\\/\"]}]},{\"@type\":\"ImageObject\",\"inLanguage\":\"fi\",\"@id\":\"https:\\\/\\\/www.laomeister.com\\\/fi\\\/toode\\\/rengashyllyn-perusosa-3000-x-2300-x-400-mm\\\/#primaryimage\",\"url\":\"https:\\\/\\\/www.laomeister.com\\\/wp-content\\\/uploads\\\/2020\\\/10\\\/87A8842.jpg\",\"contentUrl\":\"https:\\\/\\\/www.laomeister.com\\\/wp-content\\\/uploads\\\/2020\\\/10\\\/87A8842.jpg\",\"width\":683,\"height\":1024,\"caption\":\"Rehviriiul\"},{\"@type\":\"BreadcrumbList\",\"@id\":\"https:\\\/\\\/www.laomeister.com\\\/fi\\\/toode\\\/rengashyllyn-perusosa-3000-x-2300-x-400-mm\\\/#breadcrumb\",\"itemListElement\":[{\"@type\":\"ListItem\",\"position\":1,\"name\":\"Home\",\"item\":\"https:\\\/\\\/www.laomeister.com\\\/fi\\\/\"},{\"@type\":\"ListItem\",\"position\":2,\"name\":\"Tuotteet\",\"item\":\"https:\\\/\\\/www.laomeister.com\\\/fi\\\/tuotteet\\\/\"},{\"@type\":\"ListItem\",\"position\":3,\"name\":\"Rengastelineen pohja, 3000 x 2300 x 400mm.\"}]},{\"@type\":\"WebSite\",\"@id\":\"https:\\\/\\\/www.laomeister.com\\\/fi\\\/#website\",\"url\":\"https:\\\/\\\/www.laomeister.com\\\/fi\\\/\",\"name\":\"Balti Laomeister\",\"description\":\"Laoriiulid - m&uuml;&uuml;k ja paigaldus\",\"potentialAction\":[{\"@type\":\"SearchAction\",\"target\":{\"@type\":\"EntryPoint\",\"urlTemplate\":\"https:\\\/\\\/www.laomeister.com\\\/fi\\\/?s={search_term_string}\"},\"query-input\":{\"@type\":\"PropertyValueSpecification\",\"valueRequired\":true,\"valueName\":\"search_term_string\"}}],\"inLanguage\":\"fi\"}]}<\/script>\n<!-- \/ Yoast SEO plugin. -->","yoast_head_json":{"title":"Rengastelineen pohja, 3000 x 2300 x 400mm. - Balti Laomeister","description":"Kiistatta luokkansa paras Lao. Kunnollista saksalaista laatua. SSI SCH\u00c4FER on yksi maailman johtavista varastolaitteiden ja automaation toimittajista.","robots":{"index":"index","follow":"follow","max-snippet":"max-snippet:-1","max-image-preview":"max-image-preview:large","max-video-preview":"max-video-preview:-1"},"canonical":"https:\/\/www.laomeister.com\/fi\/toode\/rengashyllyn-perusosa-3000-x-2300-x-400-mm\/","og_locale":"fi_FI","og_type":"article","og_title":"Rengastelineen pohja, 3000 x 2300 x 400mm. - Balti Laomeister","og_description":"Kiistatta luokkansa paras Lao. Kunnollista saksalaista laatua. SSI SCH\u00c4FER on yksi maailman johtavista varastolaitteiden ja automaation toimittajista.","og_url":"https:\/\/www.laomeister.com\/fi\/toode\/rengashyllyn-perusosa-3000-x-2300-x-400-mm\/","og_site_name":"Balti Laomeister","article_modified_time":"2024-07-03T06:26:52+00:00","og_image":[{"width":683,"height":1024,"url":"https:\/\/www.laomeister.com\/wp-content\/uploads\/2020\/10\/87A8842.jpg","type":"image\/jpeg"}],"twitter_card":"summary_large_image","schema":{"@context":"https:\/\/schema.org","@graph":[{"@type":"WebPage","@id":"https:\/\/www.laomeister.com\/fi\/toode\/rengashyllyn-perusosa-3000-x-2300-x-400-mm\/","url":"https:\/\/www.laomeister.com\/fi\/toode\/rengashyllyn-perusosa-3000-x-2300-x-400-mm\/","name":"Rengastelineen pohja, 3000 x 2300 x 400mm. - Balti Laomeister","isPartOf":{"@id":"https:\/\/www.laomeister.com\/fi\/#website"},"primaryImageOfPage":{"@id":"https:\/\/www.laomeister.com\/fi\/toode\/rengashyllyn-perusosa-3000-x-2300-x-400-mm\/#primaryimage"},"image":{"@id":"https:\/\/www.laomeister.com\/fi\/toode\/rengashyllyn-perusosa-3000-x-2300-x-400-mm\/#primaryimage"},"thumbnailUrl":"https:\/\/www.laomeister.com\/wp-content\/uploads\/2020\/10\/87A8842.jpg","datePublished":"2020-10-19T14:43:37+00:00","dateModified":"2024-07-03T06:26:52+00:00","description":"Kiistatta luokkansa paras Lao. Kunnollista saksalaista laatua. SSI SCH\u00c4FER on yksi maailman johtavista varastolaitteiden ja automaation toimittajista.","breadcrumb":{"@id":"https:\/\/www.laomeister.com\/fi\/toode\/rengashyllyn-perusosa-3000-x-2300-x-400-mm\/#breadcrumb"},"inLanguage":"fi","potentialAction":[{"@type":"ReadAction","target":["https:\/\/www.laomeister.com\/fi\/toode\/rengashyllyn-perusosa-3000-x-2300-x-400-mm\/"]}]},{"@type":"ImageObject","inLanguage":"fi","@id":"https:\/\/www.laomeister.com\/fi\/toode\/rengashyllyn-perusosa-3000-x-2300-x-400-mm\/#primaryimage","url":"https:\/\/www.laomeister.com\/wp-content\/uploads\/2020\/10\/87A8842.jpg","contentUrl":"https:\/\/www.laomeister.com\/wp-content\/uploads\/2020\/10\/87A8842.jpg","width":683,"height":1024,"caption":"Rehviriiul"},{"@type":"BreadcrumbList","@id":"https:\/\/www.laomeister.com\/fi\/toode\/rengashyllyn-perusosa-3000-x-2300-x-400-mm\/#breadcrumb","itemListElement":[{"@type":"ListItem","position":1,"name":"Home","item":"https:\/\/www.laomeister.com\/fi\/"},{"@type":"ListItem","position":2,"name":"Tuotteet","item":"https:\/\/www.laomeister.com\/fi\/tuotteet\/"},{"@type":"ListItem","position":3,"name":"Rengastelineen pohja, 3000 x 2300 x 400mm."}]},{"@type":"WebSite","@id":"https:\/\/www.laomeister.com\/fi\/#website","url":"https:\/\/www.laomeister.com\/fi\/","name":"Balti Laomeister","description":"Laoriiulid - m&uuml;&uuml;k ja paigaldus","potentialAction":[{"@type":"SearchAction","target":{"@type":"EntryPoint","urlTemplate":"https:\/\/www.laomeister.com\/fi\/?s={search_term_string}"},"query-input":{"@type":"PropertyValueSpecification","valueRequired":true,"valueName":"search_term_string"}}],"inLanguage":"fi"}]}},"_links":{"self":[{"href":"https:\/\/www.laomeister.com\/fi\/wp-json\/wp\/v2\/product\/14943","targetHints":{"allow":["GET"]}}],"collection":[{"href":"https:\/\/www.laomeister.com\/fi\/wp-json\/wp\/v2\/product"}],"about":[{"href":"https:\/\/www.laomeister.com\/fi\/wp-json\/wp\/v2\/types\/product"}],"wp:featuredmedia":[{"embeddable":true,"href":"https:\/\/www.laomeister.com\/fi\/wp-json\/wp\/v2\/media\/15156"}],"wp:attachment":[{"href":"https:\/\/www.laomeister.com\/fi\/wp-json\/wp\/v2\/media?parent=14943"}],"wp:term":[{"taxonomy":"product_brand","embeddable":true,"href":"https:\/\/www.laomeister.com\/fi\/wp-json\/wp\/v2\/product_brand?post=14943"},{"taxonomy":"product_cat","embeddable":true,"href":"https:\/\/www.laomeister.com\/fi\/wp-json\/wp\/v2\/product_cat?post=14943"},{"taxonomy":"product_tag","embeddable":true,"href":"https:\/\/www.laomeister.com\/fi\/wp-json\/wp\/v2\/product_tag?post=14943"}],"curies":[{"name":"wp","href":"https:\/\/api.w.org\/{rel}","templated":true}]}}