{"id":14882,"date":"2020-10-14T07:26:44","date_gmt":"2020-10-14T04:26:44","guid":{"rendered":"https:\/\/www.laomeister.com\/?post_type=product&#038;p=14882"},"modified":"2024-07-03T09:26:54","modified_gmt":"2024-07-03T06:26:54","slug":"toolaud-1600x700-mm-2-sahtliboksiga","status":"publish","type":"product","link":"https:\/\/www.laomeister.com\/fi\/toode\/toolaud-1600x700-mm-2-sahtliboksiga\/","title":{"rendered":"P\u00f6yt\u00e4 1600&#215;700 mm kahdella laatikostolla varustettuna"},"content":{"rendered":"","protected":false},"excerpt":{"rendered":"<p>W-sarjan metalliset lukkosep\u00e4n (puusep\u00e4n) ty\u00f6p\u00f6yd\u00e4t on suunniteltu helpottamaan ty\u00f6pisteiden j\u00e4rjest\u00e4mist\u00e4 teollisuudessa, oppilaitoksissa, ty\u00f6pajoissa ja autotalleissa. Ty\u00f6tason yl\u00e4pinta on valmistettu 24 mm paksusta MDF-levyst\u00e4<em>(keskitihe\u00e4 kuitulevy <\/em>), joka on p\u00e4\u00e4llystetty 1,2 mm:n galvanoidulla metallilevyll\u00e4.<\/p>\n<p>Ty\u00f6tasossa on kaksi laatikostoa, joissa on 5 laatikkoa ja teleskooppikiskot. Kunkin laatikon kantavuus on 30 kg. Laatikoiden laatikot on varustettu avainlukoilla, joilla voidaan lukita kaikki laatikon laatikot kerralla.<\/p>\n<p>Lis\u00e4ksi ty\u00f6p\u00f6yt\u00e4 voidaan varustaa oikean kokoisella reik\u00e4levyll\u00e4, LED-valaistuksella ja ty\u00f6kalupidikkeill\u00e4. Kysy lis\u00e4\u00e4!<\/p>\n<p><strong>Pituus<\/strong> &#8211; 1600 mm<br \/>\n<strong>Leveys<\/strong> &#8211; 700 mm<br \/>\n<strong>Korkeus<\/strong> &#8211; 866 mm<br \/>\n<strong>Materiaali<\/strong> &#8211; MDF-levy (24 mm) ja sinkitty metallilevy (1,2 mm).<br \/>\n<strong>V\u00e4ri<\/strong> &#8211; p\u00f6yt\u00e4levy harmaata akaattia (RAL 7038), kaapin ovi ultramariininpunainen (RAL 5002). Jauhemaalattu<br \/>\n<strong>Paino<\/strong> &#8211; 80 kg<br \/>\n<strong>Suurin kantavuus<\/strong> &#8211; 1000 kg<br \/>\n<strong>Laatikon kantavuus<\/strong> &#8211; 30 kg<br \/>\n<strong>Lukkotyyppi<\/strong> &#8211; avain<\/p>\n<p><strong>Setti sis\u00e4lt\u00e4\u00e4:<\/strong><br \/>\nTy\u00f6p\u00f6yt\u00e4 WT-120 &#8211; 1 kpl<br \/>\nLaatikosto WD-5 &#8211; 2 kpl<br \/>\nTuki PROFI WF-1 &#8211; 1 kpl<br \/>\nHylly ja sein\u00e4 WSh-120\/2 &#8211; 1 kpl.<\/p>\n<p>Tuotteen v\u00e4ri voi poiketa kuvasta.<br \/>\nTuote toimitetaan pakkaamattomana.<\/p>\n","protected":false},"featured_media":14887,"template":"","meta":[],"product_brand":[],"product_cat":[276,282,690],"product_tag":[],"class_list":{"0":"post-14882","1":"product","2":"type-product","3":"status-publish","4":"has-post-thumbnail","6":"product_cat-laomoobel-fi","7":"product_cat-toolauad-fi","8":"product_cat-tyopoydat-jopa-1000-kg-kantavuus","10":"first","11":"instock","12":"sale","13":"taxable","14":"shipping-taxable","15":"purchasable","16":"product-type-simple"},"yoast_head":"<!-- This site is optimized with the Yoast SEO plugin v27.3 - https:\/\/yoast.com\/product\/yoast-seo-wordpress\/ -->\n<title>P\u00f6yt\u00e4 1600x700 mm kahdella laatikostolla varustettuna - Balti Laomeister<\/title>\n<meta name=\"description\" content=\"Ty\u00f6p\u00f6yt\u00e4 2000x800mm, jossa on laatikot, metallikansi ja s\u00e4\u00e4dett\u00e4v\u00e4 korkeus.\" \/>\n<meta name=\"robots\" content=\"index, follow, max-snippet:-1, max-image-preview:large, max-video-preview:-1\" \/>\n<link rel=\"canonical\" href=\"https:\/\/www.laomeister.com\/fi\/toode\/toolaud-1600x700-mm-2-sahtliboksiga\/\" \/>\n<meta property=\"og:locale\" content=\"fi_FI\" \/>\n<meta property=\"og:type\" content=\"article\" \/>\n<meta property=\"og:title\" content=\"P\u00f6yt\u00e4 1600x700 mm kahdella laatikostolla varustettuna - Balti Laomeister\" \/>\n<meta property=\"og:description\" content=\"Ty\u00f6p\u00f6yt\u00e4 2000x800mm, jossa on laatikot, metallikansi ja s\u00e4\u00e4dett\u00e4v\u00e4 korkeus.\" \/>\n<meta property=\"og:url\" content=\"https:\/\/www.laomeister.com\/fi\/toode\/toolaud-1600x700-mm-2-sahtliboksiga\/\" \/>\n<meta property=\"og:site_name\" content=\"Balti Laomeister\" \/>\n<meta property=\"article:modified_time\" content=\"2024-07-03T06:26:54+00:00\" \/>\n<meta property=\"og:image\" content=\"https:\/\/www.laomeister.com\/wp-content\/uploads\/2020\/10\/WT160_WD5_WD5_000.jpg\" \/>\n\t<meta property=\"og:image:width\" content=\"1024\" \/>\n\t<meta property=\"og:image:height\" content=\"768\" \/>\n\t<meta property=\"og:image:type\" content=\"image\/jpeg\" \/>\n<meta name=\"twitter:card\" content=\"summary_large_image\" \/>\n<script type=\"application\/ld+json\" class=\"yoast-schema-graph\">{\"@context\":\"https:\\\/\\\/schema.org\",\"@graph\":[{\"@type\":\"WebPage\",\"@id\":\"https:\\\/\\\/www.laomeister.com\\\/fi\\\/toode\\\/toolaud-1600x700-mm-2-sahtliboksiga\\\/\",\"url\":\"https:\\\/\\\/www.laomeister.com\\\/fi\\\/toode\\\/toolaud-1600x700-mm-2-sahtliboksiga\\\/\",\"name\":\"P\u00f6yt\u00e4 1600x700 mm kahdella laatikostolla varustettuna - Balti Laomeister\",\"isPartOf\":{\"@id\":\"https:\\\/\\\/www.laomeister.com\\\/fi\\\/#website\"},\"primaryImageOfPage\":{\"@id\":\"https:\\\/\\\/www.laomeister.com\\\/fi\\\/toode\\\/toolaud-1600x700-mm-2-sahtliboksiga\\\/#primaryimage\"},\"image\":{\"@id\":\"https:\\\/\\\/www.laomeister.com\\\/fi\\\/toode\\\/toolaud-1600x700-mm-2-sahtliboksiga\\\/#primaryimage\"},\"thumbnailUrl\":\"https:\\\/\\\/www.laomeister.com\\\/wp-content\\\/uploads\\\/2020\\\/10\\\/WT160_WD5_WD5_000.jpg\",\"datePublished\":\"2020-10-14T04:26:44+00:00\",\"dateModified\":\"2024-07-03T06:26:54+00:00\",\"description\":\"Ty\u00f6p\u00f6yt\u00e4 2000x800mm, jossa on laatikot, metallikansi ja s\u00e4\u00e4dett\u00e4v\u00e4 korkeus.\",\"breadcrumb\":{\"@id\":\"https:\\\/\\\/www.laomeister.com\\\/fi\\\/toode\\\/toolaud-1600x700-mm-2-sahtliboksiga\\\/#breadcrumb\"},\"inLanguage\":\"fi\",\"potentialAction\":[{\"@type\":\"ReadAction\",\"target\":[\"https:\\\/\\\/www.laomeister.com\\\/fi\\\/toode\\\/toolaud-1600x700-mm-2-sahtliboksiga\\\/\"]}]},{\"@type\":\"ImageObject\",\"inLanguage\":\"fi\",\"@id\":\"https:\\\/\\\/www.laomeister.com\\\/fi\\\/toode\\\/toolaud-1600x700-mm-2-sahtliboksiga\\\/#primaryimage\",\"url\":\"https:\\\/\\\/www.laomeister.com\\\/wp-content\\\/uploads\\\/2020\\\/10\\\/WT160_WD5_WD5_000.jpg\",\"contentUrl\":\"https:\\\/\\\/www.laomeister.com\\\/wp-content\\\/uploads\\\/2020\\\/10\\\/WT160_WD5_WD5_000.jpg\",\"width\":1024,\"height\":768},{\"@type\":\"BreadcrumbList\",\"@id\":\"https:\\\/\\\/www.laomeister.com\\\/fi\\\/toode\\\/toolaud-1600x700-mm-2-sahtliboksiga\\\/#breadcrumb\",\"itemListElement\":[{\"@type\":\"ListItem\",\"position\":1,\"name\":\"Home\",\"item\":\"https:\\\/\\\/www.laomeister.com\\\/fi\\\/\"},{\"@type\":\"ListItem\",\"position\":2,\"name\":\"Tuotteet\",\"item\":\"https:\\\/\\\/www.laomeister.com\\\/fi\\\/tuotteet\\\/\"},{\"@type\":\"ListItem\",\"position\":3,\"name\":\"P\u00f6yt\u00e4 1600&#215;700 mm kahdella laatikostolla varustettuna\"}]},{\"@type\":\"WebSite\",\"@id\":\"https:\\\/\\\/www.laomeister.com\\\/fi\\\/#website\",\"url\":\"https:\\\/\\\/www.laomeister.com\\\/fi\\\/\",\"name\":\"Balti Laomeister\",\"description\":\"Laoriiulid - m&uuml;&uuml;k ja paigaldus\",\"potentialAction\":[{\"@type\":\"SearchAction\",\"target\":{\"@type\":\"EntryPoint\",\"urlTemplate\":\"https:\\\/\\\/www.laomeister.com\\\/fi\\\/?s={search_term_string}\"},\"query-input\":{\"@type\":\"PropertyValueSpecification\",\"valueRequired\":true,\"valueName\":\"search_term_string\"}}],\"inLanguage\":\"fi\"}]}<\/script>\n<!-- \/ Yoast SEO plugin. -->","yoast_head_json":{"title":"P\u00f6yt\u00e4 1600x700 mm kahdella laatikostolla varustettuna - Balti Laomeister","description":"Ty\u00f6p\u00f6yt\u00e4 2000x800mm, jossa on laatikot, metallikansi ja s\u00e4\u00e4dett\u00e4v\u00e4 korkeus.","robots":{"index":"index","follow":"follow","max-snippet":"max-snippet:-1","max-image-preview":"max-image-preview:large","max-video-preview":"max-video-preview:-1"},"canonical":"https:\/\/www.laomeister.com\/fi\/toode\/toolaud-1600x700-mm-2-sahtliboksiga\/","og_locale":"fi_FI","og_type":"article","og_title":"P\u00f6yt\u00e4 1600x700 mm kahdella laatikostolla varustettuna - Balti Laomeister","og_description":"Ty\u00f6p\u00f6yt\u00e4 2000x800mm, jossa on laatikot, metallikansi ja s\u00e4\u00e4dett\u00e4v\u00e4 korkeus.","og_url":"https:\/\/www.laomeister.com\/fi\/toode\/toolaud-1600x700-mm-2-sahtliboksiga\/","og_site_name":"Balti Laomeister","article_modified_time":"2024-07-03T06:26:54+00:00","og_image":[{"width":1024,"height":768,"url":"https:\/\/www.laomeister.com\/wp-content\/uploads\/2020\/10\/WT160_WD5_WD5_000.jpg","type":"image\/jpeg"}],"twitter_card":"summary_large_image","schema":{"@context":"https:\/\/schema.org","@graph":[{"@type":"WebPage","@id":"https:\/\/www.laomeister.com\/fi\/toode\/toolaud-1600x700-mm-2-sahtliboksiga\/","url":"https:\/\/www.laomeister.com\/fi\/toode\/toolaud-1600x700-mm-2-sahtliboksiga\/","name":"P\u00f6yt\u00e4 1600x700 mm kahdella laatikostolla varustettuna - Balti Laomeister","isPartOf":{"@id":"https:\/\/www.laomeister.com\/fi\/#website"},"primaryImageOfPage":{"@id":"https:\/\/www.laomeister.com\/fi\/toode\/toolaud-1600x700-mm-2-sahtliboksiga\/#primaryimage"},"image":{"@id":"https:\/\/www.laomeister.com\/fi\/toode\/toolaud-1600x700-mm-2-sahtliboksiga\/#primaryimage"},"thumbnailUrl":"https:\/\/www.laomeister.com\/wp-content\/uploads\/2020\/10\/WT160_WD5_WD5_000.jpg","datePublished":"2020-10-14T04:26:44+00:00","dateModified":"2024-07-03T06:26:54+00:00","description":"Ty\u00f6p\u00f6yt\u00e4 2000x800mm, jossa on laatikot, metallikansi ja s\u00e4\u00e4dett\u00e4v\u00e4 korkeus.","breadcrumb":{"@id":"https:\/\/www.laomeister.com\/fi\/toode\/toolaud-1600x700-mm-2-sahtliboksiga\/#breadcrumb"},"inLanguage":"fi","potentialAction":[{"@type":"ReadAction","target":["https:\/\/www.laomeister.com\/fi\/toode\/toolaud-1600x700-mm-2-sahtliboksiga\/"]}]},{"@type":"ImageObject","inLanguage":"fi","@id":"https:\/\/www.laomeister.com\/fi\/toode\/toolaud-1600x700-mm-2-sahtliboksiga\/#primaryimage","url":"https:\/\/www.laomeister.com\/wp-content\/uploads\/2020\/10\/WT160_WD5_WD5_000.jpg","contentUrl":"https:\/\/www.laomeister.com\/wp-content\/uploads\/2020\/10\/WT160_WD5_WD5_000.jpg","width":1024,"height":768},{"@type":"BreadcrumbList","@id":"https:\/\/www.laomeister.com\/fi\/toode\/toolaud-1600x700-mm-2-sahtliboksiga\/#breadcrumb","itemListElement":[{"@type":"ListItem","position":1,"name":"Home","item":"https:\/\/www.laomeister.com\/fi\/"},{"@type":"ListItem","position":2,"name":"Tuotteet","item":"https:\/\/www.laomeister.com\/fi\/tuotteet\/"},{"@type":"ListItem","position":3,"name":"P\u00f6yt\u00e4 1600&#215;700 mm kahdella laatikostolla varustettuna"}]},{"@type":"WebSite","@id":"https:\/\/www.laomeister.com\/fi\/#website","url":"https:\/\/www.laomeister.com\/fi\/","name":"Balti Laomeister","description":"Laoriiulid - m&uuml;&uuml;k ja paigaldus","potentialAction":[{"@type":"SearchAction","target":{"@type":"EntryPoint","urlTemplate":"https:\/\/www.laomeister.com\/fi\/?s={search_term_string}"},"query-input":{"@type":"PropertyValueSpecification","valueRequired":true,"valueName":"search_term_string"}}],"inLanguage":"fi"}]}},"_links":{"self":[{"href":"https:\/\/www.laomeister.com\/fi\/wp-json\/wp\/v2\/product\/14882","targetHints":{"allow":["GET"]}}],"collection":[{"href":"https:\/\/www.laomeister.com\/fi\/wp-json\/wp\/v2\/product"}],"about":[{"href":"https:\/\/www.laomeister.com\/fi\/wp-json\/wp\/v2\/types\/product"}],"wp:featuredmedia":[{"embeddable":true,"href":"https:\/\/www.laomeister.com\/fi\/wp-json\/wp\/v2\/media\/14887"}],"wp:attachment":[{"href":"https:\/\/www.laomeister.com\/fi\/wp-json\/wp\/v2\/media?parent=14882"}],"wp:term":[{"taxonomy":"product_brand","embeddable":true,"href":"https:\/\/www.laomeister.com\/fi\/wp-json\/wp\/v2\/product_brand?post=14882"},{"taxonomy":"product_cat","embeddable":true,"href":"https:\/\/www.laomeister.com\/fi\/wp-json\/wp\/v2\/product_cat?post=14882"},{"taxonomy":"product_tag","embeddable":true,"href":"https:\/\/www.laomeister.com\/fi\/wp-json\/wp\/v2\/product_tag?post=14882"}],"curies":[{"name":"wp","href":"https:\/\/api.w.org\/{rel}","templated":true}]}}